{"id":11606,"date":"2025-06-23T13:51:11","date_gmt":"2025-06-23T13:51:11","guid":{"rendered":"https:\/\/xenonkungen.com\/produkt\/interiorlampa-o80mm-night-svart\/"},"modified":"2026-04-11T00:52:46","modified_gmt":"2026-04-10T23:52:46","slug":"sisavalo-o80mm-yonmusta","status":"publish","type":"product","link":"https:\/\/xenonkungen.com\/fi\/tuote\/sisavalo-o80mm-yonmusta\/","title":{"rendered":"Sis\u00e4valo \u00d880mm | Y\u00f6 | Musta"},"content":{"rendered":"<h1 class=\"title\">LED-sis\u00e4valaisin mustalla kehyksell\u00e4 ja l\u00e4mpim\u00e4n valkoisella valolla<\/h1>\n<p class=\"description\">Innovatiivinen LED-sis\u00e4valo, joka tarjoaa sek\u00e4 l\u00e4mpim\u00e4n valkoisen valon p\u00e4iv\u00e4saikaan ett\u00e4 punaisen y\u00f6valotilan, joka h\u00e4iritsee mahdollisimman v\u00e4h\u00e4n y\u00f6aikaan. T\u00e4ss\u00e4 valaisimessa on painonappi helppoa kytkemist\u00e4 varten ja iskunkest\u00e4v\u00e4 linssi, joten se takaa kest\u00e4vyyden ja r\u00e4\u00e4t\u00e4l\u00f6it\u00e4viss\u00e4 olevan valaistuksen kaikkiin tilanteisiin.<\/p>\n<h2 class=\"subtitle\">Toiminnot ja ominaisuudet:<\/h2>\n<ul>\n<li>Tyylik\u00e4s musta kehys antaa modernin ilmeen.<\/li>\n<li>L\u00e4mpim\u00e4n valkoinen LED antaa kodikkaan valon, jota t\u00e4ydent\u00e4\u00e4 punainen y\u00f6valo.<\/li>\n<li>Helppo k\u00e4ytt\u00e4\u00e4 painikkeella, jolla voit vaihtaa valotilojen v\u00e4lill\u00e4.<\/li>\n<li>360 asteen valonjako kattavaa valaistusta varten.<\/li>\n<li>IP67-luokitus takaa optimaalisen veden- ja p\u00f6lynkest\u00e4vyyden.<\/li>\n<li>Oikosulkusuojaus lis\u00e4\u00e4 turvallisuutta.<\/li>\n<\/ul>\n<h2 class=\"subtitle\">K\u00e4ytt\u00f6alueet:<\/h2>\n<p class=\"usage-text\">Ihanteellinen ajoneuvoihin, koteihin ja ty\u00f6paikoille, joissa tarvitaan joustavaa ja luotettavaa valaistusta.<\/p>\n<h2 class=\"subtitle\">Asennus:<\/h2>\n<p class=\"installation-text\">T\u00e4m\u00e4 valaisin on suunniteltu helposti koottavaksi, ja sen kompaktin koon ja joustavien kiinnitysvaihtoehtojen ansiosta se voidaan asentaa nopeasti erilaisiin ymp\u00e4rist\u00f6ihin.<\/p>","protected":false},"excerpt":{"rendered":"<p>LED Interi\u00f6rlampa med Svart Sarg och Varmvitt Ljus En innovativ LED interi\u00f6rlampa som erbjuder b\u00e5de varmvitt ljus f\u00f6r dagtid och ett r\u00f6tt nattljusl\u00e4ge f\u00f6r minimal st\u00f6rning under nattetid. Utformad med en tryckknapp f\u00f6r enkel omkoppling och en slagt\u00e5lig lins, garanterar denna lampa h\u00e5llbarhet och anpassningsbar belysning f\u00f6r alla situationer. Funktioner och Egenskaper: Elegant svart sarg [&hellip;]<\/p>","protected":false},"featured_media":10827,"comment_status":"closed","ping_status":"closed","template":"","meta":{"_acf_changed":false,"_smort_price_nok":"256","_smort_price_dkk":"163","_smort_price_eur":"21.82","_smort_sale_price_nok":"","_smort_sale_price_dkk":"","_smort_sale_price_eur":"","smort_restorder":"","shipmondo_restorder":"","_kad_blocks_custom_css":"","_kad_blocks_head_custom_js":"","_kad_blocks_body_custom_js":"","_kad_blocks_footer_custom_js":"","smort_custom_pricelist_1":"134.4","smort_custom_pricelist_2":"134.4","smort_custom_pricelist_3":"127.68","smort_custom_pricelist_4":"192","smort_custom_pricelist_5":"134.4"},"anvandningsomrade":[166,238,2816],"bilmarken":[],"product_brand":[1252],"product_cat":[2586],"product_tag":[],"class_list":{"0":"post-11606","1":"product","2":"type-product","3":"status-publish","4":"has-post-thumbnail","6":"anvandningsomrade-lastbil","7":"anvandningsomrade-slap","8":"anvandningsomrade-trailer","9":"product_brand-lea","10":"product_cat-interiorbelysning-slap","11":"pa_fuktskydd-varde-ipxx-ip67","12":"pa_storlek-mm-80x14","13":"pa_stromforbrukning-004a-28v","14":"pa_stromforbrukning-009a-138v","15":"pa_volt-v-159","16":"pa_volt-v-160","18":"first","19":"outofstock","20":"taxable","21":"shipping-taxable","22":"purchasable","23":"product-type-variable"},"bundled_by":[],"bundle_stock_status":"outofstock","bundle_stock_quantity":0,"bundle_virtual":false,"bundle_layout":"","bundle_add_to_cart_form_location":"","bundle_editable_in_cart":false,"bundle_sold_individually_context":"","bundle_item_grouping":"","bundle_min_size":"","bundle_max_size":"","bundle_price":[],"bundled_items":[],"bundle_sell_ids":[],"acf":[],"yoast_head":"<!-- This site is optimized with the Yoast SEO plugin v27.0 - https:\/\/yoast.com\/product\/yoast-seo-wordpress\/ -->\n<title>Interi\u00f6rlampa \u00d880mm | Night | Svart - Xenonkungen<\/title>\n<meta name=\"robots\" content=\"index, follow, max-snippet:-1, max-image-preview:large, max-video-preview:-1\" \/>\n<link rel=\"canonical\" href=\"https:\/\/xenonkungen.com\/fi\/tuote\/sisavalo-o80mm-yonmusta\/\" \/>\n<meta property=\"og:locale\" content=\"fi_FI\" \/>\n<meta property=\"og:type\" content=\"article\" \/>\n<meta property=\"og:title\" content=\"Interi\u00f6rlampa \u00d880mm | Night | Svart - Xenonkungen\" \/>\n<meta property=\"og:description\" content=\"LED Interi\u00f6rlampa med Svart Sarg och Varmvitt Ljus En innovativ LED interi\u00f6rlampa som erbjuder b\u00e5de varmvitt ljus f\u00f6r dagtid och ett r\u00f6tt nattljusl\u00e4ge f\u00f6r minimal st\u00f6rning under nattetid. Utformad med en tryckknapp f\u00f6r enkel omkoppling och en slagt\u00e5lig lins, garanterar denna lampa h\u00e5llbarhet och anpassningsbar belysning f\u00f6r alla situationer. Funktioner och Egenskaper: Elegant svart sarg [&hellip;]\" \/>\n<meta property=\"og:url\" content=\"https:\/\/xenonkungen.com\/fi\/tuote\/sisavalo-o80mm-yonmusta\/\" \/>\n<meta property=\"og:site_name\" content=\"Xenonkungen\" \/>\n<meta property=\"article:modified_time\" content=\"2026-04-10T23:52:46+00:00\" \/>\n<meta property=\"og:image\" content=\"https:\/\/xenonkungen.com\/wp-content\/uploads\/2025\/06\/7338029-origpic-31885c.jpg\" \/>\n\t<meta property=\"og:image:width\" content=\"600\" \/>\n\t<meta property=\"og:image:height\" content=\"600\" \/>\n\t<meta property=\"og:image:type\" content=\"image\/jpeg\" \/>\n<meta name=\"twitter:card\" content=\"summary_large_image\" \/>\n<meta name=\"twitter:label1\" content=\"Arvioitu lukuaika\" \/>\n\t<meta name=\"twitter:data1\" content=\"1 minuutti\" \/>\n<script type=\"application\/ld+json\" class=\"yoast-schema-graph\">{\"@context\":\"https:\/\/schema.org\",\"@graph\":[{\"@type\":\"WebPage\",\"@id\":\"https:\/\/xenonkungen.com\/produkt\/interiorlampa-o80mm-night-svart\/\",\"url\":\"https:\/\/xenonkungen.com\/produkt\/interiorlampa-o80mm-night-svart\/\",\"name\":\"Interi\u00f6rlampa \u00d880mm | Night | Svart - Xenonkungen\",\"isPartOf\":{\"@id\":\"https:\/\/xenonkungen.com\/#website\"},\"primaryImageOfPage\":{\"@id\":\"https:\/\/xenonkungen.com\/produkt\/interiorlampa-o80mm-night-svart\/#primaryimage\"},\"image\":{\"@id\":\"https:\/\/xenonkungen.com\/produkt\/interiorlampa-o80mm-night-svart\/#primaryimage\"},\"thumbnailUrl\":\"https:\/\/xenonkungen.com\/wp-content\/uploads\/2025\/06\/7338029-origpic-31885c.jpg\",\"datePublished\":\"2025-06-23T13:51:11+00:00\",\"dateModified\":\"2026-04-10T23:52:46+00:00\",\"breadcrumb\":{\"@id\":\"https:\/\/xenonkungen.com\/produkt\/interiorlampa-o80mm-night-svart\/#breadcrumb\"},\"inLanguage\":\"fi\",\"potentialAction\":[{\"@type\":\"ReadAction\",\"target\":[\"https:\/\/xenonkungen.com\/produkt\/interiorlampa-o80mm-night-svart\/\"]}]},{\"@type\":\"ImageObject\",\"inLanguage\":\"fi\",\"@id\":\"https:\/\/xenonkungen.com\/produkt\/interiorlampa-o80mm-night-svart\/#primaryimage\",\"url\":\"https:\/\/xenonkungen.com\/wp-content\/uploads\/2025\/06\/7338029-origpic-31885c.jpg\",\"contentUrl\":\"https:\/\/xenonkungen.com\/wp-content\/uploads\/2025\/06\/7338029-origpic-31885c.jpg\",\"width\":600,\"height\":600},{\"@type\":\"BreadcrumbList\",\"@id\":\"https:\/\/xenonkungen.com\/produkt\/interiorlampa-o80mm-night-svart\/#breadcrumb\",\"itemListElement\":[{\"@type\":\"ListItem\",\"position\":1,\"name\":\"Hem\",\"item\":\"https:\/\/xenonkungen.com\/\"},{\"@type\":\"ListItem\",\"position\":2,\"name\":\"Shop\",\"item\":\"https:\/\/xenonkungen.com\/shop\/\"},{\"@type\":\"ListItem\",\"position\":3,\"name\":\"Interi\u00f6rlampa \u00d880mm | Night | Svart\"}]},{\"@type\":\"WebSite\",\"@id\":\"https:\/\/xenonkungen.com\/#website\",\"url\":\"https:\/\/xenonkungen.com\/\",\"name\":\"Xenonkungen\",\"description\":\"\",\"potentialAction\":[{\"@type\":\"SearchAction\",\"target\":{\"@type\":\"EntryPoint\",\"urlTemplate\":\"https:\/\/xenonkungen.com\/?s={search_term_string}\"},\"query-input\":{\"@type\":\"PropertyValueSpecification\",\"valueRequired\":true,\"valueName\":\"search_term_string\"}}],\"inLanguage\":\"fi\"}]}<\/script>\n<!-- \/ Yoast SEO plugin. -->","yoast_head_json":{"title":"Sis\u00e4valaisin \u00d880mm | Y\u00f6 | Musta - Xenonkungen","robots":{"index":"index","follow":"follow","max-snippet":"max-snippet:-1","max-image-preview":"max-image-preview:large","max-video-preview":"max-video-preview:-1"},"canonical":"https:\/\/xenonkungen.com\/fi\/tuote\/sisavalo-o80mm-yonmusta\/","og_locale":"fi_FI","og_type":"article","og_title":"Interi\u00f6rlampa \u00d880mm | Night | Svart - Xenonkungen","og_description":"LED Interi\u00f6rlampa med Svart Sarg och Varmvitt Ljus En innovativ LED interi\u00f6rlampa som erbjuder b\u00e5de varmvitt ljus f\u00f6r dagtid och ett r\u00f6tt nattljusl\u00e4ge f\u00f6r minimal st\u00f6rning under nattetid. Utformad med en tryckknapp f\u00f6r enkel omkoppling och en slagt\u00e5lig lins, garanterar denna lampa h\u00e5llbarhet och anpassningsbar belysning f\u00f6r alla situationer. Funktioner och Egenskaper: Elegant svart sarg [&hellip;]","og_url":"https:\/\/xenonkungen.com\/fi\/tuote\/sisavalo-o80mm-yonmusta\/","og_site_name":"Xenonkungen","article_modified_time":"2026-04-10T23:52:46+00:00","og_image":[{"width":600,"height":600,"url":"https:\/\/xenonkungen.com\/wp-content\/uploads\/2025\/06\/7338029-origpic-31885c.jpg","type":"image\/jpeg"}],"twitter_card":"summary_large_image","twitter_misc":{"Arvioitu lukuaika":"1 minuutti"},"schema":{"@context":"https:\/\/schema.org","@graph":[{"@type":"WebPage","@id":"https:\/\/xenonkungen.com\/produkt\/interiorlampa-o80mm-night-svart\/","url":"https:\/\/xenonkungen.com\/produkt\/interiorlampa-o80mm-night-svart\/","name":"Sis\u00e4valaisin \u00d880mm | Y\u00f6 | Musta - Xenonkungen","isPartOf":{"@id":"https:\/\/xenonkungen.com\/#website"},"primaryImageOfPage":{"@id":"https:\/\/xenonkungen.com\/produkt\/interiorlampa-o80mm-night-svart\/#primaryimage"},"image":{"@id":"https:\/\/xenonkungen.com\/produkt\/interiorlampa-o80mm-night-svart\/#primaryimage"},"thumbnailUrl":"https:\/\/xenonkungen.com\/wp-content\/uploads\/2025\/06\/7338029-origpic-31885c.jpg","datePublished":"2025-06-23T13:51:11+00:00","dateModified":"2026-04-10T23:52:46+00:00","breadcrumb":{"@id":"https:\/\/xenonkungen.com\/produkt\/interiorlampa-o80mm-night-svart\/#breadcrumb"},"inLanguage":"fi","potentialAction":[{"@type":"ReadAction","target":["https:\/\/xenonkungen.com\/produkt\/interiorlampa-o80mm-night-svart\/"]}]},{"@type":"ImageObject","inLanguage":"fi","@id":"https:\/\/xenonkungen.com\/produkt\/interiorlampa-o80mm-night-svart\/#primaryimage","url":"https:\/\/xenonkungen.com\/wp-content\/uploads\/2025\/06\/7338029-origpic-31885c.jpg","contentUrl":"https:\/\/xenonkungen.com\/wp-content\/uploads\/2025\/06\/7338029-origpic-31885c.jpg","width":600,"height":600},{"@type":"BreadcrumbList","@id":"https:\/\/xenonkungen.com\/produkt\/interiorlampa-o80mm-night-svart\/#breadcrumb","itemListElement":[{"@type":"ListItem","position":1,"name":"Hem","item":"https:\/\/xenonkungen.com\/"},{"@type":"ListItem","position":2,"name":"Shop","item":"https:\/\/xenonkungen.com\/shop\/"},{"@type":"ListItem","position":3,"name":"Interi\u00f6rlampa \u00d880mm | Night | Svart"}]},{"@type":"WebSite","@id":"https:\/\/xenonkungen.com\/#website","url":"https:\/\/xenonkungen.com\/","name":"Xenonkungen","description":"","potentialAction":[{"@type":"SearchAction","target":{"@type":"EntryPoint","urlTemplate":"https:\/\/xenonkungen.com\/?s={search_term_string}"},"query-input":{"@type":"PropertyValueSpecification","valueRequired":true,"valueName":"search_term_string"}}],"inLanguage":"fi"}]}},"taxonomy_info":{"anvandningsomrade":[{"value":166,"label":"Lastbil"},{"value":238,"label":"SL\u00c4P"},{"value":2816,"label":"TRAILER"}],"product_brand":[{"value":1252,"label":"LEA"}],"product_cat":[{"value":2586,"label":"Interi\u00f6rbelysning"}],"pa_fuktskydd-varde-ipxx":[{"value":333,"label":"IP67"}],"pa_storlek-mm":[{"value":2409,"label":"80x14"}],"pa_stromforbrukning":[{"value":1872,"label":"0,04A @28V"},{"value":2267,"label":"0,09A @13,8V"}],"pa_volt-v":[{"value":159,"label":"12"},{"value":160,"label":"24"}]},"featured_image_src_large":["https:\/\/xenonkungen.com\/wp-content\/uploads\/2025\/06\/7338029-origpic-31885c.jpg",600,600,false],"author_info":[],"comment_info":0,"_links":{"self":[{"href":"https:\/\/xenonkungen.com\/fi\/wp-json\/wp\/v2\/product\/11606","targetHints":{"allow":["GET"]}}],"collection":[{"href":"https:\/\/xenonkungen.com\/fi\/wp-json\/wp\/v2\/product"}],"about":[{"href":"https:\/\/xenonkungen.com\/fi\/wp-json\/wp\/v2\/types\/product"}],"replies":[{"embeddable":true,"href":"https:\/\/xenonkungen.com\/fi\/wp-json\/wp\/v2\/comments?post=11606"}],"wp:featuredmedia":[{"embeddable":true,"href":"https:\/\/xenonkungen.com\/fi\/wp-json\/wp\/v2\/media\/10827"}],"wp:attachment":[{"href":"https:\/\/xenonkungen.com\/fi\/wp-json\/wp\/v2\/media?parent=11606"}],"wp:term":[{"taxonomy":"anvandningsomrade","embeddable":true,"href":"https:\/\/xenonkungen.com\/fi\/wp-json\/wp\/v2\/anvandningsomrade?post=11606"},{"taxonomy":"bilmarken","embeddable":true,"href":"https:\/\/xenonkungen.com\/fi\/wp-json\/wp\/v2\/bilmarken?post=11606"},{"taxonomy":"product_brand","embeddable":true,"href":"https:\/\/xenonkungen.com\/fi\/wp-json\/wp\/v2\/product_brand?post=11606"},{"taxonomy":"product_cat","embeddable":true,"href":"https:\/\/xenonkungen.com\/fi\/wp-json\/wp\/v2\/product_cat?post=11606"},{"taxonomy":"product_tag","embeddable":true,"href":"https:\/\/xenonkungen.com\/fi\/wp-json\/wp\/v2\/product_tag?post=11606"}],"curies":[{"name":"wp","href":"https:\/\/api.w.org\/{rel}","templated":true}]}}