{"id":11615,"date":"2025-06-23T13:51:13","date_gmt":"2025-06-23T13:51:13","guid":{"rendered":"https:\/\/xenonkungen.com\/produkt\/interiorlampa-o80mm-night-vit\/"},"modified":"2026-04-11T00:53:04","modified_gmt":"2026-04-10T23:53:04","slug":"sisavalaisin-o80mm-yovalkoinen","status":"publish","type":"product","link":"https:\/\/xenonkungen.com\/fi\/tuote\/sisavalaisin-o80mm-yovalkoinen\/","title":{"rendered":"Sis\u00e4valo \u00d880mm | Y\u00f6 | Valkoinen"},"content":{"rendered":"<h1>LED-sis\u00e4valo valkoisella arkussa<\/h1>\n<p>T\u00e4ss\u00e4 modernissa LED-sisustusvalaisimessa on eritt\u00e4in kirkas l\u00e4mmin valkoinen LED ja ainutlaatuinen punainen y\u00f6valo, jota ymp\u00e4r\u00f6i tyylik\u00e4s valkoinen kehys. Se sopii t\u00e4ydellisesti viihtyis\u00e4n ilmapiirin luomiseen ajoneuvoihin ja muihin tiloihin, ja valoa voidaan s\u00e4\u00e4t\u00e4\u00e4 joustavasti tarpeen mukaan.<\/p>\n<h2>Toiminnot ja ominaisuudet:<\/h2>\n<ul>\n<li>Moderni valkoinen kehys takaa tyylikk\u00e4\u00e4n esityksen.<\/li>\n<li>L\u00e4mpim\u00e4n valkoinen LED-valo antaa kutsuvan valon, jota t\u00e4ydent\u00e4\u00e4 punainen y\u00f6valo, joka h\u00e4iritsee mahdollisimman v\u00e4h\u00e4n.<\/li>\n<li>Helppo painikeohjaus, jolla voit vaihtaa valotilojen v\u00e4lill\u00e4 ja kytke\u00e4 valon p\u00e4\u00e4lle\/pois.<\/li>\n<li>Vankka 360 asteen suuntaamaton polykarbonaattilinssi ja l\u00e4mp\u00f6\u00e4 absorboiva alumiinijalusta.<\/li>\n<li>IP67-luokitus veden- ja iskunkest\u00e4vyydelle, sopii k\u00e4ytett\u00e4v\u00e4ksi kaikissa olosuhteissa.<\/li>\n<li>Oikosulkusuojaus lis\u00e4\u00e4 turvallisuutta ja luotettavuutta.<\/li>\n<\/ul>\n<h2>K\u00e4ytt\u00f6alueet:<\/h2>\n<p>Monipuolinen valaisin sopii k\u00e4ytett\u00e4v\u00e4ksi erilaisissa ymp\u00e4rist\u00f6iss\u00e4, kuten autoissa, asuntovaunuissa, veneiss\u00e4 ja jopa kotona, ja se tarjoaa sek\u00e4 toimivuutta ett\u00e4 tyyli\u00e4.<\/p>\n<h2>Asennus:<\/h2>\n<p>Yksinkertaisen rakenteensa ja monipuolisten kiinnitysmahdollisuuksiensa ansiosta valaisin on nopea ja helppo asentaa, joten se on k\u00e4yt\u00e4nn\u00f6llinen lis\u00e4 tilaan.<\/p>","protected":false},"excerpt":{"rendered":"<p>LED Interi\u00f6rlampa med Vit Sarg Denna moderna LED interi\u00f6rlampa \u00e4r utrustad med high brightness warm white LED och ett unikt r\u00f6tt nattljusl\u00e4ge, omgivet av en stilfull vit sarg. Den \u00e4r perfekt f\u00f6r att skapa en behaglig atmosf\u00e4r i fordon och andra utrymmen, med flexibiliteten att anpassa ljuset efter behov. Funktioner och Egenskaper: Modern vit sarg [&hellip;]<\/p>","protected":false},"featured_media":10842,"comment_status":"closed","ping_status":"closed","template":"","meta":{"_acf_changed":false,"_smort_price_nok":"256","_smort_price_dkk":"163","_smort_price_eur":"21.82","_smort_sale_price_nok":"","_smort_sale_price_dkk":"","_smort_sale_price_eur":"","smort_restorder":"","shipmondo_restorder":"","_kad_blocks_custom_css":"","_kad_blocks_head_custom_js":"","_kad_blocks_body_custom_js":"","_kad_blocks_footer_custom_js":"","smort_custom_pricelist_1":null,"smort_custom_pricelist_2":null,"smort_custom_pricelist_3":null,"smort_custom_pricelist_4":null,"smort_custom_pricelist_5":null},"anvandningsomrade":[166,238,2816],"bilmarken":[],"product_brand":[1252],"product_cat":[2586],"product_tag":[],"class_list":{"0":"post-11615","1":"product","2":"type-product","3":"status-publish","4":"has-post-thumbnail","6":"anvandningsomrade-lastbil","7":"anvandningsomrade-slap","8":"anvandningsomrade-trailer","9":"product_brand-lea","10":"product_cat-interiorbelysning-slap","11":"pa_fuktskydd-varde-ipxx-ip67","12":"pa_storlek-mm-80x14","13":"pa_stromforbrukning-004a-28v","14":"pa_stromforbrukning-009a-138v","15":"pa_volt-v-159","16":"pa_volt-v-160","18":"first","19":"onbackorder","20":"taxable","21":"shipping-taxable","22":"purchasable","23":"product-type-variable"},"bundled_by":[],"bundle_stock_status":"onbackorder","bundle_stock_quantity":null,"bundle_virtual":false,"bundle_layout":"","bundle_add_to_cart_form_location":"","bundle_editable_in_cart":false,"bundle_sold_individually_context":"","bundle_item_grouping":"","bundle_min_size":"","bundle_max_size":"","bundle_price":[],"bundled_items":[],"bundle_sell_ids":[],"acf":[],"yoast_head":"<!-- This site is optimized with the Yoast SEO plugin v27.0 - https:\/\/yoast.com\/product\/yoast-seo-wordpress\/ -->\n<title>Interi\u00f6rlampa \u00d880mm | Night | Vit - Xenonkungen<\/title>\n<meta name=\"robots\" content=\"index, follow, max-snippet:-1, max-image-preview:large, max-video-preview:-1\" \/>\n<link rel=\"canonical\" href=\"https:\/\/xenonkungen.com\/fi\/tuote\/sisavalaisin-o80mm-yovalkoinen\/\" \/>\n<meta property=\"og:locale\" content=\"fi_FI\" \/>\n<meta property=\"og:type\" content=\"article\" \/>\n<meta property=\"og:title\" content=\"Interi\u00f6rlampa \u00d880mm | Night | Vit - Xenonkungen\" \/>\n<meta property=\"og:description\" content=\"LED Interi\u00f6rlampa med Vit Sarg Denna moderna LED interi\u00f6rlampa \u00e4r utrustad med high brightness warm white LED och ett unikt r\u00f6tt nattljusl\u00e4ge, omgivet av en stilfull vit sarg. Den \u00e4r perfekt f\u00f6r att skapa en behaglig atmosf\u00e4r i fordon och andra utrymmen, med flexibiliteten att anpassa ljuset efter behov. Funktioner och Egenskaper: Modern vit sarg [&hellip;]\" \/>\n<meta property=\"og:url\" content=\"https:\/\/xenonkungen.com\/fi\/tuote\/sisavalaisin-o80mm-yovalkoinen\/\" \/>\n<meta property=\"og:site_name\" content=\"Xenonkungen\" \/>\n<meta property=\"article:modified_time\" content=\"2026-04-10T23:53:04+00:00\" \/>\n<meta property=\"og:image\" content=\"https:\/\/xenonkungen.com\/wp-content\/uploads\/2025\/06\/2926457-origpic-7c5498.jpg\" \/>\n\t<meta property=\"og:image:width\" content=\"600\" \/>\n\t<meta property=\"og:image:height\" content=\"600\" \/>\n\t<meta property=\"og:image:type\" content=\"image\/jpeg\" \/>\n<meta name=\"twitter:card\" content=\"summary_large_image\" \/>\n<meta name=\"twitter:label1\" content=\"Arvioitu lukuaika\" \/>\n\t<meta name=\"twitter:data1\" content=\"1 minuutti\" \/>\n<script type=\"application\/ld+json\" class=\"yoast-schema-graph\">{\"@context\":\"https:\/\/schema.org\",\"@graph\":[{\"@type\":\"WebPage\",\"@id\":\"https:\/\/xenonkungen.com\/dk\/vare\/indvendig-lampe-o80mm-nathvid\/\",\"url\":\"https:\/\/xenonkungen.com\/dk\/vare\/indvendig-lampe-o80mm-nathvid\/\",\"name\":\"Interi\u00f6rlampa \u00d880mm | Night | Vit - Xenonkungen\",\"isPartOf\":{\"@id\":\"https:\/\/xenonkungen.com\/#website\"},\"primaryImageOfPage\":{\"@id\":\"https:\/\/xenonkungen.com\/dk\/vare\/indvendig-lampe-o80mm-nathvid\/#primaryimage\"},\"image\":{\"@id\":\"https:\/\/xenonkungen.com\/dk\/vare\/indvendig-lampe-o80mm-nathvid\/#primaryimage\"},\"thumbnailUrl\":\"https:\/\/xenonkungen.com\/wp-content\/uploads\/2025\/06\/2926457-origpic-7c5498.jpg\",\"datePublished\":\"2025-06-23T13:51:13+00:00\",\"dateModified\":\"2026-04-10T23:53:04+00:00\",\"breadcrumb\":{\"@id\":\"https:\/\/xenonkungen.com\/dk\/vare\/indvendig-lampe-o80mm-nathvid\/#breadcrumb\"},\"inLanguage\":\"fi\",\"potentialAction\":[{\"@type\":\"ReadAction\",\"target\":[\"https:\/\/xenonkungen.com\/dk\/vare\/indvendig-lampe-o80mm-nathvid\/\"]}]},{\"@type\":\"ImageObject\",\"inLanguage\":\"fi\",\"@id\":\"https:\/\/xenonkungen.com\/dk\/vare\/indvendig-lampe-o80mm-nathvid\/#primaryimage\",\"url\":\"https:\/\/xenonkungen.com\/wp-content\/uploads\/2025\/06\/2926457-origpic-7c5498.jpg\",\"contentUrl\":\"https:\/\/xenonkungen.com\/wp-content\/uploads\/2025\/06\/2926457-origpic-7c5498.jpg\",\"width\":600,\"height\":600},{\"@type\":\"BreadcrumbList\",\"@id\":\"https:\/\/xenonkungen.com\/dk\/vare\/indvendig-lampe-o80mm-nathvid\/#breadcrumb\",\"itemListElement\":[{\"@type\":\"ListItem\",\"position\":1,\"name\":\"Hem\",\"item\":\"https:\/\/xenonkungen.com\/\"},{\"@type\":\"ListItem\",\"position\":2,\"name\":\"Shop\",\"item\":\"https:\/\/xenonkungen.com\/shop\/\"},{\"@type\":\"ListItem\",\"position\":3,\"name\":\"Interi\u00f6rlampa \u00d880mm | Night | Vit\"}]},{\"@type\":\"WebSite\",\"@id\":\"https:\/\/xenonkungen.com\/#website\",\"url\":\"https:\/\/xenonkungen.com\/\",\"name\":\"Xenonkungen\",\"description\":\"\",\"potentialAction\":[{\"@type\":\"SearchAction\",\"target\":{\"@type\":\"EntryPoint\",\"urlTemplate\":\"https:\/\/xenonkungen.com\/?s={search_term_string}\"},\"query-input\":{\"@type\":\"PropertyValueSpecification\",\"valueRequired\":true,\"valueName\":\"search_term_string\"}}],\"inLanguage\":\"fi\"}]}<\/script>\n<!-- \/ Yoast SEO plugin. -->","yoast_head_json":{"title":"Sis\u00e4valaisin \u00d880mm | Y\u00f6 | Valkoinen - Xenon King","robots":{"index":"index","follow":"follow","max-snippet":"max-snippet:-1","max-image-preview":"max-image-preview:large","max-video-preview":"max-video-preview:-1"},"canonical":"https:\/\/xenonkungen.com\/fi\/tuote\/sisavalaisin-o80mm-yovalkoinen\/","og_locale":"fi_FI","og_type":"article","og_title":"Interi\u00f6rlampa \u00d880mm | Night | Vit - Xenonkungen","og_description":"LED Interi\u00f6rlampa med Vit Sarg Denna moderna LED interi\u00f6rlampa \u00e4r utrustad med high brightness warm white LED och ett unikt r\u00f6tt nattljusl\u00e4ge, omgivet av en stilfull vit sarg. Den \u00e4r perfekt f\u00f6r att skapa en behaglig atmosf\u00e4r i fordon och andra utrymmen, med flexibiliteten att anpassa ljuset efter behov. Funktioner och Egenskaper: Modern vit sarg [&hellip;]","og_url":"https:\/\/xenonkungen.com\/fi\/tuote\/sisavalaisin-o80mm-yovalkoinen\/","og_site_name":"Xenonkungen","article_modified_time":"2026-04-10T23:53:04+00:00","og_image":[{"width":600,"height":600,"url":"https:\/\/xenonkungen.com\/wp-content\/uploads\/2025\/06\/2926457-origpic-7c5498.jpg","type":"image\/jpeg"}],"twitter_card":"summary_large_image","twitter_misc":{"Arvioitu lukuaika":"1 minuutti"},"schema":{"@context":"https:\/\/schema.org","@graph":[{"@type":"WebPage","@id":"https:\/\/xenonkungen.com\/dk\/vare\/indvendig-lampe-o80mm-nathvid\/","url":"https:\/\/xenonkungen.com\/dk\/vare\/indvendig-lampe-o80mm-nathvid\/","name":"Sis\u00e4valaisin \u00d880mm | Y\u00f6 | Valkoinen - Xenon King","isPartOf":{"@id":"https:\/\/xenonkungen.com\/#website"},"primaryImageOfPage":{"@id":"https:\/\/xenonkungen.com\/dk\/vare\/indvendig-lampe-o80mm-nathvid\/#primaryimage"},"image":{"@id":"https:\/\/xenonkungen.com\/dk\/vare\/indvendig-lampe-o80mm-nathvid\/#primaryimage"},"thumbnailUrl":"https:\/\/xenonkungen.com\/wp-content\/uploads\/2025\/06\/2926457-origpic-7c5498.jpg","datePublished":"2025-06-23T13:51:13+00:00","dateModified":"2026-04-10T23:53:04+00:00","breadcrumb":{"@id":"https:\/\/xenonkungen.com\/dk\/vare\/indvendig-lampe-o80mm-nathvid\/#breadcrumb"},"inLanguage":"fi","potentialAction":[{"@type":"ReadAction","target":["https:\/\/xenonkungen.com\/dk\/vare\/indvendig-lampe-o80mm-nathvid\/"]}]},{"@type":"ImageObject","inLanguage":"fi","@id":"https:\/\/xenonkungen.com\/dk\/vare\/indvendig-lampe-o80mm-nathvid\/#primaryimage","url":"https:\/\/xenonkungen.com\/wp-content\/uploads\/2025\/06\/2926457-origpic-7c5498.jpg","contentUrl":"https:\/\/xenonkungen.com\/wp-content\/uploads\/2025\/06\/2926457-origpic-7c5498.jpg","width":600,"height":600},{"@type":"BreadcrumbList","@id":"https:\/\/xenonkungen.com\/dk\/vare\/indvendig-lampe-o80mm-nathvid\/#breadcrumb","itemListElement":[{"@type":"ListItem","position":1,"name":"Hem","item":"https:\/\/xenonkungen.com\/"},{"@type":"ListItem","position":2,"name":"Shop","item":"https:\/\/xenonkungen.com\/shop\/"},{"@type":"ListItem","position":3,"name":"Interi\u00f6rlampa \u00d880mm | Night | Vit"}]},{"@type":"WebSite","@id":"https:\/\/xenonkungen.com\/#website","url":"https:\/\/xenonkungen.com\/","name":"Xenonkungen","description":"","potentialAction":[{"@type":"SearchAction","target":{"@type":"EntryPoint","urlTemplate":"https:\/\/xenonkungen.com\/?s={search_term_string}"},"query-input":{"@type":"PropertyValueSpecification","valueRequired":true,"valueName":"search_term_string"}}],"inLanguage":"fi"}]}},"taxonomy_info":{"anvandningsomrade":[{"value":166,"label":"Lastbil"},{"value":238,"label":"SL\u00c4P"},{"value":2816,"label":"TRAILER"}],"product_brand":[{"value":1252,"label":"LEA"}],"product_cat":[{"value":2586,"label":"Interi\u00f6rbelysning"}],"pa_fuktskydd-varde-ipxx":[{"value":333,"label":"IP67"}],"pa_storlek-mm":[{"value":2409,"label":"80x14"}],"pa_stromforbrukning":[{"value":1872,"label":"0,04A @28V"},{"value":2267,"label":"0,09A @13,8V"}],"pa_volt-v":[{"value":159,"label":"12"},{"value":160,"label":"24"}]},"featured_image_src_large":["https:\/\/xenonkungen.com\/wp-content\/uploads\/2025\/06\/2926457-origpic-7c5498.jpg",600,600,false],"author_info":[],"comment_info":0,"_links":{"self":[{"href":"https:\/\/xenonkungen.com\/fi\/wp-json\/wp\/v2\/product\/11615","targetHints":{"allow":["GET"]}}],"collection":[{"href":"https:\/\/xenonkungen.com\/fi\/wp-json\/wp\/v2\/product"}],"about":[{"href":"https:\/\/xenonkungen.com\/fi\/wp-json\/wp\/v2\/types\/product"}],"replies":[{"embeddable":true,"href":"https:\/\/xenonkungen.com\/fi\/wp-json\/wp\/v2\/comments?post=11615"}],"wp:featuredmedia":[{"embeddable":true,"href":"https:\/\/xenonkungen.com\/fi\/wp-json\/wp\/v2\/media\/10842"}],"wp:attachment":[{"href":"https:\/\/xenonkungen.com\/fi\/wp-json\/wp\/v2\/media?parent=11615"}],"wp:term":[{"taxonomy":"anvandningsomrade","embeddable":true,"href":"https:\/\/xenonkungen.com\/fi\/wp-json\/wp\/v2\/anvandningsomrade?post=11615"},{"taxonomy":"bilmarken","embeddable":true,"href":"https:\/\/xenonkungen.com\/fi\/wp-json\/wp\/v2\/bilmarken?post=11615"},{"taxonomy":"product_brand","embeddable":true,"href":"https:\/\/xenonkungen.com\/fi\/wp-json\/wp\/v2\/product_brand?post=11615"},{"taxonomy":"product_cat","embeddable":true,"href":"https:\/\/xenonkungen.com\/fi\/wp-json\/wp\/v2\/product_cat?post=11615"},{"taxonomy":"product_tag","embeddable":true,"href":"https:\/\/xenonkungen.com\/fi\/wp-json\/wp\/v2\/product_tag?post=11615"}],"curies":[{"name":"wp","href":"https:\/\/api.w.org\/{rel}","templated":true}]}}