{"id":11627,"date":"2025-06-23T13:51:18","date_gmt":"2025-06-23T13:51:18","guid":{"rendered":"https:\/\/xenonkungen.com\/produkt\/osram-ledriving-cube-x-mx85\/"},"modified":"2026-04-24T17:40:43","modified_gmt":"2026-04-24T16:40:43","slug":"osram-ledriving-cube-x-mx85-lamppu","status":"publish","type":"product","link":"https:\/\/xenonkungen.com\/fi\/tuote\/osram-ledriving-cube-x-mx85-lamppu\/","title":{"rendered":"OSRAM LEDriving\u00ae Cube-X MX85"},"content":{"rendered":"<h1>OSRAM LEDriving\u00ae Cube-X MX85<\/h1>\n<h3 class=\"font-headline-text-bold orange\">Tehokas LED-ty\u00f6valo maastoajoon<\/h3>\n<div class=\"product-text\">\n<div class=\"space-paragraph\" data-attr-id=\"ZPIM1TE00821\">\n<p>Ne, jotka ajavat usein vaikeassa maastossa, tiet\u00e4v\u00e4t, miten t\u00e4rke\u00e4\u00e4 on, ett\u00e4 LED-ajovalot ovat kirkkaat ja luotettavat.<br \/>\nV\u00e4litt\u00f6m\u00e4n alueen valaiseminen on ihanteellista maastoajoa varten. LED-ty\u00f6valo ylt\u00e4\u00e4 jopa 55 metrin p\u00e4\u00e4h\u00e4n 1 luksin valaistusvoimakkuudella. Valaisimen valokeilakulma on 43,5 astetta.<br \/>\nAutojen ty\u00f6valo tarjoaa kuljettajalle kaksi eri LED-valotoimintoa. Toinen on klassinen ty\u00f6valo ja toinen on LED-kohdevalo, joka antaa tyylikk\u00e4\u00e4n X-muotoisen valon.<br \/>\nValonheitin on muutakin kuin pelkk\u00e4 LED-ty\u00f6valo. Kirkas LED-valo korostaa tehokkaasti ajoneuvon maastotyyli\u00e4.<\/p>\n<p><strong>Kompakti, vankka ja kest\u00e4v\u00e4<\/strong><br \/>\nKest\u00e4vyys ja laatu ovat erityisen haluttuja ominaisuuksia maastoajossa. LEDriving Cube MX85-WD -ty\u00f6valaisimessa on kest\u00e4v\u00e4 polykarbonaattilinssi, ja se kest\u00e4\u00e4 kovimmatkin maasto-olosuhteet. Yli- ja alij\u00e4nnitesuoja 18 V:iin asti katkaisee virtapiirin automaattisesti, kun virta ylitt\u00e4\u00e4 ennalta m\u00e4\u00e4ritellyn virran tietyn ajanjakson ajan.<br \/>\nIntegroitu k\u00e4ytt\u00f6- ja l\u00e4mm\u00f6nhallintaj\u00e4rjestelm\u00e4 suojaa tehokasta valonheitint\u00e4 ja edist\u00e4\u00e4 sen kest\u00e4vyytt\u00e4. Se eliminoi ylikuumenemisen riskin jatkuvan k\u00e4yt\u00f6n aikana.<\/p>\n<p><strong>Erinomainen yhteensopivuus<\/strong><br \/>\nLEDriving Cube MX85-WD -ty\u00f6valaisin sopii monenlaisiin k\u00e4ytt\u00f6tarkoituksiin. Se sopii kaikkeen 4\u00d74-ajoneuvoista maasto-, hy\u00f6ty- ja teollisuusajoneuvoihin sek\u00e4 harraste- ja maatalousajoneuvoihin.<br \/>\nOn kuitenkin t\u00e4rke\u00e4\u00e4 huomauttaa, ett\u00e4 autojen tehokasta ty\u00f6valoa saa k\u00e4ytt\u00e4\u00e4 vain maastoajossa eik\u00e4 yleisill\u00e4 teill\u00e4.<\/p>\n<\/div>\n<\/div>\n<p>T\u00e4st\u00e4 ty\u00f6valaisimesta on saatavana 2 eri versiota.<br \/>\n<strong>Spotlight<\/strong> ja ajaminen.<\/p>\n<p><strong>Spotlight<\/strong> on suuntavalo, jonka ansiosta valo ulottuu mahdollisimman kauas.<\/p>\n<p><strong>Ajaminen<\/strong> on heijastimet, jotka levitt\u00e4v\u00e4t valon laajemmaksi s\u00e4teeksi.<\/p>","protected":false},"excerpt":{"rendered":"<p>OSRAM LEDriving\u00ae Cube-X MX85 Kraftfullt LED-arbetsljus f\u00f6r terr\u00e4ngk\u00f6rning De som ofta k\u00f6r i sv\u00e5r terr\u00e4ng vet hur viktigt det \u00e4r med ett starkt och p\u00e5litligt LED-helljus. Belysning av n\u00e4romr\u00e5det \u00e4r perfekt vid terr\u00e4ngk\u00f6rning. LED-arbetsljuset n\u00e5r upp till 55 m med en illuminans p\u00e5 1 lux. Lampan har en str\u00e5lvinkel p\u00e5 43,5 grader. Arbetsljuset f\u00f6r bilar [&hellip;]<\/p>","protected":false},"featured_media":10860,"comment_status":"closed","ping_status":"closed","template":"","meta":{"_acf_changed":false,"_smort_price_nok":"1399","_smort_price_dkk":"889","_smort_price_eur":"119.09","_smort_sale_price_nok":"","_smort_sale_price_dkk":"","_smort_sale_price_eur":"","smort_restorder":"","shipmondo_restorder":"","_kad_blocks_custom_css":"","_kad_blocks_head_custom_js":"","_kad_blocks_body_custom_js":"","_kad_blocks_footer_custom_js":"","smort_custom_pricelist_1":"838.4","smort_custom_pricelist_2":"838.4","smort_custom_pricelist_3":"796.48","smort_custom_pricelist_4":"1048","smort_custom_pricelist_5":"838.4"},"anvandningsomrade":[],"bilmarken":[],"product_brand":[108],"product_cat":[2639,508],"product_tag":[],"class_list":{"0":"post-11627","1":"product","2":"type-product","3":"status-publish","4":"has-post-thumbnail","6":"product_brand-osram","7":"product_cat-osram-ledriving-arbetsbelysning","8":"product_cat-arbetsbelysning","9":"pa_faktisk-effekts-forbrukning-527","10":"pa_fargtemperatur-1428","11":"pa_fuktskydd-varde-ipxx-ip67","12":"pa_godkannande-r10","13":"pa_ljusbild-driving","14":"pa_ljusbild-spot","15":"pa_storlek-mm-85x121x57","16":"pa_volt-v-multivolt-9-12-14","18":"first","19":"instock","20":"taxable","21":"shipping-taxable","22":"purchasable","23":"product-type-variable"},"bundled_by":[],"bundle_stock_status":"instock","bundle_stock_quantity":2,"bundle_virtual":false,"bundle_layout":"","bundle_add_to_cart_form_location":"","bundle_editable_in_cart":false,"bundle_sold_individually_context":"","bundle_item_grouping":"","bundle_min_size":"","bundle_max_size":"","bundle_price":[],"bundled_items":[],"bundle_sell_ids":[],"acf":[],"yoast_head":"<!-- This site is optimized with the Yoast SEO plugin v27.0 - https:\/\/yoast.com\/product\/yoast-seo-wordpress\/ -->\n<title>OSRAM LEDriving\u00ae Cube-X MX85 - Xenonkungen<\/title>\n<meta name=\"robots\" content=\"index, follow, max-snippet:-1, max-image-preview:large, max-video-preview:-1\" \/>\n<link rel=\"canonical\" href=\"https:\/\/xenonkungen.com\/fi\/tuote\/osram-ledriving-cube-x-mx85-lamppu\/\" \/>\n<meta property=\"og:locale\" content=\"fi_FI\" \/>\n<meta property=\"og:type\" content=\"article\" \/>\n<meta property=\"og:title\" content=\"OSRAM LEDriving\u00ae Cube-X MX85 - Xenonkungen\" \/>\n<meta property=\"og:description\" content=\"OSRAM LEDriving\u00ae Cube-X MX85 Kraftfullt LED-arbetsljus f\u00f6r terr\u00e4ngk\u00f6rning De som ofta k\u00f6r i sv\u00e5r terr\u00e4ng vet hur viktigt det \u00e4r med ett starkt och p\u00e5litligt LED-helljus. Belysning av n\u00e4romr\u00e5det \u00e4r perfekt vid terr\u00e4ngk\u00f6rning. LED-arbetsljuset n\u00e5r upp till 55 m med en illuminans p\u00e5 1 lux. Lampan har en str\u00e5lvinkel p\u00e5 43,5 grader. Arbetsljuset f\u00f6r bilar [&hellip;]\" \/>\n<meta property=\"og:url\" content=\"https:\/\/xenonkungen.com\/fi\/tuote\/osram-ledriving-cube-x-mx85-lamppu\/\" \/>\n<meta property=\"og:site_name\" content=\"Xenonkungen\" \/>\n<meta property=\"article:modified_time\" content=\"2026-04-24T16:40:43+00:00\" \/>\n<meta property=\"og:image\" content=\"https:\/\/xenonkungen.com\/wp-content\/uploads\/2025\/06\/163495765-origpic-44bcf5.png\" \/>\n\t<meta property=\"og:image:width\" content=\"1000\" \/>\n\t<meta property=\"og:image:height\" content=\"932\" \/>\n\t<meta property=\"og:image:type\" content=\"image\/png\" \/>\n<meta name=\"twitter:card\" content=\"summary_large_image\" \/>\n<meta name=\"twitter:label1\" content=\"Arvioitu lukuaika\" \/>\n\t<meta name=\"twitter:data1\" content=\"2 minuuttia\" \/>\n<script type=\"application\/ld+json\" class=\"yoast-schema-graph\">{\"@context\":\"https:\/\/schema.org\",\"@graph\":[{\"@type\":\"WebPage\",\"@id\":\"https:\/\/xenonkungen.com\/produkt\/osram-ledriving-cube-x-mx85\/\",\"url\":\"https:\/\/xenonkungen.com\/produkt\/osram-ledriving-cube-x-mx85\/\",\"name\":\"OSRAM LEDriving\u00ae Cube-X MX85 - Xenonkungen\",\"isPartOf\":{\"@id\":\"https:\/\/xenonkungen.com\/#website\"},\"primaryImageOfPage\":{\"@id\":\"https:\/\/xenonkungen.com\/produkt\/osram-ledriving-cube-x-mx85\/#primaryimage\"},\"image\":{\"@id\":\"https:\/\/xenonkungen.com\/produkt\/osram-ledriving-cube-x-mx85\/#primaryimage\"},\"thumbnailUrl\":\"https:\/\/xenonkungen.com\/wp-content\/uploads\/2025\/06\/163495765-origpic-44bcf5.png\",\"datePublished\":\"2025-06-23T13:51:18+00:00\",\"dateModified\":\"2026-04-24T16:40:43+00:00\",\"breadcrumb\":{\"@id\":\"https:\/\/xenonkungen.com\/produkt\/osram-ledriving-cube-x-mx85\/#breadcrumb\"},\"inLanguage\":\"fi\",\"potentialAction\":[{\"@type\":\"ReadAction\",\"target\":[\"https:\/\/xenonkungen.com\/produkt\/osram-ledriving-cube-x-mx85\/\"]}]},{\"@type\":\"ImageObject\",\"inLanguage\":\"fi\",\"@id\":\"https:\/\/xenonkungen.com\/produkt\/osram-ledriving-cube-x-mx85\/#primaryimage\",\"url\":\"https:\/\/xenonkungen.com\/wp-content\/uploads\/2025\/06\/163495765-origpic-44bcf5.png\",\"contentUrl\":\"https:\/\/xenonkungen.com\/wp-content\/uploads\/2025\/06\/163495765-origpic-44bcf5.png\",\"width\":1000,\"height\":932},{\"@type\":\"BreadcrumbList\",\"@id\":\"https:\/\/xenonkungen.com\/produkt\/osram-ledriving-cube-x-mx85\/#breadcrumb\",\"itemListElement\":[{\"@type\":\"ListItem\",\"position\":1,\"name\":\"Hem\",\"item\":\"https:\/\/xenonkungen.com\/\"},{\"@type\":\"ListItem\",\"position\":2,\"name\":\"Shop\",\"item\":\"https:\/\/xenonkungen.com\/shop\/\"},{\"@type\":\"ListItem\",\"position\":3,\"name\":\"OSRAM LEDriving\u00ae Cube-X MX85\"}]},{\"@type\":\"WebSite\",\"@id\":\"https:\/\/xenonkungen.com\/#website\",\"url\":\"https:\/\/xenonkungen.com\/\",\"name\":\"Xenonkungen\",\"description\":\"\",\"potentialAction\":[{\"@type\":\"SearchAction\",\"target\":{\"@type\":\"EntryPoint\",\"urlTemplate\":\"https:\/\/xenonkungen.com\/?s={search_term_string}\"},\"query-input\":{\"@type\":\"PropertyValueSpecification\",\"valueRequired\":true,\"valueName\":\"search_term_string\"}}],\"inLanguage\":\"fi\"}]}<\/script>\n<!-- \/ Yoast SEO plugin. -->","yoast_head_json":{"title":"OSRAM LEDriving\u00ae Cube-X MX85 - Ksenonkuningas","robots":{"index":"index","follow":"follow","max-snippet":"max-snippet:-1","max-image-preview":"max-image-preview:large","max-video-preview":"max-video-preview:-1"},"canonical":"https:\/\/xenonkungen.com\/fi\/tuote\/osram-ledriving-cube-x-mx85-lamppu\/","og_locale":"fi_FI","og_type":"article","og_title":"OSRAM LEDriving\u00ae Cube-X MX85 - Xenonkungen","og_description":"OSRAM LEDriving\u00ae Cube-X MX85 Kraftfullt LED-arbetsljus f\u00f6r terr\u00e4ngk\u00f6rning De som ofta k\u00f6r i sv\u00e5r terr\u00e4ng vet hur viktigt det \u00e4r med ett starkt och p\u00e5litligt LED-helljus. Belysning av n\u00e4romr\u00e5det \u00e4r perfekt vid terr\u00e4ngk\u00f6rning. LED-arbetsljuset n\u00e5r upp till 55 m med en illuminans p\u00e5 1 lux. Lampan har en str\u00e5lvinkel p\u00e5 43,5 grader. Arbetsljuset f\u00f6r bilar [&hellip;]","og_url":"https:\/\/xenonkungen.com\/fi\/tuote\/osram-ledriving-cube-x-mx85-lamppu\/","og_site_name":"Xenonkungen","article_modified_time":"2026-04-24T16:40:43+00:00","og_image":[{"width":1000,"height":932,"url":"https:\/\/xenonkungen.com\/wp-content\/uploads\/2025\/06\/163495765-origpic-44bcf5.png","type":"image\/png"}],"twitter_card":"summary_large_image","twitter_misc":{"Arvioitu lukuaika":"2 minuuttia"},"schema":{"@context":"https:\/\/schema.org","@graph":[{"@type":"WebPage","@id":"https:\/\/xenonkungen.com\/produkt\/osram-ledriving-cube-x-mx85\/","url":"https:\/\/xenonkungen.com\/produkt\/osram-ledriving-cube-x-mx85\/","name":"OSRAM LEDriving\u00ae Cube-X MX85 - Ksenonkuningas","isPartOf":{"@id":"https:\/\/xenonkungen.com\/#website"},"primaryImageOfPage":{"@id":"https:\/\/xenonkungen.com\/produkt\/osram-ledriving-cube-x-mx85\/#primaryimage"},"image":{"@id":"https:\/\/xenonkungen.com\/produkt\/osram-ledriving-cube-x-mx85\/#primaryimage"},"thumbnailUrl":"https:\/\/xenonkungen.com\/wp-content\/uploads\/2025\/06\/163495765-origpic-44bcf5.png","datePublished":"2025-06-23T13:51:18+00:00","dateModified":"2026-04-24T16:40:43+00:00","breadcrumb":{"@id":"https:\/\/xenonkungen.com\/produkt\/osram-ledriving-cube-x-mx85\/#breadcrumb"},"inLanguage":"fi","potentialAction":[{"@type":"ReadAction","target":["https:\/\/xenonkungen.com\/produkt\/osram-ledriving-cube-x-mx85\/"]}]},{"@type":"ImageObject","inLanguage":"fi","@id":"https:\/\/xenonkungen.com\/produkt\/osram-ledriving-cube-x-mx85\/#primaryimage","url":"https:\/\/xenonkungen.com\/wp-content\/uploads\/2025\/06\/163495765-origpic-44bcf5.png","contentUrl":"https:\/\/xenonkungen.com\/wp-content\/uploads\/2025\/06\/163495765-origpic-44bcf5.png","width":1000,"height":932},{"@type":"BreadcrumbList","@id":"https:\/\/xenonkungen.com\/produkt\/osram-ledriving-cube-x-mx85\/#breadcrumb","itemListElement":[{"@type":"ListItem","position":1,"name":"Hem","item":"https:\/\/xenonkungen.com\/"},{"@type":"ListItem","position":2,"name":"Shop","item":"https:\/\/xenonkungen.com\/shop\/"},{"@type":"ListItem","position":3,"name":"OSRAM LEDriving\u00ae Cube-X MX85"}]},{"@type":"WebSite","@id":"https:\/\/xenonkungen.com\/#website","url":"https:\/\/xenonkungen.com\/","name":"Xenonkungen","description":"","potentialAction":[{"@type":"SearchAction","target":{"@type":"EntryPoint","urlTemplate":"https:\/\/xenonkungen.com\/?s={search_term_string}"},"query-input":{"@type":"PropertyValueSpecification","valueRequired":true,"valueName":"search_term_string"}}],"inLanguage":"fi"}]}},"taxonomy_info":{"product_brand":[{"value":108,"label":"OSRAM"}],"product_cat":[{"value":2639,"label":"OSRAM Ledriving"},{"value":508,"label":"Arbetsbelysning"}],"pa_faktisk-effekts-forbrukning":[{"value":527,"label":"20"}],"pa_fargtemperatur":[{"value":1428,"label":"6000"}],"pa_fuktskydd-varde-ipxx":[{"value":333,"label":"IP67"}],"pa_godkannande":[{"value":184,"label":"R10"}],"pa_ljusbild":[{"value":178,"label":"Driving"},{"value":1177,"label":"Spot"}],"pa_storlek-mm":[{"value":2411,"label":"85x121x57"}],"pa_volt-v":[{"value":2271,"label":"Multivolt, 9, 12, 14"}]},"featured_image_src_large":["https:\/\/xenonkungen.com\/wp-content\/uploads\/2025\/06\/163495765-origpic-44bcf5.png",1000,932,false],"author_info":[],"comment_info":0,"_links":{"self":[{"href":"https:\/\/xenonkungen.com\/fi\/wp-json\/wp\/v2\/product\/11627","targetHints":{"allow":["GET"]}}],"collection":[{"href":"https:\/\/xenonkungen.com\/fi\/wp-json\/wp\/v2\/product"}],"about":[{"href":"https:\/\/xenonkungen.com\/fi\/wp-json\/wp\/v2\/types\/product"}],"replies":[{"embeddable":true,"href":"https:\/\/xenonkungen.com\/fi\/wp-json\/wp\/v2\/comments?post=11627"}],"wp:featuredmedia":[{"embeddable":true,"href":"https:\/\/xenonkungen.com\/fi\/wp-json\/wp\/v2\/media\/10860"}],"wp:attachment":[{"href":"https:\/\/xenonkungen.com\/fi\/wp-json\/wp\/v2\/media?parent=11627"}],"wp:term":[{"taxonomy":"anvandningsomrade","embeddable":true,"href":"https:\/\/xenonkungen.com\/fi\/wp-json\/wp\/v2\/anvandningsomrade?post=11627"},{"taxonomy":"bilmarken","embeddable":true,"href":"https:\/\/xenonkungen.com\/fi\/wp-json\/wp\/v2\/bilmarken?post=11627"},{"taxonomy":"product_brand","embeddable":true,"href":"https:\/\/xenonkungen.com\/fi\/wp-json\/wp\/v2\/product_brand?post=11627"},{"taxonomy":"product_cat","embeddable":true,"href":"https:\/\/xenonkungen.com\/fi\/wp-json\/wp\/v2\/product_cat?post=11627"},{"taxonomy":"product_tag","embeddable":true,"href":"https:\/\/xenonkungen.com\/fi\/wp-json\/wp\/v2\/product_tag?post=11627"}],"curies":[{"name":"wp","href":"https:\/\/api.w.org\/{rel}","templated":true}]}}