{"id":11630,"date":"2025-06-23T13:51:18","date_gmt":"2025-06-23T13:51:18","guid":{"rendered":"https:\/\/xenonkungen.com\/produkt\/infallnadspaket-luxtar-x24-black-edition-xbb\/"},"modified":"2026-04-17T16:20:33","modified_gmt":"2026-04-17T15:20:33","slug":"hieno-paketti-luxtar-x24-musta-painos-xbb","status":"publish","type":"product","link":"https:\/\/xenonkungen.com\/fi\/tuote\/hieno-paketti-luxtar-x24-musta-painos-xbb\/","title":{"rendered":"LUXTAR\u00ae X24 Black Edition uppoasennussarja &gt;XBB<"},"content":{"rendered":"<h2>T\u00e4ydellinen paketti: LUXTAR\u00ae X24 Black Edition + XBB OBD-II-dongle &amp; PowerUnit + kaapelisarja.<\/h2>\n<p><strong>Paras ratkaisu valaistuksen ja ajoneuvon ohjaukseen - kaikki yhdess\u00e4 paketissa.<\/strong><\/p>\n<p>Yksinkertaista ja p\u00e4ivit\u00e4 ajoneuvon asennusta yksinoikeudella tarjoamallamme paketilla, jossa LUXTAR\u00ae X24 Black Edition yhdistyy XBB OBD-II-dongleen ja PowerUnit-yksikk\u00f6\u00f6n sek\u00e4 t\u00e4ydelliseen johdotussarjaan. T\u00e4m\u00e4n paketin avulla saat t\u00e4ydellisen asennuksen, jossa on kaikki, mit\u00e4 tarvitset ajoneuvosi valaistus- ja s\u00e4hk\u00f6j\u00e4rjestelmien nostamiseksi seuraavalle tasolle.<\/p>\n<h3>Paketti sis\u00e4lt\u00e4\u00e4:<\/h3>\n<ul>\n<li><strong>LUXTAR\u00ae X24 Black Edition<\/strong><br \/>\nKoe poikkeuksellinen valaistus modernilla, mattamustalla viimeistelyll\u00e4, joka sopii mihin tahansa ymp\u00e4rist\u00f6\u00f6n. N\u00e4m\u00e4 tehokkaat ja tyylikk\u00e4\u00e4t valonheittimet tarjoavat tarkan ja tehokkaan valaistuksen, olipa kyseess\u00e4 sitten kotik\u00e4ytt\u00f6 tai kaupallinen asennus. T\u00e4ydellinen niille, jotka vaativat korkeaa laatua ja muotoilua.<\/li>\n<li><strong>XBB OBD-II-dongle + PowerUnit<\/strong><br \/>\nOta ajoneuvosi valaistusj\u00e4rjestelm\u00e4 haltuun XBB OBD-II -donglella ja PowerUnitilla. Yhdist\u00e4m\u00e4ll\u00e4 yksinkertaisesti ajoneuvosi OBD-II-porttiin saat k\u00e4ytt\u00f6\u00f6si edistyksellisi\u00e4 ominaisuuksia, kuten lis\u00e4valojen ja muiden s\u00e4hk\u00f6isten lis\u00e4varusteiden sujuvan ohjauksen. Kaikkea hallitaan pienikokoisen ja tehokkaan laitteen avulla, joka antaa sinulle t\u00e4yden hallinnan hetkess\u00e4.<\/li>\n<li><strong>Kaapelisarja XBB-virtayksikk\u00f6\u00e4 varten<\/strong><br \/>\nNopeaa ja turvallista asennusta varten pakkauksen mukana toimitetaan t\u00e4ydellinen kaapelisarja, joka on sovitettu XBB-virtayksikk\u00f6\u00f6n. Laadukkaiden 9006-liittimien ja kest\u00e4vien kaapeleiden ansiosta saat luotettavan yhteyden, joka takaa pitk\u00e4aikaisen toimivuuden.<\/li>\n<\/ul>\n<h3>Miksi valita t\u00e4m\u00e4 paketti?<\/h3>\n<ul>\n<li><strong>T\u00e4ydellinen ja asennusvalmis:<\/strong> Saat kaiken tarvittavan, jotta voit helposti asentaa ja kytke\u00e4 sek\u00e4 valaistus- ett\u00e4 ohjausj\u00e4rjestelm\u00e4t ajoneuvoosi. Erillisten osien etsiminen ei ole en\u00e4\u00e4 tarpeen - t\u00e4ss\u00e4 paketissa on kaikki.<\/li>\n<li><strong>Innovatiiviset teknologiat:<\/strong> XBB OBD-II -donglen avulla voit helposti hallita ja mukauttaa valaistusta ajoneuvon OBD-II-portin kautta, mik\u00e4 tarjoaa maksimaalisen joustavuuden ja tehon.<\/li>\n<li><strong>Tyylik\u00e4s muotoilu ja suorituskyky:<\/strong> LUXTAR\u00ae X24 Black Edition yhdist\u00e4\u00e4 tyylikk\u00e4\u00e4n, mustan muotoilun ja vaikuttavan kirkkauden, mik\u00e4 luo premium-luokan ratkaisun vaativalle k\u00e4ytt\u00e4j\u00e4lle.<\/li>\n<\/ul>\n<p><strong>T\u00e4m\u00e4 paketti on t\u00e4ydellinen niille, jotka haluavat sujuvan asennuksen, laadukkaan valaistuksen ja ajoneuvon s\u00e4hk\u00f6j\u00e4rjestelm\u00e4n t\u00e4yden hallinnan. Tilaa jo t\u00e4n\u00e4\u00e4n ja koe, kuinka helppoa ajoneuvosi p\u00e4ivitt\u00e4minen markkinoiden parhailla ratkaisuilla voi olla!<\/strong><\/p>\n<p><strong>Tekniset tiedot:<\/strong><\/p>\n<p>LED: 24x 10W Cree XML2 (10W)<\/p>\n<p>Teoreettinen valovoima: 13 350<\/p>\n<p>Todelliset lumenit: 12 025<\/p>\n<p>Voltti: 10-32V, monij\u00e4nnitteinen<\/p>\n<p>Virrankulutus: 12V\/14.8A, 24V\/7.5A<\/p>\n<p>Teho: 177.6W<\/p>\n<p>Kaapeli: 80 cm 9006-pistoke (uros mukana liit\u00e4nt\u00e4\u00e4 varten).<\/p>\n<p>Paino: 3,9 kg<\/p>\n<p>Kosteussuojaus: IP68<\/p>\n<p>Mitat: 27\u2033 \/ 674x63x85 mm<\/p>\n<p>CE | EMC | RoHS<\/p>\n<p>E-merkitty: Ei<\/p>\n<p>Takuu 3 vuotta<\/p>","protected":false},"excerpt":{"rendered":"<p>Saatavana seuraavissa vaihtoehdoissa <b>AJO<\/b> tai <b>SPOT<\/b><\/p>\n<p><b>Toimituksen sis\u00e4lt\u00f6:<\/b><br \/>\n- LUXTAR\u00ae Ledramp X24 Musta painos<br \/>\n- Upotettava kiinnike X24 LED-ramppia varten<br \/>\n- XBB OBD-II-dongle + PowerUnit<br \/>\n- Kaapelisarja XBB-virtayksikk\u00f6\u00e4 varten<\/p>","protected":false},"featured_media":10869,"comment_status":"closed","ping_status":"closed","template":"","meta":{"_acf_changed":false,"_smort_price_nok":"6516","_smort_price_dkk":"4139","_smort_price_eur":"554.52","_smort_sale_price_nok":"","_smort_sale_price_dkk":"","_smort_sale_price_eur":"","smort_restorder":"","shipmondo_restorder":"","_kad_blocks_custom_css":"","_kad_blocks_head_custom_js":"","_kad_blocks_body_custom_js":"","_kad_blocks_footer_custom_js":"","smort_custom_pricelist_1":null,"smort_custom_pricelist_2":null,"smort_custom_pricelist_3":null,"smort_custom_pricelist_4":null,"smort_custom_pricelist_5":null},"anvandningsomrade":[],"bilmarken":[],"product_brand":[103],"product_cat":[2539,2826,2820,2541,2596,2160,1916],"product_tag":[],"class_list":{"0":"post-11630","1":"product","2":"type-product","3":"status-publish","4":"has-post-thumbnail","6":"product_brand-luxtar","7":"product_cat-ledramper","8":"product_cat-luxtar","9":"product_cat-luxtar-paketlosningar","10":"product_cat-luxtar-x-serie-black-ledramper","11":"product_cat-paket","12":"product_cat-luxtar-x-serie-black","13":"product_cat-ledrampspaket","14":"pa_faktisk-effekts-forbrukning-1922","15":"pa_fuktskydd-varde-ipxx-ip68","16":"pa_godkannande-ce-emc-rohs","17":"pa_ljusbild-driving","18":"pa_ljusbild-spot","19":"pa_storlek-mm-674x63x85","20":"pa_stromforbrukning-148a-12v","21":"pa_stromforbrukning-75a-24v","22":"pa_volt-v-multivolt-9-12-16-18-24-28-30-32","24":"first","25":"onbackorder","26":"taxable","27":"shipping-taxable","28":"purchasable","29":"product-type-variable"},"bundled_by":[],"bundle_stock_status":"onbackorder","bundle_stock_quantity":null,"bundle_virtual":false,"bundle_layout":"","bundle_add_to_cart_form_location":"","bundle_editable_in_cart":false,"bundle_sold_individually_context":"","bundle_item_grouping":"","bundle_min_size":"","bundle_max_size":"","bundle_price":[],"bundled_items":[],"bundle_sell_ids":[],"acf":[],"yoast_head":"<!-- This site is optimized with the Yoast SEO plugin v27.0 - https:\/\/yoast.com\/product\/yoast-seo-wordpress\/ -->\n<title>Inf\u00e4llnadspaket LUXTAR\u00ae X24 Black Edition &gt;XBB&lt; - Xenonkungen<\/title>\n<meta name=\"robots\" content=\"index, follow, max-snippet:-1, max-image-preview:large, max-video-preview:-1\" \/>\n<link rel=\"canonical\" href=\"https:\/\/xenonkungen.com\/fi\/tuote\/hieno-paketti-luxtar-x24-musta-painos-xbb\/\" \/>\n<meta property=\"og:locale\" content=\"fi_FI\" \/>\n<meta property=\"og:type\" content=\"article\" \/>\n<meta property=\"og:title\" content=\"Inf\u00e4llnadspaket LUXTAR\u00ae X24 Black Edition &gt;XBB&lt; - Xenonkungen\" \/>\n<meta property=\"og:description\" content=\"Finns i varianterna DRIVING eller SPOT  Leveransinneh\u00e5ll: - LUXTAR\u00ae Ledramp X24 Black Edition - Inf\u00e4llnadsf\u00e4ste till X24 LEDramp - XBB OBD-II Dongel + PowerUnit - Kabelsats till XBB Power Unit\" \/>\n<meta property=\"og:url\" content=\"https:\/\/xenonkungen.com\/fi\/tuote\/hieno-paketti-luxtar-x24-musta-painos-xbb\/\" \/>\n<meta property=\"og:site_name\" content=\"Xenonkungen\" \/>\n<meta property=\"article:modified_time\" content=\"2026-04-17T15:20:33+00:00\" \/>\n<meta property=\"og:image\" content=\"https:\/\/xenonkungen.com\/wp-content\/uploads\/2025\/06\/215780239-origpic-a2679e-scaled.png\" \/>\n\t<meta property=\"og:image:width\" content=\"2560\" \/>\n\t<meta property=\"og:image:height\" content=\"2318\" \/>\n\t<meta property=\"og:image:type\" content=\"image\/png\" \/>\n<meta name=\"twitter:card\" content=\"summary_large_image\" \/>\n<meta name=\"twitter:label1\" content=\"Arvioitu lukuaika\" \/>\n\t<meta name=\"twitter:data1\" content=\"2 minuuttia\" \/>\n<script type=\"application\/ld+json\" class=\"yoast-schema-graph\">{\"@context\":\"https:\/\/schema.org\",\"@graph\":[{\"@type\":\"WebPage\",\"@id\":\"https:\/\/xenonkungen.com\/produkt\/infallnadspaket-luxtar-x24-black-edition-xbb\/\",\"url\":\"https:\/\/xenonkungen.com\/produkt\/infallnadspaket-luxtar-x24-black-edition-xbb\/\",\"name\":\"Inf\u00e4llnadspaket LUXTAR\u00ae X24 Black Edition >XBB< - Xenonkungen\",\"isPartOf\":{\"@id\":\"https:\/\/xenonkungen.com\/#website\"},\"primaryImageOfPage\":{\"@id\":\"https:\/\/xenonkungen.com\/produkt\/infallnadspaket-luxtar-x24-black-edition-xbb\/#primaryimage\"},\"image\":{\"@id\":\"https:\/\/xenonkungen.com\/produkt\/infallnadspaket-luxtar-x24-black-edition-xbb\/#primaryimage\"},\"thumbnailUrl\":\"https:\/\/xenonkungen.com\/wp-content\/uploads\/2025\/06\/215780239-origpic-a2679e-scaled.png\",\"datePublished\":\"2025-06-23T13:51:18+00:00\",\"dateModified\":\"2026-04-17T15:20:33+00:00\",\"breadcrumb\":{\"@id\":\"https:\/\/xenonkungen.com\/produkt\/infallnadspaket-luxtar-x24-black-edition-xbb\/#breadcrumb\"},\"inLanguage\":\"fi\",\"potentialAction\":[{\"@type\":\"ReadAction\",\"target\":[\"https:\/\/xenonkungen.com\/produkt\/infallnadspaket-luxtar-x24-black-edition-xbb\/\"]}]},{\"@type\":\"ImageObject\",\"inLanguage\":\"fi\",\"@id\":\"https:\/\/xenonkungen.com\/produkt\/infallnadspaket-luxtar-x24-black-edition-xbb\/#primaryimage\",\"url\":\"https:\/\/xenonkungen.com\/wp-content\/uploads\/2025\/06\/215780239-origpic-a2679e-scaled.png\",\"contentUrl\":\"https:\/\/xenonkungen.com\/wp-content\/uploads\/2025\/06\/215780239-origpic-a2679e-scaled.png\",\"width\":2560,\"height\":2318},{\"@type\":\"BreadcrumbList\",\"@id\":\"https:\/\/xenonkungen.com\/produkt\/infallnadspaket-luxtar-x24-black-edition-xbb\/#breadcrumb\",\"itemListElement\":[{\"@type\":\"ListItem\",\"position\":1,\"name\":\"Hem\",\"item\":\"https:\/\/xenonkungen.com\/\"},{\"@type\":\"ListItem\",\"position\":2,\"name\":\"Shop\",\"item\":\"https:\/\/xenonkungen.com\/shop\/\"},{\"@type\":\"ListItem\",\"position\":3,\"name\":\"Inf\u00e4llnadspaket LUXTAR\u00ae X24 Black Edition >XBB\"}]},{\"@type\":\"WebSite\",\"@id\":\"https:\/\/xenonkungen.com\/#website\",\"url\":\"https:\/\/xenonkungen.com\/\",\"name\":\"Xenonkungen\",\"description\":\"\",\"potentialAction\":[{\"@type\":\"SearchAction\",\"target\":{\"@type\":\"EntryPoint\",\"urlTemplate\":\"https:\/\/xenonkungen.com\/?s={search_term_string}\"},\"query-input\":{\"@type\":\"PropertyValueSpecification\",\"valueRequired\":true,\"valueName\":\"search_term_string\"}}],\"inLanguage\":\"fi\"}]}<\/script>\n<!-- \/ Yoast SEO plugin. -->","yoast_head_json":{"title":"Upotettava pakkaus LUXTAR\u00ae X24 Black Edition &gt;XBB&lt; - Ksenonkuningas","robots":{"index":"index","follow":"follow","max-snippet":"max-snippet:-1","max-image-preview":"max-image-preview:large","max-video-preview":"max-video-preview:-1"},"canonical":"https:\/\/xenonkungen.com\/fi\/tuote\/hieno-paketti-luxtar-x24-musta-painos-xbb\/","og_locale":"fi_FI","og_type":"article","og_title":"Inf\u00e4llnadspaket LUXTAR\u00ae X24 Black Edition >XBB< - Xenonkungen","og_description":"Finns i varianterna DRIVING eller SPOT  Leveransinneh\u00e5ll: - LUXTAR\u00ae Ledramp X24 Black Edition - Inf\u00e4llnadsf\u00e4ste till X24 LEDramp - XBB OBD-II Dongel + PowerUnit - Kabelsats till XBB Power Unit","og_url":"https:\/\/xenonkungen.com\/fi\/tuote\/hieno-paketti-luxtar-x24-musta-painos-xbb\/","og_site_name":"Xenonkungen","article_modified_time":"2026-04-17T15:20:33+00:00","og_image":[{"width":2560,"height":2318,"url":"https:\/\/xenonkungen.com\/wp-content\/uploads\/2025\/06\/215780239-origpic-a2679e-scaled.png","type":"image\/png"}],"twitter_card":"summary_large_image","twitter_misc":{"Arvioitu lukuaika":"2 minuuttia"},"schema":{"@context":"https:\/\/schema.org","@graph":[{"@type":"WebPage","@id":"https:\/\/xenonkungen.com\/produkt\/infallnadspaket-luxtar-x24-black-edition-xbb\/","url":"https:\/\/xenonkungen.com\/produkt\/infallnadspaket-luxtar-x24-black-edition-xbb\/","name":"Upotettava pakkaus LUXTAR\u00ae X24 Black Edition &gt;XBB&lt; - Ksenonkuningas","isPartOf":{"@id":"https:\/\/xenonkungen.com\/#website"},"primaryImageOfPage":{"@id":"https:\/\/xenonkungen.com\/produkt\/infallnadspaket-luxtar-x24-black-edition-xbb\/#primaryimage"},"image":{"@id":"https:\/\/xenonkungen.com\/produkt\/infallnadspaket-luxtar-x24-black-edition-xbb\/#primaryimage"},"thumbnailUrl":"https:\/\/xenonkungen.com\/wp-content\/uploads\/2025\/06\/215780239-origpic-a2679e-scaled.png","datePublished":"2025-06-23T13:51:18+00:00","dateModified":"2026-04-17T15:20:33+00:00","breadcrumb":{"@id":"https:\/\/xenonkungen.com\/produkt\/infallnadspaket-luxtar-x24-black-edition-xbb\/#breadcrumb"},"inLanguage":"fi","potentialAction":[{"@type":"ReadAction","target":["https:\/\/xenonkungen.com\/produkt\/infallnadspaket-luxtar-x24-black-edition-xbb\/"]}]},{"@type":"ImageObject","inLanguage":"fi","@id":"https:\/\/xenonkungen.com\/produkt\/infallnadspaket-luxtar-x24-black-edition-xbb\/#primaryimage","url":"https:\/\/xenonkungen.com\/wp-content\/uploads\/2025\/06\/215780239-origpic-a2679e-scaled.png","contentUrl":"https:\/\/xenonkungen.com\/wp-content\/uploads\/2025\/06\/215780239-origpic-a2679e-scaled.png","width":2560,"height":2318},{"@type":"BreadcrumbList","@id":"https:\/\/xenonkungen.com\/produkt\/infallnadspaket-luxtar-x24-black-edition-xbb\/#breadcrumb","itemListElement":[{"@type":"ListItem","position":1,"name":"Hem","item":"https:\/\/xenonkungen.com\/"},{"@type":"ListItem","position":2,"name":"Shop","item":"https:\/\/xenonkungen.com\/shop\/"},{"@type":"ListItem","position":3,"name":"Inf\u00e4llnadspaket LUXTAR\u00ae X24 Black Edition >XBB"}]},{"@type":"WebSite","@id":"https:\/\/xenonkungen.com\/#website","url":"https:\/\/xenonkungen.com\/","name":"Xenonkungen","description":"","potentialAction":[{"@type":"SearchAction","target":{"@type":"EntryPoint","urlTemplate":"https:\/\/xenonkungen.com\/?s={search_term_string}"},"query-input":{"@type":"PropertyValueSpecification","valueRequired":true,"valueName":"search_term_string"}}],"inLanguage":"fi"}]}},"taxonomy_info":{"product_brand":[{"value":103,"label":"LUXTAR"}],"product_cat":[{"value":2539,"label":"LEDRAMPER"},{"value":2826,"label":"LUXTAR"},{"value":2820,"label":"Luxtar - Paketl\u00f6sningar"},{"value":2541,"label":"Luxtar X-Serie Black"},{"value":2596,"label":"Paket"},{"value":2160,"label":"LUXTAR X-serie Black"},{"value":1916,"label":"Ledrampspaket"}],"pa_faktisk-effekts-forbrukning":[{"value":1922,"label":"177,6"}],"pa_fuktskydd-varde-ipxx":[{"value":177,"label":"IP68"}],"pa_godkannande":[{"value":325,"label":"CE, EMC, RoHS"}],"pa_ljusbild":[{"value":178,"label":"Driving"},{"value":1177,"label":"Spot"}],"pa_storlek-mm":[{"value":1921,"label":"674x63x85"}],"pa_stromforbrukning":[{"value":1923,"label":"14,8A @12V"},{"value":1924,"label":"7,5A @24V"}],"pa_volt-v":[{"value":521,"label":"Multivolt, 9, 12, 16, 18, 24, 28, 30, 32"}]},"featured_image_src_large":["https:\/\/xenonkungen.com\/wp-content\/uploads\/2025\/06\/215780239-origpic-a2679e-1024x927.png",1024,927,true],"author_info":[],"comment_info":0,"_links":{"self":[{"href":"https:\/\/xenonkungen.com\/fi\/wp-json\/wp\/v2\/product\/11630","targetHints":{"allow":["GET"]}}],"collection":[{"href":"https:\/\/xenonkungen.com\/fi\/wp-json\/wp\/v2\/product"}],"about":[{"href":"https:\/\/xenonkungen.com\/fi\/wp-json\/wp\/v2\/types\/product"}],"replies":[{"embeddable":true,"href":"https:\/\/xenonkungen.com\/fi\/wp-json\/wp\/v2\/comments?post=11630"}],"wp:featuredmedia":[{"embeddable":true,"href":"https:\/\/xenonkungen.com\/fi\/wp-json\/wp\/v2\/media\/10869"}],"wp:attachment":[{"href":"https:\/\/xenonkungen.com\/fi\/wp-json\/wp\/v2\/media?parent=11630"}],"wp:term":[{"taxonomy":"anvandningsomrade","embeddable":true,"href":"https:\/\/xenonkungen.com\/fi\/wp-json\/wp\/v2\/anvandningsomrade?post=11630"},{"taxonomy":"bilmarken","embeddable":true,"href":"https:\/\/xenonkungen.com\/fi\/wp-json\/wp\/v2\/bilmarken?post=11630"},{"taxonomy":"product_brand","embeddable":true,"href":"https:\/\/xenonkungen.com\/fi\/wp-json\/wp\/v2\/product_brand?post=11630"},{"taxonomy":"product_cat","embeddable":true,"href":"https:\/\/xenonkungen.com\/fi\/wp-json\/wp\/v2\/product_cat?post=11630"},{"taxonomy":"product_tag","embeddable":true,"href":"https:\/\/xenonkungen.com\/fi\/wp-json\/wp\/v2\/product_tag?post=11630"}],"curies":[{"name":"wp","href":"https:\/\/api.w.org\/{rel}","templated":true}]}}