{"id":11639,"date":"2025-06-23T13:51:21","date_gmt":"2025-06-23T13:51:21","guid":{"rendered":"https:\/\/xenonkungen.com\/produkt\/infallnadspaket-luxtar-x20-black-edition-xbb\/"},"modified":"2026-05-15T11:52:16","modified_gmt":"2026-05-15T10:52:16","slug":"hieno-paketti-luxtar-x20-musta-versio-xbb","status":"publish","type":"product","link":"https:\/\/xenonkungen.com\/fi\/tuote\/hieno-paketti-luxtar-x20-musta-versio-xbb\/","title":{"rendered":"LUXTAR\u00ae X20 Black Edition uppoasennussarja &gt;XBB<"},"content":{"rendered":"<h1>T\u00e4ydellinen valmis paketti, jossa on k\u00e4sijohde, kiinnike ja kaapelointi.<\/h1>\n<p>Luxtar X-sarjan LED-ramppeissa on ainutlaatuinen muotoilu ja heijastimet sivulle asennetuilla diodilampuilla, mik\u00e4 parantaa merkitt\u00e4v\u00e4sti suorituskyky\u00e4.<\/p>\n<p>Lis\u00e4valon kiinnike pulverimaalatusta peltilevyst\u00e4, erityisesti valmistettu Luxtar X20 LED-rampillemme. Kiinnitet\u00e4\u00e4n rekisterikilven taakse ja antaa ohuen, upotetun ulkon\u00e4\u00f6n.<\/p>\n<p><strong>200 W | 20 000 lumenia<\/strong> ovat Luxtar X20:n teoreettisia arvoja, jotka voit ottaa huomioon vertaillessasi sit\u00e4 muihin markkinoilla oleviin vaihtoehtoihin (jotka painottavat teoreettisia tietoja).<\/p>\n<p><strong>P\u00e4ivit\u00e4 tarvittaessa<\/strong> kanssa <a href=\"https:\/\/www.xenonkungen.com\/se\/article.php?art=179733167\" target=\"NEW\">XBB-\u00e4lyrele<\/a> jos autossa on esimerkiksi Canbus-valojen valvonta.<\/p>\n<p>Luxtar X20 sopii niille, jotka priorisoivat toimintas\u00e4dett\u00e4 valon sijaan tai suuremmilla nopeuksilla, jolloin painopiste on luonnostaan pidemmill\u00e4 matkoilla.<\/p>\n<p><strong>Pakkauksen X20 sis\u00e4lt\u00f6:<\/strong><br \/>\n1. <a href=\"https:\/\/www.xenonkungen.com\/se\/produkter\/ledramper\/ledramp-serie\/x-serie\/luxtarr-ledramp-x20-blackedition.html\" target=\"_blank\" rel=\"noopener\">Valopalkki Luxtar Led-palkki X20<\/a><br \/>\n1. <a href=\"https:\/\/www.xenonkungen.com\/se\/produkter\/installationsmaterial\/fasten-universal\/extraljusfaste-inf-x20.html\" target=\"_blank\" rel=\"noopener\">Lis\u00e4valon kiinnike upotettuun asennukseen LED-ramppia varten X20 varten<\/a><br \/>\n1. <a href=\"https:\/\/www.xenonkungen.com\/se\/produkter\/installationsmaterial\/kablar-kontakter\/extraljuskabel-1b-12v.html\" target=\"_blank\" rel=\"noopener\">Lis\u00e4valon kaapeli 1B 12V<\/a><br \/>\n1 sarja <a href=\"https:\/\/www.xenonkungen.com\/se\/produkter\/installationsmaterial\/canbus-emc\/xbb-obd-ii-dongel-powerunit.html\" target=\"_blank\" rel=\"noopener\">XBB OBD-II-dongle + PowerUnit<\/a><br \/>\n1. <a href=\"https:\/\/www.xenonkungen.com\/se\/produkter\/installationsmaterial\/kablar-kontakter\/relakabelsats-till-xbb-obd-ii-power-unit.html\" target=\"_blank\" rel=\"noopener\">Relekaapelisarja XBB OBD-II -virtayksikk\u00f6\u00e4 varten<\/a><\/p>","protected":false},"excerpt":{"rendered":"<p><b>T\u00e4ydellinen valmispaketti<\/b> kiinnikkeell\u00e4 ja johdotuksella, jotka antavat autolle tyylikk\u00e4\u00e4n ja tehokkaan valopalkin.<\/p>\n<p>LUXTAR X20 Black Edition voitti Auto Ojanper\u00e4n ison ramppitestin.<br \/>\nTestiin osallistui 8 merkki\u00e4 ja 18 LED-ramppia, ja LUXTAR X20 Black Edition nousi voittajaksi!<\/p>","protected":false},"featured_media":10881,"comment_status":"closed","ping_status":"closed","template":"","meta":{"_acf_changed":false,"_smort_price_nok":"5549","_smort_price_dkk":"3525","_smort_price_eur":"472.25","_smort_sale_price_nok":"","_smort_sale_price_dkk":"","_smort_sale_price_eur":"","smort_restorder":"","shipmondo_restorder":"","_kad_blocks_custom_css":"","_kad_blocks_head_custom_js":"","_kad_blocks_body_custom_js":"","_kad_blocks_footer_custom_js":"","smort_custom_pricelist_1":null,"smort_custom_pricelist_2":null,"smort_custom_pricelist_3":null,"smort_custom_pricelist_4":null,"smort_custom_pricelist_5":null},"anvandningsomrade":[],"bilmarken":[],"product_brand":[103],"product_cat":[2539,2826,2541,2596,2160,1916],"product_tag":[],"class_list":{"0":"post-11639","1":"product","2":"type-product","3":"status-publish","4":"has-post-thumbnail","6":"product_brand-luxtar","7":"product_cat-ledramper","8":"product_cat-luxtar","9":"product_cat-luxtar-x-serie-black-ledramper","10":"product_cat-paket","11":"product_cat-luxtar-x-serie-black","12":"product_cat-ledrampspaket","13":"pa_faktisk-effekts-forbrukning-2274","14":"pa_fuktskydd-varde-ipxx-ip68","15":"pa_godkannande-e-markt","16":"pa_ljusbild-driving","17":"pa_ljusbild-spot","18":"pa_storlek-mm-570x63x85","19":"pa_stromforbrukning-121a-12v","20":"pa_stromforbrukning-62a-24v","21":"pa_volt-v-multivolt-9-12-16-18-24-28-30-32","23":"first","24":"instock","25":"taxable","26":"shipping-taxable","27":"purchasable","28":"product-type-variable"},"bundled_by":[],"bundle_stock_status":"instock","bundle_stock_quantity":500,"bundle_virtual":false,"bundle_layout":"","bundle_add_to_cart_form_location":"","bundle_editable_in_cart":false,"bundle_sold_individually_context":"","bundle_item_grouping":"","bundle_min_size":"","bundle_max_size":"","bundle_price":[],"bundled_items":[],"bundle_sell_ids":[],"acf":[],"yoast_head":"<!-- This site is optimized with the Yoast SEO plugin v27.0 - https:\/\/yoast.com\/product\/yoast-seo-wordpress\/ -->\n<title>Inf\u00e4llnadspaket LUXTAR\u00ae X20 Black Edition &gt;XBB&lt; - Xenonkungen<\/title>\n<meta name=\"robots\" content=\"index, follow, max-snippet:-1, max-image-preview:large, max-video-preview:-1\" \/>\n<link rel=\"canonical\" href=\"https:\/\/xenonkungen.com\/fi\/tuote\/hieno-paketti-luxtar-x20-musta-versio-xbb\/\" \/>\n<meta property=\"og:locale\" content=\"fi_FI\" \/>\n<meta property=\"og:type\" content=\"article\" \/>\n<meta property=\"og:title\" content=\"Inf\u00e4llnadspaket LUXTAR\u00ae X20 Black Edition &gt;XBB&lt; - Xenonkungen\" \/>\n<meta property=\"og:description\" content=\"Komplett f\u00e4rdigt paket med f\u00e4ste och kablage som ger bilen en snygg och effektiv ljusramp.  LUXTAR X20 Black Edition vann i Auto Ojanper\u00e4 stora ledrampstest. 8 varum\u00e4rken och 18st ledramper medverkade i testet och LUXTAR X20 Black Edition ut som segrare!\" \/>\n<meta property=\"og:url\" content=\"https:\/\/xenonkungen.com\/fi\/tuote\/hieno-paketti-luxtar-x20-musta-versio-xbb\/\" \/>\n<meta property=\"og:site_name\" content=\"Xenonkungen\" \/>\n<meta property=\"article:modified_time\" content=\"2026-05-15T10:52:16+00:00\" \/>\n<meta property=\"og:image\" content=\"https:\/\/xenonkungen.com\/wp-content\/uploads\/2025\/06\/197255921-origpic-b3d019.png\" \/>\n\t<meta property=\"og:image:width\" content=\"1000\" \/>\n\t<meta property=\"og:image:height\" content=\"1000\" \/>\n\t<meta property=\"og:image:type\" content=\"image\/png\" \/>\n<meta name=\"twitter:card\" content=\"summary_large_image\" \/>\n<meta name=\"twitter:label1\" content=\"Arvioitu lukuaika\" \/>\n\t<meta name=\"twitter:data1\" content=\"1 minuutti\" \/>\n<script type=\"application\/ld+json\" class=\"yoast-schema-graph\">{\"@context\":\"https:\/\/schema.org\",\"@graph\":[{\"@type\":\"WebPage\",\"@id\":\"https:\/\/xenonkungen.com\/produkt\/infallnadspaket-luxtar-x20-black-edition-xbb\/\",\"url\":\"https:\/\/xenonkungen.com\/produkt\/infallnadspaket-luxtar-x20-black-edition-xbb\/\",\"name\":\"Inf\u00e4llnadspaket LUXTAR\u00ae X20 Black Edition >XBB< - Xenonkungen\",\"isPartOf\":{\"@id\":\"https:\/\/xenonkungen.com\/#website\"},\"primaryImageOfPage\":{\"@id\":\"https:\/\/xenonkungen.com\/produkt\/infallnadspaket-luxtar-x20-black-edition-xbb\/#primaryimage\"},\"image\":{\"@id\":\"https:\/\/xenonkungen.com\/produkt\/infallnadspaket-luxtar-x20-black-edition-xbb\/#primaryimage\"},\"thumbnailUrl\":\"https:\/\/xenonkungen.com\/wp-content\/uploads\/2025\/06\/197255921-origpic-b3d019.png\",\"datePublished\":\"2025-06-23T13:51:21+00:00\",\"dateModified\":\"2026-05-15T10:52:16+00:00\",\"breadcrumb\":{\"@id\":\"https:\/\/xenonkungen.com\/produkt\/infallnadspaket-luxtar-x20-black-edition-xbb\/#breadcrumb\"},\"inLanguage\":\"fi\",\"potentialAction\":[{\"@type\":\"ReadAction\",\"target\":[\"https:\/\/xenonkungen.com\/produkt\/infallnadspaket-luxtar-x20-black-edition-xbb\/\"]}]},{\"@type\":\"ImageObject\",\"inLanguage\":\"fi\",\"@id\":\"https:\/\/xenonkungen.com\/produkt\/infallnadspaket-luxtar-x20-black-edition-xbb\/#primaryimage\",\"url\":\"https:\/\/xenonkungen.com\/wp-content\/uploads\/2025\/06\/197255921-origpic-b3d019.png\",\"contentUrl\":\"https:\/\/xenonkungen.com\/wp-content\/uploads\/2025\/06\/197255921-origpic-b3d019.png\",\"width\":1000,\"height\":1000},{\"@type\":\"BreadcrumbList\",\"@id\":\"https:\/\/xenonkungen.com\/produkt\/infallnadspaket-luxtar-x20-black-edition-xbb\/#breadcrumb\",\"itemListElement\":[{\"@type\":\"ListItem\",\"position\":1,\"name\":\"Hem\",\"item\":\"https:\/\/xenonkungen.com\/\"},{\"@type\":\"ListItem\",\"position\":2,\"name\":\"Shop\",\"item\":\"https:\/\/xenonkungen.com\/shop\/\"},{\"@type\":\"ListItem\",\"position\":3,\"name\":\"Inf\u00e4llnadspaket LUXTAR\u00ae X20 Black Edition >XBB\"}]},{\"@type\":\"WebSite\",\"@id\":\"https:\/\/xenonkungen.com\/#website\",\"url\":\"https:\/\/xenonkungen.com\/\",\"name\":\"Xenonkungen\",\"description\":\"\",\"potentialAction\":[{\"@type\":\"SearchAction\",\"target\":{\"@type\":\"EntryPoint\",\"urlTemplate\":\"https:\/\/xenonkungen.com\/?s={search_term_string}\"},\"query-input\":{\"@type\":\"PropertyValueSpecification\",\"valueRequired\":true,\"valueName\":\"search_term_string\"}}],\"inLanguage\":\"fi\"}]}<\/script>\n<!-- \/ Yoast SEO plugin. -->","yoast_head_json":{"title":"LUXTAR\u00ae X20 Black Edition uppoasennussarja &gt;XBB&lt; - Ksenonkuningas","robots":{"index":"index","follow":"follow","max-snippet":"max-snippet:-1","max-image-preview":"max-image-preview:large","max-video-preview":"max-video-preview:-1"},"canonical":"https:\/\/xenonkungen.com\/fi\/tuote\/hieno-paketti-luxtar-x20-musta-versio-xbb\/","og_locale":"fi_FI","og_type":"article","og_title":"Inf\u00e4llnadspaket LUXTAR\u00ae X20 Black Edition >XBB< - Xenonkungen","og_description":"Komplett f\u00e4rdigt paket med f\u00e4ste och kablage som ger bilen en snygg och effektiv ljusramp.  LUXTAR X20 Black Edition vann i Auto Ojanper\u00e4 stora ledrampstest. 8 varum\u00e4rken och 18st ledramper medverkade i testet och LUXTAR X20 Black Edition ut som segrare!","og_url":"https:\/\/xenonkungen.com\/fi\/tuote\/hieno-paketti-luxtar-x20-musta-versio-xbb\/","og_site_name":"Xenonkungen","article_modified_time":"2026-05-15T10:52:16+00:00","og_image":[{"width":1000,"height":1000,"url":"https:\/\/xenonkungen.com\/wp-content\/uploads\/2025\/06\/197255921-origpic-b3d019.png","type":"image\/png"}],"twitter_card":"summary_large_image","twitter_misc":{"Arvioitu lukuaika":"1 minuutti"},"schema":{"@context":"https:\/\/schema.org","@graph":[{"@type":"WebPage","@id":"https:\/\/xenonkungen.com\/produkt\/infallnadspaket-luxtar-x20-black-edition-xbb\/","url":"https:\/\/xenonkungen.com\/produkt\/infallnadspaket-luxtar-x20-black-edition-xbb\/","name":"LUXTAR\u00ae X20 Black Edition uppoasennussarja &gt;XBB&lt; - Ksenonkuningas","isPartOf":{"@id":"https:\/\/xenonkungen.com\/#website"},"primaryImageOfPage":{"@id":"https:\/\/xenonkungen.com\/produkt\/infallnadspaket-luxtar-x20-black-edition-xbb\/#primaryimage"},"image":{"@id":"https:\/\/xenonkungen.com\/produkt\/infallnadspaket-luxtar-x20-black-edition-xbb\/#primaryimage"},"thumbnailUrl":"https:\/\/xenonkungen.com\/wp-content\/uploads\/2025\/06\/197255921-origpic-b3d019.png","datePublished":"2025-06-23T13:51:21+00:00","dateModified":"2026-05-15T10:52:16+00:00","breadcrumb":{"@id":"https:\/\/xenonkungen.com\/produkt\/infallnadspaket-luxtar-x20-black-edition-xbb\/#breadcrumb"},"inLanguage":"fi","potentialAction":[{"@type":"ReadAction","target":["https:\/\/xenonkungen.com\/produkt\/infallnadspaket-luxtar-x20-black-edition-xbb\/"]}]},{"@type":"ImageObject","inLanguage":"fi","@id":"https:\/\/xenonkungen.com\/produkt\/infallnadspaket-luxtar-x20-black-edition-xbb\/#primaryimage","url":"https:\/\/xenonkungen.com\/wp-content\/uploads\/2025\/06\/197255921-origpic-b3d019.png","contentUrl":"https:\/\/xenonkungen.com\/wp-content\/uploads\/2025\/06\/197255921-origpic-b3d019.png","width":1000,"height":1000},{"@type":"BreadcrumbList","@id":"https:\/\/xenonkungen.com\/produkt\/infallnadspaket-luxtar-x20-black-edition-xbb\/#breadcrumb","itemListElement":[{"@type":"ListItem","position":1,"name":"Hem","item":"https:\/\/xenonkungen.com\/"},{"@type":"ListItem","position":2,"name":"Shop","item":"https:\/\/xenonkungen.com\/shop\/"},{"@type":"ListItem","position":3,"name":"Inf\u00e4llnadspaket LUXTAR\u00ae X20 Black Edition >XBB"}]},{"@type":"WebSite","@id":"https:\/\/xenonkungen.com\/#website","url":"https:\/\/xenonkungen.com\/","name":"Xenonkungen","description":"","potentialAction":[{"@type":"SearchAction","target":{"@type":"EntryPoint","urlTemplate":"https:\/\/xenonkungen.com\/?s={search_term_string}"},"query-input":{"@type":"PropertyValueSpecification","valueRequired":true,"valueName":"search_term_string"}}],"inLanguage":"fi"}]}},"taxonomy_info":{"product_brand":[{"value":103,"label":"LUXTAR"}],"product_cat":[{"value":2539,"label":"LEDRAMPER"},{"value":2826,"label":"LUXTAR"},{"value":2541,"label":"Luxtar X-Serie Black"},{"value":2596,"label":"Paket"},{"value":2160,"label":"LUXTAR X-serie B"},{"value":1916,"label":"Ledrampspaket"}],"pa_faktisk-effekts-forbrukning":[{"value":2274,"label":"146,4"}],"pa_fuktskydd-varde-ipxx":[{"value":177,"label":"IP68"}],"pa_godkannande":[{"value":191,"label":"E-m\u00e4rkt"}],"pa_ljusbild":[{"value":178,"label":"Driving"},{"value":1177,"label":"Spot"}],"pa_storlek-mm":[{"value":2197,"label":"570x63x85"}],"pa_stromforbrukning":[{"value":2200,"label":"12,1A @ 12V"},{"value":2275,"label":"6,2A @24V"}],"pa_volt-v":[{"value":521,"label":"Multivolt, 9, 12, 16, 18, 24, 28, 30, 32"}]},"featured_image_src_large":["https:\/\/xenonkungen.com\/wp-content\/uploads\/2025\/06\/197255921-origpic-b3d019.png",1000,1000,false],"author_info":[],"comment_info":2,"_links":{"self":[{"href":"https:\/\/xenonkungen.com\/fi\/wp-json\/wp\/v2\/product\/11639","targetHints":{"allow":["GET"]}}],"collection":[{"href":"https:\/\/xenonkungen.com\/fi\/wp-json\/wp\/v2\/product"}],"about":[{"href":"https:\/\/xenonkungen.com\/fi\/wp-json\/wp\/v2\/types\/product"}],"replies":[{"embeddable":true,"href":"https:\/\/xenonkungen.com\/fi\/wp-json\/wp\/v2\/comments?post=11639"}],"wp:featuredmedia":[{"embeddable":true,"href":"https:\/\/xenonkungen.com\/fi\/wp-json\/wp\/v2\/media\/10881"}],"wp:attachment":[{"href":"https:\/\/xenonkungen.com\/fi\/wp-json\/wp\/v2\/media?parent=11639"}],"wp:term":[{"taxonomy":"anvandningsomrade","embeddable":true,"href":"https:\/\/xenonkungen.com\/fi\/wp-json\/wp\/v2\/anvandningsomrade?post=11639"},{"taxonomy":"bilmarken","embeddable":true,"href":"https:\/\/xenonkungen.com\/fi\/wp-json\/wp\/v2\/bilmarken?post=11639"},{"taxonomy":"product_brand","embeddable":true,"href":"https:\/\/xenonkungen.com\/fi\/wp-json\/wp\/v2\/product_brand?post=11639"},{"taxonomy":"product_cat","embeddable":true,"href":"https:\/\/xenonkungen.com\/fi\/wp-json\/wp\/v2\/product_cat?post=11639"},{"taxonomy":"product_tag","embeddable":true,"href":"https:\/\/xenonkungen.com\/fi\/wp-json\/wp\/v2\/product_tag?post=11639"}],"curies":[{"name":"wp","href":"https:\/\/api.w.org\/{rel}","templated":true}]}}