{"id":11648,"date":"2025-06-23T13:51:23","date_gmt":"2025-06-23T13:51:23","guid":{"rendered":"https:\/\/xenonkungen.com\/produkt\/nightshift-wl10-arbetsljus\/"},"modified":"2026-05-04T10:50:32","modified_gmt":"2026-05-04T09:50:32","slug":"luxtar-wl10-arbetsljus","status":"publish","type":"product","link":"https:\/\/xenonkungen.com\/fi\/tuote\/luxtar-wl10-arbetsljus\/","title":{"rendered":"Luxtar WL10 Arbetsljus"},"content":{"rendered":"<h1>Pieni tehokas py\u00f6re\u00e4 ty\u00f6valo<\/h1>\n<p>Denna lilla lykta, \u00e4r precis som andra Luxtarlyktor byggda f\u00f6r att h\u00e5lla. Rej\u00e4lt hus i aluminium, lins av polycarbonat och rostfria f\u00e4stdetaljer i rostrfritt st\u00e5l g\u00f6r a detta \u00e4r en lykta som t\u00e5l v\u00e4der, vind och v\u00e5ld.<\/p>\n<p><strong>SPOT 20\u00b0<\/strong>T\u00e4ydellinen \"lis\u00e4valo\" moottoripy\u00f6riss\u00e4, moottorikelkoissa, ATV:ss\u00e4 jne. tai peruutusvalona, ty\u00f6valona per\u00e4vaunun hytin takana jne., kun haluat hyv\u00e4n suuntavalon kompaktissa muodossa.<\/p>\n<p><strong>TULVA 50<\/strong>T\u00e4ydellinen ty\u00f6valo pienemm\u00e4lle ty\u00f6alueelle. Sopii my\u00f6s peruutusvaloksi, ty\u00f6valoksi per\u00e4vaunun hytin taakse jne., kun haluat valoa kompaktissa muodossa.<\/p>\n<p>T\u00e4ss\u00e4 lampussa on 1 x 10W CREE LED ja se tuottaa noin 870 lumenia (nom. 1040 lm).<\/p>\n<p>Voidaan asentaa seisomaan tai roikkumaan.<br \/>\nElinik\u00e4 ~30,000 tuntia.<\/p>","protected":false},"excerpt":{"rendered":"<p>Pieni tehokas py\u00f6re\u00e4 ty\u00f6valo, jossa on 10W Cree XML LED-siru, joka antaa runsaasti valoa! Saatavana 20\u00b0 Spot tai 50\u00b0 Flood.<\/p>","protected":false},"featured_media":10903,"comment_status":"closed","ping_status":"closed","template":"","meta":{"_acf_changed":false,"_smort_price_nok":"373","_smort_price_dkk":"237","_smort_price_eur":"31.73","_smort_sale_price_nok":"","_smort_sale_price_dkk":"","_smort_sale_price_eur":"","smort_restorder":"","shipmondo_restorder":"","_kad_blocks_custom_css":"","_kad_blocks_head_custom_js":"","_kad_blocks_body_custom_js":"","_kad_blocks_footer_custom_js":"","smort_custom_pricelist_1":"","smort_custom_pricelist_2":"","smort_custom_pricelist_3":"","smort_custom_pricelist_4":"","smort_custom_pricelist_5":""},"anvandningsomrade":[],"bilmarken":[],"product_brand":[103],"product_cat":[508],"product_tag":[],"class_list":{"0":"post-11648","1":"product","2":"type-product","3":"status-publish","4":"has-post-thumbnail","6":"product_brand-luxtar","7":"product_cat-arbetsbelysning","8":"pa_faktisk-effekts-forbrukning-1481","9":"pa_fargtemperatur-1428","10":"pa_fuktskydd-varde-ipxx-ip68","11":"pa_lampsockel-kontakt-open-wire","12":"pa_ljusbild-flood","13":"pa_ljusbild-spot","14":"pa_ljusspridning-grader-2282","15":"pa_ljusspridning-grader-2280","16":"pa_storlek-mm-50x56x90","17":"pa_volt-v-multivolt-12-16-18-24-28-30-32","19":"first","20":"instock","21":"taxable","22":"shipping-taxable","23":"purchasable","24":"product-type-variable"},"bundled_by":[],"bundle_stock_status":"instock","bundle_stock_quantity":1,"bundle_virtual":false,"bundle_layout":"","bundle_add_to_cart_form_location":"","bundle_editable_in_cart":false,"bundle_sold_individually_context":"","bundle_item_grouping":"","bundle_min_size":"","bundle_max_size":"","bundle_price":[],"bundled_items":[],"bundle_sell_ids":[],"acf":[],"yoast_head":"<!-- This site is optimized with the Yoast SEO plugin v27.0 - https:\/\/yoast.com\/product\/yoast-seo-wordpress\/ -->\n<title>Luxtar WL10 Arbetsljus - Xenonkungen<\/title>\n<meta name=\"robots\" content=\"index, follow, max-snippet:-1, max-image-preview:large, max-video-preview:-1\" \/>\n<link rel=\"canonical\" href=\"https:\/\/xenonkungen.com\/fi\/tuote\/luxtar-wl10-arbetsljus\/\" \/>\n<meta property=\"og:locale\" content=\"fi_FI\" \/>\n<meta property=\"og:type\" content=\"article\" \/>\n<meta property=\"og:title\" content=\"Luxtar WL10 Arbetsljus - Xenonkungen\" \/>\n<meta property=\"og:description\" content=\"Litet kraftfullt runt arbetsljus med ett 10W Cree XML-ledchip som ger er rikligt med ljus! Finns som 20\u00b0 Spot eller 50\u00b0 Flood.\" \/>\n<meta property=\"og:url\" content=\"https:\/\/xenonkungen.com\/fi\/tuote\/luxtar-wl10-arbetsljus\/\" \/>\n<meta property=\"og:site_name\" content=\"Xenonkungen\" \/>\n<meta property=\"article:modified_time\" content=\"2026-05-04T09:50:32+00:00\" \/>\n<meta property=\"og:image\" content=\"https:\/\/xenonkungen.com\/wp-content\/uploads\/2025\/06\/Xenonkungen_2Rund-FLOOD_Beam_10W_CA193882-PNNG-1000px.png\" \/>\n\t<meta property=\"og:image:width\" content=\"1000\" \/>\n\t<meta property=\"og:image:height\" content=\"874\" \/>\n\t<meta property=\"og:image:type\" content=\"image\/png\" \/>\n<meta name=\"twitter:card\" content=\"summary_large_image\" \/>\n<meta name=\"twitter:label1\" content=\"Arvioitu lukuaika\" \/>\n\t<meta name=\"twitter:data1\" content=\"1 minuutti\" \/>\n<script type=\"application\/ld+json\" class=\"yoast-schema-graph\">{\"@context\":\"https:\/\/schema.org\",\"@graph\":[{\"@type\":\"WebPage\",\"@id\":\"https:\/\/xenonkungen.com\/produkt\/luxtar-wl10-arbetsljus\/\",\"url\":\"https:\/\/xenonkungen.com\/produkt\/luxtar-wl10-arbetsljus\/\",\"name\":\"Luxtar WL10 Arbetsljus - Xenonkungen\",\"isPartOf\":{\"@id\":\"https:\/\/xenonkungen.com\/#website\"},\"primaryImageOfPage\":{\"@id\":\"https:\/\/xenonkungen.com\/produkt\/luxtar-wl10-arbetsljus\/#primaryimage\"},\"image\":{\"@id\":\"https:\/\/xenonkungen.com\/produkt\/luxtar-wl10-arbetsljus\/#primaryimage\"},\"thumbnailUrl\":\"https:\/\/xenonkungen.com\/wp-content\/uploads\/2025\/06\/Xenonkungen_2Rund-FLOOD_Beam_10W_CA193882-PNNG-1000px.png\",\"datePublished\":\"2025-06-23T13:51:23+00:00\",\"dateModified\":\"2026-05-04T09:50:32+00:00\",\"breadcrumb\":{\"@id\":\"https:\/\/xenonkungen.com\/produkt\/luxtar-wl10-arbetsljus\/#breadcrumb\"},\"inLanguage\":\"fi\",\"potentialAction\":[{\"@type\":\"ReadAction\",\"target\":[\"https:\/\/xenonkungen.com\/produkt\/luxtar-wl10-arbetsljus\/\"]}]},{\"@type\":\"ImageObject\",\"inLanguage\":\"fi\",\"@id\":\"https:\/\/xenonkungen.com\/produkt\/luxtar-wl10-arbetsljus\/#primaryimage\",\"url\":\"https:\/\/xenonkungen.com\/wp-content\/uploads\/2025\/06\/Xenonkungen_2Rund-FLOOD_Beam_10W_CA193882-PNNG-1000px.png\",\"contentUrl\":\"https:\/\/xenonkungen.com\/wp-content\/uploads\/2025\/06\/Xenonkungen_2Rund-FLOOD_Beam_10W_CA193882-PNNG-1000px.png\",\"width\":1000,\"height\":874},{\"@type\":\"BreadcrumbList\",\"@id\":\"https:\/\/xenonkungen.com\/produkt\/luxtar-wl10-arbetsljus\/#breadcrumb\",\"itemListElement\":[{\"@type\":\"ListItem\",\"position\":1,\"name\":\"Hem\",\"item\":\"https:\/\/xenonkungen.com\/\"},{\"@type\":\"ListItem\",\"position\":2,\"name\":\"Shop\",\"item\":\"https:\/\/xenonkungen.com\/shop\/\"},{\"@type\":\"ListItem\",\"position\":3,\"name\":\"Luxtar WL10 Arbetsljus\"}]},{\"@type\":\"WebSite\",\"@id\":\"https:\/\/xenonkungen.com\/#website\",\"url\":\"https:\/\/xenonkungen.com\/\",\"name\":\"Xenonkungen\",\"description\":\"\",\"potentialAction\":[{\"@type\":\"SearchAction\",\"target\":{\"@type\":\"EntryPoint\",\"urlTemplate\":\"https:\/\/xenonkungen.com\/?s={search_term_string}\"},\"query-input\":{\"@type\":\"PropertyValueSpecification\",\"valueRequired\":true,\"valueName\":\"search_term_string\"}}],\"inLanguage\":\"fi\"}]}<\/script>\n<!-- \/ Yoast SEO plugin. -->","yoast_head_json":{"title":"Luxtar WL10 Arbetsljus - Xenonkungen","robots":{"index":"index","follow":"follow","max-snippet":"max-snippet:-1","max-image-preview":"max-image-preview:large","max-video-preview":"max-video-preview:-1"},"canonical":"https:\/\/xenonkungen.com\/fi\/tuote\/luxtar-wl10-arbetsljus\/","og_locale":"fi_FI","og_type":"article","og_title":"Luxtar WL10 Arbetsljus - Xenonkungen","og_description":"Litet kraftfullt runt arbetsljus med ett 10W Cree XML-ledchip som ger er rikligt med ljus! Finns som 20\u00b0 Spot eller 50\u00b0 Flood.","og_url":"https:\/\/xenonkungen.com\/fi\/tuote\/luxtar-wl10-arbetsljus\/","og_site_name":"Xenonkungen","article_modified_time":"2026-05-04T09:50:32+00:00","og_image":[{"width":1000,"height":874,"url":"https:\/\/xenonkungen.com\/wp-content\/uploads\/2025\/06\/Xenonkungen_2Rund-FLOOD_Beam_10W_CA193882-PNNG-1000px.png","type":"image\/png"}],"twitter_card":"summary_large_image","twitter_misc":{"Arvioitu lukuaika":"1 minuutti"},"schema":{"@context":"https:\/\/schema.org","@graph":[{"@type":"WebPage","@id":"https:\/\/xenonkungen.com\/produkt\/luxtar-wl10-arbetsljus\/","url":"https:\/\/xenonkungen.com\/produkt\/luxtar-wl10-arbetsljus\/","name":"Luxtar WL10 Arbetsljus - Xenonkungen","isPartOf":{"@id":"https:\/\/xenonkungen.com\/#website"},"primaryImageOfPage":{"@id":"https:\/\/xenonkungen.com\/produkt\/luxtar-wl10-arbetsljus\/#primaryimage"},"image":{"@id":"https:\/\/xenonkungen.com\/produkt\/luxtar-wl10-arbetsljus\/#primaryimage"},"thumbnailUrl":"https:\/\/xenonkungen.com\/wp-content\/uploads\/2025\/06\/Xenonkungen_2Rund-FLOOD_Beam_10W_CA193882-PNNG-1000px.png","datePublished":"2025-06-23T13:51:23+00:00","dateModified":"2026-05-04T09:50:32+00:00","breadcrumb":{"@id":"https:\/\/xenonkungen.com\/produkt\/luxtar-wl10-arbetsljus\/#breadcrumb"},"inLanguage":"fi","potentialAction":[{"@type":"ReadAction","target":["https:\/\/xenonkungen.com\/produkt\/luxtar-wl10-arbetsljus\/"]}]},{"@type":"ImageObject","inLanguage":"fi","@id":"https:\/\/xenonkungen.com\/produkt\/luxtar-wl10-arbetsljus\/#primaryimage","url":"https:\/\/xenonkungen.com\/wp-content\/uploads\/2025\/06\/Xenonkungen_2Rund-FLOOD_Beam_10W_CA193882-PNNG-1000px.png","contentUrl":"https:\/\/xenonkungen.com\/wp-content\/uploads\/2025\/06\/Xenonkungen_2Rund-FLOOD_Beam_10W_CA193882-PNNG-1000px.png","width":1000,"height":874},{"@type":"BreadcrumbList","@id":"https:\/\/xenonkungen.com\/produkt\/luxtar-wl10-arbetsljus\/#breadcrumb","itemListElement":[{"@type":"ListItem","position":1,"name":"Hem","item":"https:\/\/xenonkungen.com\/"},{"@type":"ListItem","position":2,"name":"Shop","item":"https:\/\/xenonkungen.com\/shop\/"},{"@type":"ListItem","position":3,"name":"Luxtar WL10 Arbetsljus"}]},{"@type":"WebSite","@id":"https:\/\/xenonkungen.com\/#website","url":"https:\/\/xenonkungen.com\/","name":"Xenonkungen","description":"","potentialAction":[{"@type":"SearchAction","target":{"@type":"EntryPoint","urlTemplate":"https:\/\/xenonkungen.com\/?s={search_term_string}"},"query-input":{"@type":"PropertyValueSpecification","valueRequired":true,"valueName":"search_term_string"}}],"inLanguage":"fi"}]}},"taxonomy_info":{"product_brand":[{"value":103,"label":"LUXTAR"}],"product_cat":[{"value":508,"label":"Arbetsbelysning"}],"pa_faktisk-effekts-forbrukning":[{"value":1481,"label":"95"}],"pa_fargtemperatur":[{"value":1428,"label":"6000"}],"pa_fuktskydd-varde-ipxx":[{"value":177,"label":"IP68"}],"pa_lampsockel-kontakt":[{"value":324,"label":"Open Wire"}],"pa_ljusbild":[{"value":503,"label":"FLOOD"},{"value":1177,"label":"Spot"}],"pa_ljusspridning-grader":[{"value":2282,"label":"20"},{"value":2280,"label":"50"}],"pa_storlek-mm":[{"value":2414,"label":"50x56x90"}],"pa_volt-v":[{"value":2281,"label":"Multivolt, 12, 16, 18, 24, 28, 30, 32"}]},"featured_image_src_large":["https:\/\/xenonkungen.com\/wp-content\/uploads\/2025\/06\/Xenonkungen_2Rund-FLOOD_Beam_10W_CA193882-PNNG-1000px.png",1000,874,false],"author_info":[],"comment_info":1,"_links":{"self":[{"href":"https:\/\/xenonkungen.com\/fi\/wp-json\/wp\/v2\/product\/11648","targetHints":{"allow":["GET"]}}],"collection":[{"href":"https:\/\/xenonkungen.com\/fi\/wp-json\/wp\/v2\/product"}],"about":[{"href":"https:\/\/xenonkungen.com\/fi\/wp-json\/wp\/v2\/types\/product"}],"replies":[{"embeddable":true,"href":"https:\/\/xenonkungen.com\/fi\/wp-json\/wp\/v2\/comments?post=11648"}],"wp:featuredmedia":[{"embeddable":true,"href":"https:\/\/xenonkungen.com\/fi\/wp-json\/wp\/v2\/media\/10903"}],"wp:attachment":[{"href":"https:\/\/xenonkungen.com\/fi\/wp-json\/wp\/v2\/media?parent=11648"}],"wp:term":[{"taxonomy":"anvandningsomrade","embeddable":true,"href":"https:\/\/xenonkungen.com\/fi\/wp-json\/wp\/v2\/anvandningsomrade?post=11648"},{"taxonomy":"bilmarken","embeddable":true,"href":"https:\/\/xenonkungen.com\/fi\/wp-json\/wp\/v2\/bilmarken?post=11648"},{"taxonomy":"product_brand","embeddable":true,"href":"https:\/\/xenonkungen.com\/fi\/wp-json\/wp\/v2\/product_brand?post=11648"},{"taxonomy":"product_cat","embeddable":true,"href":"https:\/\/xenonkungen.com\/fi\/wp-json\/wp\/v2\/product_cat?post=11648"},{"taxonomy":"product_tag","embeddable":true,"href":"https:\/\/xenonkungen.com\/fi\/wp-json\/wp\/v2\/product_tag?post=11648"}],"curies":[{"name":"wp","href":"https:\/\/api.w.org\/{rel}","templated":true}]}}