{"id":11663,"date":"2025-06-23T13:51:28","date_gmt":"2025-06-23T13:51:28","guid":{"rendered":"https:\/\/xenonkungen.com\/produkt\/41mmc5w-led-filament\/"},"modified":"2026-04-10T23:43:29","modified_gmt":"2026-04-10T22:43:29","slug":"41-mmc5w-led-filamentti","status":"publish","type":"product","link":"https:\/\/xenonkungen.com\/fi\/tuote\/41-mmc5w-led-filamentti\/","title":{"rendered":"41mm|C5W LED-hehkulanka"},"content":{"rendered":"<p>LED-hehkulangalla varustetut putkivalot, jotka muistuttavat perinteist\u00e4 halogeenihehkulamppua. Sopii auton, veneen, matkailuauton tai asuntovaunun sis\u00e4valaistukseen.<\/p>\n<p>Rekisterikilven valaistukseen suosittelemme vaihtoehtoisia tuotteita 151024 tai 151018.<\/p>\n<p>Valitse v\u00e4ril\u00e4mp\u00f6tila (kelvin):<br \/>\n<strong>3000K<\/strong> L\u00e4mmin<br \/>\n<strong>6000K<\/strong> Kallus valkoinen<\/p>","protected":false},"excerpt":{"rendered":"<p>Putkilamput, joissa on LED-filamentti, joka muistuttaa perinteist\u00e4 halogeenilamppua. Sopii autojen, veneiden, matkailuautojen tai asuntovaunujen sis\u00e4valaistukseen. Rekisterikilven valaistukseen suosittelemme vaihtoehtoista tuotetta 151024 tai 151018. Valitse v\u00e4ril\u00e4mp\u00f6tila (Kelvin): 3000K L\u00e4mmin 6000K Viile\u00e4 valkoinen<\/p>","protected":false},"featured_media":10938,"comment_status":"closed","ping_status":"closed","template":"","meta":{"_acf_changed":false,"_smort_price_nok":"37","_smort_price_dkk":"24","_smort_price_eur":"3.18","_smort_sale_price_nok":"","_smort_sale_price_dkk":"","_smort_sale_price_eur":"","smort_restorder":"","shipmondo_restorder":"","_kad_blocks_custom_css":"","_kad_blocks_head_custom_js":"","_kad_blocks_body_custom_js":"","_kad_blocks_footer_custom_js":"","smort_custom_pricelist_1":null,"smort_custom_pricelist_2":null,"smort_custom_pricelist_3":null,"smort_custom_pricelist_4":null,"smort_custom_pricelist_5":null},"anvandningsomrade":[],"bilmarken":[],"product_brand":[],"product_cat":[2454,2452,2453,338],"product_tag":[],"class_list":{"0":"post-11663","1":"product","2":"type-product","3":"status-publish","4":"has-post-thumbnail","6":"product_cat-31-42mm","7":"product_cat-c5w","8":"product_cat-sv85","9":"product_cat-diodlampor","10":"pa_fargtemperatur-2286","11":"pa_fargtemperatur-1428","12":"pa_lampsockel-kontakt-sv8-5-c5w","13":"pa_ljusspridning-grader-731","14":"pa_storlek-mm-41x85","15":"pa_volt-v-10-12-145","17":"first","18":"instock","19":"taxable","20":"shipping-taxable","21":"purchasable","22":"product-type-variable"},"bundled_by":[],"bundle_stock_status":"instock","bundle_stock_quantity":null,"bundle_virtual":false,"bundle_layout":"","bundle_add_to_cart_form_location":"","bundle_editable_in_cart":false,"bundle_sold_individually_context":"","bundle_item_grouping":"","bundle_min_size":"","bundle_max_size":"","bundle_price":[],"bundled_items":[],"bundle_sell_ids":[],"acf":[],"yoast_head":"<!-- This site is optimized with the Yoast SEO plugin v27.0 - https:\/\/yoast.com\/product\/yoast-seo-wordpress\/ -->\n<title>41mm|C5W LED Filament - Xenonkungen<\/title>\n<meta name=\"robots\" content=\"index, follow, max-snippet:-1, max-image-preview:large, max-video-preview:-1\" \/>\n<link rel=\"canonical\" href=\"https:\/\/xenonkungen.com\/fi\/tuote\/41-mmc5w-led-filamentti\/\" \/>\n<meta property=\"og:locale\" content=\"fi_FI\" \/>\n<meta property=\"og:type\" content=\"article\" \/>\n<meta property=\"og:title\" content=\"41mm|C5W LED Filament - Xenonkungen\" \/>\n<meta property=\"og:description\" content=\"R\u00f6rlampor med LED filament som \u00e4r snarlik en traditionell halogen gl\u00f6dtr\u00e5dslampa. L\u00e4mplig f\u00f6r interi\u00f6r belysning i bil, b\u00e5t, husbil eller husvagn. F\u00f6r belysning av reg-nummerskylt rekommenderar vi alternativ artikel 151024 eller 151018. V\u00e4lj f\u00e4rgtemperatur (Kelvin): 3000K Varmit 6000K Kallvit\" \/>\n<meta property=\"og:url\" content=\"https:\/\/xenonkungen.com\/fi\/tuote\/41-mmc5w-led-filamentti\/\" \/>\n<meta property=\"og:site_name\" content=\"Xenonkungen\" \/>\n<meta property=\"article:modified_time\" content=\"2026-04-10T22:43:29+00:00\" \/>\n<meta property=\"og:image\" content=\"https:\/\/xenonkungen.com\/wp-content\/uploads\/2025\/06\/122866516-origpic-9df188.png\" \/>\n\t<meta property=\"og:image:width\" content=\"1000\" \/>\n\t<meta property=\"og:image:height\" content=\"1000\" \/>\n\t<meta property=\"og:image:type\" content=\"image\/png\" \/>\n<meta name=\"twitter:card\" content=\"summary_large_image\" \/>\n<meta name=\"twitter:label1\" content=\"Arvioitu lukuaika\" \/>\n\t<meta name=\"twitter:data1\" content=\"1 minuutti\" \/>\n<script type=\"application\/ld+json\" class=\"yoast-schema-graph\">{\"@context\":\"https:\/\/schema.org\",\"@graph\":[{\"@type\":\"WebPage\",\"@id\":\"https:\/\/xenonkungen.com\/produkt\/41mmc5w-led-filament\/\",\"url\":\"https:\/\/xenonkungen.com\/produkt\/41mmc5w-led-filament\/\",\"name\":\"41mm|C5W LED Filament - Xenonkungen\",\"isPartOf\":{\"@id\":\"https:\/\/xenonkungen.com\/#website\"},\"primaryImageOfPage\":{\"@id\":\"https:\/\/xenonkungen.com\/produkt\/41mmc5w-led-filament\/#primaryimage\"},\"image\":{\"@id\":\"https:\/\/xenonkungen.com\/produkt\/41mmc5w-led-filament\/#primaryimage\"},\"thumbnailUrl\":\"https:\/\/xenonkungen.com\/wp-content\/uploads\/2025\/06\/122866516-origpic-9df188.png\",\"datePublished\":\"2025-06-23T13:51:28+00:00\",\"dateModified\":\"2026-04-10T22:43:29+00:00\",\"breadcrumb\":{\"@id\":\"https:\/\/xenonkungen.com\/produkt\/41mmc5w-led-filament\/#breadcrumb\"},\"inLanguage\":\"fi\",\"potentialAction\":[{\"@type\":\"ReadAction\",\"target\":[\"https:\/\/xenonkungen.com\/produkt\/41mmc5w-led-filament\/\"]}]},{\"@type\":\"ImageObject\",\"inLanguage\":\"fi\",\"@id\":\"https:\/\/xenonkungen.com\/produkt\/41mmc5w-led-filament\/#primaryimage\",\"url\":\"https:\/\/xenonkungen.com\/wp-content\/uploads\/2025\/06\/122866516-origpic-9df188.png\",\"contentUrl\":\"https:\/\/xenonkungen.com\/wp-content\/uploads\/2025\/06\/122866516-origpic-9df188.png\",\"width\":1000,\"height\":1000},{\"@type\":\"BreadcrumbList\",\"@id\":\"https:\/\/xenonkungen.com\/produkt\/41mmc5w-led-filament\/#breadcrumb\",\"itemListElement\":[{\"@type\":\"ListItem\",\"position\":1,\"name\":\"Hem\",\"item\":\"https:\/\/xenonkungen.com\/\"},{\"@type\":\"ListItem\",\"position\":2,\"name\":\"Shop\",\"item\":\"https:\/\/xenonkungen.com\/shop\/\"},{\"@type\":\"ListItem\",\"position\":3,\"name\":\"41mm|C5W LED Filament\"}]},{\"@type\":\"WebSite\",\"@id\":\"https:\/\/xenonkungen.com\/#website\",\"url\":\"https:\/\/xenonkungen.com\/\",\"name\":\"Xenonkungen\",\"description\":\"\",\"potentialAction\":[{\"@type\":\"SearchAction\",\"target\":{\"@type\":\"EntryPoint\",\"urlTemplate\":\"https:\/\/xenonkungen.com\/?s={search_term_string}\"},\"query-input\":{\"@type\":\"PropertyValueSpecification\",\"valueRequired\":true,\"valueName\":\"search_term_string\"}}],\"inLanguage\":\"fi\"}]}<\/script>\n<!-- \/ Yoast SEO plugin. -->","yoast_head_json":{"title":"41 mm | C5W LED-filamentti - Xenon-kuningas","robots":{"index":"index","follow":"follow","max-snippet":"max-snippet:-1","max-image-preview":"max-image-preview:large","max-video-preview":"max-video-preview:-1"},"canonical":"https:\/\/xenonkungen.com\/fi\/tuote\/41-mmc5w-led-filamentti\/","og_locale":"fi_FI","og_type":"article","og_title":"41mm|C5W LED Filament - Xenonkungen","og_description":"R\u00f6rlampor med LED filament som \u00e4r snarlik en traditionell halogen gl\u00f6dtr\u00e5dslampa. L\u00e4mplig f\u00f6r interi\u00f6r belysning i bil, b\u00e5t, husbil eller husvagn. F\u00f6r belysning av reg-nummerskylt rekommenderar vi alternativ artikel 151024 eller 151018. V\u00e4lj f\u00e4rgtemperatur (Kelvin): 3000K Varmit 6000K Kallvit","og_url":"https:\/\/xenonkungen.com\/fi\/tuote\/41-mmc5w-led-filamentti\/","og_site_name":"Xenonkungen","article_modified_time":"2026-04-10T22:43:29+00:00","og_image":[{"width":1000,"height":1000,"url":"https:\/\/xenonkungen.com\/wp-content\/uploads\/2025\/06\/122866516-origpic-9df188.png","type":"image\/png"}],"twitter_card":"summary_large_image","twitter_misc":{"Arvioitu lukuaika":"1 minuutti"},"schema":{"@context":"https:\/\/schema.org","@graph":[{"@type":"WebPage","@id":"https:\/\/xenonkungen.com\/produkt\/41mmc5w-led-filament\/","url":"https:\/\/xenonkungen.com\/produkt\/41mmc5w-led-filament\/","name":"41 mm | C5W LED-filamentti - Xenon-kuningas","isPartOf":{"@id":"https:\/\/xenonkungen.com\/#website"},"primaryImageOfPage":{"@id":"https:\/\/xenonkungen.com\/produkt\/41mmc5w-led-filament\/#primaryimage"},"image":{"@id":"https:\/\/xenonkungen.com\/produkt\/41mmc5w-led-filament\/#primaryimage"},"thumbnailUrl":"https:\/\/xenonkungen.com\/wp-content\/uploads\/2025\/06\/122866516-origpic-9df188.png","datePublished":"2025-06-23T13:51:28+00:00","dateModified":"2026-04-10T22:43:29+00:00","breadcrumb":{"@id":"https:\/\/xenonkungen.com\/produkt\/41mmc5w-led-filament\/#breadcrumb"},"inLanguage":"fi","potentialAction":[{"@type":"ReadAction","target":["https:\/\/xenonkungen.com\/produkt\/41mmc5w-led-filament\/"]}]},{"@type":"ImageObject","inLanguage":"fi","@id":"https:\/\/xenonkungen.com\/produkt\/41mmc5w-led-filament\/#primaryimage","url":"https:\/\/xenonkungen.com\/wp-content\/uploads\/2025\/06\/122866516-origpic-9df188.png","contentUrl":"https:\/\/xenonkungen.com\/wp-content\/uploads\/2025\/06\/122866516-origpic-9df188.png","width":1000,"height":1000},{"@type":"BreadcrumbList","@id":"https:\/\/xenonkungen.com\/produkt\/41mmc5w-led-filament\/#breadcrumb","itemListElement":[{"@type":"ListItem","position":1,"name":"Hem","item":"https:\/\/xenonkungen.com\/"},{"@type":"ListItem","position":2,"name":"Shop","item":"https:\/\/xenonkungen.com\/shop\/"},{"@type":"ListItem","position":3,"name":"41mm|C5W LED Filament"}]},{"@type":"WebSite","@id":"https:\/\/xenonkungen.com\/#website","url":"https:\/\/xenonkungen.com\/","name":"Xenonkungen","description":"","potentialAction":[{"@type":"SearchAction","target":{"@type":"EntryPoint","urlTemplate":"https:\/\/xenonkungen.com\/?s={search_term_string}"},"query-input":{"@type":"PropertyValueSpecification","valueRequired":true,"valueName":"search_term_string"}}],"inLanguage":"fi"}]}},"taxonomy_info":{"product_cat":[{"value":2454,"label":"31-42mm"},{"value":2452,"label":"C5W"},{"value":2453,"label":"SV8,5"},{"value":338,"label":"Diodlampor"}],"pa_fargtemperatur":[{"value":2286,"label":"3000"},{"value":1428,"label":"6000"}],"pa_lampsockel-kontakt":[{"value":784,"label":"SV8.5, C5W"}],"pa_ljusspridning-grader":[{"value":731,"label":"360"}],"pa_storlek-mm":[{"value":2418,"label":"41x8,5"}],"pa_volt-v":[{"value":2287,"label":"10, 12, 14,5"}]},"featured_image_src_large":["https:\/\/xenonkungen.com\/wp-content\/uploads\/2025\/06\/122866516-origpic-9df188.png",1000,1000,false],"author_info":[],"comment_info":0,"_links":{"self":[{"href":"https:\/\/xenonkungen.com\/fi\/wp-json\/wp\/v2\/product\/11663","targetHints":{"allow":["GET"]}}],"collection":[{"href":"https:\/\/xenonkungen.com\/fi\/wp-json\/wp\/v2\/product"}],"about":[{"href":"https:\/\/xenonkungen.com\/fi\/wp-json\/wp\/v2\/types\/product"}],"replies":[{"embeddable":true,"href":"https:\/\/xenonkungen.com\/fi\/wp-json\/wp\/v2\/comments?post=11663"}],"wp:featuredmedia":[{"embeddable":true,"href":"https:\/\/xenonkungen.com\/fi\/wp-json\/wp\/v2\/media\/10938"}],"wp:attachment":[{"href":"https:\/\/xenonkungen.com\/fi\/wp-json\/wp\/v2\/media?parent=11663"}],"wp:term":[{"taxonomy":"anvandningsomrade","embeddable":true,"href":"https:\/\/xenonkungen.com\/fi\/wp-json\/wp\/v2\/anvandningsomrade?post=11663"},{"taxonomy":"bilmarken","embeddable":true,"href":"https:\/\/xenonkungen.com\/fi\/wp-json\/wp\/v2\/bilmarken?post=11663"},{"taxonomy":"product_brand","embeddable":true,"href":"https:\/\/xenonkungen.com\/fi\/wp-json\/wp\/v2\/product_brand?post=11663"},{"taxonomy":"product_cat","embeddable":true,"href":"https:\/\/xenonkungen.com\/fi\/wp-json\/wp\/v2\/product_cat?post=11663"},{"taxonomy":"product_tag","embeddable":true,"href":"https:\/\/xenonkungen.com\/fi\/wp-json\/wp\/v2\/product_tag?post=11663"}],"curies":[{"name":"wp","href":"https:\/\/api.w.org\/{rel}","templated":true}]}}