{"id":11705,"date":"2025-06-23T13:51:44","date_gmt":"2025-06-23T13:51:44","guid":{"rendered":"https:\/\/xenonkungen.com\/produkt\/interiorlampa-o143mm-krom\/"},"modified":"2026-04-11T00:39:58","modified_gmt":"2026-04-10T23:39:58","slug":"sisavalaisin-o-143-mm-kromi","status":"publish","type":"product","link":"https:\/\/xenonkungen.com\/fi\/tuote\/sisavalaisin-o-143-mm-kromi\/","title":{"rendered":"Sis\u00e4valaisin \u00d8143mm | Kromi"},"content":{"rendered":"<div class=\"container\">\n<div class=\"feature\">\n<h1 class=\"title\">LED-sis\u00e4valaisin, jossa on korkea kirkkaus ja viile\u00e4n valkoinen LED<\/h1>\n<p class=\"description\">Tehokas LED-sis\u00e4valaisin, joka tarjoaa loisteputkimaisen valon viile\u00e4n valkoisella LEDill\u00e4, joka vastaa 60 W:n hehkulampun kirkkautta. T\u00e4ydellinen parantamaan ajoneuvojen ja muiden tilojen valaistusta laajan ja tasaisen valonjaon, iskun- ja t\u00e4rin\u00e4nkest\u00e4vyyden sek\u00e4 IP67-vedenpit\u00e4vyysluokituksen ansiosta.<\/p>\n<\/div>\n<div class=\"feature\">\n<h2 class=\"subtitle\">Toiminnot ja ominaisuudet:<\/h2>\n<ul class=\"list\">\n<li>Tehokas viile\u00e4n valkoinen LED-valo voimakkaaseen ja energiatehokkaaseen valaistukseen.<\/li>\n<li>360 asteen valonjako iskunkest\u00e4v\u00e4ll\u00e4 polykarbonaattilinssill\u00e4.<\/li>\n<li>L\u00e4mp\u00f6\u00e4 imev\u00e4 alumiinipohja optimaaliseen l\u00e4mm\u00f6npoistoon.<\/li>\n<li>IP67-luokitus takaa t\u00e4ydellisen suojan p\u00f6ly\u00e4 ja vett\u00e4 vastaan.<\/li>\n<li>Oikosulkusuojattu k\u00e4ytt\u00e4j\u00e4n turvallisuuden lis\u00e4\u00e4miseksi.<\/li>\n<\/ul>\n<\/div>\n<div class=\"usage\">\n<h2 class=\"subtitle\">K\u00e4ytt\u00f6alueet:<\/h2>\n<p class=\"usage-text\">Ihanteellinen monenlaisille ajoneuvoille, kuten autoille, kuorma-autoille, matkailuautoille ja veneille, sek\u00e4 sis\u00e4- ja ulkotiloihin, jotka tarvitsevat tehokasta valaistusta.<\/p>\n<\/div>\n<div class=\"installation\">\n<h2 class=\"subtitle\">Asennus:<\/h2>\n<p class=\"installation-text\">Helppo asennus joustavien kiinnitysvaihtoehtojen ansiosta, mik\u00e4 mahdollistaa valaistuksen helpon p\u00e4ivitt\u00e4misen ilman suurempia toimenpiteit\u00e4.<\/p>\n<\/div>\n<\/div>\n<p><strong>Takuu:<\/strong> 3 vuotta<\/p>","protected":false},"excerpt":{"rendered":"<p>LED Interi\u00f6rlampa med H\u00f6g Ljusstyrka och Cool White LED En kraftfull LED interi\u00f6rlampa som erbjuder ett lysr\u00f6rsaktigt ljus med en cool white LED, motsvarande ljusstyrkan hos en 60W gl\u00f6dlampa. Perfekt f\u00f6r att f\u00f6rb\u00e4ttra belysningen i fordon och andra utrymmen med dess omfattande och j\u00e4mn ljusspridning, st\u00f6t- och vibrationst\u00e5lighet, samt IP67-klassificering f\u00f6r vattent\u00e4thet. Funktioner och Egenskaper: [&hellip;]<\/p>","protected":false},"featured_media":11024,"comment_status":"closed","ping_status":"closed","template":"","meta":{"_acf_changed":false,"_smort_price_nok":"1186","_smort_price_dkk":"753","_smort_price_eur":"100.9","_smort_sale_price_nok":"","_smort_sale_price_dkk":"","_smort_sale_price_eur":"","smort_restorder":"","shipmondo_restorder":"","_kad_blocks_custom_css":"","_kad_blocks_head_custom_js":"","_kad_blocks_body_custom_js":"","_kad_blocks_footer_custom_js":"","smort_custom_pricelist_1":null,"smort_custom_pricelist_2":null,"smort_custom_pricelist_3":null,"smort_custom_pricelist_4":null,"smort_custom_pricelist_5":null},"anvandningsomrade":[166,238,2816],"bilmarken":[],"product_brand":[1252],"product_cat":[2586],"product_tag":[],"class_list":{"0":"post-11705","1":"product","2":"type-product","3":"status-publish","4":"has-post-thumbnail","6":"anvandningsomrade-lastbil","7":"anvandningsomrade-slap","8":"anvandningsomrade-trailer","9":"product_brand-lea","10":"product_cat-interiorbelysning-slap","11":"pa_storlek-mm-143x36","12":"pa_stromforbrukning-025a-28v","13":"pa_stromforbrukning-044a-138v","14":"pa_volt-v-159","15":"pa_volt-v-160","17":"first","18":"onbackorder","19":"taxable","20":"shipping-taxable","21":"purchasable","22":"product-type-variable"},"bundled_by":[],"bundle_stock_status":"onbackorder","bundle_stock_quantity":null,"bundle_virtual":false,"bundle_layout":"","bundle_add_to_cart_form_location":"","bundle_editable_in_cart":false,"bundle_sold_individually_context":"","bundle_item_grouping":"","bundle_min_size":"","bundle_max_size":"","bundle_price":[],"bundled_items":[],"bundle_sell_ids":[],"acf":[],"yoast_head":"<!-- This site is optimized with the Yoast SEO plugin v27.0 - https:\/\/yoast.com\/product\/yoast-seo-wordpress\/ -->\n<title>Interi\u00f6rlampa \u00d8143mm | Krom - Xenonkungen<\/title>\n<meta name=\"robots\" content=\"index, follow, max-snippet:-1, max-image-preview:large, max-video-preview:-1\" \/>\n<link rel=\"canonical\" href=\"https:\/\/xenonkungen.com\/fi\/tuote\/sisavalaisin-o-143-mm-kromi\/\" \/>\n<meta property=\"og:locale\" content=\"fi_FI\" \/>\n<meta property=\"og:type\" content=\"article\" \/>\n<meta property=\"og:title\" content=\"Interi\u00f6rlampa \u00d8143mm | Krom - Xenonkungen\" \/>\n<meta property=\"og:description\" content=\"LED Interi\u00f6rlampa med H\u00f6g Ljusstyrka och Cool White LED En kraftfull LED interi\u00f6rlampa som erbjuder ett lysr\u00f6rsaktigt ljus med en cool white LED, motsvarande ljusstyrkan hos en 60W gl\u00f6dlampa. Perfekt f\u00f6r att f\u00f6rb\u00e4ttra belysningen i fordon och andra utrymmen med dess omfattande och j\u00e4mn ljusspridning, st\u00f6t- och vibrationst\u00e5lighet, samt IP67-klassificering f\u00f6r vattent\u00e4thet. Funktioner och Egenskaper: [&hellip;]\" \/>\n<meta property=\"og:url\" content=\"https:\/\/xenonkungen.com\/fi\/tuote\/sisavalaisin-o-143-mm-kromi\/\" \/>\n<meta property=\"og:site_name\" content=\"Xenonkungen\" \/>\n<meta property=\"article:modified_time\" content=\"2026-04-10T23:39:58+00:00\" \/>\n<meta property=\"og:image\" content=\"https:\/\/xenonkungen.com\/wp-content\/uploads\/2025\/06\/7338158-origpic-8e1ccf.jpg\" \/>\n\t<meta property=\"og:image:width\" content=\"800\" \/>\n\t<meta property=\"og:image:height\" content=\"800\" \/>\n\t<meta property=\"og:image:type\" content=\"image\/jpeg\" \/>\n<meta name=\"twitter:card\" content=\"summary_large_image\" \/>\n<meta name=\"twitter:label1\" content=\"Arvioitu lukuaika\" \/>\n\t<meta name=\"twitter:data1\" content=\"1 minuutti\" \/>\n<script type=\"application\/ld+json\" class=\"yoast-schema-graph\">{\"@context\":\"https:\/\/schema.org\",\"@graph\":[{\"@type\":\"WebPage\",\"@id\":\"https:\/\/xenonkungen.com\/en\/product\/interiorlampa-o143mm-krom\/\",\"url\":\"https:\/\/xenonkungen.com\/en\/product\/interiorlampa-o143mm-krom\/\",\"name\":\"Interi\u00f6rlampa \u00d8143mm | Krom - Xenonkungen\",\"isPartOf\":{\"@id\":\"https:\/\/xenonkungen.com\/#website\"},\"primaryImageOfPage\":{\"@id\":\"https:\/\/xenonkungen.com\/en\/product\/interiorlampa-o143mm-krom\/#primaryimage\"},\"image\":{\"@id\":\"https:\/\/xenonkungen.com\/en\/product\/interiorlampa-o143mm-krom\/#primaryimage\"},\"thumbnailUrl\":\"https:\/\/xenonkungen.com\/wp-content\/uploads\/2025\/06\/7338158-origpic-8e1ccf.jpg\",\"datePublished\":\"2025-06-23T13:51:44+00:00\",\"dateModified\":\"2026-04-10T23:39:58+00:00\",\"breadcrumb\":{\"@id\":\"https:\/\/xenonkungen.com\/en\/product\/interiorlampa-o143mm-krom\/#breadcrumb\"},\"inLanguage\":\"fi\",\"potentialAction\":[{\"@type\":\"ReadAction\",\"target\":[\"https:\/\/xenonkungen.com\/en\/product\/interiorlampa-o143mm-krom\/\"]}]},{\"@type\":\"ImageObject\",\"inLanguage\":\"fi\",\"@id\":\"https:\/\/xenonkungen.com\/en\/product\/interiorlampa-o143mm-krom\/#primaryimage\",\"url\":\"https:\/\/xenonkungen.com\/wp-content\/uploads\/2025\/06\/7338158-origpic-8e1ccf.jpg\",\"contentUrl\":\"https:\/\/xenonkungen.com\/wp-content\/uploads\/2025\/06\/7338158-origpic-8e1ccf.jpg\",\"width\":800,\"height\":800},{\"@type\":\"BreadcrumbList\",\"@id\":\"https:\/\/xenonkungen.com\/en\/product\/interiorlampa-o143mm-krom\/#breadcrumb\",\"itemListElement\":[{\"@type\":\"ListItem\",\"position\":1,\"name\":\"Hem\",\"item\":\"https:\/\/xenonkungen.com\/\"},{\"@type\":\"ListItem\",\"position\":2,\"name\":\"Shop\",\"item\":\"https:\/\/xenonkungen.com\/shop\/\"},{\"@type\":\"ListItem\",\"position\":3,\"name\":\"Interi\u00f6rlampa \u00d8143mm | Krom\"}]},{\"@type\":\"WebSite\",\"@id\":\"https:\/\/xenonkungen.com\/#website\",\"url\":\"https:\/\/xenonkungen.com\/\",\"name\":\"Xenonkungen\",\"description\":\"\",\"potentialAction\":[{\"@type\":\"SearchAction\",\"target\":{\"@type\":\"EntryPoint\",\"urlTemplate\":\"https:\/\/xenonkungen.com\/?s={search_term_string}\"},\"query-input\":{\"@type\":\"PropertyValueSpecification\",\"valueRequired\":true,\"valueName\":\"search_term_string\"}}],\"inLanguage\":\"fi\"}]}<\/script>\n<!-- \/ Yoast SEO plugin. -->","yoast_head_json":{"title":"Sis\u00e4valo \u00d8143mm | Kromi - Xenon King","robots":{"index":"index","follow":"follow","max-snippet":"max-snippet:-1","max-image-preview":"max-image-preview:large","max-video-preview":"max-video-preview:-1"},"canonical":"https:\/\/xenonkungen.com\/fi\/tuote\/sisavalaisin-o-143-mm-kromi\/","og_locale":"fi_FI","og_type":"article","og_title":"Interi\u00f6rlampa \u00d8143mm | Krom - Xenonkungen","og_description":"LED Interi\u00f6rlampa med H\u00f6g Ljusstyrka och Cool White LED En kraftfull LED interi\u00f6rlampa som erbjuder ett lysr\u00f6rsaktigt ljus med en cool white LED, motsvarande ljusstyrkan hos en 60W gl\u00f6dlampa. Perfekt f\u00f6r att f\u00f6rb\u00e4ttra belysningen i fordon och andra utrymmen med dess omfattande och j\u00e4mn ljusspridning, st\u00f6t- och vibrationst\u00e5lighet, samt IP67-klassificering f\u00f6r vattent\u00e4thet. Funktioner och Egenskaper: [&hellip;]","og_url":"https:\/\/xenonkungen.com\/fi\/tuote\/sisavalaisin-o-143-mm-kromi\/","og_site_name":"Xenonkungen","article_modified_time":"2026-04-10T23:39:58+00:00","og_image":[{"width":800,"height":800,"url":"https:\/\/xenonkungen.com\/wp-content\/uploads\/2025\/06\/7338158-origpic-8e1ccf.jpg","type":"image\/jpeg"}],"twitter_card":"summary_large_image","twitter_misc":{"Arvioitu lukuaika":"1 minuutti"},"schema":{"@context":"https:\/\/schema.org","@graph":[{"@type":"WebPage","@id":"https:\/\/xenonkungen.com\/en\/product\/interiorlampa-o143mm-krom\/","url":"https:\/\/xenonkungen.com\/en\/product\/interiorlampa-o143mm-krom\/","name":"Sis\u00e4valo \u00d8143mm | Kromi - Xenon King","isPartOf":{"@id":"https:\/\/xenonkungen.com\/#website"},"primaryImageOfPage":{"@id":"https:\/\/xenonkungen.com\/en\/product\/interiorlampa-o143mm-krom\/#primaryimage"},"image":{"@id":"https:\/\/xenonkungen.com\/en\/product\/interiorlampa-o143mm-krom\/#primaryimage"},"thumbnailUrl":"https:\/\/xenonkungen.com\/wp-content\/uploads\/2025\/06\/7338158-origpic-8e1ccf.jpg","datePublished":"2025-06-23T13:51:44+00:00","dateModified":"2026-04-10T23:39:58+00:00","breadcrumb":{"@id":"https:\/\/xenonkungen.com\/en\/product\/interiorlampa-o143mm-krom\/#breadcrumb"},"inLanguage":"fi","potentialAction":[{"@type":"ReadAction","target":["https:\/\/xenonkungen.com\/en\/product\/interiorlampa-o143mm-krom\/"]}]},{"@type":"ImageObject","inLanguage":"fi","@id":"https:\/\/xenonkungen.com\/en\/product\/interiorlampa-o143mm-krom\/#primaryimage","url":"https:\/\/xenonkungen.com\/wp-content\/uploads\/2025\/06\/7338158-origpic-8e1ccf.jpg","contentUrl":"https:\/\/xenonkungen.com\/wp-content\/uploads\/2025\/06\/7338158-origpic-8e1ccf.jpg","width":800,"height":800},{"@type":"BreadcrumbList","@id":"https:\/\/xenonkungen.com\/en\/product\/interiorlampa-o143mm-krom\/#breadcrumb","itemListElement":[{"@type":"ListItem","position":1,"name":"Hem","item":"https:\/\/xenonkungen.com\/"},{"@type":"ListItem","position":2,"name":"Shop","item":"https:\/\/xenonkungen.com\/shop\/"},{"@type":"ListItem","position":3,"name":"Interi\u00f6rlampa \u00d8143mm | Krom"}]},{"@type":"WebSite","@id":"https:\/\/xenonkungen.com\/#website","url":"https:\/\/xenonkungen.com\/","name":"Xenonkungen","description":"","potentialAction":[{"@type":"SearchAction","target":{"@type":"EntryPoint","urlTemplate":"https:\/\/xenonkungen.com\/?s={search_term_string}"},"query-input":{"@type":"PropertyValueSpecification","valueRequired":true,"valueName":"search_term_string"}}],"inLanguage":"fi"}]}},"taxonomy_info":{"anvandningsomrade":[{"value":166,"label":"Lastbil"},{"value":238,"label":"SL\u00c4P"},{"value":2816,"label":"TRAILER"}],"product_brand":[{"value":1252,"label":"LEA"}],"product_cat":[{"value":2586,"label":"Interi\u00f6rbelysning"}],"pa_storlek-mm":[{"value":2421,"label":"143x36"}],"pa_stromforbrukning":[{"value":2260,"label":"0,25A @28V"},{"value":2301,"label":"0,44A @13,8V"}],"pa_volt-v":[{"value":159,"label":"12"},{"value":160,"label":"24"}]},"featured_image_src_large":["https:\/\/xenonkungen.com\/wp-content\/uploads\/2025\/06\/7338158-origpic-8e1ccf.jpg",800,800,false],"author_info":[],"comment_info":0,"_links":{"self":[{"href":"https:\/\/xenonkungen.com\/fi\/wp-json\/wp\/v2\/product\/11705","targetHints":{"allow":["GET"]}}],"collection":[{"href":"https:\/\/xenonkungen.com\/fi\/wp-json\/wp\/v2\/product"}],"about":[{"href":"https:\/\/xenonkungen.com\/fi\/wp-json\/wp\/v2\/types\/product"}],"replies":[{"embeddable":true,"href":"https:\/\/xenonkungen.com\/fi\/wp-json\/wp\/v2\/comments?post=11705"}],"wp:featuredmedia":[{"embeddable":true,"href":"https:\/\/xenonkungen.com\/fi\/wp-json\/wp\/v2\/media\/11024"}],"wp:attachment":[{"href":"https:\/\/xenonkungen.com\/fi\/wp-json\/wp\/v2\/media?parent=11705"}],"wp:term":[{"taxonomy":"anvandningsomrade","embeddable":true,"href":"https:\/\/xenonkungen.com\/fi\/wp-json\/wp\/v2\/anvandningsomrade?post=11705"},{"taxonomy":"bilmarken","embeddable":true,"href":"https:\/\/xenonkungen.com\/fi\/wp-json\/wp\/v2\/bilmarken?post=11705"},{"taxonomy":"product_brand","embeddable":true,"href":"https:\/\/xenonkungen.com\/fi\/wp-json\/wp\/v2\/product_brand?post=11705"},{"taxonomy":"product_cat","embeddable":true,"href":"https:\/\/xenonkungen.com\/fi\/wp-json\/wp\/v2\/product_cat?post=11705"},{"taxonomy":"product_tag","embeddable":true,"href":"https:\/\/xenonkungen.com\/fi\/wp-json\/wp\/v2\/product_tag?post=11705"}],"curies":[{"name":"wp","href":"https:\/\/api.w.org\/{rel}","templated":true}]}}