{"id":11726,"date":"2025-06-23T13:51:51","date_gmt":"2025-06-23T13:51:51","guid":{"rendered":"https:\/\/xenonkungen.com\/produkt\/interior-led-list-300mm-on-off\/"},"modified":"2026-04-11T00:37:29","modified_gmt":"2026-04-10T23:37:29","slug":"sisainen-led-nauha-300-mm-paalle-pois","status":"publish","type":"product","link":"https:\/\/xenonkungen.com\/fi\/tuote\/sisainen-led-nauha-300-mm-paalle-pois\/","title":{"rendered":"Sis\u00e4tilojen LED-nauhat 300mm | On\/Off"},"content":{"rendered":"<div class=\"container\">\n<h1>Ohut 300 mm:n LED-pylv\u00e4svalaisin virtapainikkeella<\/h1>\n<p>T\u00e4m\u00e4 kapea 300 mm:n LED-valopalkki on suunniteltu tarjoamaan erinomaista valaistusta 12 V\/24 V ajoneuvoissa ja muissa vastaavissa. Eritt\u00e4in kapea, vain 10 mm korkea ja 25 mm leve\u00e4 profiili tekee t\u00e4st\u00e4 valaisimesta sek\u00e4 huomaamattoman ett\u00e4 tehokkaan. Se on varustettu kirkkailla viile\u00e4n valkoisilla diodeilla, jotka luovat loisteputkimaisen valon, joka on verrattavissa noin 20\/30 W:n hehkulamppuun.<\/p>\n<h2>Ominaisuudet<\/h2>\n<ul>\n<li>Eritt\u00e4in ohut muotoilu tekee siit\u00e4 ihanteellisen monenlaiseen k\u00e4ytt\u00f6\u00f6n.<\/li>\n<li>Kirkkaat viile\u00e4n valkoiset diodilamput selke\u00e4\u00e4n ja tehokkaaseen valaistukseen.<\/li>\n<li>Polykarbonaattilinssi, jonka optiset ominaisuudet takaavat parhaan mahdollisen valonjaon.<\/li>\n<li>Kirkas linssi selke\u00e4\u00e4n ja hajautettuun valaistukseen, 62 luksia\/m.<\/li>\n<li>Tukee sek\u00e4 12 V ett\u00e4 24 V j\u00e4rjestelmi\u00e4, joten se sopii monipuolisesti erilaisiin ajoneuvoihin.<\/li>\n<\/ul>\n<p>T\u00e4m\u00e4 ruuvattava valaisin on paitsi tehokas my\u00f6s kest\u00e4v\u00e4, iskun- ja t\u00e4rin\u00e4nkest\u00e4v\u00e4, t\u00e4ysin upotettava ja painepesunkest\u00e4v\u00e4 IP67-luokituksensa ja oikosulkusuojauksensa ansiosta. T\u00e4ydellinen ajoneuvojen, huoltoautojen, asuntovaunujen ja muiden paikkojen sis\u00e4valaistukseen, joissa laadukas valo on v\u00e4ltt\u00e4m\u00e4t\u00f6nt\u00e4.<\/p>\n<\/div>\n<p><strong>Takuu:<\/strong> 3 vuotta<\/p>","protected":false},"excerpt":{"rendered":"<p>Slim 300mm LED Stavlampa med Av\/P\u00e5 Knapp Denna Slim 300mm LED stavlampa \u00e4r designad f\u00f6r att erbjuda \u00f6verl\u00e4gsen belysning i 12V\/24V fordon och mer. Med dess ultratunna profil p\u00e5 endast 10mm i h\u00f6jd och 25mm i bredd, \u00e4r denna lampa b\u00e5de diskret och kraftfull. Den utrustas med high brightness Cool white diodlampor f\u00f6r att skapa [&hellip;]<\/p>","protected":false},"featured_media":11069,"comment_status":"closed","ping_status":"closed","template":"","meta":{"_acf_changed":false,"_smort_price_nok":"620","_smort_price_dkk":"394","_smort_price_eur":"52.72","_smort_sale_price_nok":"","_smort_sale_price_dkk":"","_smort_sale_price_eur":"","smort_restorder":"","shipmondo_restorder":"","_kad_blocks_custom_css":"","_kad_blocks_head_custom_js":"","_kad_blocks_body_custom_js":"","_kad_blocks_footer_custom_js":"","smort_custom_pricelist_1":null,"smort_custom_pricelist_2":null,"smort_custom_pricelist_3":null,"smort_custom_pricelist_4":null,"smort_custom_pricelist_5":null},"anvandningsomrade":[166,238,2816],"bilmarken":[],"product_brand":[1252],"product_cat":[2586],"product_tag":[],"class_list":{"0":"post-11726","1":"product","2":"type-product","3":"status-publish","4":"has-post-thumbnail","6":"anvandningsomrade-lastbil","7":"anvandningsomrade-slap","8":"anvandningsomrade-trailer","9":"product_brand-lea","10":"product_cat-interiorbelysning-slap","11":"pa_fuktskydd-varde-ipxx-ip67","12":"pa_storlek-mm-300x25x10","13":"pa_stromforbrukning-017a-28v","14":"pa_stromforbrukning-031a-138v","15":"pa_volt-v-159","16":"pa_volt-v-160","18":"first","19":"onbackorder","20":"taxable","21":"shipping-taxable","22":"purchasable","23":"product-type-variable"},"bundled_by":[],"bundle_stock_status":"onbackorder","bundle_stock_quantity":null,"bundle_virtual":false,"bundle_layout":"","bundle_add_to_cart_form_location":"","bundle_editable_in_cart":false,"bundle_sold_individually_context":"","bundle_item_grouping":"","bundle_min_size":"","bundle_max_size":"","bundle_price":[],"bundled_items":[],"bundle_sell_ids":[],"acf":[],"yoast_head":"<!-- This site is optimized with the Yoast SEO plugin v27.0 - https:\/\/yoast.com\/product\/yoast-seo-wordpress\/ -->\n<title>Interi\u00f6r LED-list 300mm | On\/Off - Xenonkungen<\/title>\n<meta name=\"robots\" content=\"index, follow, max-snippet:-1, max-image-preview:large, max-video-preview:-1\" \/>\n<link rel=\"canonical\" href=\"https:\/\/xenonkungen.com\/fi\/tuote\/sisainen-led-nauha-300-mm-paalle-pois\/\" \/>\n<meta property=\"og:locale\" content=\"fi_FI\" \/>\n<meta property=\"og:type\" content=\"article\" \/>\n<meta property=\"og:title\" content=\"Interi\u00f6r LED-list 300mm | On\/Off - Xenonkungen\" \/>\n<meta property=\"og:description\" content=\"Slim 300mm LED Stavlampa med Av\/P\u00e5 Knapp Denna Slim 300mm LED stavlampa \u00e4r designad f\u00f6r att erbjuda \u00f6verl\u00e4gsen belysning i 12V\/24V fordon och mer. Med dess ultratunna profil p\u00e5 endast 10mm i h\u00f6jd och 25mm i bredd, \u00e4r denna lampa b\u00e5de diskret och kraftfull. Den utrustas med high brightness Cool white diodlampor f\u00f6r att skapa [&hellip;]\" \/>\n<meta property=\"og:url\" content=\"https:\/\/xenonkungen.com\/fi\/tuote\/sisainen-led-nauha-300-mm-paalle-pois\/\" \/>\n<meta property=\"og:site_name\" content=\"Xenonkungen\" \/>\n<meta property=\"article:modified_time\" content=\"2026-04-10T23:37:29+00:00\" \/>\n<meta property=\"og:image\" content=\"https:\/\/xenonkungen.com\/wp-content\/uploads\/2025\/06\/24597821-origpic-42030b.jpg\" \/>\n\t<meta property=\"og:image:width\" content=\"800\" \/>\n\t<meta property=\"og:image:height\" content=\"800\" \/>\n\t<meta property=\"og:image:type\" content=\"image\/jpeg\" \/>\n<meta name=\"twitter:card\" content=\"summary_large_image\" \/>\n<meta name=\"twitter:label1\" content=\"Arvioitu lukuaika\" \/>\n\t<meta name=\"twitter:data1\" content=\"1 minuutti\" \/>\n<script type=\"application\/ld+json\" class=\"yoast-schema-graph\">{\"@context\":\"https:\/\/schema.org\",\"@graph\":[{\"@type\":\"WebPage\",\"@id\":\"https:\/\/xenonkungen.com\/nl\/product\/interior-led-list-300mm-on-off\/\",\"url\":\"https:\/\/xenonkungen.com\/nl\/product\/interior-led-list-300mm-on-off\/\",\"name\":\"Interi\u00f6r LED-list 300mm | On\/Off - Xenonkungen\",\"isPartOf\":{\"@id\":\"https:\/\/xenonkungen.com\/#website\"},\"primaryImageOfPage\":{\"@id\":\"https:\/\/xenonkungen.com\/nl\/product\/interior-led-list-300mm-on-off\/#primaryimage\"},\"image\":{\"@id\":\"https:\/\/xenonkungen.com\/nl\/product\/interior-led-list-300mm-on-off\/#primaryimage\"},\"thumbnailUrl\":\"https:\/\/xenonkungen.com\/wp-content\/uploads\/2025\/06\/24597821-origpic-42030b.jpg\",\"datePublished\":\"2025-06-23T13:51:51+00:00\",\"dateModified\":\"2026-04-10T23:37:29+00:00\",\"breadcrumb\":{\"@id\":\"https:\/\/xenonkungen.com\/nl\/product\/interior-led-list-300mm-on-off\/#breadcrumb\"},\"inLanguage\":\"fi\",\"potentialAction\":[{\"@type\":\"ReadAction\",\"target\":[\"https:\/\/xenonkungen.com\/nl\/product\/interior-led-list-300mm-on-off\/\"]}]},{\"@type\":\"ImageObject\",\"inLanguage\":\"fi\",\"@id\":\"https:\/\/xenonkungen.com\/nl\/product\/interior-led-list-300mm-on-off\/#primaryimage\",\"url\":\"https:\/\/xenonkungen.com\/wp-content\/uploads\/2025\/06\/24597821-origpic-42030b.jpg\",\"contentUrl\":\"https:\/\/xenonkungen.com\/wp-content\/uploads\/2025\/06\/24597821-origpic-42030b.jpg\",\"width\":800,\"height\":800},{\"@type\":\"BreadcrumbList\",\"@id\":\"https:\/\/xenonkungen.com\/nl\/product\/interior-led-list-300mm-on-off\/#breadcrumb\",\"itemListElement\":[{\"@type\":\"ListItem\",\"position\":1,\"name\":\"Hem\",\"item\":\"https:\/\/xenonkungen.com\/\"},{\"@type\":\"ListItem\",\"position\":2,\"name\":\"Shop\",\"item\":\"https:\/\/xenonkungen.com\/shop\/\"},{\"@type\":\"ListItem\",\"position\":3,\"name\":\"Interi\u00f6r LED-list 300mm | On\/Off\"}]},{\"@type\":\"WebSite\",\"@id\":\"https:\/\/xenonkungen.com\/#website\",\"url\":\"https:\/\/xenonkungen.com\/\",\"name\":\"Xenonkungen\",\"description\":\"\",\"potentialAction\":[{\"@type\":\"SearchAction\",\"target\":{\"@type\":\"EntryPoint\",\"urlTemplate\":\"https:\/\/xenonkungen.com\/?s={search_term_string}\"},\"query-input\":{\"@type\":\"PropertyValueSpecification\",\"valueRequired\":true,\"valueName\":\"search_term_string\"}}],\"inLanguage\":\"fi\"}]}<\/script>\n<!-- \/ Yoast SEO plugin. -->","yoast_head_json":{"title":"Sis\u00e4tilojen LED-nauha 300 mm | P\u00e4\u00e4lle\/Pois - Xenonkungen","robots":{"index":"index","follow":"follow","max-snippet":"max-snippet:-1","max-image-preview":"max-image-preview:large","max-video-preview":"max-video-preview:-1"},"canonical":"https:\/\/xenonkungen.com\/fi\/tuote\/sisainen-led-nauha-300-mm-paalle-pois\/","og_locale":"fi_FI","og_type":"article","og_title":"Interi\u00f6r LED-list 300mm | On\/Off - Xenonkungen","og_description":"Slim 300mm LED Stavlampa med Av\/P\u00e5 Knapp Denna Slim 300mm LED stavlampa \u00e4r designad f\u00f6r att erbjuda \u00f6verl\u00e4gsen belysning i 12V\/24V fordon och mer. Med dess ultratunna profil p\u00e5 endast 10mm i h\u00f6jd och 25mm i bredd, \u00e4r denna lampa b\u00e5de diskret och kraftfull. Den utrustas med high brightness Cool white diodlampor f\u00f6r att skapa [&hellip;]","og_url":"https:\/\/xenonkungen.com\/fi\/tuote\/sisainen-led-nauha-300-mm-paalle-pois\/","og_site_name":"Xenonkungen","article_modified_time":"2026-04-10T23:37:29+00:00","og_image":[{"width":800,"height":800,"url":"https:\/\/xenonkungen.com\/wp-content\/uploads\/2025\/06\/24597821-origpic-42030b.jpg","type":"image\/jpeg"}],"twitter_card":"summary_large_image","twitter_misc":{"Arvioitu lukuaika":"1 minuutti"},"schema":{"@context":"https:\/\/schema.org","@graph":[{"@type":"WebPage","@id":"https:\/\/xenonkungen.com\/nl\/product\/interior-led-list-300mm-on-off\/","url":"https:\/\/xenonkungen.com\/nl\/product\/interior-led-list-300mm-on-off\/","name":"Sis\u00e4tilojen LED-nauha 300 mm | P\u00e4\u00e4lle\/Pois - Xenonkungen","isPartOf":{"@id":"https:\/\/xenonkungen.com\/#website"},"primaryImageOfPage":{"@id":"https:\/\/xenonkungen.com\/nl\/product\/interior-led-list-300mm-on-off\/#primaryimage"},"image":{"@id":"https:\/\/xenonkungen.com\/nl\/product\/interior-led-list-300mm-on-off\/#primaryimage"},"thumbnailUrl":"https:\/\/xenonkungen.com\/wp-content\/uploads\/2025\/06\/24597821-origpic-42030b.jpg","datePublished":"2025-06-23T13:51:51+00:00","dateModified":"2026-04-10T23:37:29+00:00","breadcrumb":{"@id":"https:\/\/xenonkungen.com\/nl\/product\/interior-led-list-300mm-on-off\/#breadcrumb"},"inLanguage":"fi","potentialAction":[{"@type":"ReadAction","target":["https:\/\/xenonkungen.com\/nl\/product\/interior-led-list-300mm-on-off\/"]}]},{"@type":"ImageObject","inLanguage":"fi","@id":"https:\/\/xenonkungen.com\/nl\/product\/interior-led-list-300mm-on-off\/#primaryimage","url":"https:\/\/xenonkungen.com\/wp-content\/uploads\/2025\/06\/24597821-origpic-42030b.jpg","contentUrl":"https:\/\/xenonkungen.com\/wp-content\/uploads\/2025\/06\/24597821-origpic-42030b.jpg","width":800,"height":800},{"@type":"BreadcrumbList","@id":"https:\/\/xenonkungen.com\/nl\/product\/interior-led-list-300mm-on-off\/#breadcrumb","itemListElement":[{"@type":"ListItem","position":1,"name":"Hem","item":"https:\/\/xenonkungen.com\/"},{"@type":"ListItem","position":2,"name":"Shop","item":"https:\/\/xenonkungen.com\/shop\/"},{"@type":"ListItem","position":3,"name":"Interi\u00f6r LED-list 300mm | On\/Off"}]},{"@type":"WebSite","@id":"https:\/\/xenonkungen.com\/#website","url":"https:\/\/xenonkungen.com\/","name":"Xenonkungen","description":"","potentialAction":[{"@type":"SearchAction","target":{"@type":"EntryPoint","urlTemplate":"https:\/\/xenonkungen.com\/?s={search_term_string}"},"query-input":{"@type":"PropertyValueSpecification","valueRequired":true,"valueName":"search_term_string"}}],"inLanguage":"fi"}]}},"taxonomy_info":{"anvandningsomrade":[{"value":166,"label":"Lastbil"},{"value":238,"label":"SL\u00c4P"},{"value":2816,"label":"TRAILER"}],"product_brand":[{"value":1252,"label":"LEA"}],"product_cat":[{"value":2586,"label":"Interi\u00f6rbelysning"}],"pa_fuktskydd-varde-ipxx":[{"value":333,"label":"IP67"}],"pa_storlek-mm":[{"value":2425,"label":"300x25x10"}],"pa_stromforbrukning":[{"value":2086,"label":"0,17A @28V"},{"value":2306,"label":"0,31A @13,8V"}],"pa_volt-v":[{"value":159,"label":"12"},{"value":160,"label":"24"}]},"featured_image_src_large":["https:\/\/xenonkungen.com\/wp-content\/uploads\/2025\/06\/24597821-origpic-42030b.jpg",800,800,false],"author_info":[],"comment_info":0,"_links":{"self":[{"href":"https:\/\/xenonkungen.com\/fi\/wp-json\/wp\/v2\/product\/11726","targetHints":{"allow":["GET"]}}],"collection":[{"href":"https:\/\/xenonkungen.com\/fi\/wp-json\/wp\/v2\/product"}],"about":[{"href":"https:\/\/xenonkungen.com\/fi\/wp-json\/wp\/v2\/types\/product"}],"replies":[{"embeddable":true,"href":"https:\/\/xenonkungen.com\/fi\/wp-json\/wp\/v2\/comments?post=11726"}],"wp:featuredmedia":[{"embeddable":true,"href":"https:\/\/xenonkungen.com\/fi\/wp-json\/wp\/v2\/media\/11069"}],"wp:attachment":[{"href":"https:\/\/xenonkungen.com\/fi\/wp-json\/wp\/v2\/media?parent=11726"}],"wp:term":[{"taxonomy":"anvandningsomrade","embeddable":true,"href":"https:\/\/xenonkungen.com\/fi\/wp-json\/wp\/v2\/anvandningsomrade?post=11726"},{"taxonomy":"bilmarken","embeddable":true,"href":"https:\/\/xenonkungen.com\/fi\/wp-json\/wp\/v2\/bilmarken?post=11726"},{"taxonomy":"product_brand","embeddable":true,"href":"https:\/\/xenonkungen.com\/fi\/wp-json\/wp\/v2\/product_brand?post=11726"},{"taxonomy":"product_cat","embeddable":true,"href":"https:\/\/xenonkungen.com\/fi\/wp-json\/wp\/v2\/product_cat?post=11726"},{"taxonomy":"product_tag","embeddable":true,"href":"https:\/\/xenonkungen.com\/fi\/wp-json\/wp\/v2\/product_tag?post=11726"}],"curies":[{"name":"wp","href":"https:\/\/api.w.org\/{rel}","templated":true}]}}