{"id":11756,"date":"2025-06-23T13:52:02","date_gmt":"2025-06-23T13:52:02","guid":{"rendered":"https:\/\/xenonkungen.com\/produkt\/nightshift-m60-led-positionsljus-r10-ip67\/"},"modified":"2026-05-12T14:32:28","modified_gmt":"2026-05-12T13:32:28","slug":"luxtar-m60-led-positionsljus-r10-ip67","status":"publish","type":"product","link":"https:\/\/xenonkungen.com\/fi\/tuote\/luxtar-m60-led-positionsljus-r10-ip67\/","title":{"rendered":"Luxtar M60 LED-seisontavalo R10 | IP67"},"content":{"rendered":"<h1>Luxtar Markeringslampor f\u00f6r Alla Positioner<\/h1>\n<p>Dessa energieffektiva och t\u00e5liga markeringslampor fr\u00e5n Luxtar \u00e4r designade f\u00f6r att erbjuda p\u00e5litlig prestanda och \u00f6kad s\u00e4kerhet f\u00f6r fordon i alla temperaturer.<\/p>\n<h2>Tekniset tiedot:<\/h2>\n<ul>\n<li><span class=\"highlight\">Materiaali:<\/span> Muovia ja polykarbonaattia optimaalisen kest\u00e4vyyden ja alhaisen painon varmistamiseksi.<\/li>\n<li><span class=\"highlight\">L\u00e4mp\u00f6tilan kest\u00e4vyys:<\/span> Luotettava toiminta -40 \u00b0C:sta +65 \u00b0C:seen.<\/li>\n<li><span class=\"highlight\">S\u00e4hk\u00f6nkulutus:<\/span> Poikkeuksellisen alhainen, vain 0,06A 13,5V:n j\u00e4nnitteell\u00e4.<\/li>\n<li><span class=\"highlight\">K\u00e4ytt\u00f6alueet:<\/span> Ihanteellinen etu-, sivu- ja takamerkint\u00e4\u00e4n.<\/li>\n<\/ul>\n<h2>Ominaisuudet:<\/h2>\n<ul>\n<li>Varmistaa hyv\u00e4n n\u00e4kyvyyden ja lis\u00e4\u00e4 ajoneuvon turvallisuutta.<\/li>\n<li>Tehokas energiank\u00e4ytt\u00f6 mahdollistaa useiden lamppujen k\u00e4yt\u00f6n samanaikaisesti.<\/li>\n<li>Vankka rakenne, joka kest\u00e4\u00e4 ankarat s\u00e4\u00e4olosuhteet ja ulkoiset rasitukset.<\/li>\n<li>Helppo asentaa useisiin ajoneuvotyyppeihin.<\/li>\n<\/ul>\n<p><strong> Hyv\u00e4 tiet\u00e4\u00e4<\/strong><br \/>\nT\u00e4m\u00e4n lampun virrankulutus on eritt\u00e4in alhainen, mik\u00e4 tarkoittaa, ett\u00e4 voit yleens\u00e4 k\u00e4ytt\u00e4\u00e4 vanhoja kaapeleita ja liitt\u00e4\u00e4 useita. Joko sarjaan tai rinnakkain.<\/p>","protected":false},"excerpt":{"rendered":"<p>Nightshift\u00ae Merkkivalaisin Monivoltti 10-30 voltti Koko (KxKxS) 60x32x26mm Sertifikaatti E-merkitty, ECE R7, R10, R91, IP67 Takuu 2 vuotta.<\/p>","protected":false},"featured_media":11128,"comment_status":"closed","ping_status":"closed","template":"","meta":{"_acf_changed":false,"_smort_price_nok":"91","_smort_price_dkk":"58","_smort_price_eur":"7.73","_smort_sale_price_nok":"","_smort_sale_price_dkk":"","_smort_sale_price_eur":"","smort_restorder":"","shipmondo_restorder":"","_kad_blocks_custom_css":"","_kad_blocks_head_custom_js":"","_kad_blocks_body_custom_js":"","_kad_blocks_footer_custom_js":"","smort_custom_pricelist_1":"","smort_custom_pricelist_2":"","smort_custom_pricelist_3":"","smort_custom_pricelist_4":"","smort_custom_pricelist_5":""},"anvandningsomrade":[166,238,2816],"bilmarken":[],"product_brand":[103],"product_cat":[3076,2478],"product_tag":[],"class_list":{"0":"post-11756","1":"product","2":"type-product","3":"status-publish","4":"has-post-thumbnail","6":"anvandningsomrade-lastbil","7":"anvandningsomrade-slap","8":"anvandningsomrade-trailer","9":"product_brand-luxtar","10":"product_cat-rekommendationer","11":"product_cat-positionsljus-slap","12":"pa_farg-amber","13":"pa_farg-red","14":"pa_farg-white","15":"pa_fuktskydd-varde-ipxx-ip67","16":"pa_godkannande-ece-r7-r10-r91","17":"pa_lampsockel-kontakt-open-wire","18":"pa_storlek-mm-60x32x26","19":"pa_stromforbrukning-003a-28v","20":"pa_stromforbrukning-006a-135v","21":"pa_volt-v-multivolt-10-12-16-18-24-28-30","23":"first","24":"instock","25":"taxable","26":"shipping-taxable","27":"purchasable","28":"product-type-variable"},"bundled_by":[],"bundle_stock_status":"instock","bundle_stock_quantity":null,"bundle_virtual":false,"bundle_layout":"","bundle_add_to_cart_form_location":"","bundle_editable_in_cart":false,"bundle_sold_individually_context":"","bundle_item_grouping":"","bundle_min_size":"","bundle_max_size":"","bundle_price":[],"bundled_items":[],"bundle_sell_ids":[],"acf":[],"yoast_head":"<!-- This site is optimized with the Yoast SEO plugin v27.0 - https:\/\/yoast.com\/product\/yoast-seo-wordpress\/ -->\n<title>Luxtar M60 LED Positionsljus R10 | IP67 - Xenonkungen<\/title>\n<meta name=\"robots\" content=\"index, follow, max-snippet:-1, max-image-preview:large, max-video-preview:-1\" \/>\n<link rel=\"canonical\" href=\"https:\/\/xenonkungen.com\/fi\/tuote\/luxtar-m60-led-positionsljus-r10-ip67\/\" \/>\n<meta property=\"og:locale\" content=\"fi_FI\" \/>\n<meta property=\"og:type\" content=\"article\" \/>\n<meta property=\"og:title\" content=\"Luxtar M60 LED Positionsljus R10 | IP67 - Xenonkungen\" \/>\n<meta property=\"og:description\" content=\"Nightshift\u00ae Markeringslampa Multivolt 10-30 volt Storlek (BxHxD) 60x32x26mm Certifikat E-M\u00e4rkt, ECE R7, R10, R91, IP67 Garanti 2 \u00e5r\" \/>\n<meta property=\"og:url\" content=\"https:\/\/xenonkungen.com\/fi\/tuote\/luxtar-m60-led-positionsljus-r10-ip67\/\" \/>\n<meta property=\"og:site_name\" content=\"Xenonkungen\" \/>\n<meta property=\"article:modified_time\" content=\"2026-05-12T13:32:28+00:00\" \/>\n<meta property=\"og:image\" content=\"https:\/\/xenonkungen.com\/wp-content\/uploads\/2025\/06\/174709199-origpic-2adf29.png\" \/>\n\t<meta property=\"og:image:width\" content=\"1000\" \/>\n\t<meta property=\"og:image:height\" content=\"1000\" \/>\n\t<meta property=\"og:image:type\" content=\"image\/png\" \/>\n<meta name=\"twitter:card\" content=\"summary_large_image\" \/>\n<meta name=\"twitter:label1\" content=\"Arvioitu lukuaika\" \/>\n\t<meta name=\"twitter:data1\" content=\"1 minuutti\" \/>\n<script type=\"application\/ld+json\" class=\"yoast-schema-graph\">{\"@context\":\"https:\/\/schema.org\",\"@graph\":[{\"@type\":\"WebPage\",\"@id\":\"https:\/\/xenonkungen.com\/produkt\/luxtar-m60-led-positionsljus-r10-ip67\/\",\"url\":\"https:\/\/xenonkungen.com\/produkt\/luxtar-m60-led-positionsljus-r10-ip67\/\",\"name\":\"Luxtar M60 LED Positionsljus R10 | IP67 - Xenonkungen\",\"isPartOf\":{\"@id\":\"https:\/\/xenonkungen.com\/#website\"},\"primaryImageOfPage\":{\"@id\":\"https:\/\/xenonkungen.com\/produkt\/luxtar-m60-led-positionsljus-r10-ip67\/#primaryimage\"},\"image\":{\"@id\":\"https:\/\/xenonkungen.com\/produkt\/luxtar-m60-led-positionsljus-r10-ip67\/#primaryimage\"},\"thumbnailUrl\":\"https:\/\/xenonkungen.com\/wp-content\/uploads\/2025\/06\/174709199-origpic-2adf29.png\",\"datePublished\":\"2025-06-23T13:52:02+00:00\",\"dateModified\":\"2026-05-12T13:32:28+00:00\",\"breadcrumb\":{\"@id\":\"https:\/\/xenonkungen.com\/produkt\/luxtar-m60-led-positionsljus-r10-ip67\/#breadcrumb\"},\"inLanguage\":\"fi\",\"potentialAction\":[{\"@type\":\"ReadAction\",\"target\":[\"https:\/\/xenonkungen.com\/produkt\/luxtar-m60-led-positionsljus-r10-ip67\/\"]}]},{\"@type\":\"ImageObject\",\"inLanguage\":\"fi\",\"@id\":\"https:\/\/xenonkungen.com\/produkt\/luxtar-m60-led-positionsljus-r10-ip67\/#primaryimage\",\"url\":\"https:\/\/xenonkungen.com\/wp-content\/uploads\/2025\/06\/174709199-origpic-2adf29.png\",\"contentUrl\":\"https:\/\/xenonkungen.com\/wp-content\/uploads\/2025\/06\/174709199-origpic-2adf29.png\",\"width\":1000,\"height\":1000},{\"@type\":\"BreadcrumbList\",\"@id\":\"https:\/\/xenonkungen.com\/produkt\/luxtar-m60-led-positionsljus-r10-ip67\/#breadcrumb\",\"itemListElement\":[{\"@type\":\"ListItem\",\"position\":1,\"name\":\"Hem\",\"item\":\"https:\/\/xenonkungen.com\/\"},{\"@type\":\"ListItem\",\"position\":2,\"name\":\"Shop\",\"item\":\"https:\/\/xenonkungen.com\/shop\/\"},{\"@type\":\"ListItem\",\"position\":3,\"name\":\"Luxtar M60 LED Positionsljus R10 | IP67\"}]},{\"@type\":\"WebSite\",\"@id\":\"https:\/\/xenonkungen.com\/#website\",\"url\":\"https:\/\/xenonkungen.com\/\",\"name\":\"Xenonkungen\",\"description\":\"\",\"potentialAction\":[{\"@type\":\"SearchAction\",\"target\":{\"@type\":\"EntryPoint\",\"urlTemplate\":\"https:\/\/xenonkungen.com\/?s={search_term_string}\"},\"query-input\":{\"@type\":\"PropertyValueSpecification\",\"valueRequired\":true,\"valueName\":\"search_term_string\"}}],\"inLanguage\":\"fi\"}]}<\/script>\n<!-- \/ Yoast SEO plugin. -->","yoast_head_json":{"title":"Luxtar M60 LED Positionsljus R10 | IP67 - Xenonkungen","robots":{"index":"index","follow":"follow","max-snippet":"max-snippet:-1","max-image-preview":"max-image-preview:large","max-video-preview":"max-video-preview:-1"},"canonical":"https:\/\/xenonkungen.com\/fi\/tuote\/luxtar-m60-led-positionsljus-r10-ip67\/","og_locale":"fi_FI","og_type":"article","og_title":"Luxtar M60 LED Positionsljus R10 | IP67 - Xenonkungen","og_description":"Nightshift\u00ae Markeringslampa Multivolt 10-30 volt Storlek (BxHxD) 60x32x26mm Certifikat E-M\u00e4rkt, ECE R7, R10, R91, IP67 Garanti 2 \u00e5r","og_url":"https:\/\/xenonkungen.com\/fi\/tuote\/luxtar-m60-led-positionsljus-r10-ip67\/","og_site_name":"Xenonkungen","article_modified_time":"2026-05-12T13:32:28+00:00","og_image":[{"width":1000,"height":1000,"url":"https:\/\/xenonkungen.com\/wp-content\/uploads\/2025\/06\/174709199-origpic-2adf29.png","type":"image\/png"}],"twitter_card":"summary_large_image","twitter_misc":{"Arvioitu lukuaika":"1 minuutti"},"schema":{"@context":"https:\/\/schema.org","@graph":[{"@type":"WebPage","@id":"https:\/\/xenonkungen.com\/produkt\/luxtar-m60-led-positionsljus-r10-ip67\/","url":"https:\/\/xenonkungen.com\/produkt\/luxtar-m60-led-positionsljus-r10-ip67\/","name":"Luxtar M60 LED Positionsljus R10 | IP67 - Xenonkungen","isPartOf":{"@id":"https:\/\/xenonkungen.com\/#website"},"primaryImageOfPage":{"@id":"https:\/\/xenonkungen.com\/produkt\/luxtar-m60-led-positionsljus-r10-ip67\/#primaryimage"},"image":{"@id":"https:\/\/xenonkungen.com\/produkt\/luxtar-m60-led-positionsljus-r10-ip67\/#primaryimage"},"thumbnailUrl":"https:\/\/xenonkungen.com\/wp-content\/uploads\/2025\/06\/174709199-origpic-2adf29.png","datePublished":"2025-06-23T13:52:02+00:00","dateModified":"2026-05-12T13:32:28+00:00","breadcrumb":{"@id":"https:\/\/xenonkungen.com\/produkt\/luxtar-m60-led-positionsljus-r10-ip67\/#breadcrumb"},"inLanguage":"fi","potentialAction":[{"@type":"ReadAction","target":["https:\/\/xenonkungen.com\/produkt\/luxtar-m60-led-positionsljus-r10-ip67\/"]}]},{"@type":"ImageObject","inLanguage":"fi","@id":"https:\/\/xenonkungen.com\/produkt\/luxtar-m60-led-positionsljus-r10-ip67\/#primaryimage","url":"https:\/\/xenonkungen.com\/wp-content\/uploads\/2025\/06\/174709199-origpic-2adf29.png","contentUrl":"https:\/\/xenonkungen.com\/wp-content\/uploads\/2025\/06\/174709199-origpic-2adf29.png","width":1000,"height":1000},{"@type":"BreadcrumbList","@id":"https:\/\/xenonkungen.com\/produkt\/luxtar-m60-led-positionsljus-r10-ip67\/#breadcrumb","itemListElement":[{"@type":"ListItem","position":1,"name":"Hem","item":"https:\/\/xenonkungen.com\/"},{"@type":"ListItem","position":2,"name":"Shop","item":"https:\/\/xenonkungen.com\/shop\/"},{"@type":"ListItem","position":3,"name":"Luxtar M60 LED Positionsljus R10 | IP67"}]},{"@type":"WebSite","@id":"https:\/\/xenonkungen.com\/#website","url":"https:\/\/xenonkungen.com\/","name":"Xenonkungen","description":"","potentialAction":[{"@type":"SearchAction","target":{"@type":"EntryPoint","urlTemplate":"https:\/\/xenonkungen.com\/?s={search_term_string}"},"query-input":{"@type":"PropertyValueSpecification","valueRequired":true,"valueName":"search_term_string"}}],"inLanguage":"fi"}]}},"taxonomy_info":{"anvandningsomrade":[{"value":166,"label":"Lastbil"},{"value":238,"label":"SL\u00c4P"},{"value":2816,"label":"TRAILER"}],"product_brand":[{"value":103,"label":"LUXTAR"}],"product_cat":[{"value":3076,"label":"Rekommendationer"},{"value":2478,"label":"Positionsljus"}],"pa_farg":[{"value":2244,"label":"Amber"},{"value":2681,"label":"Red"},{"value":2296,"label":"White"}],"pa_fuktskydd-varde-ipxx":[{"value":333,"label":"IP67"}],"pa_godkannande":[{"value":2315,"label":"ECE, R7, R10, R91"}],"pa_lampsockel-kontakt":[{"value":324,"label":"Open Wire"}],"pa_storlek-mm":[{"value":2429,"label":"60x32x26"}],"pa_stromforbrukning":[{"value":1825,"label":"0,03A @28V"},{"value":2314,"label":"0,06A @13,5V"}],"pa_volt-v":[{"value":773,"label":"Multivolt, 10, 12, 16, 18, 24, 28, 30"}]},"featured_image_src_large":["https:\/\/xenonkungen.com\/wp-content\/uploads\/2025\/06\/174709199-origpic-2adf29.png",1000,1000,false],"author_info":[],"comment_info":0,"_links":{"self":[{"href":"https:\/\/xenonkungen.com\/fi\/wp-json\/wp\/v2\/product\/11756","targetHints":{"allow":["GET"]}}],"collection":[{"href":"https:\/\/xenonkungen.com\/fi\/wp-json\/wp\/v2\/product"}],"about":[{"href":"https:\/\/xenonkungen.com\/fi\/wp-json\/wp\/v2\/types\/product"}],"replies":[{"embeddable":true,"href":"https:\/\/xenonkungen.com\/fi\/wp-json\/wp\/v2\/comments?post=11756"}],"wp:featuredmedia":[{"embeddable":true,"href":"https:\/\/xenonkungen.com\/fi\/wp-json\/wp\/v2\/media\/11128"}],"wp:attachment":[{"href":"https:\/\/xenonkungen.com\/fi\/wp-json\/wp\/v2\/media?parent=11756"}],"wp:term":[{"taxonomy":"anvandningsomrade","embeddable":true,"href":"https:\/\/xenonkungen.com\/fi\/wp-json\/wp\/v2\/anvandningsomrade?post=11756"},{"taxonomy":"bilmarken","embeddable":true,"href":"https:\/\/xenonkungen.com\/fi\/wp-json\/wp\/v2\/bilmarken?post=11756"},{"taxonomy":"product_brand","embeddable":true,"href":"https:\/\/xenonkungen.com\/fi\/wp-json\/wp\/v2\/product_brand?post=11756"},{"taxonomy":"product_cat","embeddable":true,"href":"https:\/\/xenonkungen.com\/fi\/wp-json\/wp\/v2\/product_cat?post=11756"},{"taxonomy":"product_tag","embeddable":true,"href":"https:\/\/xenonkungen.com\/fi\/wp-json\/wp\/v2\/product_tag?post=11756"}],"curies":[{"name":"wp","href":"https:\/\/api.w.org\/{rel}","templated":true}]}}