{"id":11760,"date":"2025-06-23T13:52:05","date_gmt":"2025-06-23T13:52:05","guid":{"rendered":"https:\/\/xenonkungen.com\/produkt\/solcellslampan-the-cube\/"},"modified":"2026-04-11T00:17:44","modified_gmt":"2026-04-10T23:17:44","slug":"kuutiomainen-aurinkolamppu","status":"publish","type":"product","link":"https:\/\/xenonkungen.com\/fi\/tuote\/kuutiomainen-aurinkolamppu\/","title":{"rendered":"Cube-aurinkolamppu"},"content":{"rendered":"<h1>Tutustu markkinoiden parhaaseen aurinkovalaisimeen<\/h1>\n<p>Osoitteessa <strong>automatisoitu aurinkolamppu<\/strong> tyylikk\u00e4\u00e4ss\u00e4 neli\u00f6n muotoisessa valaisimessa, joka tarjoaa paitsi tunnelmallisen valaistuksen my\u00f6s luonnetta ja tyyli\u00e4 ulkoymp\u00e4rist\u00f6\u00f6n. Valaisin latautuu tehokkaasti p\u00e4iv\u00e4ll\u00e4 ja kytkeytyy automaattisesti p\u00e4\u00e4lle h\u00e4m\u00e4r\u00e4n laskiessa luodakseen kutsuvan tunnelman illasta toiseen.<\/p>\n<p>Valitse viidest\u00e4 kauniista v\u00e4rist\u00e4: <strong>l\u00e4mmin valkoinen<\/strong>, <strong>luonnonvalkoinen<\/strong>, <strong>punainen v\u00e4ri<\/strong>, <strong>vihre\u00e4<\/strong> tai <strong>sininen<\/strong> valoa, jolloin voit mukauttaa valaistusta mielialan ja tilaisuuden mukaan. T\u00e4m\u00e4 kest\u00e4v\u00e4 valaisin on suunniteltu kest\u00e4m\u00e4\u00e4n kaikkia vuodenaikoja - kev\u00e4tt\u00e4, kes\u00e4\u00e4, syksy\u00e4 ja talvea - joten voit nauttia sen kauniista valosta ymp\u00e4ri vuoden s\u00e4\u00e4st\u00e4 riippumatta.<\/p>\n<p>Luo viihtyis\u00e4 ja kutsuva ulkoymp\u00e4rist\u00f6 ratkaisulla, joka on sek\u00e4 <strong>ymp\u00e4rist\u00f6yst\u00e4v\u00e4llinen<\/strong> ja <strong>huoltovapaa<\/strong>. Ei en\u00e4\u00e4 huolta lataamisesta tai paristojen vaihtamisesta - aurinkolamppumme tekee kaiken ty\u00f6n puolestasi!<\/p>","protected":false},"excerpt":{"rendered":"<p>Neli\u00f6n muotoinen automaattinen aurinkos\u00e4hk\u00f6valaisin.<br \/>\nV\u00e4rein\u00e4 l\u00e4mmin valkoinen, viile\u00e4 valkoinen, punainen, vihre\u00e4 tai sininen.<\/p>","protected":false},"featured_media":11136,"comment_status":"closed","ping_status":"closed","template":"","meta":{"_acf_changed":false,"_smort_price_nok":"106","_smort_price_dkk":"135","_smort_price_eur":"18.09","_smort_sale_price_nok":"","_smort_sale_price_dkk":"","_smort_sale_price_eur":"","smort_restorder":"","shipmondo_restorder":"","_kad_blocks_custom_css":"","_kad_blocks_head_custom_js":"","_kad_blocks_body_custom_js":"","_kad_blocks_footer_custom_js":"","smort_custom_pricelist_1":null,"smort_custom_pricelist_2":null,"smort_custom_pricelist_3":null,"smort_custom_pricelist_4":null,"smort_custom_pricelist_5":null},"anvandningsomrade":[237],"bilmarken":[],"product_brand":[117],"product_cat":[2439,1402],"product_tag":[],"class_list":{"0":"post-11760","1":"product","2":"type-product","3":"status-publish","4":"has-post-thumbnail","6":"anvandningsomrade-fritid","7":"product_brand-xenonkungen","8":"product_cat-hem","9":"product_cat-outlet","10":"pa_farg-blue","11":"pa_farg-cool-white","12":"pa_farg-green","13":"pa_farg-red","14":"pa_farg-warm-white","15":"pa_fuktskydd-varde-ipxx-ip65","16":"pa_storlek-mm-95x95x48","18":"first","19":"instock","20":"taxable","21":"shipping-taxable","22":"purchasable","23":"product-type-variable"},"bundled_by":[],"bundle_stock_status":"instock","bundle_stock_quantity":null,"bundle_virtual":false,"bundle_layout":"","bundle_add_to_cart_form_location":"","bundle_editable_in_cart":false,"bundle_sold_individually_context":"","bundle_item_grouping":"","bundle_min_size":"","bundle_max_size":"","bundle_price":[],"bundled_items":[],"bundle_sell_ids":[],"acf":[],"yoast_head":"<!-- This site is optimized with the Yoast SEO plugin v27.0 - https:\/\/yoast.com\/product\/yoast-seo-wordpress\/ -->\n<title>Solcellslampan The Cube - Xenonkungen<\/title>\n<meta name=\"robots\" content=\"index, follow, max-snippet:-1, max-image-preview:large, max-video-preview:-1\" \/>\n<link rel=\"canonical\" href=\"https:\/\/xenonkungen.com\/fi\/tuote\/kuutiomainen-aurinkolamppu\/\" \/>\n<meta property=\"og:locale\" content=\"fi_FI\" \/>\n<meta property=\"og:type\" content=\"article\" \/>\n<meta property=\"og:title\" content=\"Solcellslampan The Cube - Xenonkungen\" \/>\n<meta property=\"og:description\" content=\"En automatiserad solcellslampa i fyrkantigt format. I f\u00e4rgerna Varmvit, Kallvit, R\u00f6d, Gr\u00f6n eller Bl\u00e5.\" \/>\n<meta property=\"og:url\" content=\"https:\/\/xenonkungen.com\/fi\/tuote\/kuutiomainen-aurinkolamppu\/\" \/>\n<meta property=\"og:site_name\" content=\"Xenonkungen\" \/>\n<meta property=\"article:modified_time\" content=\"2026-04-10T23:17:44+00:00\" \/>\n<meta property=\"og:image\" content=\"https:\/\/xenonkungen.com\/wp-content\/uploads\/2025\/06\/215718821-origpic-581ea0.jpg\" \/>\n\t<meta property=\"og:image:width\" content=\"1000\" \/>\n\t<meta property=\"og:image:height\" content=\"666\" \/>\n\t<meta property=\"og:image:type\" content=\"image\/jpeg\" \/>\n<meta name=\"twitter:card\" content=\"summary_large_image\" \/>\n<meta name=\"twitter:label1\" content=\"Arvioitu lukuaika\" \/>\n\t<meta name=\"twitter:data1\" content=\"1 minuutti\" \/>\n<script type=\"application\/ld+json\" class=\"yoast-schema-graph\">{\"@context\":\"https:\/\/schema.org\",\"@graph\":[{\"@type\":\"WebPage\",\"@id\":\"https:\/\/xenonkungen.com\/produkt\/solcellslampan-the-cube\/\",\"url\":\"https:\/\/xenonkungen.com\/produkt\/solcellslampan-the-cube\/\",\"name\":\"Solcellslampan The Cube - Xenonkungen\",\"isPartOf\":{\"@id\":\"https:\/\/xenonkungen.com\/#website\"},\"primaryImageOfPage\":{\"@id\":\"https:\/\/xenonkungen.com\/produkt\/solcellslampan-the-cube\/#primaryimage\"},\"image\":{\"@id\":\"https:\/\/xenonkungen.com\/produkt\/solcellslampan-the-cube\/#primaryimage\"},\"thumbnailUrl\":\"https:\/\/xenonkungen.com\/wp-content\/uploads\/2025\/06\/215718821-origpic-581ea0.jpg\",\"datePublished\":\"2025-06-23T13:52:05+00:00\",\"dateModified\":\"2026-04-10T23:17:44+00:00\",\"breadcrumb\":{\"@id\":\"https:\/\/xenonkungen.com\/produkt\/solcellslampan-the-cube\/#breadcrumb\"},\"inLanguage\":\"fi\",\"potentialAction\":[{\"@type\":\"ReadAction\",\"target\":[\"https:\/\/xenonkungen.com\/produkt\/solcellslampan-the-cube\/\"]}]},{\"@type\":\"ImageObject\",\"inLanguage\":\"fi\",\"@id\":\"https:\/\/xenonkungen.com\/produkt\/solcellslampan-the-cube\/#primaryimage\",\"url\":\"https:\/\/xenonkungen.com\/wp-content\/uploads\/2025\/06\/215718821-origpic-581ea0.jpg\",\"contentUrl\":\"https:\/\/xenonkungen.com\/wp-content\/uploads\/2025\/06\/215718821-origpic-581ea0.jpg\",\"width\":1000,\"height\":666},{\"@type\":\"BreadcrumbList\",\"@id\":\"https:\/\/xenonkungen.com\/produkt\/solcellslampan-the-cube\/#breadcrumb\",\"itemListElement\":[{\"@type\":\"ListItem\",\"position\":1,\"name\":\"Hem\",\"item\":\"https:\/\/xenonkungen.com\/\"},{\"@type\":\"ListItem\",\"position\":2,\"name\":\"Shop\",\"item\":\"https:\/\/xenonkungen.com\/shop\/\"},{\"@type\":\"ListItem\",\"position\":3,\"name\":\"Solcellslampan The Cube\"}]},{\"@type\":\"WebSite\",\"@id\":\"https:\/\/xenonkungen.com\/#website\",\"url\":\"https:\/\/xenonkungen.com\/\",\"name\":\"Xenonkungen\",\"description\":\"\",\"potentialAction\":[{\"@type\":\"SearchAction\",\"target\":{\"@type\":\"EntryPoint\",\"urlTemplate\":\"https:\/\/xenonkungen.com\/?s={search_term_string}\"},\"query-input\":{\"@type\":\"PropertyValueSpecification\",\"valueRequired\":true,\"valueName\":\"search_term_string\"}}],\"inLanguage\":\"fi\"}]}<\/script>\n<!-- \/ Yoast SEO plugin. -->","yoast_head_json":{"title":"Aurinkok\u00e4ytt\u00f6inen lamppu The Cube - Xenon King","robots":{"index":"index","follow":"follow","max-snippet":"max-snippet:-1","max-image-preview":"max-image-preview:large","max-video-preview":"max-video-preview:-1"},"canonical":"https:\/\/xenonkungen.com\/fi\/tuote\/kuutiomainen-aurinkolamppu\/","og_locale":"fi_FI","og_type":"article","og_title":"Solcellslampan The Cube - Xenonkungen","og_description":"En automatiserad solcellslampa i fyrkantigt format. I f\u00e4rgerna Varmvit, Kallvit, R\u00f6d, Gr\u00f6n eller Bl\u00e5.","og_url":"https:\/\/xenonkungen.com\/fi\/tuote\/kuutiomainen-aurinkolamppu\/","og_site_name":"Xenonkungen","article_modified_time":"2026-04-10T23:17:44+00:00","og_image":[{"width":1000,"height":666,"url":"https:\/\/xenonkungen.com\/wp-content\/uploads\/2025\/06\/215718821-origpic-581ea0.jpg","type":"image\/jpeg"}],"twitter_card":"summary_large_image","twitter_misc":{"Arvioitu lukuaika":"1 minuutti"},"schema":{"@context":"https:\/\/schema.org","@graph":[{"@type":"WebPage","@id":"https:\/\/xenonkungen.com\/produkt\/solcellslampan-the-cube\/","url":"https:\/\/xenonkungen.com\/produkt\/solcellslampan-the-cube\/","name":"Aurinkok\u00e4ytt\u00f6inen lamppu The Cube - Xenon King","isPartOf":{"@id":"https:\/\/xenonkungen.com\/#website"},"primaryImageOfPage":{"@id":"https:\/\/xenonkungen.com\/produkt\/solcellslampan-the-cube\/#primaryimage"},"image":{"@id":"https:\/\/xenonkungen.com\/produkt\/solcellslampan-the-cube\/#primaryimage"},"thumbnailUrl":"https:\/\/xenonkungen.com\/wp-content\/uploads\/2025\/06\/215718821-origpic-581ea0.jpg","datePublished":"2025-06-23T13:52:05+00:00","dateModified":"2026-04-10T23:17:44+00:00","breadcrumb":{"@id":"https:\/\/xenonkungen.com\/produkt\/solcellslampan-the-cube\/#breadcrumb"},"inLanguage":"fi","potentialAction":[{"@type":"ReadAction","target":["https:\/\/xenonkungen.com\/produkt\/solcellslampan-the-cube\/"]}]},{"@type":"ImageObject","inLanguage":"fi","@id":"https:\/\/xenonkungen.com\/produkt\/solcellslampan-the-cube\/#primaryimage","url":"https:\/\/xenonkungen.com\/wp-content\/uploads\/2025\/06\/215718821-origpic-581ea0.jpg","contentUrl":"https:\/\/xenonkungen.com\/wp-content\/uploads\/2025\/06\/215718821-origpic-581ea0.jpg","width":1000,"height":666},{"@type":"BreadcrumbList","@id":"https:\/\/xenonkungen.com\/produkt\/solcellslampan-the-cube\/#breadcrumb","itemListElement":[{"@type":"ListItem","position":1,"name":"Hem","item":"https:\/\/xenonkungen.com\/"},{"@type":"ListItem","position":2,"name":"Shop","item":"https:\/\/xenonkungen.com\/shop\/"},{"@type":"ListItem","position":3,"name":"Solcellslampan The Cube"}]},{"@type":"WebSite","@id":"https:\/\/xenonkungen.com\/#website","url":"https:\/\/xenonkungen.com\/","name":"Xenonkungen","description":"","potentialAction":[{"@type":"SearchAction","target":{"@type":"EntryPoint","urlTemplate":"https:\/\/xenonkungen.com\/?s={search_term_string}"},"query-input":{"@type":"PropertyValueSpecification","valueRequired":true,"valueName":"search_term_string"}}],"inLanguage":"fi"}]}},"taxonomy_info":{"anvandningsomrade":[{"value":237,"label":"Fritid"}],"product_brand":[{"value":117,"label":"Xenonkungen"}],"product_cat":[{"value":2439,"label":"HEM"},{"value":1402,"label":"Outlet"}],"pa_farg":[{"value":2298,"label":"Blue"},{"value":2684,"label":"Cool White"},{"value":2682,"label":"Green"},{"value":2681,"label":"Red"},{"value":2683,"label":"Warm White"}],"pa_fuktskydd-varde-ipxx":[{"value":520,"label":"IP65"}],"pa_storlek-mm":[{"value":2430,"label":"9,5x9,5x4,8"}]},"featured_image_src_large":["https:\/\/xenonkungen.com\/wp-content\/uploads\/2025\/06\/215718821-origpic-581ea0.jpg",1000,666,false],"author_info":[],"comment_info":0,"_links":{"self":[{"href":"https:\/\/xenonkungen.com\/fi\/wp-json\/wp\/v2\/product\/11760","targetHints":{"allow":["GET"]}}],"collection":[{"href":"https:\/\/xenonkungen.com\/fi\/wp-json\/wp\/v2\/product"}],"about":[{"href":"https:\/\/xenonkungen.com\/fi\/wp-json\/wp\/v2\/types\/product"}],"replies":[{"embeddable":true,"href":"https:\/\/xenonkungen.com\/fi\/wp-json\/wp\/v2\/comments?post=11760"}],"wp:featuredmedia":[{"embeddable":true,"href":"https:\/\/xenonkungen.com\/fi\/wp-json\/wp\/v2\/media\/11136"}],"wp:attachment":[{"href":"https:\/\/xenonkungen.com\/fi\/wp-json\/wp\/v2\/media?parent=11760"}],"wp:term":[{"taxonomy":"anvandningsomrade","embeddable":true,"href":"https:\/\/xenonkungen.com\/fi\/wp-json\/wp\/v2\/anvandningsomrade?post=11760"},{"taxonomy":"bilmarken","embeddable":true,"href":"https:\/\/xenonkungen.com\/fi\/wp-json\/wp\/v2\/bilmarken?post=11760"},{"taxonomy":"product_brand","embeddable":true,"href":"https:\/\/xenonkungen.com\/fi\/wp-json\/wp\/v2\/product_brand?post=11760"},{"taxonomy":"product_cat","embeddable":true,"href":"https:\/\/xenonkungen.com\/fi\/wp-json\/wp\/v2\/product_cat?post=11760"},{"taxonomy":"product_tag","embeddable":true,"href":"https:\/\/xenonkungen.com\/fi\/wp-json\/wp\/v2\/product_tag?post=11760"}],"curies":[{"name":"wp","href":"https:\/\/api.w.org\/{rel}","templated":true}]}}