{"id":11766,"date":"2025-06-23T13:52:08","date_gmt":"2025-06-23T13:52:08","guid":{"rendered":"https:\/\/xenonkungen.com\/produkt\/poppy-vikinghjalm\/"},"modified":"2026-03-09T15:48:23","modified_gmt":"2026-03-09T14:48:23","slug":"unikko-viikinkikypara","status":"publish","type":"product","link":"https:\/\/xenonkungen.com\/fi\/tuote\/unikko-viikinkikypara\/","title":{"rendered":"Unikko viikinkikyp\u00e4r\u00e4"},"content":{"rendered":"<h1>Viikinkikyp\u00e4r\u00e4 unikko!<\/h1>\n<p>Onko unikkosi valittanut, ett\u00e4 sinulla on kylm\u00e4 autossa?<br \/>\nEik\u00f6 se ole uskaltanut n\u00e4ytt\u00e4yty\u00e4 ulkona huonon hiusp\u00e4iv\u00e4n takia?<br \/>\n<strong>Sitten t\u00e4m\u00e4 on tuote sinulle!<\/strong><\/p>\n<p>Viikinkihatut on valmistettu puuvillaplyysist\u00e4.<\/p>\n<p>Kangas on joustavaa ja kest\u00e4\u00e4 noin 55 mm:n halkaisijan ja noin 40 mm:n syvyyden.<\/p>\n<p><em><strong>HUOM:<\/strong> Pelkk\u00e4 hattu, unikko ei sis\u00e4lly hintaan.<\/em><\/p>","protected":false},"excerpt":{"rendered":"<p>Poppy Vikinga hj\u00e4lm! Har din Poppy klagat p\u00e5 att du har det kallt i bilen? Har den inte v\u00e5gat visa sig ute pga d\u00e5lig h\u00e5rdag? D\u00e5 \u00e4r detta produkten f\u00f6r dig! Vikingam\u00f6ssorna \u00e4r tillverkade i bomullsplysch. Tyget \u00e4r elastiskt och klarar en diameter p\u00e5 cirka 55 mm, samt ett djup p\u00e5 cirka 40 mm. OBS: [&hellip;]<\/p>","protected":false},"featured_media":11155,"comment_status":"closed","ping_status":"closed","template":"","meta":{"_acf_changed":false,"_smort_price_nok":"11","_smort_price_dkk":"26","_smort_price_eur":"3.55","_smort_sale_price_nok":"","_smort_sale_price_dkk":"","_smort_sale_price_eur":"","smort_restorder":"","shipmondo_restorder":"","_kad_blocks_custom_css":"","_kad_blocks_head_custom_js":"","_kad_blocks_body_custom_js":"","_kad_blocks_footer_custom_js":"","smort_custom_pricelist_1":"28.08","smort_custom_pricelist_2":"28.08","smort_custom_pricelist_3":"26.68","smort_custom_pricelist_4":"31.2","smort_custom_pricelist_5":"28.08"},"anvandningsomrade":[],"bilmarken":[],"product_brand":[110],"product_cat":[2447,378],"product_tag":[],"class_list":{"0":"post-11766","1":"product","2":"type-product","3":"status-publish","4":"has-post-thumbnail","6":"product_brand-poppy","7":"product_cat-doft","8":"product_cat-bilvard","10":"first","11":"outofstock","12":"taxable","13":"shipping-taxable","14":"purchasable","15":"product-type-variable"},"bundled_by":[],"bundle_stock_status":"outofstock","bundle_stock_quantity":0,"bundle_virtual":false,"bundle_layout":"","bundle_add_to_cart_form_location":"","bundle_editable_in_cart":false,"bundle_sold_individually_context":"","bundle_item_grouping":"","bundle_min_size":"","bundle_max_size":"","bundle_price":[],"bundled_items":[],"bundle_sell_ids":[],"acf":[],"yoast_head":"<!-- This site is optimized with the Yoast SEO plugin v27.0 - https:\/\/yoast.com\/product\/yoast-seo-wordpress\/ -->\n<title>Poppy Vikinghj\u00e4lm - Xenonkungen<\/title>\n<meta name=\"robots\" content=\"index, follow, max-snippet:-1, max-image-preview:large, max-video-preview:-1\" \/>\n<link rel=\"canonical\" href=\"https:\/\/xenonkungen.com\/fi\/tuote\/unikko-viikinkikypara\/\" \/>\n<meta property=\"og:locale\" content=\"fi_FI\" \/>\n<meta property=\"og:type\" content=\"article\" \/>\n<meta property=\"og:title\" content=\"Poppy Vikinghj\u00e4lm - Xenonkungen\" \/>\n<meta property=\"og:description\" content=\"Poppy Vikinga hj\u00e4lm! Har din Poppy klagat p\u00e5 att du har det kallt i bilen? Har den inte v\u00e5gat visa sig ute pga d\u00e5lig h\u00e5rdag? D\u00e5 \u00e4r detta produkten f\u00f6r dig! Vikingam\u00f6ssorna \u00e4r tillverkade i bomullsplysch. Tyget \u00e4r elastiskt och klarar en diameter p\u00e5 cirka 55 mm, samt ett djup p\u00e5 cirka 40 mm. OBS: [&hellip;]\" \/>\n<meta property=\"og:url\" content=\"https:\/\/xenonkungen.com\/fi\/tuote\/unikko-viikinkikypara\/\" \/>\n<meta property=\"og:site_name\" content=\"Xenonkungen\" \/>\n<meta property=\"article:modified_time\" content=\"2026-03-09T14:48:23+00:00\" \/>\n<meta property=\"og:image\" content=\"https:\/\/xenonkungen.com\/wp-content\/uploads\/2025\/06\/179328621-origpic-0a692a.png\" \/>\n\t<meta property=\"og:image:width\" content=\"1000\" \/>\n\t<meta property=\"og:image:height\" content=\"1000\" \/>\n\t<meta property=\"og:image:type\" content=\"image\/png\" \/>\n<meta name=\"twitter:card\" content=\"summary_large_image\" \/>\n<meta name=\"twitter:label1\" content=\"Arvioitu lukuaika\" \/>\n\t<meta name=\"twitter:data1\" content=\"1 minuutti\" \/>\n<script type=\"application\/ld+json\" class=\"yoast-schema-graph\">{\"@context\":\"https:\/\/schema.org\",\"@graph\":[{\"@type\":\"WebPage\",\"@id\":\"https:\/\/xenonkungen.com\/produkt\/poppy-vikinghjalm\/\",\"url\":\"https:\/\/xenonkungen.com\/produkt\/poppy-vikinghjalm\/\",\"name\":\"Poppy Vikinghj\u00e4lm - Xenonkungen\",\"isPartOf\":{\"@id\":\"https:\/\/xenonkungen.com\/#website\"},\"primaryImageOfPage\":{\"@id\":\"https:\/\/xenonkungen.com\/produkt\/poppy-vikinghjalm\/#primaryimage\"},\"image\":{\"@id\":\"https:\/\/xenonkungen.com\/produkt\/poppy-vikinghjalm\/#primaryimage\"},\"thumbnailUrl\":\"https:\/\/xenonkungen.com\/wp-content\/uploads\/2025\/06\/179328621-origpic-0a692a.png\",\"datePublished\":\"2025-06-23T13:52:08+00:00\",\"dateModified\":\"2026-03-09T14:48:23+00:00\",\"breadcrumb\":{\"@id\":\"https:\/\/xenonkungen.com\/produkt\/poppy-vikinghjalm\/#breadcrumb\"},\"inLanguage\":\"fi\",\"potentialAction\":[{\"@type\":\"ReadAction\",\"target\":[\"https:\/\/xenonkungen.com\/produkt\/poppy-vikinghjalm\/\"]}]},{\"@type\":\"ImageObject\",\"inLanguage\":\"fi\",\"@id\":\"https:\/\/xenonkungen.com\/produkt\/poppy-vikinghjalm\/#primaryimage\",\"url\":\"https:\/\/xenonkungen.com\/wp-content\/uploads\/2025\/06\/179328621-origpic-0a692a.png\",\"contentUrl\":\"https:\/\/xenonkungen.com\/wp-content\/uploads\/2025\/06\/179328621-origpic-0a692a.png\",\"width\":1000,\"height\":1000},{\"@type\":\"BreadcrumbList\",\"@id\":\"https:\/\/xenonkungen.com\/produkt\/poppy-vikinghjalm\/#breadcrumb\",\"itemListElement\":[{\"@type\":\"ListItem\",\"position\":1,\"name\":\"Hem\",\"item\":\"https:\/\/xenonkungen.com\/\"},{\"@type\":\"ListItem\",\"position\":2,\"name\":\"Shop\",\"item\":\"https:\/\/xenonkungen.com\/shop\/\"},{\"@type\":\"ListItem\",\"position\":3,\"name\":\"Poppy Vikinghj\u00e4lm\"}]},{\"@type\":\"WebSite\",\"@id\":\"https:\/\/xenonkungen.com\/#website\",\"url\":\"https:\/\/xenonkungen.com\/\",\"name\":\"Xenonkungen\",\"description\":\"\",\"potentialAction\":[{\"@type\":\"SearchAction\",\"target\":{\"@type\":\"EntryPoint\",\"urlTemplate\":\"https:\/\/xenonkungen.com\/?s={search_term_string}\"},\"query-input\":{\"@type\":\"PropertyValueSpecification\",\"valueRequired\":true,\"valueName\":\"search_term_string\"}}],\"inLanguage\":\"fi\"}]}<\/script>\n<!-- \/ Yoast SEO plugin. -->","yoast_head_json":{"title":"Poppy Viking -kyp\u00e4r\u00e4 - Xenon King","robots":{"index":"index","follow":"follow","max-snippet":"max-snippet:-1","max-image-preview":"max-image-preview:large","max-video-preview":"max-video-preview:-1"},"canonical":"https:\/\/xenonkungen.com\/fi\/tuote\/unikko-viikinkikypara\/","og_locale":"fi_FI","og_type":"article","og_title":"Poppy Vikinghj\u00e4lm - Xenonkungen","og_description":"Poppy Vikinga hj\u00e4lm! Har din Poppy klagat p\u00e5 att du har det kallt i bilen? Har den inte v\u00e5gat visa sig ute pga d\u00e5lig h\u00e5rdag? D\u00e5 \u00e4r detta produkten f\u00f6r dig! Vikingam\u00f6ssorna \u00e4r tillverkade i bomullsplysch. Tyget \u00e4r elastiskt och klarar en diameter p\u00e5 cirka 55 mm, samt ett djup p\u00e5 cirka 40 mm. OBS: [&hellip;]","og_url":"https:\/\/xenonkungen.com\/fi\/tuote\/unikko-viikinkikypara\/","og_site_name":"Xenonkungen","article_modified_time":"2026-03-09T14:48:23+00:00","og_image":[{"width":1000,"height":1000,"url":"https:\/\/xenonkungen.com\/wp-content\/uploads\/2025\/06\/179328621-origpic-0a692a.png","type":"image\/png"}],"twitter_card":"summary_large_image","twitter_misc":{"Arvioitu lukuaika":"1 minuutti"},"schema":{"@context":"https:\/\/schema.org","@graph":[{"@type":"WebPage","@id":"https:\/\/xenonkungen.com\/produkt\/poppy-vikinghjalm\/","url":"https:\/\/xenonkungen.com\/produkt\/poppy-vikinghjalm\/","name":"Poppy Viking -kyp\u00e4r\u00e4 - Xenon King","isPartOf":{"@id":"https:\/\/xenonkungen.com\/#website"},"primaryImageOfPage":{"@id":"https:\/\/xenonkungen.com\/produkt\/poppy-vikinghjalm\/#primaryimage"},"image":{"@id":"https:\/\/xenonkungen.com\/produkt\/poppy-vikinghjalm\/#primaryimage"},"thumbnailUrl":"https:\/\/xenonkungen.com\/wp-content\/uploads\/2025\/06\/179328621-origpic-0a692a.png","datePublished":"2025-06-23T13:52:08+00:00","dateModified":"2026-03-09T14:48:23+00:00","breadcrumb":{"@id":"https:\/\/xenonkungen.com\/produkt\/poppy-vikinghjalm\/#breadcrumb"},"inLanguage":"fi","potentialAction":[{"@type":"ReadAction","target":["https:\/\/xenonkungen.com\/produkt\/poppy-vikinghjalm\/"]}]},{"@type":"ImageObject","inLanguage":"fi","@id":"https:\/\/xenonkungen.com\/produkt\/poppy-vikinghjalm\/#primaryimage","url":"https:\/\/xenonkungen.com\/wp-content\/uploads\/2025\/06\/179328621-origpic-0a692a.png","contentUrl":"https:\/\/xenonkungen.com\/wp-content\/uploads\/2025\/06\/179328621-origpic-0a692a.png","width":1000,"height":1000},{"@type":"BreadcrumbList","@id":"https:\/\/xenonkungen.com\/produkt\/poppy-vikinghjalm\/#breadcrumb","itemListElement":[{"@type":"ListItem","position":1,"name":"Hem","item":"https:\/\/xenonkungen.com\/"},{"@type":"ListItem","position":2,"name":"Shop","item":"https:\/\/xenonkungen.com\/shop\/"},{"@type":"ListItem","position":3,"name":"Poppy Vikinghj\u00e4lm"}]},{"@type":"WebSite","@id":"https:\/\/xenonkungen.com\/#website","url":"https:\/\/xenonkungen.com\/","name":"Xenonkungen","description":"","potentialAction":[{"@type":"SearchAction","target":{"@type":"EntryPoint","urlTemplate":"https:\/\/xenonkungen.com\/?s={search_term_string}"},"query-input":{"@type":"PropertyValueSpecification","valueRequired":true,"valueName":"search_term_string"}}],"inLanguage":"fi"}]}},"taxonomy_info":{"product_brand":[{"value":110,"label":"Poppy"}],"product_cat":[{"value":2447,"label":"Doft"},{"value":378,"label":"Bilv\u00e5rd"}]},"featured_image_src_large":["https:\/\/xenonkungen.com\/wp-content\/uploads\/2025\/06\/179328621-origpic-0a692a.png",1000,1000,false],"author_info":[],"comment_info":0,"_links":{"self":[{"href":"https:\/\/xenonkungen.com\/fi\/wp-json\/wp\/v2\/product\/11766","targetHints":{"allow":["GET"]}}],"collection":[{"href":"https:\/\/xenonkungen.com\/fi\/wp-json\/wp\/v2\/product"}],"about":[{"href":"https:\/\/xenonkungen.com\/fi\/wp-json\/wp\/v2\/types\/product"}],"replies":[{"embeddable":true,"href":"https:\/\/xenonkungen.com\/fi\/wp-json\/wp\/v2\/comments?post=11766"}],"wp:featuredmedia":[{"embeddable":true,"href":"https:\/\/xenonkungen.com\/fi\/wp-json\/wp\/v2\/media\/11155"}],"wp:attachment":[{"href":"https:\/\/xenonkungen.com\/fi\/wp-json\/wp\/v2\/media?parent=11766"}],"wp:term":[{"taxonomy":"anvandningsomrade","embeddable":true,"href":"https:\/\/xenonkungen.com\/fi\/wp-json\/wp\/v2\/anvandningsomrade?post=11766"},{"taxonomy":"bilmarken","embeddable":true,"href":"https:\/\/xenonkungen.com\/fi\/wp-json\/wp\/v2\/bilmarken?post=11766"},{"taxonomy":"product_brand","embeddable":true,"href":"https:\/\/xenonkungen.com\/fi\/wp-json\/wp\/v2\/product_brand?post=11766"},{"taxonomy":"product_cat","embeddable":true,"href":"https:\/\/xenonkungen.com\/fi\/wp-json\/wp\/v2\/product_cat?post=11766"},{"taxonomy":"product_tag","embeddable":true,"href":"https:\/\/xenonkungen.com\/fi\/wp-json\/wp\/v2\/product_tag?post=11766"}],"curies":[{"name":"wp","href":"https:\/\/api.w.org\/{rel}","templated":true}]}}