{"id":11786,"date":"2025-06-23T13:52:15","date_gmt":"2025-06-23T13:52:15","guid":{"rendered":"https:\/\/xenonkungen.com\/produkt\/poppy-doftgran\/"},"modified":"2026-03-28T11:36:47","modified_gmt":"2026-03-28T10:36:47","slug":"unikon-tuoksuinen-kuusi","status":"publish","type":"product","link":"https:\/\/xenonkungen.com\/fi\/tuote\/unikon-tuoksuinen-kuusi\/","title":{"rendered":"Unikko Tuoksuva kuusi"},"content":{"rendered":"<p><strong>Uskomattoman suosittu tuoksupullo, nyt my\u00f6s tuoksupuuna<\/strong><br \/>\nAlkuper\u00e4inen Grace Matelta Japanista.<br \/>\nUnikontuoksuisia kuusia on saatavilla samoissa ihanissa tuoksuissa kuin pulloissakin.<br \/>\nRipustuu helposti auton taustapeiliin, mutta sen voi toki sijoittaa my\u00f6s minne tahansa.<\/p>\n<p>Saatavilla tuoksuissa:<br \/>\nCattleya<br \/>\nSitrushedelm\u00e4t<br \/>\nFreesia<br \/>\nGardenia<br \/>\nHibiskus<br \/>\nJasmiini<br \/>\nMansikka<br \/>\nKirsikka<br \/>\nLaventeli<br \/>\nM\u00e4nty<br \/>\nVanilja<\/p>","protected":false},"excerpt":{"rendered":"<p>Uskomattoman suosittu tuoksupullo, nyt my\u00f6s tuoksupuuna. Alkuper\u00e4inen Grace Matelta Japanista. Unikkotuoksupuut ovat saatavilla samoissa ihanissa tuoksuissa kuin pullotkin. Ne on helppo ripustaa auton taustapeiliin, mutta ne voi tietenkin sijoittaa my\u00f6s minne tahansa. Saatavilla seuraavissa tuoksuissa: Cattleya, Citrus, Freesia, Gardenia, Hibiscus, Jasmine, Mansikka, Kirsikka, Laventeli, M\u00e4nty, Vanilja.<\/p>","protected":false},"featured_media":11199,"comment_status":"closed","ping_status":"closed","template":"","meta":{"_acf_changed":false,"_smort_price_nok":"8","_smort_price_dkk":"20","_smort_price_eur":"2.64","_smort_sale_price_nok":"","_smort_sale_price_dkk":"","_smort_sale_price_eur":"","smort_restorder":"","shipmondo_restorder":"","_kad_blocks_custom_css":"","_kad_blocks_head_custom_js":"","_kad_blocks_body_custom_js":"","_kad_blocks_footer_custom_js":"","smort_custom_pricelist_1":null,"smort_custom_pricelist_2":null,"smort_custom_pricelist_3":null,"smort_custom_pricelist_4":null,"smort_custom_pricelist_5":null},"anvandningsomrade":[],"bilmarken":[],"product_brand":[110],"product_cat":[2447,378],"product_tag":[],"class_list":{"0":"post-11786","1":"product","2":"type-product","3":"status-publish","4":"has-post-thumbnail","6":"product_brand-poppy","7":"product_cat-doft","8":"product_cat-bilvard","10":"first","11":"outofstock","12":"taxable","13":"shipping-taxable","14":"purchasable","15":"product-type-variable"},"bundled_by":[],"bundle_stock_status":"outofstock","bundle_stock_quantity":0,"bundle_virtual":false,"bundle_layout":"","bundle_add_to_cart_form_location":"","bundle_editable_in_cart":false,"bundle_sold_individually_context":"","bundle_item_grouping":"","bundle_min_size":"","bundle_max_size":"","bundle_price":[],"bundled_items":[],"bundle_sell_ids":[],"acf":[],"yoast_head":"<!-- This site is optimized with the Yoast SEO plugin v27.0 - https:\/\/yoast.com\/product\/yoast-seo-wordpress\/ -->\n<title>Poppy Doftgran - Xenonkungen<\/title>\n<meta name=\"robots\" content=\"index, follow, max-snippet:-1, max-image-preview:large, max-video-preview:-1\" \/>\n<link rel=\"canonical\" href=\"https:\/\/xenonkungen.com\/fi\/tuote\/unikon-tuoksuinen-kuusi\/\" \/>\n<meta property=\"og:locale\" content=\"fi_FI\" \/>\n<meta property=\"og:type\" content=\"article\" \/>\n<meta property=\"og:title\" content=\"Poppy Doftgran - Xenonkungen\" \/>\n<meta property=\"og:description\" content=\"Den galet popul\u00e4ra doftflaskan, nu som doftgran Original fr\u00e5n Grace Mate i Japan. Poppy doftgranarna finns i samma ljuvliga dofter som flaskorna. H\u00e4ngs enkelt i bilens backspegel, men kan sj\u00e4lvklart \u00e4ven placeras vart man vill. Finns i dofterna: Cattleya Citrus Fresia Gardenia Hibiscus Jasmin Jordgubb K\u00f6rsb\u00e4r Lavendel Tall Vanilj\" \/>\n<meta property=\"og:url\" content=\"https:\/\/xenonkungen.com\/fi\/tuote\/unikon-tuoksuinen-kuusi\/\" \/>\n<meta property=\"og:site_name\" content=\"Xenonkungen\" \/>\n<meta property=\"article:modified_time\" content=\"2026-03-28T10:36:47+00:00\" \/>\n<meta property=\"og:image\" content=\"https:\/\/xenonkungen.com\/wp-content\/uploads\/2025\/06\/179301937-origpic-2d4727.png\" \/>\n\t<meta property=\"og:image:width\" content=\"1000\" \/>\n\t<meta property=\"og:image:height\" content=\"1000\" \/>\n\t<meta property=\"og:image:type\" content=\"image\/png\" \/>\n<meta name=\"twitter:card\" content=\"summary_large_image\" \/>\n<meta name=\"twitter:label1\" content=\"Arvioitu lukuaika\" \/>\n\t<meta name=\"twitter:data1\" content=\"1 minuutti\" \/>\n<script type=\"application\/ld+json\" class=\"yoast-schema-graph\">{\"@context\":\"https:\/\/schema.org\",\"@graph\":[{\"@type\":\"WebPage\",\"@id\":\"https:\/\/xenonkungen.com\/produkt\/poppy-doftgran\/\",\"url\":\"https:\/\/xenonkungen.com\/produkt\/poppy-doftgran\/\",\"name\":\"Poppy Doftgran - Xenonkungen\",\"isPartOf\":{\"@id\":\"https:\/\/xenonkungen.com\/#website\"},\"primaryImageOfPage\":{\"@id\":\"https:\/\/xenonkungen.com\/produkt\/poppy-doftgran\/#primaryimage\"},\"image\":{\"@id\":\"https:\/\/xenonkungen.com\/produkt\/poppy-doftgran\/#primaryimage\"},\"thumbnailUrl\":\"https:\/\/xenonkungen.com\/wp-content\/uploads\/2025\/06\/179301937-origpic-2d4727.png\",\"datePublished\":\"2025-06-23T13:52:15+00:00\",\"dateModified\":\"2026-03-28T10:36:47+00:00\",\"breadcrumb\":{\"@id\":\"https:\/\/xenonkungen.com\/produkt\/poppy-doftgran\/#breadcrumb\"},\"inLanguage\":\"fi\",\"potentialAction\":[{\"@type\":\"ReadAction\",\"target\":[\"https:\/\/xenonkungen.com\/produkt\/poppy-doftgran\/\"]}]},{\"@type\":\"ImageObject\",\"inLanguage\":\"fi\",\"@id\":\"https:\/\/xenonkungen.com\/produkt\/poppy-doftgran\/#primaryimage\",\"url\":\"https:\/\/xenonkungen.com\/wp-content\/uploads\/2025\/06\/179301937-origpic-2d4727.png\",\"contentUrl\":\"https:\/\/xenonkungen.com\/wp-content\/uploads\/2025\/06\/179301937-origpic-2d4727.png\",\"width\":1000,\"height\":1000},{\"@type\":\"BreadcrumbList\",\"@id\":\"https:\/\/xenonkungen.com\/produkt\/poppy-doftgran\/#breadcrumb\",\"itemListElement\":[{\"@type\":\"ListItem\",\"position\":1,\"name\":\"Hem\",\"item\":\"https:\/\/xenonkungen.com\/\"},{\"@type\":\"ListItem\",\"position\":2,\"name\":\"Shop\",\"item\":\"https:\/\/xenonkungen.com\/shop\/\"},{\"@type\":\"ListItem\",\"position\":3,\"name\":\"Poppy Doftgran\"}]},{\"@type\":\"WebSite\",\"@id\":\"https:\/\/xenonkungen.com\/#website\",\"url\":\"https:\/\/xenonkungen.com\/\",\"name\":\"Xenonkungen\",\"description\":\"\",\"potentialAction\":[{\"@type\":\"SearchAction\",\"target\":{\"@type\":\"EntryPoint\",\"urlTemplate\":\"https:\/\/xenonkungen.com\/?s={search_term_string}\"},\"query-input\":{\"@type\":\"PropertyValueSpecification\",\"valueRequired\":true,\"valueName\":\"search_term_string\"}}],\"inLanguage\":\"fi\"}]}<\/script>\n<!-- \/ Yoast SEO plugin. -->","yoast_head_json":{"title":"Unikko tuoksukuusi - Xenon King","robots":{"index":"index","follow":"follow","max-snippet":"max-snippet:-1","max-image-preview":"max-image-preview:large","max-video-preview":"max-video-preview:-1"},"canonical":"https:\/\/xenonkungen.com\/fi\/tuote\/unikon-tuoksuinen-kuusi\/","og_locale":"fi_FI","og_type":"article","og_title":"Poppy Doftgran - Xenonkungen","og_description":"Den galet popul\u00e4ra doftflaskan, nu som doftgran Original fr\u00e5n Grace Mate i Japan. Poppy doftgranarna finns i samma ljuvliga dofter som flaskorna. H\u00e4ngs enkelt i bilens backspegel, men kan sj\u00e4lvklart \u00e4ven placeras vart man vill. Finns i dofterna: Cattleya Citrus Fresia Gardenia Hibiscus Jasmin Jordgubb K\u00f6rsb\u00e4r Lavendel Tall Vanilj","og_url":"https:\/\/xenonkungen.com\/fi\/tuote\/unikon-tuoksuinen-kuusi\/","og_site_name":"Xenonkungen","article_modified_time":"2026-03-28T10:36:47+00:00","og_image":[{"width":1000,"height":1000,"url":"https:\/\/xenonkungen.com\/wp-content\/uploads\/2025\/06\/179301937-origpic-2d4727.png","type":"image\/png"}],"twitter_card":"summary_large_image","twitter_misc":{"Arvioitu lukuaika":"1 minuutti"},"schema":{"@context":"https:\/\/schema.org","@graph":[{"@type":"WebPage","@id":"https:\/\/xenonkungen.com\/produkt\/poppy-doftgran\/","url":"https:\/\/xenonkungen.com\/produkt\/poppy-doftgran\/","name":"Unikko tuoksukuusi - Xenon King","isPartOf":{"@id":"https:\/\/xenonkungen.com\/#website"},"primaryImageOfPage":{"@id":"https:\/\/xenonkungen.com\/produkt\/poppy-doftgran\/#primaryimage"},"image":{"@id":"https:\/\/xenonkungen.com\/produkt\/poppy-doftgran\/#primaryimage"},"thumbnailUrl":"https:\/\/xenonkungen.com\/wp-content\/uploads\/2025\/06\/179301937-origpic-2d4727.png","datePublished":"2025-06-23T13:52:15+00:00","dateModified":"2026-03-28T10:36:47+00:00","breadcrumb":{"@id":"https:\/\/xenonkungen.com\/produkt\/poppy-doftgran\/#breadcrumb"},"inLanguage":"fi","potentialAction":[{"@type":"ReadAction","target":["https:\/\/xenonkungen.com\/produkt\/poppy-doftgran\/"]}]},{"@type":"ImageObject","inLanguage":"fi","@id":"https:\/\/xenonkungen.com\/produkt\/poppy-doftgran\/#primaryimage","url":"https:\/\/xenonkungen.com\/wp-content\/uploads\/2025\/06\/179301937-origpic-2d4727.png","contentUrl":"https:\/\/xenonkungen.com\/wp-content\/uploads\/2025\/06\/179301937-origpic-2d4727.png","width":1000,"height":1000},{"@type":"BreadcrumbList","@id":"https:\/\/xenonkungen.com\/produkt\/poppy-doftgran\/#breadcrumb","itemListElement":[{"@type":"ListItem","position":1,"name":"Hem","item":"https:\/\/xenonkungen.com\/"},{"@type":"ListItem","position":2,"name":"Shop","item":"https:\/\/xenonkungen.com\/shop\/"},{"@type":"ListItem","position":3,"name":"Poppy Doftgran"}]},{"@type":"WebSite","@id":"https:\/\/xenonkungen.com\/#website","url":"https:\/\/xenonkungen.com\/","name":"Xenonkungen","description":"","potentialAction":[{"@type":"SearchAction","target":{"@type":"EntryPoint","urlTemplate":"https:\/\/xenonkungen.com\/?s={search_term_string}"},"query-input":{"@type":"PropertyValueSpecification","valueRequired":true,"valueName":"search_term_string"}}],"inLanguage":"fi"}]}},"taxonomy_info":{"product_brand":[{"value":110,"label":"Poppy"}],"product_cat":[{"value":2447,"label":"Doft"},{"value":378,"label":"Bilv\u00e5rd"}]},"featured_image_src_large":["https:\/\/xenonkungen.com\/wp-content\/uploads\/2025\/06\/179301937-origpic-2d4727.png",1000,1000,false],"author_info":[],"comment_info":0,"_links":{"self":[{"href":"https:\/\/xenonkungen.com\/fi\/wp-json\/wp\/v2\/product\/11786","targetHints":{"allow":["GET"]}}],"collection":[{"href":"https:\/\/xenonkungen.com\/fi\/wp-json\/wp\/v2\/product"}],"about":[{"href":"https:\/\/xenonkungen.com\/fi\/wp-json\/wp\/v2\/types\/product"}],"replies":[{"embeddable":true,"href":"https:\/\/xenonkungen.com\/fi\/wp-json\/wp\/v2\/comments?post=11786"}],"wp:featuredmedia":[{"embeddable":true,"href":"https:\/\/xenonkungen.com\/fi\/wp-json\/wp\/v2\/media\/11199"}],"wp:attachment":[{"href":"https:\/\/xenonkungen.com\/fi\/wp-json\/wp\/v2\/media?parent=11786"}],"wp:term":[{"taxonomy":"anvandningsomrade","embeddable":true,"href":"https:\/\/xenonkungen.com\/fi\/wp-json\/wp\/v2\/anvandningsomrade?post=11786"},{"taxonomy":"bilmarken","embeddable":true,"href":"https:\/\/xenonkungen.com\/fi\/wp-json\/wp\/v2\/bilmarken?post=11786"},{"taxonomy":"product_brand","embeddable":true,"href":"https:\/\/xenonkungen.com\/fi\/wp-json\/wp\/v2\/product_brand?post=11786"},{"taxonomy":"product_cat","embeddable":true,"href":"https:\/\/xenonkungen.com\/fi\/wp-json\/wp\/v2\/product_cat?post=11786"},{"taxonomy":"product_tag","embeddable":true,"href":"https:\/\/xenonkungen.com\/fi\/wp-json\/wp\/v2\/product_tag?post=11786"}],"curies":[{"name":"wp","href":"https:\/\/api.w.org\/{rel}","templated":true}]}}