{"id":11801,"date":"2025-06-23T13:52:22","date_gmt":"2025-06-23T13:52:22","guid":{"rendered":"https:\/\/xenonkungen.com\/produkt\/luxtar-ledramp-x8-black-edition-80w\/"},"modified":"2026-04-10T23:49:53","modified_gmt":"2026-04-10T22:49:53","slug":"luxtar-led-ramppi-x8-musta-versio-80w","status":"publish","type":"product","link":"https:\/\/xenonkungen.com\/fi\/tuote\/luxtar-led-ramppi-x8-musta-versio-80w\/","title":{"rendered":"LUXTAR\u00ae Ledramp X8 Black Edition 80W <26cm>"},"content":{"rendered":"<h2><strong>Luxtar\u00ae X8 Black Edition<\/strong><\/h2>\n<p>Luxtar X -sarja on suunniteltu sivulle asennetuilla diodilampuilla. T\u00e4m\u00e4 luo ainutlaatuisen ulkon\u00e4\u00f6n, joka parantaa suorituskyky\u00e4. Black Edition tarjoaa huomaamattoman muotoilun.<\/p>\n<p>Luxtar X8 Black Edition on ihanteellinen niille, jotka haluavat molempien maailmojen parhaat puolet: tyylin ja suorituskyvyn. Luxtar X8 sopii kokonsa ansiosta my\u00f6s erinomaisesti ajoneuvon s\u00e4leikk\u00f6\u00f6n asennettavaksi.<\/p>\n<p><strong>Led-rampin teoreettiset arvot <\/strong><br \/>\n80 W &amp; 4 884 lumenia<\/p>\n<p>Luxtar Led Ramp X8:n teoreettinen arvo on 80 W ja 4884 lumenia. Kun vertaat muita markkinoilla olevia vaihtoehtoja, kannattaa pit\u00e4\u00e4 n\u00e4m\u00e4 tekij\u00e4t mieless\u00e4.<\/p>\n<p><strong>LED-ramppien todelliset arvot <\/strong><br \/>\n58,8 W &amp; 4 008 lumenia<\/p>\n<p>Jos verrataan 58,8 watin ja 4 008 lumenin todellista l\u00e4ht\u00f6arvoa, sit\u00e4 voidaan verrata kolmeen halogeeniin, joiden 55W:n teho on noin 1 000 lumenin (+-200lm).<\/p>\n<p><strong>Koko<\/strong><br \/>\n26cm<\/p>\n<p><strong>volttia<\/strong><br \/>\n10-32<\/p>\n<p><strong>K\u00e4ytt\u00f6alueet<\/strong><br \/>\nHenkil\u00f6auto | Hy\u00f6tyajoneuvo | Pakettiauto | Kuorma-auto | Lava-auto | Pakettiauto<\/p>\n<p><strong>LED-ramppien heijastimen\/valokuvion valinta<\/strong><br \/>\nSpot &amp; Driving<\/p>\n<p>Spot: Optimoitu maksimaalista ulottuvuutta ja kapeaa valokuviota varten.<\/p>\n<p>Ajaminen: Optimoitu laajaan valokuvioon pienemm\u00e4ll\u00e4 kantamalla.<\/p>\n<p>Spot - Sopii niille, jotka pit\u00e4v\u00e4t valon kantamaa t\u00e4rkeimp\u00e4n\u00e4, tai suuremmilla nopeuksilla, joissa keskityt\u00e4\u00e4n luonnollisesti pidemmille et\u00e4isyyksille.<\/p>\n<p>Kaukovalot - My\u00f6s kaukovalot sopivat niille, jotka etsiv\u00e4t leve\u00e4\u00e4 valoa parempaa sivuttaisn\u00e4kyvyytt\u00e4 varten.<\/p>","protected":false},"excerpt":{"rendered":"<p><b>LUXTAR\u00ae Ledramp X8 Black Edition 80W, 4008 todellista lumenia<\/b><\/p>","protected":false},"featured_media":11230,"comment_status":"closed","ping_status":"closed","template":"","meta":{"_acf_changed":false,"_smort_price_nok":"1041","_smort_price_dkk":"1014","_smort_price_eur":"135.9","_smort_sale_price_nok":"","_smort_sale_price_dkk":"","_smort_sale_price_eur":"","smort_restorder":"","shipmondo_restorder":"","_kad_blocks_custom_css":"","_kad_blocks_head_custom_js":"","_kad_blocks_body_custom_js":"","_kad_blocks_footer_custom_js":"","smort_custom_pricelist_1":"956.8","smort_custom_pricelist_2":"777.4","smort_custom_pricelist_3":"738.53","smort_custom_pricelist_4":"1196","smort_custom_pricelist_5":"777.4"},"anvandningsomrade":[],"bilmarken":[],"product_brand":[103],"product_cat":[2966,2539,2826,2822,2824,2541,2160,1402],"product_tag":[],"class_list":{"0":"post-11801","1":"product","2":"type-product","3":"status-publish","4":"has-post-thumbnail","6":"product_brand-luxtar","7":"product_cat-ledramp-rak","8":"product_cat-ledramper","9":"product_cat-luxtar","10":"product_cat-luxtar-arbetsljus","11":"product_cat-luxtar-ledramper","12":"product_cat-luxtar-x-serie-black-ledramper","13":"product_cat-luxtar-x-serie-black","14":"product_cat-outlet","15":"pa_faktisk-effekts-forbrukning-2352","16":"pa_fuktskydd-varde-ipxx-ip68","17":"pa_godkannande-ce-emc-rohs","18":"pa_lampsockel-kontakt-dt","19":"pa_led-chips-effekt-w-1017","20":"pa_ljusbild-driving","21":"pa_ljusbild-spot","22":"pa_storlek-mm-260x63x85","23":"pa_stromforbrukning-245a-24v","24":"pa_stromforbrukning-43a-137v","25":"pa_volt-v-multivolt-9-12-14-18-24-28-32","27":"first","28":"instock","29":"taxable","30":"shipping-taxable","31":"purchasable","32":"product-type-variable"},"bundled_by":[],"bundle_stock_status":"instock","bundle_stock_quantity":10,"bundle_virtual":false,"bundle_layout":"","bundle_add_to_cart_form_location":"","bundle_editable_in_cart":false,"bundle_sold_individually_context":"","bundle_item_grouping":"","bundle_min_size":"","bundle_max_size":"","bundle_price":[],"bundled_items":[],"bundle_sell_ids":[],"acf":[],"yoast_head":"<!-- This site is optimized with the Yoast SEO plugin v27.0 - https:\/\/yoast.com\/product\/yoast-seo-wordpress\/ -->\n<title>LUXTAR\u00ae Ledramp X8 Black Edition 80W  - Xenonkungen<\/title>\n<meta name=\"robots\" content=\"index, follow, max-snippet:-1, max-image-preview:large, max-video-preview:-1\" \/>\n<link rel=\"canonical\" href=\"https:\/\/xenonkungen.com\/fi\/tuote\/luxtar-led-ramppi-x8-musta-versio-80w\/\" \/>\n<meta property=\"og:locale\" content=\"fi_FI\" \/>\n<meta property=\"og:type\" content=\"article\" \/>\n<meta property=\"og:title\" content=\"LUXTAR\u00ae Ledramp X8 Black Edition 80W  - Xenonkungen\" \/>\n<meta property=\"og:description\" content=\"LUXTAR\u00ae Ledramp X8 Black Edition 80W, 4008 riktiga lumen &lt;26cm&gt;\" \/>\n<meta property=\"og:url\" content=\"https:\/\/xenonkungen.com\/fi\/tuote\/luxtar-led-ramppi-x8-musta-versio-80w\/\" \/>\n<meta property=\"og:site_name\" content=\"Xenonkungen\" \/>\n<meta property=\"article:modified_time\" content=\"2026-04-10T22:49:53+00:00\" \/>\n<meta property=\"og:image\" content=\"https:\/\/xenonkungen.com\/wp-content\/uploads\/2025\/06\/184973459-origpic-c3f607.png\" \/>\n\t<meta property=\"og:image:width\" content=\"1000\" \/>\n\t<meta property=\"og:image:height\" content=\"730\" \/>\n\t<meta property=\"og:image:type\" content=\"image\/png\" \/>\n<meta name=\"twitter:card\" content=\"summary_large_image\" \/>\n<meta name=\"twitter:label1\" content=\"Arvioitu lukuaika\" \/>\n\t<meta name=\"twitter:data1\" content=\"1 minuutti\" \/>\n<script type=\"application\/ld+json\" class=\"yoast-schema-graph\">{\"@context\":\"https:\/\/schema.org\",\"@graph\":[{\"@type\":\"WebPage\",\"@id\":\"https:\/\/xenonkungen.com\/produkt\/luxtar-ledramp-x8-black-edition-80w\/\",\"url\":\"https:\/\/xenonkungen.com\/produkt\/luxtar-ledramp-x8-black-edition-80w\/\",\"name\":\"LUXTAR\u00ae Ledramp X8 Black Edition 80W - Xenonkungen\",\"isPartOf\":{\"@id\":\"https:\/\/xenonkungen.com\/#website\"},\"primaryImageOfPage\":{\"@id\":\"https:\/\/xenonkungen.com\/produkt\/luxtar-ledramp-x8-black-edition-80w\/#primaryimage\"},\"image\":{\"@id\":\"https:\/\/xenonkungen.com\/produkt\/luxtar-ledramp-x8-black-edition-80w\/#primaryimage\"},\"thumbnailUrl\":\"https:\/\/xenonkungen.com\/wp-content\/uploads\/2025\/06\/184973459-origpic-c3f607.png\",\"datePublished\":\"2025-06-23T13:52:22+00:00\",\"dateModified\":\"2026-04-10T22:49:53+00:00\",\"breadcrumb\":{\"@id\":\"https:\/\/xenonkungen.com\/produkt\/luxtar-ledramp-x8-black-edition-80w\/#breadcrumb\"},\"inLanguage\":\"fi\",\"potentialAction\":[{\"@type\":\"ReadAction\",\"target\":[\"https:\/\/xenonkungen.com\/produkt\/luxtar-ledramp-x8-black-edition-80w\/\"]}]},{\"@type\":\"ImageObject\",\"inLanguage\":\"fi\",\"@id\":\"https:\/\/xenonkungen.com\/produkt\/luxtar-ledramp-x8-black-edition-80w\/#primaryimage\",\"url\":\"https:\/\/xenonkungen.com\/wp-content\/uploads\/2025\/06\/184973459-origpic-c3f607.png\",\"contentUrl\":\"https:\/\/xenonkungen.com\/wp-content\/uploads\/2025\/06\/184973459-origpic-c3f607.png\",\"width\":1000,\"height\":730},{\"@type\":\"BreadcrumbList\",\"@id\":\"https:\/\/xenonkungen.com\/produkt\/luxtar-ledramp-x8-black-edition-80w\/#breadcrumb\",\"itemListElement\":[{\"@type\":\"ListItem\",\"position\":1,\"name\":\"Hem\",\"item\":\"https:\/\/xenonkungen.com\/\"},{\"@type\":\"ListItem\",\"position\":2,\"name\":\"Shop\",\"item\":\"https:\/\/xenonkungen.com\/shop\/\"},{\"@type\":\"ListItem\",\"position\":3,\"name\":\"LUXTAR\u00ae Ledramp X8 Black Edition 80W\"}]},{\"@type\":\"WebSite\",\"@id\":\"https:\/\/xenonkungen.com\/#website\",\"url\":\"https:\/\/xenonkungen.com\/\",\"name\":\"Xenonkungen\",\"description\":\"\",\"potentialAction\":[{\"@type\":\"SearchAction\",\"target\":{\"@type\":\"EntryPoint\",\"urlTemplate\":\"https:\/\/xenonkungen.com\/?s={search_term_string}\"},\"query-input\":{\"@type\":\"PropertyValueSpecification\",\"valueRequired\":true,\"valueName\":\"search_term_string\"}}],\"inLanguage\":\"fi\"}]}<\/script>\n<!-- \/ Yoast SEO plugin. -->","yoast_head_json":{"title":"LUXTAR\u00ae LED-ramppi X8 musta versio 80W - Xenon-kuningas","robots":{"index":"index","follow":"follow","max-snippet":"max-snippet:-1","max-image-preview":"max-image-preview:large","max-video-preview":"max-video-preview:-1"},"canonical":"https:\/\/xenonkungen.com\/fi\/tuote\/luxtar-led-ramppi-x8-musta-versio-80w\/","og_locale":"fi_FI","og_type":"article","og_title":"LUXTAR\u00ae Ledramp X8 Black Edition 80W  - Xenonkungen","og_description":"LUXTAR\u00ae Ledramp X8 Black Edition 80W, 4008 riktiga lumen &lt;26cm&gt;","og_url":"https:\/\/xenonkungen.com\/fi\/tuote\/luxtar-led-ramppi-x8-musta-versio-80w\/","og_site_name":"Xenonkungen","article_modified_time":"2026-04-10T22:49:53+00:00","og_image":[{"width":1000,"height":730,"url":"https:\/\/xenonkungen.com\/wp-content\/uploads\/2025\/06\/184973459-origpic-c3f607.png","type":"image\/png"}],"twitter_card":"summary_large_image","twitter_misc":{"Arvioitu lukuaika":"1 minuutti"},"schema":{"@context":"https:\/\/schema.org","@graph":[{"@type":"WebPage","@id":"https:\/\/xenonkungen.com\/produkt\/luxtar-ledramp-x8-black-edition-80w\/","url":"https:\/\/xenonkungen.com\/produkt\/luxtar-ledramp-x8-black-edition-80w\/","name":"LUXTAR\u00ae LED-ramppi X8 musta versio 80W - Xenon-kuningas","isPartOf":{"@id":"https:\/\/xenonkungen.com\/#website"},"primaryImageOfPage":{"@id":"https:\/\/xenonkungen.com\/produkt\/luxtar-ledramp-x8-black-edition-80w\/#primaryimage"},"image":{"@id":"https:\/\/xenonkungen.com\/produkt\/luxtar-ledramp-x8-black-edition-80w\/#primaryimage"},"thumbnailUrl":"https:\/\/xenonkungen.com\/wp-content\/uploads\/2025\/06\/184973459-origpic-c3f607.png","datePublished":"2025-06-23T13:52:22+00:00","dateModified":"2026-04-10T22:49:53+00:00","breadcrumb":{"@id":"https:\/\/xenonkungen.com\/produkt\/luxtar-ledramp-x8-black-edition-80w\/#breadcrumb"},"inLanguage":"fi","potentialAction":[{"@type":"ReadAction","target":["https:\/\/xenonkungen.com\/produkt\/luxtar-ledramp-x8-black-edition-80w\/"]}]},{"@type":"ImageObject","inLanguage":"fi","@id":"https:\/\/xenonkungen.com\/produkt\/luxtar-ledramp-x8-black-edition-80w\/#primaryimage","url":"https:\/\/xenonkungen.com\/wp-content\/uploads\/2025\/06\/184973459-origpic-c3f607.png","contentUrl":"https:\/\/xenonkungen.com\/wp-content\/uploads\/2025\/06\/184973459-origpic-c3f607.png","width":1000,"height":730},{"@type":"BreadcrumbList","@id":"https:\/\/xenonkungen.com\/produkt\/luxtar-ledramp-x8-black-edition-80w\/#breadcrumb","itemListElement":[{"@type":"ListItem","position":1,"name":"Hem","item":"https:\/\/xenonkungen.com\/"},{"@type":"ListItem","position":2,"name":"Shop","item":"https:\/\/xenonkungen.com\/shop\/"},{"@type":"ListItem","position":3,"name":"LUXTAR\u00ae Ledramp X8 Black Edition 80W"}]},{"@type":"WebSite","@id":"https:\/\/xenonkungen.com\/#website","url":"https:\/\/xenonkungen.com\/","name":"Xenonkungen","description":"","potentialAction":[{"@type":"SearchAction","target":{"@type":"EntryPoint","urlTemplate":"https:\/\/xenonkungen.com\/?s={search_term_string}"},"query-input":{"@type":"PropertyValueSpecification","valueRequired":true,"valueName":"search_term_string"}}],"inLanguage":"fi"}]}},"taxonomy_info":{"product_brand":[{"value":103,"label":"LUXTAR"}],"product_cat":[{"value":2966,"label":"Ledramp Rak"},{"value":2539,"label":"LEDRAMPER"},{"value":2826,"label":"LUXTAR"},{"value":2822,"label":"Luxtar - Arbetsljus"},{"value":2824,"label":"Luxtar - Ledramper"},{"value":2541,"label":"Luxtar X-Serie Black"},{"value":2160,"label":"LUXTAR X-serie Black"},{"value":1402,"label":"Outlet"}],"pa_faktisk-effekts-forbrukning":[{"value":2352,"label":"58,8"}],"pa_fuktskydd-varde-ipxx":[{"value":177,"label":"IP68"}],"pa_godkannande":[{"value":325,"label":"CE, EMC, RoHS"}],"pa_lampsockel-kontakt":[{"value":329,"label":"DT"}],"pa_led-chips-effekt-w":[{"value":1017,"label":"80"}],"pa_ljusbild":[{"value":178,"label":"Driving"},{"value":1177,"label":"Spot"}],"pa_storlek-mm":[{"value":2433,"label":"260x63x85"}],"pa_stromforbrukning":[{"value":2354,"label":"2,45A @24V"},{"value":2353,"label":"4,3A @13,7V"}],"pa_volt-v":[{"value":321,"label":"Multivolt, 9, 12, 14, 18, 24, 28, 32"}]},"featured_image_src_large":["https:\/\/xenonkungen.com\/wp-content\/uploads\/2025\/06\/184973459-origpic-c3f607.png",1000,730,false],"author_info":[],"comment_info":0,"_links":{"self":[{"href":"https:\/\/xenonkungen.com\/fi\/wp-json\/wp\/v2\/product\/11801","targetHints":{"allow":["GET"]}}],"collection":[{"href":"https:\/\/xenonkungen.com\/fi\/wp-json\/wp\/v2\/product"}],"about":[{"href":"https:\/\/xenonkungen.com\/fi\/wp-json\/wp\/v2\/types\/product"}],"replies":[{"embeddable":true,"href":"https:\/\/xenonkungen.com\/fi\/wp-json\/wp\/v2\/comments?post=11801"}],"wp:featuredmedia":[{"embeddable":true,"href":"https:\/\/xenonkungen.com\/fi\/wp-json\/wp\/v2\/media\/11230"}],"wp:attachment":[{"href":"https:\/\/xenonkungen.com\/fi\/wp-json\/wp\/v2\/media?parent=11801"}],"wp:term":[{"taxonomy":"anvandningsomrade","embeddable":true,"href":"https:\/\/xenonkungen.com\/fi\/wp-json\/wp\/v2\/anvandningsomrade?post=11801"},{"taxonomy":"bilmarken","embeddable":true,"href":"https:\/\/xenonkungen.com\/fi\/wp-json\/wp\/v2\/bilmarken?post=11801"},{"taxonomy":"product_brand","embeddable":true,"href":"https:\/\/xenonkungen.com\/fi\/wp-json\/wp\/v2\/product_brand?post=11801"},{"taxonomy":"product_cat","embeddable":true,"href":"https:\/\/xenonkungen.com\/fi\/wp-json\/wp\/v2\/product_cat?post=11801"},{"taxonomy":"product_tag","embeddable":true,"href":"https:\/\/xenonkungen.com\/fi\/wp-json\/wp\/v2\/product_tag?post=11801"}],"curies":[{"name":"wp","href":"https:\/\/api.w.org\/{rel}","templated":true}]}}