{"id":11819,"date":"2025-06-23T13:52:27","date_gmt":"2025-06-23T13:52:27","guid":{"rendered":"https:\/\/xenonkungen.com\/produkt\/luxtar-ledramp-x24-black-edition-240w\/"},"modified":"2026-05-13T08:00:50","modified_gmt":"2026-05-13T07:00:50","slug":"luxtar-led-ramppi-x24-musta-versio-240w","status":"publish","type":"product","link":"https:\/\/xenonkungen.com\/fi\/tuote\/luxtar-led-ramppi-x24-musta-versio-240w\/","title":{"rendered":"LUXTAR\u00ae Ledramp X24 Black Edition 240W <67cm>"},"content":{"rendered":"<h2><strong>Luxtar X24 musta versio<\/strong><\/h2>\n<p>Luxtar X24 Black Edition on varustettu Cree XML2 LED -polttimoilla ja tuottaa uskomattomat 12 025 lumenia. Heijastimilla varustettuna sen kantama on 630 metri\u00e4 ja kohdevaloilla t\u00e4ydet 880 metri\u00e4. Black Edition tarjoaa tyylikk\u00e4\u00e4n ja huomaamattoman muotoilun.<\/p>\n<p><strong>LED-ramppien teoreettiset arvot <\/strong><br \/>\n240 W ja 13 350 lumenia<\/p>\n<p>Luxtar LED-palkin X 24 Black Edition teoreettinen teho on 240 W ja valoteho 13 350 lumenia. N\u00e4m\u00e4 arvot ovat alan standardeja ja poikkeavat todellisista arvoista.<\/p>\n<p><strong>LED-ramppien todelliset arvot <\/strong><br \/>\n177,6 W ja 12 025 lumenia<\/p>\n<p>Todellinen teho 177,6 W ja 12 025 lumenia vastaa yli 12 kertaa niin paljon valoa kuin 55 W:n halogeenipolttimo (1 000 lumenia +-200 lm).<\/p>\n<p><strong>Koko<\/strong><br \/>\n67 cm<\/p>\n<p><strong>volttia<\/strong><br \/>\n10-32<\/p>\n<p><strong>LED-ramppien heijastimen\/valokuvion valinta<\/strong><br \/>\nSpot &amp; Driving<\/p>\n<p>Spot: Optimoitu maksimaalista ulottuvuutta ja kapeaa valokuviota varten.<br \/>\nAjaminen: Optimoitu laajaan valokuvioon pienemm\u00e4ll\u00e4 kantamalla.<\/p>\n<p>Luxtar\u00ae X24 LED-rampissa, mustassa versiossa, ei ole E-merkint\u00e4\u00e4, koska se kirkastuu selv\u00e4sti hyv\u00e4ksyttyjen lamppujen raja-arvoa enemm\u00e4n (katso vaihtoehdot E-merkityille LED-rampeille alta).<\/p>\n<p><strong>K\u00e4ytt\u00f6alueet<\/strong><br \/>\nKuorma-auto | Henkil\u00f6auto | Pakettiauto | Pakettiauto | Lava-auto<\/p>","protected":false},"excerpt":{"rendered":"<p><i>Etsitk\u00f6 hyvi\u00e4 lis\u00e4valoja autoosi, pakettiautoosi, kuorma-autoosi tai muuhun ajoneuvoosi?<\/i><\/p>\n<p>Luxtar X24 Black Edition tarjoaa yli 12 kertaa enemm\u00e4n valoa kuin 55 W:n halogeenipolttimo.<\/p>","protected":false},"featured_media":11279,"comment_status":"closed","ping_status":"closed","template":"","meta":{"_acf_changed":false,"_smort_price_nok":"2737","_smort_price_dkk":"2643","_smort_price_eur":"354.07","_smort_sale_price_nok":"","_smort_sale_price_dkk":"","_smort_sale_price_eur":"","smort_restorder":"","shipmondo_restorder":"","_kad_blocks_custom_css":"","_kad_blocks_head_custom_js":"","_kad_blocks_body_custom_js":"","_kad_blocks_footer_custom_js":"","smort_custom_pricelist_1":null,"smort_custom_pricelist_2":null,"smort_custom_pricelist_3":null,"smort_custom_pricelist_4":null,"smort_custom_pricelist_5":null},"anvandningsomrade":[],"bilmarken":[],"product_brand":[103],"product_cat":[2966,2539,2826,2541,2160,1402],"product_tag":[],"class_list":{"0":"post-11819","1":"product","2":"type-product","3":"status-publish","4":"has-post-thumbnail","6":"product_brand-luxtar","7":"product_cat-ledramp-rak","8":"product_cat-ledramper","9":"product_cat-luxtar","10":"product_cat-luxtar-x-serie-black-ledramper","11":"product_cat-luxtar-x-serie-black","12":"product_cat-outlet","13":"pa_faktisk-effekts-forbrukning-1922","14":"pa_fuktskydd-varde-ipxx-ip68","15":"pa_godkannande-ce-emc-rohs","16":"pa_lampsockel-kontakt-hb4-9006","17":"pa_led-chips-effekt-w-823","18":"pa_ljusbild-driving","19":"pa_ljusbild-spot","20":"pa_storlek-mm-674x63x85","21":"pa_stromforbrukning-13a-137v","22":"pa_stromforbrukning-74a-24v","23":"pa_volt-v-multivolt-9-12-14-18-24-28-32","25":"first","26":"instock","27":"taxable","28":"shipping-taxable","29":"purchasable","30":"product-type-variable"},"bundled_by":[],"bundle_stock_status":"instock","bundle_stock_quantity":null,"bundle_virtual":false,"bundle_layout":"","bundle_add_to_cart_form_location":"","bundle_editable_in_cart":false,"bundle_sold_individually_context":"","bundle_item_grouping":"","bundle_min_size":"","bundle_max_size":"","bundle_price":[],"bundled_items":[],"bundle_sell_ids":[],"acf":[],"yoast_head":"<!-- This site is optimized with the Yoast SEO plugin v27.0 - https:\/\/yoast.com\/product\/yoast-seo-wordpress\/ -->\n<title>LUXTAR\u00ae Ledramp X24 Black Edition 240W  - Xenonkungen<\/title>\n<meta name=\"robots\" content=\"index, follow, max-snippet:-1, max-image-preview:large, max-video-preview:-1\" \/>\n<link rel=\"canonical\" href=\"https:\/\/xenonkungen.com\/fi\/tuote\/luxtar-led-ramppi-x24-musta-versio-240w\/\" \/>\n<meta property=\"og:locale\" content=\"fi_FI\" \/>\n<meta property=\"og:type\" content=\"article\" \/>\n<meta property=\"og:title\" content=\"LUXTAR\u00ae Ledramp X24 Black Edition 240W  - Xenonkungen\" \/>\n<meta property=\"og:description\" content=\"Letar du efter bra extraljus till personbil, transportbil, lastbil eller annat fordon?  Luxtar X24 Black Edition levererar mer \u00e4n 12 g\u00e5nger s\u00e5 mycket ljus som en 55W halogen.\" \/>\n<meta property=\"og:url\" content=\"https:\/\/xenonkungen.com\/fi\/tuote\/luxtar-led-ramppi-x24-musta-versio-240w\/\" \/>\n<meta property=\"og:site_name\" content=\"Xenonkungen\" \/>\n<meta property=\"article:modified_time\" content=\"2026-05-13T07:00:50+00:00\" \/>\n<meta property=\"og:image\" content=\"https:\/\/xenonkungen.com\/wp-content\/uploads\/2025\/06\/184973305-origpic-ca96a8-scaled.jpg\" \/>\n\t<meta property=\"og:image:width\" content=\"2560\" \/>\n\t<meta property=\"og:image:height\" content=\"2560\" \/>\n\t<meta property=\"og:image:type\" content=\"image\/jpeg\" \/>\n<meta name=\"twitter:card\" content=\"summary_large_image\" \/>\n<meta name=\"twitter:label1\" content=\"Arvioitu lukuaika\" \/>\n\t<meta name=\"twitter:data1\" content=\"2 minuuttia\" \/>\n<script type=\"application\/ld+json\" class=\"yoast-schema-graph\">{\"@context\":\"https:\/\/schema.org\",\"@graph\":[{\"@type\":\"WebPage\",\"@id\":\"https:\/\/xenonkungen.com\/produkt\/luxtar-ledramp-x24-black-edition-240w\/\",\"url\":\"https:\/\/xenonkungen.com\/produkt\/luxtar-ledramp-x24-black-edition-240w\/\",\"name\":\"LUXTAR\u00ae Ledramp X24 Black Edition 240W - Xenonkungen\",\"isPartOf\":{\"@id\":\"https:\/\/xenonkungen.com\/#website\"},\"primaryImageOfPage\":{\"@id\":\"https:\/\/xenonkungen.com\/produkt\/luxtar-ledramp-x24-black-edition-240w\/#primaryimage\"},\"image\":{\"@id\":\"https:\/\/xenonkungen.com\/produkt\/luxtar-ledramp-x24-black-edition-240w\/#primaryimage\"},\"thumbnailUrl\":\"https:\/\/xenonkungen.com\/wp-content\/uploads\/2025\/06\/184973305-origpic-ca96a8-scaled.jpg\",\"datePublished\":\"2025-06-23T13:52:27+00:00\",\"dateModified\":\"2026-05-13T07:00:50+00:00\",\"breadcrumb\":{\"@id\":\"https:\/\/xenonkungen.com\/produkt\/luxtar-ledramp-x24-black-edition-240w\/#breadcrumb\"},\"inLanguage\":\"fi\",\"potentialAction\":[{\"@type\":\"ReadAction\",\"target\":[\"https:\/\/xenonkungen.com\/produkt\/luxtar-ledramp-x24-black-edition-240w\/\"]}]},{\"@type\":\"ImageObject\",\"inLanguage\":\"fi\",\"@id\":\"https:\/\/xenonkungen.com\/produkt\/luxtar-ledramp-x24-black-edition-240w\/#primaryimage\",\"url\":\"https:\/\/xenonkungen.com\/wp-content\/uploads\/2025\/06\/184973305-origpic-ca96a8-scaled.jpg\",\"contentUrl\":\"https:\/\/xenonkungen.com\/wp-content\/uploads\/2025\/06\/184973305-origpic-ca96a8-scaled.jpg\",\"width\":2560,\"height\":2560},{\"@type\":\"BreadcrumbList\",\"@id\":\"https:\/\/xenonkungen.com\/produkt\/luxtar-ledramp-x24-black-edition-240w\/#breadcrumb\",\"itemListElement\":[{\"@type\":\"ListItem\",\"position\":1,\"name\":\"Hem\",\"item\":\"https:\/\/xenonkungen.com\/\"},{\"@type\":\"ListItem\",\"position\":2,\"name\":\"Shop\",\"item\":\"https:\/\/xenonkungen.com\/shop\/\"},{\"@type\":\"ListItem\",\"position\":3,\"name\":\"LUXTAR\u00ae Ledramp X24 Black Edition 240W\"}]},{\"@type\":\"WebSite\",\"@id\":\"https:\/\/xenonkungen.com\/#website\",\"url\":\"https:\/\/xenonkungen.com\/\",\"name\":\"Xenonkungen\",\"description\":\"\",\"potentialAction\":[{\"@type\":\"SearchAction\",\"target\":{\"@type\":\"EntryPoint\",\"urlTemplate\":\"https:\/\/xenonkungen.com\/?s={search_term_string}\"},\"query-input\":{\"@type\":\"PropertyValueSpecification\",\"valueRequired\":true,\"valueName\":\"search_term_string\"}}],\"inLanguage\":\"fi\"}]}<\/script>\n<!-- \/ Yoast SEO plugin. -->","yoast_head_json":{"title":"LUXTAR\u00ae LED-ramppi X24 Black Edition 240W - Ksenonkuningas","robots":{"index":"index","follow":"follow","max-snippet":"max-snippet:-1","max-image-preview":"max-image-preview:large","max-video-preview":"max-video-preview:-1"},"canonical":"https:\/\/xenonkungen.com\/fi\/tuote\/luxtar-led-ramppi-x24-musta-versio-240w\/","og_locale":"fi_FI","og_type":"article","og_title":"LUXTAR\u00ae Ledramp X24 Black Edition 240W  - Xenonkungen","og_description":"Letar du efter bra extraljus till personbil, transportbil, lastbil eller annat fordon?  Luxtar X24 Black Edition levererar mer \u00e4n 12 g\u00e5nger s\u00e5 mycket ljus som en 55W halogen.","og_url":"https:\/\/xenonkungen.com\/fi\/tuote\/luxtar-led-ramppi-x24-musta-versio-240w\/","og_site_name":"Xenonkungen","article_modified_time":"2026-05-13T07:00:50+00:00","og_image":[{"width":2560,"height":2560,"url":"https:\/\/xenonkungen.com\/wp-content\/uploads\/2025\/06\/184973305-origpic-ca96a8-scaled.jpg","type":"image\/jpeg"}],"twitter_card":"summary_large_image","twitter_misc":{"Arvioitu lukuaika":"2 minuuttia"},"schema":{"@context":"https:\/\/schema.org","@graph":[{"@type":"WebPage","@id":"https:\/\/xenonkungen.com\/produkt\/luxtar-ledramp-x24-black-edition-240w\/","url":"https:\/\/xenonkungen.com\/produkt\/luxtar-ledramp-x24-black-edition-240w\/","name":"LUXTAR\u00ae LED-ramppi X24 musta versio 240W - Xenon-kuningas","isPartOf":{"@id":"https:\/\/xenonkungen.com\/#website"},"primaryImageOfPage":{"@id":"https:\/\/xenonkungen.com\/produkt\/luxtar-ledramp-x24-black-edition-240w\/#primaryimage"},"image":{"@id":"https:\/\/xenonkungen.com\/produkt\/luxtar-ledramp-x24-black-edition-240w\/#primaryimage"},"thumbnailUrl":"https:\/\/xenonkungen.com\/wp-content\/uploads\/2025\/06\/184973305-origpic-ca96a8-scaled.jpg","datePublished":"2025-06-23T13:52:27+00:00","dateModified":"2026-05-13T07:00:50+00:00","breadcrumb":{"@id":"https:\/\/xenonkungen.com\/produkt\/luxtar-ledramp-x24-black-edition-240w\/#breadcrumb"},"inLanguage":"fi","potentialAction":[{"@type":"ReadAction","target":["https:\/\/xenonkungen.com\/produkt\/luxtar-ledramp-x24-black-edition-240w\/"]}]},{"@type":"ImageObject","inLanguage":"fi","@id":"https:\/\/xenonkungen.com\/produkt\/luxtar-ledramp-x24-black-edition-240w\/#primaryimage","url":"https:\/\/xenonkungen.com\/wp-content\/uploads\/2025\/06\/184973305-origpic-ca96a8-scaled.jpg","contentUrl":"https:\/\/xenonkungen.com\/wp-content\/uploads\/2025\/06\/184973305-origpic-ca96a8-scaled.jpg","width":2560,"height":2560},{"@type":"BreadcrumbList","@id":"https:\/\/xenonkungen.com\/produkt\/luxtar-ledramp-x24-black-edition-240w\/#breadcrumb","itemListElement":[{"@type":"ListItem","position":1,"name":"Hem","item":"https:\/\/xenonkungen.com\/"},{"@type":"ListItem","position":2,"name":"Shop","item":"https:\/\/xenonkungen.com\/shop\/"},{"@type":"ListItem","position":3,"name":"LUXTAR\u00ae Ledramp X24 Black Edition 240W"}]},{"@type":"WebSite","@id":"https:\/\/xenonkungen.com\/#website","url":"https:\/\/xenonkungen.com\/","name":"Xenonkungen","description":"","potentialAction":[{"@type":"SearchAction","target":{"@type":"EntryPoint","urlTemplate":"https:\/\/xenonkungen.com\/?s={search_term_string}"},"query-input":{"@type":"PropertyValueSpecification","valueRequired":true,"valueName":"search_term_string"}}],"inLanguage":"fi"}]}},"taxonomy_info":{"product_brand":[{"value":103,"label":"LUXTAR"}],"product_cat":[{"value":2966,"label":"Ledramp Rak"},{"value":2539,"label":"LEDRAMPER"},{"value":2826,"label":"LUXTAR"},{"value":2541,"label":"Luxtar X-Serie Black"},{"value":2160,"label":"LUXTAR X-serie B"},{"value":1402,"label":"Outlet"}],"pa_faktisk-effekts-forbrukning":[{"value":1922,"label":"177,6"}],"pa_fuktskydd-varde-ipxx":[{"value":177,"label":"IP68"}],"pa_godkannande":[{"value":325,"label":"CE, EMC, RoHS"}],"pa_lampsockel-kontakt":[{"value":328,"label":"HB4 , 9006"}],"pa_led-chips-effekt-w":[{"value":823,"label":"240"}],"pa_ljusbild":[{"value":178,"label":"Driving"},{"value":1177,"label":"Spot"}],"pa_storlek-mm":[{"value":1921,"label":"674x63x85"}],"pa_stromforbrukning":[{"value":2368,"label":"13A @13,7V"},{"value":2369,"label":"7,4A @24V"}],"pa_volt-v":[{"value":321,"label":"Multivolt, 9, 12, 14, 18, 24, 28, 32"}]},"featured_image_src_large":["https:\/\/xenonkungen.com\/wp-content\/uploads\/2025\/06\/184973305-origpic-ca96a8-1024x1024.jpg",1024,1024,true],"author_info":[],"comment_info":0,"_links":{"self":[{"href":"https:\/\/xenonkungen.com\/fi\/wp-json\/wp\/v2\/product\/11819","targetHints":{"allow":["GET"]}}],"collection":[{"href":"https:\/\/xenonkungen.com\/fi\/wp-json\/wp\/v2\/product"}],"about":[{"href":"https:\/\/xenonkungen.com\/fi\/wp-json\/wp\/v2\/types\/product"}],"replies":[{"embeddable":true,"href":"https:\/\/xenonkungen.com\/fi\/wp-json\/wp\/v2\/comments?post=11819"}],"wp:featuredmedia":[{"embeddable":true,"href":"https:\/\/xenonkungen.com\/fi\/wp-json\/wp\/v2\/media\/11279"}],"wp:attachment":[{"href":"https:\/\/xenonkungen.com\/fi\/wp-json\/wp\/v2\/media?parent=11819"}],"wp:term":[{"taxonomy":"anvandningsomrade","embeddable":true,"href":"https:\/\/xenonkungen.com\/fi\/wp-json\/wp\/v2\/anvandningsomrade?post=11819"},{"taxonomy":"bilmarken","embeddable":true,"href":"https:\/\/xenonkungen.com\/fi\/wp-json\/wp\/v2\/bilmarken?post=11819"},{"taxonomy":"product_brand","embeddable":true,"href":"https:\/\/xenonkungen.com\/fi\/wp-json\/wp\/v2\/product_brand?post=11819"},{"taxonomy":"product_cat","embeddable":true,"href":"https:\/\/xenonkungen.com\/fi\/wp-json\/wp\/v2\/product_cat?post=11819"},{"taxonomy":"product_tag","embeddable":true,"href":"https:\/\/xenonkungen.com\/fi\/wp-json\/wp\/v2\/product_tag?post=11819"}],"curies":[{"name":"wp","href":"https:\/\/api.w.org\/{rel}","templated":true}]}}