{"id":11828,"date":"2025-06-23T13:52:32","date_gmt":"2025-06-23T13:52:32","guid":{"rendered":"https:\/\/xenonkungen.com\/produkt\/luxtar-ledramp-x40-black-edition-400w\/"},"modified":"2026-05-08T13:18:03","modified_gmt":"2026-05-08T12:18:03","slug":"luxtar-led-ramppi-x40-musta-versio-400w","status":"publish","type":"product","link":"https:\/\/xenonkungen.com\/fi\/tuote\/luxtar-led-ramppi-x40-musta-versio-400w\/","title":{"rendered":"LUXTAR\u00ae Ledramp X40 Black Edition 400W <109cm>"},"content":{"rendered":"<h2><strong>LUXTAR\u00ae LED-ramppi X40 Black Edition (musta painos)<\/strong><\/h2>\n<p>Luxtar\u00ae X-sarjan LED-rampeissa on ainutlaatuinen muotoilu, jossa sivulle asennetut diodilamput parantavat suorituskyky\u00e4. Black Edition tarjoaa sek\u00e4 tyyli\u00e4 ett\u00e4 suorituskyky\u00e4.<\/p>\n<p>Yleens\u00e4 ilmoitetut arvot ovat teoreettisia arvoja, jotka X40:n tapauksessa ovat 400W | 22 250 lumenia.<\/p>\n<p><strong>LED-ramppien teoreettiset arvot <\/strong><br \/>\n400 W &amp; 22 250 lumenia<\/p>\n<p>Luxtar Led Ramp X40:n teoreettinen arvo on 400 W ja 22 250 lumenia. Kun vertaat muita markkinoilla olevia vaihtoehtoja, kannattaa pit\u00e4\u00e4 n\u00e4m\u00e4 tekij\u00e4t mieless\u00e4.<\/p>\n<p><strong>LED-ramppien todelliset arvot <\/strong><br \/>\n400 W &amp; 20 042 lumenia<\/p>\n<p><strong>Koko<\/strong><br \/>\n109cm<\/p>\n<p><strong>volttia<\/strong><br \/>\n10-32<\/p>\n<p><strong>K\u00e4ytt\u00f6alueet<\/strong><br \/>\nHy\u00f6tyajoneuvot | Kuorma-auto | Lava-auto<\/p>\n<p><strong>LED-ramppien heijastimen\/valokuvion valinta<\/strong><br \/>\nSpot &amp; Driving<\/p>\n<p>Spot: Optimoitu maksimaalista ulottuvuutta ja kapeaa valokuviota varten.<br \/>\nAjaminen: Optimoitu laajaan valokuvioon pienemm\u00e4ll\u00e4 kantamalla.<\/p>\n<p>Spot - Sopii niille, jotka pit\u00e4v\u00e4t valon kantamaa t\u00e4rkeimp\u00e4n\u00e4, tai suuremmilla nopeuksilla, joissa keskityt\u00e4\u00e4n luonnollisesti pidemmille et\u00e4isyyksille.<\/p>\n<p>Kaukovalot - My\u00f6s kaukovalot sopivat niille, jotka etsiv\u00e4t leve\u00e4\u00e4 valoa parempaa sivuttaisn\u00e4kyvyytt\u00e4 varten.<\/p>","protected":false},"excerpt":{"rendered":"<p><i>Luxtar\u00ae X40 Black Edition -valaisimen todellinen valovoima on 20 042 lumenia, ja sen pituus on 109 cm, mik\u00e4 antaa uskomattoman valotehon ja sit\u00e4 voidaan verrata l\u00e4hes 17 halogeeniin 55w | 1000 lumenia (+-200 lm). <\/i><\/p>","protected":false},"featured_media":11300,"comment_status":"closed","ping_status":"closed","template":"","meta":{"_acf_changed":false,"_smort_price_nok":"4339","_smort_price_dkk":"3932","_smort_price_eur":"526.79","_smort_sale_price_nok":"","_smort_sale_price_dkk":"","_smort_sale_price_eur":"","smort_restorder":"","shipmondo_restorder":"","_kad_blocks_custom_css":"","_kad_blocks_head_custom_js":"","_kad_blocks_body_custom_js":"","_kad_blocks_footer_custom_js":"","smort_custom_pricelist_1":null,"smort_custom_pricelist_2":null,"smort_custom_pricelist_3":null,"smort_custom_pricelist_4":null,"smort_custom_pricelist_5":null},"anvandningsomrade":[],"bilmarken":[],"product_brand":[103],"product_cat":[2966,2539,2826,2541,2160,1402],"product_tag":[],"class_list":{"0":"post-11828","1":"product","2":"type-product","3":"status-publish","4":"has-post-thumbnail","6":"product_brand-luxtar","7":"product_cat-ledramp-rak","8":"product_cat-ledramper","9":"product_cat-luxtar","10":"product_cat-luxtar-x-serie-black-ledramper","11":"product_cat-luxtar-x-serie-black","12":"product_cat-outlet","13":"pa_faktisk-effekts-forbrukning-2375","14":"pa_fuktskydd-varde-ipxx-ip68","15":"pa_godkannande-ce-emc-rohs","16":"pa_lampsockel-kontakt-open-wire","17":"pa_led-chips-effekt-w-400","18":"pa_ljusbild-driving","19":"pa_ljusbild-spot","20":"pa_storlek-mm-1090x63x85","21":"pa_stromforbrukning-125a-24v","22":"pa_stromforbrukning-243a-137v","23":"pa_volt-v-multivolt-9-12-14-18-24-28-32","25":"first","26":"instock","27":"taxable","28":"shipping-taxable","29":"purchasable","30":"product-type-variable"},"bundled_by":[],"bundle_stock_status":"instock","bundle_stock_quantity":null,"bundle_virtual":false,"bundle_layout":"","bundle_add_to_cart_form_location":"","bundle_editable_in_cart":false,"bundle_sold_individually_context":"","bundle_item_grouping":"","bundle_min_size":"","bundle_max_size":"","bundle_price":[],"bundled_items":[],"bundle_sell_ids":[],"acf":[],"yoast_head":"<!-- This site is optimized with the Yoast SEO plugin v27.0 - https:\/\/yoast.com\/product\/yoast-seo-wordpress\/ -->\n<title>LUXTAR\u00ae Ledramp X40 Black Edition 400W  - Xenonkungen<\/title>\n<meta name=\"robots\" content=\"index, follow, max-snippet:-1, max-image-preview:large, max-video-preview:-1\" \/>\n<link rel=\"canonical\" href=\"https:\/\/xenonkungen.com\/fi\/tuote\/luxtar-led-ramppi-x40-musta-versio-400w\/\" \/>\n<meta property=\"og:locale\" content=\"fi_FI\" \/>\n<meta property=\"og:type\" content=\"article\" \/>\n<meta property=\"og:title\" content=\"LUXTAR\u00ae Ledramp X40 Black Edition 400W  - Xenonkungen\" \/>\n<meta property=\"og:description\" content=\"Luxtar\u00ae X40 Black Edition har en faktisk ljusintensitet p\u00e5 20 042 lumen och \u00e4r 109 cm, vilket resulterar i en otrolig ljusbild och kan j\u00e4mf\u00f6ras med n\u00e4rmare 17 halogen p\u00e5 55w | 1 000 Lumen (+-200 lm).\" \/>\n<meta property=\"og:url\" content=\"https:\/\/xenonkungen.com\/fi\/tuote\/luxtar-led-ramppi-x40-musta-versio-400w\/\" \/>\n<meta property=\"og:site_name\" content=\"Xenonkungen\" \/>\n<meta property=\"article:modified_time\" content=\"2026-05-08T12:18:03+00:00\" \/>\n<meta property=\"og:image\" content=\"https:\/\/xenonkungen.com\/wp-content\/uploads\/2025\/06\/184971227-origpic-31e590.png\" \/>\n\t<meta property=\"og:image:width\" content=\"1000\" \/>\n\t<meta property=\"og:image:height\" content=\"460\" \/>\n\t<meta property=\"og:image:type\" content=\"image\/png\" \/>\n<meta name=\"twitter:card\" content=\"summary_large_image\" \/>\n<meta name=\"twitter:label1\" content=\"Arvioitu lukuaika\" \/>\n\t<meta name=\"twitter:data1\" content=\"1 minuutti\" \/>\n<script type=\"application\/ld+json\" class=\"yoast-schema-graph\">{\"@context\":\"https:\/\/schema.org\",\"@graph\":[{\"@type\":\"WebPage\",\"@id\":\"https:\/\/xenonkungen.com\/produkt\/luxtar-ledramp-x40-black-edition-400w\/\",\"url\":\"https:\/\/xenonkungen.com\/produkt\/luxtar-ledramp-x40-black-edition-400w\/\",\"name\":\"LUXTAR\u00ae Ledramp X40 Black Edition 400W - Xenonkungen\",\"isPartOf\":{\"@id\":\"https:\/\/xenonkungen.com\/#website\"},\"primaryImageOfPage\":{\"@id\":\"https:\/\/xenonkungen.com\/produkt\/luxtar-ledramp-x40-black-edition-400w\/#primaryimage\"},\"image\":{\"@id\":\"https:\/\/xenonkungen.com\/produkt\/luxtar-ledramp-x40-black-edition-400w\/#primaryimage\"},\"thumbnailUrl\":\"https:\/\/xenonkungen.com\/wp-content\/uploads\/2025\/06\/184971227-origpic-31e590.png\",\"datePublished\":\"2025-06-23T13:52:32+00:00\",\"dateModified\":\"2026-05-08T12:18:03+00:00\",\"breadcrumb\":{\"@id\":\"https:\/\/xenonkungen.com\/produkt\/luxtar-ledramp-x40-black-edition-400w\/#breadcrumb\"},\"inLanguage\":\"fi\",\"potentialAction\":[{\"@type\":\"ReadAction\",\"target\":[\"https:\/\/xenonkungen.com\/produkt\/luxtar-ledramp-x40-black-edition-400w\/\"]}]},{\"@type\":\"ImageObject\",\"inLanguage\":\"fi\",\"@id\":\"https:\/\/xenonkungen.com\/produkt\/luxtar-ledramp-x40-black-edition-400w\/#primaryimage\",\"url\":\"https:\/\/xenonkungen.com\/wp-content\/uploads\/2025\/06\/184971227-origpic-31e590.png\",\"contentUrl\":\"https:\/\/xenonkungen.com\/wp-content\/uploads\/2025\/06\/184971227-origpic-31e590.png\",\"width\":1000,\"height\":460},{\"@type\":\"BreadcrumbList\",\"@id\":\"https:\/\/xenonkungen.com\/produkt\/luxtar-ledramp-x40-black-edition-400w\/#breadcrumb\",\"itemListElement\":[{\"@type\":\"ListItem\",\"position\":1,\"name\":\"Hem\",\"item\":\"https:\/\/xenonkungen.com\/\"},{\"@type\":\"ListItem\",\"position\":2,\"name\":\"Shop\",\"item\":\"https:\/\/xenonkungen.com\/shop\/\"},{\"@type\":\"ListItem\",\"position\":3,\"name\":\"LUXTAR\u00ae Ledramp X40 Black Edition 400W\"}]},{\"@type\":\"WebSite\",\"@id\":\"https:\/\/xenonkungen.com\/#website\",\"url\":\"https:\/\/xenonkungen.com\/\",\"name\":\"Xenonkungen\",\"description\":\"\",\"potentialAction\":[{\"@type\":\"SearchAction\",\"target\":{\"@type\":\"EntryPoint\",\"urlTemplate\":\"https:\/\/xenonkungen.com\/?s={search_term_string}\"},\"query-input\":{\"@type\":\"PropertyValueSpecification\",\"valueRequired\":true,\"valueName\":\"search_term_string\"}}],\"inLanguage\":\"fi\"}]}<\/script>\n<!-- \/ Yoast SEO plugin. -->","yoast_head_json":{"title":"LUXTAR\u00ae LED-ramppi X40 Black Edition 400W - Ksenonkuningas","robots":{"index":"index","follow":"follow","max-snippet":"max-snippet:-1","max-image-preview":"max-image-preview:large","max-video-preview":"max-video-preview:-1"},"canonical":"https:\/\/xenonkungen.com\/fi\/tuote\/luxtar-led-ramppi-x40-musta-versio-400w\/","og_locale":"fi_FI","og_type":"article","og_title":"LUXTAR\u00ae Ledramp X40 Black Edition 400W  - Xenonkungen","og_description":"Luxtar\u00ae X40 Black Edition har en faktisk ljusintensitet p\u00e5 20 042 lumen och \u00e4r 109 cm, vilket resulterar i en otrolig ljusbild och kan j\u00e4mf\u00f6ras med n\u00e4rmare 17 halogen p\u00e5 55w | 1 000 Lumen (+-200 lm).","og_url":"https:\/\/xenonkungen.com\/fi\/tuote\/luxtar-led-ramppi-x40-musta-versio-400w\/","og_site_name":"Xenonkungen","article_modified_time":"2026-05-08T12:18:03+00:00","og_image":[{"width":1000,"height":460,"url":"https:\/\/xenonkungen.com\/wp-content\/uploads\/2025\/06\/184971227-origpic-31e590.png","type":"image\/png"}],"twitter_card":"summary_large_image","twitter_misc":{"Arvioitu lukuaika":"1 minuutti"},"schema":{"@context":"https:\/\/schema.org","@graph":[{"@type":"WebPage","@id":"https:\/\/xenonkungen.com\/produkt\/luxtar-ledramp-x40-black-edition-400w\/","url":"https:\/\/xenonkungen.com\/produkt\/luxtar-ledramp-x40-black-edition-400w\/","name":"LUXTAR\u00ae LED-ramppi X40 Black Edition 400W - Ksenonkuningas","isPartOf":{"@id":"https:\/\/xenonkungen.com\/#website"},"primaryImageOfPage":{"@id":"https:\/\/xenonkungen.com\/produkt\/luxtar-ledramp-x40-black-edition-400w\/#primaryimage"},"image":{"@id":"https:\/\/xenonkungen.com\/produkt\/luxtar-ledramp-x40-black-edition-400w\/#primaryimage"},"thumbnailUrl":"https:\/\/xenonkungen.com\/wp-content\/uploads\/2025\/06\/184971227-origpic-31e590.png","datePublished":"2025-06-23T13:52:32+00:00","dateModified":"2026-05-08T12:18:03+00:00","breadcrumb":{"@id":"https:\/\/xenonkungen.com\/produkt\/luxtar-ledramp-x40-black-edition-400w\/#breadcrumb"},"inLanguage":"fi","potentialAction":[{"@type":"ReadAction","target":["https:\/\/xenonkungen.com\/produkt\/luxtar-ledramp-x40-black-edition-400w\/"]}]},{"@type":"ImageObject","inLanguage":"fi","@id":"https:\/\/xenonkungen.com\/produkt\/luxtar-ledramp-x40-black-edition-400w\/#primaryimage","url":"https:\/\/xenonkungen.com\/wp-content\/uploads\/2025\/06\/184971227-origpic-31e590.png","contentUrl":"https:\/\/xenonkungen.com\/wp-content\/uploads\/2025\/06\/184971227-origpic-31e590.png","width":1000,"height":460},{"@type":"BreadcrumbList","@id":"https:\/\/xenonkungen.com\/produkt\/luxtar-ledramp-x40-black-edition-400w\/#breadcrumb","itemListElement":[{"@type":"ListItem","position":1,"name":"Hem","item":"https:\/\/xenonkungen.com\/"},{"@type":"ListItem","position":2,"name":"Shop","item":"https:\/\/xenonkungen.com\/shop\/"},{"@type":"ListItem","position":3,"name":"LUXTAR\u00ae Ledramp X40 Black Edition 400W"}]},{"@type":"WebSite","@id":"https:\/\/xenonkungen.com\/#website","url":"https:\/\/xenonkungen.com\/","name":"Xenonkungen","description":"","potentialAction":[{"@type":"SearchAction","target":{"@type":"EntryPoint","urlTemplate":"https:\/\/xenonkungen.com\/?s={search_term_string}"},"query-input":{"@type":"PropertyValueSpecification","valueRequired":true,"valueName":"search_term_string"}}],"inLanguage":"fi"}]}},"taxonomy_info":{"product_brand":[{"value":103,"label":"LUXTAR"}],"product_cat":[{"value":2966,"label":"Ledramp Rak"},{"value":2539,"label":"LEDRAMPER"},{"value":2826,"label":"LUXTAR"},{"value":2541,"label":"Luxtar X-Serie Black"},{"value":2160,"label":"LUXTAR X-serie B"},{"value":1402,"label":"Outlet"}],"pa_faktisk-effekts-forbrukning":[{"value":2375,"label":"291,6"}],"pa_fuktskydd-varde-ipxx":[{"value":177,"label":"IP68"}],"pa_godkannande":[{"value":325,"label":"CE, EMC, RoHS"}],"pa_lampsockel-kontakt":[{"value":324,"label":"Open Wire"}],"pa_led-chips-effekt-w":[{"value":400,"label":"108"}],"pa_ljusbild":[{"value":178,"label":"Driving"},{"value":1177,"label":"Spot"}],"pa_storlek-mm":[{"value":2436,"label":"1090x63x85"}],"pa_stromforbrukning":[{"value":2377,"label":"12,5A @24V"},{"value":2376,"label":"24,3A @13,7V"}],"pa_volt-v":[{"value":321,"label":"Multivolt, 9, 12, 14, 18, 24, 28, 32"}]},"featured_image_src_large":["https:\/\/xenonkungen.com\/wp-content\/uploads\/2025\/06\/184971227-origpic-31e590.png",1000,460,false],"author_info":[],"comment_info":0,"_links":{"self":[{"href":"https:\/\/xenonkungen.com\/fi\/wp-json\/wp\/v2\/product\/11828","targetHints":{"allow":["GET"]}}],"collection":[{"href":"https:\/\/xenonkungen.com\/fi\/wp-json\/wp\/v2\/product"}],"about":[{"href":"https:\/\/xenonkungen.com\/fi\/wp-json\/wp\/v2\/types\/product"}],"replies":[{"embeddable":true,"href":"https:\/\/xenonkungen.com\/fi\/wp-json\/wp\/v2\/comments?post=11828"}],"wp:featuredmedia":[{"embeddable":true,"href":"https:\/\/xenonkungen.com\/fi\/wp-json\/wp\/v2\/media\/11300"}],"wp:attachment":[{"href":"https:\/\/xenonkungen.com\/fi\/wp-json\/wp\/v2\/media?parent=11828"}],"wp:term":[{"taxonomy":"anvandningsomrade","embeddable":true,"href":"https:\/\/xenonkungen.com\/fi\/wp-json\/wp\/v2\/anvandningsomrade?post=11828"},{"taxonomy":"bilmarken","embeddable":true,"href":"https:\/\/xenonkungen.com\/fi\/wp-json\/wp\/v2\/bilmarken?post=11828"},{"taxonomy":"product_brand","embeddable":true,"href":"https:\/\/xenonkungen.com\/fi\/wp-json\/wp\/v2\/product_brand?post=11828"},{"taxonomy":"product_cat","embeddable":true,"href":"https:\/\/xenonkungen.com\/fi\/wp-json\/wp\/v2\/product_cat?post=11828"},{"taxonomy":"product_tag","embeddable":true,"href":"https:\/\/xenonkungen.com\/fi\/wp-json\/wp\/v2\/product_tag?post=11828"}],"curies":[{"name":"wp","href":"https:\/\/api.w.org\/{rel}","templated":true}]}}