{"id":11843,"date":"2025-06-23T13:52:37","date_gmt":"2025-06-23T13:52:37","guid":{"rendered":"https:\/\/xenonkungen.com\/produkt\/36mm-xk-3d-canbus\/"},"modified":"2026-04-29T08:41:33","modified_gmt":"2026-04-29T07:41:33","slug":"36-mm-xk-3d-canbus","status":"publish","type":"product","link":"https:\/\/xenonkungen.com\/fi\/tuote\/36-mm-xk-3d-canbus\/","title":{"rendered":"36mm XK 3D Canbus"},"content":{"rendered":"<h2>36 mm:n C5W LED 3D Canbus \u2013 Tehokas valo kompaktissa muodossa<\/h2>\n<p><strong>P\u00e4ivit\u00e4 valaistustasi tyylill\u00e4 ja teholla!<\/strong> T\u00e4m\u00e4 36 mm:n C5W LED-lamppu, jossa on <strong>3D-suunnittelu<\/strong> on t\u00e4ydellinen valinta niille, jotka haluavat <strong>kirkkaampi, modernimpi ja energiatehokkaampi valaistus<\/strong> ohjaamossa, kojelaudassa, tavaratilassa tai sis\u00e4tiloissa.<\/p>\n<h3>Canbus-yhteensopiva \u2013 V\u00e4lt\u00e4 virhekoodeja<\/h3>\n<p>Sis\u00e4\u00e4nrakennetun ansiosta <strong>Canbus-tekniikka (2,0 W)<\/strong> Lamppu toimii t\u00e4ydellisesti useimmissa nykyaikaisissa autoissa antamatta virheilmoituksia. Helppo &quot;plug &amp; play&quot; -asennus - ei koodausta, ei vaivaa.<\/p>\n<h3>Voimakas ja miellytt\u00e4v\u00e4 valkoinen valo<\/h3>\n<p>Kirkkaudella <strong>150 lumenia<\/strong> ja v\u00e4ril\u00e4mp\u00f6tila <strong>4000K (neutraali valkoinen)<\/strong> saatko sellaisen <strong>pehme\u00e4 mutta voimakas valo<\/strong> joka antaa raikkaan ja eksklusiivisen vaikutelman h\u00e4ik\u00e4isem\u00e4tt\u00e4.<\/p>\n<h3>Laaja j\u00e4nnitealue \u2013 9\u201328 V<\/h3>\n<p>Lamppu on suunniteltu toimimaan sek\u00e4 12 V:n ett\u00e4 24 V:n j\u00e4rjestelmiss\u00e4, joten se sopii ihanteellisesti kaikkeen autoista kuorma-autoihin ja matkailuautoihin.<\/p>\n<p><strong>Muunna autosi sis\u00e4- tai rekisterikilven valaistus tehokkailla, ensiluokkaisilla LED-valoilla \u2013 tyylikk\u00e4ill\u00e4, virhekoodeilla vapailla ja tehokkailla.<\/strong><\/p>","protected":false},"excerpt":{"rendered":"<p>36mm C5W LED 3D Canbus \u2013 Kraftfullt ljus i kompakt format Uppgradera din belysning med stil och prestanda! Denna 36mm C5W LED-lampa med 3D-design \u00e4r det perfekta valet f\u00f6r dig som vill ha klarare, modernare och mer energieffektiv belysning i kup\u00e9, skylt, bagageutrymme eller interi\u00f6r. Canbus-kompatibel \u2013 Slipp felkoder Tack vare inbyggd Canbus-teknologi (2.0W) fungerar [&hellip;]<\/p>","protected":false},"featured_media":11330,"comment_status":"closed","ping_status":"open","template":"","meta":{"_acf_changed":false,"_smort_price_nok":"208","_smort_price_dkk":"132","_smort_price_eur":"17.73","_smort_sale_price_nok":"","_smort_sale_price_dkk":"","_smort_sale_price_eur":"","smort_restorder":"","shipmondo_restorder":"","_kad_blocks_custom_css":"","_kad_blocks_head_custom_js":"","_kad_blocks_body_custom_js":"","_kad_blocks_footer_custom_js":"","smort_custom_pricelist_1":"","smort_custom_pricelist_2":"","smort_custom_pricelist_3":"","smort_custom_pricelist_4":"","smort_custom_pricelist_5":""},"anvandningsomrade":[2234],"bilmarken":[168],"product_brand":[117],"product_cat":[338],"product_tag":[],"class_list":{"0":"post-11843","1":"product","2":"type-product","3":"status-publish","4":"has-post-thumbnail","6":"anvandningsomrade-alla","7":"bilmarken-alla","8":"product_brand-xenonkungen","9":"product_cat-diodlampor","10":"pa_fargtemperatur-2290","11":"pa_fargtemperatur-1428","12":"pa_lampsockel-kontakt-36mm-c5w-sv8-5","13":"pa_storlek-mm-379","14":"pa_volt-v-multivolt-9-12-14-18-24-28","16":"first","17":"instock","18":"taxable","19":"shipping-taxable","20":"purchasable","21":"product-type-variable"},"bundled_by":[],"bundle_stock_status":"instock","bundle_stock_quantity":null,"bundle_virtual":false,"bundle_layout":"","bundle_add_to_cart_form_location":"","bundle_editable_in_cart":false,"bundle_sold_individually_context":"","bundle_item_grouping":"","bundle_min_size":"","bundle_max_size":"","bundle_price":[],"bundled_items":[],"bundle_sell_ids":[],"acf":[],"yoast_head":"<!-- This site is optimized with the Yoast SEO plugin v27.0 - https:\/\/yoast.com\/product\/yoast-seo-wordpress\/ -->\n<title>36mm XK 3D Canbus - Xenonkungen<\/title>\n<meta name=\"robots\" content=\"index, follow, max-snippet:-1, max-image-preview:large, max-video-preview:-1\" \/>\n<link rel=\"canonical\" href=\"https:\/\/xenonkungen.com\/fi\/tuote\/36-mm-xk-3d-canbus\/\" \/>\n<meta property=\"og:locale\" content=\"fi_FI\" \/>\n<meta property=\"og:type\" content=\"article\" \/>\n<meta property=\"og:title\" content=\"36mm XK 3D Canbus - Xenonkungen\" \/>\n<meta property=\"og:description\" content=\"36mm C5W LED 3D Canbus \u2013 Kraftfullt ljus i kompakt format Uppgradera din belysning med stil och prestanda! Denna 36mm C5W LED-lampa med 3D-design \u00e4r det perfekta valet f\u00f6r dig som vill ha klarare, modernare och mer energieffektiv belysning i kup\u00e9, skylt, bagageutrymme eller interi\u00f6r. Canbus-kompatibel \u2013 Slipp felkoder Tack vare inbyggd Canbus-teknologi (2.0W) fungerar [&hellip;]\" \/>\n<meta property=\"og:url\" content=\"https:\/\/xenonkungen.com\/fi\/tuote\/36-mm-xk-3d-canbus\/\" \/>\n<meta property=\"og:site_name\" content=\"Xenonkungen\" \/>\n<meta property=\"article:modified_time\" content=\"2026-04-29T07:41:33+00:00\" \/>\n<meta property=\"og:image\" content=\"https:\/\/xenonkungen.com\/wp-content\/uploads\/2025\/06\/167049113-origpic-39b9ba.png\" \/>\n\t<meta property=\"og:image:width\" content=\"1000\" \/>\n\t<meta property=\"og:image:height\" content=\"1000\" \/>\n\t<meta property=\"og:image:type\" content=\"image\/png\" \/>\n<meta name=\"twitter:card\" content=\"summary_large_image\" \/>\n<meta name=\"twitter:label1\" content=\"Arvioitu lukuaika\" \/>\n\t<meta name=\"twitter:data1\" content=\"1 minuutti\" \/>\n<script type=\"application\/ld+json\" class=\"yoast-schema-graph\">{\"@context\":\"https:\/\/schema.org\",\"@graph\":[{\"@type\":\"WebPage\",\"@id\":\"https:\/\/xenonkungen.com\/de\/produkt\/36mm-xk-3d-canbus\/\",\"url\":\"https:\/\/xenonkungen.com\/de\/produkt\/36mm-xk-3d-canbus\/\",\"name\":\"36mm XK 3D Canbus - Xenonkungen\",\"isPartOf\":{\"@id\":\"https:\/\/xenonkungen.com\/#website\"},\"primaryImageOfPage\":{\"@id\":\"https:\/\/xenonkungen.com\/de\/produkt\/36mm-xk-3d-canbus\/#primaryimage\"},\"image\":{\"@id\":\"https:\/\/xenonkungen.com\/de\/produkt\/36mm-xk-3d-canbus\/#primaryimage\"},\"thumbnailUrl\":\"https:\/\/xenonkungen.com\/wp-content\/uploads\/2025\/06\/167049113-origpic-39b9ba.png\",\"datePublished\":\"2025-06-23T13:52:37+00:00\",\"dateModified\":\"2026-04-29T07:41:33+00:00\",\"breadcrumb\":{\"@id\":\"https:\/\/xenonkungen.com\/de\/produkt\/36mm-xk-3d-canbus\/#breadcrumb\"},\"inLanguage\":\"fi\",\"potentialAction\":[{\"@type\":\"ReadAction\",\"target\":[\"https:\/\/xenonkungen.com\/de\/produkt\/36mm-xk-3d-canbus\/\"]}]},{\"@type\":\"ImageObject\",\"inLanguage\":\"fi\",\"@id\":\"https:\/\/xenonkungen.com\/de\/produkt\/36mm-xk-3d-canbus\/#primaryimage\",\"url\":\"https:\/\/xenonkungen.com\/wp-content\/uploads\/2025\/06\/167049113-origpic-39b9ba.png\",\"contentUrl\":\"https:\/\/xenonkungen.com\/wp-content\/uploads\/2025\/06\/167049113-origpic-39b9ba.png\",\"width\":1000,\"height\":1000},{\"@type\":\"BreadcrumbList\",\"@id\":\"https:\/\/xenonkungen.com\/de\/produkt\/36mm-xk-3d-canbus\/#breadcrumb\",\"itemListElement\":[{\"@type\":\"ListItem\",\"position\":1,\"name\":\"Hem\",\"item\":\"https:\/\/xenonkungen.com\/\"},{\"@type\":\"ListItem\",\"position\":2,\"name\":\"Shop\",\"item\":\"https:\/\/xenonkungen.com\/shop\/\"},{\"@type\":\"ListItem\",\"position\":3,\"name\":\"36mm XK 3D Canbus\"}]},{\"@type\":\"WebSite\",\"@id\":\"https:\/\/xenonkungen.com\/#website\",\"url\":\"https:\/\/xenonkungen.com\/\",\"name\":\"Xenonkungen\",\"description\":\"\",\"potentialAction\":[{\"@type\":\"SearchAction\",\"target\":{\"@type\":\"EntryPoint\",\"urlTemplate\":\"https:\/\/xenonkungen.com\/?s={search_term_string}\"},\"query-input\":{\"@type\":\"PropertyValueSpecification\",\"valueRequired\":true,\"valueName\":\"search_term_string\"}}],\"inLanguage\":\"fi\"}]}<\/script>\n<!-- \/ Yoast SEO plugin. -->","yoast_head_json":{"title":"36 mm:n XK 3D Canbus - Xenon-kuningas","robots":{"index":"index","follow":"follow","max-snippet":"max-snippet:-1","max-image-preview":"max-image-preview:large","max-video-preview":"max-video-preview:-1"},"canonical":"https:\/\/xenonkungen.com\/fi\/tuote\/36-mm-xk-3d-canbus\/","og_locale":"fi_FI","og_type":"article","og_title":"36mm XK 3D Canbus - Xenonkungen","og_description":"36mm C5W LED 3D Canbus \u2013 Kraftfullt ljus i kompakt format Uppgradera din belysning med stil och prestanda! Denna 36mm C5W LED-lampa med 3D-design \u00e4r det perfekta valet f\u00f6r dig som vill ha klarare, modernare och mer energieffektiv belysning i kup\u00e9, skylt, bagageutrymme eller interi\u00f6r. Canbus-kompatibel \u2013 Slipp felkoder Tack vare inbyggd Canbus-teknologi (2.0W) fungerar [&hellip;]","og_url":"https:\/\/xenonkungen.com\/fi\/tuote\/36-mm-xk-3d-canbus\/","og_site_name":"Xenonkungen","article_modified_time":"2026-04-29T07:41:33+00:00","og_image":[{"width":1000,"height":1000,"url":"https:\/\/xenonkungen.com\/wp-content\/uploads\/2025\/06\/167049113-origpic-39b9ba.png","type":"image\/png"}],"twitter_card":"summary_large_image","twitter_misc":{"Arvioitu lukuaika":"1 minuutti"},"schema":{"@context":"https:\/\/schema.org","@graph":[{"@type":"WebPage","@id":"https:\/\/xenonkungen.com\/de\/produkt\/36mm-xk-3d-canbus\/","url":"https:\/\/xenonkungen.com\/de\/produkt\/36mm-xk-3d-canbus\/","name":"36 mm:n XK 3D Canbus - Xenon-kuningas","isPartOf":{"@id":"https:\/\/xenonkungen.com\/#website"},"primaryImageOfPage":{"@id":"https:\/\/xenonkungen.com\/de\/produkt\/36mm-xk-3d-canbus\/#primaryimage"},"image":{"@id":"https:\/\/xenonkungen.com\/de\/produkt\/36mm-xk-3d-canbus\/#primaryimage"},"thumbnailUrl":"https:\/\/xenonkungen.com\/wp-content\/uploads\/2025\/06\/167049113-origpic-39b9ba.png","datePublished":"2025-06-23T13:52:37+00:00","dateModified":"2026-04-29T07:41:33+00:00","breadcrumb":{"@id":"https:\/\/xenonkungen.com\/de\/produkt\/36mm-xk-3d-canbus\/#breadcrumb"},"inLanguage":"fi","potentialAction":[{"@type":"ReadAction","target":["https:\/\/xenonkungen.com\/de\/produkt\/36mm-xk-3d-canbus\/"]}]},{"@type":"ImageObject","inLanguage":"fi","@id":"https:\/\/xenonkungen.com\/de\/produkt\/36mm-xk-3d-canbus\/#primaryimage","url":"https:\/\/xenonkungen.com\/wp-content\/uploads\/2025\/06\/167049113-origpic-39b9ba.png","contentUrl":"https:\/\/xenonkungen.com\/wp-content\/uploads\/2025\/06\/167049113-origpic-39b9ba.png","width":1000,"height":1000},{"@type":"BreadcrumbList","@id":"https:\/\/xenonkungen.com\/de\/produkt\/36mm-xk-3d-canbus\/#breadcrumb","itemListElement":[{"@type":"ListItem","position":1,"name":"Hem","item":"https:\/\/xenonkungen.com\/"},{"@type":"ListItem","position":2,"name":"Shop","item":"https:\/\/xenonkungen.com\/shop\/"},{"@type":"ListItem","position":3,"name":"36mm XK 3D Canbus"}]},{"@type":"WebSite","@id":"https:\/\/xenonkungen.com\/#website","url":"https:\/\/xenonkungen.com\/","name":"Xenonkungen","description":"","potentialAction":[{"@type":"SearchAction","target":{"@type":"EntryPoint","urlTemplate":"https:\/\/xenonkungen.com\/?s={search_term_string}"},"query-input":{"@type":"PropertyValueSpecification","valueRequired":true,"valueName":"search_term_string"}}],"inLanguage":"fi"}]}},"taxonomy_info":{"anvandningsomrade":[{"value":2234,"label":"Alla"}],"bilmarken":[{"value":168,"label":"Alla"}],"product_brand":[{"value":117,"label":"Xenonkungen"}],"product_cat":[{"value":338,"label":"Diodlampor"}],"pa_fargtemperatur":[{"value":2290,"label":"4000"},{"value":1428,"label":"6000"}],"pa_lampsockel-kontakt":[{"value":2395,"label":"36mm, C5W, SV8.5"}],"pa_storlek-mm":[{"value":379,"label":"36"}],"pa_volt-v":[{"value":2394,"label":"Multivolt, 9, 12, 14, 18, 24, 28"}]},"featured_image_src_large":["https:\/\/xenonkungen.com\/wp-content\/uploads\/2025\/06\/167049113-origpic-39b9ba.png",1000,1000,false],"author_info":[],"comment_info":0,"_links":{"self":[{"href":"https:\/\/xenonkungen.com\/fi\/wp-json\/wp\/v2\/product\/11843","targetHints":{"allow":["GET"]}}],"collection":[{"href":"https:\/\/xenonkungen.com\/fi\/wp-json\/wp\/v2\/product"}],"about":[{"href":"https:\/\/xenonkungen.com\/fi\/wp-json\/wp\/v2\/types\/product"}],"replies":[{"embeddable":true,"href":"https:\/\/xenonkungen.com\/fi\/wp-json\/wp\/v2\/comments?post=11843"}],"wp:featuredmedia":[{"embeddable":true,"href":"https:\/\/xenonkungen.com\/fi\/wp-json\/wp\/v2\/media\/11330"}],"wp:attachment":[{"href":"https:\/\/xenonkungen.com\/fi\/wp-json\/wp\/v2\/media?parent=11843"}],"wp:term":[{"taxonomy":"anvandningsomrade","embeddable":true,"href":"https:\/\/xenonkungen.com\/fi\/wp-json\/wp\/v2\/anvandningsomrade?post=11843"},{"taxonomy":"bilmarken","embeddable":true,"href":"https:\/\/xenonkungen.com\/fi\/wp-json\/wp\/v2\/bilmarken?post=11843"},{"taxonomy":"product_brand","embeddable":true,"href":"https:\/\/xenonkungen.com\/fi\/wp-json\/wp\/v2\/product_brand?post=11843"},{"taxonomy":"product_cat","embeddable":true,"href":"https:\/\/xenonkungen.com\/fi\/wp-json\/wp\/v2\/product_cat?post=11843"},{"taxonomy":"product_tag","embeddable":true,"href":"https:\/\/xenonkungen.com\/fi\/wp-json\/wp\/v2\/product_tag?post=11843"}],"curies":[{"name":"wp","href":"https:\/\/api.w.org\/{rel}","templated":true}]}}