{"id":11846,"date":"2025-06-23T13:52:37","date_gmt":"2025-06-23T13:52:37","guid":{"rendered":"https:\/\/xenonkungen.com\/produkt\/39mm-xk-3d-canbus\/"},"modified":"2026-05-13T12:16:41","modified_gmt":"2026-05-13T11:16:41","slug":"39-mm-xk-3d-canbus","status":"publish","type":"product","link":"https:\/\/xenonkungen.com\/fi\/tuote\/39-mm-xk-3d-canbus\/","title":{"rendered":"39mm XK 3D Canbus"},"content":{"rendered":"<h2>39mm C5W LED 3D Canbus - Selke\u00e4 ja moderni valaistus ilman virhekoodeja.<\/h2>\n<p>Etsitk\u00f6 helppoa tapaa antaa autollesi moderni ilme ja parempi valaistus? <strong>39mm C5W LED 3D Canbus<\/strong> on t\u00e4ydellinen valinta niille, jotka haluavat p\u00e4ivitt\u00e4\u00e4 sis\u00e4tilojen, kylttien tai matkatavaroiden valaistuksen <strong>energiatehokas, tehokas ja tyylik\u00e4s LED-tekniikka<\/strong>.<\/p>\n<h3>Vakaa suorituskyky Canbus-tuella<\/h3>\n<p>Sis\u00e4\u00e4nrakennettu <strong>Canbus-vastustekniikka (2,0W)<\/strong> v\u00e4lt\u00e4t autosi \u00e4rsytt\u00e4v\u00e4t vikakoodit. Valo on yhteensopiva useimpien ajoneuvojen kanssa, eik\u00e4 se vaadi ylim\u00e4\u00e4r\u00e4ist\u00e4 uudelleenohjelmointia - vain <strong>plug &amp; play<\/strong>.<\/p>\n<h3>Neutraali valkoinen valo antaa ensiluokkaisen tunnelman<\/h3>\n<p>T\u00e4m\u00e4 LED-valo tarjoaa <strong>150 lumenia<\/strong> in a <strong>pehme\u00e4 valkoinen valo 4000K<\/strong> - t\u00e4ydellinen niille, jotka haluavat miellytt\u00e4v\u00e4n ja tyylikk\u00e4\u00e4n valaistuksen, joka valaisee h\u00e4ik\u00e4isem\u00e4tt\u00e4.<\/p>\n<h3>Laaja valikoima sovelluksia - 9-28V<\/h3>\n<p>Soveltuu sek\u00e4 12 V:n ett\u00e4 24 V:n s\u00e4hk\u00f6j\u00e4rjestelmiin, joten se on ihanteellinen henkil\u00f6autoihin, pakettiautoihin, kuorma-autoihin ja matkailuautoihin.<\/p>\n<p><strong>Anna autollesi sen ansaitsema p\u00e4ivitys - tyylikk\u00e4\u00e4ll\u00e4, tehokkaalla ja virhekoodittomalla 39 mm:n C5W 3D Canbus -ledivalaisimella.<\/strong><\/p>","protected":false},"excerpt":{"rendered":"<p>39mm C5W LED 3D Canbus \u2013 Klar och modern belysning utan felkoder Letar du efter ett enkelt s\u00e4tt att ge din bil en modern look och b\u00e4ttre ljus? 39mm C5W LED 3D Canbus \u00e4r ett perfekt val f\u00f6r dig som vill uppgradera interi\u00f6r-, skylt- eller bagagebelysningen till energisn\u00e5l, stark och snygg LED-teknik. Stabil prestanda med [&hellip;]<\/p>","protected":false},"featured_media":11336,"comment_status":"closed","ping_status":"closed","template":"","meta":{"_acf_changed":false,"_smort_price_nok":"208","_smort_price_dkk":"132","_smort_price_eur":"17.73","_smort_sale_price_nok":"","_smort_sale_price_dkk":"","_smort_sale_price_eur":"","smort_restorder":"","shipmondo_restorder":"","_kad_blocks_custom_css":"","_kad_blocks_head_custom_js":"","_kad_blocks_body_custom_js":"","_kad_blocks_footer_custom_js":"","smort_custom_pricelist_1":null,"smort_custom_pricelist_2":null,"smort_custom_pricelist_3":null,"smort_custom_pricelist_4":null,"smort_custom_pricelist_5":null},"anvandningsomrade":[2234],"bilmarken":[168],"product_brand":[117],"product_cat":[338],"product_tag":[],"class_list":{"0":"post-11846","1":"product","2":"type-product","3":"status-publish","4":"has-post-thumbnail","6":"anvandningsomrade-alla","7":"bilmarken-alla","8":"product_brand-xenonkungen","9":"product_cat-diodlampor","10":"pa_fargtemperatur-2290","11":"pa_fargtemperatur-1428","12":"pa_fargtemperatur-amber","13":"pa_fargtemperatur-blue","14":"pa_fargtemperatur-red","15":"pa_lampsockel-kontakt-39mm-c5w-sv8-5","16":"pa_storlek-mm-388","17":"pa_volt-v-multivolt-9-12-14-18-24-28","19":"first","20":"instock","21":"taxable","22":"shipping-taxable","23":"purchasable","24":"product-type-variable"},"bundled_by":[],"bundle_stock_status":"instock","bundle_stock_quantity":null,"bundle_virtual":false,"bundle_layout":"","bundle_add_to_cart_form_location":"","bundle_editable_in_cart":false,"bundle_sold_individually_context":"","bundle_item_grouping":"","bundle_min_size":"","bundle_max_size":"","bundle_price":[],"bundled_items":[],"bundle_sell_ids":[],"acf":[],"yoast_head":"<!-- This site is optimized with the Yoast SEO plugin v27.0 - https:\/\/yoast.com\/product\/yoast-seo-wordpress\/ -->\n<title>39mm XK 3D Canbus - Xenonkungen<\/title>\n<meta name=\"robots\" content=\"index, follow, max-snippet:-1, max-image-preview:large, max-video-preview:-1\" \/>\n<link rel=\"canonical\" href=\"https:\/\/xenonkungen.com\/fi\/tuote\/39-mm-xk-3d-canbus\/\" \/>\n<meta property=\"og:locale\" content=\"fi_FI\" \/>\n<meta property=\"og:type\" content=\"article\" \/>\n<meta property=\"og:title\" content=\"39mm XK 3D Canbus - Xenonkungen\" \/>\n<meta property=\"og:description\" content=\"39mm C5W LED 3D Canbus \u2013 Klar och modern belysning utan felkoder Letar du efter ett enkelt s\u00e4tt att ge din bil en modern look och b\u00e4ttre ljus? 39mm C5W LED 3D Canbus \u00e4r ett perfekt val f\u00f6r dig som vill uppgradera interi\u00f6r-, skylt- eller bagagebelysningen till energisn\u00e5l, stark och snygg LED-teknik. Stabil prestanda med [&hellip;]\" \/>\n<meta property=\"og:url\" content=\"https:\/\/xenonkungen.com\/fi\/tuote\/39-mm-xk-3d-canbus\/\" \/>\n<meta property=\"og:site_name\" content=\"Xenonkungen\" \/>\n<meta property=\"article:modified_time\" content=\"2026-05-13T11:16:41+00:00\" \/>\n<meta property=\"og:image\" content=\"https:\/\/xenonkungen.com\/wp-content\/uploads\/2025\/06\/167049129-origpic-5ee499.png\" \/>\n\t<meta property=\"og:image:width\" content=\"1000\" \/>\n\t<meta property=\"og:image:height\" content=\"1000\" \/>\n\t<meta property=\"og:image:type\" content=\"image\/png\" \/>\n<meta name=\"twitter:card\" content=\"summary_large_image\" \/>\n<meta name=\"twitter:label1\" content=\"Arvioitu lukuaika\" \/>\n\t<meta name=\"twitter:data1\" content=\"1 minuutti\" \/>\n<script type=\"application\/ld+json\" class=\"yoast-schema-graph\">{\"@context\":\"https:\/\/schema.org\",\"@graph\":[{\"@type\":\"WebPage\",\"@id\":\"https:\/\/xenonkungen.com\/produkt\/39mm-xk-3d-canbus\/\",\"url\":\"https:\/\/xenonkungen.com\/produkt\/39mm-xk-3d-canbus\/\",\"name\":\"39mm XK 3D Canbus - Xenonkungen\",\"isPartOf\":{\"@id\":\"https:\/\/xenonkungen.com\/#website\"},\"primaryImageOfPage\":{\"@id\":\"https:\/\/xenonkungen.com\/produkt\/39mm-xk-3d-canbus\/#primaryimage\"},\"image\":{\"@id\":\"https:\/\/xenonkungen.com\/produkt\/39mm-xk-3d-canbus\/#primaryimage\"},\"thumbnailUrl\":\"https:\/\/xenonkungen.com\/wp-content\/uploads\/2025\/06\/167049129-origpic-5ee499.png\",\"datePublished\":\"2025-06-23T13:52:37+00:00\",\"dateModified\":\"2026-05-13T11:16:41+00:00\",\"breadcrumb\":{\"@id\":\"https:\/\/xenonkungen.com\/produkt\/39mm-xk-3d-canbus\/#breadcrumb\"},\"inLanguage\":\"fi\",\"potentialAction\":[{\"@type\":\"ReadAction\",\"target\":[\"https:\/\/xenonkungen.com\/produkt\/39mm-xk-3d-canbus\/\"]}]},{\"@type\":\"ImageObject\",\"inLanguage\":\"fi\",\"@id\":\"https:\/\/xenonkungen.com\/produkt\/39mm-xk-3d-canbus\/#primaryimage\",\"url\":\"https:\/\/xenonkungen.com\/wp-content\/uploads\/2025\/06\/167049129-origpic-5ee499.png\",\"contentUrl\":\"https:\/\/xenonkungen.com\/wp-content\/uploads\/2025\/06\/167049129-origpic-5ee499.png\",\"width\":1000,\"height\":1000},{\"@type\":\"BreadcrumbList\",\"@id\":\"https:\/\/xenonkungen.com\/produkt\/39mm-xk-3d-canbus\/#breadcrumb\",\"itemListElement\":[{\"@type\":\"ListItem\",\"position\":1,\"name\":\"Hem\",\"item\":\"https:\/\/xenonkungen.com\/\"},{\"@type\":\"ListItem\",\"position\":2,\"name\":\"Shop\",\"item\":\"https:\/\/xenonkungen.com\/shop\/\"},{\"@type\":\"ListItem\",\"position\":3,\"name\":\"39mm XK 3D Canbus\"}]},{\"@type\":\"WebSite\",\"@id\":\"https:\/\/xenonkungen.com\/#website\",\"url\":\"https:\/\/xenonkungen.com\/\",\"name\":\"Xenonkungen\",\"description\":\"\",\"potentialAction\":[{\"@type\":\"SearchAction\",\"target\":{\"@type\":\"EntryPoint\",\"urlTemplate\":\"https:\/\/xenonkungen.com\/?s={search_term_string}\"},\"query-input\":{\"@type\":\"PropertyValueSpecification\",\"valueRequired\":true,\"valueName\":\"search_term_string\"}}],\"inLanguage\":\"fi\"}]}<\/script>\n<!-- \/ Yoast SEO plugin. -->","yoast_head_json":{"title":"39 mm:n XK 3D Canbus - Xenon-kuningas","robots":{"index":"index","follow":"follow","max-snippet":"max-snippet:-1","max-image-preview":"max-image-preview:large","max-video-preview":"max-video-preview:-1"},"canonical":"https:\/\/xenonkungen.com\/fi\/tuote\/39-mm-xk-3d-canbus\/","og_locale":"fi_FI","og_type":"article","og_title":"39mm XK 3D Canbus - Xenonkungen","og_description":"39mm C5W LED 3D Canbus \u2013 Klar och modern belysning utan felkoder Letar du efter ett enkelt s\u00e4tt att ge din bil en modern look och b\u00e4ttre ljus? 39mm C5W LED 3D Canbus \u00e4r ett perfekt val f\u00f6r dig som vill uppgradera interi\u00f6r-, skylt- eller bagagebelysningen till energisn\u00e5l, stark och snygg LED-teknik. Stabil prestanda med [&hellip;]","og_url":"https:\/\/xenonkungen.com\/fi\/tuote\/39-mm-xk-3d-canbus\/","og_site_name":"Xenonkungen","article_modified_time":"2026-05-13T11:16:41+00:00","og_image":[{"width":1000,"height":1000,"url":"https:\/\/xenonkungen.com\/wp-content\/uploads\/2025\/06\/167049129-origpic-5ee499.png","type":"image\/png"}],"twitter_card":"summary_large_image","twitter_misc":{"Arvioitu lukuaika":"1 minuutti"},"schema":{"@context":"https:\/\/schema.org","@graph":[{"@type":"WebPage","@id":"https:\/\/xenonkungen.com\/produkt\/39mm-xk-3d-canbus\/","url":"https:\/\/xenonkungen.com\/produkt\/39mm-xk-3d-canbus\/","name":"39 mm:n XK 3D Canbus - Xenon-kuningas","isPartOf":{"@id":"https:\/\/xenonkungen.com\/#website"},"primaryImageOfPage":{"@id":"https:\/\/xenonkungen.com\/produkt\/39mm-xk-3d-canbus\/#primaryimage"},"image":{"@id":"https:\/\/xenonkungen.com\/produkt\/39mm-xk-3d-canbus\/#primaryimage"},"thumbnailUrl":"https:\/\/xenonkungen.com\/wp-content\/uploads\/2025\/06\/167049129-origpic-5ee499.png","datePublished":"2025-06-23T13:52:37+00:00","dateModified":"2026-05-13T11:16:41+00:00","breadcrumb":{"@id":"https:\/\/xenonkungen.com\/produkt\/39mm-xk-3d-canbus\/#breadcrumb"},"inLanguage":"fi","potentialAction":[{"@type":"ReadAction","target":["https:\/\/xenonkungen.com\/produkt\/39mm-xk-3d-canbus\/"]}]},{"@type":"ImageObject","inLanguage":"fi","@id":"https:\/\/xenonkungen.com\/produkt\/39mm-xk-3d-canbus\/#primaryimage","url":"https:\/\/xenonkungen.com\/wp-content\/uploads\/2025\/06\/167049129-origpic-5ee499.png","contentUrl":"https:\/\/xenonkungen.com\/wp-content\/uploads\/2025\/06\/167049129-origpic-5ee499.png","width":1000,"height":1000},{"@type":"BreadcrumbList","@id":"https:\/\/xenonkungen.com\/produkt\/39mm-xk-3d-canbus\/#breadcrumb","itemListElement":[{"@type":"ListItem","position":1,"name":"Hem","item":"https:\/\/xenonkungen.com\/"},{"@type":"ListItem","position":2,"name":"Shop","item":"https:\/\/xenonkungen.com\/shop\/"},{"@type":"ListItem","position":3,"name":"39mm XK 3D Canbus"}]},{"@type":"WebSite","@id":"https:\/\/xenonkungen.com\/#website","url":"https:\/\/xenonkungen.com\/","name":"Xenonkungen","description":"","potentialAction":[{"@type":"SearchAction","target":{"@type":"EntryPoint","urlTemplate":"https:\/\/xenonkungen.com\/?s={search_term_string}"},"query-input":{"@type":"PropertyValueSpecification","valueRequired":true,"valueName":"search_term_string"}}],"inLanguage":"fi"}]}},"taxonomy_info":{"anvandningsomrade":[{"value":2234,"label":"Alla"}],"bilmarken":[{"value":168,"label":"Alla"}],"product_brand":[{"value":117,"label":"Xenonkungen"}],"product_cat":[{"value":338,"label":"Diodlampor"}],"pa_fargtemperatur":[{"value":2290,"label":"4000"},{"value":1428,"label":"6000"},{"value":745,"label":"Amber"},{"value":2678,"label":"Blue"},{"value":365,"label":"Red"}],"pa_lampsockel-kontakt":[{"value":2396,"label":"39mm, C5W, SV8.5"}],"pa_storlek-mm":[{"value":388,"label":"39"}],"pa_volt-v":[{"value":2394,"label":"Multivolt, 9, 12, 14, 18, 24, 28"}]},"featured_image_src_large":["https:\/\/xenonkungen.com\/wp-content\/uploads\/2025\/06\/167049129-origpic-5ee499.png",1000,1000,false],"author_info":[],"comment_info":0,"_links":{"self":[{"href":"https:\/\/xenonkungen.com\/fi\/wp-json\/wp\/v2\/product\/11846","targetHints":{"allow":["GET"]}}],"collection":[{"href":"https:\/\/xenonkungen.com\/fi\/wp-json\/wp\/v2\/product"}],"about":[{"href":"https:\/\/xenonkungen.com\/fi\/wp-json\/wp\/v2\/types\/product"}],"replies":[{"embeddable":true,"href":"https:\/\/xenonkungen.com\/fi\/wp-json\/wp\/v2\/comments?post=11846"}],"wp:featuredmedia":[{"embeddable":true,"href":"https:\/\/xenonkungen.com\/fi\/wp-json\/wp\/v2\/media\/11336"}],"wp:attachment":[{"href":"https:\/\/xenonkungen.com\/fi\/wp-json\/wp\/v2\/media?parent=11846"}],"wp:term":[{"taxonomy":"anvandningsomrade","embeddable":true,"href":"https:\/\/xenonkungen.com\/fi\/wp-json\/wp\/v2\/anvandningsomrade?post=11846"},{"taxonomy":"bilmarken","embeddable":true,"href":"https:\/\/xenonkungen.com\/fi\/wp-json\/wp\/v2\/bilmarken?post=11846"},{"taxonomy":"product_brand","embeddable":true,"href":"https:\/\/xenonkungen.com\/fi\/wp-json\/wp\/v2\/product_brand?post=11846"},{"taxonomy":"product_cat","embeddable":true,"href":"https:\/\/xenonkungen.com\/fi\/wp-json\/wp\/v2\/product_cat?post=11846"},{"taxonomy":"product_tag","embeddable":true,"href":"https:\/\/xenonkungen.com\/fi\/wp-json\/wp\/v2\/product_tag?post=11846"}],"curies":[{"name":"wp","href":"https:\/\/api.w.org\/{rel}","templated":true}]}}