{"id":11852,"date":"2025-06-23T13:52:40","date_gmt":"2025-06-23T13:52:40","guid":{"rendered":"https:\/\/xenonkungen.com\/produkt\/extraljus-nbb-alpha-225-60w-xenon\/"},"modified":"2026-05-13T15:58:03","modified_gmt":"2026-05-13T14:58:03","slug":"lisavalo-nbb-alpha-225-60w-xenon","status":"publish","type":"product","link":"https:\/\/xenonkungen.com\/fi\/tuote\/lisavalo-nbb-alpha-225-60w-xenon\/","title":{"rendered":"Lis\u00e4valo NBB Alpha 225 60W Xenon 60W"},"content":{"rendered":"<p>NBB Alpha 225 Eritt\u00e4in kevyt halkaisijaltaan <strong>225mm<\/strong> eritt\u00e4in suosittu malli, jossa on yksi markkinoiden parhaista valokuvioista. Uusi malli 2013, jossa LED-asemavalo yl\u00e4reunassa.<\/p>\n<p>Vaihtoehto niille, jotka pit\u00e4v\u00e4t t\u00e4rkeimp\u00e4n\u00e4 mahdollisimman paljon ja parasta mahdollista valoa. T\u00e4ss\u00e4 versiossa, jossa on voimassa <strong>60W ksenon<\/strong>.<\/p>\n<p><strong>Kysymys:<\/strong> Monet myyv\u00e4t t\u00e4t\u00e4 lis\u00e4valoa. Miksi ostaa sinulta?<br \/><strong>Vastaa:<\/strong> Kyll\u00e4, mutta vain meid\u00e4n versiossamme on HNS-6-painolasti. Se on paras, mit\u00e4 olemme saaneet ja mit\u00e4 tied\u00e4mme j\u00e4lkimarkkinoilla, ja sill\u00e4 on 3 vuoden takuu.<\/p>\n<p>Valovirta 5600 lumenia (4300K).<\/p>\n<p>Valaisinkotelo: NBB 225 Alpha LED, suosittu bestseller, joka t\u00e4ytt\u00e4\u00e4 korkeat laatuvaatimukset. E-merkitty alkuper\u00e4isess\u00e4 halogeenimallissa. Asennetaan pystysuoraan.<br \/>- Lasikuituvahvisteinen muovi<br \/>- Alumiininen vapaamuotoinen heijastin<br \/>- Kirkas lasilinssi polykarbonaatissa<br \/>- Valokuvan kaukos\u00e4\u00e4din<\/p>\n<p><em>Voit halutessasi asentaa liit\u00e4nt\u00e4laitteen lyhdyn sis\u00e4lle (katso kuva). Suosittelemme kuitenkin ulkoista sijoittamista moottoritilaan. Se v\u00e4hent\u00e4\u00e4 painoa, ja sinulla on jotain j\u00e4ljell\u00e4, jos lis\u00e4valot varastetaan.<\/em><\/p>\n<p><strong>Mik\u00e4 tahansa v\u00e4ril\u00e4mp\u00f6tila (K = kelvin):<\/strong><br \/>4300K = 5600\u00b1100 lm, vakiovalkoinen<br \/>5000K = 5400\u00b1100 lm, kirkas valkoinen<br \/>6000K = 4700\u00b1100 lm, timantinvalkoinen<br \/>Todelliset arvot ksenonvaloa kohti spektroanalyysin mukaan.<br \/>- Suosittelemme 4300K.<\/p>\n<p><strong>Toimituksen sis\u00e4lt\u00f6:<\/strong><br \/>1. lis\u00e4valo NBB 225 LED<br \/>1. ksenonlamppu D2H Teho<br \/>1. painolasti HNS-6 Supernopea alku <strong>12\/24V<\/strong><br \/>1 virtajohto 30cm<br \/>Varaosia on saatavana tavallisesta valikoimastamme.<\/p>\n<p><strong>Lis\u00e4varusteet NBB225:lle:<\/strong><br \/>- Jatkojohto<br \/>- relekaapeli<br \/>- Kiven laipion suojaus<\/p>\n<p><strong>Huom!<\/strong> Vakiohalogeenisten lis\u00e4valojen relekaapelit eiv\u00e4t sovellu ksenonvalojen k\u00e4ytt\u00e4miseen. Useimmat tukikysymykset koskevat t\u00e4t\u00e4. Osta siksi yksi r\u00e4\u00e4t\u00e4l\u00f6idyist\u00e4 relekaapeleistamme. Saatavana 1, 2 tai 3 lis\u00e4valoa varten.<\/p>\n<p>Lis\u00e4valo ei ole E-hyv\u00e4ksytty t\u00e4ss\u00e4 versiossa.<\/p>\n<p>Takuu 1 vuosi (3 vuotta liit\u00e4nt\u00e4laite HNS-6).<\/p>","protected":false},"excerpt":{"rendered":"<p>NBB Alpha 225 Extraljus med diameter 225mm av mycket popul\u00e4r modell med ett av marknadens absolut b\u00e4sta ljusbild. Ny modell 2013 med LED positionsljus p\u00e5 \u00f6verkanten. Alternativet f\u00f6r dig som prioriterar mesta och b\u00e4sta m\u00f6jliga ljus. I detta utf\u00f6rande med effekt 60W xenon. Fr\u00e5ga: M\u00e5nga s\u00e4ljer detta extraljus. Varf\u00f6r k\u00f6pa just av er?Svar: Ja, men [&hellip;]<\/p>","protected":false},"featured_media":11347,"comment_status":"closed","ping_status":"open","template":"","meta":{"_acf_changed":false,"_smort_price_nok":"1810","_smort_price_dkk":"1150","_smort_price_eur":"154.08","_smort_sale_price_nok":"","_smort_sale_price_dkk":"","_smort_sale_price_eur":"","smort_restorder":"","shipmondo_restorder":"","_kad_blocks_custom_css":"","_kad_blocks_head_custom_js":"","_kad_blocks_body_custom_js":"","_kad_blocks_footer_custom_js":"","smort_custom_pricelist_1":"1084.8","smort_custom_pricelist_2":"1084.8","smort_custom_pricelist_3":"1030.56","smort_custom_pricelist_4":"1356","smort_custom_pricelist_5":"1084.8"},"anvandningsomrade":[],"bilmarken":[],"product_brand":[],"product_cat":[2840,2544,142],"product_tag":[],"class_list":{"0":"post-11852","1":"product","2":"type-product","3":"status-publish","4":"has-post-thumbnail","6":"product_cat-extraljus-ovriga-storlekar","7":"product_cat-nbb-xenon-led","8":"product_cat-extraljus","9":"pa_fargtemperatur-2283","10":"pa_fargtemperatur-1486","11":"pa_fargtemperatur-1428","12":"pa_volt-v-12-24","14":"first","15":"outofstock","16":"taxable","17":"shipping-taxable","18":"purchasable","19":"product-type-variable"},"bundled_by":[],"bundle_stock_status":"outofstock","bundle_stock_quantity":-427,"bundle_virtual":false,"bundle_layout":"","bundle_add_to_cart_form_location":"","bundle_editable_in_cart":false,"bundle_sold_individually_context":"","bundle_item_grouping":"","bundle_min_size":"","bundle_max_size":"","bundle_price":[],"bundled_items":[],"bundle_sell_ids":[],"acf":[],"yoast_head":"<!-- This site is optimized with the Yoast SEO plugin v27.0 - https:\/\/yoast.com\/product\/yoast-seo-wordpress\/ -->\n<title>Extraljus NBB Alpha 225 60W Xenon - Xenonkungen<\/title>\n<meta name=\"robots\" content=\"index, follow, max-snippet:-1, max-image-preview:large, max-video-preview:-1\" \/>\n<link rel=\"canonical\" href=\"https:\/\/xenonkungen.com\/fi\/tuote\/lisavalo-nbb-alpha-225-60w-xenon\/\" \/>\n<meta property=\"og:locale\" content=\"fi_FI\" \/>\n<meta property=\"og:type\" content=\"article\" \/>\n<meta property=\"og:title\" content=\"Extraljus NBB Alpha 225 60W Xenon - Xenonkungen\" \/>\n<meta property=\"og:description\" content=\"NBB Alpha 225 Extraljus med diameter 225mm av mycket popul\u00e4r modell med ett av marknadens absolut b\u00e4sta ljusbild. Ny modell 2013 med LED positionsljus p\u00e5 \u00f6verkanten. Alternativet f\u00f6r dig som prioriterar mesta och b\u00e4sta m\u00f6jliga ljus. I detta utf\u00f6rande med effekt 60W xenon. Fr\u00e5ga: M\u00e5nga s\u00e4ljer detta extraljus. Varf\u00f6r k\u00f6pa just av er?Svar: Ja, men [&hellip;]\" \/>\n<meta property=\"og:url\" content=\"https:\/\/xenonkungen.com\/fi\/tuote\/lisavalo-nbb-alpha-225-60w-xenon\/\" \/>\n<meta property=\"og:site_name\" content=\"Xenonkungen\" \/>\n<meta property=\"article:modified_time\" content=\"2026-05-13T14:58:03+00:00\" \/>\n<meta property=\"og:image\" content=\"https:\/\/xenonkungen.com\/wp-content\/uploads\/2025\/06\/20518143-origpic-a9729f.png\" \/>\n\t<meta property=\"og:image:width\" content=\"1000\" \/>\n\t<meta property=\"og:image:height\" content=\"1000\" \/>\n\t<meta property=\"og:image:type\" content=\"image\/png\" \/>\n<meta name=\"twitter:card\" content=\"summary_large_image\" \/>\n<meta name=\"twitter:label1\" content=\"Arvioitu lukuaika\" \/>\n\t<meta name=\"twitter:data1\" content=\"1 minuutti\" \/>\n<script type=\"application\/ld+json\" class=\"yoast-schema-graph\">{\"@context\":\"https:\/\/schema.org\",\"@graph\":[{\"@type\":\"WebPage\",\"@id\":\"https:\/\/xenonkungen.com\/fi\/tuote\/lisavalo-nbb-alpha-225-60w-xenon\/\",\"url\":\"https:\/\/xenonkungen.com\/fi\/tuote\/lisavalo-nbb-alpha-225-60w-xenon\/\",\"name\":\"Extraljus NBB Alpha 225 60W Xenon - Xenonkungen\",\"isPartOf\":{\"@id\":\"https:\/\/xenonkungen.com\/#website\"},\"primaryImageOfPage\":{\"@id\":\"https:\/\/xenonkungen.com\/fi\/tuote\/lisavalo-nbb-alpha-225-60w-xenon\/#primaryimage\"},\"image\":{\"@id\":\"https:\/\/xenonkungen.com\/fi\/tuote\/lisavalo-nbb-alpha-225-60w-xenon\/#primaryimage\"},\"thumbnailUrl\":\"https:\/\/xenonkungen.com\/wp-content\/uploads\/2025\/06\/20518143-origpic-a9729f.png\",\"datePublished\":\"2025-06-23T13:52:40+00:00\",\"dateModified\":\"2026-05-13T14:58:03+00:00\",\"breadcrumb\":{\"@id\":\"https:\/\/xenonkungen.com\/fi\/tuote\/lisavalo-nbb-alpha-225-60w-xenon\/#breadcrumb\"},\"inLanguage\":\"fi\",\"potentialAction\":[{\"@type\":\"ReadAction\",\"target\":[\"https:\/\/xenonkungen.com\/fi\/tuote\/lisavalo-nbb-alpha-225-60w-xenon\/\"]}]},{\"@type\":\"ImageObject\",\"inLanguage\":\"fi\",\"@id\":\"https:\/\/xenonkungen.com\/fi\/tuote\/lisavalo-nbb-alpha-225-60w-xenon\/#primaryimage\",\"url\":\"https:\/\/xenonkungen.com\/wp-content\/uploads\/2025\/06\/20518143-origpic-a9729f.png\",\"contentUrl\":\"https:\/\/xenonkungen.com\/wp-content\/uploads\/2025\/06\/20518143-origpic-a9729f.png\",\"width\":1000,\"height\":1000},{\"@type\":\"BreadcrumbList\",\"@id\":\"https:\/\/xenonkungen.com\/fi\/tuote\/lisavalo-nbb-alpha-225-60w-xenon\/#breadcrumb\",\"itemListElement\":[{\"@type\":\"ListItem\",\"position\":1,\"name\":\"Hem\",\"item\":\"https:\/\/xenonkungen.com\/\"},{\"@type\":\"ListItem\",\"position\":2,\"name\":\"Shop\",\"item\":\"https:\/\/xenonkungen.com\/shop\/\"},{\"@type\":\"ListItem\",\"position\":3,\"name\":\"Extraljus NBB Alpha 225 60W Xenon\"}]},{\"@type\":\"WebSite\",\"@id\":\"https:\/\/xenonkungen.com\/#website\",\"url\":\"https:\/\/xenonkungen.com\/\",\"name\":\"Xenonkungen\",\"description\":\"\",\"potentialAction\":[{\"@type\":\"SearchAction\",\"target\":{\"@type\":\"EntryPoint\",\"urlTemplate\":\"https:\/\/xenonkungen.com\/?s={search_term_string}\"},\"query-input\":{\"@type\":\"PropertyValueSpecification\",\"valueRequired\":true,\"valueName\":\"search_term_string\"}}],\"inLanguage\":\"fi\"}]}<\/script>\n<!-- \/ Yoast SEO plugin. -->","yoast_head_json":{"title":"Lis\u00e4valo NBB Alpha 225 60W Xenon - Xenonkungen","robots":{"index":"index","follow":"follow","max-snippet":"max-snippet:-1","max-image-preview":"max-image-preview:large","max-video-preview":"max-video-preview:-1"},"canonical":"https:\/\/xenonkungen.com\/fi\/tuote\/lisavalo-nbb-alpha-225-60w-xenon\/","og_locale":"fi_FI","og_type":"article","og_title":"Extraljus NBB Alpha 225 60W Xenon - Xenonkungen","og_description":"NBB Alpha 225 Extraljus med diameter 225mm av mycket popul\u00e4r modell med ett av marknadens absolut b\u00e4sta ljusbild. Ny modell 2013 med LED positionsljus p\u00e5 \u00f6verkanten. Alternativet f\u00f6r dig som prioriterar mesta och b\u00e4sta m\u00f6jliga ljus. I detta utf\u00f6rande med effekt 60W xenon. Fr\u00e5ga: M\u00e5nga s\u00e4ljer detta extraljus. Varf\u00f6r k\u00f6pa just av er?Svar: Ja, men [&hellip;]","og_url":"https:\/\/xenonkungen.com\/fi\/tuote\/lisavalo-nbb-alpha-225-60w-xenon\/","og_site_name":"Xenonkungen","article_modified_time":"2026-05-13T14:58:03+00:00","og_image":[{"width":1000,"height":1000,"url":"https:\/\/xenonkungen.com\/wp-content\/uploads\/2025\/06\/20518143-origpic-a9729f.png","type":"image\/png"}],"twitter_card":"summary_large_image","twitter_misc":{"Arvioitu lukuaika":"1 minuutti"},"schema":{"@context":"https:\/\/schema.org","@graph":[{"@type":"WebPage","@id":"https:\/\/xenonkungen.com\/fi\/tuote\/lisavalo-nbb-alpha-225-60w-xenon\/","url":"https:\/\/xenonkungen.com\/fi\/tuote\/lisavalo-nbb-alpha-225-60w-xenon\/","name":"Lis\u00e4valo NBB Alpha 225 60W Xenon - Xenonkungen","isPartOf":{"@id":"https:\/\/xenonkungen.com\/#website"},"primaryImageOfPage":{"@id":"https:\/\/xenonkungen.com\/fi\/tuote\/lisavalo-nbb-alpha-225-60w-xenon\/#primaryimage"},"image":{"@id":"https:\/\/xenonkungen.com\/fi\/tuote\/lisavalo-nbb-alpha-225-60w-xenon\/#primaryimage"},"thumbnailUrl":"https:\/\/xenonkungen.com\/wp-content\/uploads\/2025\/06\/20518143-origpic-a9729f.png","datePublished":"2025-06-23T13:52:40+00:00","dateModified":"2026-05-13T14:58:03+00:00","breadcrumb":{"@id":"https:\/\/xenonkungen.com\/fi\/tuote\/lisavalo-nbb-alpha-225-60w-xenon\/#breadcrumb"},"inLanguage":"fi","potentialAction":[{"@type":"ReadAction","target":["https:\/\/xenonkungen.com\/fi\/tuote\/lisavalo-nbb-alpha-225-60w-xenon\/"]}]},{"@type":"ImageObject","inLanguage":"fi","@id":"https:\/\/xenonkungen.com\/fi\/tuote\/lisavalo-nbb-alpha-225-60w-xenon\/#primaryimage","url":"https:\/\/xenonkungen.com\/wp-content\/uploads\/2025\/06\/20518143-origpic-a9729f.png","contentUrl":"https:\/\/xenonkungen.com\/wp-content\/uploads\/2025\/06\/20518143-origpic-a9729f.png","width":1000,"height":1000},{"@type":"BreadcrumbList","@id":"https:\/\/xenonkungen.com\/fi\/tuote\/lisavalo-nbb-alpha-225-60w-xenon\/#breadcrumb","itemListElement":[{"@type":"ListItem","position":1,"name":"Hem","item":"https:\/\/xenonkungen.com\/"},{"@type":"ListItem","position":2,"name":"Shop","item":"https:\/\/xenonkungen.com\/shop\/"},{"@type":"ListItem","position":3,"name":"Extraljus NBB Alpha 225 60W Xenon"}]},{"@type":"WebSite","@id":"https:\/\/xenonkungen.com\/#website","url":"https:\/\/xenonkungen.com\/","name":"Xenonkungen","description":"","potentialAction":[{"@type":"SearchAction","target":{"@type":"EntryPoint","urlTemplate":"https:\/\/xenonkungen.com\/?s={search_term_string}"},"query-input":{"@type":"PropertyValueSpecification","valueRequired":true,"valueName":"search_term_string"}}],"inLanguage":"fi"}]}},"taxonomy_info":{"product_cat":[{"value":2840,"label":"Extraljus \u00d6vriga storlekar"},{"value":2544,"label":"NBB Xenon\/LED"},{"value":142,"label":"Extraljus"}],"pa_fargtemperatur":[{"value":2283,"label":"4300"},{"value":1486,"label":"5000"},{"value":1428,"label":"6000"}],"pa_volt-v":[{"value":348,"label":"12, 24"}]},"featured_image_src_large":["https:\/\/xenonkungen.com\/wp-content\/uploads\/2025\/06\/20518143-origpic-a9729f.png",1000,1000,false],"author_info":[],"comment_info":1,"_links":{"self":[{"href":"https:\/\/xenonkungen.com\/fi\/wp-json\/wp\/v2\/product\/11852","targetHints":{"allow":["GET"]}}],"collection":[{"href":"https:\/\/xenonkungen.com\/fi\/wp-json\/wp\/v2\/product"}],"about":[{"href":"https:\/\/xenonkungen.com\/fi\/wp-json\/wp\/v2\/types\/product"}],"replies":[{"embeddable":true,"href":"https:\/\/xenonkungen.com\/fi\/wp-json\/wp\/v2\/comments?post=11852"}],"wp:featuredmedia":[{"embeddable":true,"href":"https:\/\/xenonkungen.com\/fi\/wp-json\/wp\/v2\/media\/11347"}],"wp:attachment":[{"href":"https:\/\/xenonkungen.com\/fi\/wp-json\/wp\/v2\/media?parent=11852"}],"wp:term":[{"taxonomy":"anvandningsomrade","embeddable":true,"href":"https:\/\/xenonkungen.com\/fi\/wp-json\/wp\/v2\/anvandningsomrade?post=11852"},{"taxonomy":"bilmarken","embeddable":true,"href":"https:\/\/xenonkungen.com\/fi\/wp-json\/wp\/v2\/bilmarken?post=11852"},{"taxonomy":"product_brand","embeddable":true,"href":"https:\/\/xenonkungen.com\/fi\/wp-json\/wp\/v2\/product_brand?post=11852"},{"taxonomy":"product_cat","embeddable":true,"href":"https:\/\/xenonkungen.com\/fi\/wp-json\/wp\/v2\/product_cat?post=11852"},{"taxonomy":"product_tag","embeddable":true,"href":"https:\/\/xenonkungen.com\/fi\/wp-json\/wp\/v2\/product_tag?post=11852"}],"curies":[{"name":"wp","href":"https:\/\/api.w.org\/{rel}","templated":true}]}}