{"id":1186,"date":"2025-04-15T08:00:23","date_gmt":"2025-04-15T08:00:23","guid":{"rendered":"https:\/\/xenonkungen.com\/product\/fonsterduk-i-mikrofiber-30x40cm-500-gsm\/"},"modified":"2026-03-26T10:54:51","modified_gmt":"2026-03-26T09:54:51","slug":"mikrokuitutapetti-30x40cm-500-gsm","status":"publish","type":"product","link":"https:\/\/xenonkungen.com\/fi\/tuote\/mikrokuitutapetti-30x40cm-500-gsm\/","title":{"rendered":"Mikrokuituinen ikkunakangas 30x40cm | 500 GSM"},"content":{"rendered":"<h1>Xenon King mikrokuituinen ikkunakangas 30x40cm | 500 GSM<\/h1>\n<p>Tutustu eksklusiiviseen mikrokuituiseen ikkunapyyhkeeseen, joka on erityisesti suunniteltu antamaan ikkunoille ja lasipinnoille kristallinkirkkaan viimeistelyn. T\u00e4m\u00e4n 30\u00d740 cm:n kokoisen ja 500 GSM:n (grammaa neli\u00f6metri\u00e4 kohti) painoisella ikkunakankaalla on erinomainen suorituskyky sek\u00e4 auton ikkunoille ett\u00e4 kodin lasipinnoille.<\/p>\n<h2>Xenon King -mikrokuituisen ikkunakankaan k\u00e4yt\u00f6n edut<\/h2>\n<ul>\n<li><strong>T\u00e4ydellinen kiilto ilman raitoja:<\/strong> Mikrokuituliinamme on optimoitu puhdistamaan lasipinnat j\u00e4tt\u00e4m\u00e4tt\u00e4 raitoja tai tahroja. Tihe\u00e4 kudos ja korkea GSM-paino takaavat tasaisen ja tehokkaan kuivumisen, jolloin tuloksesta tulee kristallinkirkas joka kerta.<\/li>\n<li><strong>Poikkeuksellinen imukyky:<\/strong> 500 GSM:n kankaalla on erinomainen kyky ime\u00e4 vett\u00e4 ja likaa. T\u00e4m\u00e4 nopeuttaa ja tehostaa puhdistusprosessia ja s\u00e4\u00e4st\u00e4\u00e4 aikaa ja vaivaa.<\/li>\n<li><strong>Monipuolinen k\u00e4ytt\u00f6:<\/strong> Xenon King -ikkunakangas sopii erinomaisesti kaikenlaisille lasipinnoille. K\u00e4yt\u00e4 sit\u00e4 auton ikkunoiden, peilien, tuulilasien, kodin ikkunoiden ja muiden lasipintojen puhdistamiseen. Se sopii my\u00f6s n\u00e4yt\u00f6n ja elektroniikan pyyhkimiseen naarmuuntumatta.<\/li>\n<li><strong>Kest\u00e4v\u00e4 ja uudelleenk\u00e4ytett\u00e4v\u00e4:<\/strong> T\u00e4m\u00e4 korkealaatuisesta mikrokuidusta valmistettu liina on suunniteltu kest\u00e4m\u00e4\u00e4n pitk\u00e4\u00e4n. Se voidaan pest\u00e4 koneessa ja k\u00e4ytt\u00e4\u00e4 monta kertaa uudelleen menett\u00e4m\u00e4tt\u00e4 sen tehokkuutta tai pehmeytt\u00e4.<\/li>\n<li><strong>Hell\u00e4varainen kaikille pinnoille:<\/strong> Eritt\u00e4in pehme\u00e4 mikrokuitu on hell\u00e4varainen kaikentyyppisille pinnoille ja varmistaa, ettei puhdistuksen aikana tapahdu naarmuja tai vaurioita. Siksi se on ihanteellinen herkille lasipinnoille ja n\u00e4yt\u00f6ille.<\/li>\n<\/ul>\n<p>Xenonkungin mikrokuituisen ikkunar\u00e4tin avulla voit olla varma, ett\u00e4 lasipintasi n\u00e4ytt\u00e4v\u00e4t aina uudenveroisilta. Anna ikkunoillesi ja peileillesi niiden ansaitsema hoito ensiluokkaisella mikrokuituliinallamme ja koe ero sek\u00e4 puhdistuksessa ett\u00e4 tuloksissa.<\/p>\n<p>Tutustu mikrokuituliinaan jo t\u00e4n\u00e4\u00e4n ja anna lasipinnoille ammattimainen kiilto!<\/p>\n<p><span>Konepest\u00e4v\u00e4, \u00e4l\u00e4 k\u00e4yt\u00e4 pehmitint\u00e4.<\/span><\/p>","protected":false},"excerpt":{"rendered":"<p>Xenonkungens F\u00f6nsterduk i Mikrofiber 30x40cm | 500 GSM Uppt\u00e4ck v\u00e5r exklusiva f\u00f6nsterduk i mikrofiber, speciellt designad f\u00f6r att ge dina f\u00f6nster och glasytor en kristallklar finish. Med en storlek p\u00e5 30&#215;40 cm och en vikt p\u00e5 500 GSM (gram per kvadratmeter) erbjuder denna f\u00f6nsterduk en enast\u00e5ende prestanda f\u00f6r b\u00e5de bilens f\u00f6nster och hemmets glasytor. F\u00f6rdelarna [&hellip;]<\/p>","protected":false},"featured_media":1187,"comment_status":"closed","ping_status":"open","template":"","meta":{"_acf_changed":false,"_smort_price_nok":"52","_smort_price_dkk":"33","_smort_price_eur":"4.45","_smort_sale_price_nok":"","_smort_sale_price_dkk":"","_smort_sale_price_eur":"","smort_restorder":"","shipmondo_restorder":"","_kad_blocks_custom_css":"","_kad_blocks_head_custom_js":"","_kad_blocks_body_custom_js":"","_kad_blocks_footer_custom_js":"","smort_custom_pricelist_1":"35.28","smort_custom_pricelist_2":"27.44","smort_custom_pricelist_3":"27.44","smort_custom_pricelist_4":"39.2","smort_custom_pricelist_5":"27.44"},"anvandningsomrade":[],"bilmarken":[],"product_brand":[2793],"product_cat":[2989,2450,378],"product_tag":[],"class_list":{"0":"post-1186","1":"product","2":"type-product","3":"status-publish","4":"has-post-thumbnail","6":"product_brand-ovrigt","7":"product_cat-avfettning","8":"product_cat-tillbehor-bilvard","9":"product_cat-bilvard","11":"first","12":"instock","13":"taxable","14":"shipping-taxable","15":"purchasable","16":"product-type-simple"},"bundled_by":["9676"],"bundle_stock_status":"instock","bundle_stock_quantity":33,"bundle_virtual":false,"bundle_layout":"","bundle_add_to_cart_form_location":"","bundle_editable_in_cart":false,"bundle_sold_individually_context":"","bundle_item_grouping":"","bundle_min_size":"","bundle_max_size":"","bundle_price":[],"bundled_items":[],"bundle_sell_ids":[],"acf":[],"yoast_head":"<!-- This site is optimized with the Yoast SEO plugin v27.0 - https:\/\/yoast.com\/product\/yoast-seo-wordpress\/ -->\n<title>F\u00f6nsterduk i mikrofiber 30x40cm | 500 GSM - Xenonkungen<\/title>\n<meta name=\"robots\" content=\"index, follow, max-snippet:-1, max-image-preview:large, max-video-preview:-1\" \/>\n<link rel=\"canonical\" href=\"https:\/\/xenonkungen.com\/fi\/tuote\/mikrokuitutapetti-30x40cm-500-gsm\/\" \/>\n<meta property=\"og:locale\" content=\"fi_FI\" \/>\n<meta property=\"og:type\" content=\"article\" \/>\n<meta property=\"og:title\" content=\"F\u00f6nsterduk i mikrofiber 30x40cm | 500 GSM - Xenonkungen\" \/>\n<meta property=\"og:description\" content=\"Xenonkungens F\u00f6nsterduk i Mikrofiber 30x40cm | 500 GSM Uppt\u00e4ck v\u00e5r exklusiva f\u00f6nsterduk i mikrofiber, speciellt designad f\u00f6r att ge dina f\u00f6nster och glasytor en kristallklar finish. Med en storlek p\u00e5 30&#215;40 cm och en vikt p\u00e5 500 GSM (gram per kvadratmeter) erbjuder denna f\u00f6nsterduk en enast\u00e5ende prestanda f\u00f6r b\u00e5de bilens f\u00f6nster och hemmets glasytor. F\u00f6rdelarna [&hellip;]\" \/>\n<meta property=\"og:url\" content=\"https:\/\/xenonkungen.com\/fi\/tuote\/mikrokuitutapetti-30x40cm-500-gsm\/\" \/>\n<meta property=\"og:site_name\" content=\"Xenonkungen\" \/>\n<meta property=\"article:modified_time\" content=\"2026-03-26T09:54:51+00:00\" \/>\n<meta property=\"og:image\" content=\"https:\/\/xenonkungen.com\/wp-content\/uploads\/2025\/04\/195774131-origpic-65946f.png\" \/>\n\t<meta property=\"og:image:width\" content=\"1000\" \/>\n\t<meta property=\"og:image:height\" content=\"1000\" \/>\n\t<meta property=\"og:image:type\" content=\"image\/png\" \/>\n<meta name=\"twitter:card\" content=\"summary_large_image\" \/>\n<meta name=\"twitter:label1\" content=\"Arvioitu lukuaika\" \/>\n\t<meta name=\"twitter:data1\" content=\"2 minuuttia\" \/>\n<script type=\"application\/ld+json\" class=\"yoast-schema-graph\">{\"@context\":\"https:\/\/schema.org\",\"@graph\":[{\"@type\":\"WebPage\",\"@id\":\"https:\/\/xenonkungen.com\/produkt\/fonsterduk-i-mikrofiber-30x40cm-500-gsm\/\",\"url\":\"https:\/\/xenonkungen.com\/produkt\/fonsterduk-i-mikrofiber-30x40cm-500-gsm\/\",\"name\":\"F\u00f6nsterduk i mikrofiber 30x40cm | 500 GSM - Xenonkungen\",\"isPartOf\":{\"@id\":\"https:\/\/xenonkungen.com\/#website\"},\"primaryImageOfPage\":{\"@id\":\"https:\/\/xenonkungen.com\/produkt\/fonsterduk-i-mikrofiber-30x40cm-500-gsm\/#primaryimage\"},\"image\":{\"@id\":\"https:\/\/xenonkungen.com\/produkt\/fonsterduk-i-mikrofiber-30x40cm-500-gsm\/#primaryimage\"},\"thumbnailUrl\":\"https:\/\/xenonkungen.com\/wp-content\/uploads\/2025\/04\/195774131-origpic-65946f.png\",\"datePublished\":\"2025-04-15T08:00:23+00:00\",\"dateModified\":\"2026-03-26T09:54:51+00:00\",\"breadcrumb\":{\"@id\":\"https:\/\/xenonkungen.com\/produkt\/fonsterduk-i-mikrofiber-30x40cm-500-gsm\/#breadcrumb\"},\"inLanguage\":\"fi\",\"potentialAction\":[{\"@type\":\"ReadAction\",\"target\":[\"https:\/\/xenonkungen.com\/produkt\/fonsterduk-i-mikrofiber-30x40cm-500-gsm\/\"]}]},{\"@type\":\"ImageObject\",\"inLanguage\":\"fi\",\"@id\":\"https:\/\/xenonkungen.com\/produkt\/fonsterduk-i-mikrofiber-30x40cm-500-gsm\/#primaryimage\",\"url\":\"https:\/\/xenonkungen.com\/wp-content\/uploads\/2025\/04\/195774131-origpic-65946f.png\",\"contentUrl\":\"https:\/\/xenonkungen.com\/wp-content\/uploads\/2025\/04\/195774131-origpic-65946f.png\",\"width\":1000,\"height\":1000},{\"@type\":\"BreadcrumbList\",\"@id\":\"https:\/\/xenonkungen.com\/produkt\/fonsterduk-i-mikrofiber-30x40cm-500-gsm\/#breadcrumb\",\"itemListElement\":[{\"@type\":\"ListItem\",\"position\":1,\"name\":\"Hem\",\"item\":\"https:\/\/xenonkungen.com\/\"},{\"@type\":\"ListItem\",\"position\":2,\"name\":\"Shop\",\"item\":\"https:\/\/xenonkungen.com\/shop\/\"},{\"@type\":\"ListItem\",\"position\":3,\"name\":\"F\u00f6nsterduk i mikrofiber 30x40cm | 500 GSM\"}]},{\"@type\":\"WebSite\",\"@id\":\"https:\/\/xenonkungen.com\/#website\",\"url\":\"https:\/\/xenonkungen.com\/\",\"name\":\"Xenonkungen\",\"description\":\"\",\"potentialAction\":[{\"@type\":\"SearchAction\",\"target\":{\"@type\":\"EntryPoint\",\"urlTemplate\":\"https:\/\/xenonkungen.com\/?s={search_term_string}\"},\"query-input\":{\"@type\":\"PropertyValueSpecification\",\"valueRequired\":true,\"valueName\":\"search_term_string\"}}],\"inLanguage\":\"fi\"}]}<\/script>\n<!-- \/ Yoast SEO plugin. -->","yoast_head_json":{"title":"Mikrokuituinen ikkunaliina 30x40cm | 500 GSM - Xenonkungen","robots":{"index":"index","follow":"follow","max-snippet":"max-snippet:-1","max-image-preview":"max-image-preview:large","max-video-preview":"max-video-preview:-1"},"canonical":"https:\/\/xenonkungen.com\/fi\/tuote\/mikrokuitutapetti-30x40cm-500-gsm\/","og_locale":"fi_FI","og_type":"article","og_title":"F\u00f6nsterduk i mikrofiber 30x40cm | 500 GSM - Xenonkungen","og_description":"Xenonkungens F\u00f6nsterduk i Mikrofiber 30x40cm | 500 GSM Uppt\u00e4ck v\u00e5r exklusiva f\u00f6nsterduk i mikrofiber, speciellt designad f\u00f6r att ge dina f\u00f6nster och glasytor en kristallklar finish. Med en storlek p\u00e5 30&#215;40 cm och en vikt p\u00e5 500 GSM (gram per kvadratmeter) erbjuder denna f\u00f6nsterduk en enast\u00e5ende prestanda f\u00f6r b\u00e5de bilens f\u00f6nster och hemmets glasytor. F\u00f6rdelarna [&hellip;]","og_url":"https:\/\/xenonkungen.com\/fi\/tuote\/mikrokuitutapetti-30x40cm-500-gsm\/","og_site_name":"Xenonkungen","article_modified_time":"2026-03-26T09:54:51+00:00","og_image":[{"width":1000,"height":1000,"url":"https:\/\/xenonkungen.com\/wp-content\/uploads\/2025\/04\/195774131-origpic-65946f.png","type":"image\/png"}],"twitter_card":"summary_large_image","twitter_misc":{"Arvioitu lukuaika":"2 minuuttia"},"schema":{"@context":"https:\/\/schema.org","@graph":[{"@type":"WebPage","@id":"https:\/\/xenonkungen.com\/produkt\/fonsterduk-i-mikrofiber-30x40cm-500-gsm\/","url":"https:\/\/xenonkungen.com\/produkt\/fonsterduk-i-mikrofiber-30x40cm-500-gsm\/","name":"Mikrokuituinen ikkunaliina 30x40cm | 500 GSM - Xenonkungen","isPartOf":{"@id":"https:\/\/xenonkungen.com\/#website"},"primaryImageOfPage":{"@id":"https:\/\/xenonkungen.com\/produkt\/fonsterduk-i-mikrofiber-30x40cm-500-gsm\/#primaryimage"},"image":{"@id":"https:\/\/xenonkungen.com\/produkt\/fonsterduk-i-mikrofiber-30x40cm-500-gsm\/#primaryimage"},"thumbnailUrl":"https:\/\/xenonkungen.com\/wp-content\/uploads\/2025\/04\/195774131-origpic-65946f.png","datePublished":"2025-04-15T08:00:23+00:00","dateModified":"2026-03-26T09:54:51+00:00","breadcrumb":{"@id":"https:\/\/xenonkungen.com\/produkt\/fonsterduk-i-mikrofiber-30x40cm-500-gsm\/#breadcrumb"},"inLanguage":"fi","potentialAction":[{"@type":"ReadAction","target":["https:\/\/xenonkungen.com\/produkt\/fonsterduk-i-mikrofiber-30x40cm-500-gsm\/"]}]},{"@type":"ImageObject","inLanguage":"fi","@id":"https:\/\/xenonkungen.com\/produkt\/fonsterduk-i-mikrofiber-30x40cm-500-gsm\/#primaryimage","url":"https:\/\/xenonkungen.com\/wp-content\/uploads\/2025\/04\/195774131-origpic-65946f.png","contentUrl":"https:\/\/xenonkungen.com\/wp-content\/uploads\/2025\/04\/195774131-origpic-65946f.png","width":1000,"height":1000},{"@type":"BreadcrumbList","@id":"https:\/\/xenonkungen.com\/produkt\/fonsterduk-i-mikrofiber-30x40cm-500-gsm\/#breadcrumb","itemListElement":[{"@type":"ListItem","position":1,"name":"Hem","item":"https:\/\/xenonkungen.com\/"},{"@type":"ListItem","position":2,"name":"Shop","item":"https:\/\/xenonkungen.com\/shop\/"},{"@type":"ListItem","position":3,"name":"F\u00f6nsterduk i mikrofiber 30x40cm | 500 GSM"}]},{"@type":"WebSite","@id":"https:\/\/xenonkungen.com\/#website","url":"https:\/\/xenonkungen.com\/","name":"Xenonkungen","description":"","potentialAction":[{"@type":"SearchAction","target":{"@type":"EntryPoint","urlTemplate":"https:\/\/xenonkungen.com\/?s={search_term_string}"},"query-input":{"@type":"PropertyValueSpecification","valueRequired":true,"valueName":"search_term_string"}}],"inLanguage":"fi"}]}},"taxonomy_info":{"product_brand":[{"value":2793,"label":"\u00d6VRIGT"}],"product_cat":[{"value":2989,"label":"2 | Avfettning"},{"value":2450,"label":"Tillbeh\u00f6r"},{"value":378,"label":"Bilv\u00e5rd"}]},"featured_image_src_large":["https:\/\/xenonkungen.com\/wp-content\/uploads\/2025\/04\/195774131-origpic-65946f.png",1000,1000,false],"author_info":[],"comment_info":0,"_links":{"self":[{"href":"https:\/\/xenonkungen.com\/fi\/wp-json\/wp\/v2\/product\/1186","targetHints":{"allow":["GET"]}}],"collection":[{"href":"https:\/\/xenonkungen.com\/fi\/wp-json\/wp\/v2\/product"}],"about":[{"href":"https:\/\/xenonkungen.com\/fi\/wp-json\/wp\/v2\/types\/product"}],"replies":[{"embeddable":true,"href":"https:\/\/xenonkungen.com\/fi\/wp-json\/wp\/v2\/comments?post=1186"}],"wp:featuredmedia":[{"embeddable":true,"href":"https:\/\/xenonkungen.com\/fi\/wp-json\/wp\/v2\/media\/1187"}],"wp:attachment":[{"href":"https:\/\/xenonkungen.com\/fi\/wp-json\/wp\/v2\/media?parent=1186"}],"wp:term":[{"taxonomy":"anvandningsomrade","embeddable":true,"href":"https:\/\/xenonkungen.com\/fi\/wp-json\/wp\/v2\/anvandningsomrade?post=1186"},{"taxonomy":"bilmarken","embeddable":true,"href":"https:\/\/xenonkungen.com\/fi\/wp-json\/wp\/v2\/bilmarken?post=1186"},{"taxonomy":"product_brand","embeddable":true,"href":"https:\/\/xenonkungen.com\/fi\/wp-json\/wp\/v2\/product_brand?post=1186"},{"taxonomy":"product_cat","embeddable":true,"href":"https:\/\/xenonkungen.com\/fi\/wp-json\/wp\/v2\/product_cat?post=1186"},{"taxonomy":"product_tag","embeddable":true,"href":"https:\/\/xenonkungen.com\/fi\/wp-json\/wp\/v2\/product_tag?post=1186"}],"curies":[{"name":"wp","href":"https:\/\/api.w.org\/{rel}","templated":true}]}}