{"id":11862,"date":"2025-06-23T13:52:45","date_gmt":"2025-06-23T13:52:45","guid":{"rendered":"https:\/\/xenonkungen.com\/produkt\/keps-xenonkungen-snapback-baseball\/"},"modified":"2026-03-27T17:17:20","modified_gmt":"2026-03-27T16:17:20","slug":"xenon-king-lippis-snapback-baseball-lippis","status":"publish","type":"product","link":"https:\/\/xenonkungen.com\/fi\/tuote\/xenon-king-lippis-snapback-baseball-lippis\/","title":{"rendered":"Cap Xenon Pojat Snapback | Baseball"},"content":{"rendered":"<p>Monet asiakkaamme ovat kyselleet meilt\u00e4 lippiksi\u00e4, ja me kuuntelimme heit\u00e4, ja nyt ne ovat t\u00e4\u00e4ll\u00e4! Saatavilla sek\u00e4 baseball- ett\u00e4 flat brim -lippiksin\u00e4!<\/p>\n<p>Korkealaatuinen, tyylik\u00e4s brodeeraus, jossa X keskell\u00e4 ja logo sivulla. Kaikki mustalla brodeerattuna tekee t\u00e4st\u00e4 lippiksest\u00e4 sopivan kaikkiin tilaisuuksiin!<\/p>\n<p>Kokoa on helppo s\u00e4\u00e4t\u00e4\u00e4 lippiksen takana olevalla Snapback-soljella.<\/p>","protected":false},"excerpt":{"rendered":"<p>Tyylik\u00e4s lippalakki Xenonkungenilta!<\/p>","protected":false},"featured_media":11377,"comment_status":"closed","ping_status":"closed","template":"","meta":{"_acf_changed":false,"_smort_price_nok":"42","_smort_price_dkk":"22","_smort_price_eur":"2.91","_smort_sale_price_nok":"","_smort_sale_price_dkk":"","_smort_sale_price_eur":"","smort_restorder":"","shipmondo_restorder":"","_kad_blocks_custom_css":"","_kad_blocks_head_custom_js":"","_kad_blocks_body_custom_js":"","_kad_blocks_footer_custom_js":"","smort_custom_pricelist_1":"24.96","smort_custom_pricelist_2":"24.96","smort_custom_pricelist_3":"24.96","smort_custom_pricelist_4":"31.2","smort_custom_pricelist_5":"24.96"},"anvandningsomrade":[237],"bilmarken":[],"product_brand":[],"product_cat":[376],"product_tag":[],"class_list":{"0":"post-11862","1":"product","2":"type-product","3":"status-publish","4":"has-post-thumbnail","6":"anvandningsomrade-fritid","7":"product_cat-merchandise","9":"first","10":"instock","11":"taxable","12":"shipping-taxable","13":"purchasable","14":"product-type-variable"},"bundled_by":[],"bundle_stock_status":"instock","bundle_stock_quantity":184,"bundle_virtual":false,"bundle_layout":"","bundle_add_to_cart_form_location":"","bundle_editable_in_cart":false,"bundle_sold_individually_context":"","bundle_item_grouping":"","bundle_min_size":"","bundle_max_size":"","bundle_price":[],"bundled_items":[],"bundle_sell_ids":[],"acf":[],"yoast_head":"<!-- This site is optimized with the Yoast SEO plugin v27.0 - https:\/\/yoast.com\/product\/yoast-seo-wordpress\/ -->\n<title>Keps Xenonkungen Snapback | Baseball - Xenonkungen<\/title>\n<meta name=\"robots\" content=\"index, follow, max-snippet:-1, max-image-preview:large, max-video-preview:-1\" \/>\n<link rel=\"canonical\" href=\"https:\/\/xenonkungen.com\/fi\/tuote\/xenon-king-lippis-snapback-baseball-lippis\/\" \/>\n<meta property=\"og:locale\" content=\"fi_FI\" \/>\n<meta property=\"og:type\" content=\"article\" \/>\n<meta property=\"og:title\" content=\"Keps Xenonkungen Snapback | Baseball - Xenonkungen\" \/>\n<meta property=\"og:description\" content=\"Snygg Baseballkeps fr\u00e5n Xenonkungen!\" \/>\n<meta property=\"og:url\" content=\"https:\/\/xenonkungen.com\/fi\/tuote\/xenon-king-lippis-snapback-baseball-lippis\/\" \/>\n<meta property=\"og:site_name\" content=\"Xenonkungen\" \/>\n<meta property=\"article:modified_time\" content=\"2026-03-27T16:17:20+00:00\" \/>\n<meta property=\"og:image\" content=\"https:\/\/xenonkungen.com\/wp-content\/uploads\/2025\/06\/178527883-origpic-09ed87.png\" \/>\n\t<meta property=\"og:image:width\" content=\"1000\" \/>\n\t<meta property=\"og:image:height\" content=\"1000\" \/>\n\t<meta property=\"og:image:type\" content=\"image\/png\" \/>\n<meta name=\"twitter:card\" content=\"summary_large_image\" \/>\n<meta name=\"twitter:label1\" content=\"Arvioitu lukuaika\" \/>\n\t<meta name=\"twitter:data1\" content=\"1 minuutti\" \/>\n<script type=\"application\/ld+json\" class=\"yoast-schema-graph\">{\"@context\":\"https:\/\/schema.org\",\"@graph\":[{\"@type\":\"WebPage\",\"@id\":\"https:\/\/xenonkungen.com\/produkt\/keps-xenonkungen-snapback-baseball\/\",\"url\":\"https:\/\/xenonkungen.com\/produkt\/keps-xenonkungen-snapback-baseball\/\",\"name\":\"Keps Xenonkungen Snapback | Baseball - Xenonkungen\",\"isPartOf\":{\"@id\":\"https:\/\/xenonkungen.com\/#website\"},\"primaryImageOfPage\":{\"@id\":\"https:\/\/xenonkungen.com\/produkt\/keps-xenonkungen-snapback-baseball\/#primaryimage\"},\"image\":{\"@id\":\"https:\/\/xenonkungen.com\/produkt\/keps-xenonkungen-snapback-baseball\/#primaryimage\"},\"thumbnailUrl\":\"https:\/\/xenonkungen.com\/wp-content\/uploads\/2025\/06\/178527883-origpic-09ed87.png\",\"datePublished\":\"2025-06-23T13:52:45+00:00\",\"dateModified\":\"2026-03-27T16:17:20+00:00\",\"breadcrumb\":{\"@id\":\"https:\/\/xenonkungen.com\/produkt\/keps-xenonkungen-snapback-baseball\/#breadcrumb\"},\"inLanguage\":\"fi\",\"potentialAction\":[{\"@type\":\"ReadAction\",\"target\":[\"https:\/\/xenonkungen.com\/produkt\/keps-xenonkungen-snapback-baseball\/\"]}]},{\"@type\":\"ImageObject\",\"inLanguage\":\"fi\",\"@id\":\"https:\/\/xenonkungen.com\/produkt\/keps-xenonkungen-snapback-baseball\/#primaryimage\",\"url\":\"https:\/\/xenonkungen.com\/wp-content\/uploads\/2025\/06\/178527883-origpic-09ed87.png\",\"contentUrl\":\"https:\/\/xenonkungen.com\/wp-content\/uploads\/2025\/06\/178527883-origpic-09ed87.png\",\"width\":1000,\"height\":1000},{\"@type\":\"BreadcrumbList\",\"@id\":\"https:\/\/xenonkungen.com\/produkt\/keps-xenonkungen-snapback-baseball\/#breadcrumb\",\"itemListElement\":[{\"@type\":\"ListItem\",\"position\":1,\"name\":\"Hem\",\"item\":\"https:\/\/xenonkungen.com\/\"},{\"@type\":\"ListItem\",\"position\":2,\"name\":\"Shop\",\"item\":\"https:\/\/xenonkungen.com\/shop\/\"},{\"@type\":\"ListItem\",\"position\":3,\"name\":\"Keps Xenonkungen Snapback | Baseball\"}]},{\"@type\":\"WebSite\",\"@id\":\"https:\/\/xenonkungen.com\/#website\",\"url\":\"https:\/\/xenonkungen.com\/\",\"name\":\"Xenonkungen\",\"description\":\"\",\"potentialAction\":[{\"@type\":\"SearchAction\",\"target\":{\"@type\":\"EntryPoint\",\"urlTemplate\":\"https:\/\/xenonkungen.com\/?s={search_term_string}\"},\"query-input\":{\"@type\":\"PropertyValueSpecification\",\"valueRequired\":true,\"valueName\":\"search_term_string\"}}],\"inLanguage\":\"fi\"}]}<\/script>\n<!-- \/ Yoast SEO plugin. -->","yoast_head_json":{"title":"Xenon King Snapback -lippis | Baseball-lippis - Xenon King","robots":{"index":"index","follow":"follow","max-snippet":"max-snippet:-1","max-image-preview":"max-image-preview:large","max-video-preview":"max-video-preview:-1"},"canonical":"https:\/\/xenonkungen.com\/fi\/tuote\/xenon-king-lippis-snapback-baseball-lippis\/","og_locale":"fi_FI","og_type":"article","og_title":"Keps Xenonkungen Snapback | Baseball - Xenonkungen","og_description":"Snygg Baseballkeps fr\u00e5n Xenonkungen!","og_url":"https:\/\/xenonkungen.com\/fi\/tuote\/xenon-king-lippis-snapback-baseball-lippis\/","og_site_name":"Xenonkungen","article_modified_time":"2026-03-27T16:17:20+00:00","og_image":[{"width":1000,"height":1000,"url":"https:\/\/xenonkungen.com\/wp-content\/uploads\/2025\/06\/178527883-origpic-09ed87.png","type":"image\/png"}],"twitter_card":"summary_large_image","twitter_misc":{"Arvioitu lukuaika":"1 minuutti"},"schema":{"@context":"https:\/\/schema.org","@graph":[{"@type":"WebPage","@id":"https:\/\/xenonkungen.com\/produkt\/keps-xenonkungen-snapback-baseball\/","url":"https:\/\/xenonkungen.com\/produkt\/keps-xenonkungen-snapback-baseball\/","name":"Xenon King Snapback -lippis | Baseball-lippis - Xenon King","isPartOf":{"@id":"https:\/\/xenonkungen.com\/#website"},"primaryImageOfPage":{"@id":"https:\/\/xenonkungen.com\/produkt\/keps-xenonkungen-snapback-baseball\/#primaryimage"},"image":{"@id":"https:\/\/xenonkungen.com\/produkt\/keps-xenonkungen-snapback-baseball\/#primaryimage"},"thumbnailUrl":"https:\/\/xenonkungen.com\/wp-content\/uploads\/2025\/06\/178527883-origpic-09ed87.png","datePublished":"2025-06-23T13:52:45+00:00","dateModified":"2026-03-27T16:17:20+00:00","breadcrumb":{"@id":"https:\/\/xenonkungen.com\/produkt\/keps-xenonkungen-snapback-baseball\/#breadcrumb"},"inLanguage":"fi","potentialAction":[{"@type":"ReadAction","target":["https:\/\/xenonkungen.com\/produkt\/keps-xenonkungen-snapback-baseball\/"]}]},{"@type":"ImageObject","inLanguage":"fi","@id":"https:\/\/xenonkungen.com\/produkt\/keps-xenonkungen-snapback-baseball\/#primaryimage","url":"https:\/\/xenonkungen.com\/wp-content\/uploads\/2025\/06\/178527883-origpic-09ed87.png","contentUrl":"https:\/\/xenonkungen.com\/wp-content\/uploads\/2025\/06\/178527883-origpic-09ed87.png","width":1000,"height":1000},{"@type":"BreadcrumbList","@id":"https:\/\/xenonkungen.com\/produkt\/keps-xenonkungen-snapback-baseball\/#breadcrumb","itemListElement":[{"@type":"ListItem","position":1,"name":"Hem","item":"https:\/\/xenonkungen.com\/"},{"@type":"ListItem","position":2,"name":"Shop","item":"https:\/\/xenonkungen.com\/shop\/"},{"@type":"ListItem","position":3,"name":"Keps Xenonkungen Snapback | Baseball"}]},{"@type":"WebSite","@id":"https:\/\/xenonkungen.com\/#website","url":"https:\/\/xenonkungen.com\/","name":"Xenonkungen","description":"","potentialAction":[{"@type":"SearchAction","target":{"@type":"EntryPoint","urlTemplate":"https:\/\/xenonkungen.com\/?s={search_term_string}"},"query-input":{"@type":"PropertyValueSpecification","valueRequired":true,"valueName":"search_term_string"}}],"inLanguage":"fi"}]}},"taxonomy_info":{"anvandningsomrade":[{"value":237,"label":"Fritid"}],"product_cat":[{"value":376,"label":"Merchandise"}]},"featured_image_src_large":["https:\/\/xenonkungen.com\/wp-content\/uploads\/2025\/06\/178527883-origpic-09ed87.png",1000,1000,false],"author_info":[],"comment_info":1,"_links":{"self":[{"href":"https:\/\/xenonkungen.com\/fi\/wp-json\/wp\/v2\/product\/11862","targetHints":{"allow":["GET"]}}],"collection":[{"href":"https:\/\/xenonkungen.com\/fi\/wp-json\/wp\/v2\/product"}],"about":[{"href":"https:\/\/xenonkungen.com\/fi\/wp-json\/wp\/v2\/types\/product"}],"replies":[{"embeddable":true,"href":"https:\/\/xenonkungen.com\/fi\/wp-json\/wp\/v2\/comments?post=11862"}],"wp:featuredmedia":[{"embeddable":true,"href":"https:\/\/xenonkungen.com\/fi\/wp-json\/wp\/v2\/media\/11377"}],"wp:attachment":[{"href":"https:\/\/xenonkungen.com\/fi\/wp-json\/wp\/v2\/media?parent=11862"}],"wp:term":[{"taxonomy":"anvandningsomrade","embeddable":true,"href":"https:\/\/xenonkungen.com\/fi\/wp-json\/wp\/v2\/anvandningsomrade?post=11862"},{"taxonomy":"bilmarken","embeddable":true,"href":"https:\/\/xenonkungen.com\/fi\/wp-json\/wp\/v2\/bilmarken?post=11862"},{"taxonomy":"product_brand","embeddable":true,"href":"https:\/\/xenonkungen.com\/fi\/wp-json\/wp\/v2\/product_brand?post=11862"},{"taxonomy":"product_cat","embeddable":true,"href":"https:\/\/xenonkungen.com\/fi\/wp-json\/wp\/v2\/product_cat?post=11862"},{"taxonomy":"product_tag","embeddable":true,"href":"https:\/\/xenonkungen.com\/fi\/wp-json\/wp\/v2\/product_tag?post=11862"}],"curies":[{"name":"wp","href":"https:\/\/api.w.org\/{rel}","templated":true}]}}