{"id":1192,"date":"2025-04-15T08:00:23","date_gmt":"2025-04-15T08:00:23","guid":{"rendered":"https:\/\/xenonkungen.com\/product\/interior-fiberduk-i-edgeless-40x40cm-550-gsm\/"},"modified":"2026-04-11T00:30:17","modified_gmt":"2026-04-10T23:30:17","slug":"sisakuituliina-reunatonta-40x40-cm-550-gsm","status":"publish","type":"product","link":"https:\/\/xenonkungen.com\/fi\/tuote\/sisakuituliina-reunatonta-40x40-cm-550-gsm\/","title":{"rendered":"Sisustus Kuitukangas reunattomana 40x40cm | 550 GSM"},"content":{"rendered":"<h1>Xenon King mikrokuituliina 40x40cm | reunaton 550 GSM<\/h1>\n<p>Tutustu ensiluokkaiseen reunattomaan kuitukangaskankaaseen, joka on suunniteltu antamaan pinnoillesi ly\u00f6m\u00e4tt\u00f6m\u00e4n puhtaan ja kiillon. T\u00e4m\u00e4 40 \u00d7 40 cm:n kokoinen ja 550 GSM:n (grammaa neli\u00f6metri\u00e4 kohden) painoinen kuitukangas tarjoaa erinomaisen suorituskyvyn sek\u00e4 kotona ett\u00e4 autossa.<\/p>\n<h2>Kuitukangas 550 GSM:n k\u00e4yt\u00f6n edut<\/h2>\n<ul>\n<li><strong>T\u00e4ydellinen kiilto ilman raitoja:<\/strong> Kuitukankaamme on optimoitu puhdistamaan pinnat j\u00e4tt\u00e4m\u00e4tt\u00e4 raitoja tai tahroja. Tihe\u00e4 kudos ja korkea GSM-paino takaavat tasaisen ja tehokkaan kuivumisen, jolloin lopputulos on kristallinkirkas joka kerta.<\/li>\n<li><strong>Poikkeuksellinen imukyky:<\/strong> 550 GSM:n kankaalla on erinomainen kyky ime\u00e4 vett\u00e4 ja likaa. T\u00e4m\u00e4 nopeuttaa ja tehostaa puhdistusprosessia ja s\u00e4\u00e4st\u00e4\u00e4 aikaa ja vaivaa.<\/li>\n<li><strong>Monipuolinen k\u00e4ytt\u00f6:<\/strong> Kuituliina sopii erinomaisesti kaikenlaisille pinnoille. K\u00e4yt\u00e4 sit\u00e4 ikkunoiden, peilien, tuulilasien ja kaikkien kodin pintojen puhdistamiseen. Se sopii my\u00f6s n\u00e4yt\u00f6n ja elektroniikan pyyhkimiseen naarmuuntumatta.<\/li>\n<li><strong>Kest\u00e4v\u00e4 ja uudelleenk\u00e4ytett\u00e4v\u00e4:<\/strong> Laadukkaasta materiaalista valmistettu p\u00f6yt\u00e4liina on suunniteltu kest\u00e4m\u00e4\u00e4n pitk\u00e4\u00e4n. Se voidaan pest\u00e4 koneessa ja k\u00e4ytt\u00e4\u00e4 monta kertaa uudelleen menett\u00e4m\u00e4tt\u00e4 sen tehokkuutta tai pehmeytt\u00e4.<\/li>\n<li><strong>Hell\u00e4varainen kaikille pinnoille:<\/strong> \u00c4\u00e4rimm\u00e4isen pehme\u00e4 kuitu on hell\u00e4varainen kaikenlaisille pinnoille ja varmistaa, ettei puhdistuksen aikana tapahdu naarmuja tai vaurioita. Siksi se on ihanteellinen herkille pinnoille ja n\u00e4yt\u00f6ille.<\/li>\n<\/ul>\n<p>Kuituliinan 550 GSM avulla voit olla varma, ett\u00e4 pinnat n\u00e4ytt\u00e4v\u00e4t aina uudenveroisilta. Anna ikkunoillesi ja peileillesi niiden ansaitsema hoito ensiluokkaisella kuituliinallamme ja koe ero sek\u00e4 puhdistuksessa ett\u00e4 tuloksissa.<\/p>\n<p>Tutustu kuitukankaisiimme jo t\u00e4n\u00e4\u00e4n ja anna pinnoillesi ammattimainen kiilto!<\/p>\n<p><span>Konepest\u00e4v\u00e4, \u00e4l\u00e4 k\u00e4yt\u00e4 pehmitint\u00e4.<\/span><\/p>","protected":false},"excerpt":{"rendered":"<p>Xenonkungens Torkduk i Mikrofiber 40x40cm | Edgeless 550 GSM Uppt\u00e4ck v\u00e5r premium fiberduk utan kanter, designad f\u00f6r att ge dina ytor en oslagbar renhet och glans. Med en storlek p\u00e5 40&#215;40 cm och en vikt p\u00e5 550 GSM (gram per kvadratmeter) erbjuder denna fiberduk \u00f6verl\u00e4gsen prestanda f\u00f6r b\u00e5de hem och bil. F\u00f6rdelarna med att anv\u00e4nda [&hellip;]<\/p>","protected":false},"featured_media":1193,"comment_status":"closed","ping_status":"closed","template":"","meta":{"_acf_changed":false,"_smort_price_nok":"84","_smort_price_dkk":"54","_smort_price_eur":"7.18","_smort_sale_price_nok":"","_smort_sale_price_dkk":"","_smort_sale_price_eur":"5.39","smort_restorder":"","shipmondo_restorder":"","_kad_blocks_custom_css":"","_kad_blocks_head_custom_js":"","_kad_blocks_body_custom_js":"","_kad_blocks_footer_custom_js":"","smort_custom_pricelist_1":"50.56","smort_custom_pricelist_2":"40","smort_custom_pricelist_3":"38","smort_custom_pricelist_4":"63.2","smort_custom_pricelist_5":"40"},"anvandningsomrade":[],"bilmarken":[],"product_brand":[2793],"product_cat":[2989,2450,378],"product_tag":[],"class_list":{"0":"post-1192","1":"product","2":"type-product","3":"status-publish","4":"has-post-thumbnail","6":"product_brand-ovrigt","7":"product_cat-avfettning","8":"product_cat-tillbehor-bilvard","9":"product_cat-bilvard","11":"first","12":"instock","13":"taxable","14":"shipping-taxable","15":"purchasable","16":"product-type-simple"},"bundled_by":[],"bundle_stock_status":"instock","bundle_stock_quantity":69,"bundle_virtual":false,"bundle_layout":"","bundle_add_to_cart_form_location":"","bundle_editable_in_cart":false,"bundle_sold_individually_context":"","bundle_item_grouping":"","bundle_min_size":"","bundle_max_size":"","bundle_price":[],"bundled_items":[],"bundle_sell_ids":[],"acf":[],"yoast_head":"<!-- This site is optimized with the Yoast SEO plugin v27.0 - https:\/\/yoast.com\/product\/yoast-seo-wordpress\/ -->\n<title>Interi\u00f6r Fiberduk i Edgeless 40x40cm | 550 GSM - Xenonkungen<\/title>\n<meta name=\"robots\" content=\"index, follow, max-snippet:-1, max-image-preview:large, max-video-preview:-1\" \/>\n<link rel=\"canonical\" href=\"https:\/\/xenonkungen.com\/fi\/tuote\/sisakuituliina-reunatonta-40x40-cm-550-gsm\/\" \/>\n<meta property=\"og:locale\" content=\"fi_FI\" \/>\n<meta property=\"og:type\" content=\"article\" \/>\n<meta property=\"og:title\" content=\"Interi\u00f6r Fiberduk i Edgeless 40x40cm | 550 GSM - Xenonkungen\" \/>\n<meta property=\"og:description\" content=\"Xenonkungens Torkduk i Mikrofiber 40x40cm | Edgeless 550 GSM Uppt\u00e4ck v\u00e5r premium fiberduk utan kanter, designad f\u00f6r att ge dina ytor en oslagbar renhet och glans. Med en storlek p\u00e5 40&#215;40 cm och en vikt p\u00e5 550 GSM (gram per kvadratmeter) erbjuder denna fiberduk \u00f6verl\u00e4gsen prestanda f\u00f6r b\u00e5de hem och bil. F\u00f6rdelarna med att anv\u00e4nda [&hellip;]\" \/>\n<meta property=\"og:url\" content=\"https:\/\/xenonkungen.com\/fi\/tuote\/sisakuituliina-reunatonta-40x40-cm-550-gsm\/\" \/>\n<meta property=\"og:site_name\" content=\"Xenonkungen\" \/>\n<meta property=\"article:modified_time\" content=\"2026-04-10T23:30:17+00:00\" \/>\n<meta property=\"og:image\" content=\"https:\/\/xenonkungen.com\/wp-content\/uploads\/2025\/04\/212205519-origpic-882b83.png\" \/>\n\t<meta property=\"og:image:width\" content=\"1000\" \/>\n\t<meta property=\"og:image:height\" content=\"1000\" \/>\n\t<meta property=\"og:image:type\" content=\"image\/png\" \/>\n<meta name=\"twitter:card\" content=\"summary_large_image\" \/>\n<meta name=\"twitter:label1\" content=\"Arvioitu lukuaika\" \/>\n\t<meta name=\"twitter:data1\" content=\"2 minuuttia\" \/>\n<script type=\"application\/ld+json\" class=\"yoast-schema-graph\">{\"@context\":\"https:\/\/schema.org\",\"@graph\":[{\"@type\":\"WebPage\",\"@id\":\"https:\/\/xenonkungen.com\/produkt\/interior-fiberduk-i-edgeless-40x40cm-550-gsm\/\",\"url\":\"https:\/\/xenonkungen.com\/produkt\/interior-fiberduk-i-edgeless-40x40cm-550-gsm\/\",\"name\":\"Interi\u00f6r Fiberduk i Edgeless 40x40cm | 550 GSM - Xenonkungen\",\"isPartOf\":{\"@id\":\"https:\/\/xenonkungen.com\/#website\"},\"primaryImageOfPage\":{\"@id\":\"https:\/\/xenonkungen.com\/produkt\/interior-fiberduk-i-edgeless-40x40cm-550-gsm\/#primaryimage\"},\"image\":{\"@id\":\"https:\/\/xenonkungen.com\/produkt\/interior-fiberduk-i-edgeless-40x40cm-550-gsm\/#primaryimage\"},\"thumbnailUrl\":\"https:\/\/xenonkungen.com\/wp-content\/uploads\/2025\/04\/212205519-origpic-882b83.png\",\"datePublished\":\"2025-04-15T08:00:23+00:00\",\"dateModified\":\"2026-04-10T23:30:17+00:00\",\"breadcrumb\":{\"@id\":\"https:\/\/xenonkungen.com\/produkt\/interior-fiberduk-i-edgeless-40x40cm-550-gsm\/#breadcrumb\"},\"inLanguage\":\"fi\",\"potentialAction\":[{\"@type\":\"ReadAction\",\"target\":[\"https:\/\/xenonkungen.com\/produkt\/interior-fiberduk-i-edgeless-40x40cm-550-gsm\/\"]}]},{\"@type\":\"ImageObject\",\"inLanguage\":\"fi\",\"@id\":\"https:\/\/xenonkungen.com\/produkt\/interior-fiberduk-i-edgeless-40x40cm-550-gsm\/#primaryimage\",\"url\":\"https:\/\/xenonkungen.com\/wp-content\/uploads\/2025\/04\/212205519-origpic-882b83.png\",\"contentUrl\":\"https:\/\/xenonkungen.com\/wp-content\/uploads\/2025\/04\/212205519-origpic-882b83.png\",\"width\":1000,\"height\":1000},{\"@type\":\"BreadcrumbList\",\"@id\":\"https:\/\/xenonkungen.com\/produkt\/interior-fiberduk-i-edgeless-40x40cm-550-gsm\/#breadcrumb\",\"itemListElement\":[{\"@type\":\"ListItem\",\"position\":1,\"name\":\"Hem\",\"item\":\"https:\/\/xenonkungen.com\/\"},{\"@type\":\"ListItem\",\"position\":2,\"name\":\"Shop\",\"item\":\"https:\/\/xenonkungen.com\/shop\/\"},{\"@type\":\"ListItem\",\"position\":3,\"name\":\"Interi\u00f6r Fiberduk i Edgeless 40x40cm | 550 GSM\"}]},{\"@type\":\"WebSite\",\"@id\":\"https:\/\/xenonkungen.com\/#website\",\"url\":\"https:\/\/xenonkungen.com\/\",\"name\":\"Xenonkungen\",\"description\":\"\",\"potentialAction\":[{\"@type\":\"SearchAction\",\"target\":{\"@type\":\"EntryPoint\",\"urlTemplate\":\"https:\/\/xenonkungen.com\/?s={search_term_string}\"},\"query-input\":{\"@type\":\"PropertyValueSpecification\",\"valueRequired\":true,\"valueName\":\"search_term_string\"}}],\"inLanguage\":\"fi\"}]}<\/script>\n<!-- \/ Yoast SEO plugin. -->","yoast_head_json":{"title":"Sis\u00e4tilojen lasikuitu reunattomassa 40x40cm | 550 GSM - Xenonkungen","robots":{"index":"index","follow":"follow","max-snippet":"max-snippet:-1","max-image-preview":"max-image-preview:large","max-video-preview":"max-video-preview:-1"},"canonical":"https:\/\/xenonkungen.com\/fi\/tuote\/sisakuituliina-reunatonta-40x40-cm-550-gsm\/","og_locale":"fi_FI","og_type":"article","og_title":"Interi\u00f6r Fiberduk i Edgeless 40x40cm | 550 GSM - Xenonkungen","og_description":"Xenonkungens Torkduk i Mikrofiber 40x40cm | Edgeless 550 GSM Uppt\u00e4ck v\u00e5r premium fiberduk utan kanter, designad f\u00f6r att ge dina ytor en oslagbar renhet och glans. Med en storlek p\u00e5 40&#215;40 cm och en vikt p\u00e5 550 GSM (gram per kvadratmeter) erbjuder denna fiberduk \u00f6verl\u00e4gsen prestanda f\u00f6r b\u00e5de hem och bil. F\u00f6rdelarna med att anv\u00e4nda [&hellip;]","og_url":"https:\/\/xenonkungen.com\/fi\/tuote\/sisakuituliina-reunatonta-40x40-cm-550-gsm\/","og_site_name":"Xenonkungen","article_modified_time":"2026-04-10T23:30:17+00:00","og_image":[{"url":"https:\/\/xenonkungen.com\/wp-content\/uploads\/2025\/04\/212205519-origpic-882b83.png","width":1000,"height":1000,"type":"image\/png"}],"twitter_card":"summary_large_image","twitter_misc":{"Arvioitu lukuaika":"2 minuuttia"},"schema":{"@context":"https:\/\/schema.org","@graph":[{"@type":"WebPage","@id":"https:\/\/xenonkungen.com\/produkt\/interior-fiberduk-i-edgeless-40x40cm-550-gsm\/","url":"https:\/\/xenonkungen.com\/produkt\/interior-fiberduk-i-edgeless-40x40cm-550-gsm\/","name":"Sis\u00e4tilojen lasikuitu reunattomassa 40x40cm | 550 GSM - Xenonkungen","isPartOf":{"@id":"https:\/\/xenonkungen.com\/#website"},"primaryImageOfPage":{"@id":"https:\/\/xenonkungen.com\/produkt\/interior-fiberduk-i-edgeless-40x40cm-550-gsm\/#primaryimage"},"image":{"@id":"https:\/\/xenonkungen.com\/produkt\/interior-fiberduk-i-edgeless-40x40cm-550-gsm\/#primaryimage"},"thumbnailUrl":"https:\/\/xenonkungen.com\/wp-content\/uploads\/2025\/04\/212205519-origpic-882b83.png","datePublished":"2025-04-15T08:00:23+00:00","dateModified":"2026-04-10T23:30:17+00:00","breadcrumb":{"@id":"https:\/\/xenonkungen.com\/produkt\/interior-fiberduk-i-edgeless-40x40cm-550-gsm\/#breadcrumb"},"inLanguage":"fi","potentialAction":[{"@type":"ReadAction","target":["https:\/\/xenonkungen.com\/produkt\/interior-fiberduk-i-edgeless-40x40cm-550-gsm\/"]}]},{"@type":"ImageObject","inLanguage":"fi","@id":"https:\/\/xenonkungen.com\/produkt\/interior-fiberduk-i-edgeless-40x40cm-550-gsm\/#primaryimage","url":"https:\/\/xenonkungen.com\/wp-content\/uploads\/2025\/04\/212205519-origpic-882b83.png","contentUrl":"https:\/\/xenonkungen.com\/wp-content\/uploads\/2025\/04\/212205519-origpic-882b83.png","width":1000,"height":1000},{"@type":"BreadcrumbList","@id":"https:\/\/xenonkungen.com\/produkt\/interior-fiberduk-i-edgeless-40x40cm-550-gsm\/#breadcrumb","itemListElement":[{"@type":"ListItem","position":1,"name":"Hem","item":"https:\/\/xenonkungen.com\/"},{"@type":"ListItem","position":2,"name":"Shop","item":"https:\/\/xenonkungen.com\/shop\/"},{"@type":"ListItem","position":3,"name":"Interi\u00f6r Fiberduk i Edgeless 40x40cm | 550 GSM"}]},{"@type":"WebSite","@id":"https:\/\/xenonkungen.com\/#website","url":"https:\/\/xenonkungen.com\/","name":"Xenonkungen","description":"","potentialAction":[{"@type":"SearchAction","target":{"@type":"EntryPoint","urlTemplate":"https:\/\/xenonkungen.com\/?s={search_term_string}"},"query-input":{"@type":"PropertyValueSpecification","valueRequired":true,"valueName":"search_term_string"}}],"inLanguage":"fi"}]}},"taxonomy_info":{"product_brand":[{"value":2793,"label":"\u00d6VRIGT"}],"product_cat":[{"value":2989,"label":"2 | Avfettning"},{"value":2450,"label":"Tillbeh\u00f6r"},{"value":378,"label":"Bilv\u00e5rd"}]},"featured_image_src_large":["https:\/\/xenonkungen.com\/wp-content\/uploads\/2025\/04\/212205519-origpic-882b83.png",1000,1000,false],"author_info":[],"comment_info":0,"_links":{"self":[{"href":"https:\/\/xenonkungen.com\/fi\/wp-json\/wp\/v2\/product\/1192","targetHints":{"allow":["GET"]}}],"collection":[{"href":"https:\/\/xenonkungen.com\/fi\/wp-json\/wp\/v2\/product"}],"about":[{"href":"https:\/\/xenonkungen.com\/fi\/wp-json\/wp\/v2\/types\/product"}],"replies":[{"embeddable":true,"href":"https:\/\/xenonkungen.com\/fi\/wp-json\/wp\/v2\/comments?post=1192"}],"wp:featuredmedia":[{"embeddable":true,"href":"https:\/\/xenonkungen.com\/fi\/wp-json\/wp\/v2\/media\/1193"}],"wp:attachment":[{"href":"https:\/\/xenonkungen.com\/fi\/wp-json\/wp\/v2\/media?parent=1192"}],"wp:term":[{"taxonomy":"anvandningsomrade","embeddable":true,"href":"https:\/\/xenonkungen.com\/fi\/wp-json\/wp\/v2\/anvandningsomrade?post=1192"},{"taxonomy":"bilmarken","embeddable":true,"href":"https:\/\/xenonkungen.com\/fi\/wp-json\/wp\/v2\/bilmarken?post=1192"},{"taxonomy":"product_brand","embeddable":true,"href":"https:\/\/xenonkungen.com\/fi\/wp-json\/wp\/v2\/product_brand?post=1192"},{"taxonomy":"product_cat","embeddable":true,"href":"https:\/\/xenonkungen.com\/fi\/wp-json\/wp\/v2\/product_cat?post=1192"},{"taxonomy":"product_tag","embeddable":true,"href":"https:\/\/xenonkungen.com\/fi\/wp-json\/wp\/v2\/product_tag?post=1192"}],"curies":[{"name":"wp","href":"https:\/\/api.w.org\/{rel}","templated":true}]}}