{"id":11990,"date":"2025-08-25T14:15:25","date_gmt":"2025-08-25T14:15:25","guid":{"rendered":"https:\/\/xenonkungen.com\/?post_type=product&#038;p=11990"},"modified":"2026-04-24T17:38:00","modified_gmt":"2026-04-24T16:38:00","slug":"osram-night-breaker-led-smart-h8-polttimo","status":"publish","type":"product","link":"https:\/\/xenonkungen.com\/fi\/tuote\/osram-night-breaker-led-smart-h8-polttimo\/","title":{"rendered":"OSRAM NIGHT BREAKER LED SMART | H8"},"content":{"rendered":"<section>\n<h2>Sumuvalot omaa luokkaansa<\/h2>\n<h3>OSRAM NIGHT BREAKER LED SMART - katuk\u00e4ytt\u00f6\u00f6n soveltuvat LED-sumuvalot<\/h3>\n<p>Koe poikkeuksellisen kirkkauden, kompaktin muotoilun ja luotettavan kest\u00e4vyyden voima - LED-sumuvalaisimessa, joka on my\u00f6skin <strong>virheellinen<\/strong><sup>1<\/sup>.<br \/>\nOSRAM NIGHT BREAKER LED SMART -sumuvalot viev\u00e4t j\u00e4lkiasennuksen uudelle tasolle - valmiina korvaamaan vanhat halogeenilamput edistyksellisell\u00e4 LED-tekniikalla.<\/p>\n<h4>Miksi valita NIGHT BREAKER LED SMART -sumuvalo?<\/h4>\n<ul>\n<li>Gatulaglig<sup>1<\/sup> LED-korvaus 12V ajoneuvojen sumuvaloihin<\/li>\n<li>T\u00e4ydellinen t\u00e4ydennys OSRAM LED- tai HID-valonheittimiin.<\/li>\n<li>Nykyaikainen, viile\u00e4n valkoinen valokuva, jonka v\u00e4ril\u00e4mp\u00f6tila on jopa 6000 kelvini\u00e4.<\/li>\n<li>Laajempi valokuvio parantaa n\u00e4kyvyytt\u00e4 huonolla s\u00e4\u00e4ll\u00e4.<\/li>\n<li>Jopa 80 prosenttia pienempi energiankulutus halogeenilamppuihin verrattuna.<\/li>\n<li>Jopa 6 kertaa pidempi k\u00e4ytt\u00f6ik\u00e4 t\u00e4rin\u00e4nkest\u00e4v\u00e4n rakenteen ansiosta.<\/li>\n<li>IP54-luokitus - testattu p\u00f6lylt\u00e4 ja vedelt\u00e4 suojaavaksi DIN-sertifioidussa laboratoriossa.<\/li>\n<\/ul>\n<p>NIGHT BREAKER LED SMART -sumuvalo on tyylik\u00e4s ja tehokas ratkaisu riippumatta siit\u00e4, haluatko tehd\u00e4 t\u00e4ydellisen LED-p\u00e4ivityksen tai yhdist\u00e4\u00e4 sen olemassa oleviin OSRAM LED -valaisimiin.<br \/>\nNe on suunniteltu mahdollisimman yhteensopiviksi ja suorituskykyisiksi - ja tietenkin hyv\u00e4ksytty k\u00e4ytett\u00e4v\u00e4ksi yleisill\u00e4 teill\u00e4.<sup>1<\/sup>.<\/p>\n<p>Mielenrauhan lis\u00e4\u00e4miseksi se sis\u00e4lt\u00e4\u00e4 my\u00f6s <strong>erityistakuu<\/strong><sup>3<\/sup> OSRAMilta - laatua ja turvallisuutta, johon voit luottaa.<\/p>\n<p><strong>P\u00e4ivit\u00e4 sumuvalosi jo t\u00e4n\u00e4\u00e4n - OSRAM NIGHT BREAKER LED SMART -valoilla. Vahvemman, \u00e4lykk\u00e4\u00e4mm\u00e4n ja laillisemman ajokokemuksen vuoksi.<\/strong><\/p>\n<h2><a href=\"https:\/\/look.ams-osram.com\/m\/279bdebe1f871386\/original\/led-night-breaker-h7-vehicle-list-en.pdf\" target=\"_blank\" rel=\"noopener\">Katso yhteensopivat automallit t\u00e4\u00e4lt\u00e4<\/a><\/h2>\n<\/section>","protected":false},"excerpt":{"rendered":"<p>Dimljus i en klass f\u00f6r sig OSRAM NIGHT BREAKER LED SMART \u2013 Gatulagliga LED-dimljus Upplev kraften i exceptionell ljusstyrka, kompakt design och p\u00e5litlig h\u00e5llbarhet \u2013 i en LED-dimljuslampa som dessutom \u00e4r gatulaglig1. OSRAM NIGHT BREAKER LED SMART dimljus tar eftermontering till en ny niv\u00e5 \u2013 redo att ers\u00e4tta dina gamla halogenlampor med avancerad LED-teknik. Varf\u00f6r [&hellip;]<\/p>","protected":false},"featured_media":11992,"comment_status":"open","ping_status":"closed","template":"","meta":{"_acf_changed":false,"_smort_price_nok":"1917","_smort_price_dkk":"1218","_smort_price_eur":"163.17","_smort_sale_price_nok":"","_smort_sale_price_dkk":"","_smort_sale_price_eur":"","smort_restorder":"","shipmondo_restorder":"","_kad_blocks_custom_css":"","_kad_blocks_head_custom_js":"","_kad_blocks_body_custom_js":"","_kad_blocks_footer_custom_js":"","smort_custom_pricelist_1":"1148.8","smort_custom_pricelist_2":"1005.2","smort_custom_pricelist_3":"933.4","smort_custom_pricelist_4":"1436","smort_custom_pricelist_5":"1005.2"},"anvandningsomrade":[],"bilmarken":[],"product_brand":[108],"product_cat":[2451,2633,733],"product_tag":[],"class_list":{"0":"post-11990","1":"product","2":"type-product","3":"status-publish","4":"has-post-thumbnail","6":"product_brand-osram","7":"product_cat-led-konvertering","8":"product_cat-osram-ledriving-halvljus-helljus","9":"product_cat-halvljus-helljus","10":"pa_fargtemperatur-6000k","11":"pa_fuktskydd-varde-ipxx-ip54","12":"pa_lampsockel-kontakt-h8","13":"pa_volt-v-159","15":"first","16":"instock","17":"taxable","18":"shipping-taxable","19":"purchasable","20":"product-type-simple"},"bundled_by":[],"bundle_stock_status":"instock","bundle_stock_quantity":3,"bundle_virtual":false,"bundle_layout":"","bundle_add_to_cart_form_location":"","bundle_editable_in_cart":false,"bundle_sold_individually_context":"","bundle_item_grouping":"","bundle_min_size":"","bundle_max_size":"","bundle_price":[],"bundled_items":[],"bundle_sell_ids":[],"acf":[],"yoast_head":"<!-- This site is optimized with the Yoast SEO plugin v27.0 - https:\/\/yoast.com\/product\/yoast-seo-wordpress\/ -->\n<title>OSRAM NIGHT BREAKER LED SMART | H8 - Xenonkungen<\/title>\n<meta name=\"robots\" content=\"index, follow, max-snippet:-1, max-image-preview:large, max-video-preview:-1\" \/>\n<link rel=\"canonical\" href=\"https:\/\/xenonkungen.com\/fi\/tuote\/osram-night-breaker-led-smart-h8-polttimo\/\" \/>\n<meta property=\"og:locale\" content=\"fi_FI\" \/>\n<meta property=\"og:type\" content=\"article\" \/>\n<meta property=\"og:title\" content=\"OSRAM NIGHT BREAKER LED SMART | H8 - Xenonkungen\" \/>\n<meta property=\"og:description\" content=\"Dimljus i en klass f\u00f6r sig OSRAM NIGHT BREAKER LED SMART \u2013 Gatulagliga LED-dimljus Upplev kraften i exceptionell ljusstyrka, kompakt design och p\u00e5litlig h\u00e5llbarhet \u2013 i en LED-dimljuslampa som dessutom \u00e4r gatulaglig1. OSRAM NIGHT BREAKER LED SMART dimljus tar eftermontering till en ny niv\u00e5 \u2013 redo att ers\u00e4tta dina gamla halogenlampor med avancerad LED-teknik. Varf\u00f6r [&hellip;]\" \/>\n<meta property=\"og:url\" content=\"https:\/\/xenonkungen.com\/fi\/tuote\/osram-night-breaker-led-smart-h8-polttimo\/\" \/>\n<meta property=\"og:site_name\" content=\"Xenonkungen\" \/>\n<meta property=\"article:modified_time\" content=\"2026-04-24T16:38:00+00:00\" \/>\n<meta property=\"og:image\" content=\"https:\/\/xenonkungen.com\/wp-content\/uploads\/2025\/06\/Small-for-web-and-ppt-G15131110_LED_FC2_64212DWNBSM-2HB_MiCh_OSRAM_05_Composing.jpg\" \/>\n\t<meta property=\"og:image:width\" content=\"1024\" \/>\n\t<meta property=\"og:image:height\" content=\"1024\" \/>\n\t<meta property=\"og:image:type\" content=\"image\/jpeg\" \/>\n<meta name=\"twitter:card\" content=\"summary_large_image\" \/>\n<meta name=\"twitter:label1\" content=\"Arvioitu lukuaika\" \/>\n\t<meta name=\"twitter:data1\" content=\"2 minuuttia\" \/>\n<script type=\"application\/ld+json\" class=\"yoast-schema-graph\">{\"@context\":\"https:\/\/schema.org\",\"@graph\":[{\"@type\":\"WebPage\",\"@id\":\"https:\/\/xenonkungen.com\/produkt\/osram-night-breaker-led-smart-h8\/\",\"url\":\"https:\/\/xenonkungen.com\/produkt\/osram-night-breaker-led-smart-h8\/\",\"name\":\"OSRAM NIGHT BREAKER LED SMART | H8 - Xenonkungen\",\"isPartOf\":{\"@id\":\"https:\/\/xenonkungen.com\/#website\"},\"primaryImageOfPage\":{\"@id\":\"https:\/\/xenonkungen.com\/produkt\/osram-night-breaker-led-smart-h8\/#primaryimage\"},\"image\":{\"@id\":\"https:\/\/xenonkungen.com\/produkt\/osram-night-breaker-led-smart-h8\/#primaryimage\"},\"thumbnailUrl\":\"https:\/\/xenonkungen.com\/wp-content\/uploads\/2025\/06\/Small-for-web-and-ppt-G15131110_LED_FC2_64212DWNBSM-2HB_MiCh_OSRAM_05_Composing.jpg\",\"datePublished\":\"2025-08-25T14:15:25+00:00\",\"dateModified\":\"2026-04-24T16:38:00+00:00\",\"breadcrumb\":{\"@id\":\"https:\/\/xenonkungen.com\/produkt\/osram-night-breaker-led-smart-h8\/#breadcrumb\"},\"inLanguage\":\"fi\",\"potentialAction\":[{\"@type\":\"ReadAction\",\"target\":[\"https:\/\/xenonkungen.com\/produkt\/osram-night-breaker-led-smart-h8\/\"]}]},{\"@type\":\"ImageObject\",\"inLanguage\":\"fi\",\"@id\":\"https:\/\/xenonkungen.com\/produkt\/osram-night-breaker-led-smart-h8\/#primaryimage\",\"url\":\"https:\/\/xenonkungen.com\/wp-content\/uploads\/2025\/06\/Small-for-web-and-ppt-G15131110_LED_FC2_64212DWNBSM-2HB_MiCh_OSRAM_05_Composing.jpg\",\"contentUrl\":\"https:\/\/xenonkungen.com\/wp-content\/uploads\/2025\/06\/Small-for-web-and-ppt-G15131110_LED_FC2_64212DWNBSM-2HB_MiCh_OSRAM_05_Composing.jpg\",\"width\":1024,\"height\":1024},{\"@type\":\"BreadcrumbList\",\"@id\":\"https:\/\/xenonkungen.com\/produkt\/osram-night-breaker-led-smart-h8\/#breadcrumb\",\"itemListElement\":[{\"@type\":\"ListItem\",\"position\":1,\"name\":\"Hem\",\"item\":\"https:\/\/xenonkungen.com\/\"},{\"@type\":\"ListItem\",\"position\":2,\"name\":\"Shop\",\"item\":\"https:\/\/xenonkungen.com\/shop\/\"},{\"@type\":\"ListItem\",\"position\":3,\"name\":\"OSRAM NIGHT BREAKER LED SMART | H8\"}]},{\"@type\":\"WebSite\",\"@id\":\"https:\/\/xenonkungen.com\/#website\",\"url\":\"https:\/\/xenonkungen.com\/\",\"name\":\"Xenonkungen\",\"description\":\"\",\"potentialAction\":[{\"@type\":\"SearchAction\",\"target\":{\"@type\":\"EntryPoint\",\"urlTemplate\":\"https:\/\/xenonkungen.com\/?s={search_term_string}\"},\"query-input\":{\"@type\":\"PropertyValueSpecification\",\"valueRequired\":true,\"valueName\":\"search_term_string\"}}],\"inLanguage\":\"fi\"}]}<\/script>\n<!-- \/ Yoast SEO plugin. -->","yoast_head_json":{"title":"OSRAM NIGHT BREAKER LED SMART | H8 - Ksenonkuningas","robots":{"index":"index","follow":"follow","max-snippet":"max-snippet:-1","max-image-preview":"max-image-preview:large","max-video-preview":"max-video-preview:-1"},"canonical":"https:\/\/xenonkungen.com\/fi\/tuote\/osram-night-breaker-led-smart-h8-polttimo\/","og_locale":"fi_FI","og_type":"article","og_title":"OSRAM NIGHT BREAKER LED SMART | H8 - Xenonkungen","og_description":"Dimljus i en klass f\u00f6r sig OSRAM NIGHT BREAKER LED SMART \u2013 Gatulagliga LED-dimljus Upplev kraften i exceptionell ljusstyrka, kompakt design och p\u00e5litlig h\u00e5llbarhet \u2013 i en LED-dimljuslampa som dessutom \u00e4r gatulaglig1. OSRAM NIGHT BREAKER LED SMART dimljus tar eftermontering till en ny niv\u00e5 \u2013 redo att ers\u00e4tta dina gamla halogenlampor med avancerad LED-teknik. Varf\u00f6r [&hellip;]","og_url":"https:\/\/xenonkungen.com\/fi\/tuote\/osram-night-breaker-led-smart-h8-polttimo\/","og_site_name":"Xenonkungen","article_modified_time":"2026-04-24T16:38:00+00:00","og_image":[{"width":1024,"height":1024,"url":"https:\/\/xenonkungen.com\/wp-content\/uploads\/2025\/06\/Small-for-web-and-ppt-G15131110_LED_FC2_64212DWNBSM-2HB_MiCh_OSRAM_05_Composing.jpg","type":"image\/jpeg"}],"twitter_card":"summary_large_image","twitter_misc":{"Arvioitu lukuaika":"2 minuuttia"},"schema":{"@context":"https:\/\/schema.org","@graph":[{"@type":"WebPage","@id":"https:\/\/xenonkungen.com\/produkt\/osram-night-breaker-led-smart-h8\/","url":"https:\/\/xenonkungen.com\/produkt\/osram-night-breaker-led-smart-h8\/","name":"OSRAM NIGHT BREAKER LED SMART | H8 - Ksenonkuningas","isPartOf":{"@id":"https:\/\/xenonkungen.com\/#website"},"primaryImageOfPage":{"@id":"https:\/\/xenonkungen.com\/produkt\/osram-night-breaker-led-smart-h8\/#primaryimage"},"image":{"@id":"https:\/\/xenonkungen.com\/produkt\/osram-night-breaker-led-smart-h8\/#primaryimage"},"thumbnailUrl":"https:\/\/xenonkungen.com\/wp-content\/uploads\/2025\/06\/Small-for-web-and-ppt-G15131110_LED_FC2_64212DWNBSM-2HB_MiCh_OSRAM_05_Composing.jpg","datePublished":"2025-08-25T14:15:25+00:00","dateModified":"2026-04-24T16:38:00+00:00","breadcrumb":{"@id":"https:\/\/xenonkungen.com\/produkt\/osram-night-breaker-led-smart-h8\/#breadcrumb"},"inLanguage":"fi","potentialAction":[{"@type":"ReadAction","target":["https:\/\/xenonkungen.com\/produkt\/osram-night-breaker-led-smart-h8\/"]}]},{"@type":"ImageObject","inLanguage":"fi","@id":"https:\/\/xenonkungen.com\/produkt\/osram-night-breaker-led-smart-h8\/#primaryimage","url":"https:\/\/xenonkungen.com\/wp-content\/uploads\/2025\/06\/Small-for-web-and-ppt-G15131110_LED_FC2_64212DWNBSM-2HB_MiCh_OSRAM_05_Composing.jpg","contentUrl":"https:\/\/xenonkungen.com\/wp-content\/uploads\/2025\/06\/Small-for-web-and-ppt-G15131110_LED_FC2_64212DWNBSM-2HB_MiCh_OSRAM_05_Composing.jpg","width":1024,"height":1024},{"@type":"BreadcrumbList","@id":"https:\/\/xenonkungen.com\/produkt\/osram-night-breaker-led-smart-h8\/#breadcrumb","itemListElement":[{"@type":"ListItem","position":1,"name":"Hem","item":"https:\/\/xenonkungen.com\/"},{"@type":"ListItem","position":2,"name":"Shop","item":"https:\/\/xenonkungen.com\/shop\/"},{"@type":"ListItem","position":3,"name":"OSRAM NIGHT BREAKER LED SMART | H8"}]},{"@type":"WebSite","@id":"https:\/\/xenonkungen.com\/#website","url":"https:\/\/xenonkungen.com\/","name":"Xenonkungen","description":"","potentialAction":[{"@type":"SearchAction","target":{"@type":"EntryPoint","urlTemplate":"https:\/\/xenonkungen.com\/?s={search_term_string}"},"query-input":{"@type":"PropertyValueSpecification","valueRequired":true,"valueName":"search_term_string"}}],"inLanguage":"fi"}]}},"taxonomy_info":{"product_brand":[{"value":108,"label":"OSRAM"}],"product_cat":[{"value":2451,"label":"Led-konvertering"},{"value":2633,"label":"OSRAM Ledriving"},{"value":733,"label":"Halvljus \/ Helljus"}],"pa_fargtemperatur":[{"value":188,"label":"6000K"}],"pa_fuktskydd-varde-ipxx":[{"value":1318,"label":"IP54"}],"pa_lampsockel-kontakt":[{"value":848,"label":"H8"}],"pa_volt-v":[{"value":159,"label":"12"}]},"featured_image_src_large":["https:\/\/xenonkungen.com\/wp-content\/uploads\/2025\/06\/Small-for-web-and-ppt-G15131110_LED_FC2_64212DWNBSM-2HB_MiCh_OSRAM_05_Composing.jpg",1024,1024,false],"author_info":[],"comment_info":0,"_links":{"self":[{"href":"https:\/\/xenonkungen.com\/fi\/wp-json\/wp\/v2\/product\/11990","targetHints":{"allow":["GET"]}}],"collection":[{"href":"https:\/\/xenonkungen.com\/fi\/wp-json\/wp\/v2\/product"}],"about":[{"href":"https:\/\/xenonkungen.com\/fi\/wp-json\/wp\/v2\/types\/product"}],"replies":[{"embeddable":true,"href":"https:\/\/xenonkungen.com\/fi\/wp-json\/wp\/v2\/comments?post=11990"}],"wp:featuredmedia":[{"embeddable":true,"href":"https:\/\/xenonkungen.com\/fi\/wp-json\/wp\/v2\/media\/11992"}],"wp:attachment":[{"href":"https:\/\/xenonkungen.com\/fi\/wp-json\/wp\/v2\/media?parent=11990"}],"wp:term":[{"taxonomy":"anvandningsomrade","embeddable":true,"href":"https:\/\/xenonkungen.com\/fi\/wp-json\/wp\/v2\/anvandningsomrade?post=11990"},{"taxonomy":"bilmarken","embeddable":true,"href":"https:\/\/xenonkungen.com\/fi\/wp-json\/wp\/v2\/bilmarken?post=11990"},{"taxonomy":"product_brand","embeddable":true,"href":"https:\/\/xenonkungen.com\/fi\/wp-json\/wp\/v2\/product_brand?post=11990"},{"taxonomy":"product_cat","embeddable":true,"href":"https:\/\/xenonkungen.com\/fi\/wp-json\/wp\/v2\/product_cat?post=11990"},{"taxonomy":"product_tag","embeddable":true,"href":"https:\/\/xenonkungen.com\/fi\/wp-json\/wp\/v2\/product_tag?post=11990"}],"curies":[{"name":"wp","href":"https:\/\/api.w.org\/{rel}","templated":true}]}}