{"id":12009,"date":"2025-08-25T13:39:17","date_gmt":"2025-08-25T13:39:17","guid":{"rendered":"https:\/\/xenonkungen.com\/?post_type=product&#038;p=12009"},"modified":"2026-04-24T17:40:10","modified_gmt":"2026-04-24T16:40:10","slug":"osram-night-breaker-led-smart-h10-polttimo","status":"publish","type":"product","link":"https:\/\/xenonkungen.com\/fi\/tuote\/osram-night-breaker-led-smart-h10-polttimo\/","title":{"rendered":"OSRAM NIGHT BREAKER LED SMART | H10"},"content":{"rendered":"<section>\n<h2>OSRAM NIGHT BREAKER LED SMART \u2013 Lailliset LED-sumuvalot maksimaalisella suorituskyvyll\u00e4<\/h2>\n<p>Koe voima <strong>OSRAM NIGHT BREAKER LED SMART -sumuvalo<\/strong> \u2013 tulevaisuuden LED-teknologiaa niille, jotka haluavat poikkeuksellisen kirkkauden, kompaktin koon ja pitk\u00e4n kest\u00e4vyyden. Ja mik\u00e4 parasta? Ne ovat <strong>t\u00e4ysin hyv\u00e4ksytty k\u00e4ytett\u00e4v\u00e4ksi julkisilla teill\u00e4<\/strong><sup>1<\/sup>.<\/p>\n<p>Unohda vanhat halogeenilamput. NIGHT BREAKER LED SMARTin avulla voit helposti p\u00e4ivitt\u00e4\u00e4\u2026 <strong>moderni LED-tekniikka sumuvaloissa<\/strong> \u2013 k\u00e4tev\u00e4 korvaaja, joka toimii tavallisten lampunkantojen kanssa ja sopii t\u00e4ydellisesti my\u00f6s muihin OSRAMin LED- tai HID-ratkaisuihin.<\/p>\n<h3>Miksi sinun kannattaa valita NIGHT BREAKER LED SMART -sumuvalot<\/h3>\n<ul>\n<li>Sallittu k\u00e4ytett\u00e4v\u00e4ksi julkisilla teill\u00e4 ECE-m\u00e4\u00e4r\u00e4ysten mukaisesti<sup>1<\/sup><\/li>\n<li>Kirkas valkoinen valo (jopa 6000 K) moderniin ilmeeseen ja parempaan n\u00e4kyvyyteen<\/li>\n<li>Leve\u00e4mpi valokuvio kuin perinteisill\u00e4 halogeenisumuvaloissa<\/li>\n<li>T\u00e4ydellinen lis\u00e4 muihin OSRAM LED- tai HID-lamppuihin<\/li>\n<li>Jopa 80 % pienempi energiankulutus halogeenilamppuihin verrattuna<\/li>\n<li>Jopa kuusi kertaa pidempi k\u00e4ytt\u00f6ik\u00e4 kest\u00e4v\u00e4n ja t\u00e4rin\u00e4\u00e4 vaimentavan rakenteen ansiosta<sup>2<\/sup><\/li>\n<li>Testattu vaativiin olosuhteisiin \u2013 IP54-luokitus p\u00f6ly\u00e4 ja vett\u00e4 vastaan<\/li>\n<\/ul>\n<p>OSRAM on autovalaistuksen eturintamassa, ja NIGHT BREAKER LED SMART -sumuvalot ovat todiste siit\u00e4 \u2013 innovaation, suorituskyvyn ja muotoilun korkeimmilla standardeilla. T\u00e4ydellinen osaksi t\u00e4ydellist\u00e4 p\u00e4ivityst\u00e4 tai niille, jotka haluavat parantaa toimivuutta ja tyyli\u00e4 laillisella tavalla.<\/p>\n<p>Lamput ovat tietenkin OSRAMin suojaamia. <strong>erityistakuu<\/strong><sup>3<\/sup> \u2013 lis\u00e4turvaa ja laatua, johon voit luottaa.<\/p>\n<p><strong>Tee fiksumpi valinta \u2013 p\u00e4ivit\u00e4 OSRAM NIGHT BREAKER LED SMART -sumuvaloihin ja aja tyylikk\u00e4\u00e4sti, turvallisesti ja lainmukaisesti.<\/strong><\/p>\n<h2><a href=\"https:\/\/look.ams-osram.com\/m\/279bdebe1f871386\/original\/led-night-breaker-h7-vehicle-list-en.pdf\" target=\"_blank\" rel=\"noopener\">Katso yhteensopivat automallit t\u00e4\u00e4lt\u00e4<\/a><\/h2>\n<\/section>","protected":false},"excerpt":{"rendered":"<p>OSRAM NIGHT BREAKER LED SMART \u2013 Lagliga LED-dimljus med maximal prestanda Upplev kraften i OSRAM NIGHT BREAKER LED SMART dimljus \u2013 framtidens LED-teknik f\u00f6r dig som vill ha exceptionell ljusstyrka, kompakt format och l\u00e5ng h\u00e5llbarhet. Och det b\u00e4sta av allt? De \u00e4r fullt godk\u00e4nda f\u00f6r anv\u00e4ndning p\u00e5 allm\u00e4n v\u00e4g1. Gl\u00f6m gamla halogenlampor. Med NIGHT BREAKER [&hellip;]<\/p>","protected":false},"featured_media":12014,"comment_status":"open","ping_status":"closed","template":"","meta":{"_acf_changed":false,"_smort_price_nok":"1917","_smort_price_dkk":"1218","_smort_price_eur":"163.17","_smort_sale_price_nok":"","_smort_sale_price_dkk":"","_smort_sale_price_eur":"","smort_restorder":"","shipmondo_restorder":"","_kad_blocks_custom_css":"","_kad_blocks_head_custom_js":"","_kad_blocks_body_custom_js":"","_kad_blocks_footer_custom_js":"","smort_custom_pricelist_1":"1148.8","smort_custom_pricelist_2":"1005.2","smort_custom_pricelist_3":"933.4","smort_custom_pricelist_4":"1436","smort_custom_pricelist_5":"1005.2"},"anvandningsomrade":[],"bilmarken":[],"product_brand":[108],"product_cat":[2451,2633,733],"product_tag":[],"class_list":{"0":"post-12009","1":"product","2":"type-product","3":"status-publish","4":"has-post-thumbnail","6":"product_brand-osram","7":"product_cat-led-konvertering","8":"product_cat-osram-ledriving-halvljus-helljus","9":"product_cat-halvljus-helljus","10":"pa_fargtemperatur-6000k","11":"pa_fuktskydd-varde-ipxx-ip54","12":"pa_lampsockel-kontakt-h10","13":"pa_volt-v-159","15":"first","16":"instock","17":"taxable","18":"shipping-taxable","19":"purchasable","20":"product-type-simple"},"bundled_by":[],"bundle_stock_status":"instock","bundle_stock_quantity":5,"bundle_virtual":false,"bundle_layout":"","bundle_add_to_cart_form_location":"","bundle_editable_in_cart":false,"bundle_sold_individually_context":"","bundle_item_grouping":"","bundle_min_size":"","bundle_max_size":"","bundle_price":[],"bundled_items":[],"bundle_sell_ids":[],"acf":[],"yoast_head":"<!-- This site is optimized with the Yoast SEO plugin v27.0 - https:\/\/yoast.com\/product\/yoast-seo-wordpress\/ -->\n<title>OSRAM NIGHT BREAKER LED SMART | H10 - Xenonkungen<\/title>\n<meta name=\"robots\" content=\"index, follow, max-snippet:-1, max-image-preview:large, max-video-preview:-1\" \/>\n<link rel=\"canonical\" href=\"https:\/\/xenonkungen.com\/fi\/tuote\/osram-night-breaker-led-smart-h10-polttimo\/\" \/>\n<meta property=\"og:locale\" content=\"fi_FI\" \/>\n<meta property=\"og:type\" content=\"article\" \/>\n<meta property=\"og:title\" content=\"OSRAM NIGHT BREAKER LED SMART | H10 - Xenonkungen\" \/>\n<meta property=\"og:description\" content=\"OSRAM NIGHT BREAKER LED SMART \u2013 Lagliga LED-dimljus med maximal prestanda Upplev kraften i OSRAM NIGHT BREAKER LED SMART dimljus \u2013 framtidens LED-teknik f\u00f6r dig som vill ha exceptionell ljusstyrka, kompakt format och l\u00e5ng h\u00e5llbarhet. Och det b\u00e4sta av allt? De \u00e4r fullt godk\u00e4nda f\u00f6r anv\u00e4ndning p\u00e5 allm\u00e4n v\u00e4g1. Gl\u00f6m gamla halogenlampor. Med NIGHT BREAKER [&hellip;]\" \/>\n<meta property=\"og:url\" content=\"https:\/\/xenonkungen.com\/fi\/tuote\/osram-night-breaker-led-smart-h10-polttimo\/\" \/>\n<meta property=\"og:site_name\" content=\"Xenonkungen\" \/>\n<meta property=\"article:modified_time\" content=\"2026-04-24T16:40:10+00:00\" \/>\n<meta property=\"og:image\" content=\"https:\/\/xenonkungen.com\/wp-content\/uploads\/2025\/06\/Small-for-web-and-ppt-G15131112_LED_FC2_9145DWNBSM-2HB_MiCh_OSRAM_03_Composing.jpg\" \/>\n\t<meta property=\"og:image:width\" content=\"1024\" \/>\n\t<meta property=\"og:image:height\" content=\"1024\" \/>\n\t<meta property=\"og:image:type\" content=\"image\/jpeg\" \/>\n<meta name=\"twitter:card\" content=\"summary_large_image\" \/>\n<meta name=\"twitter:label1\" content=\"Arvioitu lukuaika\" \/>\n\t<meta name=\"twitter:data1\" content=\"2 minuuttia\" \/>\n<script type=\"application\/ld+json\" class=\"yoast-schema-graph\">{\"@context\":\"https:\/\/schema.org\",\"@graph\":[{\"@type\":\"WebPage\",\"@id\":\"https:\/\/xenonkungen.com\/produkt\/osram-night-breaker-led-smart-h10\/\",\"url\":\"https:\/\/xenonkungen.com\/produkt\/osram-night-breaker-led-smart-h10\/\",\"name\":\"OSRAM NIGHT BREAKER LED SMART | H10 - Xenonkungen\",\"isPartOf\":{\"@id\":\"https:\/\/xenonkungen.com\/#website\"},\"primaryImageOfPage\":{\"@id\":\"https:\/\/xenonkungen.com\/produkt\/osram-night-breaker-led-smart-h10\/#primaryimage\"},\"image\":{\"@id\":\"https:\/\/xenonkungen.com\/produkt\/osram-night-breaker-led-smart-h10\/#primaryimage\"},\"thumbnailUrl\":\"https:\/\/xenonkungen.com\/wp-content\/uploads\/2025\/06\/Small-for-web-and-ppt-G15131112_LED_FC2_9145DWNBSM-2HB_MiCh_OSRAM_03_Composing.jpg\",\"datePublished\":\"2025-08-25T13:39:17+00:00\",\"dateModified\":\"2026-04-24T16:40:10+00:00\",\"breadcrumb\":{\"@id\":\"https:\/\/xenonkungen.com\/produkt\/osram-night-breaker-led-smart-h10\/#breadcrumb\"},\"inLanguage\":\"fi\",\"potentialAction\":[{\"@type\":\"ReadAction\",\"target\":[\"https:\/\/xenonkungen.com\/produkt\/osram-night-breaker-led-smart-h10\/\"]}]},{\"@type\":\"ImageObject\",\"inLanguage\":\"fi\",\"@id\":\"https:\/\/xenonkungen.com\/produkt\/osram-night-breaker-led-smart-h10\/#primaryimage\",\"url\":\"https:\/\/xenonkungen.com\/wp-content\/uploads\/2025\/06\/Small-for-web-and-ppt-G15131112_LED_FC2_9145DWNBSM-2HB_MiCh_OSRAM_03_Composing.jpg\",\"contentUrl\":\"https:\/\/xenonkungen.com\/wp-content\/uploads\/2025\/06\/Small-for-web-and-ppt-G15131112_LED_FC2_9145DWNBSM-2HB_MiCh_OSRAM_03_Composing.jpg\",\"width\":1024,\"height\":1024},{\"@type\":\"BreadcrumbList\",\"@id\":\"https:\/\/xenonkungen.com\/produkt\/osram-night-breaker-led-smart-h10\/#breadcrumb\",\"itemListElement\":[{\"@type\":\"ListItem\",\"position\":1,\"name\":\"Hem\",\"item\":\"https:\/\/xenonkungen.com\/\"},{\"@type\":\"ListItem\",\"position\":2,\"name\":\"Shop\",\"item\":\"https:\/\/xenonkungen.com\/shop\/\"},{\"@type\":\"ListItem\",\"position\":3,\"name\":\"OSRAM NIGHT BREAKER LED SMART | H10\"}]},{\"@type\":\"WebSite\",\"@id\":\"https:\/\/xenonkungen.com\/#website\",\"url\":\"https:\/\/xenonkungen.com\/\",\"name\":\"Xenonkungen\",\"description\":\"\",\"potentialAction\":[{\"@type\":\"SearchAction\",\"target\":{\"@type\":\"EntryPoint\",\"urlTemplate\":\"https:\/\/xenonkungen.com\/?s={search_term_string}\"},\"query-input\":{\"@type\":\"PropertyValueSpecification\",\"valueRequired\":true,\"valueName\":\"search_term_string\"}}],\"inLanguage\":\"fi\"}]}<\/script>\n<!-- \/ Yoast SEO plugin. -->","yoast_head_json":{"title":"OSRAM NIGHT BREAKER LED SMART | H10 - Ksenonkuningas","robots":{"index":"index","follow":"follow","max-snippet":"max-snippet:-1","max-image-preview":"max-image-preview:large","max-video-preview":"max-video-preview:-1"},"canonical":"https:\/\/xenonkungen.com\/fi\/tuote\/osram-night-breaker-led-smart-h10-polttimo\/","og_locale":"fi_FI","og_type":"article","og_title":"OSRAM NIGHT BREAKER LED SMART | H10 - Xenonkungen","og_description":"OSRAM NIGHT BREAKER LED SMART \u2013 Lagliga LED-dimljus med maximal prestanda Upplev kraften i OSRAM NIGHT BREAKER LED SMART dimljus \u2013 framtidens LED-teknik f\u00f6r dig som vill ha exceptionell ljusstyrka, kompakt format och l\u00e5ng h\u00e5llbarhet. Och det b\u00e4sta av allt? De \u00e4r fullt godk\u00e4nda f\u00f6r anv\u00e4ndning p\u00e5 allm\u00e4n v\u00e4g1. Gl\u00f6m gamla halogenlampor. Med NIGHT BREAKER [&hellip;]","og_url":"https:\/\/xenonkungen.com\/fi\/tuote\/osram-night-breaker-led-smart-h10-polttimo\/","og_site_name":"Xenonkungen","article_modified_time":"2026-04-24T16:40:10+00:00","og_image":[{"width":1024,"height":1024,"url":"https:\/\/xenonkungen.com\/wp-content\/uploads\/2025\/06\/Small-for-web-and-ppt-G15131112_LED_FC2_9145DWNBSM-2HB_MiCh_OSRAM_03_Composing.jpg","type":"image\/jpeg"}],"twitter_card":"summary_large_image","twitter_misc":{"Arvioitu lukuaika":"2 minuuttia"},"schema":{"@context":"https:\/\/schema.org","@graph":[{"@type":"WebPage","@id":"https:\/\/xenonkungen.com\/produkt\/osram-night-breaker-led-smart-h10\/","url":"https:\/\/xenonkungen.com\/produkt\/osram-night-breaker-led-smart-h10\/","name":"OSRAM NIGHT BREAKER LED SMART | H10 - Ksenonkuningas","isPartOf":{"@id":"https:\/\/xenonkungen.com\/#website"},"primaryImageOfPage":{"@id":"https:\/\/xenonkungen.com\/produkt\/osram-night-breaker-led-smart-h10\/#primaryimage"},"image":{"@id":"https:\/\/xenonkungen.com\/produkt\/osram-night-breaker-led-smart-h10\/#primaryimage"},"thumbnailUrl":"https:\/\/xenonkungen.com\/wp-content\/uploads\/2025\/06\/Small-for-web-and-ppt-G15131112_LED_FC2_9145DWNBSM-2HB_MiCh_OSRAM_03_Composing.jpg","datePublished":"2025-08-25T13:39:17+00:00","dateModified":"2026-04-24T16:40:10+00:00","breadcrumb":{"@id":"https:\/\/xenonkungen.com\/produkt\/osram-night-breaker-led-smart-h10\/#breadcrumb"},"inLanguage":"fi","potentialAction":[{"@type":"ReadAction","target":["https:\/\/xenonkungen.com\/produkt\/osram-night-breaker-led-smart-h10\/"]}]},{"@type":"ImageObject","inLanguage":"fi","@id":"https:\/\/xenonkungen.com\/produkt\/osram-night-breaker-led-smart-h10\/#primaryimage","url":"https:\/\/xenonkungen.com\/wp-content\/uploads\/2025\/06\/Small-for-web-and-ppt-G15131112_LED_FC2_9145DWNBSM-2HB_MiCh_OSRAM_03_Composing.jpg","contentUrl":"https:\/\/xenonkungen.com\/wp-content\/uploads\/2025\/06\/Small-for-web-and-ppt-G15131112_LED_FC2_9145DWNBSM-2HB_MiCh_OSRAM_03_Composing.jpg","width":1024,"height":1024},{"@type":"BreadcrumbList","@id":"https:\/\/xenonkungen.com\/produkt\/osram-night-breaker-led-smart-h10\/#breadcrumb","itemListElement":[{"@type":"ListItem","position":1,"name":"Hem","item":"https:\/\/xenonkungen.com\/"},{"@type":"ListItem","position":2,"name":"Shop","item":"https:\/\/xenonkungen.com\/shop\/"},{"@type":"ListItem","position":3,"name":"OSRAM NIGHT BREAKER LED SMART | H10"}]},{"@type":"WebSite","@id":"https:\/\/xenonkungen.com\/#website","url":"https:\/\/xenonkungen.com\/","name":"Xenonkungen","description":"","potentialAction":[{"@type":"SearchAction","target":{"@type":"EntryPoint","urlTemplate":"https:\/\/xenonkungen.com\/?s={search_term_string}"},"query-input":{"@type":"PropertyValueSpecification","valueRequired":true,"valueName":"search_term_string"}}],"inLanguage":"fi"}]}},"taxonomy_info":{"product_brand":[{"value":108,"label":"OSRAM"}],"product_cat":[{"value":2451,"label":"Led-konvertering"},{"value":2633,"label":"OSRAM Ledriving"},{"value":733,"label":"Halvljus \/ Helljus"}],"pa_fargtemperatur":[{"value":188,"label":"6000K"}],"pa_fuktskydd-varde-ipxx":[{"value":1318,"label":"IP54"}],"pa_lampsockel-kontakt":[{"value":738,"label":"H10"}],"pa_volt-v":[{"value":159,"label":"12"}]},"featured_image_src_large":["https:\/\/xenonkungen.com\/wp-content\/uploads\/2025\/06\/Small-for-web-and-ppt-G15131112_LED_FC2_9145DWNBSM-2HB_MiCh_OSRAM_03_Composing.jpg",1024,1024,false],"author_info":[],"comment_info":0,"_links":{"self":[{"href":"https:\/\/xenonkungen.com\/fi\/wp-json\/wp\/v2\/product\/12009","targetHints":{"allow":["GET"]}}],"collection":[{"href":"https:\/\/xenonkungen.com\/fi\/wp-json\/wp\/v2\/product"}],"about":[{"href":"https:\/\/xenonkungen.com\/fi\/wp-json\/wp\/v2\/types\/product"}],"replies":[{"embeddable":true,"href":"https:\/\/xenonkungen.com\/fi\/wp-json\/wp\/v2\/comments?post=12009"}],"wp:featuredmedia":[{"embeddable":true,"href":"https:\/\/xenonkungen.com\/fi\/wp-json\/wp\/v2\/media\/12014"}],"wp:attachment":[{"href":"https:\/\/xenonkungen.com\/fi\/wp-json\/wp\/v2\/media?parent=12009"}],"wp:term":[{"taxonomy":"anvandningsomrade","embeddable":true,"href":"https:\/\/xenonkungen.com\/fi\/wp-json\/wp\/v2\/anvandningsomrade?post=12009"},{"taxonomy":"bilmarken","embeddable":true,"href":"https:\/\/xenonkungen.com\/fi\/wp-json\/wp\/v2\/bilmarken?post=12009"},{"taxonomy":"product_brand","embeddable":true,"href":"https:\/\/xenonkungen.com\/fi\/wp-json\/wp\/v2\/product_brand?post=12009"},{"taxonomy":"product_cat","embeddable":true,"href":"https:\/\/xenonkungen.com\/fi\/wp-json\/wp\/v2\/product_cat?post=12009"},{"taxonomy":"product_tag","embeddable":true,"href":"https:\/\/xenonkungen.com\/fi\/wp-json\/wp\/v2\/product_tag?post=12009"}],"curies":[{"name":"wp","href":"https:\/\/api.w.org\/{rel}","templated":true}]}}