{"id":12020,"date":"2025-08-26T09:50:16","date_gmt":"2025-08-26T09:50:16","guid":{"rendered":"https:\/\/xenonkungen.com\/?post_type=product&#038;p=12020"},"modified":"2025-12-10T14:52:47","modified_gmt":"2025-12-10T13:52:47","slug":"meguiarsin-huippuluokan-keraaminen-pinnoite","status":"publish","type":"product","link":"https:\/\/xenonkungen.com\/fi\/tuote\/meguiarsin-huippuluokan-keraaminen-pinnoite\/","title":{"rendered":"Meguiar's Ultimate Ceramic Coating -keramiikkapinnoite"},"content":{"rendered":"<h1 class=\"product_title entry-title\">Ultimate Keraaminen pinnoite<\/h1>\n<p><strong>Parhaan tuloksen saavuttamiseksi suosittelemme, ett\u00e4 maalipinta on parhaassa mahdollisessa kunnossa ennen k\u00e4ytt\u00f6\u00e4.<\/strong><\/p>\n<p><strong>Tee kolmivaiheinen kiillotus (savi, hankaus ja kiillotus) ennen levityst\u00e4 parhaan tartunnan ja viimeistelyn varmistamiseksi.<\/strong><\/p>\n<p>OHJEET: PESU HYVIN Pese ja kuivaa ajoneuvo huolellisesti ennen levitt\u00e4mist\u00e4. Levit\u00e4 varjossa, viileille pinnoille. Jos pinta on levityshetkell\u00e4 l\u00e4mmin, lopputulos on ep\u00e4tasainen. Suosittelemme k\u00e4ytt\u00e4m\u00e4\u00e4n korkealaatuista mikrokuitua, kuten Meguiar's\u00ae Supreme Shine\u2122 &amp; Even Coat Microfibre Applicator Pads.<\/p>\n<ol>\n<li>Suihkuta tuote mikrokuituiseen applikaattoriin, kuten esim.\u00a0<a href=\"https:\/\/xenonkungen.com\/produkt\/meguiars-even-coat-applicator-pads-2-pack\/\">Meguiar's X3080<\/a>. Suosittelemme, ett\u00e4 teet yhden paneelin kerrallaan.<\/li>\n<li>Levit\u00e4 tuote hihnapy\u00f6r\u00e4n avulla kevyesti tai kohtalaisesti painamalla levyn yli ristikk\u00e4in. T\u00e4m\u00e4 vaihe k\u00e4ynnist\u00e4\u00e4 kovettumisprosessin.<\/li>\n<li>Odota noin 15 sekuntia ja pyyhi tuote puhtaalla mikrokuituliinalla, kun olet levitt\u00e4nyt sen pinnalle.<\/li>\n<li>Jatka t\u00e4t\u00e4 prosessia koko ajoneuvossa.<\/li>\n<li>Pese kaikki mikrokuituliinat ja hihnapy\u00f6r\u00e4t v\u00e4litt\u00f6m\u00e4sti k\u00e4sittelyn j\u00e4lkeen.<\/li>\n<\/ol>\n<p>Voit k\u00e4ytt\u00e4\u00e4 t\u00e4t\u00e4 tuotetta my\u00f6s muille ulkopinnoille, kuten muovilistoille, tarroille, maalin suojakalvoille (PPF) ja vanteille. Noudata samaa menettely\u00e4 n\u00e4ille muille ulkopinnoille. Kest\u00e4vyys vaihtelee pinnan alkuper\u00e4isen kunnon mukaan.<\/p>\n<p><strong>HUOLTO:<\/strong><\/p>\n<p>Ajoneuvon peseminen usein takaa mahdollisimman pitk\u00e4n kest\u00e4vyyden. Pese ajoneuvo pH-tasapainotetuilla autoshampoilla, kuten Meguiar's\u00ae Ultimate Wash &amp; Wax tai Meguiar's\u00ae Hybrid Ceramic Wash &amp; Wax.<\/p>\n<p>Varmistaaksesi, ett\u00e4 Ultimate Ceramic Coating -p\u00e4\u00e4llyste s\u00e4ilytt\u00e4\u00e4 pintansa mahdollisimman pitk\u00e4\u00e4n, k\u00e4yt\u00e4 vain ensiluokkaisia huoltotuotteita, kuten Meguiar's\u00ae Ultimate Quik Detailer\u2122 tai Meguiar's\u00ae Hybrid Ceramic Detailer, niin usein kuin haluat.<\/p>\n<p><strong><em>VAROITUS:<\/em><\/strong>\u00a0Kun maali on k\u00e4sitelty Ultimate Ceramic Coating -maalilla, \u00e4l\u00e4 k\u00e4yt\u00e4 autoosi savea, kiillotusaineita, hankausvahoja, nestem\u00e4isi\u00e4 vahoja tai tahnavahoja, sill\u00e4 ne poistavat tai v\u00e4hent\u00e4v\u00e4t pinnoitteen vaikutusta.<\/p>\n<p><strong>K\u00c4YTT\u00d6OHJEET:<\/strong> Suihkuta, levit\u00e4 ja pyyhi pois. \u00c4l\u00e4 annostele liikaa - yksi pullo riitt\u00e4\u00e4 nelj\u00e4lle keskikokoiselle ajoneuvolle! Ei suositella matta- tai satiinimaaleille, koska se tuottaa ei-toivottua kiiltoa.<\/p>\n<p><strong>Sis\u00e4lt\u00f6:<\/strong> 236 ml<\/p>\n<p><h2>V\u00e4rikoodaus<\/h2>\n<p><a href=\"https:\/\/meguiars.se\/wp-content\/uploads\/2024\/03\/Label-MeguiarsUltimateCeramicCoatingG2401_1.0_66423-5.pdf\" target=\"_blank\" rel=\"noopener\">https:\/\/meguiars.se\/wp-content\/uploads\/2024\/03\/Label-MeguiarsUltimateCeramicCoatingG2401_1.0_66423-5.pdf<\/a><\/p>","protected":false},"excerpt":{"rendered":"<p>Meguiar's Ultimate Ceramic Coating - Patentoitu teknologia kovettaa tuotteen kiinte\u00e4ksi esteeksi, joka muistuttaa ammattimaista keraamista maalisuojaa!<\/p>\n<ul>\n<li>Uskomaton vedenpit\u00e4vyys ja poikkeuksellinen kest\u00e4vyys.<\/li>\n<li>Lis\u00e4\u00e4 kiiltoa ja sileytt\u00e4 - ja piilottaa virheet helpommin.<\/li>\n<li>Kehitetty ensisijaisesti ulkomaaleille, mutta toimii hyvin my\u00f6s muoviosille, tarroille, PPF:lle ja vanteille.<\/li>\n<\/ul>","protected":false},"featured_media":12021,"comment_status":"open","ping_status":"closed","template":"","meta":{"_acf_changed":false,"_smort_price_nok":"458","_smort_price_dkk":"291","_smort_price_eur":"39","_smort_sale_price_nok":"","_smort_sale_price_dkk":"","_smort_sale_price_eur":"","smort_restorder":"","shipmondo_restorder":"","_kad_blocks_custom_css":"","_kad_blocks_head_custom_js":"","_kad_blocks_body_custom_js":"","_kad_blocks_footer_custom_js":"","smort_custom_pricelist_1":"274.56","smort_custom_pricelist_2":"274.56","smort_custom_pricelist_3":"240.24","smort_custom_pricelist_4":"343.2","smort_custom_pricelist_5":"274.56"},"anvandningsomrade":[],"bilmarken":[],"product_brand":[1383],"product_cat":[2614,378],"product_tag":[],"class_list":{"0":"post-12020","1":"product","2":"type-product","3":"status-publish","4":"has-post-thumbnail","6":"product_brand-meguiars","7":"product_cat-lackskydd","8":"product_cat-bilvard","10":"first","11":"onbackorder","12":"taxable","13":"shipping-taxable","14":"purchasable","15":"product-type-simple"},"bundled_by":[],"bundle_stock_status":"onbackorder","bundle_stock_quantity":0,"bundle_virtual":false,"bundle_layout":"","bundle_add_to_cart_form_location":"","bundle_editable_in_cart":false,"bundle_sold_individually_context":"","bundle_item_grouping":"","bundle_min_size":"","bundle_max_size":"","bundle_price":[],"bundled_items":[],"bundle_sell_ids":[],"acf":[],"yoast_head":"<!-- This site is optimized with the Yoast SEO plugin v27.0 - https:\/\/yoast.com\/product\/yoast-seo-wordpress\/ -->\n<title>Meguiar\u2019s Ultimate Ceramic Coating - Xenonkungen<\/title>\n<meta name=\"robots\" content=\"index, follow, max-snippet:-1, max-image-preview:large, max-video-preview:-1\" \/>\n<link rel=\"canonical\" href=\"https:\/\/xenonkungen.com\/fi\/tuote\/meguiarsin-huippuluokan-keraaminen-pinnoite\/\" \/>\n<meta property=\"og:locale\" content=\"fi_FI\" \/>\n<meta property=\"og:type\" content=\"article\" \/>\n<meta property=\"og:title\" content=\"Meguiar\u2019s Ultimate Ceramic Coating - Xenonkungen\" \/>\n<meta property=\"og:description\" content=\"Meguiar\u2019s Ultimate Ceramic Coating \u2013 Patenterad teknologi h\u00e4rdar produkten till en solid barri\u00e4r liknande professionella keramiska lackskydd!   Otroligt vattenavst\u00f6tande med exceptionell h\u00e5llbarhet  \u00d6kar glans och sl\u00e4thet \u2013 samtidigt d\u00f6ljs l\u00e4ttare defekter  Prim\u00e4rt utvecklad f\u00f6r exteri\u00f6r lack men fungerar \u00e4ven bra p\u00e5 plastdetaljer, dekaler, PPF och f\u00e4lgar\" \/>\n<meta property=\"og:url\" content=\"https:\/\/xenonkungen.com\/fi\/tuote\/meguiarsin-huippuluokan-keraaminen-pinnoite\/\" \/>\n<meta property=\"og:site_name\" content=\"Xenonkungen\" \/>\n<meta property=\"article:modified_time\" content=\"2025-12-10T13:52:47+00:00\" \/>\n<meta property=\"og:image\" content=\"https:\/\/xenonkungen.com\/wp-content\/uploads\/2025\/06\/G240108_UltimateCeramicCoating_Fr_10x10-2.png\" \/>\n\t<meta property=\"og:image:width\" content=\"2048\" \/>\n\t<meta property=\"og:image:height\" content=\"2048\" \/>\n\t<meta property=\"og:image:type\" content=\"image\/png\" \/>\n<meta name=\"twitter:card\" content=\"summary_large_image\" \/>\n<meta name=\"twitter:label1\" content=\"Arvioitu lukuaika\" \/>\n\t<meta name=\"twitter:data1\" content=\"2 minuuttia\" \/>\n<script type=\"application\/ld+json\" class=\"yoast-schema-graph\">{\"@context\":\"https:\/\/schema.org\",\"@graph\":[{\"@type\":\"WebPage\",\"@id\":\"https:\/\/xenonkungen.com\/produkt\/meguiars-ultimate-ceramic-coating\/\",\"url\":\"https:\/\/xenonkungen.com\/produkt\/meguiars-ultimate-ceramic-coating\/\",\"name\":\"Meguiar\u2019s Ultimate Ceramic Coating - Xenonkungen\",\"isPartOf\":{\"@id\":\"https:\/\/xenonkungen.com\/#website\"},\"primaryImageOfPage\":{\"@id\":\"https:\/\/xenonkungen.com\/produkt\/meguiars-ultimate-ceramic-coating\/#primaryimage\"},\"image\":{\"@id\":\"https:\/\/xenonkungen.com\/produkt\/meguiars-ultimate-ceramic-coating\/#primaryimage\"},\"thumbnailUrl\":\"https:\/\/xenonkungen.com\/wp-content\/uploads\/2025\/06\/G240108_UltimateCeramicCoating_Fr_10x10-2.png\",\"datePublished\":\"2025-08-26T09:50:16+00:00\",\"dateModified\":\"2025-12-10T13:52:47+00:00\",\"breadcrumb\":{\"@id\":\"https:\/\/xenonkungen.com\/produkt\/meguiars-ultimate-ceramic-coating\/#breadcrumb\"},\"inLanguage\":\"fi\",\"potentialAction\":[{\"@type\":\"ReadAction\",\"target\":[\"https:\/\/xenonkungen.com\/produkt\/meguiars-ultimate-ceramic-coating\/\"]}]},{\"@type\":\"ImageObject\",\"inLanguage\":\"fi\",\"@id\":\"https:\/\/xenonkungen.com\/produkt\/meguiars-ultimate-ceramic-coating\/#primaryimage\",\"url\":\"https:\/\/xenonkungen.com\/wp-content\/uploads\/2025\/06\/G240108_UltimateCeramicCoating_Fr_10x10-2.png\",\"contentUrl\":\"https:\/\/xenonkungen.com\/wp-content\/uploads\/2025\/06\/G240108_UltimateCeramicCoating_Fr_10x10-2.png\",\"width\":2048,\"height\":2048},{\"@type\":\"BreadcrumbList\",\"@id\":\"https:\/\/xenonkungen.com\/produkt\/meguiars-ultimate-ceramic-coating\/#breadcrumb\",\"itemListElement\":[{\"@type\":\"ListItem\",\"position\":1,\"name\":\"Hem\",\"item\":\"https:\/\/xenonkungen.com\/\"},{\"@type\":\"ListItem\",\"position\":2,\"name\":\"Shop\",\"item\":\"https:\/\/xenonkungen.com\/shop\/\"},{\"@type\":\"ListItem\",\"position\":3,\"name\":\"Meguiar\u2019s Ultimate Ceramic Coating\"}]},{\"@type\":\"WebSite\",\"@id\":\"https:\/\/xenonkungen.com\/#website\",\"url\":\"https:\/\/xenonkungen.com\/\",\"name\":\"Xenonkungen\",\"description\":\"\",\"potentialAction\":[{\"@type\":\"SearchAction\",\"target\":{\"@type\":\"EntryPoint\",\"urlTemplate\":\"https:\/\/xenonkungen.com\/?s={search_term_string}\"},\"query-input\":{\"@type\":\"PropertyValueSpecification\",\"valueRequired\":true,\"valueName\":\"search_term_string\"}}],\"inLanguage\":\"fi\"}]}<\/script>\n<!-- \/ Yoast SEO plugin. -->","yoast_head_json":{"title":"Meguiar&#039;sin Ultimate Ceramic Coating - Ksenonkuningas","robots":{"index":"index","follow":"follow","max-snippet":"max-snippet:-1","max-image-preview":"max-image-preview:large","max-video-preview":"max-video-preview:-1"},"canonical":"https:\/\/xenonkungen.com\/fi\/tuote\/meguiarsin-huippuluokan-keraaminen-pinnoite\/","og_locale":"fi_FI","og_type":"article","og_title":"Meguiar\u2019s Ultimate Ceramic Coating - Xenonkungen","og_description":"Meguiar\u2019s Ultimate Ceramic Coating \u2013 Patenterad teknologi h\u00e4rdar produkten till en solid barri\u00e4r liknande professionella keramiska lackskydd!   Otroligt vattenavst\u00f6tande med exceptionell h\u00e5llbarhet  \u00d6kar glans och sl\u00e4thet \u2013 samtidigt d\u00f6ljs l\u00e4ttare defekter  Prim\u00e4rt utvecklad f\u00f6r exteri\u00f6r lack men fungerar \u00e4ven bra p\u00e5 plastdetaljer, dekaler, PPF och f\u00e4lgar","og_url":"https:\/\/xenonkungen.com\/fi\/tuote\/meguiarsin-huippuluokan-keraaminen-pinnoite\/","og_site_name":"Xenonkungen","article_modified_time":"2025-12-10T13:52:47+00:00","og_image":[{"width":2048,"height":2048,"url":"https:\/\/xenonkungen.com\/wp-content\/uploads\/2025\/06\/G240108_UltimateCeramicCoating_Fr_10x10-2.png","type":"image\/png"}],"twitter_card":"summary_large_image","twitter_misc":{"Arvioitu lukuaika":"2 minuuttia"},"schema":{"@context":"https:\/\/schema.org","@graph":[{"@type":"WebPage","@id":"https:\/\/xenonkungen.com\/produkt\/meguiars-ultimate-ceramic-coating\/","url":"https:\/\/xenonkungen.com\/produkt\/meguiars-ultimate-ceramic-coating\/","name":"Meguiar&#039;sin Ultimate Ceramic Coating - Ksenonkuningas","isPartOf":{"@id":"https:\/\/xenonkungen.com\/#website"},"primaryImageOfPage":{"@id":"https:\/\/xenonkungen.com\/produkt\/meguiars-ultimate-ceramic-coating\/#primaryimage"},"image":{"@id":"https:\/\/xenonkungen.com\/produkt\/meguiars-ultimate-ceramic-coating\/#primaryimage"},"thumbnailUrl":"https:\/\/xenonkungen.com\/wp-content\/uploads\/2025\/06\/G240108_UltimateCeramicCoating_Fr_10x10-2.png","datePublished":"2025-08-26T09:50:16+00:00","dateModified":"2025-12-10T13:52:47+00:00","breadcrumb":{"@id":"https:\/\/xenonkungen.com\/produkt\/meguiars-ultimate-ceramic-coating\/#breadcrumb"},"inLanguage":"fi","potentialAction":[{"@type":"ReadAction","target":["https:\/\/xenonkungen.com\/produkt\/meguiars-ultimate-ceramic-coating\/"]}]},{"@type":"ImageObject","inLanguage":"fi","@id":"https:\/\/xenonkungen.com\/produkt\/meguiars-ultimate-ceramic-coating\/#primaryimage","url":"https:\/\/xenonkungen.com\/wp-content\/uploads\/2025\/06\/G240108_UltimateCeramicCoating_Fr_10x10-2.png","contentUrl":"https:\/\/xenonkungen.com\/wp-content\/uploads\/2025\/06\/G240108_UltimateCeramicCoating_Fr_10x10-2.png","width":2048,"height":2048},{"@type":"BreadcrumbList","@id":"https:\/\/xenonkungen.com\/produkt\/meguiars-ultimate-ceramic-coating\/#breadcrumb","itemListElement":[{"@type":"ListItem","position":1,"name":"Hem","item":"https:\/\/xenonkungen.com\/"},{"@type":"ListItem","position":2,"name":"Shop","item":"https:\/\/xenonkungen.com\/shop\/"},{"@type":"ListItem","position":3,"name":"Meguiar\u2019s Ultimate Ceramic Coating"}]},{"@type":"WebSite","@id":"https:\/\/xenonkungen.com\/#website","url":"https:\/\/xenonkungen.com\/","name":"Xenonkungen","description":"","potentialAction":[{"@type":"SearchAction","target":{"@type":"EntryPoint","urlTemplate":"https:\/\/xenonkungen.com\/?s={search_term_string}"},"query-input":{"@type":"PropertyValueSpecification","valueRequired":true,"valueName":"search_term_string"}}],"inLanguage":"fi"}]}},"taxonomy_info":{"product_brand":[{"value":1383,"label":"Meguiar's"}],"product_cat":[{"value":2614,"label":"4 | Bilvax &amp; Lackskydd"},{"value":378,"label":"Bilv\u00e5rd"}]},"featured_image_src_large":["https:\/\/xenonkungen.com\/wp-content\/uploads\/2025\/06\/G240108_UltimateCeramicCoating_Fr_10x10-2-1024x1024.png",1024,1024,true],"author_info":[],"comment_info":0,"_links":{"self":[{"href":"https:\/\/xenonkungen.com\/fi\/wp-json\/wp\/v2\/product\/12020","targetHints":{"allow":["GET"]}}],"collection":[{"href":"https:\/\/xenonkungen.com\/fi\/wp-json\/wp\/v2\/product"}],"about":[{"href":"https:\/\/xenonkungen.com\/fi\/wp-json\/wp\/v2\/types\/product"}],"replies":[{"embeddable":true,"href":"https:\/\/xenonkungen.com\/fi\/wp-json\/wp\/v2\/comments?post=12020"}],"wp:featuredmedia":[{"embeddable":true,"href":"https:\/\/xenonkungen.com\/fi\/wp-json\/wp\/v2\/media\/12021"}],"wp:attachment":[{"href":"https:\/\/xenonkungen.com\/fi\/wp-json\/wp\/v2\/media?parent=12020"}],"wp:term":[{"taxonomy":"anvandningsomrade","embeddable":true,"href":"https:\/\/xenonkungen.com\/fi\/wp-json\/wp\/v2\/anvandningsomrade?post=12020"},{"taxonomy":"bilmarken","embeddable":true,"href":"https:\/\/xenonkungen.com\/fi\/wp-json\/wp\/v2\/bilmarken?post=12020"},{"taxonomy":"product_brand","embeddable":true,"href":"https:\/\/xenonkungen.com\/fi\/wp-json\/wp\/v2\/product_brand?post=12020"},{"taxonomy":"product_cat","embeddable":true,"href":"https:\/\/xenonkungen.com\/fi\/wp-json\/wp\/v2\/product_cat?post=12020"},{"taxonomy":"product_tag","embeddable":true,"href":"https:\/\/xenonkungen.com\/fi\/wp-json\/wp\/v2\/product_tag?post=12020"}],"curies":[{"name":"wp","href":"https:\/\/api.w.org\/{rel}","templated":true}]}}