{"id":12023,"date":"2025-08-26T09:40:18","date_gmt":"2025-08-26T09:40:18","guid":{"rendered":"https:\/\/xenonkungen.com\/?post_type=product&#038;p=12023"},"modified":"2026-04-11T01:17:55","modified_gmt":"2026-04-11T00:17:55","slug":"meguiarsin-lopullinen-lasinpuhdistusaine-vettahylkiva","status":"publish","type":"product","link":"https:\/\/xenonkungen.com\/fi\/tuote\/meguiarsin-lopullinen-lasinpuhdistusaine-vettahylkiva\/","title":{"rendered":"Meguiar's Ultimate Glass Cleaner &amp; Water Repellent - lasinpuhdistusaine ja vedenkestoaine"},"content":{"rendered":"<h2>Huippuluokan lasinpuhdistusaine ja vett\u00e4hylkiv\u00e4<\/h2>\n<p>OHJEET: Liekitt\u00f6m\u00e4n lopputuloksen saavuttamiseksi k\u00e4yt\u00e4 viileill\u00e4 pinnoilla ja noudata ohjeita. Vain ulkolasille.<\/p>\n<ol>\n<li>Suihkuta suoraan lasille, yksi osa kerrallaan.<\/li>\n<li>Suihkuta tuotetta ja pyyhi lika ja p\u00f6ly pois korkealaatuisella mikrokuituliinalla.<\/li>\n<li>K\u00e4\u00e4nn\u00e4 liina puhtaalle ja kuivalle alueelle ja pyyhi, kunnes pinta on kirkas ja liekit\u00f6n.<\/li>\n<li>Jos pinta tuntuu hilseilev\u00e4lt\u00e4, toista vaiheet 1 ja 2, mutta k\u00e4yt\u00e4 viimeiseen pyyhkimiseen uutta, kuivaa mikrokuituliinan.<\/li>\n<\/ol>\n<p>Muista pyyhki\u00e4 kaikki roiskeet l\u00e4hell\u00e4 olevilla pinnoilla mikrokuituliinalla.<\/p>\n<p><strong>AMMATTILAISVINKKEJ\u00c4<\/strong>Voidaan k\u00e4ytt\u00e4\u00e4 ajoneuvon ulkopuolella olevissa kamera- ja anturikoteloissa, joissa on lasisuojus.<\/p>\n<p><strong>Sis\u00e4lt\u00f6:<\/strong> 473 ml<\/p>\n<p>&nbsp;<\/p>\n<h2>V\u00c4RI-ILMOITUS<\/h2>\n<p><a href=\"https:\/\/meguiars.se\/wp-content\/uploads\/2024\/08\/MeguiarsUltimateGlassCleanerandWaterRepellentG2404_1.0_66424.pdf\" target=\"_blank\" rel=\"noopener\"><br \/>\nKatso k\u00e4ytt\u00f6turvallisuustiedote (PDF)<br \/>\n<\/a><\/p>\n<p>&nbsp;<\/p>","protected":false},"excerpt":{"rendered":"<h3>Puhdista ja k\u00e4sittele lasi yhdell\u00e4 kertaa!<\/h3>\n<ul>\n<li>Parantaa n\u00e4kyvyytt\u00e4 sateisilla keleill\u00e4<\/li>\n<li>Hylkii likaa ja j\u00e4tt\u00e4\u00e4 puhtaan pinnan<\/li>\n<li>Muodostaa vett\u00e4 hylkiv\u00e4n pinnan<\/li>\n<\/ul>","protected":false},"featured_media":12027,"comment_status":"open","ping_status":"closed","template":"","meta":{"_acf_changed":false,"_smort_price_nok":"180","_smort_price_dkk":"155","_smort_price_eur":"20.82","_smort_sale_price_nok":"180","_smort_sale_price_dkk":"","_smort_sale_price_eur":"","smort_restorder":"","shipmondo_restorder":"","_kad_blocks_custom_css":"","_kad_blocks_head_custom_js":"","_kad_blocks_body_custom_js":"","_kad_blocks_footer_custom_js":"","smort_custom_pricelist_1":"146.56","smort_custom_pricelist_2":"146.56","smort_custom_pricelist_3":"128.24","smort_custom_pricelist_4":"183.2","smort_custom_pricelist_5":"146.56"},"anvandningsomrade":[],"bilmarken":[],"product_brand":[1383],"product_cat":[2614,2618,378,1402],"product_tag":[],"class_list":{"0":"post-12023","1":"product","2":"type-product","3":"status-publish","4":"has-post-thumbnail","6":"product_brand-meguiars","7":"product_cat-lackskydd","8":"product_cat-interior","9":"product_cat-bilvard","10":"product_cat-outlet","12":"first","13":"instock","14":"sale","15":"taxable","16":"shipping-taxable","17":"purchasable","18":"product-type-simple"},"bundled_by":[],"bundle_stock_status":"instock","bundle_stock_quantity":1,"bundle_virtual":false,"bundle_layout":"","bundle_add_to_cart_form_location":"","bundle_editable_in_cart":false,"bundle_sold_individually_context":"","bundle_item_grouping":"","bundle_min_size":"","bundle_max_size":"","bundle_price":[],"bundled_items":[],"bundle_sell_ids":[],"acf":[],"yoast_head":"<!-- This site is optimized with the Yoast SEO plugin v27.0 - https:\/\/yoast.com\/product\/yoast-seo-wordpress\/ -->\n<title>Meguiar\u2019s Ultimate Glass Cleaner &amp; Water Repellent - Xenonkungen<\/title>\n<meta name=\"robots\" content=\"index, follow, max-snippet:-1, max-image-preview:large, max-video-preview:-1\" \/>\n<link rel=\"canonical\" href=\"https:\/\/xenonkungen.com\/fi\/tuote\/meguiarsin-lopullinen-lasinpuhdistusaine-vettahylkiva\/\" \/>\n<meta property=\"og:locale\" content=\"fi_FI\" \/>\n<meta property=\"og:type\" content=\"article\" \/>\n<meta property=\"og:title\" content=\"Meguiar\u2019s Ultimate Glass Cleaner &amp; Water Repellent - Xenonkungen\" \/>\n<meta property=\"og:description\" content=\"Reng\u00f6r &amp; behandla glas i ett steg!   F\u00f6rb\u00e4ttrar sikten i regniga f\u00f6rh\u00e5llanden  Motverkar smuts och l\u00e4mnar en klar yta  Ger en hydrofob yta som st\u00f6ter bort vatten\" \/>\n<meta property=\"og:url\" content=\"https:\/\/xenonkungen.com\/fi\/tuote\/meguiarsin-lopullinen-lasinpuhdistusaine-vettahylkiva\/\" \/>\n<meta property=\"og:site_name\" content=\"Xenonkungen\" \/>\n<meta property=\"article:modified_time\" content=\"2026-04-11T00:17:55+00:00\" \/>\n<meta property=\"og:image\" content=\"https:\/\/xenonkungen.com\/wp-content\/uploads\/2025\/06\/800-G240416_UltimateGlassCleanerWaterRepellent_Hero_10x10-600x600-1.png\" \/>\n\t<meta property=\"og:image:width\" content=\"600\" \/>\n\t<meta property=\"og:image:height\" content=\"600\" \/>\n\t<meta property=\"og:image:type\" content=\"image\/png\" \/>\n<meta name=\"twitter:card\" content=\"summary_large_image\" \/>\n<meta name=\"twitter:label1\" content=\"Arvioitu lukuaika\" \/>\n\t<meta name=\"twitter:data1\" content=\"1 minuutti\" \/>\n<script type=\"application\/ld+json\" class=\"yoast-schema-graph\">{\"@context\":\"https:\/\/schema.org\",\"@graph\":[{\"@type\":\"WebPage\",\"@id\":\"https:\/\/xenonkungen.com\/produkt\/meguiars-ultimate-glass-cleaner-water-repellent\/\",\"url\":\"https:\/\/xenonkungen.com\/produkt\/meguiars-ultimate-glass-cleaner-water-repellent\/\",\"name\":\"Meguiar\u2019s Ultimate Glass Cleaner & Water Repellent - Xenonkungen\",\"isPartOf\":{\"@id\":\"https:\/\/xenonkungen.com\/#website\"},\"primaryImageOfPage\":{\"@id\":\"https:\/\/xenonkungen.com\/produkt\/meguiars-ultimate-glass-cleaner-water-repellent\/#primaryimage\"},\"image\":{\"@id\":\"https:\/\/xenonkungen.com\/produkt\/meguiars-ultimate-glass-cleaner-water-repellent\/#primaryimage\"},\"thumbnailUrl\":\"https:\/\/xenonkungen.com\/wp-content\/uploads\/2025\/06\/800-G240416_UltimateGlassCleanerWaterRepellent_Hero_10x10-600x600-1.png\",\"datePublished\":\"2025-08-26T09:40:18+00:00\",\"dateModified\":\"2026-04-11T00:17:55+00:00\",\"breadcrumb\":{\"@id\":\"https:\/\/xenonkungen.com\/produkt\/meguiars-ultimate-glass-cleaner-water-repellent\/#breadcrumb\"},\"inLanguage\":\"fi\",\"potentialAction\":[{\"@type\":\"ReadAction\",\"target\":[\"https:\/\/xenonkungen.com\/produkt\/meguiars-ultimate-glass-cleaner-water-repellent\/\"]}]},{\"@type\":\"ImageObject\",\"inLanguage\":\"fi\",\"@id\":\"https:\/\/xenonkungen.com\/produkt\/meguiars-ultimate-glass-cleaner-water-repellent\/#primaryimage\",\"url\":\"https:\/\/xenonkungen.com\/wp-content\/uploads\/2025\/06\/800-G240416_UltimateGlassCleanerWaterRepellent_Hero_10x10-600x600-1.png\",\"contentUrl\":\"https:\/\/xenonkungen.com\/wp-content\/uploads\/2025\/06\/800-G240416_UltimateGlassCleanerWaterRepellent_Hero_10x10-600x600-1.png\",\"width\":600,\"height\":600},{\"@type\":\"BreadcrumbList\",\"@id\":\"https:\/\/xenonkungen.com\/produkt\/meguiars-ultimate-glass-cleaner-water-repellent\/#breadcrumb\",\"itemListElement\":[{\"@type\":\"ListItem\",\"position\":1,\"name\":\"Hem\",\"item\":\"https:\/\/xenonkungen.com\/\"},{\"@type\":\"ListItem\",\"position\":2,\"name\":\"Shop\",\"item\":\"https:\/\/xenonkungen.com\/shop\/\"},{\"@type\":\"ListItem\",\"position\":3,\"name\":\"Meguiar\u2019s Ultimate Glass Cleaner &#038; Water Repellent\"}]},{\"@type\":\"WebSite\",\"@id\":\"https:\/\/xenonkungen.com\/#website\",\"url\":\"https:\/\/xenonkungen.com\/\",\"name\":\"Xenonkungen\",\"description\":\"\",\"potentialAction\":[{\"@type\":\"SearchAction\",\"target\":{\"@type\":\"EntryPoint\",\"urlTemplate\":\"https:\/\/xenonkungen.com\/?s={search_term_string}\"},\"query-input\":{\"@type\":\"PropertyValueSpecification\",\"valueRequired\":true,\"valueName\":\"search_term_string\"}}],\"inLanguage\":\"fi\"}]}<\/script>\n<!-- \/ Yoast SEO plugin. -->","yoast_head_json":{"title":"Meguiar&#039;sin Ultimate Lasinpuhdistusaine ja Vett\u00e4hylkiv\u00e4 - Xenon King","robots":{"index":"index","follow":"follow","max-snippet":"max-snippet:-1","max-image-preview":"max-image-preview:large","max-video-preview":"max-video-preview:-1"},"canonical":"https:\/\/xenonkungen.com\/fi\/tuote\/meguiarsin-lopullinen-lasinpuhdistusaine-vettahylkiva\/","og_locale":"fi_FI","og_type":"article","og_title":"Meguiar\u2019s Ultimate Glass Cleaner & Water Repellent - Xenonkungen","og_description":"Reng\u00f6r &amp; behandla glas i ett steg!   F\u00f6rb\u00e4ttrar sikten i regniga f\u00f6rh\u00e5llanden  Motverkar smuts och l\u00e4mnar en klar yta  Ger en hydrofob yta som st\u00f6ter bort vatten","og_url":"https:\/\/xenonkungen.com\/fi\/tuote\/meguiarsin-lopullinen-lasinpuhdistusaine-vettahylkiva\/","og_site_name":"Xenonkungen","article_modified_time":"2026-04-11T00:17:55+00:00","og_image":[{"width":600,"height":600,"url":"https:\/\/xenonkungen.com\/wp-content\/uploads\/2025\/06\/800-G240416_UltimateGlassCleanerWaterRepellent_Hero_10x10-600x600-1.png","type":"image\/png"}],"twitter_card":"summary_large_image","twitter_misc":{"Arvioitu lukuaika":"1 minuutti"},"schema":{"@context":"https:\/\/schema.org","@graph":[{"@type":"WebPage","@id":"https:\/\/xenonkungen.com\/produkt\/meguiars-ultimate-glass-cleaner-water-repellent\/","url":"https:\/\/xenonkungen.com\/produkt\/meguiars-ultimate-glass-cleaner-water-repellent\/","name":"Meguiar&#039;sin Ultimate Lasinpuhdistusaine ja Vett\u00e4hylkiv\u00e4 - Xenon King","isPartOf":{"@id":"https:\/\/xenonkungen.com\/#website"},"primaryImageOfPage":{"@id":"https:\/\/xenonkungen.com\/produkt\/meguiars-ultimate-glass-cleaner-water-repellent\/#primaryimage"},"image":{"@id":"https:\/\/xenonkungen.com\/produkt\/meguiars-ultimate-glass-cleaner-water-repellent\/#primaryimage"},"thumbnailUrl":"https:\/\/xenonkungen.com\/wp-content\/uploads\/2025\/06\/800-G240416_UltimateGlassCleanerWaterRepellent_Hero_10x10-600x600-1.png","datePublished":"2025-08-26T09:40:18+00:00","dateModified":"2026-04-11T00:17:55+00:00","breadcrumb":{"@id":"https:\/\/xenonkungen.com\/produkt\/meguiars-ultimate-glass-cleaner-water-repellent\/#breadcrumb"},"inLanguage":"fi","potentialAction":[{"@type":"ReadAction","target":["https:\/\/xenonkungen.com\/produkt\/meguiars-ultimate-glass-cleaner-water-repellent\/"]}]},{"@type":"ImageObject","inLanguage":"fi","@id":"https:\/\/xenonkungen.com\/produkt\/meguiars-ultimate-glass-cleaner-water-repellent\/#primaryimage","url":"https:\/\/xenonkungen.com\/wp-content\/uploads\/2025\/06\/800-G240416_UltimateGlassCleanerWaterRepellent_Hero_10x10-600x600-1.png","contentUrl":"https:\/\/xenonkungen.com\/wp-content\/uploads\/2025\/06\/800-G240416_UltimateGlassCleanerWaterRepellent_Hero_10x10-600x600-1.png","width":600,"height":600},{"@type":"BreadcrumbList","@id":"https:\/\/xenonkungen.com\/produkt\/meguiars-ultimate-glass-cleaner-water-repellent\/#breadcrumb","itemListElement":[{"@type":"ListItem","position":1,"name":"Hem","item":"https:\/\/xenonkungen.com\/"},{"@type":"ListItem","position":2,"name":"Shop","item":"https:\/\/xenonkungen.com\/shop\/"},{"@type":"ListItem","position":3,"name":"Meguiar\u2019s Ultimate Glass Cleaner &#038; Water Repellent"}]},{"@type":"WebSite","@id":"https:\/\/xenonkungen.com\/#website","url":"https:\/\/xenonkungen.com\/","name":"Xenonkungen","description":"","potentialAction":[{"@type":"SearchAction","target":{"@type":"EntryPoint","urlTemplate":"https:\/\/xenonkungen.com\/?s={search_term_string}"},"query-input":{"@type":"PropertyValueSpecification","valueRequired":true,"valueName":"search_term_string"}}],"inLanguage":"fi"}]}},"taxonomy_info":{"product_brand":[{"value":1383,"label":"Meguiar's"}],"product_cat":[{"value":2614,"label":"4 | Bilvax &amp; Lackskydd"},{"value":2618,"label":"Interi\u00f6r"},{"value":378,"label":"Bilv\u00e5rd"},{"value":1402,"label":"Outlet"}]},"featured_image_src_large":["https:\/\/xenonkungen.com\/wp-content\/uploads\/2025\/06\/800-G240416_UltimateGlassCleanerWaterRepellent_Hero_10x10-600x600-1.png",600,600,false],"author_info":[],"comment_info":0,"_links":{"self":[{"href":"https:\/\/xenonkungen.com\/fi\/wp-json\/wp\/v2\/product\/12023","targetHints":{"allow":["GET"]}}],"collection":[{"href":"https:\/\/xenonkungen.com\/fi\/wp-json\/wp\/v2\/product"}],"about":[{"href":"https:\/\/xenonkungen.com\/fi\/wp-json\/wp\/v2\/types\/product"}],"replies":[{"embeddable":true,"href":"https:\/\/xenonkungen.com\/fi\/wp-json\/wp\/v2\/comments?post=12023"}],"wp:featuredmedia":[{"embeddable":true,"href":"https:\/\/xenonkungen.com\/fi\/wp-json\/wp\/v2\/media\/12027"}],"wp:attachment":[{"href":"https:\/\/xenonkungen.com\/fi\/wp-json\/wp\/v2\/media?parent=12023"}],"wp:term":[{"taxonomy":"anvandningsomrade","embeddable":true,"href":"https:\/\/xenonkungen.com\/fi\/wp-json\/wp\/v2\/anvandningsomrade?post=12023"},{"taxonomy":"bilmarken","embeddable":true,"href":"https:\/\/xenonkungen.com\/fi\/wp-json\/wp\/v2\/bilmarken?post=12023"},{"taxonomy":"product_brand","embeddable":true,"href":"https:\/\/xenonkungen.com\/fi\/wp-json\/wp\/v2\/product_brand?post=12023"},{"taxonomy":"product_cat","embeddable":true,"href":"https:\/\/xenonkungen.com\/fi\/wp-json\/wp\/v2\/product_cat?post=12023"},{"taxonomy":"product_tag","embeddable":true,"href":"https:\/\/xenonkungen.com\/fi\/wp-json\/wp\/v2\/product_tag?post=12023"}],"curies":[{"name":"wp","href":"https:\/\/api.w.org\/{rel}","templated":true}]}}