{"id":12028,"date":"2025-08-26T09:36:16","date_gmt":"2025-08-26T09:36:16","guid":{"rendered":"https:\/\/xenonkungen.com\/?post_type=product&#038;p=12028"},"modified":"2026-02-25T07:40:14","modified_gmt":"2026-02-25T06:40:14","slug":"meguiarsin-sisatilojen-puhdistusaine-kaikille-pinnoille","status":"publish","type":"product","link":"https:\/\/xenonkungen.com\/fi\/tuote\/meguiarsin-sisatilojen-puhdistusaine-kaikille-pinnoille\/","title":{"rendered":"Meguiar's All Surface Interior Cleaner - sis\u00e4tilojen puhdistusaine"},"content":{"rendered":"<h2>Kaiken pinnan sis\u00e4puhdistusaine<\/h2>\n<p>Meguiar's\u00ae All Surface Interior Cleaner on suunniteltu ajoneuvosi kaikkien pintojen syv\u00e4puhdistukseen. Poistaa lian vinyyli-, nahka-, kumi- ja muovipinnoilta. Poistaa tahrat matoista, verhoiluista ja muista tekstiileist\u00e4. Vaikka se on kova lialle, se on my\u00f6s tarpeeksi hell\u00e4varainen k\u00e4ytett\u00e4v\u00e4ksi s\u00e4\u00e4nn\u00f6lliseen puhdistukseen.<\/p>\n<h3>Tee n\u00e4in:<\/h3>\n<ul>\n<li><strong>OHJEET:<\/strong>\u00a0Parhaiden tulosten saavuttamiseksi poista irtonainen lika ja\/tai roiskeet ennen k\u00e4ytt\u00f6\u00e4.<\/li>\n<li><strong>Vinyyli-, nahka-, kumi- ja muovipinnat:<\/strong>\u00a0Suihkuta tuote suoraan mikrokuituliinaan ja puhdista puhdistettava alue. Sitke\u00e4\u00e4 likaa voi k\u00e4sitell\u00e4 sis\u00e4tilojen harjalla.<\/li>\n<li><strong>Matot ja tekstiilipinnat:<\/strong>\u00a0Suihkuta tuotetta suoraan pinnalle, anna vaikuttaa muutaman sekunnin ajan ja levit\u00e4 se sitten mikrokuituliinalla tai sopivalla harjalla.<\/li>\n<li><strong>PRO TIPS:<\/strong>\u00a0T\u00e4m\u00e4 tuote puhdistaa pinnan ja j\u00e4tt\u00e4\u00e4 j\u00e4lkeens\u00e4 mattapinnan. Jos haluat lis\u00e4\u00e4 kiiltoa ja suojaavan pinnan sis\u00e4tilojen vinyyli-, nahka-, kumi- ja muovipinnoille, viimeistele pintak\u00e4sittelyaineella, kuten Meguiar's\u00ae Ultimate Protectantilla.<\/li>\n<\/ul>\n<p><strong>Sis\u00e4lt\u00f6:<\/strong> 473 ml<\/p>\n<p>&nbsp;<\/p>\n<h2>V\u00c4RI-ILMOITUS<\/h2>\n<p><a href=\"https:\/\/meguiars.se\/wp-content\/uploads\/2024\/08\/Label-MeguiarsG2406AllSurfaceInteriorCleaner_1.0_66425.pdf\" target=\"_blank\" rel=\"noopener\"><br \/>\nEtiketti-MeguiarsG2406AllSurfaceInteriorCleaner_1.0_66425 (3) (PDF) (PDF)<br \/>\n<\/a><\/p>\n<p>&nbsp;<\/p>","protected":false},"excerpt":{"rendered":"<p>Meguiar's All Surface Interior Cleaner on raikas sitruksen tuoksuinen yleispuhdistusaine kaikille auton sis\u00e4pinnoille.<\/p>","protected":false},"featured_media":12029,"comment_status":"open","ping_status":"closed","template":"","meta":{"_acf_changed":false,"_smort_price_nok":"140","_smort_price_dkk":"121","_smort_price_eur":"16.27","_smort_sale_price_nok":"140","_smort_sale_price_dkk":"","_smort_sale_price_eur":"","smort_restorder":"","shipmondo_restorder":"","_kad_blocks_custom_css":"","_kad_blocks_head_custom_js":"","_kad_blocks_body_custom_js":"","_kad_blocks_footer_custom_js":"","smort_custom_pricelist_1":"114.56","smort_custom_pricelist_2":"114.56","smort_custom_pricelist_3":"100.24","smort_custom_pricelist_4":"143.2","smort_custom_pricelist_5":"114.56"},"anvandningsomrade":[],"bilmarken":[],"product_brand":[1383],"product_cat":[2618,378,1402],"product_tag":[],"class_list":{"0":"post-12028","1":"product","2":"type-product","3":"status-publish","4":"has-post-thumbnail","6":"product_brand-meguiars","7":"product_cat-interior","8":"product_cat-bilvard","9":"product_cat-outlet","11":"first","12":"instock","13":"sale","14":"taxable","15":"shipping-taxable","16":"purchasable","17":"product-type-simple"},"bundled_by":[],"bundle_stock_status":"instock","bundle_stock_quantity":5,"bundle_virtual":false,"bundle_layout":"","bundle_add_to_cart_form_location":"","bundle_editable_in_cart":false,"bundle_sold_individually_context":"","bundle_item_grouping":"","bundle_min_size":"","bundle_max_size":"","bundle_price":[],"bundled_items":[],"bundle_sell_ids":[],"acf":[],"yoast_head":"<!-- This site is optimized with the Yoast SEO plugin v27.0 - https:\/\/yoast.com\/product\/yoast-seo-wordpress\/ -->\n<title>Meguiar\u2019s All Surface Interior Cleaner - Xenonkungen<\/title>\n<meta name=\"robots\" content=\"index, follow, max-snippet:-1, max-image-preview:large, max-video-preview:-1\" \/>\n<link rel=\"canonical\" href=\"https:\/\/xenonkungen.com\/fi\/tuote\/meguiarsin-sisatilojen-puhdistusaine-kaikille-pinnoille\/\" \/>\n<meta property=\"og:locale\" content=\"fi_FI\" \/>\n<meta property=\"og:type\" content=\"article\" \/>\n<meta property=\"og:title\" content=\"Meguiar\u2019s All Surface Interior Cleaner - Xenonkungen\" \/>\n<meta property=\"og:description\" content=\"Meguiar\u2019s All Surface Interior Cleaner \u00e4r en friskt citrusdoftande allreng\u00f6ring f\u00f6r bilens alla interi\u00f6ra ytor.\" \/>\n<meta property=\"og:url\" content=\"https:\/\/xenonkungen.com\/fi\/tuote\/meguiarsin-sisatilojen-puhdistusaine-kaikille-pinnoille\/\" \/>\n<meta property=\"og:site_name\" content=\"Xenonkungen\" \/>\n<meta property=\"article:modified_time\" content=\"2026-02-25T06:40:14+00:00\" \/>\n<meta property=\"og:image\" content=\"https:\/\/xenonkungen.com\/wp-content\/uploads\/2025\/06\/G240616_AllSurfaceInteriorCleaner_10x10-2.png\" \/>\n\t<meta property=\"og:image:width\" content=\"2048\" \/>\n\t<meta property=\"og:image:height\" content=\"2048\" \/>\n\t<meta property=\"og:image:type\" content=\"image\/png\" \/>\n<meta name=\"twitter:card\" content=\"summary_large_image\" \/>\n<meta name=\"twitter:label1\" content=\"Arvioitu lukuaika\" \/>\n\t<meta name=\"twitter:data1\" content=\"2 minuuttia\" \/>\n<script type=\"application\/ld+json\" class=\"yoast-schema-graph\">{\"@context\":\"https:\/\/schema.org\",\"@graph\":[{\"@type\":\"WebPage\",\"@id\":\"https:\/\/xenonkungen.com\/produkt\/meguiars-all-surface-interior-cleaner\/\",\"url\":\"https:\/\/xenonkungen.com\/produkt\/meguiars-all-surface-interior-cleaner\/\",\"name\":\"Meguiar\u2019s All Surface Interior Cleaner - Xenonkungen\",\"isPartOf\":{\"@id\":\"https:\/\/xenonkungen.com\/#website\"},\"primaryImageOfPage\":{\"@id\":\"https:\/\/xenonkungen.com\/produkt\/meguiars-all-surface-interior-cleaner\/#primaryimage\"},\"image\":{\"@id\":\"https:\/\/xenonkungen.com\/produkt\/meguiars-all-surface-interior-cleaner\/#primaryimage\"},\"thumbnailUrl\":\"https:\/\/xenonkungen.com\/wp-content\/uploads\/2025\/06\/G240616_AllSurfaceInteriorCleaner_10x10-2.png\",\"datePublished\":\"2025-08-26T09:36:16+00:00\",\"dateModified\":\"2026-02-25T06:40:14+00:00\",\"breadcrumb\":{\"@id\":\"https:\/\/xenonkungen.com\/produkt\/meguiars-all-surface-interior-cleaner\/#breadcrumb\"},\"inLanguage\":\"fi\",\"potentialAction\":[{\"@type\":\"ReadAction\",\"target\":[\"https:\/\/xenonkungen.com\/produkt\/meguiars-all-surface-interior-cleaner\/\"]}]},{\"@type\":\"ImageObject\",\"inLanguage\":\"fi\",\"@id\":\"https:\/\/xenonkungen.com\/produkt\/meguiars-all-surface-interior-cleaner\/#primaryimage\",\"url\":\"https:\/\/xenonkungen.com\/wp-content\/uploads\/2025\/06\/G240616_AllSurfaceInteriorCleaner_10x10-2.png\",\"contentUrl\":\"https:\/\/xenonkungen.com\/wp-content\/uploads\/2025\/06\/G240616_AllSurfaceInteriorCleaner_10x10-2.png\",\"width\":2048,\"height\":2048},{\"@type\":\"BreadcrumbList\",\"@id\":\"https:\/\/xenonkungen.com\/produkt\/meguiars-all-surface-interior-cleaner\/#breadcrumb\",\"itemListElement\":[{\"@type\":\"ListItem\",\"position\":1,\"name\":\"Hem\",\"item\":\"https:\/\/xenonkungen.com\/\"},{\"@type\":\"ListItem\",\"position\":2,\"name\":\"Shop\",\"item\":\"https:\/\/xenonkungen.com\/shop\/\"},{\"@type\":\"ListItem\",\"position\":3,\"name\":\"Meguiar\u2019s All Surface Interior Cleaner\"}]},{\"@type\":\"WebSite\",\"@id\":\"https:\/\/xenonkungen.com\/#website\",\"url\":\"https:\/\/xenonkungen.com\/\",\"name\":\"Xenonkungen\",\"description\":\"\",\"potentialAction\":[{\"@type\":\"SearchAction\",\"target\":{\"@type\":\"EntryPoint\",\"urlTemplate\":\"https:\/\/xenonkungen.com\/?s={search_term_string}\"},\"query-input\":{\"@type\":\"PropertyValueSpecification\",\"valueRequired\":true,\"valueName\":\"search_term_string\"}}],\"inLanguage\":\"fi\"}]}<\/script>\n<!-- \/ Yoast SEO plugin. -->","yoast_head_json":{"title":"Meguiar&#039;sin kaikkien pintojen sis\u00e4puhdistusaine - Xenon-kuningas","robots":{"index":"index","follow":"follow","max-snippet":"max-snippet:-1","max-image-preview":"max-image-preview:large","max-video-preview":"max-video-preview:-1"},"canonical":"https:\/\/xenonkungen.com\/fi\/tuote\/meguiarsin-sisatilojen-puhdistusaine-kaikille-pinnoille\/","og_locale":"fi_FI","og_type":"article","og_title":"Meguiar\u2019s All Surface Interior Cleaner - Xenonkungen","og_description":"Meguiar\u2019s All Surface Interior Cleaner \u00e4r en friskt citrusdoftande allreng\u00f6ring f\u00f6r bilens alla interi\u00f6ra ytor.","og_url":"https:\/\/xenonkungen.com\/fi\/tuote\/meguiarsin-sisatilojen-puhdistusaine-kaikille-pinnoille\/","og_site_name":"Xenonkungen","article_modified_time":"2026-02-25T06:40:14+00:00","og_image":[{"width":2048,"height":2048,"url":"https:\/\/xenonkungen.com\/wp-content\/uploads\/2025\/06\/G240616_AllSurfaceInteriorCleaner_10x10-2.png","type":"image\/png"}],"twitter_card":"summary_large_image","twitter_misc":{"Arvioitu lukuaika":"2 minuuttia"},"schema":{"@context":"https:\/\/schema.org","@graph":[{"@type":"WebPage","@id":"https:\/\/xenonkungen.com\/produkt\/meguiars-all-surface-interior-cleaner\/","url":"https:\/\/xenonkungen.com\/produkt\/meguiars-all-surface-interior-cleaner\/","name":"Meguiar&#039;sin kaikkien pintojen sis\u00e4puhdistusaine - Xenon-kuningas","isPartOf":{"@id":"https:\/\/xenonkungen.com\/#website"},"primaryImageOfPage":{"@id":"https:\/\/xenonkungen.com\/produkt\/meguiars-all-surface-interior-cleaner\/#primaryimage"},"image":{"@id":"https:\/\/xenonkungen.com\/produkt\/meguiars-all-surface-interior-cleaner\/#primaryimage"},"thumbnailUrl":"https:\/\/xenonkungen.com\/wp-content\/uploads\/2025\/06\/G240616_AllSurfaceInteriorCleaner_10x10-2.png","datePublished":"2025-08-26T09:36:16+00:00","dateModified":"2026-02-25T06:40:14+00:00","breadcrumb":{"@id":"https:\/\/xenonkungen.com\/produkt\/meguiars-all-surface-interior-cleaner\/#breadcrumb"},"inLanguage":"fi","potentialAction":[{"@type":"ReadAction","target":["https:\/\/xenonkungen.com\/produkt\/meguiars-all-surface-interior-cleaner\/"]}]},{"@type":"ImageObject","inLanguage":"fi","@id":"https:\/\/xenonkungen.com\/produkt\/meguiars-all-surface-interior-cleaner\/#primaryimage","url":"https:\/\/xenonkungen.com\/wp-content\/uploads\/2025\/06\/G240616_AllSurfaceInteriorCleaner_10x10-2.png","contentUrl":"https:\/\/xenonkungen.com\/wp-content\/uploads\/2025\/06\/G240616_AllSurfaceInteriorCleaner_10x10-2.png","width":2048,"height":2048},{"@type":"BreadcrumbList","@id":"https:\/\/xenonkungen.com\/produkt\/meguiars-all-surface-interior-cleaner\/#breadcrumb","itemListElement":[{"@type":"ListItem","position":1,"name":"Hem","item":"https:\/\/xenonkungen.com\/"},{"@type":"ListItem","position":2,"name":"Shop","item":"https:\/\/xenonkungen.com\/shop\/"},{"@type":"ListItem","position":3,"name":"Meguiar\u2019s All Surface Interior Cleaner"}]},{"@type":"WebSite","@id":"https:\/\/xenonkungen.com\/#website","url":"https:\/\/xenonkungen.com\/","name":"Xenonkungen","description":"","potentialAction":[{"@type":"SearchAction","target":{"@type":"EntryPoint","urlTemplate":"https:\/\/xenonkungen.com\/?s={search_term_string}"},"query-input":{"@type":"PropertyValueSpecification","valueRequired":true,"valueName":"search_term_string"}}],"inLanguage":"fi"}]}},"taxonomy_info":{"product_brand":[{"value":1383,"label":"Meguiar's"}],"product_cat":[{"value":2618,"label":"Interi\u00f6r"},{"value":378,"label":"Bilv\u00e5rd"},{"value":1402,"label":"Outlet"}]},"featured_image_src_large":["https:\/\/xenonkungen.com\/wp-content\/uploads\/2025\/06\/G240616_AllSurfaceInteriorCleaner_10x10-2-1024x1024.png",1024,1024,true],"author_info":[],"comment_info":0,"_links":{"self":[{"href":"https:\/\/xenonkungen.com\/fi\/wp-json\/wp\/v2\/product\/12028","targetHints":{"allow":["GET"]}}],"collection":[{"href":"https:\/\/xenonkungen.com\/fi\/wp-json\/wp\/v2\/product"}],"about":[{"href":"https:\/\/xenonkungen.com\/fi\/wp-json\/wp\/v2\/types\/product"}],"replies":[{"embeddable":true,"href":"https:\/\/xenonkungen.com\/fi\/wp-json\/wp\/v2\/comments?post=12028"}],"wp:featuredmedia":[{"embeddable":true,"href":"https:\/\/xenonkungen.com\/fi\/wp-json\/wp\/v2\/media\/12029"}],"wp:attachment":[{"href":"https:\/\/xenonkungen.com\/fi\/wp-json\/wp\/v2\/media?parent=12028"}],"wp:term":[{"taxonomy":"anvandningsomrade","embeddable":true,"href":"https:\/\/xenonkungen.com\/fi\/wp-json\/wp\/v2\/anvandningsomrade?post=12028"},{"taxonomy":"bilmarken","embeddable":true,"href":"https:\/\/xenonkungen.com\/fi\/wp-json\/wp\/v2\/bilmarken?post=12028"},{"taxonomy":"product_brand","embeddable":true,"href":"https:\/\/xenonkungen.com\/fi\/wp-json\/wp\/v2\/product_brand?post=12028"},{"taxonomy":"product_cat","embeddable":true,"href":"https:\/\/xenonkungen.com\/fi\/wp-json\/wp\/v2\/product_cat?post=12028"},{"taxonomy":"product_tag","embeddable":true,"href":"https:\/\/xenonkungen.com\/fi\/wp-json\/wp\/v2\/product_tag?post=12028"}],"curies":[{"name":"wp","href":"https:\/\/api.w.org\/{rel}","templated":true}]}}