{"id":12034,"date":"2025-07-02T07:46:53","date_gmt":"2025-07-02T07:46:53","guid":{"rendered":"https:\/\/xenonkungen.com\/?post_type=product&#038;p=12034"},"modified":"2026-04-11T01:18:04","modified_gmt":"2026-04-11T00:18:04","slug":"meguiarsin-maalipinnan-lasin-yksityiskohdat","status":"publish","type":"product","link":"https:\/\/xenonkungen.com\/fi\/tuote\/meguiarsin-maalipinnan-lasin-yksityiskohdat\/","title":{"rendered":"Meguiar's Paint, Dash &amp; Glass Detailer -maalaus-, kojelauta- ja lasinpesuaine"},"content":{"rendered":"<h2>Maalaus-, kojelauta- ja lasinpuhdistaja<\/h2>\n<p>PUHDISTUS, SUOJAUS JA HUOLTO: T\u00e4m\u00e4 mullistava puhdistusaine tarjoaa nopean ja helpon puhdistuksen j\u00e4tt\u00e4en j\u00e4lkeens\u00e4 hydrofobisen suojan ja rasvattoman pinnan. Se puhdistaa my\u00f6s ulkolasin ja peilit liekitt\u00f6m\u00e4sti.<\/p>\n<p>Milloin Meguiar&#039;sin Paint, Dash &amp; Glass Inside &amp; Out Detailer -puhdistusainetta k\u00e4ytet\u00e4\u00e4n? Kysymys kuuluukin pikemminkin, milloin sit\u00e4 pit\u00e4isi k\u00e4ytt\u00e4\u00e4...\u00a0<em>ei<\/em>\u00a0K\u00e4yt\u00e4tk\u00f6 Meguiars Paint Dash &amp; Glass -puhdistusainetta?! T\u00e4m\u00e4 mullistava suihkutettava puhdistusaine tarjoaa nopean ja helpon puhdistuksen sek\u00e4 hydrofobisen suojan ulko- ja sis\u00e4pinnoille. Se poistaa helposti p\u00f6lyn, tien p\u00f6lyn, sormenj\u00e4ljet ja lintujen ulosteet maalista, muovista, vinyylist\u00e4 ja lasista. Puhdistaessaan ja suojatessaan se j\u00e4tt\u00e4\u00e4 rasvattoman pinnan ja tarjoaa liekitt\u00f6m\u00e4n puhdistuksen ulkolasille. T\u00e4m\u00e4 monipuolinen puhdistusaine sopii t\u00e4ydellisesti paikkauksiin, k\u00e4sienpesun tai nopean pesun j\u00e4lkeen.<\/p>\n<p>Ulkopinnoille sumuta vain alue, levit\u00e4 se ensiluokkaisella mikrokuituliinalla ja pyyhi liina puhtaalle alueelle kuivaksi. Sis\u00e4pinnoille suihkuta tuotetta mikrokuituliinaan ja puhdista k\u00e4sitelty alue. K\u00e4\u00e4nn\u00e4 pyyhe kuivalle alueelle ja pyyhi kuivaksi. Ty\u00f6skenteletp\u00e4 sitten maalin, muovin, listojen, vinyylin, nahan, lasin tai sermien kanssa, t\u00e4m\u00e4 edistynyt puhdistussuihke puhdistaa ja suojaa nopeasti ja helposti sek\u00e4 sis\u00e4- ett\u00e4 ulkopintoja yhdell\u00e4 pyyhk\u00e4isyll\u00e4!<\/p>\n<p><strong>Sis\u00e4lt\u00f6:<\/strong> 473 ml<\/p>\n<h2>K\u00e4ytt\u00f6turvallisuustiedote<\/h2>\n<p><a href=\"https:\/\/meguiars.se\/wp-content\/uploads\/2025\/04\/MeguiarsG2502PaintdashandglassG250224_1.0_74863.pdf\" target=\"_blank\" rel=\"noopener\"><br \/>\nMeguiarsG2502MaalilasiG250224_1.0_74863 (PDF)<br \/>\n<\/a><\/p>\n<p>&nbsp;<\/p>","protected":false},"excerpt":{"rendered":"<p><strong>MONIPUOLINEN HIUSTENHOITOSUIHKE:<\/strong> T\u00e4m\u00e4\u00a0<em>suihkuta p\u00e4\u00e4lle - pyyhi pois<\/em>\u00a0tuote puhdistaa ja suojaa nopeasti ja helposti, joten se on t\u00e4ydellinen valinta ajoneuvosi huoltoon \u2013 Se puhdistaa ja suojaa monia ajoneuvosi sis\u00e4ll\u00e4 ja ymp\u00e4rill\u00e4 olevia pintoja<br \/>\n<strong>K\u00c4YT\u00c4 ILMAN RISKIT:<\/strong> T\u00e4m\u00e4 monipuolinen puhdistussuihke poistaa nopeasti ja turvallisesti p\u00f6lyn, sormenj\u00e4ljet, lintujen ulosteet ja muut ep\u00e4puhtaudet vain muutamassa minuutissa erilaisilta pinnoilta autossasi ja sen sis\u00e4ll\u00e4.<\/p>","protected":false},"featured_media":12035,"comment_status":"open","ping_status":"closed","template":"","meta":{"_acf_changed":false,"_smort_price_nok":"191","_smort_price_dkk":"121","_smort_price_eur":"16.27","_smort_sale_price_nok":"","_smort_sale_price_dkk":"","_smort_sale_price_eur":"13","smort_restorder":"","shipmondo_restorder":"","_kad_blocks_custom_css":"","_kad_blocks_head_custom_js":"","_kad_blocks_body_custom_js":"","_kad_blocks_footer_custom_js":"","smort_custom_pricelist_1":"114.56","smort_custom_pricelist_2":"114.56","smort_custom_pricelist_3":"100.24","smort_custom_pricelist_4":"143.2","smort_custom_pricelist_5":"114.56"},"anvandningsomrade":[],"bilmarken":[],"product_brand":[1383],"product_cat":[2623,2992,2620,378],"product_tag":[],"class_list":{"0":"post-12034","1":"product","2":"type-product","3":"status-publish","4":"has-post-thumbnail","6":"product_brand-meguiars","7":"product_cat-underhall","8":"product_cat-home-bilvard","9":"product_cat-ovrigt-bilvard","10":"product_cat-bilvard","12":"first","13":"instock","14":"taxable","15":"shipping-taxable","16":"purchasable","17":"product-type-simple"},"bundled_by":[],"bundle_stock_status":"instock","bundle_stock_quantity":1,"bundle_virtual":false,"bundle_layout":"","bundle_add_to_cart_form_location":"","bundle_editable_in_cart":false,"bundle_sold_individually_context":"","bundle_item_grouping":"","bundle_min_size":"","bundle_max_size":"","bundle_price":[],"bundled_items":[],"bundle_sell_ids":[],"acf":[],"yoast_head":"<!-- This site is optimized with the Yoast SEO plugin v27.0 - https:\/\/yoast.com\/product\/yoast-seo-wordpress\/ -->\n<title>Meguiar\u2019s Paint, Dash &amp; Glass Detailer - Xenonkungen<\/title>\n<meta name=\"robots\" content=\"index, follow, max-snippet:-1, max-image-preview:large, max-video-preview:-1\" \/>\n<link rel=\"canonical\" href=\"https:\/\/xenonkungen.com\/fi\/tuote\/meguiarsin-maalipinnan-lasin-yksityiskohdat\/\" \/>\n<meta property=\"og:locale\" content=\"fi_FI\" \/>\n<meta property=\"og:type\" content=\"article\" \/>\n<meta property=\"og:title\" content=\"Meguiar\u2019s Paint, Dash &amp; Glass Detailer - Xenonkungen\" \/>\n<meta property=\"og:description\" content=\"M\u00c5NGSIDIG DETAILING SPRAY: Denna\u00a0spraya p\u00e5- torka av\u00a0produkt reng\u00f6r och skyddar snabbt och enkelt, vilket g\u00f6r den till det perfekta valet f\u00f6r att underh\u00e5lla ditt fordon \u2013 Den reng\u00f6r och skyddar m\u00e5nga av ytorna i och runt ditt fordon ANV\u00c4ND UTAN RISK: Denna m\u00e5ngsidiga spraydetaljer tar snabbt och s\u00e4kert bort damm, fingeravtryck, f\u00e5gelspillning och andra f\u00f6roreningar p\u00e5 bara n\u00e5gra minuter p\u00e5 olika ytor i och p\u00e5 din bil\" \/>\n<meta property=\"og:url\" content=\"https:\/\/xenonkungen.com\/fi\/tuote\/meguiarsin-maalipinnan-lasin-yksityiskohdat\/\" \/>\n<meta property=\"og:site_name\" content=\"Xenonkungen\" \/>\n<meta property=\"article:modified_time\" content=\"2026-04-11T00:18:04+00:00\" \/>\n<meta property=\"og:image\" content=\"https:\/\/xenonkungen.com\/wp-content\/uploads\/2025\/07\/G250224_PaintDashGlass_Hero_10x10.png\" \/>\n\t<meta property=\"og:image:width\" content=\"2560\" \/>\n\t<meta property=\"og:image:height\" content=\"2560\" \/>\n\t<meta property=\"og:image:type\" content=\"image\/png\" \/>\n<meta name=\"twitter:card\" content=\"summary_large_image\" \/>\n<meta name=\"twitter:label1\" content=\"Arvioitu lukuaika\" \/>\n\t<meta name=\"twitter:data1\" content=\"2 minuuttia\" \/>\n<script type=\"application\/ld+json\" class=\"yoast-schema-graph\">{\"@context\":\"https:\/\/schema.org\",\"@graph\":[{\"@type\":\"WebPage\",\"@id\":\"https:\/\/xenonkungen.com\/produkt\/meguiars-paint-dash-glass-detailer\/\",\"url\":\"https:\/\/xenonkungen.com\/produkt\/meguiars-paint-dash-glass-detailer\/\",\"name\":\"Meguiar\u2019s Paint, Dash & Glass Detailer - Xenonkungen\",\"isPartOf\":{\"@id\":\"https:\/\/xenonkungen.com\/#website\"},\"primaryImageOfPage\":{\"@id\":\"https:\/\/xenonkungen.com\/produkt\/meguiars-paint-dash-glass-detailer\/#primaryimage\"},\"image\":{\"@id\":\"https:\/\/xenonkungen.com\/produkt\/meguiars-paint-dash-glass-detailer\/#primaryimage\"},\"thumbnailUrl\":\"https:\/\/xenonkungen.com\/wp-content\/uploads\/2025\/07\/G250224_PaintDashGlass_Hero_10x10.png\",\"datePublished\":\"2025-07-02T07:46:53+00:00\",\"dateModified\":\"2026-04-11T00:18:04+00:00\",\"breadcrumb\":{\"@id\":\"https:\/\/xenonkungen.com\/produkt\/meguiars-paint-dash-glass-detailer\/#breadcrumb\"},\"inLanguage\":\"fi\",\"potentialAction\":[{\"@type\":\"ReadAction\",\"target\":[\"https:\/\/xenonkungen.com\/produkt\/meguiars-paint-dash-glass-detailer\/\"]}]},{\"@type\":\"ImageObject\",\"inLanguage\":\"fi\",\"@id\":\"https:\/\/xenonkungen.com\/produkt\/meguiars-paint-dash-glass-detailer\/#primaryimage\",\"url\":\"https:\/\/xenonkungen.com\/wp-content\/uploads\/2025\/07\/G250224_PaintDashGlass_Hero_10x10.png\",\"contentUrl\":\"https:\/\/xenonkungen.com\/wp-content\/uploads\/2025\/07\/G250224_PaintDashGlass_Hero_10x10.png\",\"width\":2560,\"height\":2560},{\"@type\":\"BreadcrumbList\",\"@id\":\"https:\/\/xenonkungen.com\/produkt\/meguiars-paint-dash-glass-detailer\/#breadcrumb\",\"itemListElement\":[{\"@type\":\"ListItem\",\"position\":1,\"name\":\"Hem\",\"item\":\"https:\/\/xenonkungen.com\/\"},{\"@type\":\"ListItem\",\"position\":2,\"name\":\"Shop\",\"item\":\"https:\/\/xenonkungen.com\/shop\/\"},{\"@type\":\"ListItem\",\"position\":3,\"name\":\"Meguiar\u2019s Paint, Dash &#038; Glass Detailer\"}]},{\"@type\":\"WebSite\",\"@id\":\"https:\/\/xenonkungen.com\/#website\",\"url\":\"https:\/\/xenonkungen.com\/\",\"name\":\"Xenonkungen\",\"description\":\"\",\"potentialAction\":[{\"@type\":\"SearchAction\",\"target\":{\"@type\":\"EntryPoint\",\"urlTemplate\":\"https:\/\/xenonkungen.com\/?s={search_term_string}\"},\"query-input\":{\"@type\":\"PropertyValueSpecification\",\"valueRequired\":true,\"valueName\":\"search_term_string\"}}],\"inLanguage\":\"fi\"}]}<\/script>\n<!-- \/ Yoast SEO plugin. -->","yoast_head_json":{"title":"Meguiar&#039;sin maali-, kojelauta- ja lasinpuhdistusaine - Xenon-kuningas","robots":{"index":"index","follow":"follow","max-snippet":"max-snippet:-1","max-image-preview":"max-image-preview:large","max-video-preview":"max-video-preview:-1"},"canonical":"https:\/\/xenonkungen.com\/fi\/tuote\/meguiarsin-maalipinnan-lasin-yksityiskohdat\/","og_locale":"fi_FI","og_type":"article","og_title":"Meguiar\u2019s Paint, Dash & Glass Detailer - Xenonkungen","og_description":"M\u00c5NGSIDIG DETAILING SPRAY: Denna\u00a0spraya p\u00e5- torka av\u00a0produkt reng\u00f6r och skyddar snabbt och enkelt, vilket g\u00f6r den till det perfekta valet f\u00f6r att underh\u00e5lla ditt fordon \u2013 Den reng\u00f6r och skyddar m\u00e5nga av ytorna i och runt ditt fordon ANV\u00c4ND UTAN RISK: Denna m\u00e5ngsidiga spraydetaljer tar snabbt och s\u00e4kert bort damm, fingeravtryck, f\u00e5gelspillning och andra f\u00f6roreningar p\u00e5 bara n\u00e5gra minuter p\u00e5 olika ytor i och p\u00e5 din bil","og_url":"https:\/\/xenonkungen.com\/fi\/tuote\/meguiarsin-maalipinnan-lasin-yksityiskohdat\/","og_site_name":"Xenonkungen","article_modified_time":"2026-04-11T00:18:04+00:00","og_image":[{"width":2560,"height":2560,"url":"https:\/\/xenonkungen.com\/wp-content\/uploads\/2025\/07\/G250224_PaintDashGlass_Hero_10x10.png","type":"image\/png"}],"twitter_card":"summary_large_image","twitter_misc":{"Arvioitu lukuaika":"2 minuuttia"},"schema":{"@context":"https:\/\/schema.org","@graph":[{"@type":"WebPage","@id":"https:\/\/xenonkungen.com\/produkt\/meguiars-paint-dash-glass-detailer\/","url":"https:\/\/xenonkungen.com\/produkt\/meguiars-paint-dash-glass-detailer\/","name":"Meguiar&#039;sin maali-, kojelauta- ja lasinpuhdistusaine - Xenon-kuningas","isPartOf":{"@id":"https:\/\/xenonkungen.com\/#website"},"primaryImageOfPage":{"@id":"https:\/\/xenonkungen.com\/produkt\/meguiars-paint-dash-glass-detailer\/#primaryimage"},"image":{"@id":"https:\/\/xenonkungen.com\/produkt\/meguiars-paint-dash-glass-detailer\/#primaryimage"},"thumbnailUrl":"https:\/\/xenonkungen.com\/wp-content\/uploads\/2025\/07\/G250224_PaintDashGlass_Hero_10x10.png","datePublished":"2025-07-02T07:46:53+00:00","dateModified":"2026-04-11T00:18:04+00:00","breadcrumb":{"@id":"https:\/\/xenonkungen.com\/produkt\/meguiars-paint-dash-glass-detailer\/#breadcrumb"},"inLanguage":"fi","potentialAction":[{"@type":"ReadAction","target":["https:\/\/xenonkungen.com\/produkt\/meguiars-paint-dash-glass-detailer\/"]}]},{"@type":"ImageObject","inLanguage":"fi","@id":"https:\/\/xenonkungen.com\/produkt\/meguiars-paint-dash-glass-detailer\/#primaryimage","url":"https:\/\/xenonkungen.com\/wp-content\/uploads\/2025\/07\/G250224_PaintDashGlass_Hero_10x10.png","contentUrl":"https:\/\/xenonkungen.com\/wp-content\/uploads\/2025\/07\/G250224_PaintDashGlass_Hero_10x10.png","width":2560,"height":2560},{"@type":"BreadcrumbList","@id":"https:\/\/xenonkungen.com\/produkt\/meguiars-paint-dash-glass-detailer\/#breadcrumb","itemListElement":[{"@type":"ListItem","position":1,"name":"Hem","item":"https:\/\/xenonkungen.com\/"},{"@type":"ListItem","position":2,"name":"Shop","item":"https:\/\/xenonkungen.com\/shop\/"},{"@type":"ListItem","position":3,"name":"Meguiar\u2019s Paint, Dash &#038; Glass Detailer"}]},{"@type":"WebSite","@id":"https:\/\/xenonkungen.com\/#website","url":"https:\/\/xenonkungen.com\/","name":"Xenonkungen","description":"","potentialAction":[{"@type":"SearchAction","target":{"@type":"EntryPoint","urlTemplate":"https:\/\/xenonkungen.com\/?s={search_term_string}"},"query-input":{"@type":"PropertyValueSpecification","valueRequired":true,"valueName":"search_term_string"}}],"inLanguage":"fi"}]}},"taxonomy_info":{"product_brand":[{"value":1383,"label":"Meguiar's"}],"product_cat":[{"value":2623,"label":"5 | Underh\u00e5ll"},{"value":2992,"label":"Home"},{"value":2620,"label":"\u00d6vrigt"},{"value":378,"label":"Bilv\u00e5rd"}]},"featured_image_src_large":["https:\/\/xenonkungen.com\/wp-content\/uploads\/2025\/07\/G250224_PaintDashGlass_Hero_10x10-1024x1024.png",1024,1024,true],"author_info":[],"comment_info":0,"_links":{"self":[{"href":"https:\/\/xenonkungen.com\/fi\/wp-json\/wp\/v2\/product\/12034","targetHints":{"allow":["GET"]}}],"collection":[{"href":"https:\/\/xenonkungen.com\/fi\/wp-json\/wp\/v2\/product"}],"about":[{"href":"https:\/\/xenonkungen.com\/fi\/wp-json\/wp\/v2\/types\/product"}],"replies":[{"embeddable":true,"href":"https:\/\/xenonkungen.com\/fi\/wp-json\/wp\/v2\/comments?post=12034"}],"wp:featuredmedia":[{"embeddable":true,"href":"https:\/\/xenonkungen.com\/fi\/wp-json\/wp\/v2\/media\/12035"}],"wp:attachment":[{"href":"https:\/\/xenonkungen.com\/fi\/wp-json\/wp\/v2\/media?parent=12034"}],"wp:term":[{"taxonomy":"anvandningsomrade","embeddable":true,"href":"https:\/\/xenonkungen.com\/fi\/wp-json\/wp\/v2\/anvandningsomrade?post=12034"},{"taxonomy":"bilmarken","embeddable":true,"href":"https:\/\/xenonkungen.com\/fi\/wp-json\/wp\/v2\/bilmarken?post=12034"},{"taxonomy":"product_brand","embeddable":true,"href":"https:\/\/xenonkungen.com\/fi\/wp-json\/wp\/v2\/product_brand?post=12034"},{"taxonomy":"product_cat","embeddable":true,"href":"https:\/\/xenonkungen.com\/fi\/wp-json\/wp\/v2\/product_cat?post=12034"},{"taxonomy":"product_tag","embeddable":true,"href":"https:\/\/xenonkungen.com\/fi\/wp-json\/wp\/v2\/product_tag?post=12034"}],"curies":[{"name":"wp","href":"https:\/\/api.w.org\/{rel}","templated":true}]}}