{"id":12040,"date":"2025-07-02T08:44:13","date_gmt":"2025-07-02T08:44:13","guid":{"rendered":"https:\/\/xenonkungen.com\/?post_type=product&#038;p=12040"},"modified":"2026-03-28T10:46:33","modified_gmt":"2026-03-28T09:46:33","slug":"meguiars-ilmanraikastin-hajunpoistosuihke-uudelle-autolle","status":"publish","type":"product","link":"https:\/\/xenonkungen.com\/fi\/tuote\/meguiars-ilmanraikastin-hajunpoistosuihke-uudelle-autolle\/","title":{"rendered":"Meguiar's Air Re-Fresher Hajunpoistosuihke - Uusi auto"},"content":{"rendered":"<h2>Ilmanraikastin Hajunpoistosuihke \u2013 Uusi auto<\/h2>\n<p>Ehk\u00e4 autosi sis\u00e4tiloissa on ei-toivottu haju, tai se tuntuu vain hieman v\u00e4hemm\u00e4n raikkaalta kuin haluaisit. Olipa tapaus mik\u00e4 tahansa, meill\u00e4 on t\u00e4ydellinen ratkaisu:\u00a0<strong>Meguiar&#039;s Ilmanraikastin Uuden Auton Hajunpoistosuihke<\/strong>T\u00e4m\u00e4 ainutlaatuinen auton ilmanraikastin poistaa pahat hajut v\u00e4litt\u00f6m\u00e4sti ja j\u00e4tt\u00e4\u00e4 pitk\u00e4kestoisen, raikkaan uuden auton tuoksun.<\/p>\n<p>Se on yksinkertainen ja helppok\u00e4ytt\u00f6inen \u2013 suihkuta ohut kerros k\u00e4sitellylle tekstiilille, kuten matoille tai istuimille, ja anna kuivua. Pohjimmiltaan: suihkuta ja k\u00e4vele pois. Edistyksellinen teknologia neutraloi tehokkaasti pahat hajut ja saa auton tuntumaan j\u00e4lleen uudelta. Tuotetta on saatavana my\u00f6s virkist\u00e4v\u00e4n\u00e4...\u00a0<a href=\"https:\/\/xenonkungen.com\/?post_type=product&amp;p=12042&amp;preview=true\"><strong>Mustan kromin tuoksu<\/strong><\/a>.<\/p>\n<p><strong>Sis\u00e4lt\u00f6:<\/strong> 237 ml<\/p>","protected":false},"excerpt":{"rendered":"<p>Poistaa pahat hajut v\u00e4litt\u00f6m\u00e4sti ja antaa autollesi raikkaan tuoksun hetkess\u00e4.<\/p>","protected":false},"featured_media":12041,"comment_status":"open","ping_status":"closed","template":"","meta":{"_acf_changed":false,"_smort_price_nok":"213","_smort_price_dkk":"135","_smort_price_eur":"18.09","_smort_sale_price_nok":"","_smort_sale_price_dkk":"","_smort_sale_price_eur":"14.47","smort_restorder":"","shipmondo_restorder":"","_kad_blocks_custom_css":"","_kad_blocks_head_custom_js":"","_kad_blocks_body_custom_js":"","_kad_blocks_footer_custom_js":"","smort_custom_pricelist_1":"127.36","smort_custom_pricelist_2":"127.36","smort_custom_pricelist_3":"111.44","smort_custom_pricelist_4":"159.2","smort_custom_pricelist_5":"127.36"},"anvandningsomrade":[],"bilmarken":[],"product_brand":[1383],"product_cat":[2447,2618,2991,378],"product_tag":[],"class_list":{"0":"post-12040","1":"product","2":"type-product","3":"status-publish","4":"has-post-thumbnail","6":"product_brand-meguiars","7":"product_cat-doft","8":"product_cat-interior","9":"product_cat-luktborttagning-doft","10":"product_cat-bilvard","12":"first","13":"instock","14":"taxable","15":"shipping-taxable","16":"purchasable","17":"product-type-simple"},"bundled_by":[],"bundle_stock_status":"instock","bundle_stock_quantity":5,"bundle_virtual":false,"bundle_layout":"","bundle_add_to_cart_form_location":"","bundle_editable_in_cart":false,"bundle_sold_individually_context":"","bundle_item_grouping":"","bundle_min_size":"","bundle_max_size":"","bundle_price":[],"bundled_items":[],"bundle_sell_ids":[],"acf":[],"yoast_head":"<!-- This site is optimized with the Yoast SEO plugin v27.0 - https:\/\/yoast.com\/product\/yoast-seo-wordpress\/ -->\n<title>Meguiar&#039;s Air Re-Fresher Odor Fightning Spray - New Car - Xenonkungen<\/title>\n<meta name=\"robots\" content=\"index, follow, max-snippet:-1, max-image-preview:large, max-video-preview:-1\" \/>\n<link rel=\"canonical\" href=\"https:\/\/xenonkungen.com\/fi\/tuote\/meguiars-ilmanraikastin-hajunpoistosuihke-uudelle-autolle\/\" \/>\n<meta property=\"og:locale\" content=\"fi_FI\" \/>\n<meta property=\"og:type\" content=\"article\" \/>\n<meta property=\"og:title\" content=\"Meguiar&#039;s Air Re-Fresher Odor Fightning Spray - New Car - Xenonkungen\" \/>\n<meta property=\"og:description\" content=\"Eliminera d\u00e5lig lukt direkt &amp; ge bilen en fr\u00e4sch doft p\u00e5 nolltid\" \/>\n<meta property=\"og:url\" content=\"https:\/\/xenonkungen.com\/fi\/tuote\/meguiars-ilmanraikastin-hajunpoistosuihke-uudelle-autolle\/\" \/>\n<meta property=\"og:site_name\" content=\"Xenonkungen\" \/>\n<meta property=\"article:modified_time\" content=\"2026-03-28T09:46:33+00:00\" \/>\n<meta property=\"og:image\" content=\"https:\/\/xenonkungen.com\/wp-content\/uploads\/2025\/07\/G250608_AirRefreshTriggrNewCar_Front_10x10.png\" \/>\n\t<meta property=\"og:image:width\" content=\"2560\" \/>\n\t<meta property=\"og:image:height\" content=\"2560\" \/>\n\t<meta property=\"og:image:type\" content=\"image\/png\" \/>\n<meta name=\"twitter:card\" content=\"summary_large_image\" \/>\n<meta name=\"twitter:label1\" content=\"Arvioitu lukuaika\" \/>\n\t<meta name=\"twitter:data1\" content=\"1 minuutti\" \/>\n<script type=\"application\/ld+json\" class=\"yoast-schema-graph\">{\"@context\":\"https:\/\/schema.org\",\"@graph\":[{\"@type\":\"WebPage\",\"@id\":\"https:\/\/xenonkungen.com\/produkt\/meguiars-air-re-fresher-odor-fightning-spray-new-car\/\",\"url\":\"https:\/\/xenonkungen.com\/produkt\/meguiars-air-re-fresher-odor-fightning-spray-new-car\/\",\"name\":\"Meguiar's Air Re-Fresher Odor Fightning Spray - New Car - Xenonkungen\",\"isPartOf\":{\"@id\":\"https:\/\/xenonkungen.com\/#website\"},\"primaryImageOfPage\":{\"@id\":\"https:\/\/xenonkungen.com\/produkt\/meguiars-air-re-fresher-odor-fightning-spray-new-car\/#primaryimage\"},\"image\":{\"@id\":\"https:\/\/xenonkungen.com\/produkt\/meguiars-air-re-fresher-odor-fightning-spray-new-car\/#primaryimage\"},\"thumbnailUrl\":\"https:\/\/xenonkungen.com\/wp-content\/uploads\/2025\/07\/G250608_AirRefreshTriggrNewCar_Front_10x10.png\",\"datePublished\":\"2025-07-02T08:44:13+00:00\",\"dateModified\":\"2026-03-28T09:46:33+00:00\",\"breadcrumb\":{\"@id\":\"https:\/\/xenonkungen.com\/produkt\/meguiars-air-re-fresher-odor-fightning-spray-new-car\/#breadcrumb\"},\"inLanguage\":\"fi\",\"potentialAction\":[{\"@type\":\"ReadAction\",\"target\":[\"https:\/\/xenonkungen.com\/produkt\/meguiars-air-re-fresher-odor-fightning-spray-new-car\/\"]}]},{\"@type\":\"ImageObject\",\"inLanguage\":\"fi\",\"@id\":\"https:\/\/xenonkungen.com\/produkt\/meguiars-air-re-fresher-odor-fightning-spray-new-car\/#primaryimage\",\"url\":\"https:\/\/xenonkungen.com\/wp-content\/uploads\/2025\/07\/G250608_AirRefreshTriggrNewCar_Front_10x10.png\",\"contentUrl\":\"https:\/\/xenonkungen.com\/wp-content\/uploads\/2025\/07\/G250608_AirRefreshTriggrNewCar_Front_10x10.png\",\"width\":2560,\"height\":2560},{\"@type\":\"BreadcrumbList\",\"@id\":\"https:\/\/xenonkungen.com\/produkt\/meguiars-air-re-fresher-odor-fightning-spray-new-car\/#breadcrumb\",\"itemListElement\":[{\"@type\":\"ListItem\",\"position\":1,\"name\":\"Hem\",\"item\":\"https:\/\/xenonkungen.com\/\"},{\"@type\":\"ListItem\",\"position\":2,\"name\":\"Shop\",\"item\":\"https:\/\/xenonkungen.com\/shop\/\"},{\"@type\":\"ListItem\",\"position\":3,\"name\":\"Meguiar&#8217;s Air Re-Fresher Odor Fightning Spray &#8211; New Car\"}]},{\"@type\":\"WebSite\",\"@id\":\"https:\/\/xenonkungen.com\/#website\",\"url\":\"https:\/\/xenonkungen.com\/\",\"name\":\"Xenonkungen\",\"description\":\"\",\"potentialAction\":[{\"@type\":\"SearchAction\",\"target\":{\"@type\":\"EntryPoint\",\"urlTemplate\":\"https:\/\/xenonkungen.com\/?s={search_term_string}\"},\"query-input\":{\"@type\":\"PropertyValueSpecification\",\"valueRequired\":true,\"valueName\":\"search_term_string\"}}],\"inLanguage\":\"fi\"}]}<\/script>\n<!-- \/ Yoast SEO plugin. -->","yoast_head_json":{"title":"Meguiar&#039;s Ilmanraikastin Hajunpoistosuihke - Uusi auto - Xenon-kuningas","robots":{"index":"index","follow":"follow","max-snippet":"max-snippet:-1","max-image-preview":"max-image-preview:large","max-video-preview":"max-video-preview:-1"},"canonical":"https:\/\/xenonkungen.com\/fi\/tuote\/meguiars-ilmanraikastin-hajunpoistosuihke-uudelle-autolle\/","og_locale":"fi_FI","og_type":"article","og_title":"Meguiar's Air Re-Fresher Odor Fightning Spray - New Car - Xenonkungen","og_description":"Eliminera d\u00e5lig lukt direkt &amp; ge bilen en fr\u00e4sch doft p\u00e5 nolltid","og_url":"https:\/\/xenonkungen.com\/fi\/tuote\/meguiars-ilmanraikastin-hajunpoistosuihke-uudelle-autolle\/","og_site_name":"Xenonkungen","article_modified_time":"2026-03-28T09:46:33+00:00","og_image":[{"width":2560,"height":2560,"url":"https:\/\/xenonkungen.com\/wp-content\/uploads\/2025\/07\/G250608_AirRefreshTriggrNewCar_Front_10x10.png","type":"image\/png"}],"twitter_card":"summary_large_image","twitter_misc":{"Arvioitu lukuaika":"1 minuutti"},"schema":{"@context":"https:\/\/schema.org","@graph":[{"@type":"WebPage","@id":"https:\/\/xenonkungen.com\/produkt\/meguiars-air-re-fresher-odor-fightning-spray-new-car\/","url":"https:\/\/xenonkungen.com\/produkt\/meguiars-air-re-fresher-odor-fightning-spray-new-car\/","name":"Meguiar&#039;s Ilmanraikastin Hajunpoistosuihke - Uusi auto - Xenon-kuningas","isPartOf":{"@id":"https:\/\/xenonkungen.com\/#website"},"primaryImageOfPage":{"@id":"https:\/\/xenonkungen.com\/produkt\/meguiars-air-re-fresher-odor-fightning-spray-new-car\/#primaryimage"},"image":{"@id":"https:\/\/xenonkungen.com\/produkt\/meguiars-air-re-fresher-odor-fightning-spray-new-car\/#primaryimage"},"thumbnailUrl":"https:\/\/xenonkungen.com\/wp-content\/uploads\/2025\/07\/G250608_AirRefreshTriggrNewCar_Front_10x10.png","datePublished":"2025-07-02T08:44:13+00:00","dateModified":"2026-03-28T09:46:33+00:00","breadcrumb":{"@id":"https:\/\/xenonkungen.com\/produkt\/meguiars-air-re-fresher-odor-fightning-spray-new-car\/#breadcrumb"},"inLanguage":"fi","potentialAction":[{"@type":"ReadAction","target":["https:\/\/xenonkungen.com\/produkt\/meguiars-air-re-fresher-odor-fightning-spray-new-car\/"]}]},{"@type":"ImageObject","inLanguage":"fi","@id":"https:\/\/xenonkungen.com\/produkt\/meguiars-air-re-fresher-odor-fightning-spray-new-car\/#primaryimage","url":"https:\/\/xenonkungen.com\/wp-content\/uploads\/2025\/07\/G250608_AirRefreshTriggrNewCar_Front_10x10.png","contentUrl":"https:\/\/xenonkungen.com\/wp-content\/uploads\/2025\/07\/G250608_AirRefreshTriggrNewCar_Front_10x10.png","width":2560,"height":2560},{"@type":"BreadcrumbList","@id":"https:\/\/xenonkungen.com\/produkt\/meguiars-air-re-fresher-odor-fightning-spray-new-car\/#breadcrumb","itemListElement":[{"@type":"ListItem","position":1,"name":"Hem","item":"https:\/\/xenonkungen.com\/"},{"@type":"ListItem","position":2,"name":"Shop","item":"https:\/\/xenonkungen.com\/shop\/"},{"@type":"ListItem","position":3,"name":"Meguiar&#8217;s Air Re-Fresher Odor Fightning Spray &#8211; New Car"}]},{"@type":"WebSite","@id":"https:\/\/xenonkungen.com\/#website","url":"https:\/\/xenonkungen.com\/","name":"Xenonkungen","description":"","potentialAction":[{"@type":"SearchAction","target":{"@type":"EntryPoint","urlTemplate":"https:\/\/xenonkungen.com\/?s={search_term_string}"},"query-input":{"@type":"PropertyValueSpecification","valueRequired":true,"valueName":"search_term_string"}}],"inLanguage":"fi"}]}},"taxonomy_info":{"product_brand":[{"value":1383,"label":"Meguiar's"}],"product_cat":[{"value":2447,"label":"Doft"},{"value":2618,"label":"Interi\u00f6r"},{"value":2991,"label":"Luktborttagning \/ Doft"},{"value":378,"label":"Bilv\u00e5rd"}]},"featured_image_src_large":["https:\/\/xenonkungen.com\/wp-content\/uploads\/2025\/07\/G250608_AirRefreshTriggrNewCar_Front_10x10-1024x1024.png",1024,1024,true],"author_info":[],"comment_info":0,"_links":{"self":[{"href":"https:\/\/xenonkungen.com\/fi\/wp-json\/wp\/v2\/product\/12040","targetHints":{"allow":["GET"]}}],"collection":[{"href":"https:\/\/xenonkungen.com\/fi\/wp-json\/wp\/v2\/product"}],"about":[{"href":"https:\/\/xenonkungen.com\/fi\/wp-json\/wp\/v2\/types\/product"}],"replies":[{"embeddable":true,"href":"https:\/\/xenonkungen.com\/fi\/wp-json\/wp\/v2\/comments?post=12040"}],"wp:featuredmedia":[{"embeddable":true,"href":"https:\/\/xenonkungen.com\/fi\/wp-json\/wp\/v2\/media\/12041"}],"wp:attachment":[{"href":"https:\/\/xenonkungen.com\/fi\/wp-json\/wp\/v2\/media?parent=12040"}],"wp:term":[{"taxonomy":"anvandningsomrade","embeddable":true,"href":"https:\/\/xenonkungen.com\/fi\/wp-json\/wp\/v2\/anvandningsomrade?post=12040"},{"taxonomy":"bilmarken","embeddable":true,"href":"https:\/\/xenonkungen.com\/fi\/wp-json\/wp\/v2\/bilmarken?post=12040"},{"taxonomy":"product_brand","embeddable":true,"href":"https:\/\/xenonkungen.com\/fi\/wp-json\/wp\/v2\/product_brand?post=12040"},{"taxonomy":"product_cat","embeddable":true,"href":"https:\/\/xenonkungen.com\/fi\/wp-json\/wp\/v2\/product_cat?post=12040"},{"taxonomy":"product_tag","embeddable":true,"href":"https:\/\/xenonkungen.com\/fi\/wp-json\/wp\/v2\/product_tag?post=12040"}],"curies":[{"name":"wp","href":"https:\/\/api.w.org\/{rel}","templated":true}]}}