{"id":12046,"date":"2025-07-02T11:08:04","date_gmt":"2025-07-02T11:08:04","guid":{"rendered":"https:\/\/xenonkungen.com\/?post_type=product&#038;p=12046"},"modified":"2026-04-11T01:18:23","modified_gmt":"2026-04-11T00:18:23","slug":"meguiars-hybridi-keraaminen-vedeton-pesuvaha","status":"publish","type":"product","link":"https:\/\/xenonkungen.com\/fi\/tuote\/meguiars-hybridi-keraaminen-vedeton-pesuvaha\/","title":{"rendered":"Meguiar's Hybrid Ceramic Waterless Wash &amp; Wax -vedet\u00f6n pesu ja vaha"},"content":{"rendered":"<h2>Hybridikeraaminen vedet\u00f6n pesu ja vaha<\/h2>\n<p>T\u00e4ydellinen ratkaisu niille, joilla on rajoitetusti vett\u00e4, rajallisesti aikaa tai autoharrastajalle, joka on juuri k\u00e4ynyt auton\u00e4yttelyss\u00e4. Meguiar&#039;s Hybrid Ceramic Waterless Wash and Wax poistaa lian nopeasti ja hell\u00e4varaisesti j\u00e4tt\u00e4en j\u00e4lkeens\u00e4 sile\u00e4n, suojaavan kerroksen helmi\u00e4ishohtoisella efektill\u00e4. T\u00e4m\u00e4 edistynyt koostumus puhdistaa maalipinnan ja ulkopinnat nopeasti j\u00e4tt\u00e4en j\u00e4lkeens\u00e4 hybridikeramaisen suojan. Suihkuta ja pyyhi pois ensiluokkaisella mikrokuituliinalla, kuten Meguiar&#039;s Supreme Shine Microfiberilla.<\/p>\n<p>Voiteleva ja naarmuuntumaton koostumus auttaa suojaamaan naarmuilta puhdistaessaan, eik\u00e4 vett\u00e4, letkua tai \u00e4mp\u00e4ri\u00e4 tarvita. Se toimii erinomaisesti kiilt\u00e4v\u00e4ll\u00e4 maalilla, keraamisilla pinnoitteilla, lasilla, kiillotetulla metallilla ja muoviosilla.<\/p>\n<p>Hybrid Ceramic Waterless Wash and Wax on t\u00e4ydellinen huoltoaine ajoneuvosi puhdistamiseen, helmi\u00e4isefektin tehostamiseen ja auton pinnan sile\u00e4ksi ja puhtaaksi j\u00e4tt\u00e4miseen.<\/p>\n<p><strong>VESIT\u00d6N KERAMIIKKAINEN AUTOPESULA:<\/strong> Helppok\u00e4ytt\u00f6inen koostumus, suihkuta vain pinnalle ja pyyhi kevyesti ensiluokkaisella mikrokuituliinalla; Hell\u00e4varainen puhdistus hybridikeramiikkateknologialla toimii erinomaisesti kiilt\u00e4v\u00e4ll\u00e4 maalilla, keraamisilla pinnoitteilla, lasilla, kiillotetuilla metalleilla ja muoviosilla.<br \/>\n<strong>HYDROFOBINEN SUOJAUS:<\/strong> Edistyksellinen kemia ja erinomaiset voiteluominaisuudet k\u00e4tev\u00e4ss\u00e4 pakkauksessa\u00a0<em>suihkuta \u2013 pyyhi pois<\/em>\u00a0muoto, joka suojaa naarmuilta puhdistuksen aikana, se my\u00f6s lis\u00e4\u00e4 helmi\u00e4isefekti\u00e4 hydrofobisten ominaisuuksiensa ansiosta ja j\u00e4tt\u00e4\u00e4 maalipinnan sile\u00e4ksi.<\/p>\n<p><strong>Sis\u00e4lt\u00f6:<\/strong> 710 ml<\/p>\n<h2>K\u00e4ytt\u00f6turvallisuustiedote<\/h2>\n<p><a href=\"https:\/\/meguiars.se\/wp-content\/uploads\/2025\/04\/MeguiarsG2510HybridCeramicWaterlessWashWax_1.0_74888.pdf\" target=\"_blank\" rel=\"noopener\"><br \/>\nMeguiars G2510 Hybrid Ceramic Waterless WashWax_1.0_74888 (PDF)<br \/>\n<\/a><\/p>\n<p>&nbsp;<\/p>","protected":false},"excerpt":{"rendered":"<p><strong>VESIT\u00d6N AUTOPESU:<\/strong> Ensiluokkainen koostumus toimii kuin vedet\u00f6n autonpesu ja lis\u00e4\u00e4 samalla keraamisen vahan suojan maalipinnalle yhdell\u00e4 helpolla vaiheella. T\u00e4t\u00e4 suihkupesua voi k\u00e4ytt\u00e4\u00e4 miss\u00e4 tahansa ilman letkua, \u00e4mp\u00e4ri\u00e4 tai huuhteluainetta ajan s\u00e4\u00e4st\u00e4miseksi. Suihkuta tuotetta ja pyyhi pois suorassa linjassa.<\/p>\n<p><strong>EI LAITTEITA TARVITA:<\/strong> Ei tarvitse letkua, \u00e4mp\u00e4ri\u00e4 tai vett\u00e4. T\u00e4m\u00e4 koostumus tekee auton raikastamisesta helppoa ja sopii erinomaisesti niille, joilla ei ole p\u00e4\u00e4sy\u00e4 letkuun tai veteen.<\/p>","protected":false},"featured_media":12047,"comment_status":"open","ping_status":"closed","template":"","meta":{"_acf_changed":false,"_smort_price_nok":"319","_smort_price_dkk":"203","_smort_price_eur":"27.18","_smort_sale_price_nok":"","_smort_sale_price_dkk":"","_smort_sale_price_eur":"21.82","smort_restorder":"","shipmondo_restorder":"","_kad_blocks_custom_css":"","_kad_blocks_head_custom_js":"","_kad_blocks_body_custom_js":"","_kad_blocks_footer_custom_js":"","smort_custom_pricelist_1":"191.36","smort_custom_pricelist_2":"191.36","smort_custom_pricelist_3":"167.44","smort_custom_pricelist_4":"239.2","smort_custom_pricelist_5":"191.36"},"anvandningsomrade":[],"bilmarken":[],"product_brand":[1383],"product_cat":[2614,2623,378],"product_tag":[],"class_list":{"0":"post-12046","1":"product","2":"type-product","3":"status-publish","4":"has-post-thumbnail","6":"product_brand-meguiars","7":"product_cat-lackskydd","8":"product_cat-underhall","9":"product_cat-bilvard","11":"first","12":"instock","13":"taxable","14":"shipping-taxable","15":"purchasable","16":"product-type-simple"},"bundled_by":[],"bundle_stock_status":"instock","bundle_stock_quantity":1,"bundle_virtual":false,"bundle_layout":"","bundle_add_to_cart_form_location":"","bundle_editable_in_cart":false,"bundle_sold_individually_context":"","bundle_item_grouping":"","bundle_min_size":"","bundle_max_size":"","bundle_price":[],"bundled_items":[],"bundle_sell_ids":[],"acf":[],"yoast_head":"<!-- This site is optimized with the Yoast SEO plugin v27.0 - https:\/\/yoast.com\/product\/yoast-seo-wordpress\/ -->\n<title>Meguiar&#039;s Hybrid Ceramic Waterless Wash &amp; Wax - Xenonkungen<\/title>\n<meta name=\"robots\" content=\"index, follow, max-snippet:-1, max-image-preview:large, max-video-preview:-1\" \/>\n<link rel=\"canonical\" href=\"https:\/\/xenonkungen.com\/fi\/tuote\/meguiars-hybridi-keraaminen-vedeton-pesuvaha\/\" \/>\n<meta property=\"og:locale\" content=\"fi_FI\" \/>\n<meta property=\"og:type\" content=\"article\" \/>\n<meta property=\"og:title\" content=\"Meguiar&#039;s Hybrid Ceramic Waterless Wash &amp; Wax - Xenonkungen\" \/>\n<meta property=\"og:description\" content=\"VATTENL\u00d6S BILTV\u00c4TT: Premiumformeln fungerar som en vattenl\u00f6s biltv\u00e4tt samtidigt som den l\u00e4gger till keramiskt vaxskydd p\u00e5 lacken i ett enkelt steg. Denna spraytv\u00e4tt kan anv\u00e4ndas var som helst utan slang, hink eller sk\u00f6ljning f\u00f6r tidsbesparande bilv\u00e5rd. Spraya p\u00e5 produkten och torka av i raka drag.  INGEN UTRUSTNING BEH\u00d6VS: Inget behov av en slang, en hink eller vatten. Denna formel g\u00f6r det enkelt att fr\u00e4scha upp bilen och \u00e4r idealisk f\u00f6r dem som inte har tillg\u00e5ng till en slang eller vatten.\" \/>\n<meta property=\"og:url\" content=\"https:\/\/xenonkungen.com\/fi\/tuote\/meguiars-hybridi-keraaminen-vedeton-pesuvaha\/\" \/>\n<meta property=\"og:site_name\" content=\"Xenonkungen\" \/>\n<meta property=\"article:modified_time\" content=\"2026-04-11T00:18:23+00:00\" \/>\n<meta property=\"og:image\" content=\"https:\/\/xenonkungen.com\/wp-content\/uploads\/2025\/07\/G251024_HybridCeramicWaterlessWashWax_Front_10x10-1024x1024.png\" \/>\n\t<meta property=\"og:image:width\" content=\"1024\" \/>\n\t<meta property=\"og:image:height\" content=\"1024\" \/>\n\t<meta property=\"og:image:type\" content=\"image\/png\" \/>\n<meta name=\"twitter:card\" content=\"summary_large_image\" \/>\n<meta name=\"twitter:label1\" content=\"Arvioitu lukuaika\" \/>\n\t<meta name=\"twitter:data1\" content=\"2 minuuttia\" \/>\n<script type=\"application\/ld+json\" class=\"yoast-schema-graph\">{\"@context\":\"https:\/\/schema.org\",\"@graph\":[{\"@type\":\"WebPage\",\"@id\":\"https:\/\/xenonkungen.com\/produkt\/meguiars-hybrid-ceramic-waterless-wash-wax\/\",\"url\":\"https:\/\/xenonkungen.com\/produkt\/meguiars-hybrid-ceramic-waterless-wash-wax\/\",\"name\":\"Meguiar's Hybrid Ceramic Waterless Wash & Wax - Xenonkungen\",\"isPartOf\":{\"@id\":\"https:\/\/xenonkungen.com\/#website\"},\"primaryImageOfPage\":{\"@id\":\"https:\/\/xenonkungen.com\/produkt\/meguiars-hybrid-ceramic-waterless-wash-wax\/#primaryimage\"},\"image\":{\"@id\":\"https:\/\/xenonkungen.com\/produkt\/meguiars-hybrid-ceramic-waterless-wash-wax\/#primaryimage\"},\"thumbnailUrl\":\"https:\/\/xenonkungen.com\/wp-content\/uploads\/2025\/07\/G251024_HybridCeramicWaterlessWashWax_Front_10x10.png\",\"datePublished\":\"2025-07-02T11:08:04+00:00\",\"dateModified\":\"2026-04-11T00:18:23+00:00\",\"breadcrumb\":{\"@id\":\"https:\/\/xenonkungen.com\/produkt\/meguiars-hybrid-ceramic-waterless-wash-wax\/#breadcrumb\"},\"inLanguage\":\"fi\",\"potentialAction\":[{\"@type\":\"ReadAction\",\"target\":[\"https:\/\/xenonkungen.com\/produkt\/meguiars-hybrid-ceramic-waterless-wash-wax\/\"]}]},{\"@type\":\"ImageObject\",\"inLanguage\":\"fi\",\"@id\":\"https:\/\/xenonkungen.com\/produkt\/meguiars-hybrid-ceramic-waterless-wash-wax\/#primaryimage\",\"url\":\"https:\/\/xenonkungen.com\/wp-content\/uploads\/2025\/07\/G251024_HybridCeramicWaterlessWashWax_Front_10x10.png\",\"contentUrl\":\"https:\/\/xenonkungen.com\/wp-content\/uploads\/2025\/07\/G251024_HybridCeramicWaterlessWashWax_Front_10x10.png\",\"width\":2560,\"height\":2560},{\"@type\":\"BreadcrumbList\",\"@id\":\"https:\/\/xenonkungen.com\/produkt\/meguiars-hybrid-ceramic-waterless-wash-wax\/#breadcrumb\",\"itemListElement\":[{\"@type\":\"ListItem\",\"position\":1,\"name\":\"Hem\",\"item\":\"https:\/\/xenonkungen.com\/\"},{\"@type\":\"ListItem\",\"position\":2,\"name\":\"Shop\",\"item\":\"https:\/\/xenonkungen.com\/shop\/\"},{\"@type\":\"ListItem\",\"position\":3,\"name\":\"Meguiar&#8217;s Hybrid Ceramic Waterless Wash &#038; Wax\"}]},{\"@type\":\"WebSite\",\"@id\":\"https:\/\/xenonkungen.com\/#website\",\"url\":\"https:\/\/xenonkungen.com\/\",\"name\":\"Xenonkungen\",\"description\":\"\",\"potentialAction\":[{\"@type\":\"SearchAction\",\"target\":{\"@type\":\"EntryPoint\",\"urlTemplate\":\"https:\/\/xenonkungen.com\/?s={search_term_string}\"},\"query-input\":{\"@type\":\"PropertyValueSpecification\",\"valueRequired\":true,\"valueName\":\"search_term_string\"}}],\"inLanguage\":\"fi\"}]}<\/script>\n<!-- \/ Yoast SEO plugin. -->","yoast_head_json":{"title":"Meguiar&#039;s Hybrid Ceramic -vedet\u00f6n pesu- ja vahausaine - Xenon-kuningas","robots":{"index":"index","follow":"follow","max-snippet":"max-snippet:-1","max-image-preview":"max-image-preview:large","max-video-preview":"max-video-preview:-1"},"canonical":"https:\/\/xenonkungen.com\/fi\/tuote\/meguiars-hybridi-keraaminen-vedeton-pesuvaha\/","og_locale":"fi_FI","og_type":"article","og_title":"Meguiar's Hybrid Ceramic Waterless Wash & Wax - Xenonkungen","og_description":"VATTENL\u00d6S BILTV\u00c4TT: Premiumformeln fungerar som en vattenl\u00f6s biltv\u00e4tt samtidigt som den l\u00e4gger till keramiskt vaxskydd p\u00e5 lacken i ett enkelt steg. Denna spraytv\u00e4tt kan anv\u00e4ndas var som helst utan slang, hink eller sk\u00f6ljning f\u00f6r tidsbesparande bilv\u00e5rd. Spraya p\u00e5 produkten och torka av i raka drag.  INGEN UTRUSTNING BEH\u00d6VS: Inget behov av en slang, en hink eller vatten. Denna formel g\u00f6r det enkelt att fr\u00e4scha upp bilen och \u00e4r idealisk f\u00f6r dem som inte har tillg\u00e5ng till en slang eller vatten.","og_url":"https:\/\/xenonkungen.com\/fi\/tuote\/meguiars-hybridi-keraaminen-vedeton-pesuvaha\/","og_site_name":"Xenonkungen","article_modified_time":"2026-04-11T00:18:23+00:00","og_image":[{"width":1024,"height":1024,"url":"https:\/\/xenonkungen.com\/wp-content\/uploads\/2025\/07\/G251024_HybridCeramicWaterlessWashWax_Front_10x10-1024x1024.png","type":"image\/png"}],"twitter_card":"summary_large_image","twitter_misc":{"Arvioitu lukuaika":"2 minuuttia"},"schema":{"@context":"https:\/\/schema.org","@graph":[{"@type":"WebPage","@id":"https:\/\/xenonkungen.com\/produkt\/meguiars-hybrid-ceramic-waterless-wash-wax\/","url":"https:\/\/xenonkungen.com\/produkt\/meguiars-hybrid-ceramic-waterless-wash-wax\/","name":"Meguiar&#039;s Hybrid Ceramic -vedet\u00f6n pesu- ja vahausaine - Xenon-kuningas","isPartOf":{"@id":"https:\/\/xenonkungen.com\/#website"},"primaryImageOfPage":{"@id":"https:\/\/xenonkungen.com\/produkt\/meguiars-hybrid-ceramic-waterless-wash-wax\/#primaryimage"},"image":{"@id":"https:\/\/xenonkungen.com\/produkt\/meguiars-hybrid-ceramic-waterless-wash-wax\/#primaryimage"},"thumbnailUrl":"https:\/\/xenonkungen.com\/wp-content\/uploads\/2025\/07\/G251024_HybridCeramicWaterlessWashWax_Front_10x10.png","datePublished":"2025-07-02T11:08:04+00:00","dateModified":"2026-04-11T00:18:23+00:00","breadcrumb":{"@id":"https:\/\/xenonkungen.com\/produkt\/meguiars-hybrid-ceramic-waterless-wash-wax\/#breadcrumb"},"inLanguage":"fi","potentialAction":[{"@type":"ReadAction","target":["https:\/\/xenonkungen.com\/produkt\/meguiars-hybrid-ceramic-waterless-wash-wax\/"]}]},{"@type":"ImageObject","inLanguage":"fi","@id":"https:\/\/xenonkungen.com\/produkt\/meguiars-hybrid-ceramic-waterless-wash-wax\/#primaryimage","url":"https:\/\/xenonkungen.com\/wp-content\/uploads\/2025\/07\/G251024_HybridCeramicWaterlessWashWax_Front_10x10.png","contentUrl":"https:\/\/xenonkungen.com\/wp-content\/uploads\/2025\/07\/G251024_HybridCeramicWaterlessWashWax_Front_10x10.png","width":2560,"height":2560},{"@type":"BreadcrumbList","@id":"https:\/\/xenonkungen.com\/produkt\/meguiars-hybrid-ceramic-waterless-wash-wax\/#breadcrumb","itemListElement":[{"@type":"ListItem","position":1,"name":"Hem","item":"https:\/\/xenonkungen.com\/"},{"@type":"ListItem","position":2,"name":"Shop","item":"https:\/\/xenonkungen.com\/shop\/"},{"@type":"ListItem","position":3,"name":"Meguiar&#8217;s Hybrid Ceramic Waterless Wash &#038; Wax"}]},{"@type":"WebSite","@id":"https:\/\/xenonkungen.com\/#website","url":"https:\/\/xenonkungen.com\/","name":"Xenonkungen","description":"","potentialAction":[{"@type":"SearchAction","target":{"@type":"EntryPoint","urlTemplate":"https:\/\/xenonkungen.com\/?s={search_term_string}"},"query-input":{"@type":"PropertyValueSpecification","valueRequired":true,"valueName":"search_term_string"}}],"inLanguage":"fi"}]}},"taxonomy_info":{"product_brand":[{"value":1383,"label":"Meguiar's"}],"product_cat":[{"value":2614,"label":"4 | Bilvax &amp; Lackskydd"},{"value":2623,"label":"5 | Underh\u00e5ll"},{"value":378,"label":"Bilv\u00e5rd"}]},"featured_image_src_large":["https:\/\/xenonkungen.com\/wp-content\/uploads\/2025\/07\/G251024_HybridCeramicWaterlessWashWax_Front_10x10-1024x1024.png",1024,1024,true],"author_info":[],"comment_info":0,"_links":{"self":[{"href":"https:\/\/xenonkungen.com\/fi\/wp-json\/wp\/v2\/product\/12046","targetHints":{"allow":["GET"]}}],"collection":[{"href":"https:\/\/xenonkungen.com\/fi\/wp-json\/wp\/v2\/product"}],"about":[{"href":"https:\/\/xenonkungen.com\/fi\/wp-json\/wp\/v2\/types\/product"}],"replies":[{"embeddable":true,"href":"https:\/\/xenonkungen.com\/fi\/wp-json\/wp\/v2\/comments?post=12046"}],"wp:featuredmedia":[{"embeddable":true,"href":"https:\/\/xenonkungen.com\/fi\/wp-json\/wp\/v2\/media\/12047"}],"wp:attachment":[{"href":"https:\/\/xenonkungen.com\/fi\/wp-json\/wp\/v2\/media?parent=12046"}],"wp:term":[{"taxonomy":"anvandningsomrade","embeddable":true,"href":"https:\/\/xenonkungen.com\/fi\/wp-json\/wp\/v2\/anvandningsomrade?post=12046"},{"taxonomy":"bilmarken","embeddable":true,"href":"https:\/\/xenonkungen.com\/fi\/wp-json\/wp\/v2\/bilmarken?post=12046"},{"taxonomy":"product_brand","embeddable":true,"href":"https:\/\/xenonkungen.com\/fi\/wp-json\/wp\/v2\/product_brand?post=12046"},{"taxonomy":"product_cat","embeddable":true,"href":"https:\/\/xenonkungen.com\/fi\/wp-json\/wp\/v2\/product_cat?post=12046"},{"taxonomy":"product_tag","embeddable":true,"href":"https:\/\/xenonkungen.com\/fi\/wp-json\/wp\/v2\/product_tag?post=12046"}],"curies":[{"name":"wp","href":"https:\/\/api.w.org\/{rel}","templated":true}]}}