{"id":12053,"date":"2025-07-02T11:37:50","date_gmt":"2025-07-02T11:37:50","guid":{"rendered":"https:\/\/xenonkungen.com\/?post_type=product&#038;p=12053"},"modified":"2026-04-09T15:26:23","modified_gmt":"2026-04-09T14:26:23","slug":"meguiars-one-solution-kylmarasvanpoistoaine-extra-1-l","status":"publish","type":"product","link":"https:\/\/xenonkungen.com\/fi\/tuote\/meguiars-one-solution-kylmarasvanpoistoaine-extra-1-l\/","title":{"rendered":"Meguiar's One Solution Callus Degreaser Extra | 1L"},"content":{"rendered":"<h2>One Solution kylm\u00e4 rasvanpoistoaine Extra | 1L<\/h2>\n<p><strong>Matala-aromaattinen<\/strong><br \/>\nKylm\u00e4rasvanpoistoaine on emulgoiva kylm\u00e4rasvanpoistoaine, jolla on eritt\u00e4in hyv\u00e4 liukenevuus. Tuotteessa on lis\u00e4aineita, jotka tehostavat sit\u00e4 ja tekev\u00e4t siit\u00e4 nopeamman kuin muut matala-aromaattiset kylm\u00e4rasvanpoistoaineet. Sopii esimerkiksi asfaltilla, tervalla, rasvalla ja vastaavilla likaantuneille ajoneuvoille ja koneenosille.<\/p>\n<p><strong>Ominaisuudet<\/strong><br \/>\nKylm\u00e4rasvanpoisto sis\u00e4lt\u00e4\u00e4 tehokkaan emulgointiainepaketin, joka antaa tuotteelle eritt\u00e4in hyv\u00e4n kyvyn kostuttaa erilaisia pintoja ja siten parantaa huomattavasti sen liukoisuutta. Toisin kuin perinteiset kylm\u00e4rasvanpoistoaineet, Cold Degreasing Extra toimii eritt\u00e4in tehokkaasti my\u00f6s m\u00e4rille pinnoille levitettyn\u00e4. Tuote on v\u00e4h\u00e4aromaattinen, mik\u00e4 tarkoittaa, ett\u00e4 sill\u00e4 on vain mieto ominainen haju, mik\u00e4 parantaa k\u00e4ytt\u00e4j\u00e4n ty\u00f6ymp\u00e4rist\u00f6\u00e4. Emulgointiominaisuus tekee huuhtelusta vedell\u00e4 tehokkaampaa.<\/p>\n<p><strong>\u00d6ljyn erotus<\/strong><br \/>\nTuote erottuu nopeasti vedest\u00e4.<\/p>\n<p><strong>K\u00e4ytt\u00f6ohjeet<\/strong><br \/>\nSuihkuta matalalla paineella ja anna vaikuttaa muutaman minuutin. Huuhtele sitten vedell\u00e4.<\/p>\n<p><strong>Annostus<\/strong><br \/>\nTuotetta k\u00e4ytet\u00e4\u00e4n laimentamattomana.<\/p>\n<p><strong>Sis\u00e4lt\u00f6:<\/strong> 1 L<\/p>\n<h2>K\u00e4ytt\u00f6turvallisuustiedote<\/h2>\n<p><a href=\"https:\/\/meguiars.se\/wp-content\/uploads\/2025\/04\/KemhusetABKallavfettningExtra_1.1_39444.pdf\" target=\"_blank\" rel=\"noopener\"><br \/>\nKemhusetABKallavettningExtra_1.1_39444 (PDF)<br \/>\n<\/a><\/p>\n<p>&nbsp;<\/p>","protected":false},"excerpt":{"rendered":"<p>Kylm\u00e4 rasvanpoisto, jossa on lis\u00e4aineita, jotka tekev\u00e4t tuotteesta nopeamman. Mieto haju, mik\u00e4 parantaa k\u00e4ytt\u00e4j\u00e4n ty\u00f6ymp\u00e4rist\u00f6\u00e4.<\/p>","protected":false},"featured_media":12054,"comment_status":"open","ping_status":"closed","template":"","meta":{"_acf_changed":false,"_smort_price_nok":"84","_smort_price_dkk":"67","_smort_price_eur":"9","_smort_sale_price_nok":"84","_smort_sale_price_dkk":"","_smort_sale_price_eur":"7.18","smort_restorder":"","shipmondo_restorder":"","_kad_blocks_custom_css":"","_kad_blocks_head_custom_js":"","_kad_blocks_body_custom_js":"","_kad_blocks_footer_custom_js":"","smort_custom_pricelist_1":"63.36","smort_custom_pricelist_2":"55.44","smort_custom_pricelist_3":"55.44","smort_custom_pricelist_4":"79.2","smort_custom_pricelist_5":"55.44"},"anvandningsomrade":[],"bilmarken":[],"product_brand":[1383],"product_cat":[2989,2622,378],"product_tag":[],"class_list":{"0":"post-12053","1":"product","2":"type-product","3":"status-publish","4":"has-post-thumbnail","6":"product_brand-meguiars","7":"product_cat-avfettning","8":"product_cat-fortvatt","9":"product_cat-bilvard","11":"first","12":"instock","13":"sale","14":"taxable","15":"shipping-taxable","16":"purchasable","17":"product-type-simple"},"bundled_by":["26306"],"bundle_stock_status":"instock","bundle_stock_quantity":5,"bundle_virtual":false,"bundle_layout":"","bundle_add_to_cart_form_location":"","bundle_editable_in_cart":false,"bundle_sold_individually_context":"","bundle_item_grouping":"","bundle_min_size":"","bundle_max_size":"","bundle_price":[],"bundled_items":[],"bundle_sell_ids":[],"acf":[],"yoast_head":"<!-- This site is optimized with the Yoast SEO plugin v27.0 - https:\/\/yoast.com\/product\/yoast-seo-wordpress\/ -->\n<title>Meguiar&#039;s One Solution Kallavfettning Extra | 1L - Xenonkungen<\/title>\n<meta name=\"robots\" content=\"index, follow, max-snippet:-1, max-image-preview:large, max-video-preview:-1\" \/>\n<link rel=\"canonical\" href=\"https:\/\/xenonkungen.com\/fi\/tuote\/meguiars-one-solution-kylmarasvanpoistoaine-extra-1-l\/\" \/>\n<meta property=\"og:locale\" content=\"fi_FI\" \/>\n<meta property=\"og:type\" content=\"article\" \/>\n<meta property=\"og:title\" content=\"Meguiar&#039;s One Solution Kallavfettning Extra | 1L - Xenonkungen\" \/>\n<meta property=\"og:description\" content=\"Kallavfettning med extra tillsatser som g\u00f6r produkten mer snabbverkande. L\u00e5g egendoft som medf\u00f6r b\u00e4ttre arbetsmilj\u00f6 f\u00f6r anv\u00e4ndaren.\" \/>\n<meta property=\"og:url\" content=\"https:\/\/xenonkungen.com\/fi\/tuote\/meguiars-one-solution-kylmarasvanpoistoaine-extra-1-l\/\" \/>\n<meta property=\"og:site_name\" content=\"Xenonkungen\" \/>\n<meta property=\"article:modified_time\" content=\"2026-04-09T14:26:23+00:00\" \/>\n<meta property=\"og:image\" content=\"https:\/\/xenonkungen.com\/wp-content\/uploads\/2025\/07\/PhotoRoom-20231221_112848_2-e1704790314605.png\" \/>\n\t<meta property=\"og:image:width\" content=\"542\" \/>\n\t<meta property=\"og:image:height\" content=\"1047\" \/>\n\t<meta property=\"og:image:type\" content=\"image\/png\" \/>\n<meta name=\"twitter:card\" content=\"summary_large_image\" \/>\n<meta name=\"twitter:label1\" content=\"Arvioitu lukuaika\" \/>\n\t<meta name=\"twitter:data1\" content=\"1 minuutti\" \/>\n<script type=\"application\/ld+json\" class=\"yoast-schema-graph\">{\"@context\":\"https:\/\/schema.org\",\"@graph\":[{\"@type\":\"WebPage\",\"@id\":\"https:\/\/xenonkungen.com\/produkt\/meguiars-one-solution-kallavfettning-extra-1l\/\",\"url\":\"https:\/\/xenonkungen.com\/produkt\/meguiars-one-solution-kallavfettning-extra-1l\/\",\"name\":\"Meguiar's One Solution Kallavfettning Extra | 1L - Xenonkungen\",\"isPartOf\":{\"@id\":\"https:\/\/xenonkungen.com\/#website\"},\"primaryImageOfPage\":{\"@id\":\"https:\/\/xenonkungen.com\/produkt\/meguiars-one-solution-kallavfettning-extra-1l\/#primaryimage\"},\"image\":{\"@id\":\"https:\/\/xenonkungen.com\/produkt\/meguiars-one-solution-kallavfettning-extra-1l\/#primaryimage\"},\"thumbnailUrl\":\"https:\/\/xenonkungen.com\/wp-content\/uploads\/2025\/07\/PhotoRoom-20231221_112848_2-e1704790314605.png\",\"datePublished\":\"2025-07-02T11:37:50+00:00\",\"dateModified\":\"2026-04-09T14:26:23+00:00\",\"breadcrumb\":{\"@id\":\"https:\/\/xenonkungen.com\/produkt\/meguiars-one-solution-kallavfettning-extra-1l\/#breadcrumb\"},\"inLanguage\":\"fi\",\"potentialAction\":[{\"@type\":\"ReadAction\",\"target\":[\"https:\/\/xenonkungen.com\/produkt\/meguiars-one-solution-kallavfettning-extra-1l\/\"]}]},{\"@type\":\"ImageObject\",\"inLanguage\":\"fi\",\"@id\":\"https:\/\/xenonkungen.com\/produkt\/meguiars-one-solution-kallavfettning-extra-1l\/#primaryimage\",\"url\":\"https:\/\/xenonkungen.com\/wp-content\/uploads\/2025\/07\/PhotoRoom-20231221_112848_2-e1704790314605.png\",\"contentUrl\":\"https:\/\/xenonkungen.com\/wp-content\/uploads\/2025\/07\/PhotoRoom-20231221_112848_2-e1704790314605.png\",\"width\":542,\"height\":1047},{\"@type\":\"BreadcrumbList\",\"@id\":\"https:\/\/xenonkungen.com\/produkt\/meguiars-one-solution-kallavfettning-extra-1l\/#breadcrumb\",\"itemListElement\":[{\"@type\":\"ListItem\",\"position\":1,\"name\":\"Hem\",\"item\":\"https:\/\/xenonkungen.com\/\"},{\"@type\":\"ListItem\",\"position\":2,\"name\":\"Shop\",\"item\":\"https:\/\/xenonkungen.com\/shop\/\"},{\"@type\":\"ListItem\",\"position\":3,\"name\":\"Meguiar&#8217;s One Solution Kallavfettning Extra | 1L\"}]},{\"@type\":\"WebSite\",\"@id\":\"https:\/\/xenonkungen.com\/#website\",\"url\":\"https:\/\/xenonkungen.com\/\",\"name\":\"Xenonkungen\",\"description\":\"\",\"potentialAction\":[{\"@type\":\"SearchAction\",\"target\":{\"@type\":\"EntryPoint\",\"urlTemplate\":\"https:\/\/xenonkungen.com\/?s={search_term_string}\"},\"query-input\":{\"@type\":\"PropertyValueSpecification\",\"valueRequired\":true,\"valueName\":\"search_term_string\"}}],\"inLanguage\":\"fi\"}]}<\/script>\n<!-- \/ Yoast SEO plugin. -->","yoast_head_json":{"title":"Meguiar&#039;s One Solution kylm\u00e4puhdistusaine Extra | 1 l - Xenonkungen","robots":{"index":"index","follow":"follow","max-snippet":"max-snippet:-1","max-image-preview":"max-image-preview:large","max-video-preview":"max-video-preview:-1"},"canonical":"https:\/\/xenonkungen.com\/fi\/tuote\/meguiars-one-solution-kylmarasvanpoistoaine-extra-1-l\/","og_locale":"fi_FI","og_type":"article","og_title":"Meguiar's One Solution Kallavfettning Extra | 1L - Xenonkungen","og_description":"Kallavfettning med extra tillsatser som g\u00f6r produkten mer snabbverkande. L\u00e5g egendoft som medf\u00f6r b\u00e4ttre arbetsmilj\u00f6 f\u00f6r anv\u00e4ndaren.","og_url":"https:\/\/xenonkungen.com\/fi\/tuote\/meguiars-one-solution-kylmarasvanpoistoaine-extra-1-l\/","og_site_name":"Xenonkungen","article_modified_time":"2026-04-09T14:26:23+00:00","og_image":[{"width":542,"height":1047,"url":"https:\/\/xenonkungen.com\/wp-content\/uploads\/2025\/07\/PhotoRoom-20231221_112848_2-e1704790314605.png","type":"image\/png"}],"twitter_card":"summary_large_image","twitter_misc":{"Arvioitu lukuaika":"1 minuutti"},"schema":{"@context":"https:\/\/schema.org","@graph":[{"@type":"WebPage","@id":"https:\/\/xenonkungen.com\/produkt\/meguiars-one-solution-kallavfettning-extra-1l\/","url":"https:\/\/xenonkungen.com\/produkt\/meguiars-one-solution-kallavfettning-extra-1l\/","name":"Meguiar&#039;s One Solution kylm\u00e4puhdistusaine Extra | 1 l - Xenonkungen","isPartOf":{"@id":"https:\/\/xenonkungen.com\/#website"},"primaryImageOfPage":{"@id":"https:\/\/xenonkungen.com\/produkt\/meguiars-one-solution-kallavfettning-extra-1l\/#primaryimage"},"image":{"@id":"https:\/\/xenonkungen.com\/produkt\/meguiars-one-solution-kallavfettning-extra-1l\/#primaryimage"},"thumbnailUrl":"https:\/\/xenonkungen.com\/wp-content\/uploads\/2025\/07\/PhotoRoom-20231221_112848_2-e1704790314605.png","datePublished":"2025-07-02T11:37:50+00:00","dateModified":"2026-04-09T14:26:23+00:00","breadcrumb":{"@id":"https:\/\/xenonkungen.com\/produkt\/meguiars-one-solution-kallavfettning-extra-1l\/#breadcrumb"},"inLanguage":"fi","potentialAction":[{"@type":"ReadAction","target":["https:\/\/xenonkungen.com\/produkt\/meguiars-one-solution-kallavfettning-extra-1l\/"]}]},{"@type":"ImageObject","inLanguage":"fi","@id":"https:\/\/xenonkungen.com\/produkt\/meguiars-one-solution-kallavfettning-extra-1l\/#primaryimage","url":"https:\/\/xenonkungen.com\/wp-content\/uploads\/2025\/07\/PhotoRoom-20231221_112848_2-e1704790314605.png","contentUrl":"https:\/\/xenonkungen.com\/wp-content\/uploads\/2025\/07\/PhotoRoom-20231221_112848_2-e1704790314605.png","width":542,"height":1047},{"@type":"BreadcrumbList","@id":"https:\/\/xenonkungen.com\/produkt\/meguiars-one-solution-kallavfettning-extra-1l\/#breadcrumb","itemListElement":[{"@type":"ListItem","position":1,"name":"Hem","item":"https:\/\/xenonkungen.com\/"},{"@type":"ListItem","position":2,"name":"Shop","item":"https:\/\/xenonkungen.com\/shop\/"},{"@type":"ListItem","position":3,"name":"Meguiar&#8217;s One Solution Kallavfettning Extra | 1L"}]},{"@type":"WebSite","@id":"https:\/\/xenonkungen.com\/#website","url":"https:\/\/xenonkungen.com\/","name":"Xenonkungen","description":"","potentialAction":[{"@type":"SearchAction","target":{"@type":"EntryPoint","urlTemplate":"https:\/\/xenonkungen.com\/?s={search_term_string}"},"query-input":{"@type":"PropertyValueSpecification","valueRequired":true,"valueName":"search_term_string"}}],"inLanguage":"fi"}]}},"taxonomy_info":{"product_brand":[{"value":1383,"label":"Meguiar's"}],"product_cat":[{"value":2989,"label":"2 | Avfettning"},{"value":2622,"label":"F\u00f6rtv\u00e4tt"},{"value":378,"label":"Bilv\u00e5rd"}]},"featured_image_src_large":["https:\/\/xenonkungen.com\/wp-content\/uploads\/2025\/07\/PhotoRoom-20231221_112848_2-e1704790314605-530x1024.png",530,1024,true],"author_info":[],"comment_info":0,"_links":{"self":[{"href":"https:\/\/xenonkungen.com\/fi\/wp-json\/wp\/v2\/product\/12053","targetHints":{"allow":["GET"]}}],"collection":[{"href":"https:\/\/xenonkungen.com\/fi\/wp-json\/wp\/v2\/product"}],"about":[{"href":"https:\/\/xenonkungen.com\/fi\/wp-json\/wp\/v2\/types\/product"}],"replies":[{"embeddable":true,"href":"https:\/\/xenonkungen.com\/fi\/wp-json\/wp\/v2\/comments?post=12053"}],"wp:featuredmedia":[{"embeddable":true,"href":"https:\/\/xenonkungen.com\/fi\/wp-json\/wp\/v2\/media\/12054"}],"wp:attachment":[{"href":"https:\/\/xenonkungen.com\/fi\/wp-json\/wp\/v2\/media?parent=12053"}],"wp:term":[{"taxonomy":"anvandningsomrade","embeddable":true,"href":"https:\/\/xenonkungen.com\/fi\/wp-json\/wp\/v2\/anvandningsomrade?post=12053"},{"taxonomy":"bilmarken","embeddable":true,"href":"https:\/\/xenonkungen.com\/fi\/wp-json\/wp\/v2\/bilmarken?post=12053"},{"taxonomy":"product_brand","embeddable":true,"href":"https:\/\/xenonkungen.com\/fi\/wp-json\/wp\/v2\/product_brand?post=12053"},{"taxonomy":"product_cat","embeddable":true,"href":"https:\/\/xenonkungen.com\/fi\/wp-json\/wp\/v2\/product_cat?post=12053"},{"taxonomy":"product_tag","embeddable":true,"href":"https:\/\/xenonkungen.com\/fi\/wp-json\/wp\/v2\/product_tag?post=12053"}],"curies":[{"name":"wp","href":"https:\/\/api.w.org\/{rel}","templated":true}]}}