{"id":12085,"date":"2025-07-04T12:57:56","date_gmt":"2025-07-04T12:57:56","guid":{"rendered":"https:\/\/xenonkungen.com\/?post_type=product&#038;p=12085"},"modified":"2026-03-10T10:41:43","modified_gmt":"2026-03-10T09:41:43","slug":"airpods-pidike-jowua","status":"publish","type":"product","link":"https:\/\/xenonkungen.com\/fi\/tuote\/airpods-pidike-jowua\/","title":{"rendered":"AirPods-pidike Jowua"},"content":{"rendered":"<section>\n<h2>Langaton laturi AirPodsille - T\u00e4ydellinen Teslalle<\/h2>\n<p>Lataa AirPodit tai AirPods Pro -laitteesi helposti suoraan autossasi! T\u00e4m\u00e4 langaton laturi on t\u00e4ydellinen niille, joilla on jo langaton lataus Teslassaan ja jotka haluavat pit\u00e4\u00e4 kuulokkeet valmiina - olitpa sitten menossa t\u00f6ihin tai pitk\u00e4lle matkalle.<\/p>\n<p>Pidike on suunniteltu sopimaan <strong>kaikki AirPods-sukupolvet<\/strong> - jopa tulevaisuuden malleja silm\u00e4ll\u00e4 pit\u00e4en. \u00c4lyk\u00e4s ratkaisu j\u00e4rjestyksen ja toimivuuden takaamiseksi matkustamossasi.<\/p>\n<h3>T\u00e4m\u00e4 sis\u00e4ltyy:<\/h3>\n<ul>\n<li>1 langaton AirPods-laturi<\/li>\n<\/ul>\n<h3>Yhteensopiva:<\/h3>\n<ul>\n<li>Tesla Model S<\/li>\n<li>Tesla Model 3<\/li>\n<li>Tesla Model X<\/li>\n<li>Tesla Model Y<\/li>\n<\/ul>\n<p><strong>Yksinkertainen, tyylik\u00e4s ja toimiva - tee AirPodien lataamisesta luonnollinen osa auton sisustusta.<\/strong><\/p>\n<\/section>","protected":false},"excerpt":{"rendered":"<p>Tr\u00e5dl\u00f6s laddare f\u00f6r AirPods \u2013 Perfekt f\u00f6r Tesla Ladda dina AirPods eller AirPods Pro smidigt direkt i bilen! Denna tr\u00e5dl\u00f6sa laddare \u00e4r perfekt f\u00f6r dig som redan har tr\u00e5dl\u00f6s laddning i din Tesla och vill h\u00e5lla dina h\u00f6rlurar redo \u2013 oavsett om du \u00e4r p\u00e5 v\u00e4g till jobbet eller en l\u00e5ngresa. H\u00e5llaren \u00e4r designad f\u00f6r [&hellip;]<\/p>","protected":false},"featured_media":12091,"comment_status":"open","ping_status":"closed","template":"","meta":{"_acf_changed":false,"_smort_price_nok":"65","_smort_price_dkk":"132","_smort_price_eur":"17.73","_smort_sale_price_nok":"65","_smort_sale_price_dkk":"","_smort_sale_price_eur":"","smort_restorder":"","shipmondo_restorder":"","_kad_blocks_custom_css":"","_kad_blocks_head_custom_js":"","_kad_blocks_body_custom_js":"","_kad_blocks_footer_custom_js":"","smort_custom_pricelist_1":"156","smort_custom_pricelist_2":"156","smort_custom_pricelist_3":"156","smort_custom_pricelist_4":"156","smort_custom_pricelist_5":"156"},"anvandningsomrade":[],"bilmarken":[],"product_brand":[2792,117],"product_cat":[16],"product_tag":[],"class_list":{"0":"post-12085","1":"product","2":"type-product","3":"status-publish","4":"has-post-thumbnail","6":"product_brand-tesla","7":"product_brand-xenonkungen","8":"product_cat-uncategorized","10":"first","11":"instock","12":"taxable","13":"shipping-taxable","14":"purchasable","15":"product-type-simple"},"bundled_by":[],"bundle_stock_status":"instock","bundle_stock_quantity":1,"bundle_virtual":false,"bundle_layout":"","bundle_add_to_cart_form_location":"","bundle_editable_in_cart":false,"bundle_sold_individually_context":"","bundle_item_grouping":"","bundle_min_size":"","bundle_max_size":"","bundle_price":[],"bundled_items":[],"bundle_sell_ids":[],"acf":[],"yoast_head":"<!-- This site is optimized with the Yoast SEO plugin v27.0 - https:\/\/yoast.com\/product\/yoast-seo-wordpress\/ -->\n<title>AirPods h\u00e5llare Jowua - Xenonkungen<\/title>\n<meta name=\"robots\" content=\"index, follow, max-snippet:-1, max-image-preview:large, max-video-preview:-1\" \/>\n<link rel=\"canonical\" href=\"https:\/\/xenonkungen.com\/fi\/tuote\/airpods-pidike-jowua\/\" \/>\n<meta property=\"og:locale\" content=\"fi_FI\" \/>\n<meta property=\"og:type\" content=\"article\" \/>\n<meta property=\"og:title\" content=\"AirPods h\u00e5llare Jowua - Xenonkungen\" \/>\n<meta property=\"og:description\" content=\"Tr\u00e5dl\u00f6s laddare f\u00f6r AirPods \u2013 Perfekt f\u00f6r Tesla Ladda dina AirPods eller AirPods Pro smidigt direkt i bilen! Denna tr\u00e5dl\u00f6sa laddare \u00e4r perfekt f\u00f6r dig som redan har tr\u00e5dl\u00f6s laddning i din Tesla och vill h\u00e5lla dina h\u00f6rlurar redo \u2013 oavsett om du \u00e4r p\u00e5 v\u00e4g till jobbet eller en l\u00e5ngresa. H\u00e5llaren \u00e4r designad f\u00f6r [&hellip;]\" \/>\n<meta property=\"og:url\" content=\"https:\/\/xenonkungen.com\/fi\/tuote\/airpods-pidike-jowua\/\" \/>\n<meta property=\"og:site_name\" content=\"Xenonkungen\" \/>\n<meta property=\"article:modified_time\" content=\"2026-03-10T09:41:43+00:00\" \/>\n<meta property=\"og:image\" content=\"https:\/\/xenonkungen.com\/wp-content\/uploads\/2025\/07\/image_99ba141f-2c78-482f-88ff-05ae734bdc25.webp\" \/>\n\t<meta property=\"og:image:width\" content=\"493\" \/>\n\t<meta property=\"og:image:height\" content=\"329\" \/>\n\t<meta property=\"og:image:type\" content=\"image\/webp\" \/>\n<meta name=\"twitter:card\" content=\"summary_large_image\" \/>\n<meta name=\"twitter:label1\" content=\"Arvioitu lukuaika\" \/>\n\t<meta name=\"twitter:data1\" content=\"1 minuutti\" \/>\n<script type=\"application\/ld+json\" class=\"yoast-schema-graph\">{\"@context\":\"https:\/\/schema.org\",\"@graph\":[{\"@type\":\"WebPage\",\"@id\":\"https:\/\/xenonkungen.com\/produkt\/airpods-hallare-jowua\/\",\"url\":\"https:\/\/xenonkungen.com\/produkt\/airpods-hallare-jowua\/\",\"name\":\"AirPods h\u00e5llare Jowua - Xenonkungen\",\"isPartOf\":{\"@id\":\"https:\/\/xenonkungen.com\/#website\"},\"primaryImageOfPage\":{\"@id\":\"https:\/\/xenonkungen.com\/produkt\/airpods-hallare-jowua\/#primaryimage\"},\"image\":{\"@id\":\"https:\/\/xenonkungen.com\/produkt\/airpods-hallare-jowua\/#primaryimage\"},\"thumbnailUrl\":\"https:\/\/xenonkungen.com\/wp-content\/uploads\/2025\/07\/image_99ba141f-2c78-482f-88ff-05ae734bdc25.webp\",\"datePublished\":\"2025-07-04T12:57:56+00:00\",\"dateModified\":\"2026-03-10T09:41:43+00:00\",\"breadcrumb\":{\"@id\":\"https:\/\/xenonkungen.com\/produkt\/airpods-hallare-jowua\/#breadcrumb\"},\"inLanguage\":\"fi\",\"potentialAction\":[{\"@type\":\"ReadAction\",\"target\":[\"https:\/\/xenonkungen.com\/produkt\/airpods-hallare-jowua\/\"]}]},{\"@type\":\"ImageObject\",\"inLanguage\":\"fi\",\"@id\":\"https:\/\/xenonkungen.com\/produkt\/airpods-hallare-jowua\/#primaryimage\",\"url\":\"https:\/\/xenonkungen.com\/wp-content\/uploads\/2025\/07\/image_99ba141f-2c78-482f-88ff-05ae734bdc25.webp\",\"contentUrl\":\"https:\/\/xenonkungen.com\/wp-content\/uploads\/2025\/07\/image_99ba141f-2c78-482f-88ff-05ae734bdc25.webp\",\"width\":493,\"height\":329},{\"@type\":\"BreadcrumbList\",\"@id\":\"https:\/\/xenonkungen.com\/produkt\/airpods-hallare-jowua\/#breadcrumb\",\"itemListElement\":[{\"@type\":\"ListItem\",\"position\":1,\"name\":\"Hem\",\"item\":\"https:\/\/xenonkungen.com\/\"},{\"@type\":\"ListItem\",\"position\":2,\"name\":\"Shop\",\"item\":\"https:\/\/xenonkungen.com\/shop\/\"},{\"@type\":\"ListItem\",\"position\":3,\"name\":\"AirPods h\u00e5llare Jowua\"}]},{\"@type\":\"WebSite\",\"@id\":\"https:\/\/xenonkungen.com\/#website\",\"url\":\"https:\/\/xenonkungen.com\/\",\"name\":\"Xenonkungen\",\"description\":\"\",\"potentialAction\":[{\"@type\":\"SearchAction\",\"target\":{\"@type\":\"EntryPoint\",\"urlTemplate\":\"https:\/\/xenonkungen.com\/?s={search_term_string}\"},\"query-input\":{\"@type\":\"PropertyValueSpecification\",\"valueRequired\":true,\"valueName\":\"search_term_string\"}}],\"inLanguage\":\"fi\"}]}<\/script>\n<!-- \/ Yoast SEO plugin. -->","yoast_head_json":{"title":"AirPods-teline Jowua - Xenonkungen","robots":{"index":"index","follow":"follow","max-snippet":"max-snippet:-1","max-image-preview":"max-image-preview:large","max-video-preview":"max-video-preview:-1"},"canonical":"https:\/\/xenonkungen.com\/fi\/tuote\/airpods-pidike-jowua\/","og_locale":"fi_FI","og_type":"article","og_title":"AirPods h\u00e5llare Jowua - Xenonkungen","og_description":"Tr\u00e5dl\u00f6s laddare f\u00f6r AirPods \u2013 Perfekt f\u00f6r Tesla Ladda dina AirPods eller AirPods Pro smidigt direkt i bilen! Denna tr\u00e5dl\u00f6sa laddare \u00e4r perfekt f\u00f6r dig som redan har tr\u00e5dl\u00f6s laddning i din Tesla och vill h\u00e5lla dina h\u00f6rlurar redo \u2013 oavsett om du \u00e4r p\u00e5 v\u00e4g till jobbet eller en l\u00e5ngresa. H\u00e5llaren \u00e4r designad f\u00f6r [&hellip;]","og_url":"https:\/\/xenonkungen.com\/fi\/tuote\/airpods-pidike-jowua\/","og_site_name":"Xenonkungen","article_modified_time":"2026-03-10T09:41:43+00:00","og_image":[{"width":493,"height":329,"url":"https:\/\/xenonkungen.com\/wp-content\/uploads\/2025\/07\/image_99ba141f-2c78-482f-88ff-05ae734bdc25.webp","type":"image\/webp"}],"twitter_card":"summary_large_image","twitter_misc":{"Arvioitu lukuaika":"1 minuutti"},"schema":{"@context":"https:\/\/schema.org","@graph":[{"@type":"WebPage","@id":"https:\/\/xenonkungen.com\/produkt\/airpods-hallare-jowua\/","url":"https:\/\/xenonkungen.com\/produkt\/airpods-hallare-jowua\/","name":"AirPods-teline Jowua - Xenonkungen","isPartOf":{"@id":"https:\/\/xenonkungen.com\/#website"},"primaryImageOfPage":{"@id":"https:\/\/xenonkungen.com\/produkt\/airpods-hallare-jowua\/#primaryimage"},"image":{"@id":"https:\/\/xenonkungen.com\/produkt\/airpods-hallare-jowua\/#primaryimage"},"thumbnailUrl":"https:\/\/xenonkungen.com\/wp-content\/uploads\/2025\/07\/image_99ba141f-2c78-482f-88ff-05ae734bdc25.webp","datePublished":"2025-07-04T12:57:56+00:00","dateModified":"2026-03-10T09:41:43+00:00","breadcrumb":{"@id":"https:\/\/xenonkungen.com\/produkt\/airpods-hallare-jowua\/#breadcrumb"},"inLanguage":"fi","potentialAction":[{"@type":"ReadAction","target":["https:\/\/xenonkungen.com\/produkt\/airpods-hallare-jowua\/"]}]},{"@type":"ImageObject","inLanguage":"fi","@id":"https:\/\/xenonkungen.com\/produkt\/airpods-hallare-jowua\/#primaryimage","url":"https:\/\/xenonkungen.com\/wp-content\/uploads\/2025\/07\/image_99ba141f-2c78-482f-88ff-05ae734bdc25.webp","contentUrl":"https:\/\/xenonkungen.com\/wp-content\/uploads\/2025\/07\/image_99ba141f-2c78-482f-88ff-05ae734bdc25.webp","width":493,"height":329},{"@type":"BreadcrumbList","@id":"https:\/\/xenonkungen.com\/produkt\/airpods-hallare-jowua\/#breadcrumb","itemListElement":[{"@type":"ListItem","position":1,"name":"Hem","item":"https:\/\/xenonkungen.com\/"},{"@type":"ListItem","position":2,"name":"Shop","item":"https:\/\/xenonkungen.com\/shop\/"},{"@type":"ListItem","position":3,"name":"AirPods h\u00e5llare Jowua"}]},{"@type":"WebSite","@id":"https:\/\/xenonkungen.com\/#website","url":"https:\/\/xenonkungen.com\/","name":"Xenonkungen","description":"","potentialAction":[{"@type":"SearchAction","target":{"@type":"EntryPoint","urlTemplate":"https:\/\/xenonkungen.com\/?s={search_term_string}"},"query-input":{"@type":"PropertyValueSpecification","valueRequired":true,"valueName":"search_term_string"}}],"inLanguage":"fi"}]}},"taxonomy_info":{"product_brand":[{"value":2792,"label":"TESLA"},{"value":117,"label":"Xenonkungen"}],"product_cat":[{"value":16,"label":"Uncategorized"}]},"featured_image_src_large":["https:\/\/xenonkungen.com\/wp-content\/uploads\/2025\/07\/image_99ba141f-2c78-482f-88ff-05ae734bdc25.webp",493,329,false],"author_info":[],"comment_info":0,"_links":{"self":[{"href":"https:\/\/xenonkungen.com\/fi\/wp-json\/wp\/v2\/product\/12085","targetHints":{"allow":["GET"]}}],"collection":[{"href":"https:\/\/xenonkungen.com\/fi\/wp-json\/wp\/v2\/product"}],"about":[{"href":"https:\/\/xenonkungen.com\/fi\/wp-json\/wp\/v2\/types\/product"}],"replies":[{"embeddable":true,"href":"https:\/\/xenonkungen.com\/fi\/wp-json\/wp\/v2\/comments?post=12085"}],"wp:featuredmedia":[{"embeddable":true,"href":"https:\/\/xenonkungen.com\/fi\/wp-json\/wp\/v2\/media\/12091"}],"wp:attachment":[{"href":"https:\/\/xenonkungen.com\/fi\/wp-json\/wp\/v2\/media?parent=12085"}],"wp:term":[{"taxonomy":"anvandningsomrade","embeddable":true,"href":"https:\/\/xenonkungen.com\/fi\/wp-json\/wp\/v2\/anvandningsomrade?post=12085"},{"taxonomy":"bilmarken","embeddable":true,"href":"https:\/\/xenonkungen.com\/fi\/wp-json\/wp\/v2\/bilmarken?post=12085"},{"taxonomy":"product_brand","embeddable":true,"href":"https:\/\/xenonkungen.com\/fi\/wp-json\/wp\/v2\/product_brand?post=12085"},{"taxonomy":"product_cat","embeddable":true,"href":"https:\/\/xenonkungen.com\/fi\/wp-json\/wp\/v2\/product_cat?post=12085"},{"taxonomy":"product_tag","embeddable":true,"href":"https:\/\/xenonkungen.com\/fi\/wp-json\/wp\/v2\/product_tag?post=12085"}],"curies":[{"name":"wp","href":"https:\/\/api.w.org\/{rel}","templated":true}]}}