{"id":1217,"date":"2025-04-15T08:01:28","date_gmt":"2025-04-15T08:01:28","guid":{"rendered":"https:\/\/xenonkungen.com\/product\/t10w5w-super-canbus-5w\/"},"modified":"2026-04-24T16:53:51","modified_gmt":"2026-04-24T15:53:51","slug":"t10w5w-super-canbus-5w","status":"publish","type":"product","link":"https:\/\/xenonkungen.com\/fi\/tuote\/t10w5w-super-canbus-5w\/","title":{"rendered":"T10|W5W Super Canbus | 5W"},"content":{"rendered":"<p>T\u00e4m\u00e4 lamppu antaa valkoista rapeaa valoa 360 astetta ymp\u00e4rill\u00e4 ja p\u00e4\u00e4ll\u00e4.<br \/>\nSe voi korvata mink\u00e4 tahansa W5W-lampun plug and play -periaatteella, vaikka ajoneuvo ei edellytt\u00e4isi Canbus-j\u00e4rjestelm\u00e4\u00e4. T\u00e4m\u00e4 lamppu on suunniteltu poistamaan nykyaikaisten autojen lamppuvikavaroitukset, joten siin\u00e4 se tekee ty\u00f6ns\u00e4 parhaiten.<\/p>\n<p><strong>Tekniset tiedot<\/strong><br \/>\nT10 Super Canbus | 5W<br \/>\nPistorasia: T10 W5W<br \/>\nCanbus: 5.4W<br \/>\nLumen: 470lm<br \/>\nV\u00e4ril\u00e4mp\u00f6tila: 6500K<br \/>\nJ\u00e4nnite: 9-30V DC<\/p>\n<p><strong>Hyv\u00e4 tiet\u00e4\u00e4<\/strong><br \/>\nHalogeenin tavallinen W5W antaa noin 50 lumenia, kun taas t\u00e4m\u00e4 lamppu antaa jopa 470 lumenia, joten se voi olla liian voimakas valossa joissakin paikoissa, joissa se on asennettu.<br \/>\nValikoimassamme on my\u00f6s muita T10-lamppuja, jotka antavat v\u00e4hemm\u00e4n valoa.<\/p>\n<p><strong>Takuu:<\/strong> 2 vuotta<\/p>\n<p><strong>Toimitettu sis\u00e4lt\u00f6:<\/strong> 2 kpl \/ 1 pari T10 Super Canbus LED<\/p>","protected":false},"excerpt":{"rendered":"<p>T\u00e4m\u00e4 Canbus vahva diodi led-lamppu W5W on kokonaisuudessaan <b> 5,4 W ja per\u00e4ti 470 lm<\/b><\/p>\n<p><b>Monij\u00e4nnite 9\u201330 VDC <\/b>jota voidaan k\u00e4ytt\u00e4\u00e4 useisiin eri tarkoituksiin.<\/p>\n<p>Seisontavalot, rekisterikilven valot, sis\u00e4valaistus jne. miss\u00e4 tarvitset hyv\u00e4n Canbus-turvallisen valon.<\/p>\n<p><b>Premium-diodilamppu<br \/>\n<\/b> Pistorasia: T10 W5W<br \/>\nCanbus: Kyll\u00e4, 5,4 W<br \/>\nLumen: 470lm<br \/>\nV\u00e4ril\u00e4mp\u00f6tila: 6500K<br \/>\nVoltti: 9-30VDC<br \/>\nTakuu: 2 vuotta<\/p>\n<p><b>Toimituksen sis\u00e4lt\u00f6<\/b> Toimitetaan pareittain<\/p>","protected":false},"featured_media":1218,"comment_status":"closed","ping_status":"closed","template":"","meta":{"_acf_changed":false,"_smort_price_nok":"287","_smort_price_dkk":"183","_smort_price_eur":"24.45","_smort_sale_price_nok":"","_smort_sale_price_dkk":"","_smort_sale_price_eur":"","smort_restorder":"","shipmondo_restorder":"","_kad_blocks_custom_css":"","_kad_blocks_head_custom_js":"","_kad_blocks_body_custom_js":"","_kad_blocks_footer_custom_js":"","smort_custom_pricelist_1":"172.16","smort_custom_pricelist_2":"150.64","smort_custom_pricelist_3":"143.11","smort_custom_pricelist_4":"215.2","smort_custom_pricelist_5":"150.64"},"anvandningsomrade":[],"bilmarken":[],"product_brand":[117],"product_cat":[2533,338],"product_tag":[],"class_list":{"0":"post-1217","1":"product","2":"type-product","3":"status-publish","4":"has-post-thumbnail","6":"product_brand-xenonkungen","7":"product_cat-t10-diodlampor","8":"product_cat-diodlampor","9":"pa_faktisk-effekts-forbrukning-385","10":"pa_fargtemperatur-6500k","11":"pa_lampsockel-kontakt-t10-w5w","12":"pa_storlek-mm-384","13":"pa_volt-v-12-24-multivolt","15":"first","16":"instock","17":"taxable","18":"shipping-taxable","19":"purchasable","20":"product-type-simple"},"bundled_by":[],"bundle_stock_status":"instock","bundle_stock_quantity":149,"bundle_virtual":false,"bundle_layout":"","bundle_add_to_cart_form_location":"","bundle_editable_in_cart":false,"bundle_sold_individually_context":"","bundle_item_grouping":"","bundle_min_size":"","bundle_max_size":"","bundle_price":[],"bundled_items":[],"bundle_sell_ids":[],"acf":[],"yoast_head":"<!-- This site is optimized with the Yoast SEO plugin v27.0 - https:\/\/yoast.com\/product\/yoast-seo-wordpress\/ -->\n<title>T10|W5W Super Canbus | 5W - Xenonkungen<\/title>\n<meta name=\"robots\" content=\"index, follow, max-snippet:-1, max-image-preview:large, max-video-preview:-1\" \/>\n<link rel=\"canonical\" href=\"https:\/\/xenonkungen.com\/fi\/tuote\/t10w5w-super-canbus-5w\/\" \/>\n<meta property=\"og:locale\" content=\"fi_FI\" \/>\n<meta property=\"og:type\" content=\"article\" \/>\n<meta property=\"og:title\" content=\"T10|W5W Super Canbus | 5W - Xenonkungen\" \/>\n<meta property=\"og:description\" content=\"Denna Canbus starka diod led lampan W5W \u00e4r p\u00e5 hela 5,4w med hela 470lm  Mulivolt 9-30VDC som kan anv\u00e4ndas till flera olika \u00e4ndam\u00e5l .  Positionsljus , Reg belysning , Innerbelysning mm d\u00e4r du beh\u00f6ver en bra canbus s\u00e4ker lampa .  Premium diodlampa  Sockel: T10 W5W Canbus: Ja , 5.4W Lumen: 470lm F\u00e4rgtemperatur: 6500K Volt: 9-30VDC Garanti: 2 \u00e5r  Leveransinneh\u00e5ll Levereras parvis\" \/>\n<meta property=\"og:url\" content=\"https:\/\/xenonkungen.com\/fi\/tuote\/t10w5w-super-canbus-5w\/\" \/>\n<meta property=\"og:site_name\" content=\"Xenonkungen\" \/>\n<meta property=\"article:modified_time\" content=\"2026-04-24T15:53:51+00:00\" \/>\n<meta property=\"og:image\" content=\"https:\/\/xenonkungen.com\/wp-content\/uploads\/2025\/04\/169699553-origpic-926902.png\" \/>\n\t<meta property=\"og:image:width\" content=\"1000\" \/>\n\t<meta property=\"og:image:height\" content=\"1000\" \/>\n\t<meta property=\"og:image:type\" content=\"image\/png\" \/>\n<meta name=\"twitter:card\" content=\"summary_large_image\" \/>\n<meta name=\"twitter:label1\" content=\"Arvioitu lukuaika\" \/>\n\t<meta name=\"twitter:data1\" content=\"1 minuutti\" \/>\n<script type=\"application\/ld+json\" class=\"yoast-schema-graph\">{\"@context\":\"https:\/\/schema.org\",\"@graph\":[{\"@type\":\"WebPage\",\"@id\":\"https:\/\/xenonkungen.com\/nl\/product\/t10w5w-super-canbus-5w\/\",\"url\":\"https:\/\/xenonkungen.com\/nl\/product\/t10w5w-super-canbus-5w\/\",\"name\":\"T10|W5W Super Canbus | 5W - Xenonkungen\",\"isPartOf\":{\"@id\":\"https:\/\/xenonkungen.com\/#website\"},\"primaryImageOfPage\":{\"@id\":\"https:\/\/xenonkungen.com\/nl\/product\/t10w5w-super-canbus-5w\/#primaryimage\"},\"image\":{\"@id\":\"https:\/\/xenonkungen.com\/nl\/product\/t10w5w-super-canbus-5w\/#primaryimage\"},\"thumbnailUrl\":\"https:\/\/xenonkungen.com\/wp-content\/uploads\/2025\/04\/169699553-origpic-926902.png\",\"datePublished\":\"2025-04-15T08:01:28+00:00\",\"dateModified\":\"2026-04-24T15:53:51+00:00\",\"breadcrumb\":{\"@id\":\"https:\/\/xenonkungen.com\/nl\/product\/t10w5w-super-canbus-5w\/#breadcrumb\"},\"inLanguage\":\"fi\",\"potentialAction\":[{\"@type\":\"ReadAction\",\"target\":[\"https:\/\/xenonkungen.com\/nl\/product\/t10w5w-super-canbus-5w\/\"]}]},{\"@type\":\"ImageObject\",\"inLanguage\":\"fi\",\"@id\":\"https:\/\/xenonkungen.com\/nl\/product\/t10w5w-super-canbus-5w\/#primaryimage\",\"url\":\"https:\/\/xenonkungen.com\/wp-content\/uploads\/2025\/04\/169699553-origpic-926902.png\",\"contentUrl\":\"https:\/\/xenonkungen.com\/wp-content\/uploads\/2025\/04\/169699553-origpic-926902.png\",\"width\":1000,\"height\":1000},{\"@type\":\"BreadcrumbList\",\"@id\":\"https:\/\/xenonkungen.com\/nl\/product\/t10w5w-super-canbus-5w\/#breadcrumb\",\"itemListElement\":[{\"@type\":\"ListItem\",\"position\":1,\"name\":\"Hem\",\"item\":\"https:\/\/xenonkungen.com\/\"},{\"@type\":\"ListItem\",\"position\":2,\"name\":\"Shop\",\"item\":\"https:\/\/xenonkungen.com\/shop\/\"},{\"@type\":\"ListItem\",\"position\":3,\"name\":\"T10|W5W Super Canbus | 5W\"}]},{\"@type\":\"WebSite\",\"@id\":\"https:\/\/xenonkungen.com\/#website\",\"url\":\"https:\/\/xenonkungen.com\/\",\"name\":\"Xenonkungen\",\"description\":\"\",\"potentialAction\":[{\"@type\":\"SearchAction\",\"target\":{\"@type\":\"EntryPoint\",\"urlTemplate\":\"https:\/\/xenonkungen.com\/?s={search_term_string}\"},\"query-input\":{\"@type\":\"PropertyValueSpecification\",\"valueRequired\":true,\"valueName\":\"search_term_string\"}}],\"inLanguage\":\"fi\"}]}<\/script>\n<!-- \/ Yoast SEO plugin. -->","yoast_head_json":{"title":"T10|W5W Super Canbus | 5W - Ksenonkuningas","robots":{"index":"index","follow":"follow","max-snippet":"max-snippet:-1","max-image-preview":"max-image-preview:large","max-video-preview":"max-video-preview:-1"},"canonical":"https:\/\/xenonkungen.com\/fi\/tuote\/t10w5w-super-canbus-5w\/","og_locale":"fi_FI","og_type":"article","og_title":"T10|W5W Super Canbus | 5W - Xenonkungen","og_description":"Denna Canbus starka diod led lampan W5W \u00e4r p\u00e5 hela 5,4w med hela 470lm  Mulivolt 9-30VDC som kan anv\u00e4ndas till flera olika \u00e4ndam\u00e5l .  Positionsljus , Reg belysning , Innerbelysning mm d\u00e4r du beh\u00f6ver en bra canbus s\u00e4ker lampa .  Premium diodlampa  Sockel: T10 W5W Canbus: Ja , 5.4W Lumen: 470lm F\u00e4rgtemperatur: 6500K Volt: 9-30VDC Garanti: 2 \u00e5r  Leveransinneh\u00e5ll Levereras parvis","og_url":"https:\/\/xenonkungen.com\/fi\/tuote\/t10w5w-super-canbus-5w\/","og_site_name":"Xenonkungen","article_modified_time":"2026-04-24T15:53:51+00:00","og_image":[{"width":1000,"height":1000,"url":"https:\/\/xenonkungen.com\/wp-content\/uploads\/2025\/04\/169699553-origpic-926902.png","type":"image\/png"}],"twitter_card":"summary_large_image","twitter_misc":{"Arvioitu lukuaika":"1 minuutti"},"schema":{"@context":"https:\/\/schema.org","@graph":[{"@type":"WebPage","@id":"https:\/\/xenonkungen.com\/nl\/product\/t10w5w-super-canbus-5w\/","url":"https:\/\/xenonkungen.com\/nl\/product\/t10w5w-super-canbus-5w\/","name":"T10|W5W Super Canbus | 5W - Ksenonkuningas","isPartOf":{"@id":"https:\/\/xenonkungen.com\/#website"},"primaryImageOfPage":{"@id":"https:\/\/xenonkungen.com\/nl\/product\/t10w5w-super-canbus-5w\/#primaryimage"},"image":{"@id":"https:\/\/xenonkungen.com\/nl\/product\/t10w5w-super-canbus-5w\/#primaryimage"},"thumbnailUrl":"https:\/\/xenonkungen.com\/wp-content\/uploads\/2025\/04\/169699553-origpic-926902.png","datePublished":"2025-04-15T08:01:28+00:00","dateModified":"2026-04-24T15:53:51+00:00","breadcrumb":{"@id":"https:\/\/xenonkungen.com\/nl\/product\/t10w5w-super-canbus-5w\/#breadcrumb"},"inLanguage":"fi","potentialAction":[{"@type":"ReadAction","target":["https:\/\/xenonkungen.com\/nl\/product\/t10w5w-super-canbus-5w\/"]}]},{"@type":"ImageObject","inLanguage":"fi","@id":"https:\/\/xenonkungen.com\/nl\/product\/t10w5w-super-canbus-5w\/#primaryimage","url":"https:\/\/xenonkungen.com\/wp-content\/uploads\/2025\/04\/169699553-origpic-926902.png","contentUrl":"https:\/\/xenonkungen.com\/wp-content\/uploads\/2025\/04\/169699553-origpic-926902.png","width":1000,"height":1000},{"@type":"BreadcrumbList","@id":"https:\/\/xenonkungen.com\/nl\/product\/t10w5w-super-canbus-5w\/#breadcrumb","itemListElement":[{"@type":"ListItem","position":1,"name":"Hem","item":"https:\/\/xenonkungen.com\/"},{"@type":"ListItem","position":2,"name":"Shop","item":"https:\/\/xenonkungen.com\/shop\/"},{"@type":"ListItem","position":3,"name":"T10|W5W Super Canbus | 5W"}]},{"@type":"WebSite","@id":"https:\/\/xenonkungen.com\/#website","url":"https:\/\/xenonkungen.com\/","name":"Xenonkungen","description":"","potentialAction":[{"@type":"SearchAction","target":{"@type":"EntryPoint","urlTemplate":"https:\/\/xenonkungen.com\/?s={search_term_string}"},"query-input":{"@type":"PropertyValueSpecification","valueRequired":true,"valueName":"search_term_string"}}],"inLanguage":"fi"}]}},"taxonomy_info":{"product_brand":[{"value":117,"label":"Xenonkungen"}],"product_cat":[{"value":2533,"label":"T10"},{"value":338,"label":"Diodlampor"}],"pa_faktisk-effekts-forbrukning":[{"value":385,"label":"5,4"}],"pa_fargtemperatur":[{"value":353,"label":"6500K"}],"pa_lampsockel-kontakt":[{"value":386,"label":"T10, W5W"}],"pa_storlek-mm":[{"value":384,"label":"10"}],"pa_volt-v":[{"value":367,"label":"12, 24, Multivolt"}]},"featured_image_src_large":["https:\/\/xenonkungen.com\/wp-content\/uploads\/2025\/04\/169699553-origpic-926902.png",1000,1000,false],"author_info":[],"comment_info":1,"_links":{"self":[{"href":"https:\/\/xenonkungen.com\/fi\/wp-json\/wp\/v2\/product\/1217","targetHints":{"allow":["GET"]}}],"collection":[{"href":"https:\/\/xenonkungen.com\/fi\/wp-json\/wp\/v2\/product"}],"about":[{"href":"https:\/\/xenonkungen.com\/fi\/wp-json\/wp\/v2\/types\/product"}],"replies":[{"embeddable":true,"href":"https:\/\/xenonkungen.com\/fi\/wp-json\/wp\/v2\/comments?post=1217"}],"wp:featuredmedia":[{"embeddable":true,"href":"https:\/\/xenonkungen.com\/fi\/wp-json\/wp\/v2\/media\/1218"}],"wp:attachment":[{"href":"https:\/\/xenonkungen.com\/fi\/wp-json\/wp\/v2\/media?parent=1217"}],"wp:term":[{"taxonomy":"anvandningsomrade","embeddable":true,"href":"https:\/\/xenonkungen.com\/fi\/wp-json\/wp\/v2\/anvandningsomrade?post=1217"},{"taxonomy":"bilmarken","embeddable":true,"href":"https:\/\/xenonkungen.com\/fi\/wp-json\/wp\/v2\/bilmarken?post=1217"},{"taxonomy":"product_brand","embeddable":true,"href":"https:\/\/xenonkungen.com\/fi\/wp-json\/wp\/v2\/product_brand?post=1217"},{"taxonomy":"product_cat","embeddable":true,"href":"https:\/\/xenonkungen.com\/fi\/wp-json\/wp\/v2\/product_cat?post=1217"},{"taxonomy":"product_tag","embeddable":true,"href":"https:\/\/xenonkungen.com\/fi\/wp-json\/wp\/v2\/product_tag?post=1217"}],"curies":[{"name":"wp","href":"https:\/\/api.w.org\/{rel}","templated":true}]}}