{"id":12326,"date":"2025-08-13T09:07:36","date_gmt":"2025-08-13T09:07:36","guid":{"rendered":"https:\/\/xenonkungen.com\/?post_type=product&#038;p=12326"},"modified":"2026-04-10T23:47:55","modified_gmt":"2026-04-10T22:47:55","slug":"luxtar-led-kohdelamppu-x10","status":"publish","type":"product","link":"https:\/\/xenonkungen.com\/fi\/tuote\/luxtar-led-kohdelamppu-x10\/","title":{"rendered":"LUXTAR\u00ae Ledramp X10 | Kohdevalo <31cm>"},"content":{"rendered":"<p>Malli X10 on <strong>S\u00e4hk\u00f6inen valtuutus<\/strong> ja 31 cm pitk\u00e4 LED-lis\u00e4valo. X10 kuuluu X-sarjan valopalkkien lyhyemp\u00e4\u00e4n segmenttiin ja tekee mallista sopivan esimerkiksi asennettavaksi ajoneuvon maskiin tai riippuvaksi.<\/p>\n<p>Luxtar X-sarjan LED-lis\u00e4valoissa on ainutlaatuinen muotoilu ja niille on ominaista sivuille asennetuilla diodilampuilla varustetut heijastimet, jotka parantavat suorituskyky\u00e4 merkitt\u00e4v\u00e4sti.<\/p>\n<p><strong>100 W | 10 000 lumenia<\/strong> ovat teoreettiset arvot <strong>Luxtar X10<\/strong> ja jonka voit ottaa huomioon vertaillessasi sit\u00e4 muihin markkinoilla oleviin vaihtoehtoihin, jotka painottavat teoreettisia teht\u00e4vi\u00e4.<\/p>\n<p><strong>74,4 W | 5 127 lumenia<\/strong> ovat LEDramp X10:n todelliset arvot ja verrattuna halogeenilamppuun 55W | 1000lm (+1-200) Luxtar LED-ramp X10 tarjoaa hieman yli <strong>4 kertaa enemm\u00e4n valoa<\/strong> ajoradalla.<\/p>\n<p><strong>K\u00e4ytt\u00f6alueet<\/strong><br \/>\nLED-ramppi autolle | Henkil\u00f6auto | Hy\u00f6tyajoneuvo | M\u00f6nkij\u00e4 | M\u00f6nkij\u00e4 | Maastoajoneuvo | Skootteri<\/p>\n<p>X10 Drivingin kantama on 1 luksia noin 320 metriss\u00e4, joka laskee 0,25 luksiin noin 490 metriss\u00e4.<\/p>\n<p><strong>Heijastimen \/ valokuvion valinta<\/strong><br \/>\nSpot-valo on optimoitu maksimaaliselle kantamalle ja kapealle sek\u00e4 pitk\u00e4lle valokuviolle<\/p>\n<p>Luxtar X-sarja kohdeheijastimilla sopii niille, jotka priorisoivat valon kantamaa tai suuremmilla nopeuksilla, jolloin tarkennus on luonnostaan pidemmill\u00e4 et\u00e4isyyksill\u00e4.<\/p>","protected":false},"excerpt":{"rendered":"<p>LUXTAR\u00ae LED-valonheitin X10 E-hyv\u00e4ksytty | 100 W:n LED 310 mm:n E-merkityss\u00e4 LED-valonheittimess\u00e4 tuottaa huimat 5 127 lumenia. T\u00e4m\u00e4 vastaa 3\u20134 halogeenilis\u00e4valoa.<\/p>","protected":false},"featured_media":12327,"comment_status":"open","ping_status":"closed","template":"","meta":{"_acf_changed":false,"_smort_price_nok":"561","_smort_price_dkk":"1150","_smort_price_eur":"154.08","_smort_sale_price_nok":"561","_smort_sale_price_dkk":"","_smort_sale_price_eur":"81.36","smort_restorder":"","shipmondo_restorder":"","_kad_blocks_custom_css":"","_kad_blocks_head_custom_js":"","_kad_blocks_body_custom_js":"","_kad_blocks_footer_custom_js":"","smort_custom_pricelist_1":"1084.8","smort_custom_pricelist_2":"700","smort_custom_pricelist_3":"665","smort_custom_pricelist_4":"1356","smort_custom_pricelist_5":"700"},"anvandningsomrade":[],"bilmarken":[],"product_brand":[103],"product_cat":[2966,2826,2824,2161],"product_tag":[],"class_list":{"0":"post-12326","1":"product","2":"type-product","3":"status-publish","4":"has-post-thumbnail","6":"product_brand-luxtar","7":"product_cat-ledramp-rak","8":"product_cat-luxtar","9":"product_cat-luxtar-ledramper","10":"product_cat-luxtar-x-serie","12":"first","13":"outofstock","14":"sale","15":"taxable","16":"shipping-taxable","17":"purchasable","18":"product-type-simple"},"bundled_by":[],"bundle_stock_status":"outofstock","bundle_stock_quantity":-5,"bundle_virtual":false,"bundle_layout":"","bundle_add_to_cart_form_location":"","bundle_editable_in_cart":false,"bundle_sold_individually_context":"","bundle_item_grouping":"","bundle_min_size":"","bundle_max_size":"","bundle_price":[],"bundled_items":[],"bundle_sell_ids":[],"acf":[],"yoast_head":"<!-- This site is optimized with the Yoast SEO plugin v27.0 - https:\/\/yoast.com\/product\/yoast-seo-wordpress\/ -->\n<title>LUXTAR\u00ae Ledramp X10 | Spot  - Xenonkungen<\/title>\n<meta name=\"robots\" content=\"index, follow, max-snippet:-1, max-image-preview:large, max-video-preview:-1\" \/>\n<link rel=\"canonical\" href=\"https:\/\/xenonkungen.com\/fi\/tuote\/luxtar-led-kohdelamppu-x10\/\" \/>\n<meta property=\"og:locale\" content=\"fi_FI\" \/>\n<meta property=\"og:type\" content=\"article\" \/>\n<meta property=\"og:title\" content=\"LUXTAR\u00ae Ledramp X10 | Spot  - Xenonkungen\" \/>\n<meta property=\"og:description\" content=\"LUXTAR\u00ae Ledramp X10 E-godk\u00e4nd | 100W LED i en 310mm E-m\u00e4rkt ledramp ger hela 5 127 faktiska lumen. Det motsvarar 3-4 halogen extraljus.\" \/>\n<meta property=\"og:url\" content=\"https:\/\/xenonkungen.com\/fi\/tuote\/luxtar-led-kohdelamppu-x10\/\" \/>\n<meta property=\"og:site_name\" content=\"Xenonkungen\" \/>\n<meta property=\"article:modified_time\" content=\"2026-04-10T22:47:55+00:00\" \/>\n<meta property=\"og:image\" content=\"https:\/\/xenonkungen.com\/wp-content\/uploads\/2025\/08\/31558042-origpic-8d903a.png\" \/>\n\t<meta property=\"og:image:width\" content=\"1000\" \/>\n\t<meta property=\"og:image:height\" content=\"1000\" \/>\n\t<meta property=\"og:image:type\" content=\"image\/png\" \/>\n<meta name=\"twitter:card\" content=\"summary_large_image\" \/>\n<meta name=\"twitter:label1\" content=\"Arvioitu lukuaika\" \/>\n\t<meta name=\"twitter:data1\" content=\"2 minuuttia\" \/>\n<script type=\"application\/ld+json\" class=\"yoast-schema-graph\">{\"@context\":\"https:\/\/schema.org\",\"@graph\":[{\"@type\":\"WebPage\",\"@id\":\"https:\/\/xenonkungen.com\/produkt\/luxtar-ledramp-x10-spot\/\",\"url\":\"https:\/\/xenonkungen.com\/produkt\/luxtar-ledramp-x10-spot\/\",\"name\":\"LUXTAR\u00ae Ledramp X10 | Spot - Xenonkungen\",\"isPartOf\":{\"@id\":\"https:\/\/xenonkungen.com\/#website\"},\"primaryImageOfPage\":{\"@id\":\"https:\/\/xenonkungen.com\/produkt\/luxtar-ledramp-x10-spot\/#primaryimage\"},\"image\":{\"@id\":\"https:\/\/xenonkungen.com\/produkt\/luxtar-ledramp-x10-spot\/#primaryimage\"},\"thumbnailUrl\":\"https:\/\/xenonkungen.com\/wp-content\/uploads\/2025\/08\/31558042-origpic-8d903a.png\",\"datePublished\":\"2025-08-13T09:07:36+00:00\",\"dateModified\":\"2026-04-10T22:47:55+00:00\",\"breadcrumb\":{\"@id\":\"https:\/\/xenonkungen.com\/produkt\/luxtar-ledramp-x10-spot\/#breadcrumb\"},\"inLanguage\":\"fi\",\"potentialAction\":[{\"@type\":\"ReadAction\",\"target\":[\"https:\/\/xenonkungen.com\/produkt\/luxtar-ledramp-x10-spot\/\"]}]},{\"@type\":\"ImageObject\",\"inLanguage\":\"fi\",\"@id\":\"https:\/\/xenonkungen.com\/produkt\/luxtar-ledramp-x10-spot\/#primaryimage\",\"url\":\"https:\/\/xenonkungen.com\/wp-content\/uploads\/2025\/08\/31558042-origpic-8d903a.png\",\"contentUrl\":\"https:\/\/xenonkungen.com\/wp-content\/uploads\/2025\/08\/31558042-origpic-8d903a.png\",\"width\":1000,\"height\":1000},{\"@type\":\"BreadcrumbList\",\"@id\":\"https:\/\/xenonkungen.com\/produkt\/luxtar-ledramp-x10-spot\/#breadcrumb\",\"itemListElement\":[{\"@type\":\"ListItem\",\"position\":1,\"name\":\"Hem\",\"item\":\"https:\/\/xenonkungen.com\/\"},{\"@type\":\"ListItem\",\"position\":2,\"name\":\"Shop\",\"item\":\"https:\/\/xenonkungen.com\/shop\/\"},{\"@type\":\"ListItem\",\"position\":3,\"name\":\"LUXTAR\u00ae Ledramp X10 | Spot\"}]},{\"@type\":\"WebSite\",\"@id\":\"https:\/\/xenonkungen.com\/#website\",\"url\":\"https:\/\/xenonkungen.com\/\",\"name\":\"Xenonkungen\",\"description\":\"\",\"potentialAction\":[{\"@type\":\"SearchAction\",\"target\":{\"@type\":\"EntryPoint\",\"urlTemplate\":\"https:\/\/xenonkungen.com\/?s={search_term_string}\"},\"query-input\":{\"@type\":\"PropertyValueSpecification\",\"valueRequired\":true,\"valueName\":\"search_term_string\"}}],\"inLanguage\":\"fi\"}]}<\/script>\n<!-- \/ Yoast SEO plugin. -->","yoast_head_json":{"title":"LUXTAR\u00ae LED-ramppi X10 | Kohdevalo - Xenonkungen","robots":{"index":"index","follow":"follow","max-snippet":"max-snippet:-1","max-image-preview":"max-image-preview:large","max-video-preview":"max-video-preview:-1"},"canonical":"https:\/\/xenonkungen.com\/fi\/tuote\/luxtar-led-kohdelamppu-x10\/","og_locale":"fi_FI","og_type":"article","og_title":"LUXTAR\u00ae Ledramp X10 | Spot  - Xenonkungen","og_description":"LUXTAR\u00ae Ledramp X10 E-godk\u00e4nd | 100W LED i en 310mm E-m\u00e4rkt ledramp ger hela 5 127 faktiska lumen. Det motsvarar 3-4 halogen extraljus.","og_url":"https:\/\/xenonkungen.com\/fi\/tuote\/luxtar-led-kohdelamppu-x10\/","og_site_name":"Xenonkungen","article_modified_time":"2026-04-10T22:47:55+00:00","og_image":[{"width":1000,"height":1000,"url":"https:\/\/xenonkungen.com\/wp-content\/uploads\/2025\/08\/31558042-origpic-8d903a.png","type":"image\/png"}],"twitter_card":"summary_large_image","twitter_misc":{"Arvioitu lukuaika":"2 minuuttia"},"schema":{"@context":"https:\/\/schema.org","@graph":[{"@type":"WebPage","@id":"https:\/\/xenonkungen.com\/produkt\/luxtar-ledramp-x10-spot\/","url":"https:\/\/xenonkungen.com\/produkt\/luxtar-ledramp-x10-spot\/","name":"LUXTAR\u00ae LED-ramppi X10 | Kohdevalo - Xenonkungen","isPartOf":{"@id":"https:\/\/xenonkungen.com\/#website"},"primaryImageOfPage":{"@id":"https:\/\/xenonkungen.com\/produkt\/luxtar-ledramp-x10-spot\/#primaryimage"},"image":{"@id":"https:\/\/xenonkungen.com\/produkt\/luxtar-ledramp-x10-spot\/#primaryimage"},"thumbnailUrl":"https:\/\/xenonkungen.com\/wp-content\/uploads\/2025\/08\/31558042-origpic-8d903a.png","datePublished":"2025-08-13T09:07:36+00:00","dateModified":"2026-04-10T22:47:55+00:00","breadcrumb":{"@id":"https:\/\/xenonkungen.com\/produkt\/luxtar-ledramp-x10-spot\/#breadcrumb"},"inLanguage":"fi","potentialAction":[{"@type":"ReadAction","target":["https:\/\/xenonkungen.com\/produkt\/luxtar-ledramp-x10-spot\/"]}]},{"@type":"ImageObject","inLanguage":"fi","@id":"https:\/\/xenonkungen.com\/produkt\/luxtar-ledramp-x10-spot\/#primaryimage","url":"https:\/\/xenonkungen.com\/wp-content\/uploads\/2025\/08\/31558042-origpic-8d903a.png","contentUrl":"https:\/\/xenonkungen.com\/wp-content\/uploads\/2025\/08\/31558042-origpic-8d903a.png","width":1000,"height":1000},{"@type":"BreadcrumbList","@id":"https:\/\/xenonkungen.com\/produkt\/luxtar-ledramp-x10-spot\/#breadcrumb","itemListElement":[{"@type":"ListItem","position":1,"name":"Hem","item":"https:\/\/xenonkungen.com\/"},{"@type":"ListItem","position":2,"name":"Shop","item":"https:\/\/xenonkungen.com\/shop\/"},{"@type":"ListItem","position":3,"name":"LUXTAR\u00ae Ledramp X10 | Spot"}]},{"@type":"WebSite","@id":"https:\/\/xenonkungen.com\/#website","url":"https:\/\/xenonkungen.com\/","name":"Xenonkungen","description":"","potentialAction":[{"@type":"SearchAction","target":{"@type":"EntryPoint","urlTemplate":"https:\/\/xenonkungen.com\/?s={search_term_string}"},"query-input":{"@type":"PropertyValueSpecification","valueRequired":true,"valueName":"search_term_string"}}],"inLanguage":"fi"}]}},"taxonomy_info":{"product_brand":[{"value":103,"label":"LUXTAR"}],"product_cat":[{"value":2966,"label":"Ledramp Rak"},{"value":2826,"label":"LUXTAR"},{"value":2824,"label":"Luxtar - Ledramper"},{"value":2161,"label":"LUXTAR X-serie"}]},"featured_image_src_large":["https:\/\/xenonkungen.com\/wp-content\/uploads\/2025\/08\/31558042-origpic-8d903a.png",1000,1000,false],"author_info":[],"comment_info":1,"_links":{"self":[{"href":"https:\/\/xenonkungen.com\/fi\/wp-json\/wp\/v2\/product\/12326","targetHints":{"allow":["GET"]}}],"collection":[{"href":"https:\/\/xenonkungen.com\/fi\/wp-json\/wp\/v2\/product"}],"about":[{"href":"https:\/\/xenonkungen.com\/fi\/wp-json\/wp\/v2\/types\/product"}],"replies":[{"embeddable":true,"href":"https:\/\/xenonkungen.com\/fi\/wp-json\/wp\/v2\/comments?post=12326"}],"wp:featuredmedia":[{"embeddable":true,"href":"https:\/\/xenonkungen.com\/fi\/wp-json\/wp\/v2\/media\/12327"}],"wp:attachment":[{"href":"https:\/\/xenonkungen.com\/fi\/wp-json\/wp\/v2\/media?parent=12326"}],"wp:term":[{"taxonomy":"anvandningsomrade","embeddable":true,"href":"https:\/\/xenonkungen.com\/fi\/wp-json\/wp\/v2\/anvandningsomrade?post=12326"},{"taxonomy":"bilmarken","embeddable":true,"href":"https:\/\/xenonkungen.com\/fi\/wp-json\/wp\/v2\/bilmarken?post=12326"},{"taxonomy":"product_brand","embeddable":true,"href":"https:\/\/xenonkungen.com\/fi\/wp-json\/wp\/v2\/product_brand?post=12326"},{"taxonomy":"product_cat","embeddable":true,"href":"https:\/\/xenonkungen.com\/fi\/wp-json\/wp\/v2\/product_cat?post=12326"},{"taxonomy":"product_tag","embeddable":true,"href":"https:\/\/xenonkungen.com\/fi\/wp-json\/wp\/v2\/product_tag?post=12326"}],"curies":[{"name":"wp","href":"https:\/\/api.w.org\/{rel}","templated":true}]}}