{"id":1245,"date":"2025-04-15T08:01:28","date_gmt":"2025-04-15T08:01:28","guid":{"rendered":"https:\/\/xenonkungen.com\/product\/rorfaste-50mm\/"},"modified":"2026-04-25T21:46:56","modified_gmt":"2026-04-25T20:46:56","slug":"perasimen-kiinnitys-50-mm","status":"publish","type":"product","link":"https:\/\/xenonkungen.com\/fi\/tuote\/perasimen-kiinnitys-50-mm\/","title":{"rendered":"Putkikiinnike 50mm"},"content":{"rendered":"<h1>Putkikiinnike lis\u00e4valojen, LED-ramppien, ty\u00f6valojen jne. kiinnitt\u00e4miseen putkiin, kuten etuportaisiin, rollaattoreihin, ohjaustankoihin jne.<\/h1>\n<p>Etsitk\u00f6 putkikiinnikett\u00e4? T\u00e4ss\u00e4 on kiinnike, joka ei vaadi porausta, vaan se on helppo kiinnitt\u00e4\u00e4 mukana toimitetuilla ruuveilla. T\u00e4m\u00e4 auttaa minimoimaan koneeseen kohdistuvan vaikutuksen ja mahdollistaa useita asennusvaihtoehtoja.<br \/>Putkikiinnitys on yleisp\u00e4tev\u00e4, varmista, ett\u00e4 lis\u00e4lampun jalusta on s\u00e4\u00e4detty oikein, jotta saat parhaan mahdollisen valokuvan.<\/p>\n<p>Helppo asennus ilman muita lis\u00e4osia.<\/p>\n<p>Putkikannattimemme on kaksinkertaisesti jauhemaalattu mustaksi ja valmistettu alumiinista, jonka pit\u00e4isi kest\u00e4\u00e4 kaikki ankarat olosuhteet.<\/p>\n<p><strong>Hyv\u00e4 tiet\u00e4\u00e4<\/strong><br \/>Putkikiinnikkeen mitat.<br \/>Sis\u00e4mitta ilman suojakumia: 50mm<br \/>Sis\u00e4mitta suojakumin kanssa: 38mm<br \/>Valaisimen kiinnitysreik\u00e4 (suuri): 10mm<\/p>\n<p>Putkikiinnikkeill\u00e4mme on oma sarjansa, jossa on saatavana eri kokoja eri tarkoituksiin, katso v\u00e4lilehti 'asennusmateriaalit'.<\/p>\n<p><strong>Toimituksen sis\u00e4lt\u00f6<\/strong><br \/>2 putkiliitint\u00e4<br \/>4kpl ruuveja<br \/>2 kpl lukitusaluslevyj\u00e4<br \/>2kpl mutteri<br \/>2kpl Suojakumi<br \/>2kpl kuusiokoloavainta.<\/p>\n<p><strong>Takuu<\/strong><br \/>1 vuosi<\/p>","protected":false},"excerpt":{"rendered":"<p>Joustava putkikiinnike, jonka sis\u00e4mitat ovat 50 mm. Helppok\u00e4ytt\u00f6inen, joten voit kiinnitt\u00e4\u00e4 ty\u00f6valoja, LED-valoja tai vastaavia vahingoittamatta ajoneuvoa. Kiinnitet\u00e4\u00e4n helposti 50\u201352 mm halkaisijaltaan olevien putkien ymp\u00e4rille.<\/p>","protected":false},"featured_media":1246,"comment_status":"closed","ping_status":"open","template":"","meta":{"_acf_changed":false,"_smort_price_nok":"166","_smort_price_dkk":"105","_smort_price_eur":"14.09","_smort_sale_price_nok":"","_smort_sale_price_dkk":"","_smort_sale_price_eur":"","smort_restorder":"","shipmondo_restorder":"","_kad_blocks_custom_css":"","_kad_blocks_head_custom_js":"","_kad_blocks_body_custom_js":"","_kad_blocks_footer_custom_js":"","smort_custom_pricelist_1":"99.2","smort_custom_pricelist_2":"86.8","smort_custom_pricelist_3":"82.46","smort_custom_pricelist_4":"124","smort_custom_pricelist_5":"86.8"},"anvandningsomrade":[],"bilmarken":[],"product_brand":[117],"product_cat":[2971,2841,2460,390],"product_tag":[],"class_list":{"0":"post-1245","1":"product","2":"type-product","3":"status-publish","4":"has-post-thumbnail","6":"product_brand-xenonkungen","7":"product_cat-ledramp-fasten","8":"product_cat-installation-extraljus","9":"product_cat-klamfasten","10":"product_cat-installation","11":"pa_storlek-mm-395","13":"first","14":"instock","15":"taxable","16":"shipping-taxable","17":"purchasable","18":"product-type-simple"},"bundled_by":[],"bundle_stock_status":"instock","bundle_stock_quantity":55,"bundle_virtual":false,"bundle_layout":"","bundle_add_to_cart_form_location":"","bundle_editable_in_cart":false,"bundle_sold_individually_context":"","bundle_item_grouping":"","bundle_min_size":"","bundle_max_size":"","bundle_price":[],"bundled_items":[],"bundle_sell_ids":[],"acf":[],"yoast_head":"<!-- This site is optimized with the Yoast SEO plugin v27.0 - https:\/\/yoast.com\/product\/yoast-seo-wordpress\/ -->\n<title>R\u00f6rf\u00e4ste 50mm - Xenonkungen<\/title>\n<meta name=\"robots\" content=\"index, follow, max-snippet:-1, max-image-preview:large, max-video-preview:-1\" \/>\n<link rel=\"canonical\" href=\"https:\/\/xenonkungen.com\/fi\/tuote\/perasimen-kiinnitys-50-mm\/\" \/>\n<meta property=\"og:locale\" content=\"fi_FI\" \/>\n<meta property=\"og:type\" content=\"article\" \/>\n<meta property=\"og:title\" content=\"R\u00f6rf\u00e4ste 50mm - Xenonkungen\" \/>\n<meta property=\"og:description\" content=\"Smidigt r\u00f6rf\u00e4ste med 50mm innerm\u00e5tt. Enkelt att anv\u00e4nda s\u00e5 du kan f\u00e4sta arbetsbelysning, ledramp eller liknande, utan att beh\u00f6va g\u00f6ra n\u00e5gon \u00e5verkan p\u00e5 fordonet. kl\u00e4ms enkelt fast runt r\u00f6r med m\u00e5tt 50-52mm diameter.\" \/>\n<meta property=\"og:url\" content=\"https:\/\/xenonkungen.com\/fi\/tuote\/perasimen-kiinnitys-50-mm\/\" \/>\n<meta property=\"og:site_name\" content=\"Xenonkungen\" \/>\n<meta property=\"article:modified_time\" content=\"2026-04-25T20:46:56+00:00\" \/>\n<meta property=\"og:image\" content=\"https:\/\/xenonkungen.com\/wp-content\/uploads\/2025\/04\/162632201-origpic-ba0cd5.png\" \/>\n\t<meta property=\"og:image:width\" content=\"1000\" \/>\n\t<meta property=\"og:image:height\" content=\"901\" \/>\n\t<meta property=\"og:image:type\" content=\"image\/png\" \/>\n<meta name=\"twitter:card\" content=\"summary_large_image\" \/>\n<meta name=\"twitter:label1\" content=\"Arvioitu lukuaika\" \/>\n\t<meta name=\"twitter:data1\" content=\"1 minuutti\" \/>\n<script type=\"application\/ld+json\" class=\"yoast-schema-graph\">{\"@context\":\"https:\/\/schema.org\",\"@graph\":[{\"@type\":\"WebPage\",\"@id\":\"https:\/\/xenonkungen.com\/produkt\/rorfaste-50mm\/\",\"url\":\"https:\/\/xenonkungen.com\/produkt\/rorfaste-50mm\/\",\"name\":\"R\u00f6rf\u00e4ste 50mm - Xenonkungen\",\"isPartOf\":{\"@id\":\"https:\/\/xenonkungen.com\/#website\"},\"primaryImageOfPage\":{\"@id\":\"https:\/\/xenonkungen.com\/produkt\/rorfaste-50mm\/#primaryimage\"},\"image\":{\"@id\":\"https:\/\/xenonkungen.com\/produkt\/rorfaste-50mm\/#primaryimage\"},\"thumbnailUrl\":\"https:\/\/xenonkungen.com\/wp-content\/uploads\/2025\/04\/162632201-origpic-ba0cd5.png\",\"datePublished\":\"2025-04-15T08:01:28+00:00\",\"dateModified\":\"2026-04-25T20:46:56+00:00\",\"breadcrumb\":{\"@id\":\"https:\/\/xenonkungen.com\/produkt\/rorfaste-50mm\/#breadcrumb\"},\"inLanguage\":\"fi\",\"potentialAction\":[{\"@type\":\"ReadAction\",\"target\":[\"https:\/\/xenonkungen.com\/produkt\/rorfaste-50mm\/\"]}]},{\"@type\":\"ImageObject\",\"inLanguage\":\"fi\",\"@id\":\"https:\/\/xenonkungen.com\/produkt\/rorfaste-50mm\/#primaryimage\",\"url\":\"https:\/\/xenonkungen.com\/wp-content\/uploads\/2025\/04\/162632201-origpic-ba0cd5.png\",\"contentUrl\":\"https:\/\/xenonkungen.com\/wp-content\/uploads\/2025\/04\/162632201-origpic-ba0cd5.png\",\"width\":1000,\"height\":901},{\"@type\":\"BreadcrumbList\",\"@id\":\"https:\/\/xenonkungen.com\/produkt\/rorfaste-50mm\/#breadcrumb\",\"itemListElement\":[{\"@type\":\"ListItem\",\"position\":1,\"name\":\"Hem\",\"item\":\"https:\/\/xenonkungen.com\/\"},{\"@type\":\"ListItem\",\"position\":2,\"name\":\"Shop\",\"item\":\"https:\/\/xenonkungen.com\/shop\/\"},{\"@type\":\"ListItem\",\"position\":3,\"name\":\"R\u00f6rf\u00e4ste 50mm\"}]},{\"@type\":\"WebSite\",\"@id\":\"https:\/\/xenonkungen.com\/#website\",\"url\":\"https:\/\/xenonkungen.com\/\",\"name\":\"Xenonkungen\",\"description\":\"\",\"potentialAction\":[{\"@type\":\"SearchAction\",\"target\":{\"@type\":\"EntryPoint\",\"urlTemplate\":\"https:\/\/xenonkungen.com\/?s={search_term_string}\"},\"query-input\":{\"@type\":\"PropertyValueSpecification\",\"valueRequired\":true,\"valueName\":\"search_term_string\"}}],\"inLanguage\":\"fi\"}]}<\/script>\n<!-- \/ Yoast SEO plugin. -->","yoast_head_json":{"title":"Putkikiinnike 50mm - Xenonkungen","robots":{"index":"index","follow":"follow","max-snippet":"max-snippet:-1","max-image-preview":"max-image-preview:large","max-video-preview":"max-video-preview:-1"},"canonical":"https:\/\/xenonkungen.com\/fi\/tuote\/perasimen-kiinnitys-50-mm\/","og_locale":"fi_FI","og_type":"article","og_title":"R\u00f6rf\u00e4ste 50mm - Xenonkungen","og_description":"Smidigt r\u00f6rf\u00e4ste med 50mm innerm\u00e5tt. Enkelt att anv\u00e4nda s\u00e5 du kan f\u00e4sta arbetsbelysning, ledramp eller liknande, utan att beh\u00f6va g\u00f6ra n\u00e5gon \u00e5verkan p\u00e5 fordonet. kl\u00e4ms enkelt fast runt r\u00f6r med m\u00e5tt 50-52mm diameter.","og_url":"https:\/\/xenonkungen.com\/fi\/tuote\/perasimen-kiinnitys-50-mm\/","og_site_name":"Xenonkungen","article_modified_time":"2026-04-25T20:46:56+00:00","og_image":[{"width":1000,"height":901,"url":"https:\/\/xenonkungen.com\/wp-content\/uploads\/2025\/04\/162632201-origpic-ba0cd5.png","type":"image\/png"}],"twitter_card":"summary_large_image","twitter_misc":{"Arvioitu lukuaika":"1 minuutti"},"schema":{"@context":"https:\/\/schema.org","@graph":[{"@type":"WebPage","@id":"https:\/\/xenonkungen.com\/produkt\/rorfaste-50mm\/","url":"https:\/\/xenonkungen.com\/produkt\/rorfaste-50mm\/","name":"Putkikiinnike 50mm - Xenonkungen","isPartOf":{"@id":"https:\/\/xenonkungen.com\/#website"},"primaryImageOfPage":{"@id":"https:\/\/xenonkungen.com\/produkt\/rorfaste-50mm\/#primaryimage"},"image":{"@id":"https:\/\/xenonkungen.com\/produkt\/rorfaste-50mm\/#primaryimage"},"thumbnailUrl":"https:\/\/xenonkungen.com\/wp-content\/uploads\/2025\/04\/162632201-origpic-ba0cd5.png","datePublished":"2025-04-15T08:01:28+00:00","dateModified":"2026-04-25T20:46:56+00:00","breadcrumb":{"@id":"https:\/\/xenonkungen.com\/produkt\/rorfaste-50mm\/#breadcrumb"},"inLanguage":"fi","potentialAction":[{"@type":"ReadAction","target":["https:\/\/xenonkungen.com\/produkt\/rorfaste-50mm\/"]}]},{"@type":"ImageObject","inLanguage":"fi","@id":"https:\/\/xenonkungen.com\/produkt\/rorfaste-50mm\/#primaryimage","url":"https:\/\/xenonkungen.com\/wp-content\/uploads\/2025\/04\/162632201-origpic-ba0cd5.png","contentUrl":"https:\/\/xenonkungen.com\/wp-content\/uploads\/2025\/04\/162632201-origpic-ba0cd5.png","width":1000,"height":901},{"@type":"BreadcrumbList","@id":"https:\/\/xenonkungen.com\/produkt\/rorfaste-50mm\/#breadcrumb","itemListElement":[{"@type":"ListItem","position":1,"name":"Hem","item":"https:\/\/xenonkungen.com\/"},{"@type":"ListItem","position":2,"name":"Shop","item":"https:\/\/xenonkungen.com\/shop\/"},{"@type":"ListItem","position":3,"name":"R\u00f6rf\u00e4ste 50mm"}]},{"@type":"WebSite","@id":"https:\/\/xenonkungen.com\/#website","url":"https:\/\/xenonkungen.com\/","name":"Xenonkungen","description":"","potentialAction":[{"@type":"SearchAction","target":{"@type":"EntryPoint","urlTemplate":"https:\/\/xenonkungen.com\/?s={search_term_string}"},"query-input":{"@type":"PropertyValueSpecification","valueRequired":true,"valueName":"search_term_string"}}],"inLanguage":"fi"}]}},"taxonomy_info":{"product_brand":[{"value":117,"label":"Xenonkungen"}],"product_cat":[{"value":2971,"label":"F\u00e4sten"},{"value":2841,"label":"Installation extraljus"},{"value":2460,"label":"Kl\u00e4mf\u00e4sten"},{"value":390,"label":"Installation"}],"pa_storlek-mm":[{"value":395,"label":"50"}]},"featured_image_src_large":["https:\/\/xenonkungen.com\/wp-content\/uploads\/2025\/04\/162632201-origpic-ba0cd5.png",1000,901,false],"author_info":[],"comment_info":0,"_links":{"self":[{"href":"https:\/\/xenonkungen.com\/fi\/wp-json\/wp\/v2\/product\/1245","targetHints":{"allow":["GET"]}}],"collection":[{"href":"https:\/\/xenonkungen.com\/fi\/wp-json\/wp\/v2\/product"}],"about":[{"href":"https:\/\/xenonkungen.com\/fi\/wp-json\/wp\/v2\/types\/product"}],"replies":[{"embeddable":true,"href":"https:\/\/xenonkungen.com\/fi\/wp-json\/wp\/v2\/comments?post=1245"}],"wp:featuredmedia":[{"embeddable":true,"href":"https:\/\/xenonkungen.com\/fi\/wp-json\/wp\/v2\/media\/1246"}],"wp:attachment":[{"href":"https:\/\/xenonkungen.com\/fi\/wp-json\/wp\/v2\/media?parent=1245"}],"wp:term":[{"taxonomy":"anvandningsomrade","embeddable":true,"href":"https:\/\/xenonkungen.com\/fi\/wp-json\/wp\/v2\/anvandningsomrade?post=1245"},{"taxonomy":"bilmarken","embeddable":true,"href":"https:\/\/xenonkungen.com\/fi\/wp-json\/wp\/v2\/bilmarken?post=1245"},{"taxonomy":"product_brand","embeddable":true,"href":"https:\/\/xenonkungen.com\/fi\/wp-json\/wp\/v2\/product_brand?post=1245"},{"taxonomy":"product_cat","embeddable":true,"href":"https:\/\/xenonkungen.com\/fi\/wp-json\/wp\/v2\/product_cat?post=1245"},{"taxonomy":"product_tag","embeddable":true,"href":"https:\/\/xenonkungen.com\/fi\/wp-json\/wp\/v2\/product_tag?post=1245"}],"curies":[{"name":"wp","href":"https:\/\/api.w.org\/{rel}","templated":true}]}}