{"id":1254,"date":"2025-04-15T08:01:28","date_gmt":"2025-04-15T08:01:28","guid":{"rendered":"https:\/\/xenonkungen.com\/product\/rorfaste-76mm-2\/"},"modified":"2026-03-04T16:52:23","modified_gmt":"2026-03-04T15:52:23","slug":"perasimen-kiinnike-76-mm-2","status":"publish","type":"product","link":"https:\/\/xenonkungen.com\/fi\/tuote\/perasimen-kiinnike-76-mm-2\/","title":{"rendered":"Putkikiinnike 76mm"},"content":{"rendered":"<h1>Putkikiinnike lis\u00e4valojen, LED-ramppien, ty\u00f6valojen jne. kiinnitt\u00e4miseen putkiin, kuten etuportaisiin, rollaattoreihin, ohjaustankoihin jne.<\/h1>\n<p>Etsitk\u00f6 putkikiinnikett\u00e4? T\u00e4ss\u00e4 on kiinnike, joka ei vaadi porausta, vaan se on helppo kiinnitt\u00e4\u00e4 mukana toimitetuilla ruuveilla. T\u00e4m\u00e4 auttaa minimoimaan koneeseen kohdistuvan vaikutuksen ja mahdollistaa useita asennusvaihtoehtoja.<br \/>Putkikiinnitys on yleisp\u00e4tev\u00e4, varmista, ett\u00e4 lis\u00e4lampun jalusta on s\u00e4\u00e4detty oikein, jotta saat parhaan mahdollisen valokuvan.<\/p>\n<p>T\u00e4m\u00e4 putkikiinnike on tarkoitettu lis\u00e4valojen, LED-ramppien, ty\u00f6valojen jne. kiinnitt\u00e4miseen putkiin, kuten etupuomiin, rullapalkkeihin, ohjaustankoihin jne. <\/p>\n<p>Helppo asennus ilman muita lis\u00e4osia.<\/p>\n<p>Putkikannattimemme on kaksinkertaisesti jauhemaalattu mustaksi ja valmistettu alumiinista, jonka pit\u00e4isi kest\u00e4\u00e4 kaikki ankarat olosuhteet.<\/p>\n<p>Hyv\u00e4 tiet\u00e4\u00e4<br \/>Putkikiinnikkeen mitat.<br \/>Sis\u00e4mitta ilman suojakumia: 76mm<br \/>Valaisimen kiinnitysreik\u00e4 (suuri): 13mm<\/p>\n<p>Putkikiinnikkeill\u00e4mme on oma valikoimansa, jossa on saatavilla eri kokoja eri tarkoituksiin, katso v\u00e4lilehti 'asennusmateriaalit'.<\/p>\n<p><strong>Toimituksen sis\u00e4lt\u00f6<\/strong><br \/>2 putkiliitint\u00e4<br \/>4kpl ruuveja<br \/>2 kpl lukitusaluslevyj\u00e4<br \/>2kpl Suojakumi<br \/>1. kuusiokoloavain.<\/p>\n<p><strong>Takuu<\/strong><br \/><span>1 vuosi<\/span><\/p>","protected":false},"excerpt":{"rendered":"<p>Vakaa putkikiinnike putkille, joiden halkaisija on yli 76 mm. avulla voit laajentaa lis\u00e4valojen m\u00e4\u00e4r\u00e4\u00e4 nykyisess\u00e4 kaaressa tai kiinnitt\u00e4\u00e4 oman valaisinj\u00e4rjestelm\u00e4n mieleiseksesi.<\/p>","protected":false},"featured_media":1255,"comment_status":"closed","ping_status":"open","template":"","meta":{"_acf_changed":false,"_smort_price_nok":"208","_smort_price_dkk":"132","_smort_price_eur":"17.73","_smort_sale_price_nok":"","_smort_sale_price_dkk":"","_smort_sale_price_eur":"","smort_restorder":"","shipmondo_restorder":"","_kad_blocks_custom_css":"","_kad_blocks_head_custom_js":"","_kad_blocks_body_custom_js":"","_kad_blocks_footer_custom_js":"","smort_custom_pricelist_1":"124.8","smort_custom_pricelist_2":"109.2","smort_custom_pricelist_3":"103.74","smort_custom_pricelist_4":"156","smort_custom_pricelist_5":"109.2"},"anvandningsomrade":[165,166,167],"bilmarken":[],"product_brand":[117],"product_cat":[2841,390],"product_tag":[],"class_list":{"0":"post-1254","1":"product","2":"type-product","3":"status-publish","4":"has-post-thumbnail","6":"anvandningsomrade-atv","7":"anvandningsomrade-lastbil","8":"anvandningsomrade-personbil","9":"product_brand-xenonkungen","10":"product_cat-installation-extraljus","11":"product_cat-installation","12":"pa_storlek-mm-393","14":"first","15":"instock","16":"taxable","17":"shipping-taxable","18":"purchasable","19":"product-type-simple"},"bundled_by":[],"bundle_stock_status":"instock","bundle_stock_quantity":45,"bundle_virtual":false,"bundle_layout":"","bundle_add_to_cart_form_location":"","bundle_editable_in_cart":false,"bundle_sold_individually_context":"","bundle_item_grouping":"","bundle_min_size":"","bundle_max_size":"","bundle_price":[],"bundled_items":[],"bundle_sell_ids":[],"acf":[],"yoast_head":"<!-- This site is optimized with the Yoast SEO plugin v27.0 - https:\/\/yoast.com\/product\/yoast-seo-wordpress\/ -->\n<title>R\u00f6rf\u00e4ste 76mm - Xenonkungen<\/title>\n<meta name=\"robots\" content=\"index, follow, max-snippet:-1, max-image-preview:large, max-video-preview:-1\" \/>\n<link rel=\"canonical\" href=\"https:\/\/xenonkungen.com\/fi\/tuote\/perasimen-kiinnike-76-mm-2\/\" \/>\n<meta property=\"og:locale\" content=\"fi_FI\" \/>\n<meta property=\"og:type\" content=\"article\" \/>\n<meta property=\"og:title\" content=\"R\u00f6rf\u00e4ste 76mm - Xenonkungen\" \/>\n<meta property=\"og:description\" content=\"Stabilt R\u00f6rf\u00e4ste f\u00f6r r\u00f6r med en diameter \u00f6ver 76mm. ger dig m\u00f6jligheten att ut\u00f6ka m\u00e4ngden extraljus i din befintliga b\u00e5ge eller f\u00e4sta ett eget system med ljus efter ditt eget tycke.\" \/>\n<meta property=\"og:url\" content=\"https:\/\/xenonkungen.com\/fi\/tuote\/perasimen-kiinnike-76-mm-2\/\" \/>\n<meta property=\"og:site_name\" content=\"Xenonkungen\" \/>\n<meta property=\"article:modified_time\" content=\"2026-03-04T15:52:23+00:00\" \/>\n<meta property=\"og:image\" content=\"https:\/\/xenonkungen.com\/wp-content\/uploads\/2025\/04\/162632265-origpic-920b7b.png\" \/>\n\t<meta property=\"og:image:width\" content=\"1000\" \/>\n\t<meta property=\"og:image:height\" content=\"720\" \/>\n\t<meta property=\"og:image:type\" content=\"image\/png\" \/>\n<meta name=\"twitter:card\" content=\"summary_large_image\" \/>\n<meta name=\"twitter:label1\" content=\"Arvioitu lukuaika\" \/>\n\t<meta name=\"twitter:data1\" content=\"1 minuutti\" \/>\n<script type=\"application\/ld+json\" class=\"yoast-schema-graph\">{\"@context\":\"https:\/\/schema.org\",\"@graph\":[{\"@type\":\"WebPage\",\"@id\":\"https:\/\/xenonkungen.com\/produkt\/rorfaste-76mm-2\/\",\"url\":\"https:\/\/xenonkungen.com\/produkt\/rorfaste-76mm-2\/\",\"name\":\"R\u00f6rf\u00e4ste 76mm - Xenonkungen\",\"isPartOf\":{\"@id\":\"https:\/\/xenonkungen.com\/#website\"},\"primaryImageOfPage\":{\"@id\":\"https:\/\/xenonkungen.com\/produkt\/rorfaste-76mm-2\/#primaryimage\"},\"image\":{\"@id\":\"https:\/\/xenonkungen.com\/produkt\/rorfaste-76mm-2\/#primaryimage\"},\"thumbnailUrl\":\"https:\/\/xenonkungen.com\/wp-content\/uploads\/2025\/04\/162632265-origpic-920b7b.png\",\"datePublished\":\"2025-04-15T08:01:28+00:00\",\"dateModified\":\"2026-03-04T15:52:23+00:00\",\"breadcrumb\":{\"@id\":\"https:\/\/xenonkungen.com\/produkt\/rorfaste-76mm-2\/#breadcrumb\"},\"inLanguage\":\"fi\",\"potentialAction\":[{\"@type\":\"ReadAction\",\"target\":[\"https:\/\/xenonkungen.com\/produkt\/rorfaste-76mm-2\/\"]}]},{\"@type\":\"ImageObject\",\"inLanguage\":\"fi\",\"@id\":\"https:\/\/xenonkungen.com\/produkt\/rorfaste-76mm-2\/#primaryimage\",\"url\":\"https:\/\/xenonkungen.com\/wp-content\/uploads\/2025\/04\/162632265-origpic-920b7b.png\",\"contentUrl\":\"https:\/\/xenonkungen.com\/wp-content\/uploads\/2025\/04\/162632265-origpic-920b7b.png\",\"width\":1000,\"height\":720},{\"@type\":\"BreadcrumbList\",\"@id\":\"https:\/\/xenonkungen.com\/produkt\/rorfaste-76mm-2\/#breadcrumb\",\"itemListElement\":[{\"@type\":\"ListItem\",\"position\":1,\"name\":\"Hem\",\"item\":\"https:\/\/xenonkungen.com\/\"},{\"@type\":\"ListItem\",\"position\":2,\"name\":\"Shop\",\"item\":\"https:\/\/xenonkungen.com\/shop\/\"},{\"@type\":\"ListItem\",\"position\":3,\"name\":\"R\u00f6rf\u00e4ste 76mm\"}]},{\"@type\":\"WebSite\",\"@id\":\"https:\/\/xenonkungen.com\/#website\",\"url\":\"https:\/\/xenonkungen.com\/\",\"name\":\"Xenonkungen\",\"description\":\"\",\"potentialAction\":[{\"@type\":\"SearchAction\",\"target\":{\"@type\":\"EntryPoint\",\"urlTemplate\":\"https:\/\/xenonkungen.com\/?s={search_term_string}\"},\"query-input\":{\"@type\":\"PropertyValueSpecification\",\"valueRequired\":true,\"valueName\":\"search_term_string\"}}],\"inLanguage\":\"fi\"}]}<\/script>\n<!-- \/ Yoast SEO plugin. -->","yoast_head_json":{"title":"Putkikiinnike 76 mm - Xenonkungen","robots":{"index":"index","follow":"follow","max-snippet":"max-snippet:-1","max-image-preview":"max-image-preview:large","max-video-preview":"max-video-preview:-1"},"canonical":"https:\/\/xenonkungen.com\/fi\/tuote\/perasimen-kiinnike-76-mm-2\/","og_locale":"fi_FI","og_type":"article","og_title":"R\u00f6rf\u00e4ste 76mm - Xenonkungen","og_description":"Stabilt R\u00f6rf\u00e4ste f\u00f6r r\u00f6r med en diameter \u00f6ver 76mm. ger dig m\u00f6jligheten att ut\u00f6ka m\u00e4ngden extraljus i din befintliga b\u00e5ge eller f\u00e4sta ett eget system med ljus efter ditt eget tycke.","og_url":"https:\/\/xenonkungen.com\/fi\/tuote\/perasimen-kiinnike-76-mm-2\/","og_site_name":"Xenonkungen","article_modified_time":"2026-03-04T15:52:23+00:00","og_image":[{"width":1000,"height":720,"url":"https:\/\/xenonkungen.com\/wp-content\/uploads\/2025\/04\/162632265-origpic-920b7b.png","type":"image\/png"}],"twitter_card":"summary_large_image","twitter_misc":{"Arvioitu lukuaika":"1 minuutti"},"schema":{"@context":"https:\/\/schema.org","@graph":[{"@type":"WebPage","@id":"https:\/\/xenonkungen.com\/produkt\/rorfaste-76mm-2\/","url":"https:\/\/xenonkungen.com\/produkt\/rorfaste-76mm-2\/","name":"Putkikiinnike 76 mm - Xenonkungen","isPartOf":{"@id":"https:\/\/xenonkungen.com\/#website"},"primaryImageOfPage":{"@id":"https:\/\/xenonkungen.com\/produkt\/rorfaste-76mm-2\/#primaryimage"},"image":{"@id":"https:\/\/xenonkungen.com\/produkt\/rorfaste-76mm-2\/#primaryimage"},"thumbnailUrl":"https:\/\/xenonkungen.com\/wp-content\/uploads\/2025\/04\/162632265-origpic-920b7b.png","datePublished":"2025-04-15T08:01:28+00:00","dateModified":"2026-03-04T15:52:23+00:00","breadcrumb":{"@id":"https:\/\/xenonkungen.com\/produkt\/rorfaste-76mm-2\/#breadcrumb"},"inLanguage":"fi","potentialAction":[{"@type":"ReadAction","target":["https:\/\/xenonkungen.com\/produkt\/rorfaste-76mm-2\/"]}]},{"@type":"ImageObject","inLanguage":"fi","@id":"https:\/\/xenonkungen.com\/produkt\/rorfaste-76mm-2\/#primaryimage","url":"https:\/\/xenonkungen.com\/wp-content\/uploads\/2025\/04\/162632265-origpic-920b7b.png","contentUrl":"https:\/\/xenonkungen.com\/wp-content\/uploads\/2025\/04\/162632265-origpic-920b7b.png","width":1000,"height":720},{"@type":"BreadcrumbList","@id":"https:\/\/xenonkungen.com\/produkt\/rorfaste-76mm-2\/#breadcrumb","itemListElement":[{"@type":"ListItem","position":1,"name":"Hem","item":"https:\/\/xenonkungen.com\/"},{"@type":"ListItem","position":2,"name":"Shop","item":"https:\/\/xenonkungen.com\/shop\/"},{"@type":"ListItem","position":3,"name":"R\u00f6rf\u00e4ste 76mm"}]},{"@type":"WebSite","@id":"https:\/\/xenonkungen.com\/#website","url":"https:\/\/xenonkungen.com\/","name":"Xenonkungen","description":"","potentialAction":[{"@type":"SearchAction","target":{"@type":"EntryPoint","urlTemplate":"https:\/\/xenonkungen.com\/?s={search_term_string}"},"query-input":{"@type":"PropertyValueSpecification","valueRequired":true,"valueName":"search_term_string"}}],"inLanguage":"fi"}]}},"taxonomy_info":{"anvandningsomrade":[{"value":165,"label":"ATV"},{"value":166,"label":"Lastbil"},{"value":167,"label":"PERSONBIL"}],"product_brand":[{"value":117,"label":"Xenonkungen"}],"product_cat":[{"value":2841,"label":"Installation extraljus"},{"value":390,"label":"Installation"}],"pa_storlek-mm":[{"value":393,"label":"76"}]},"featured_image_src_large":["https:\/\/xenonkungen.com\/wp-content\/uploads\/2025\/04\/162632265-origpic-920b7b.png",1000,720,false],"author_info":[],"comment_info":0,"_links":{"self":[{"href":"https:\/\/xenonkungen.com\/fi\/wp-json\/wp\/v2\/product\/1254","targetHints":{"allow":["GET"]}}],"collection":[{"href":"https:\/\/xenonkungen.com\/fi\/wp-json\/wp\/v2\/product"}],"about":[{"href":"https:\/\/xenonkungen.com\/fi\/wp-json\/wp\/v2\/types\/product"}],"replies":[{"embeddable":true,"href":"https:\/\/xenonkungen.com\/fi\/wp-json\/wp\/v2\/comments?post=1254"}],"wp:featuredmedia":[{"embeddable":true,"href":"https:\/\/xenonkungen.com\/fi\/wp-json\/wp\/v2\/media\/1255"}],"wp:attachment":[{"href":"https:\/\/xenonkungen.com\/fi\/wp-json\/wp\/v2\/media?parent=1254"}],"wp:term":[{"taxonomy":"anvandningsomrade","embeddable":true,"href":"https:\/\/xenonkungen.com\/fi\/wp-json\/wp\/v2\/anvandningsomrade?post=1254"},{"taxonomy":"bilmarken","embeddable":true,"href":"https:\/\/xenonkungen.com\/fi\/wp-json\/wp\/v2\/bilmarken?post=1254"},{"taxonomy":"product_brand","embeddable":true,"href":"https:\/\/xenonkungen.com\/fi\/wp-json\/wp\/v2\/product_brand?post=1254"},{"taxonomy":"product_cat","embeddable":true,"href":"https:\/\/xenonkungen.com\/fi\/wp-json\/wp\/v2\/product_cat?post=1254"},{"taxonomy":"product_tag","embeddable":true,"href":"https:\/\/xenonkungen.com\/fi\/wp-json\/wp\/v2\/product_tag?post=1254"}],"curies":[{"name":"wp","href":"https:\/\/api.w.org\/{rel}","templated":true}]}}