{"id":1271,"date":"2025-04-15T08:01:28","date_gmt":"2025-04-15T08:01:28","guid":{"rendered":"https:\/\/xenonkungen.com\/product\/power-rela-12-24v-dc\/"},"modified":"2026-04-02T12:31:09","modified_gmt":"2026-04-02T11:31:09","slug":"tehorele-12-24-v-dc","status":"publish","type":"product","link":"https:\/\/xenonkungen.com\/fi\/tuote\/tehorele-12-24-v-dc\/","title":{"rendered":"Kytkinpaneeli 8-painike 12V\/24V 600W"},"content":{"rendered":"<h2 data-start=\"644\" data-end=\"695\">T\u00e4ydellinen ja joustava hallinta koko ajoneuvoon<\/h2>\n<p data-start=\"697\" data-end=\"996\">T\u00e4m\u00e4 8-painikkeinen kytkinpaneeli antaa sinulle t\u00e4yden hallinnan ty\u00f6valoille, lis\u00e4valoille, LED-valoille, sis\u00e4valaistukselle ja muille s\u00e4hk\u00f6isille lis\u00e4varusteille. Kahdeksan erillisen ja sulakkeilla suojatun liit\u00e4nt\u00e4pisteen avulla voit helposti hallita kaikkea valaistuksesta j\u00e4\u00e4kaappiin, kahvinkeittimeen tai muihin ajoneuvosi laitteisiin.<\/p>\n<p data-start=\"998\" data-end=\"1218\">J\u00e4rjestelm\u00e4 on mukautettu sek\u00e4 12 V:n ett\u00e4 24 V:n j\u00e4nnitteelle ja se pystyy k\u00e4sittelem\u00e4\u00e4n enint\u00e4\u00e4n 600 W:n kuormituksen 12 V:n j\u00e4nnitteell\u00e4 ja 1200 W:n kuormituksen 24 V:n j\u00e4nnitteell\u00e4, joten se sopii henkil\u00f6autoihin, pakettiautoihin, kuorma-autoihin, rakennuskoneisiin ja erikoisajoneuvoihin.<\/p>\n<h2 data-start=\"1220\" data-end=\"1252\">Turvallinen ja selke\u00e4 asennus<\/h2>\n<p data-start=\"1254\" data-end=\"1391\">Jokainen l\u00e4ht\u00f6 on suojattu erikseen turvallisuuden ja luotettavan toiminnan parantamiseksi. Jakelu on optimoitu erityyppisille laitteille:<\/p>\n<ul data-start=\"1393\" data-end=\"1439\">\n<li data-start=\"1393\" data-end=\"1403\">\n<p data-start=\"1395\" data-end=\"1403\">2 x 5A<\/p>\n<\/li>\n<li data-start=\"1404\" data-end=\"1415\">\n<p data-start=\"1406\" data-end=\"1415\">2 x 10A<\/p>\n<\/li>\n<li data-start=\"1416\" data-end=\"1427\">\n<p data-start=\"1418\" data-end=\"1427\">2x20A<\/p>\n<\/li>\n<li data-start=\"1428\" data-end=\"1439\">\n<p data-start=\"1430\" data-end=\"1439\">2 x 30A<\/p>\n<\/li>\n<\/ul>\n<p data-start=\"1441\" data-end=\"1673\">Mukana on tarra-arkki, joka kiinnitet\u00e4\u00e4n painikkeisiin, jotta voit merkit\u00e4 jokaisen toiminnon selke\u00e4sti. T\u00e4m\u00e4 tarjoaa ammattimaisen, j\u00e4sennellyn ja helposti ymm\u00e4rrett\u00e4v\u00e4n asennuksen \u2013 t\u00e4ydellinen pime\u00e4ss\u00e4 tai intensiivisess\u00e4 k\u00e4yt\u00f6ss\u00e4.<\/p>\n<h2 data-start=\"1675\" data-end=\"1705\">Mukautettu nykyaikaisiin ajoneuvoihin<\/h2>\n<p data-start=\"1707\" data-end=\"2066\">Kytkinpaneeli on suunniteltu tarjoamaan siisti ja j\u00e4rjestelm\u00e4llinen s\u00e4hk\u00f6asennus ilman tarpeettomia erillisi\u00e4 kytkimi\u00e4. Tuloksena on tyylik\u00e4s ohjaamo, jossa on t\u00e4ysi hallinta kaikkien lis\u00e4varusteiden yli. Olipa kyseess\u00e4 sitten ty\u00f6valaistus rakennusty\u00f6maalla, lis\u00e4valaistus y\u00f6ajoon tai mukavuusvarusteet huoltoajoneuvoissa, t\u00e4m\u00e4 on joustava ja tulevaisuudenkest\u00e4v\u00e4 ratkaisu.<\/p>","protected":false},"excerpt":{"rendered":"<p>T\u00e4ydellinen ohjausj\u00e4rjestelm\u00e4, jossa on 8 sulakel\u00e4ht\u00f6\u00e4 ty\u00f6valoille, LED-valoille ja lis\u00e4varusteille. Kest\u00e4\u00e4 jopa 600 W tehon 12 V:n j\u00e4nnitteell\u00e4 ja 1200 W tehon 24 V:n j\u00e4nnitteell\u00e4 \u2013 t\u00e4ydellinen sek\u00e4 henkil\u00f6autoihin ett\u00e4 ty\u00f6ajoneuvoihin.<\/p>","protected":false},"featured_media":1272,"comment_status":"closed","ping_status":"closed","template":"","meta":{"_acf_changed":false,"_smort_price_nok":"2879","_smort_price_dkk":"1829","_smort_price_eur":"244.99","_smort_sale_price_nok":"","_smort_sale_price_dkk":"","_smort_sale_price_eur":"","smort_restorder":"","shipmondo_restorder":"","_kad_blocks_custom_css":"","_kad_blocks_head_custom_js":"","_kad_blocks_body_custom_js":"","_kad_blocks_footer_custom_js":"","smort_custom_pricelist_1":"1724.8","smort_custom_pricelist_2":"1293.6","smort_custom_pricelist_3":"1228.92","smort_custom_pricelist_4":"2156","smort_custom_pricelist_5":"1293.6"},"anvandningsomrade":[],"bilmarken":[],"product_brand":[117],"product_cat":[2841,2468,2464,390],"product_tag":[],"class_list":{"0":"post-1271","1":"product","2":"type-product","3":"status-publish","4":"has-post-thumbnail","6":"product_brand-xenonkungen","7":"product_cat-installation-extraljus","8":"product_cat-rela","9":"product_cat-styrenhet-installation","10":"product_cat-installation","11":"pa_volt-v-12-24-multivolt","13":"first","14":"instock","15":"taxable","16":"shipping-taxable","17":"purchasable","18":"product-type-simple"},"bundled_by":[],"bundle_stock_status":"instock","bundle_stock_quantity":6,"bundle_virtual":false,"bundle_layout":"","bundle_add_to_cart_form_location":"","bundle_editable_in_cart":false,"bundle_sold_individually_context":"","bundle_item_grouping":"","bundle_min_size":"","bundle_max_size":"","bundle_price":[],"bundled_items":[],"bundle_sell_ids":[],"acf":[],"yoast_head":"<!-- This site is optimized with the Yoast SEO plugin v27.0 - https:\/\/yoast.com\/product\/yoast-seo-wordpress\/ -->\n<title>Switchpanel 8-Knapp 12V\/24V 600W - Xenonkungen Switchpanel 8-Knapp 600W\/1200W 12V\/24V - Xenonkungen<\/title>\n<meta name=\"description\" content=\"K\u00f6p Switchpanel 8-Knapp f\u00f6r arbetsljus och ledramp. 8 avs\u00e4krade utg\u00e5ngar upp till 600W\/1200W. Snabb leverans. \u00d6ppet k\u00f6p 30 dagar. Handla enkelt p\u00e5 xenonkungen.com!\" \/>\n<meta name=\"robots\" content=\"index, follow, max-snippet:-1, max-image-preview:large, max-video-preview:-1\" \/>\n<link rel=\"canonical\" href=\"https:\/\/xenonkungen.com\/fi\/tuote\/tehorele-12-24-v-dc\/\" \/>\n<meta property=\"og:locale\" content=\"fi_FI\" \/>\n<meta property=\"og:type\" content=\"article\" \/>\n<meta property=\"og:title\" content=\"Switchpanel 8-Knapp 12V\/24V 600W - Xenonkungen Switchpanel 8-Knapp 600W\/1200W 12V\/24V - Xenonkungen\" \/>\n<meta property=\"og:description\" content=\"K\u00f6p Switchpanel 8-Knapp f\u00f6r arbetsljus och ledramp. 8 avs\u00e4krade utg\u00e5ngar upp till 600W\/1200W. Snabb leverans. \u00d6ppet k\u00f6p 30 dagar. Handla enkelt p\u00e5 xenonkungen.com!\" \/>\n<meta property=\"og:url\" content=\"https:\/\/xenonkungen.com\/fi\/tuote\/tehorele-12-24-v-dc\/\" \/>\n<meta property=\"og:site_name\" content=\"Xenonkungen\" \/>\n<meta property=\"article:modified_time\" content=\"2026-04-02T11:31:09+00:00\" \/>\n<meta property=\"og:image\" content=\"https:\/\/xenonkungen.com\/wp-content\/uploads\/2025\/04\/193310508-origpic-94bce2.jpg\" \/>\n\t<meta property=\"og:image:width\" content=\"1000\" \/>\n\t<meta property=\"og:image:height\" content=\"1000\" \/>\n\t<meta property=\"og:image:type\" content=\"image\/jpeg\" \/>\n<meta name=\"twitter:card\" content=\"summary_large_image\" \/>\n<meta name=\"twitter:label1\" content=\"Arvioitu lukuaika\" \/>\n\t<meta name=\"twitter:data1\" content=\"2 minuuttia\" \/>\n<script type=\"application\/ld+json\" class=\"yoast-schema-graph\">{\"@context\":\"https:\/\/schema.org\",\"@graph\":[{\"@type\":\"WebPage\",\"@id\":\"https:\/\/xenonkungen.com\/produkt\/power-rela-12-24v-dc\/\",\"url\":\"https:\/\/xenonkungen.com\/produkt\/power-rela-12-24v-dc\/\",\"name\":\"Switchpanel 8-Knapp 12V\/24V 600W - Xenonkungen Switchpanel 8-Knapp 600W\/1200W 12V\/24V - Xenonkungen\",\"isPartOf\":{\"@id\":\"https:\/\/xenonkungen.com\/#website\"},\"primaryImageOfPage\":{\"@id\":\"https:\/\/xenonkungen.com\/produkt\/power-rela-12-24v-dc\/#primaryimage\"},\"image\":{\"@id\":\"https:\/\/xenonkungen.com\/produkt\/power-rela-12-24v-dc\/#primaryimage\"},\"thumbnailUrl\":\"https:\/\/xenonkungen.com\/wp-content\/uploads\/2025\/04\/193310508-origpic-94bce2.jpg\",\"datePublished\":\"2025-04-15T08:01:28+00:00\",\"dateModified\":\"2026-04-02T11:31:09+00:00\",\"description\":\"K\u00f6p Switchpanel 8-Knapp f\u00f6r arbetsljus och ledramp. 8 avs\u00e4krade utg\u00e5ngar upp till 600W\/1200W. Snabb leverans. \u00d6ppet k\u00f6p 30 dagar. Handla enkelt p\u00e5 xenonkungen.com!\",\"breadcrumb\":{\"@id\":\"https:\/\/xenonkungen.com\/produkt\/power-rela-12-24v-dc\/#breadcrumb\"},\"inLanguage\":\"fi\",\"potentialAction\":[{\"@type\":\"ReadAction\",\"target\":[\"https:\/\/xenonkungen.com\/produkt\/power-rela-12-24v-dc\/\"]}]},{\"@type\":\"ImageObject\",\"inLanguage\":\"fi\",\"@id\":\"https:\/\/xenonkungen.com\/produkt\/power-rela-12-24v-dc\/#primaryimage\",\"url\":\"https:\/\/xenonkungen.com\/wp-content\/uploads\/2025\/04\/193310508-origpic-94bce2.jpg\",\"contentUrl\":\"https:\/\/xenonkungen.com\/wp-content\/uploads\/2025\/04\/193310508-origpic-94bce2.jpg\",\"width\":1000,\"height\":1000},{\"@type\":\"BreadcrumbList\",\"@id\":\"https:\/\/xenonkungen.com\/produkt\/power-rela-12-24v-dc\/#breadcrumb\",\"itemListElement\":[{\"@type\":\"ListItem\",\"position\":1,\"name\":\"Hem\",\"item\":\"https:\/\/xenonkungen.com\/\"},{\"@type\":\"ListItem\",\"position\":2,\"name\":\"Shop\",\"item\":\"https:\/\/xenonkungen.com\/shop\/\"},{\"@type\":\"ListItem\",\"position\":3,\"name\":\"Switchpanel 8-Knapp 12V\/24V 600W\"}]},{\"@type\":\"WebSite\",\"@id\":\"https:\/\/xenonkungen.com\/#website\",\"url\":\"https:\/\/xenonkungen.com\/\",\"name\":\"Xenonkungen\",\"description\":\"\",\"potentialAction\":[{\"@type\":\"SearchAction\",\"target\":{\"@type\":\"EntryPoint\",\"urlTemplate\":\"https:\/\/xenonkungen.com\/?s={search_term_string}\"},\"query-input\":{\"@type\":\"PropertyValueSpecification\",\"valueRequired\":true,\"valueName\":\"search_term_string\"}}],\"inLanguage\":\"fi\"}]}<\/script>\n<!-- \/ Yoast SEO plugin. -->","yoast_head_json":{"title":"Kytkinpaneeli 8-painike 12V\/24V 600W - Xenon King Kytkinpaneeli 8-painike 600W\/1200W 12V\/24V - Xenon King","description":"Osta 8-painikkeinen kytkinpaneeli ty\u00f6valoille ja LED-valoille. 8 sulakel\u00e4ht\u00f6\u00e4 jopa 600 W\/1200 W. Nopea toimitus. Avoinna 30 p\u00e4iv\u00e4\u00e4. Osta helposti osoitteessa xenonkungen.com!","robots":{"index":"index","follow":"follow","max-snippet":"max-snippet:-1","max-image-preview":"max-image-preview:large","max-video-preview":"max-video-preview:-1"},"canonical":"https:\/\/xenonkungen.com\/fi\/tuote\/tehorele-12-24-v-dc\/","og_locale":"fi_FI","og_type":"article","og_title":"Switchpanel 8-Knapp 12V\/24V 600W - Xenonkungen Switchpanel 8-Knapp 600W\/1200W 12V\/24V - Xenonkungen","og_description":"K\u00f6p Switchpanel 8-Knapp f\u00f6r arbetsljus och ledramp. 8 avs\u00e4krade utg\u00e5ngar upp till 600W\/1200W. Snabb leverans. \u00d6ppet k\u00f6p 30 dagar. Handla enkelt p\u00e5 xenonkungen.com!","og_url":"https:\/\/xenonkungen.com\/fi\/tuote\/tehorele-12-24-v-dc\/","og_site_name":"Xenonkungen","article_modified_time":"2026-04-02T11:31:09+00:00","og_image":[{"width":1000,"height":1000,"url":"https:\/\/xenonkungen.com\/wp-content\/uploads\/2025\/04\/193310508-origpic-94bce2.jpg","type":"image\/jpeg"}],"twitter_card":"summary_large_image","twitter_misc":{"Arvioitu lukuaika":"2 minuuttia"},"schema":{"@context":"https:\/\/schema.org","@graph":[{"@type":"WebPage","@id":"https:\/\/xenonkungen.com\/produkt\/power-rela-12-24v-dc\/","url":"https:\/\/xenonkungen.com\/produkt\/power-rela-12-24v-dc\/","name":"Kytkinpaneeli 8-painike 12V\/24V 600W - Xenon King Kytkinpaneeli 8-painike 600W\/1200W 12V\/24V - Xenon King","isPartOf":{"@id":"https:\/\/xenonkungen.com\/#website"},"primaryImageOfPage":{"@id":"https:\/\/xenonkungen.com\/produkt\/power-rela-12-24v-dc\/#primaryimage"},"image":{"@id":"https:\/\/xenonkungen.com\/produkt\/power-rela-12-24v-dc\/#primaryimage"},"thumbnailUrl":"https:\/\/xenonkungen.com\/wp-content\/uploads\/2025\/04\/193310508-origpic-94bce2.jpg","datePublished":"2025-04-15T08:01:28+00:00","dateModified":"2026-04-02T11:31:09+00:00","description":"Osta 8-painikkeinen kytkinpaneeli ty\u00f6valoille ja LED-valoille. 8 sulakel\u00e4ht\u00f6\u00e4 jopa 600 W\/1200 W. Nopea toimitus. Avoinna 30 p\u00e4iv\u00e4\u00e4. Osta helposti osoitteessa xenonkungen.com!","breadcrumb":{"@id":"https:\/\/xenonkungen.com\/produkt\/power-rela-12-24v-dc\/#breadcrumb"},"inLanguage":"fi","potentialAction":[{"@type":"ReadAction","target":["https:\/\/xenonkungen.com\/produkt\/power-rela-12-24v-dc\/"]}]},{"@type":"ImageObject","inLanguage":"fi","@id":"https:\/\/xenonkungen.com\/produkt\/power-rela-12-24v-dc\/#primaryimage","url":"https:\/\/xenonkungen.com\/wp-content\/uploads\/2025\/04\/193310508-origpic-94bce2.jpg","contentUrl":"https:\/\/xenonkungen.com\/wp-content\/uploads\/2025\/04\/193310508-origpic-94bce2.jpg","width":1000,"height":1000},{"@type":"BreadcrumbList","@id":"https:\/\/xenonkungen.com\/produkt\/power-rela-12-24v-dc\/#breadcrumb","itemListElement":[{"@type":"ListItem","position":1,"name":"Hem","item":"https:\/\/xenonkungen.com\/"},{"@type":"ListItem","position":2,"name":"Shop","item":"https:\/\/xenonkungen.com\/shop\/"},{"@type":"ListItem","position":3,"name":"Switchpanel 8-Knapp 12V\/24V 600W"}]},{"@type":"WebSite","@id":"https:\/\/xenonkungen.com\/#website","url":"https:\/\/xenonkungen.com\/","name":"Xenonkungen","description":"","potentialAction":[{"@type":"SearchAction","target":{"@type":"EntryPoint","urlTemplate":"https:\/\/xenonkungen.com\/?s={search_term_string}"},"query-input":{"@type":"PropertyValueSpecification","valueRequired":true,"valueName":"search_term_string"}}],"inLanguage":"fi"}]}},"taxonomy_info":{"product_brand":[{"value":117,"label":"Xenonkungen"}],"product_cat":[{"value":2841,"label":"Installation extraljus"},{"value":2468,"label":"Rel\u00e4"},{"value":2464,"label":"Styrenhet"},{"value":390,"label":"Installation"}],"pa_volt-v":[{"value":367,"label":"12, 24, Multivolt"}]},"featured_image_src_large":["https:\/\/xenonkungen.com\/wp-content\/uploads\/2025\/04\/193310508-origpic-94bce2.jpg",1000,1000,false],"author_info":[],"comment_info":0,"_links":{"self":[{"href":"https:\/\/xenonkungen.com\/fi\/wp-json\/wp\/v2\/product\/1271","targetHints":{"allow":["GET"]}}],"collection":[{"href":"https:\/\/xenonkungen.com\/fi\/wp-json\/wp\/v2\/product"}],"about":[{"href":"https:\/\/xenonkungen.com\/fi\/wp-json\/wp\/v2\/types\/product"}],"replies":[{"embeddable":true,"href":"https:\/\/xenonkungen.com\/fi\/wp-json\/wp\/v2\/comments?post=1271"}],"wp:featuredmedia":[{"embeddable":true,"href":"https:\/\/xenonkungen.com\/fi\/wp-json\/wp\/v2\/media\/1272"}],"wp:attachment":[{"href":"https:\/\/xenonkungen.com\/fi\/wp-json\/wp\/v2\/media?parent=1271"}],"wp:term":[{"taxonomy":"anvandningsomrade","embeddable":true,"href":"https:\/\/xenonkungen.com\/fi\/wp-json\/wp\/v2\/anvandningsomrade?post=1271"},{"taxonomy":"bilmarken","embeddable":true,"href":"https:\/\/xenonkungen.com\/fi\/wp-json\/wp\/v2\/bilmarken?post=1271"},{"taxonomy":"product_brand","embeddable":true,"href":"https:\/\/xenonkungen.com\/fi\/wp-json\/wp\/v2\/product_brand?post=1271"},{"taxonomy":"product_cat","embeddable":true,"href":"https:\/\/xenonkungen.com\/fi\/wp-json\/wp\/v2\/product_cat?post=1271"},{"taxonomy":"product_tag","embeddable":true,"href":"https:\/\/xenonkungen.com\/fi\/wp-json\/wp\/v2\/product_tag?post=1271"}],"curies":[{"name":"wp","href":"https:\/\/api.w.org\/{rel}","templated":true}]}}