{"id":12780,"date":"2025-08-22T12:16:06","date_gmt":"2025-08-22T12:16:06","guid":{"rendered":"https:\/\/xenonkungen.com\/?post_type=product&#038;p=12780"},"modified":"2026-05-12T14:27:14","modified_gmt":"2026-05-12T13:27:14","slug":"luxtar-optiflux-varoitusvalo-keltainen-6-ledia","status":"publish","type":"product","link":"https:\/\/xenonkungen.com\/fi\/tuote\/luxtar-optiflux-varoitusvalo-keltainen-6-ledia\/","title":{"rendered":"Luxtar OptiFlux | Varoitusvalo | Amber 6 LED"},"content":{"rendered":"<h3 data-start=\"121\" data-end=\"198\">Tehokkaat varoitusvalot \u2013 tyylik\u00e4s muotoilu ja poikkeuksellinen n\u00e4kyvyys<\/h3>\n<p data-start=\"200\" data-end=\"637\">Paranna ajoneuvosi ulkon\u00e4k\u00f6\u00e4 ja turvallisuutta t\u00e4ll\u00e4 <strong data-start=\"259\" data-end=\"278\">Luxtar OptiFlux<\/strong>, ensiluokkainen varoitusvalo, joka on kehitetty tarjoamaan korkea suorituskyky ja maksimaalinen k\u00e4ytt\u00f6luotettavuus.<br data-start=\"358\" data-end=\"361\" \/>Pinta-asennukseen suunniteltu eritt\u00e4in ohut yksikk\u00f6 tuottaa voimakkaan meripihkan hehkun kuudella tehokkaalla LEDill\u00e4, mik\u00e4 takaa erinomaisen n\u00e4kyvyyden my\u00f6s vaativissa ymp\u00e4rist\u00f6iss\u00e4.<br data-start=\"556\" data-end=\"559\" \/>T\u00e4ydellinen huoltoautoihin, pelastusajoneuvoihin ja teollisuusk\u00e4ytt\u00f6\u00f6n.<\/p>\n<p data-start=\"639\" data-end=\"799\">Uusin versio on varustettu suositulla <strong data-start=\"690\" data-end=\"717\">Vakionopeudenvalojen toiminto<\/strong>, mik\u00e4 antaa modernin ja tyylikk\u00e4\u00e4n ilmeen, vaikka valo ei vilkuisi aktiivisesti.<\/p>\n<hr data-start=\"801\" data-end=\"804\" \/>\n<h3 data-start=\"806\" data-end=\"829\">T\u00e4rkeimm\u00e4t ominaisuudet:<\/h3>\n<ul data-start=\"831\" data-end=\"1520\">\n<li data-start=\"831\" data-end=\"911\">\n<p data-start=\"833\" data-end=\"911\"><strong data-start=\"833\" data-end=\"852\">13 salamakuviota<\/strong> \u2013 Valitse useista dynaamisista tiloista jokaiseen tilanteeseen.<\/p>\n<\/li>\n<li data-start=\"912\" data-end=\"1008\">\n<p data-start=\"914\" data-end=\"1008\"><strong data-start=\"914\" data-end=\"939\">Vakionopeudenvalojen toiminto<\/strong> \u2013 Tarjoaa jatkuvaa, matalan intensiteetin hehkua parantaen estetiikkaa.<\/p>\n<\/li>\n<li data-start=\"1009\" data-end=\"1134\">\n<p data-start=\"1011\" data-end=\"1134\"><strong data-start=\"1011\" data-end=\"1038\">Synkronoitavat moduulit<\/strong> \u2013 Yhdist\u00e4 useita yksik\u00f6it\u00e4 salamaan synkronoidusti tai vuorotellen maksimaalisen tehon saavuttamiseksi.<\/p>\n<\/li>\n<li data-start=\"1135\" data-end=\"1219\">\n<p data-start=\"1137\" data-end=\"1219\"><strong data-start=\"1137\" data-end=\"1158\">ADR-hyv\u00e4ksytty kaapeli<\/strong> \u2013 T\u00e4ytt\u00e4\u00e4 ammattik\u00e4ytt\u00f6\u00f6n asetetut tiukat turvallisuusvaatimukset.<\/p>\n<\/li>\n<li data-start=\"1220\" data-end=\"1326\">\n<p data-start=\"1222\" data-end=\"1326\"><strong data-start=\"1222\" data-end=\"1245\">Vankka rakenne<\/strong> \u2013 Valmistettu kest\u00e4v\u00e4st\u00e4 alumiinikotelosta, joka on sek\u00e4 s\u00e4\u00e4nkest\u00e4v\u00e4 ett\u00e4 t\u00e4rin\u00e4n kest\u00e4v\u00e4.<\/p>\n<\/li>\n<li data-start=\"1327\" data-end=\"1395\">\n<p data-start=\"1329\" data-end=\"1395\"><strong data-start=\"1329\" data-end=\"1349\">Eritt\u00e4in ohut profiili<\/strong> \u2013 Huomaamaton matala profiili saumatonta integrointia varten.<\/p>\n<\/li>\n<li data-start=\"1396\" data-end=\"1464\">\n<p data-start=\"1398\" data-end=\"1464\"><strong data-start=\"1398\" data-end=\"1433\">ECE R65 -luokan 1\/XA2-sertifioitu<\/strong> \u2013 T\u00e4ysin hyv\u00e4ksytty tieliikenteeseen.<\/p>\n<\/li>\n<li data-start=\"1465\" data-end=\"1520\">\n<p data-start=\"1467\" data-end=\"1520\"><strong data-start=\"1467\" data-end=\"1495\">Valinnainen: Kiinnitysteline<\/strong> \u2013 Tuotenumero: 71410<\/p>\n<\/li>\n<\/ul>\n<hr data-start=\"1522\" data-end=\"1525\" \/>\n<h3 data-start=\"1527\" data-end=\"1556\">Laatuun voit luottaa<\/h3>\n<p data-start=\"1557\" data-end=\"1852\">Rakennettu kest\u00e4m\u00e4\u00e4n ankarimpiakin olosuhteita <strong data-start=\"1612\" data-end=\"1631\">Luxtar OptiFlux<\/strong> kanssa <strong data-start=\"1636\" data-end=\"1653\">5 vuoden takuu<\/strong>, joka tarjoaa pitk\u00e4kestoista suorituskyky\u00e4 ja mielenrauhaa.<br data-start=\"1699\" data-end=\"1702\" \/>Panosta turvallisuuteen ja erottuvaan muotoiluun \u2013 tilaa omasi <strong data-start=\"1767\" data-end=\"1799\">Luxtar OptiFlux -varoitusvalo<\/strong> t\u00e4n\u00e4\u00e4n ja koe ammattimaisen n\u00e4kyvyyden voima.<\/p>\n<p>&nbsp;<\/p>\n<p>&nbsp;<\/p>","protected":false},"excerpt":{"rendered":"<p data-pm-slice=\"1 1 []\">Luxtar OptiFlux \u2013 ensiluokkainen varoitusvalo vakionopeudens\u00e4\u00e4timell\u00e4. Ammattilaisille suunniteltu, kaikkien n\u00e4kyv\u00e4.<\/p>","protected":false},"featured_media":16757,"comment_status":"open","ping_status":"closed","template":"","meta":{"_acf_changed":false,"_smort_price_nok":"849","_smort_price_dkk":"539","_smort_price_eur":"72.27","_smort_sale_price_nok":"","_smort_sale_price_dkk":"","_smort_sale_price_eur":"","smort_restorder":"","shipmondo_restorder":"","_kad_blocks_custom_css":"","_kad_blocks_head_custom_js":"","_kad_blocks_body_custom_js":"","_kad_blocks_footer_custom_js":"","smort_custom_pricelist_1":"508.8","smort_custom_pricelist_2":"445.2","smort_custom_pricelist_3":"413.4","smort_custom_pricelist_4":"636","smort_custom_pricelist_5":"445.2"},"anvandningsomrade":[166,238],"bilmarken":[168],"product_brand":[103],"product_cat":[3076,2553,2579,2587,2826,2849,2854,934,1061],"product_tag":[],"class_list":{"0":"post-12780","1":"product","2":"type-product","3":"status-publish","4":"has-post-thumbnail","6":"anvandningsomrade-lastbil","7":"anvandningsomrade-slap","8":"bilmarken-alla","9":"product_brand-luxtar","10":"product_cat-rekommendationer","11":"product_cat-blixtljus-riktat-varningsljus","12":"product_cat-blixtljus-varningsljus","13":"product_cat-blixtljus-varningsljus-varningsljus","14":"product_cat-luxtar","15":"product_cat-malvin","16":"product_cat-noel","17":"product_cat-blixtljus","18":"product_cat-varningsljus","19":"pa_fuktskydd-varde-ipxx-ip69k","20":"pa_fuktskydd-varde-ipxx-ip67","21":"pa_godkannande-ece-r65-ta2-ece-r10","22":"pa_storlek-mm-132x30x11","23":"pa_volt-v-10-30","25":"first","26":"instock","27":"taxable","28":"shipping-taxable","29":"purchasable","30":"product-type-simple"},"bundled_by":[],"bundle_stock_status":"instock","bundle_stock_quantity":49,"bundle_virtual":false,"bundle_layout":"","bundle_add_to_cart_form_location":"","bundle_editable_in_cart":false,"bundle_sold_individually_context":"","bundle_item_grouping":"","bundle_min_size":"","bundle_max_size":"","bundle_price":[],"bundled_items":[],"bundle_sell_ids":[],"acf":[],"yoast_head":"<!-- This site is optimized with the Yoast SEO plugin v27.0 - https:\/\/yoast.com\/product\/yoast-seo-wordpress\/ -->\n<title>Luxtar OptiFlux | Warning Light | Amber 6 LED - Xenonkungen<\/title>\n<meta name=\"robots\" content=\"index, follow, max-snippet:-1, max-image-preview:large, max-video-preview:-1\" \/>\n<link rel=\"canonical\" href=\"https:\/\/xenonkungen.com\/fi\/tuote\/luxtar-optiflux-varoitusvalo-keltainen-6-ledia\/\" \/>\n<meta property=\"og:locale\" content=\"fi_FI\" \/>\n<meta property=\"og:type\" content=\"article\" \/>\n<meta property=\"og:title\" content=\"Luxtar OptiFlux | Warning Light | Amber 6 LED - Xenonkungen\" \/>\n<meta property=\"og:description\" content=\"Luxtar OptiFlux - premium varningsljus med Cruise Light-funktion. Byggt f\u00f6r proffs, synligt f\u00f6r alla.\" \/>\n<meta property=\"og:url\" content=\"https:\/\/xenonkungen.com\/fi\/tuote\/luxtar-optiflux-varoitusvalo-keltainen-6-ledia\/\" \/>\n<meta property=\"og:site_name\" content=\"Xenonkungen\" \/>\n<meta property=\"article:modified_time\" content=\"2026-05-12T13:27:14+00:00\" \/>\n<meta property=\"og:image\" content=\"https:\/\/xenonkungen.com\/wp-content\/uploads\/2025\/10\/XK_Optiflux-1.png\" \/>\n\t<meta property=\"og:image:width\" content=\"1080\" \/>\n\t<meta property=\"og:image:height\" content=\"1080\" \/>\n\t<meta property=\"og:image:type\" content=\"image\/png\" \/>\n<meta name=\"twitter:card\" content=\"summary_large_image\" \/>\n<meta name=\"twitter:label1\" content=\"Arvioitu lukuaika\" \/>\n\t<meta name=\"twitter:data1\" content=\"2 minuuttia\" \/>\n<script type=\"application\/ld+json\" class=\"yoast-schema-graph\">{\"@context\":\"https:\/\/schema.org\",\"@graph\":[{\"@type\":\"WebPage\",\"@id\":\"https:\/\/xenonkungen.com\/produkt\/luxtar-optiflux-warning-light-amber-6-led\/\",\"url\":\"https:\/\/xenonkungen.com\/produkt\/luxtar-optiflux-warning-light-amber-6-led\/\",\"name\":\"Luxtar OptiFlux | Warning Light | Amber 6 LED - Xenonkungen\",\"isPartOf\":{\"@id\":\"https:\/\/xenonkungen.com\/#website\"},\"primaryImageOfPage\":{\"@id\":\"https:\/\/xenonkungen.com\/produkt\/luxtar-optiflux-warning-light-amber-6-led\/#primaryimage\"},\"image\":{\"@id\":\"https:\/\/xenonkungen.com\/produkt\/luxtar-optiflux-warning-light-amber-6-led\/#primaryimage\"},\"thumbnailUrl\":\"https:\/\/xenonkungen.com\/wp-content\/uploads\/2025\/10\/XK_Optiflux-1.png\",\"datePublished\":\"2025-08-22T12:16:06+00:00\",\"dateModified\":\"2026-05-12T13:27:14+00:00\",\"breadcrumb\":{\"@id\":\"https:\/\/xenonkungen.com\/produkt\/luxtar-optiflux-warning-light-amber-6-led\/#breadcrumb\"},\"inLanguage\":\"fi\",\"potentialAction\":[{\"@type\":\"ReadAction\",\"target\":[\"https:\/\/xenonkungen.com\/produkt\/luxtar-optiflux-warning-light-amber-6-led\/\"]}]},{\"@type\":\"ImageObject\",\"inLanguage\":\"fi\",\"@id\":\"https:\/\/xenonkungen.com\/produkt\/luxtar-optiflux-warning-light-amber-6-led\/#primaryimage\",\"url\":\"https:\/\/xenonkungen.com\/wp-content\/uploads\/2025\/10\/XK_Optiflux-1.png\",\"contentUrl\":\"https:\/\/xenonkungen.com\/wp-content\/uploads\/2025\/10\/XK_Optiflux-1.png\",\"width\":1080,\"height\":1080},{\"@type\":\"BreadcrumbList\",\"@id\":\"https:\/\/xenonkungen.com\/produkt\/luxtar-optiflux-warning-light-amber-6-led\/#breadcrumb\",\"itemListElement\":[{\"@type\":\"ListItem\",\"position\":1,\"name\":\"Hem\",\"item\":\"https:\/\/xenonkungen.com\/\"},{\"@type\":\"ListItem\",\"position\":2,\"name\":\"Shop\",\"item\":\"https:\/\/xenonkungen.com\/shop\/\"},{\"@type\":\"ListItem\",\"position\":3,\"name\":\"Luxtar OptiFlux | Warning Light | Amber 6 LED\"}]},{\"@type\":\"WebSite\",\"@id\":\"https:\/\/xenonkungen.com\/#website\",\"url\":\"https:\/\/xenonkungen.com\/\",\"name\":\"Xenonkungen\",\"description\":\"\",\"potentialAction\":[{\"@type\":\"SearchAction\",\"target\":{\"@type\":\"EntryPoint\",\"urlTemplate\":\"https:\/\/xenonkungen.com\/?s={search_term_string}\"},\"query-input\":{\"@type\":\"PropertyValueSpecification\",\"valueRequired\":true,\"valueName\":\"search_term_string\"}}],\"inLanguage\":\"fi\"}]}<\/script>\n<!-- \/ Yoast SEO plugin. -->","yoast_head_json":{"title":"Luxtar OptiFlux | Varoitusvalo | Amber 6 LED - Xenon King","robots":{"index":"index","follow":"follow","max-snippet":"max-snippet:-1","max-image-preview":"max-image-preview:large","max-video-preview":"max-video-preview:-1"},"canonical":"https:\/\/xenonkungen.com\/fi\/tuote\/luxtar-optiflux-varoitusvalo-keltainen-6-ledia\/","og_locale":"fi_FI","og_type":"article","og_title":"Luxtar OptiFlux | Warning Light | Amber 6 LED - Xenonkungen","og_description":"Luxtar OptiFlux - premium varningsljus med Cruise Light-funktion. Byggt f\u00f6r proffs, synligt f\u00f6r alla.","og_url":"https:\/\/xenonkungen.com\/fi\/tuote\/luxtar-optiflux-varoitusvalo-keltainen-6-ledia\/","og_site_name":"Xenonkungen","article_modified_time":"2026-05-12T13:27:14+00:00","og_image":[{"width":1080,"height":1080,"url":"https:\/\/xenonkungen.com\/wp-content\/uploads\/2025\/10\/XK_Optiflux-1.png","type":"image\/png"}],"twitter_card":"summary_large_image","twitter_misc":{"Arvioitu lukuaika":"2 minuuttia"},"schema":{"@context":"https:\/\/schema.org","@graph":[{"@type":"WebPage","@id":"https:\/\/xenonkungen.com\/produkt\/luxtar-optiflux-warning-light-amber-6-led\/","url":"https:\/\/xenonkungen.com\/produkt\/luxtar-optiflux-warning-light-amber-6-led\/","name":"Luxtar OptiFlux | Varoitusvalo | Amber 6 LED - Xenon King","isPartOf":{"@id":"https:\/\/xenonkungen.com\/#website"},"primaryImageOfPage":{"@id":"https:\/\/xenonkungen.com\/produkt\/luxtar-optiflux-warning-light-amber-6-led\/#primaryimage"},"image":{"@id":"https:\/\/xenonkungen.com\/produkt\/luxtar-optiflux-warning-light-amber-6-led\/#primaryimage"},"thumbnailUrl":"https:\/\/xenonkungen.com\/wp-content\/uploads\/2025\/10\/XK_Optiflux-1.png","datePublished":"2025-08-22T12:16:06+00:00","dateModified":"2026-05-12T13:27:14+00:00","breadcrumb":{"@id":"https:\/\/xenonkungen.com\/produkt\/luxtar-optiflux-warning-light-amber-6-led\/#breadcrumb"},"inLanguage":"fi","potentialAction":[{"@type":"ReadAction","target":["https:\/\/xenonkungen.com\/produkt\/luxtar-optiflux-warning-light-amber-6-led\/"]}]},{"@type":"ImageObject","inLanguage":"fi","@id":"https:\/\/xenonkungen.com\/produkt\/luxtar-optiflux-warning-light-amber-6-led\/#primaryimage","url":"https:\/\/xenonkungen.com\/wp-content\/uploads\/2025\/10\/XK_Optiflux-1.png","contentUrl":"https:\/\/xenonkungen.com\/wp-content\/uploads\/2025\/10\/XK_Optiflux-1.png","width":1080,"height":1080},{"@type":"BreadcrumbList","@id":"https:\/\/xenonkungen.com\/produkt\/luxtar-optiflux-warning-light-amber-6-led\/#breadcrumb","itemListElement":[{"@type":"ListItem","position":1,"name":"Hem","item":"https:\/\/xenonkungen.com\/"},{"@type":"ListItem","position":2,"name":"Shop","item":"https:\/\/xenonkungen.com\/shop\/"},{"@type":"ListItem","position":3,"name":"Luxtar OptiFlux | Warning Light | Amber 6 LED"}]},{"@type":"WebSite","@id":"https:\/\/xenonkungen.com\/#website","url":"https:\/\/xenonkungen.com\/","name":"Xenonkungen","description":"","potentialAction":[{"@type":"SearchAction","target":{"@type":"EntryPoint","urlTemplate":"https:\/\/xenonkungen.com\/?s={search_term_string}"},"query-input":{"@type":"PropertyValueSpecification","valueRequired":true,"valueName":"search_term_string"}}],"inLanguage":"fi"}]}},"taxonomy_info":{"anvandningsomrade":[{"value":166,"label":"Lastbil"},{"value":238,"label":"SL\u00c4P"}],"bilmarken":[{"value":168,"label":"Alla"}],"product_brand":[{"value":103,"label":"LUXTAR"}],"product_cat":[{"value":3076,"label":"Rekommendationer"},{"value":2553,"label":"Blixtljus - Riktat varningsljus"},{"value":2579,"label":"Blixtljus\/Varningsljus"},{"value":2587,"label":"Blixtljus\/Varningsljus"},{"value":2826,"label":"LUXTAR"},{"value":2849,"label":"Malvins VW Golf"},{"value":2854,"label":"Noels EPA"},{"value":934,"label":"Blixtljus"},{"value":1061,"label":"Varningsljus"}],"pa_fuktskydd-varde-ipxx":[{"value":155,"label":"IP69K"},{"value":333,"label":"IP67"}],"pa_godkannande":[{"value":1417,"label":"ECE R65 TA2, ECE R10"}],"pa_storlek-mm":[{"value":2725,"label":"132\u00d730\u00d711"}],"pa_volt-v":[{"value":1419,"label":"10-30"}]},"featured_image_src_large":["https:\/\/xenonkungen.com\/wp-content\/uploads\/2025\/10\/XK_Optiflux-1-1024x1024.png",1024,1024,true],"author_info":[],"comment_info":0,"_links":{"self":[{"href":"https:\/\/xenonkungen.com\/fi\/wp-json\/wp\/v2\/product\/12780","targetHints":{"allow":["GET"]}}],"collection":[{"href":"https:\/\/xenonkungen.com\/fi\/wp-json\/wp\/v2\/product"}],"about":[{"href":"https:\/\/xenonkungen.com\/fi\/wp-json\/wp\/v2\/types\/product"}],"replies":[{"embeddable":true,"href":"https:\/\/xenonkungen.com\/fi\/wp-json\/wp\/v2\/comments?post=12780"}],"wp:featuredmedia":[{"embeddable":true,"href":"https:\/\/xenonkungen.com\/fi\/wp-json\/wp\/v2\/media\/16757"}],"wp:attachment":[{"href":"https:\/\/xenonkungen.com\/fi\/wp-json\/wp\/v2\/media?parent=12780"}],"wp:term":[{"taxonomy":"anvandningsomrade","embeddable":true,"href":"https:\/\/xenonkungen.com\/fi\/wp-json\/wp\/v2\/anvandningsomrade?post=12780"},{"taxonomy":"bilmarken","embeddable":true,"href":"https:\/\/xenonkungen.com\/fi\/wp-json\/wp\/v2\/bilmarken?post=12780"},{"taxonomy":"product_brand","embeddable":true,"href":"https:\/\/xenonkungen.com\/fi\/wp-json\/wp\/v2\/product_brand?post=12780"},{"taxonomy":"product_cat","embeddable":true,"href":"https:\/\/xenonkungen.com\/fi\/wp-json\/wp\/v2\/product_cat?post=12780"},{"taxonomy":"product_tag","embeddable":true,"href":"https:\/\/xenonkungen.com\/fi\/wp-json\/wp\/v2\/product_tag?post=12780"}],"curies":[{"name":"wp","href":"https:\/\/api.w.org\/{rel}","templated":true}]}}