{"id":12882,"date":"2025-08-26T12:30:27","date_gmt":"2025-08-26T12:30:27","guid":{"rendered":"https:\/\/xenonkungen.com\/?post_type=product&#038;p=12882"},"modified":"2026-05-08T13:29:28","modified_gmt":"2026-05-08T12:29:28","slug":"luxtar-pro-noir-wl90-kaareva","status":"publish","type":"product","link":"https:\/\/xenonkungen.com\/fi\/tuote\/luxtar-pro-noir-wl90-kaareva\/","title":{"rendered":"Luxtar\u00ae PRO Musta WL90 Kaareva Luxtar\u00ae PRO Musta WL90 kaareva"},"content":{"rendered":"<p><b><span data-contrast=\"auto\">Tehokas ty\u00f6valo laajalla valonjaolla<\/span><\/b><span data-ccp-props=\"{}\">\u00a0<\/span><\/p>\n<p><span data-contrast=\"auto\">Maksimoi valo ty\u00f6paikalla <\/span><b><span data-contrast=\"auto\">Luxtar\u00ae PRO Musta WL90 Kaareva Luxtar\u00ae PRO Musta WL90 kaareva<\/span><\/b><span data-contrast=\"auto\">, suositun Noir-sarjan suurempi ja entist\u00e4kin tehokkaampi malli. <\/span><b><span data-contrast=\"auto\">9 tehokasta 10 W:n Osram-LEDi\u00e4<\/span><\/b><span data-contrast=\"auto\"> ja edistyneit\u00e4 <\/span><b><span data-contrast=\"auto\">TIR-linssioptiikka<\/span><\/b><span data-contrast=\"auto\"> tarjoaa t\u00e4m\u00e4n kest\u00e4v\u00e4n ty\u00f6valon kaikille <\/span><b><span data-contrast=\"auto\">7 800 todellista lumenia<\/span><\/b><span data-contrast=\"auto\"> a:ssa <\/span><b><span data-contrast=\"auto\">120\u00b0 leve\u00e4 valons\u00e4de<\/span><\/b><span data-contrast=\"auto\">T\u00e4ydellinen raskaisiin ajoneuvoihin, rakennuskoneisiin ja teollisuusk\u00e4ytt\u00f6\u00f6n, joissa luotettava valaistus on v\u00e4ltt\u00e4m\u00e4t\u00f6nt\u00e4.<\/span><span data-ccp-props=\"{}\">\u00a0<\/span><\/p>\n<p><span data-contrast=\"auto\">Aivan kuten pienemm\u00e4t sisaruksensa rakentavat <\/span><b><span data-contrast=\"auto\">Noir-sarja<\/span><\/b><span data-contrast=\"auto\"> jatkaen Luxtarin aiempien menestyneiden mallien pohjalta \u2013 nyt <\/span><b><span data-contrast=\"auto\">parannettu optiikka, vahvemmat komponentit ja tummas\u00e4vyinen linssi<\/span><\/b><span data-contrast=\"auto\"> joka sulautuu moderniin ajoneuvomuotoiluun. Elegantilla ja tyylikk\u00e4\u00e4ll\u00e4 muotoilullaan WL90 edustaa seuraavaa askelta ammattimaisen ty\u00f6valaistuksen kehityksess\u00e4.<\/span><span data-ccp-props=\"{}\">\u00a0<\/span><\/p>\n<p><span data-contrast=\"auto\">Kiitos <\/span><b><span data-contrast=\"auto\">IP69K-suojaus<\/span><\/b><span data-contrast=\"auto\">, <\/span><b><span data-contrast=\"auto\">Elektroninen l\u00e4mmityksen ohjaus (ETM)<\/span><\/b><span data-contrast=\"auto\"> ja kest\u00e4v\u00e4n rakenteensa ansiosta WL90 Curved on suunniteltu vaativimpiinkin olosuhteisiin.<\/span><span data-ccp-props=\"{}\">\u00a0<\/span><\/p>\n<p><b><span data-contrast=\"auto\">T\u00e4rkeimm\u00e4t ominaisuudet<\/span><\/b><span data-ccp-props=\"{}\">\u00a0<\/span><\/p>\n<ul>\n<li aria-setsize=\"-1\" data-leveltext=\"\uf0b7\" data-font=\"Symbol\" data-listid=\"1\" data-list-defn-props=\"{&quot;335552541&quot;:1,&quot;335559685&quot;:720,&quot;335559991&quot;:360,&quot;469769226&quot;:&quot;Symbol&quot;,&quot;469769242&quot;:[8226],&quot;469777803&quot;:&quot;left&quot;,&quot;469777804&quot;:&quot;\uf0b7&quot;,&quot;469777815&quot;:&quot;multilevel&quot;}\" data-aria-posinset=\"1\" data-aria-level=\"1\"><b><span data-contrast=\"auto\">Laaja tulvavalaistus<\/span><\/b><span data-contrast=\"auto\"> \u2013 120\u00b0 hajautettu valokuva maksimoi ty\u00f6tilan<\/span><span data-ccp-props=\"{}\">\u00a0<\/span><\/li>\n<\/ul>\n<ul>\n<li aria-setsize=\"-1\" data-leveltext=\"\uf0b7\" data-font=\"Symbol\" data-listid=\"1\" data-list-defn-props=\"{&quot;335552541&quot;:1,&quot;335559685&quot;:720,&quot;335559991&quot;:360,&quot;469769226&quot;:&quot;Symbol&quot;,&quot;469769242&quot;:[8226],&quot;469777803&quot;:&quot;left&quot;,&quot;469777804&quot;:&quot;\uf0b7&quot;,&quot;469777815&quot;:&quot;multilevel&quot;}\" data-aria-posinset=\"2\" data-aria-level=\"1\"><b><span data-contrast=\"auto\">Valtava kirkkaus<\/span><\/b><span data-contrast=\"auto\"> \u2013 9 500 raakaa lumenia \/ 7 800 todellista lumenia 9 x 10 W Osram LED -polttimosta<\/span><span data-ccp-props=\"{}\">\u00a0<\/span><\/li>\n<\/ul>\n<ul>\n<li aria-setsize=\"-1\" data-leveltext=\"\uf0b7\" data-font=\"Symbol\" data-listid=\"1\" data-list-defn-props=\"{&quot;335552541&quot;:1,&quot;335559685&quot;:720,&quot;335559991&quot;:360,&quot;469769226&quot;:&quot;Symbol&quot;,&quot;469769242&quot;:[8226],&quot;469777803&quot;:&quot;left&quot;,&quot;469777804&quot;:&quot;\uf0b7&quot;,&quot;469777815&quot;:&quot;multilevel&quot;}\" data-aria-posinset=\"3\" data-aria-level=\"1\"><b><span data-contrast=\"auto\">P\u00e4iv\u00e4nvalon kaltainen hehku<\/span><\/b><span data-contrast=\"auto\"> \u2013 5000K luonnonvalkoinen valo v\u00e4hent\u00e4\u00e4 silmien v\u00e4symist\u00e4 ja tarjoaa selke\u00e4n n\u00e4\u00f6n<\/span><span data-ccp-props=\"{}\">\u00a0<\/span><\/li>\n<\/ul>\n<ul>\n<li aria-setsize=\"-1\" data-leveltext=\"\uf0b7\" data-font=\"Symbol\" data-listid=\"1\" data-list-defn-props=\"{&quot;335552541&quot;:1,&quot;335559685&quot;:720,&quot;335559991&quot;:360,&quot;469769226&quot;:&quot;Symbol&quot;,&quot;469769242&quot;:[8226],&quot;469777803&quot;:&quot;left&quot;,&quot;469777804&quot;:&quot;\uf0b7&quot;,&quot;469777815&quot;:&quot;multilevel&quot;}\" data-aria-posinset=\"4\" data-aria-level=\"1\"><b><span data-contrast=\"auto\">Parannettu muotoilu<\/span><\/b><span data-contrast=\"auto\"> \u2013 Uusi optiikka, vahvemmat komponentit ja tyylik\u00e4s Noir-ilme tummalla linssill\u00e4<\/span><span data-ccp-props=\"{}\">\u00a0<\/span><\/li>\n<\/ul>\n<ul>\n<li aria-setsize=\"-1\" data-leveltext=\"\uf0b7\" data-font=\"Symbol\" data-listid=\"1\" data-list-defn-props=\"{&quot;335552541&quot;:1,&quot;335559685&quot;:720,&quot;335559991&quot;:360,&quot;469769226&quot;:&quot;Symbol&quot;,&quot;469769242&quot;:[8226],&quot;469777803&quot;:&quot;left&quot;,&quot;469777804&quot;:&quot;\uf0b7&quot;,&quot;469777815&quot;:&quot;multilevel&quot;}\" data-aria-posinset=\"5\" data-aria-level=\"1\"><b><span data-contrast=\"auto\">Kulmaty\u00f6valo, jossa on &quot;3-in-1&quot; -optiikkaj\u00e4rjestelm\u00e4<\/span><\/b><span data-contrast=\"auto\"> \u2013 Optimaalinen tasapaino valon leveyden, voimakkuuden ja tehokkuuden v\u00e4lill\u00e4<\/span><span data-ccp-props=\"{}\">\u00a0<\/span><\/li>\n<\/ul>\n<ul>\n<li aria-setsize=\"-1\" data-leveltext=\"\uf0b7\" data-font=\"Symbol\" data-listid=\"1\" data-list-defn-props=\"{&quot;335552541&quot;:1,&quot;335559685&quot;:720,&quot;335559991&quot;:360,&quot;469769226&quot;:&quot;Symbol&quot;,&quot;469769242&quot;:[8226],&quot;469777803&quot;:&quot;left&quot;,&quot;469777804&quot;:&quot;\uf0b7&quot;,&quot;469777815&quot;:&quot;multilevel&quot;}\" data-aria-posinset=\"6\" data-aria-level=\"1\"><b><span data-contrast=\"auto\">Elektroninen l\u00e4mmityksen ohjaus (ETM)<\/span><\/b><span data-contrast=\"auto\"> \u2013 Suojaa diodeja ja piirilevyj\u00e4 haitalliselta ylikuumenemiselta<\/span><span data-ccp-props=\"{}\">\u00a0<\/span><\/li>\n<\/ul>\n<ul>\n<li aria-setsize=\"-1\" data-leveltext=\"\uf0b7\" data-font=\"Symbol\" data-listid=\"1\" data-list-defn-props=\"{&quot;335552541&quot;:1,&quot;335559685&quot;:720,&quot;335559991&quot;:360,&quot;469769226&quot;:&quot;Symbol&quot;,&quot;469769242&quot;:[8226],&quot;469777803&quot;:&quot;left&quot;,&quot;469777804&quot;:&quot;\uf0b7&quot;,&quot;469777815&quot;:&quot;multilevel&quot;}\" data-aria-posinset=\"7\" data-aria-level=\"1\"><b><span data-contrast=\"auto\">\u00c4\u00e4rimm\u00e4inen kest\u00e4vyys<\/span><\/b><span data-contrast=\"auto\"> \u2013 IP69K-luokiteltu suojaus ja kest\u00e4v\u00e4 alumiinikotelo vaativiin olosuhteisiin<\/span><span data-ccp-props=\"{}\">\u00a0<\/span><\/li>\n<\/ul>\n<ul>\n<li aria-setsize=\"-1\" data-leveltext=\"\uf0b7\" data-font=\"Symbol\" data-listid=\"1\" data-list-defn-props=\"{&quot;335552541&quot;:1,&quot;335559685&quot;:720,&quot;335559991&quot;:360,&quot;469769226&quot;:&quot;Symbol&quot;,&quot;469769242&quot;:[8226],&quot;469777803&quot;:&quot;left&quot;,&quot;469777804&quot;:&quot;\uf0b7&quot;,&quot;469777815&quot;:&quot;multilevel&quot;}\" data-aria-posinset=\"8\" data-aria-level=\"1\"><b><span data-contrast=\"auto\">\u00c4lyk\u00e4s s\u00e4hk\u00f6turvallisuus<\/span><\/b><span data-contrast=\"auto\"> \u2013 Suojaus k\u00e4\u00e4nteist\u00e4 napaisuutta sek\u00e4 yli- ja alij\u00e4nnitett\u00e4 vastaan<\/span><span data-ccp-props=\"{}\">\u00a0<\/span><\/li>\n<\/ul>\n<ul>\n<li aria-setsize=\"-1\" data-leveltext=\"\uf0b7\" data-font=\"Symbol\" data-listid=\"1\" data-list-defn-props=\"{&quot;335552541&quot;:1,&quot;335559685&quot;:720,&quot;335559991&quot;:360,&quot;469769226&quot;:&quot;Symbol&quot;,&quot;469769242&quot;:[8226],&quot;469777803&quot;:&quot;left&quot;,&quot;469777804&quot;:&quot;\uf0b7&quot;,&quot;469777815&quot;:&quot;multilevel&quot;}\" data-aria-posinset=\"9\" data-aria-level=\"1\"><b><span data-contrast=\"auto\">Kompakti kaareva profiili<\/span><\/b><span data-contrast=\"auto\"> \u2013 Elegantti muotoilu huomaamattomaan ja vakaaseen asennukseen<\/span><span data-ccp-props=\"{}\">\u00a0<\/span><\/li>\n<\/ul>\n<ul>\n<li aria-setsize=\"-1\" data-leveltext=\"\uf0b7\" data-font=\"Symbol\" data-listid=\"1\" data-list-defn-props=\"{&quot;335552541&quot;:1,&quot;335559685&quot;:720,&quot;335559991&quot;:360,&quot;469769226&quot;:&quot;Symbol&quot;,&quot;469769242&quot;:[8226],&quot;469777803&quot;:&quot;left&quot;,&quot;469777804&quot;:&quot;\uf0b7&quot;,&quot;469777815&quot;:&quot;multilevel&quot;}\" data-aria-posinset=\"10\" data-aria-level=\"1\"><b><span data-contrast=\"auto\">Ammatillinen standardi<\/span><\/b><span data-contrast=\"auto\"> \u2013 E-merkitty, CE, RoHS, EMC, ECE R10, CISPR25 luokka 3<\/span><span data-ccp-props=\"{}\">\u00a0<\/span><\/li>\n<\/ul>\n<ul>\n<li aria-setsize=\"-1\" data-leveltext=\"\uf0b7\" data-font=\"Symbol\" data-listid=\"1\" data-list-defn-props=\"{&quot;335552541&quot;:1,&quot;335559685&quot;:720,&quot;335559991&quot;:360,&quot;469769226&quot;:&quot;Symbol&quot;,&quot;469769242&quot;:[8226],&quot;469777803&quot;:&quot;left&quot;,&quot;469777804&quot;:&quot;\uf0b7&quot;,&quot;469777815&quot;:&quot;multilevel&quot;}\" data-aria-posinset=\"11\" data-aria-level=\"1\"><b><span data-contrast=\"auto\">Raskaat kiinnikkeet<\/span><\/b><span data-contrast=\"auto\"> \u2013 Ruostumattomasta ter\u00e4ksest\u00e4 valmistetut kiinnikkeet (SUS304)<\/span><span data-ccp-props=\"{}\">\u00a0<\/span><\/li>\n<\/ul>\n<p><span data-ccp-props=\"{}\"><br \/>\n<\/span><b><span data-contrast=\"auto\">Luxtarin laatuun voit luottaa<\/span><\/b><span data-ccp-props=\"{}\">\u00a0<\/span><\/p>\n<p><span data-contrast=\"auto\">Suunniteltu luotettavaan toimintaan \u00e4\u00e4rimm\u00e4isiss\u00e4 l\u00e4mp\u00f6tiloissa <\/span><b><span data-contrast=\"auto\">\u221240 \u00b0C - +60 \u00b0C<\/span><\/b><span data-contrast=\"auto\">WL90 Curved on rakennettu pitk\u00e4ik\u00e4iseksi ja tehokkaaksi. <\/span><b><span data-contrast=\"auto\">2 vuoden takuu<\/span><\/b><span data-contrast=\"auto\"> Saat turvallisuutta ja luotettavuutta kaikissa ty\u00f6ymp\u00e4rist\u00f6iss\u00e4.<\/span><span data-ccp-props=\"{}\">\u00a0<\/span><\/p>\n<p><b><span data-contrast=\"auto\">Luxtar\u00ae PRO Noir WL90 Curved \u2013 tinkim\u00e4t\u00f6nt\u00e4 kirkkautta ja modernia muotoilua t\u00e4ydellisess\u00e4 tasapainossa.<\/span><\/b><span data-ccp-props=\"{}\">\u00a0<\/span><\/p>","protected":false},"excerpt":{"rendered":"<p>Kraftfull Arbetslampa med Bred Flood Ljusspridning\u00a0 Maximera ljuset p\u00e5 arbetsplatsen med Luxtar\u00ae PRO Noir WL90 Curved, den st\u00f6rre och \u00e4nnu mer kraftfulla modellen i den popul\u00e4ra Noir-serien. Med 9 h\u00f6gpresterande 10W Osram LED och avancerad TIR-linsoptik levererar denna robusta arbetslampa hela 7 800 faktiska lumen i en 120\u00b0 bred flood-ljusk\u00e4gla. Perfekt f\u00f6r tunga fordon, entreprenadmaskiner [&hellip;]<\/p>","protected":false},"featured_media":16758,"comment_status":"open","ping_status":"closed","template":"","meta":{"_acf_changed":false,"_smort_price_nok":"1810","_smort_price_dkk":"1150","_smort_price_eur":"154.08","_smort_sale_price_nok":"","_smort_sale_price_dkk":"","_smort_sale_price_eur":"","smort_restorder":"","shipmondo_restorder":"","_kad_blocks_custom_css":"","_kad_blocks_head_custom_js":"","_kad_blocks_body_custom_js":"","_kad_blocks_footer_custom_js":"","smort_custom_pricelist_1":"1084.8","smort_custom_pricelist_2":"881.4","smort_custom_pricelist_3":"818.82","smort_custom_pricelist_4":"1356","smort_custom_pricelist_5":"881.4"},"anvandningsomrade":[166],"bilmarken":[],"product_brand":[103],"product_cat":[2826,508],"product_tag":[],"class_list":{"0":"post-12882","1":"product","2":"type-product","3":"status-publish","4":"has-post-thumbnail","6":"anvandningsomrade-lastbil","7":"product_brand-luxtar","8":"product_cat-luxtar","9":"product_cat-arbetsbelysning","10":"pa_fargtemperatur-5000k","11":"pa_fuktskydd-varde-ipxx-ip69k","12":"pa_godkannande-cispr25-klass-5","13":"pa_godkannande-e-markt-ece-r10-rohs-ce-emc","14":"pa_volt-v-9-36","16":"first","17":"instock","18":"taxable","19":"shipping-taxable","20":"purchasable","21":"product-type-simple"},"bundled_by":[],"bundle_stock_status":"instock","bundle_stock_quantity":135,"bundle_virtual":false,"bundle_layout":"","bundle_add_to_cart_form_location":"","bundle_editable_in_cart":false,"bundle_sold_individually_context":"","bundle_item_grouping":"","bundle_min_size":"","bundle_max_size":"","bundle_price":[],"bundled_items":[],"bundle_sell_ids":[],"acf":[],"yoast_head":"<!-- This site is optimized with the Yoast SEO plugin v27.0 - https:\/\/yoast.com\/product\/yoast-seo-wordpress\/ -->\n<title>Luxtar\u00ae PRO Noir WL90 Curved - Xenonkungen<\/title>\n<meta name=\"robots\" content=\"index, follow, max-snippet:-1, max-image-preview:large, max-video-preview:-1\" \/>\n<link rel=\"canonical\" href=\"https:\/\/xenonkungen.com\/fi\/tuote\/luxtar-pro-noir-wl90-kaareva\/\" \/>\n<meta property=\"og:locale\" content=\"fi_FI\" \/>\n<meta property=\"og:type\" content=\"article\" \/>\n<meta property=\"og:title\" content=\"Luxtar\u00ae PRO Noir WL90 Curved - Xenonkungen\" \/>\n<meta property=\"og:description\" content=\"Kraftfull Arbetslampa med Bred Flood Ljusspridning\u00a0 Maximera ljuset p\u00e5 arbetsplatsen med Luxtar\u00ae PRO Noir WL90 Curved, den st\u00f6rre och \u00e4nnu mer kraftfulla modellen i den popul\u00e4ra Noir-serien. Med 9 h\u00f6gpresterande 10W Osram LED och avancerad TIR-linsoptik levererar denna robusta arbetslampa hela 7 800 faktiska lumen i en 120\u00b0 bred flood-ljusk\u00e4gla. Perfekt f\u00f6r tunga fordon, entreprenadmaskiner [&hellip;]\" \/>\n<meta property=\"og:url\" content=\"https:\/\/xenonkungen.com\/fi\/tuote\/luxtar-pro-noir-wl90-kaareva\/\" \/>\n<meta property=\"og:site_name\" content=\"Xenonkungen\" \/>\n<meta property=\"article:modified_time\" content=\"2026-05-08T12:29:28+00:00\" \/>\n<meta property=\"og:image\" content=\"https:\/\/xenonkungen.com\/wp-content\/uploads\/2025\/10\/XK_ProNoir-1.png\" \/>\n\t<meta property=\"og:image:width\" content=\"1080\" \/>\n\t<meta property=\"og:image:height\" content=\"1080\" \/>\n\t<meta property=\"og:image:type\" content=\"image\/png\" \/>\n<meta name=\"twitter:card\" content=\"summary_large_image\" \/>\n<meta name=\"twitter:label1\" content=\"Arvioitu lukuaika\" \/>\n\t<meta name=\"twitter:data1\" content=\"2 minuuttia\" \/>\n<script type=\"application\/ld+json\" class=\"yoast-schema-graph\">{\"@context\":\"https:\/\/schema.org\",\"@graph\":[{\"@type\":\"WebPage\",\"@id\":\"https:\/\/xenonkungen.com\/produkt\/luxtar-pro-noir-wl90-curved\/\",\"url\":\"https:\/\/xenonkungen.com\/produkt\/luxtar-pro-noir-wl90-curved\/\",\"name\":\"Luxtar\u00ae PRO Noir WL90 Curved - Xenonkungen\",\"isPartOf\":{\"@id\":\"https:\/\/xenonkungen.com\/#website\"},\"primaryImageOfPage\":{\"@id\":\"https:\/\/xenonkungen.com\/produkt\/luxtar-pro-noir-wl90-curved\/#primaryimage\"},\"image\":{\"@id\":\"https:\/\/xenonkungen.com\/produkt\/luxtar-pro-noir-wl90-curved\/#primaryimage\"},\"thumbnailUrl\":\"https:\/\/xenonkungen.com\/wp-content\/uploads\/2025\/10\/XK_ProNoir-1.png\",\"datePublished\":\"2025-08-26T12:30:27+00:00\",\"dateModified\":\"2026-05-08T12:29:28+00:00\",\"breadcrumb\":{\"@id\":\"https:\/\/xenonkungen.com\/produkt\/luxtar-pro-noir-wl90-curved\/#breadcrumb\"},\"inLanguage\":\"fi\",\"potentialAction\":[{\"@type\":\"ReadAction\",\"target\":[\"https:\/\/xenonkungen.com\/produkt\/luxtar-pro-noir-wl90-curved\/\"]}]},{\"@type\":\"ImageObject\",\"inLanguage\":\"fi\",\"@id\":\"https:\/\/xenonkungen.com\/produkt\/luxtar-pro-noir-wl90-curved\/#primaryimage\",\"url\":\"https:\/\/xenonkungen.com\/wp-content\/uploads\/2025\/10\/XK_ProNoir-1.png\",\"contentUrl\":\"https:\/\/xenonkungen.com\/wp-content\/uploads\/2025\/10\/XK_ProNoir-1.png\",\"width\":1080,\"height\":1080},{\"@type\":\"BreadcrumbList\",\"@id\":\"https:\/\/xenonkungen.com\/produkt\/luxtar-pro-noir-wl90-curved\/#breadcrumb\",\"itemListElement\":[{\"@type\":\"ListItem\",\"position\":1,\"name\":\"Hem\",\"item\":\"https:\/\/xenonkungen.com\/\"},{\"@type\":\"ListItem\",\"position\":2,\"name\":\"Shop\",\"item\":\"https:\/\/xenonkungen.com\/shop\/\"},{\"@type\":\"ListItem\",\"position\":3,\"name\":\"Luxtar\u00ae PRO Noir WL90 Curved\"}]},{\"@type\":\"WebSite\",\"@id\":\"https:\/\/xenonkungen.com\/#website\",\"url\":\"https:\/\/xenonkungen.com\/\",\"name\":\"Xenonkungen\",\"description\":\"\",\"potentialAction\":[{\"@type\":\"SearchAction\",\"target\":{\"@type\":\"EntryPoint\",\"urlTemplate\":\"https:\/\/xenonkungen.com\/?s={search_term_string}\"},\"query-input\":{\"@type\":\"PropertyValueSpecification\",\"valueRequired\":true,\"valueName\":\"search_term_string\"}}],\"inLanguage\":\"fi\"}]}<\/script>\n<!-- \/ Yoast SEO plugin. -->","yoast_head_json":{"title":"Luxtar\u00ae PRO Noir WL90 Curved - Xenon-kuningas","robots":{"index":"index","follow":"follow","max-snippet":"max-snippet:-1","max-image-preview":"max-image-preview:large","max-video-preview":"max-video-preview:-1"},"canonical":"https:\/\/xenonkungen.com\/fi\/tuote\/luxtar-pro-noir-wl90-kaareva\/","og_locale":"fi_FI","og_type":"article","og_title":"Luxtar\u00ae PRO Noir WL90 Curved - Xenonkungen","og_description":"Kraftfull Arbetslampa med Bred Flood Ljusspridning\u00a0 Maximera ljuset p\u00e5 arbetsplatsen med Luxtar\u00ae PRO Noir WL90 Curved, den st\u00f6rre och \u00e4nnu mer kraftfulla modellen i den popul\u00e4ra Noir-serien. Med 9 h\u00f6gpresterande 10W Osram LED och avancerad TIR-linsoptik levererar denna robusta arbetslampa hela 7 800 faktiska lumen i en 120\u00b0 bred flood-ljusk\u00e4gla. Perfekt f\u00f6r tunga fordon, entreprenadmaskiner [&hellip;]","og_url":"https:\/\/xenonkungen.com\/fi\/tuote\/luxtar-pro-noir-wl90-kaareva\/","og_site_name":"Xenonkungen","article_modified_time":"2026-05-08T12:29:28+00:00","og_image":[{"width":1080,"height":1080,"url":"https:\/\/xenonkungen.com\/wp-content\/uploads\/2025\/10\/XK_ProNoir-1.png","type":"image\/png"}],"twitter_card":"summary_large_image","twitter_misc":{"Arvioitu lukuaika":"2 minuuttia"},"schema":{"@context":"https:\/\/schema.org","@graph":[{"@type":"WebPage","@id":"https:\/\/xenonkungen.com\/produkt\/luxtar-pro-noir-wl90-curved\/","url":"https:\/\/xenonkungen.com\/produkt\/luxtar-pro-noir-wl90-curved\/","name":"Luxtar\u00ae PRO Noir WL90 Curved - Xenon-kuningas","isPartOf":{"@id":"https:\/\/xenonkungen.com\/#website"},"primaryImageOfPage":{"@id":"https:\/\/xenonkungen.com\/produkt\/luxtar-pro-noir-wl90-curved\/#primaryimage"},"image":{"@id":"https:\/\/xenonkungen.com\/produkt\/luxtar-pro-noir-wl90-curved\/#primaryimage"},"thumbnailUrl":"https:\/\/xenonkungen.com\/wp-content\/uploads\/2025\/10\/XK_ProNoir-1.png","datePublished":"2025-08-26T12:30:27+00:00","dateModified":"2026-05-08T12:29:28+00:00","breadcrumb":{"@id":"https:\/\/xenonkungen.com\/produkt\/luxtar-pro-noir-wl90-curved\/#breadcrumb"},"inLanguage":"fi","potentialAction":[{"@type":"ReadAction","target":["https:\/\/xenonkungen.com\/produkt\/luxtar-pro-noir-wl90-curved\/"]}]},{"@type":"ImageObject","inLanguage":"fi","@id":"https:\/\/xenonkungen.com\/produkt\/luxtar-pro-noir-wl90-curved\/#primaryimage","url":"https:\/\/xenonkungen.com\/wp-content\/uploads\/2025\/10\/XK_ProNoir-1.png","contentUrl":"https:\/\/xenonkungen.com\/wp-content\/uploads\/2025\/10\/XK_ProNoir-1.png","width":1080,"height":1080},{"@type":"BreadcrumbList","@id":"https:\/\/xenonkungen.com\/produkt\/luxtar-pro-noir-wl90-curved\/#breadcrumb","itemListElement":[{"@type":"ListItem","position":1,"name":"Hem","item":"https:\/\/xenonkungen.com\/"},{"@type":"ListItem","position":2,"name":"Shop","item":"https:\/\/xenonkungen.com\/shop\/"},{"@type":"ListItem","position":3,"name":"Luxtar\u00ae PRO Noir WL90 Curved"}]},{"@type":"WebSite","@id":"https:\/\/xenonkungen.com\/#website","url":"https:\/\/xenonkungen.com\/","name":"Xenonkungen","description":"","potentialAction":[{"@type":"SearchAction","target":{"@type":"EntryPoint","urlTemplate":"https:\/\/xenonkungen.com\/?s={search_term_string}"},"query-input":{"@type":"PropertyValueSpecification","valueRequired":true,"valueName":"search_term_string"}}],"inLanguage":"fi"}]}},"taxonomy_info":{"anvandningsomrade":[{"value":166,"label":"Lastbil"}],"product_brand":[{"value":103,"label":"LUXTAR"}],"product_cat":[{"value":2826,"label":"LUXTAR"},{"value":508,"label":"Arbetsbelysning"}],"pa_fargtemperatur":[{"value":154,"label":"5000K"}],"pa_fuktskydd-varde-ipxx":[{"value":155,"label":"IP69K"}],"pa_godkannande":[{"value":2727,"label":"CISPR25 Klass 5"},{"value":675,"label":"E-m\u00e4rkt, ECE R10, RoHs, CE, EMC"}],"pa_volt-v":[{"value":1444,"label":"9-36"}]},"featured_image_src_large":["https:\/\/xenonkungen.com\/wp-content\/uploads\/2025\/10\/XK_ProNoir-1-1024x1024.png",1024,1024,true],"author_info":[],"comment_info":0,"_links":{"self":[{"href":"https:\/\/xenonkungen.com\/fi\/wp-json\/wp\/v2\/product\/12882","targetHints":{"allow":["GET"]}}],"collection":[{"href":"https:\/\/xenonkungen.com\/fi\/wp-json\/wp\/v2\/product"}],"about":[{"href":"https:\/\/xenonkungen.com\/fi\/wp-json\/wp\/v2\/types\/product"}],"replies":[{"embeddable":true,"href":"https:\/\/xenonkungen.com\/fi\/wp-json\/wp\/v2\/comments?post=12882"}],"wp:featuredmedia":[{"embeddable":true,"href":"https:\/\/xenonkungen.com\/fi\/wp-json\/wp\/v2\/media\/16758"}],"wp:attachment":[{"href":"https:\/\/xenonkungen.com\/fi\/wp-json\/wp\/v2\/media?parent=12882"}],"wp:term":[{"taxonomy":"anvandningsomrade","embeddable":true,"href":"https:\/\/xenonkungen.com\/fi\/wp-json\/wp\/v2\/anvandningsomrade?post=12882"},{"taxonomy":"bilmarken","embeddable":true,"href":"https:\/\/xenonkungen.com\/fi\/wp-json\/wp\/v2\/bilmarken?post=12882"},{"taxonomy":"product_brand","embeddable":true,"href":"https:\/\/xenonkungen.com\/fi\/wp-json\/wp\/v2\/product_brand?post=12882"},{"taxonomy":"product_cat","embeddable":true,"href":"https:\/\/xenonkungen.com\/fi\/wp-json\/wp\/v2\/product_cat?post=12882"},{"taxonomy":"product_tag","embeddable":true,"href":"https:\/\/xenonkungen.com\/fi\/wp-json\/wp\/v2\/product_tag?post=12882"}],"curies":[{"name":"wp","href":"https:\/\/api.w.org\/{rel}","templated":true}]}}