{"id":13098,"date":"2025-09-01T13:58:49","date_gmt":"2025-09-01T13:58:49","guid":{"rendered":"https:\/\/xenonkungen.com\/?post_type=product&#038;p=13098"},"modified":"2026-03-27T09:55:09","modified_gmt":"2026-03-27T08:55:09","slug":"osram-ledsbike-race-50-setti","status":"publish","type":"product","link":"https:\/\/xenonkungen.com\/fi\/tuote\/osram-ledsbike-race-50-setti\/","title":{"rendered":"OSRAM LEDsBIKE RACE 50 SETTI"},"content":{"rendered":"<p data-start=\"49\" data-end=\"103\"><strong data-start=\"49\" data-end=\"101\">LEDsBIKE RACE 50 SET - Valo, joka vie sinut pidemm\u00e4lle!<\/strong><\/p>\n<p data-start=\"105\" data-end=\"294\">Koe turvallisuus ja vapaus tiell\u00e4 OSRAMin uuden py\u00f6r\u00e4valaistuksen avulla. LEDsBIKE RACE 50 SET yhdist\u00e4\u00e4 tehokkaan suorituskyvyn ja \u00e4lykk\u00e4\u00e4n muotoilun - sek\u00e4 jokap\u00e4iv\u00e4iseen ty\u00f6matkaliikenteeseen ett\u00e4 seikkailuihin kahdella py\u00f6r\u00e4ll\u00e4.<\/p>\n<p data-start=\"296\" data-end=\"321\"><strong data-start=\"296\" data-end=\"319\">Edut lyhyesti:<\/strong><\/p>\n<ul data-start=\"323\" data-end=\"743\">\n<li data-start=\"323\" data-end=\"393\">\n<p data-start=\"325\" data-end=\"393\">Tehokas valaistus - 50 luksia kirkkautta ja jopa 60 metrin kantama.<\/p>\n<\/li>\n<li data-start=\"394\" data-end=\"461\">\n<p data-start=\"396\" data-end=\"461\">Joustava valo - kolme valotilaa (100 %, 50 %, 25 %) kaikkiin ymp\u00e4rist\u00f6ihin.<\/p>\n<\/li>\n<li data-start=\"462\" data-end=\"532\">\n<p data-start=\"464\" data-end=\"532\">Pitk\u00e4 akun kesto - jopa 14 tuntia, t\u00e4yteen ladattu vain 2,5 tunnissa.<\/p>\n<\/li>\n<li data-start=\"533\" data-end=\"605\">\n<p data-start=\"535\" data-end=\"605\">Helppo asennus - asennus ilman ty\u00f6kaluja 360\u00b0 s\u00e4\u00e4dett\u00e4v\u00e4ll\u00e4 kiinnikkeell\u00e4.<\/p>\n<\/li>\n<li data-start=\"606\" data-end=\"674\">\n<p data-start=\"608\" data-end=\"674\">Rakennettu kaikkiin s\u00e4\u00e4olosuhteisiin - vesisuojattu (IP44) ja kest\u00e4v\u00e4 rakenne.<\/p>\n<\/li>\n<li data-start=\"675\" data-end=\"743\">\n<p data-start=\"677\" data-end=\"743\">Hyv\u00e4ksytty ja turvallinen - StVZO-hyv\u00e4ksytty, K-merkitty ja 2 vuoden OSRAM-takuu.<\/p>\n<\/li>\n<\/ul>\n<p data-start=\"745\" data-end=\"817\"><strong data-start=\"745\" data-end=\"815\">Tee pimeist\u00e4 teist\u00e4 turvallisin polku - LEDsBIKE RACE 50 SET -valaisimella.<\/strong><\/p>","protected":false},"excerpt":{"rendered":"<p>LEDsBIKE RACE 50 SET \u2013 Ljuset som tar dig l\u00e4ngre Upplev trygghet och frihet p\u00e5 v\u00e4gen med OSRAMs nya cykelbelysning. LEDsBIKE RACE 50 SET kombinerar kraftfull prestanda med smart design \u2013 f\u00f6r b\u00e5de vardagspendling och \u00e4ventyr p\u00e5 tv\u00e5 hjul. F\u00f6rdelar i korthet: Kraftfull belysning \u2013 50 lux ljusstyrka och upp till 60 m r\u00e4ckvidd Flexibelt [&hellip;]<\/p>","protected":false},"featured_media":13099,"comment_status":"open","ping_status":"closed","template":"","meta":{"_acf_changed":false,"_smort_price_nok":"282","_smort_price_dkk":"179","_smort_price_eur":"24","_smort_sale_price_nok":"","_smort_sale_price_dkk":"","_smort_sale_price_eur":"","smort_restorder":"","shipmondo_restorder":"","_kad_blocks_custom_css":"","_kad_blocks_head_custom_js":"","_kad_blocks_body_custom_js":"","_kad_blocks_footer_custom_js":"","smort_custom_pricelist_1":"168.96","smort_custom_pricelist_2":"147.84","smort_custom_pricelist_3":"137.28","smort_custom_pricelist_4":"211.2","smort_custom_pricelist_5":"147.84"},"anvandningsomrade":[],"bilmarken":[],"product_brand":[108],"product_cat":[2443,1962],"product_tag":[],"class_list":{"0":"post-13098","1":"product","2":"type-product","3":"status-publish","4":"has-post-thumbnail","6":"product_brand-osram","7":"product_cat-cykelbelysning","8":"product_cat-cykel","9":"pa_fargtemperatur-6300k","10":"pa_fuktskydd-varde-ipxx-ip44","11":"pa_volt-v-361","13":"first","14":"instock","15":"taxable","16":"shipping-taxable","17":"purchasable","18":"product-type-simple"},"bundled_by":[],"bundle_stock_status":"instock","bundle_stock_quantity":6,"bundle_virtual":false,"bundle_layout":"","bundle_add_to_cart_form_location":"","bundle_editable_in_cart":false,"bundle_sold_individually_context":"","bundle_item_grouping":"","bundle_min_size":"","bundle_max_size":"","bundle_price":[],"bundled_items":[],"bundle_sell_ids":[],"acf":[],"yoast_head":"<!-- This site is optimized with the Yoast SEO plugin v27.0 - https:\/\/yoast.com\/product\/yoast-seo-wordpress\/ -->\n<title>OSRAM LEDsBIKE RACE 50 SET - Xenonkungen<\/title>\n<meta name=\"robots\" content=\"index, follow, max-snippet:-1, max-image-preview:large, max-video-preview:-1\" \/>\n<link rel=\"canonical\" href=\"https:\/\/xenonkungen.com\/fi\/tuote\/osram-ledsbike-race-50-setti\/\" \/>\n<meta property=\"og:locale\" content=\"fi_FI\" \/>\n<meta property=\"og:type\" content=\"article\" \/>\n<meta property=\"og:title\" content=\"OSRAM LEDsBIKE RACE 50 SET - Xenonkungen\" \/>\n<meta property=\"og:description\" content=\"LEDsBIKE RACE 50 SET \u2013 Ljuset som tar dig l\u00e4ngre Upplev trygghet och frihet p\u00e5 v\u00e4gen med OSRAMs nya cykelbelysning. LEDsBIKE RACE 50 SET kombinerar kraftfull prestanda med smart design \u2013 f\u00f6r b\u00e5de vardagspendling och \u00e4ventyr p\u00e5 tv\u00e5 hjul. F\u00f6rdelar i korthet: Kraftfull belysning \u2013 50 lux ljusstyrka och upp till 60 m r\u00e4ckvidd Flexibelt [&hellip;]\" \/>\n<meta property=\"og:url\" content=\"https:\/\/xenonkungen.com\/fi\/tuote\/osram-ledsbike-race-50-setti\/\" \/>\n<meta property=\"og:site_name\" content=\"Xenonkungen\" \/>\n<meta property=\"article:modified_time\" content=\"2026-03-27T08:55:09+00:00\" \/>\n<meta property=\"og:image\" content=\"https:\/\/xenonkungen.com\/wp-content\/uploads\/2025\/09\/Small-for-web-and-ppt-PI_LEDsBIKE_RACE_50_SET_LEDBL101_SET_Set_Perspective_Light_01.jpg\" \/>\n\t<meta property=\"og:image:width\" content=\"1024\" \/>\n\t<meta property=\"og:image:height\" content=\"1024\" \/>\n\t<meta property=\"og:image:type\" content=\"image\/jpeg\" \/>\n<meta name=\"twitter:card\" content=\"summary_large_image\" \/>\n<meta name=\"twitter:label1\" content=\"Arvioitu lukuaika\" \/>\n\t<meta name=\"twitter:data1\" content=\"1 minuutti\" \/>\n<script type=\"application\/ld+json\" class=\"yoast-schema-graph\">{\"@context\":\"https:\/\/schema.org\",\"@graph\":[{\"@type\":\"WebPage\",\"@id\":\"https:\/\/xenonkungen.com\/produkt\/osram-ledsbike-race-50-set\/\",\"url\":\"https:\/\/xenonkungen.com\/produkt\/osram-ledsbike-race-50-set\/\",\"name\":\"OSRAM LEDsBIKE RACE 50 SET - Xenonkungen\",\"isPartOf\":{\"@id\":\"https:\/\/xenonkungen.com\/#website\"},\"primaryImageOfPage\":{\"@id\":\"https:\/\/xenonkungen.com\/produkt\/osram-ledsbike-race-50-set\/#primaryimage\"},\"image\":{\"@id\":\"https:\/\/xenonkungen.com\/produkt\/osram-ledsbike-race-50-set\/#primaryimage\"},\"thumbnailUrl\":\"https:\/\/xenonkungen.com\/wp-content\/uploads\/2025\/09\/Small-for-web-and-ppt-PI_LEDsBIKE_RACE_50_SET_LEDBL101_SET_Set_Perspective_Light_01.jpg\",\"datePublished\":\"2025-09-01T13:58:49+00:00\",\"dateModified\":\"2026-03-27T08:55:09+00:00\",\"breadcrumb\":{\"@id\":\"https:\/\/xenonkungen.com\/produkt\/osram-ledsbike-race-50-set\/#breadcrumb\"},\"inLanguage\":\"fi\",\"potentialAction\":[{\"@type\":\"ReadAction\",\"target\":[\"https:\/\/xenonkungen.com\/produkt\/osram-ledsbike-race-50-set\/\"]}]},{\"@type\":\"ImageObject\",\"inLanguage\":\"fi\",\"@id\":\"https:\/\/xenonkungen.com\/produkt\/osram-ledsbike-race-50-set\/#primaryimage\",\"url\":\"https:\/\/xenonkungen.com\/wp-content\/uploads\/2025\/09\/Small-for-web-and-ppt-PI_LEDsBIKE_RACE_50_SET_LEDBL101_SET_Set_Perspective_Light_01.jpg\",\"contentUrl\":\"https:\/\/xenonkungen.com\/wp-content\/uploads\/2025\/09\/Small-for-web-and-ppt-PI_LEDsBIKE_RACE_50_SET_LEDBL101_SET_Set_Perspective_Light_01.jpg\",\"width\":1024,\"height\":1024},{\"@type\":\"BreadcrumbList\",\"@id\":\"https:\/\/xenonkungen.com\/produkt\/osram-ledsbike-race-50-set\/#breadcrumb\",\"itemListElement\":[{\"@type\":\"ListItem\",\"position\":1,\"name\":\"Hem\",\"item\":\"https:\/\/xenonkungen.com\/\"},{\"@type\":\"ListItem\",\"position\":2,\"name\":\"Shop\",\"item\":\"https:\/\/xenonkungen.com\/shop\/\"},{\"@type\":\"ListItem\",\"position\":3,\"name\":\"OSRAM LEDsBIKE RACE 50 SET\"}]},{\"@type\":\"WebSite\",\"@id\":\"https:\/\/xenonkungen.com\/#website\",\"url\":\"https:\/\/xenonkungen.com\/\",\"name\":\"Xenonkungen\",\"description\":\"\",\"potentialAction\":[{\"@type\":\"SearchAction\",\"target\":{\"@type\":\"EntryPoint\",\"urlTemplate\":\"https:\/\/xenonkungen.com\/?s={search_term_string}\"},\"query-input\":{\"@type\":\"PropertyValueSpecification\",\"valueRequired\":true,\"valueName\":\"search_term_string\"}}],\"inLanguage\":\"fi\"}]}<\/script>\n<!-- \/ Yoast SEO plugin. -->","yoast_head_json":{"title":"OSRAM LEDSBIKE RACE 50 SET - Xenon-kuningas","robots":{"index":"index","follow":"follow","max-snippet":"max-snippet:-1","max-image-preview":"max-image-preview:large","max-video-preview":"max-video-preview:-1"},"canonical":"https:\/\/xenonkungen.com\/fi\/tuote\/osram-ledsbike-race-50-setti\/","og_locale":"fi_FI","og_type":"article","og_title":"OSRAM LEDsBIKE RACE 50 SET - Xenonkungen","og_description":"LEDsBIKE RACE 50 SET \u2013 Ljuset som tar dig l\u00e4ngre Upplev trygghet och frihet p\u00e5 v\u00e4gen med OSRAMs nya cykelbelysning. LEDsBIKE RACE 50 SET kombinerar kraftfull prestanda med smart design \u2013 f\u00f6r b\u00e5de vardagspendling och \u00e4ventyr p\u00e5 tv\u00e5 hjul. F\u00f6rdelar i korthet: Kraftfull belysning \u2013 50 lux ljusstyrka och upp till 60 m r\u00e4ckvidd Flexibelt [&hellip;]","og_url":"https:\/\/xenonkungen.com\/fi\/tuote\/osram-ledsbike-race-50-setti\/","og_site_name":"Xenonkungen","article_modified_time":"2026-03-27T08:55:09+00:00","og_image":[{"width":1024,"height":1024,"url":"https:\/\/xenonkungen.com\/wp-content\/uploads\/2025\/09\/Small-for-web-and-ppt-PI_LEDsBIKE_RACE_50_SET_LEDBL101_SET_Set_Perspective_Light_01.jpg","type":"image\/jpeg"}],"twitter_card":"summary_large_image","twitter_misc":{"Arvioitu lukuaika":"1 minuutti"},"schema":{"@context":"https:\/\/schema.org","@graph":[{"@type":"WebPage","@id":"https:\/\/xenonkungen.com\/produkt\/osram-ledsbike-race-50-set\/","url":"https:\/\/xenonkungen.com\/produkt\/osram-ledsbike-race-50-set\/","name":"OSRAM LEDSBIKE RACE 50 SET - Xenon-kuningas","isPartOf":{"@id":"https:\/\/xenonkungen.com\/#website"},"primaryImageOfPage":{"@id":"https:\/\/xenonkungen.com\/produkt\/osram-ledsbike-race-50-set\/#primaryimage"},"image":{"@id":"https:\/\/xenonkungen.com\/produkt\/osram-ledsbike-race-50-set\/#primaryimage"},"thumbnailUrl":"https:\/\/xenonkungen.com\/wp-content\/uploads\/2025\/09\/Small-for-web-and-ppt-PI_LEDsBIKE_RACE_50_SET_LEDBL101_SET_Set_Perspective_Light_01.jpg","datePublished":"2025-09-01T13:58:49+00:00","dateModified":"2026-03-27T08:55:09+00:00","breadcrumb":{"@id":"https:\/\/xenonkungen.com\/produkt\/osram-ledsbike-race-50-set\/#breadcrumb"},"inLanguage":"fi","potentialAction":[{"@type":"ReadAction","target":["https:\/\/xenonkungen.com\/produkt\/osram-ledsbike-race-50-set\/"]}]},{"@type":"ImageObject","inLanguage":"fi","@id":"https:\/\/xenonkungen.com\/produkt\/osram-ledsbike-race-50-set\/#primaryimage","url":"https:\/\/xenonkungen.com\/wp-content\/uploads\/2025\/09\/Small-for-web-and-ppt-PI_LEDsBIKE_RACE_50_SET_LEDBL101_SET_Set_Perspective_Light_01.jpg","contentUrl":"https:\/\/xenonkungen.com\/wp-content\/uploads\/2025\/09\/Small-for-web-and-ppt-PI_LEDsBIKE_RACE_50_SET_LEDBL101_SET_Set_Perspective_Light_01.jpg","width":1024,"height":1024},{"@type":"BreadcrumbList","@id":"https:\/\/xenonkungen.com\/produkt\/osram-ledsbike-race-50-set\/#breadcrumb","itemListElement":[{"@type":"ListItem","position":1,"name":"Hem","item":"https:\/\/xenonkungen.com\/"},{"@type":"ListItem","position":2,"name":"Shop","item":"https:\/\/xenonkungen.com\/shop\/"},{"@type":"ListItem","position":3,"name":"OSRAM LEDsBIKE RACE 50 SET"}]},{"@type":"WebSite","@id":"https:\/\/xenonkungen.com\/#website","url":"https:\/\/xenonkungen.com\/","name":"Xenonkungen","description":"","potentialAction":[{"@type":"SearchAction","target":{"@type":"EntryPoint","urlTemplate":"https:\/\/xenonkungen.com\/?s={search_term_string}"},"query-input":{"@type":"PropertyValueSpecification","valueRequired":true,"valueName":"search_term_string"}}],"inLanguage":"fi"}]}},"taxonomy_info":{"product_brand":[{"value":108,"label":"OSRAM"}],"product_cat":[{"value":2443,"label":"Cykelbelysning"},{"value":1962,"label":"Cykel"}],"pa_fargtemperatur":[{"value":2736,"label":"6300K"}],"pa_fuktskydd-varde-ipxx":[{"value":1225,"label":"IP44"}],"pa_volt-v":[{"value":361,"label":"3,7"}]},"featured_image_src_large":["https:\/\/xenonkungen.com\/wp-content\/uploads\/2025\/09\/Small-for-web-and-ppt-PI_LEDsBIKE_RACE_50_SET_LEDBL101_SET_Set_Perspective_Light_01.jpg",1024,1024,false],"author_info":[],"comment_info":0,"_links":{"self":[{"href":"https:\/\/xenonkungen.com\/fi\/wp-json\/wp\/v2\/product\/13098","targetHints":{"allow":["GET"]}}],"collection":[{"href":"https:\/\/xenonkungen.com\/fi\/wp-json\/wp\/v2\/product"}],"about":[{"href":"https:\/\/xenonkungen.com\/fi\/wp-json\/wp\/v2\/types\/product"}],"replies":[{"embeddable":true,"href":"https:\/\/xenonkungen.com\/fi\/wp-json\/wp\/v2\/comments?post=13098"}],"wp:featuredmedia":[{"embeddable":true,"href":"https:\/\/xenonkungen.com\/fi\/wp-json\/wp\/v2\/media\/13099"}],"wp:attachment":[{"href":"https:\/\/xenonkungen.com\/fi\/wp-json\/wp\/v2\/media?parent=13098"}],"wp:term":[{"taxonomy":"anvandningsomrade","embeddable":true,"href":"https:\/\/xenonkungen.com\/fi\/wp-json\/wp\/v2\/anvandningsomrade?post=13098"},{"taxonomy":"bilmarken","embeddable":true,"href":"https:\/\/xenonkungen.com\/fi\/wp-json\/wp\/v2\/bilmarken?post=13098"},{"taxonomy":"product_brand","embeddable":true,"href":"https:\/\/xenonkungen.com\/fi\/wp-json\/wp\/v2\/product_brand?post=13098"},{"taxonomy":"product_cat","embeddable":true,"href":"https:\/\/xenonkungen.com\/fi\/wp-json\/wp\/v2\/product_cat?post=13098"},{"taxonomy":"product_tag","embeddable":true,"href":"https:\/\/xenonkungen.com\/fi\/wp-json\/wp\/v2\/product_tag?post=13098"}],"curies":[{"name":"wp","href":"https:\/\/api.w.org\/{rel}","templated":true}]}}