{"id":13142,"date":"2025-09-02T08:39:10","date_gmt":"2025-09-02T08:39:10","guid":{"rendered":"https:\/\/xenonkungen.com\/?post_type=product&#038;p=13142"},"modified":"2026-04-11T01:29:26","modified_gmt":"2026-04-11T00:29:26","slug":"osram-ledsbike-race-80-setti","status":"publish","type":"product","link":"https:\/\/xenonkungen.com\/fi\/tuote\/osram-ledsbike-race-80-setti\/","title":{"rendered":"OSRAM LEDSBIKE RACE 80 SETTI"},"content":{"rendered":"<h3 data-start=\"121\" data-end=\"180\">LEDSBIKE RACE 80 SET \u2013 Valo, joka vie sinut entist\u00e4 pidemm\u00e4lle<\/h3>\n<p data-start=\"182\" data-end=\"407\">Sinun valosi, sinun kyytisi, sinun turvallisuutesi!<br data-start=\"220\" data-end=\"223\" \/>Med <strong data-start=\"227\" data-end=\"251\">LEDBIKE RACE 80 -SETTI<\/strong> Saat py\u00f6r\u00e4valaistuksen seuraavan tason \u2013 yhdistelm\u00e4n tehoa, \u00e4lykk\u00e4it\u00e4 ominaisuuksia ja luotettavaa muotoilua. T\u00e4ydellinen sek\u00e4 arkip\u00e4iv\u00e4n ty\u00f6matkoille ett\u00e4 pitk\u00e4n matkan seikkailuille.<\/p>\n<p data-start=\"409\" data-end=\"434\"><strong data-start=\"409\" data-end=\"432\">Edut lyhyesti:<\/strong><\/p>\n<ul data-start=\"435\" data-end=\"1024\">\n<li data-start=\"435\" data-end=\"495\">\n<p data-start=\"437\" data-end=\"495\">Tehokas valaistus \u2013 80 luksia ja jopa 80 metrin n\u00e4kyvyys<\/p>\n<\/li>\n<li data-start=\"496\" data-end=\"577\">\n<p data-start=\"498\" data-end=\"577\">Automaatti- ja manuaalitilat \u2013 kolmella kirkkaustasolla (100 %, 50 %, 25 %)<\/p>\n<\/li>\n<li data-start=\"578\" data-end=\"640\">\n<p data-start=\"580\" data-end=\"640\">N\u00e4ytt\u00f6 \u2013 n\u00e4ytt\u00e4\u00e4 valitun tilan ja nykyisen kirkkauden reaaliajassa<\/p>\n<\/li>\n<li data-start=\"641\" data-end=\"711\">\n<p data-start=\"643\" data-end=\"711\">Pitk\u00e4 akunkesto \u2013 jopa 13 tuntia, t\u00e4yteen ladattu vain 2,5 tunnissa<\/p>\n<\/li>\n<li data-start=\"712\" data-end=\"784\">\n<p data-start=\"714\" data-end=\"784\">Helppo asennus - asennus ilman ty\u00f6kaluja 360\u00b0 s\u00e4\u00e4dett\u00e4v\u00e4ll\u00e4 kiinnikkeell\u00e4.<\/p>\n<\/li>\n<li data-start=\"785\" data-end=\"851\">\n<p data-start=\"787\" data-end=\"851\">K\u00e4tev\u00e4 lataus \u2013 USB-C ja selke\u00e4 akun\/latauksen merkkivalo<\/p>\n<\/li>\n<li data-start=\"852\" data-end=\"908\">\n<p data-start=\"854\" data-end=\"908\">Korkea laatu \u2013 kest\u00e4v\u00e4 ABS-kotelo ja polykarbonaattilinssi<\/p>\n<\/li>\n<li data-start=\"909\" data-end=\"955\">\n<p data-start=\"911\" data-end=\"955\">Kaikkiin s\u00e4\u00e4olosuhteisiin - IP44 vesitiivis<\/p>\n<\/li>\n<li data-start=\"956\" data-end=\"1024\">\n<p data-start=\"958\" data-end=\"1024\">Turvallinen ja hyv\u00e4ksytty - StVZO-hyv\u00e4ksytty, K-merkitty ja 2 vuoden OSRAM-takuu.<\/p>\n<\/li>\n<\/ul>\n<p data-start=\"1026\" data-end=\"1256\"><strong data-start=\"1026\" data-end=\"1050\">LEDBIKE RACE 80 -SETTI<\/strong> on suunniteltu py\u00f6r\u00e4ilij\u00f6ille, jotka haluavat maksimaalisen n\u00e4kyvyyden ja turvallisuuden kaikissa tilanteissa. Tehokkaan kirkkauden, \u00e4lykk\u00e4\u00e4n n\u00e4yt\u00f6n ja helpon latauksen ansiosta jokaisesta ajosta tulee kirkkaampi, turvallisempi ja huolettomampi.<\/p>","protected":false},"excerpt":{"rendered":"<p>LEDsBIKE RACE 80 SET \u2013 Ljuset som tar dig \u00e4nnu l\u00e4ngre Ditt ljus, din cykeltur, din s\u00e4kerhet!Med LEDsBIKE RACE 80 SET f\u00e5r du n\u00e4sta niv\u00e5 av cykelbelysning \u2013 en kombination av kraft, smarta funktioner och p\u00e5litlig design. Perfekt f\u00f6r b\u00e5de vardagspendling och l\u00e5nga \u00e4ventyr. F\u00f6rdelar i korthet: Kraftfull belysning \u2013 80 lux och upp till [&hellip;]<\/p>","protected":false},"featured_media":13143,"comment_status":"open","ping_status":"closed","template":"","meta":{"_acf_changed":false,"_smort_price_nok":"441","_smort_price_dkk":"280","_smort_price_eur":"37.54","_smort_sale_price_nok":"","_smort_sale_price_dkk":"","_smort_sale_price_eur":"","smort_restorder":"","shipmondo_restorder":"","_kad_blocks_custom_css":"","_kad_blocks_head_custom_js":"","_kad_blocks_body_custom_js":"","_kad_blocks_footer_custom_js":"","smort_custom_pricelist_1":"264.32","smort_custom_pricelist_2":"231.28","smort_custom_pricelist_3":"214.76","smort_custom_pricelist_4":"330.4","smort_custom_pricelist_5":"231.28"},"anvandningsomrade":[],"bilmarken":[],"product_brand":[108],"product_cat":[2443,1962],"product_tag":[],"class_list":{"0":"post-13142","1":"product","2":"type-product","3":"status-publish","4":"has-post-thumbnail","6":"product_brand-osram","7":"product_cat-cykelbelysning","8":"product_cat-cykel","9":"pa_fargtemperatur-6300k","10":"pa_fuktskydd-varde-ipxx-ip44","11":"pa_volt-v-361","13":"first","14":"onbackorder","15":"taxable","16":"shipping-taxable","17":"purchasable","18":"product-type-simple"},"bundled_by":[],"bundle_stock_status":"onbackorder","bundle_stock_quantity":0,"bundle_virtual":false,"bundle_layout":"","bundle_add_to_cart_form_location":"","bundle_editable_in_cart":false,"bundle_sold_individually_context":"","bundle_item_grouping":"","bundle_min_size":"","bundle_max_size":"","bundle_price":[],"bundled_items":[],"bundle_sell_ids":[],"acf":[],"yoast_head":"<!-- This site is optimized with the Yoast SEO plugin v27.0 - https:\/\/yoast.com\/product\/yoast-seo-wordpress\/ -->\n<title>OSRAM LEDsBIKE RACE 80 SET - Xenonkungen<\/title>\n<meta name=\"robots\" content=\"index, follow, max-snippet:-1, max-image-preview:large, max-video-preview:-1\" \/>\n<link rel=\"canonical\" href=\"https:\/\/xenonkungen.com\/fi\/tuote\/osram-ledsbike-race-80-setti\/\" \/>\n<meta property=\"og:locale\" content=\"fi_FI\" \/>\n<meta property=\"og:type\" content=\"article\" \/>\n<meta property=\"og:title\" content=\"OSRAM LEDsBIKE RACE 80 SET - Xenonkungen\" \/>\n<meta property=\"og:description\" content=\"LEDsBIKE RACE 80 SET \u2013 Ljuset som tar dig \u00e4nnu l\u00e4ngre Ditt ljus, din cykeltur, din s\u00e4kerhet!Med LEDsBIKE RACE 80 SET f\u00e5r du n\u00e4sta niv\u00e5 av cykelbelysning \u2013 en kombination av kraft, smarta funktioner och p\u00e5litlig design. Perfekt f\u00f6r b\u00e5de vardagspendling och l\u00e5nga \u00e4ventyr. F\u00f6rdelar i korthet: Kraftfull belysning \u2013 80 lux och upp till [&hellip;]\" \/>\n<meta property=\"og:url\" content=\"https:\/\/xenonkungen.com\/fi\/tuote\/osram-ledsbike-race-80-setti\/\" \/>\n<meta property=\"og:site_name\" content=\"Xenonkungen\" \/>\n<meta property=\"article:modified_time\" content=\"2026-04-11T00:29:26+00:00\" \/>\n<meta property=\"og:image\" content=\"https:\/\/xenonkungen.com\/wp-content\/uploads\/2025\/09\/Small-for-web-and-ppt-PI_LEDsBIKE_RACE_80_SET_LEDBL102_SET_Set_Perspective_Light_01.jpg\" \/>\n\t<meta property=\"og:image:width\" content=\"1024\" \/>\n\t<meta property=\"og:image:height\" content=\"1024\" \/>\n\t<meta property=\"og:image:type\" content=\"image\/jpeg\" \/>\n<meta name=\"twitter:card\" content=\"summary_large_image\" \/>\n<meta name=\"twitter:label1\" content=\"Arvioitu lukuaika\" \/>\n\t<meta name=\"twitter:data1\" content=\"1 minuutti\" \/>\n<script type=\"application\/ld+json\" class=\"yoast-schema-graph\">{\"@context\":\"https:\/\/schema.org\",\"@graph\":[{\"@type\":\"WebPage\",\"@id\":\"https:\/\/xenonkungen.com\/produkt\/osram-ledsbike-race-80-set\/\",\"url\":\"https:\/\/xenonkungen.com\/produkt\/osram-ledsbike-race-80-set\/\",\"name\":\"OSRAM LEDsBIKE RACE 80 SET - Xenonkungen\",\"isPartOf\":{\"@id\":\"https:\/\/xenonkungen.com\/#website\"},\"primaryImageOfPage\":{\"@id\":\"https:\/\/xenonkungen.com\/produkt\/osram-ledsbike-race-80-set\/#primaryimage\"},\"image\":{\"@id\":\"https:\/\/xenonkungen.com\/produkt\/osram-ledsbike-race-80-set\/#primaryimage\"},\"thumbnailUrl\":\"https:\/\/xenonkungen.com\/wp-content\/uploads\/2025\/09\/Small-for-web-and-ppt-PI_LEDsBIKE_RACE_80_SET_LEDBL102_SET_Set_Perspective_Light_01.jpg\",\"datePublished\":\"2025-09-02T08:39:10+00:00\",\"dateModified\":\"2026-04-11T00:29:26+00:00\",\"breadcrumb\":{\"@id\":\"https:\/\/xenonkungen.com\/produkt\/osram-ledsbike-race-80-set\/#breadcrumb\"},\"inLanguage\":\"fi\",\"potentialAction\":[{\"@type\":\"ReadAction\",\"target\":[\"https:\/\/xenonkungen.com\/produkt\/osram-ledsbike-race-80-set\/\"]}]},{\"@type\":\"ImageObject\",\"inLanguage\":\"fi\",\"@id\":\"https:\/\/xenonkungen.com\/produkt\/osram-ledsbike-race-80-set\/#primaryimage\",\"url\":\"https:\/\/xenonkungen.com\/wp-content\/uploads\/2025\/09\/Small-for-web-and-ppt-PI_LEDsBIKE_RACE_80_SET_LEDBL102_SET_Set_Perspective_Light_01.jpg\",\"contentUrl\":\"https:\/\/xenonkungen.com\/wp-content\/uploads\/2025\/09\/Small-for-web-and-ppt-PI_LEDsBIKE_RACE_80_SET_LEDBL102_SET_Set_Perspective_Light_01.jpg\",\"width\":1024,\"height\":1024},{\"@type\":\"BreadcrumbList\",\"@id\":\"https:\/\/xenonkungen.com\/produkt\/osram-ledsbike-race-80-set\/#breadcrumb\",\"itemListElement\":[{\"@type\":\"ListItem\",\"position\":1,\"name\":\"Hem\",\"item\":\"https:\/\/xenonkungen.com\/\"},{\"@type\":\"ListItem\",\"position\":2,\"name\":\"Shop\",\"item\":\"https:\/\/xenonkungen.com\/shop\/\"},{\"@type\":\"ListItem\",\"position\":3,\"name\":\"OSRAM LEDsBIKE RACE 80 SET\"}]},{\"@type\":\"WebSite\",\"@id\":\"https:\/\/xenonkungen.com\/#website\",\"url\":\"https:\/\/xenonkungen.com\/\",\"name\":\"Xenonkungen\",\"description\":\"\",\"potentialAction\":[{\"@type\":\"SearchAction\",\"target\":{\"@type\":\"EntryPoint\",\"urlTemplate\":\"https:\/\/xenonkungen.com\/?s={search_term_string}\"},\"query-input\":{\"@type\":\"PropertyValueSpecification\",\"valueRequired\":true,\"valueName\":\"search_term_string\"}}],\"inLanguage\":\"fi\"}]}<\/script>\n<!-- \/ Yoast SEO plugin. -->","yoast_head_json":{"title":"OSRAM LEDSBIKE RACE 80 SET - Ksenonkuningas","robots":{"index":"index","follow":"follow","max-snippet":"max-snippet:-1","max-image-preview":"max-image-preview:large","max-video-preview":"max-video-preview:-1"},"canonical":"https:\/\/xenonkungen.com\/fi\/tuote\/osram-ledsbike-race-80-setti\/","og_locale":"fi_FI","og_type":"article","og_title":"OSRAM LEDsBIKE RACE 80 SET - Xenonkungen","og_description":"LEDsBIKE RACE 80 SET \u2013 Ljuset som tar dig \u00e4nnu l\u00e4ngre Ditt ljus, din cykeltur, din s\u00e4kerhet!Med LEDsBIKE RACE 80 SET f\u00e5r du n\u00e4sta niv\u00e5 av cykelbelysning \u2013 en kombination av kraft, smarta funktioner och p\u00e5litlig design. Perfekt f\u00f6r b\u00e5de vardagspendling och l\u00e5nga \u00e4ventyr. F\u00f6rdelar i korthet: Kraftfull belysning \u2013 80 lux och upp till [&hellip;]","og_url":"https:\/\/xenonkungen.com\/fi\/tuote\/osram-ledsbike-race-80-setti\/","og_site_name":"Xenonkungen","article_modified_time":"2026-04-11T00:29:26+00:00","og_image":[{"width":1024,"height":1024,"url":"https:\/\/xenonkungen.com\/wp-content\/uploads\/2025\/09\/Small-for-web-and-ppt-PI_LEDsBIKE_RACE_80_SET_LEDBL102_SET_Set_Perspective_Light_01.jpg","type":"image\/jpeg"}],"twitter_card":"summary_large_image","twitter_misc":{"Arvioitu lukuaika":"1 minuutti"},"schema":{"@context":"https:\/\/schema.org","@graph":[{"@type":"WebPage","@id":"https:\/\/xenonkungen.com\/produkt\/osram-ledsbike-race-80-set\/","url":"https:\/\/xenonkungen.com\/produkt\/osram-ledsbike-race-80-set\/","name":"OSRAM LEDSBIKE RACE 80 SET - Ksenonkuningas","isPartOf":{"@id":"https:\/\/xenonkungen.com\/#website"},"primaryImageOfPage":{"@id":"https:\/\/xenonkungen.com\/produkt\/osram-ledsbike-race-80-set\/#primaryimage"},"image":{"@id":"https:\/\/xenonkungen.com\/produkt\/osram-ledsbike-race-80-set\/#primaryimage"},"thumbnailUrl":"https:\/\/xenonkungen.com\/wp-content\/uploads\/2025\/09\/Small-for-web-and-ppt-PI_LEDsBIKE_RACE_80_SET_LEDBL102_SET_Set_Perspective_Light_01.jpg","datePublished":"2025-09-02T08:39:10+00:00","dateModified":"2026-04-11T00:29:26+00:00","breadcrumb":{"@id":"https:\/\/xenonkungen.com\/produkt\/osram-ledsbike-race-80-set\/#breadcrumb"},"inLanguage":"fi","potentialAction":[{"@type":"ReadAction","target":["https:\/\/xenonkungen.com\/produkt\/osram-ledsbike-race-80-set\/"]}]},{"@type":"ImageObject","inLanguage":"fi","@id":"https:\/\/xenonkungen.com\/produkt\/osram-ledsbike-race-80-set\/#primaryimage","url":"https:\/\/xenonkungen.com\/wp-content\/uploads\/2025\/09\/Small-for-web-and-ppt-PI_LEDsBIKE_RACE_80_SET_LEDBL102_SET_Set_Perspective_Light_01.jpg","contentUrl":"https:\/\/xenonkungen.com\/wp-content\/uploads\/2025\/09\/Small-for-web-and-ppt-PI_LEDsBIKE_RACE_80_SET_LEDBL102_SET_Set_Perspective_Light_01.jpg","width":1024,"height":1024},{"@type":"BreadcrumbList","@id":"https:\/\/xenonkungen.com\/produkt\/osram-ledsbike-race-80-set\/#breadcrumb","itemListElement":[{"@type":"ListItem","position":1,"name":"Hem","item":"https:\/\/xenonkungen.com\/"},{"@type":"ListItem","position":2,"name":"Shop","item":"https:\/\/xenonkungen.com\/shop\/"},{"@type":"ListItem","position":3,"name":"OSRAM LEDsBIKE RACE 80 SET"}]},{"@type":"WebSite","@id":"https:\/\/xenonkungen.com\/#website","url":"https:\/\/xenonkungen.com\/","name":"Xenonkungen","description":"","potentialAction":[{"@type":"SearchAction","target":{"@type":"EntryPoint","urlTemplate":"https:\/\/xenonkungen.com\/?s={search_term_string}"},"query-input":{"@type":"PropertyValueSpecification","valueRequired":true,"valueName":"search_term_string"}}],"inLanguage":"fi"}]}},"taxonomy_info":{"product_brand":[{"value":108,"label":"OSRAM"}],"product_cat":[{"value":2443,"label":"Cykelbelysning"},{"value":1962,"label":"Cykel"}],"pa_fargtemperatur":[{"value":2736,"label":"6300K"}],"pa_fuktskydd-varde-ipxx":[{"value":1225,"label":"IP44"}],"pa_volt-v":[{"value":361,"label":"3,7"}]},"featured_image_src_large":["https:\/\/xenonkungen.com\/wp-content\/uploads\/2025\/09\/Small-for-web-and-ppt-PI_LEDsBIKE_RACE_80_SET_LEDBL102_SET_Set_Perspective_Light_01.jpg",1024,1024,false],"author_info":[],"comment_info":0,"_links":{"self":[{"href":"https:\/\/xenonkungen.com\/fi\/wp-json\/wp\/v2\/product\/13142","targetHints":{"allow":["GET"]}}],"collection":[{"href":"https:\/\/xenonkungen.com\/fi\/wp-json\/wp\/v2\/product"}],"about":[{"href":"https:\/\/xenonkungen.com\/fi\/wp-json\/wp\/v2\/types\/product"}],"replies":[{"embeddable":true,"href":"https:\/\/xenonkungen.com\/fi\/wp-json\/wp\/v2\/comments?post=13142"}],"wp:featuredmedia":[{"embeddable":true,"href":"https:\/\/xenonkungen.com\/fi\/wp-json\/wp\/v2\/media\/13143"}],"wp:attachment":[{"href":"https:\/\/xenonkungen.com\/fi\/wp-json\/wp\/v2\/media?parent=13142"}],"wp:term":[{"taxonomy":"anvandningsomrade","embeddable":true,"href":"https:\/\/xenonkungen.com\/fi\/wp-json\/wp\/v2\/anvandningsomrade?post=13142"},{"taxonomy":"bilmarken","embeddable":true,"href":"https:\/\/xenonkungen.com\/fi\/wp-json\/wp\/v2\/bilmarken?post=13142"},{"taxonomy":"product_brand","embeddable":true,"href":"https:\/\/xenonkungen.com\/fi\/wp-json\/wp\/v2\/product_brand?post=13142"},{"taxonomy":"product_cat","embeddable":true,"href":"https:\/\/xenonkungen.com\/fi\/wp-json\/wp\/v2\/product_cat?post=13142"},{"taxonomy":"product_tag","embeddable":true,"href":"https:\/\/xenonkungen.com\/fi\/wp-json\/wp\/v2\/product_tag?post=13142"}],"curies":[{"name":"wp","href":"https:\/\/api.w.org\/{rel}","templated":true}]}}