{"id":13431,"date":"2025-09-05T12:14:52","date_gmt":"2025-09-05T12:14:52","guid":{"rendered":"https:\/\/xenonkungen.com\/?post_type=product&#038;p=13431"},"modified":"2026-04-24T17:06:47","modified_gmt":"2026-04-24T16:06:47","slug":"hajua-estava-mattamusta-sis-suojakalvon-4-kpl-tesla-model-x","status":"publish","type":"product","link":"https:\/\/xenonkungen.com\/fi\/tuote\/hajua-estava-mattamusta-sis-suojakalvon-4-kpl-tesla-model-x\/","title":{"rendered":"Lokasuojalevy Matt Black sis. suojakalvon 4-pack Tesla Model X"},"content":{"rendered":"<p data-start=\"74\" data-end=\"170\"><strong data-start=\"74\" data-end=\"168\">Lokasuojalevy Tesla Model X:\u00e4\u00e4n (2021+) - Suojaa maalia ja s\u00e4ilyt\u00e4 siisti premium-ilme.<\/strong><\/p>\n<p data-start=\"172\" data-end=\"531\">Anna Model X -mallillesi lis\u00e4suojaa tien rasituksilta k\u00e4ytt\u00e4m\u00e4ll\u00e4 meid\u00e4n <strong data-start=\"237\" data-end=\"265\">r\u00e4\u00e4t\u00e4l\u00f6idyt roiskesuojat<\/strong>. Ne v\u00e4hent\u00e4v\u00e4t tiesuolan, soran, asfaltin halkeamien ja muun py\u00f6rien heitt\u00e4m\u00e4n lian aiheuttamien maalivaurioiden riski\u00e4 ja sulautuvat samalla t\u00e4ydellisesti auton muotoiluun. Tulos? Tehdasasenteinen ulkon\u00e4k\u00f6, joka n\u00e4ytt\u00e4\u00e4 hyv\u00e4lt\u00e4 ja suojaa autoasi pitk\u00e4ll\u00e4 aikav\u00e4lill\u00e4.<\/p>\n<p data-start=\"533\" data-end=\"568\"><strong data-start=\"533\" data-end=\"566\">Roiskesuojiemme edut:<\/strong><\/p>\n<ul data-start=\"569\" data-end=\"861\">\n<li data-start=\"569\" data-end=\"606\">\n<p data-start=\"571\" data-end=\"606\">R\u00e4\u00e4t\u00e4l\u00f6ity Tesla Model X 2021+ -malliin.<\/p>\n<\/li>\n<li data-start=\"607\" data-end=\"658\">\n<p data-start=\"609\" data-end=\"658\">Suojaa tehokkaasti lialta, suolalta ja kiveniskem\u00e4lt\u00e4.<\/p>\n<\/li>\n<li data-start=\"659\" data-end=\"731\">\n<p data-start=\"661\" data-end=\"731\">Huomaamaton muotoilu mattamustasta ABS-muovista - n\u00e4ytt\u00e4\u00e4 alkuper\u00e4isilt\u00e4 lis\u00e4varusteilta.<\/p>\n<\/li>\n<li data-start=\"732\" data-end=\"797\">\n<p data-start=\"734\" data-end=\"797\">Helppo kokoonpano noin 10 minuutissa py\u00f6r\u00e4\u00e4 kohti, jopa aloittelijoille.<\/p>\n<\/li>\n<li data-start=\"798\" data-end=\"861\">\n<p data-start=\"800\" data-end=\"861\">Sis\u00e4lt\u00e4\u00e4 suojakalvon, joka s\u00e4ilytt\u00e4\u00e4 maalin lokasuojien alla.<\/p>\n<\/li>\n<\/ul>\n<p data-start=\"863\" data-end=\"885\"><strong data-start=\"863\" data-end=\"883\">Paketti sis\u00e4lt\u00e4\u00e4:<\/strong><\/p>\n<ul data-start=\"886\" data-end=\"997\">\n<li data-start=\"886\" data-end=\"947\">\n<p data-start=\"888\" data-end=\"947\">4 lokasuojaa (2 edess\u00e4 oikealla\/vasemmalla ja 2 takana oikealla\/vasemmalla).<\/p>\n<\/li>\n<li data-start=\"948\" data-end=\"971\">\n<p data-start=\"950\" data-end=\"971\">Kiinnitysklipsit<\/p>\n<\/li>\n<li data-start=\"972\" data-end=\"997\">\n<p data-start=\"974\" data-end=\"997\">Maalin suojakalvo<\/p>\n<\/li>\n<\/ul>\n<p data-start=\"999\" data-end=\"1236\"><strong data-start=\"999\" data-end=\"1032\">Miksi valita meid\u00e4n roiskesuojamme?<\/strong><br data-start=\"1032\" data-end=\"1035\" \/>Ne eiv\u00e4t ole vain toimivia, vaan my\u00f6s tyylikk\u00e4it\u00e4. Tarkan istuvuuden ja laadukkaan ABS-muovimateriaalin ansiosta saat pitk\u00e4ik\u00e4isen ratkaisun, joka n\u00e4ytt\u00e4\u00e4 luonnolliselta osalta autoa.<\/p>\n<p data-start=\"1238\" data-end=\"1352\">Yksi suosituimmista lis\u00e4varusteistamme, suojaa Tesla Model X t\u00e4n\u00e4\u00e4n ja aja tyylill\u00e4 ja itsevarmasti!<\/p>","protected":false},"excerpt":{"rendered":"<p>St\u00e4nkskydd till Tesla Model X (2021+) \u2013 Skydda lacken och beh\u00e5ll det rena premiumutseendet Ge din Model X ett extra skydd mot v\u00e4gens p\u00e5frestningar med v\u00e5ra skr\u00e4ddarsydda st\u00e4nkskydd. De minskar risken f\u00f6r lackskador orsakade av v\u00e4gsalt, grus, asfaltsprickar och annan smuts som hjulen kastar upp \u2013 samtidigt som de sm\u00e4lter in perfekt i bilens design. [&hellip;]<\/p>","protected":false},"featured_media":13436,"comment_status":"open","ping_status":"closed","template":"","meta":{"_acf_changed":false,"_smort_price_nok":"742","_smort_price_dkk":"472","_smort_price_eur":"63.18","_smort_sale_price_nok":"","_smort_sale_price_dkk":"","_smort_sale_price_eur":"","smort_restorder":"","shipmondo_restorder":"","_kad_blocks_custom_css":"","_kad_blocks_head_custom_js":"","_kad_blocks_body_custom_js":"","_kad_blocks_footer_custom_js":"","smort_custom_pricelist_1":"444.8","smort_custom_pricelist_2":"444.8","smort_custom_pricelist_3":"444.8","smort_custom_pricelist_4":"556","smort_custom_pricelist_5":"444.8"},"anvandningsomrade":[],"bilmarken":[290],"product_brand":[2792],"product_cat":[16],"product_tag":[],"class_list":{"0":"post-13431","1":"product","2":"type-product","3":"status-publish","4":"has-post-thumbnail","6":"bilmarken-tesla","7":"product_brand-tesla","8":"product_cat-uncategorized","10":"first","11":"onbackorder","12":"taxable","13":"shipping-taxable","14":"purchasable","15":"product-type-simple"},"bundled_by":[],"bundle_stock_status":"onbackorder","bundle_stock_quantity":0,"bundle_virtual":false,"bundle_layout":"","bundle_add_to_cart_form_location":"","bundle_editable_in_cart":false,"bundle_sold_individually_context":"","bundle_item_grouping":"","bundle_min_size":"","bundle_max_size":"","bundle_price":[],"bundled_items":[],"bundle_sell_ids":[],"acf":[],"yoast_head":"<!-- This site is optimized with the Yoast SEO plugin v27.0 - https:\/\/yoast.com\/product\/yoast-seo-wordpress\/ -->\n<title>St\u00e4nkskydd Matt Svart inkl. Skyddsfilm 4-pack Tesla Model X - Xenonkungen<\/title>\n<meta name=\"robots\" content=\"index, follow, max-snippet:-1, max-image-preview:large, max-video-preview:-1\" \/>\n<link rel=\"canonical\" href=\"https:\/\/xenonkungen.com\/fi\/tuote\/hajua-estava-mattamusta-sis-suojakalvon-4-kpl-tesla-model-x\/\" \/>\n<meta property=\"og:locale\" content=\"fi_FI\" \/>\n<meta property=\"og:type\" content=\"article\" \/>\n<meta property=\"og:title\" content=\"St\u00e4nkskydd Matt Svart inkl. Skyddsfilm 4-pack Tesla Model X - Xenonkungen\" \/>\n<meta property=\"og:description\" content=\"St\u00e4nkskydd till Tesla Model X (2021+) \u2013 Skydda lacken och beh\u00e5ll det rena premiumutseendet Ge din Model X ett extra skydd mot v\u00e4gens p\u00e5frestningar med v\u00e5ra skr\u00e4ddarsydda st\u00e4nkskydd. De minskar risken f\u00f6r lackskador orsakade av v\u00e4gsalt, grus, asfaltsprickar och annan smuts som hjulen kastar upp \u2013 samtidigt som de sm\u00e4lter in perfekt i bilens design. [&hellip;]\" \/>\n<meta property=\"og:url\" content=\"https:\/\/xenonkungen.com\/fi\/tuote\/hajua-estava-mattamusta-sis-suojakalvon-4-kpl-tesla-model-x\/\" \/>\n<meta property=\"og:site_name\" content=\"Xenonkungen\" \/>\n<meta property=\"article:modified_time\" content=\"2026-04-24T16:06:47+00:00\" \/>\n<meta property=\"og:image\" content=\"https:\/\/xenonkungen.com\/wp-content\/uploads\/2025\/09\/H52551.webp\" \/>\n\t<meta property=\"og:image:width\" content=\"493\" \/>\n\t<meta property=\"og:image:height\" content=\"657\" \/>\n\t<meta property=\"og:image:type\" content=\"image\/webp\" \/>\n<meta name=\"twitter:card\" content=\"summary_large_image\" \/>\n<meta name=\"twitter:label1\" content=\"Arvioitu lukuaika\" \/>\n\t<meta name=\"twitter:data1\" content=\"2 minuuttia\" \/>\n<script type=\"application\/ld+json\" class=\"yoast-schema-graph\">{\"@context\":\"https:\/\/schema.org\",\"@graph\":[{\"@type\":\"WebPage\",\"@id\":\"https:\/\/xenonkungen.com\/produkt\/stankskydd-matt-svart-inkl-skyddsfilm-4-pack-tesla-model-x\/\",\"url\":\"https:\/\/xenonkungen.com\/produkt\/stankskydd-matt-svart-inkl-skyddsfilm-4-pack-tesla-model-x\/\",\"name\":\"St\u00e4nkskydd Matt Svart inkl. Skyddsfilm 4-pack Tesla Model X - Xenonkungen\",\"isPartOf\":{\"@id\":\"https:\/\/xenonkungen.com\/#website\"},\"primaryImageOfPage\":{\"@id\":\"https:\/\/xenonkungen.com\/produkt\/stankskydd-matt-svart-inkl-skyddsfilm-4-pack-tesla-model-x\/#primaryimage\"},\"image\":{\"@id\":\"https:\/\/xenonkungen.com\/produkt\/stankskydd-matt-svart-inkl-skyddsfilm-4-pack-tesla-model-x\/#primaryimage\"},\"thumbnailUrl\":\"https:\/\/xenonkungen.com\/wp-content\/uploads\/2025\/09\/H52551.webp\",\"datePublished\":\"2025-09-05T12:14:52+00:00\",\"dateModified\":\"2026-04-24T16:06:47+00:00\",\"breadcrumb\":{\"@id\":\"https:\/\/xenonkungen.com\/produkt\/stankskydd-matt-svart-inkl-skyddsfilm-4-pack-tesla-model-x\/#breadcrumb\"},\"inLanguage\":\"fi\",\"potentialAction\":[{\"@type\":\"ReadAction\",\"target\":[\"https:\/\/xenonkungen.com\/produkt\/stankskydd-matt-svart-inkl-skyddsfilm-4-pack-tesla-model-x\/\"]}]},{\"@type\":\"ImageObject\",\"inLanguage\":\"fi\",\"@id\":\"https:\/\/xenonkungen.com\/produkt\/stankskydd-matt-svart-inkl-skyddsfilm-4-pack-tesla-model-x\/#primaryimage\",\"url\":\"https:\/\/xenonkungen.com\/wp-content\/uploads\/2025\/09\/H52551.webp\",\"contentUrl\":\"https:\/\/xenonkungen.com\/wp-content\/uploads\/2025\/09\/H52551.webp\",\"width\":493,\"height\":657},{\"@type\":\"BreadcrumbList\",\"@id\":\"https:\/\/xenonkungen.com\/produkt\/stankskydd-matt-svart-inkl-skyddsfilm-4-pack-tesla-model-x\/#breadcrumb\",\"itemListElement\":[{\"@type\":\"ListItem\",\"position\":1,\"name\":\"Hem\",\"item\":\"https:\/\/xenonkungen.com\/\"},{\"@type\":\"ListItem\",\"position\":2,\"name\":\"Shop\",\"item\":\"https:\/\/xenonkungen.com\/shop\/\"},{\"@type\":\"ListItem\",\"position\":3,\"name\":\"St\u00e4nkskydd Matt Svart inkl. Skyddsfilm 4-pack Tesla Model X\"}]},{\"@type\":\"WebSite\",\"@id\":\"https:\/\/xenonkungen.com\/#website\",\"url\":\"https:\/\/xenonkungen.com\/\",\"name\":\"Xenonkungen\",\"description\":\"\",\"potentialAction\":[{\"@type\":\"SearchAction\",\"target\":{\"@type\":\"EntryPoint\",\"urlTemplate\":\"https:\/\/xenonkungen.com\/?s={search_term_string}\"},\"query-input\":{\"@type\":\"PropertyValueSpecification\",\"valueRequired\":true,\"valueName\":\"search_term_string\"}}],\"inLanguage\":\"fi\"}]}<\/script>\n<!-- \/ Yoast SEO plugin. -->","yoast_head_json":{"title":"Roiskesuojat mattamusta sis. suojakalvon 4 kpl Tesla Model X - Xenonkungen","robots":{"index":"index","follow":"follow","max-snippet":"max-snippet:-1","max-image-preview":"max-image-preview:large","max-video-preview":"max-video-preview:-1"},"canonical":"https:\/\/xenonkungen.com\/fi\/tuote\/hajua-estava-mattamusta-sis-suojakalvon-4-kpl-tesla-model-x\/","og_locale":"fi_FI","og_type":"article","og_title":"St\u00e4nkskydd Matt Svart inkl. Skyddsfilm 4-pack Tesla Model X - Xenonkungen","og_description":"St\u00e4nkskydd till Tesla Model X (2021+) \u2013 Skydda lacken och beh\u00e5ll det rena premiumutseendet Ge din Model X ett extra skydd mot v\u00e4gens p\u00e5frestningar med v\u00e5ra skr\u00e4ddarsydda st\u00e4nkskydd. De minskar risken f\u00f6r lackskador orsakade av v\u00e4gsalt, grus, asfaltsprickar och annan smuts som hjulen kastar upp \u2013 samtidigt som de sm\u00e4lter in perfekt i bilens design. [&hellip;]","og_url":"https:\/\/xenonkungen.com\/fi\/tuote\/hajua-estava-mattamusta-sis-suojakalvon-4-kpl-tesla-model-x\/","og_site_name":"Xenonkungen","article_modified_time":"2026-04-24T16:06:47+00:00","og_image":[{"width":493,"height":657,"url":"https:\/\/xenonkungen.com\/wp-content\/uploads\/2025\/09\/H52551.webp","type":"image\/webp"}],"twitter_card":"summary_large_image","twitter_misc":{"Arvioitu lukuaika":"2 minuuttia"},"schema":{"@context":"https:\/\/schema.org","@graph":[{"@type":"WebPage","@id":"https:\/\/xenonkungen.com\/produkt\/stankskydd-matt-svart-inkl-skyddsfilm-4-pack-tesla-model-x\/","url":"https:\/\/xenonkungen.com\/produkt\/stankskydd-matt-svart-inkl-skyddsfilm-4-pack-tesla-model-x\/","name":"Roiskesuojat mattamusta sis. suojakalvon 4 kpl Tesla Model X - Xenonkungen","isPartOf":{"@id":"https:\/\/xenonkungen.com\/#website"},"primaryImageOfPage":{"@id":"https:\/\/xenonkungen.com\/produkt\/stankskydd-matt-svart-inkl-skyddsfilm-4-pack-tesla-model-x\/#primaryimage"},"image":{"@id":"https:\/\/xenonkungen.com\/produkt\/stankskydd-matt-svart-inkl-skyddsfilm-4-pack-tesla-model-x\/#primaryimage"},"thumbnailUrl":"https:\/\/xenonkungen.com\/wp-content\/uploads\/2025\/09\/H52551.webp","datePublished":"2025-09-05T12:14:52+00:00","dateModified":"2026-04-24T16:06:47+00:00","breadcrumb":{"@id":"https:\/\/xenonkungen.com\/produkt\/stankskydd-matt-svart-inkl-skyddsfilm-4-pack-tesla-model-x\/#breadcrumb"},"inLanguage":"fi","potentialAction":[{"@type":"ReadAction","target":["https:\/\/xenonkungen.com\/produkt\/stankskydd-matt-svart-inkl-skyddsfilm-4-pack-tesla-model-x\/"]}]},{"@type":"ImageObject","inLanguage":"fi","@id":"https:\/\/xenonkungen.com\/produkt\/stankskydd-matt-svart-inkl-skyddsfilm-4-pack-tesla-model-x\/#primaryimage","url":"https:\/\/xenonkungen.com\/wp-content\/uploads\/2025\/09\/H52551.webp","contentUrl":"https:\/\/xenonkungen.com\/wp-content\/uploads\/2025\/09\/H52551.webp","width":493,"height":657},{"@type":"BreadcrumbList","@id":"https:\/\/xenonkungen.com\/produkt\/stankskydd-matt-svart-inkl-skyddsfilm-4-pack-tesla-model-x\/#breadcrumb","itemListElement":[{"@type":"ListItem","position":1,"name":"Hem","item":"https:\/\/xenonkungen.com\/"},{"@type":"ListItem","position":2,"name":"Shop","item":"https:\/\/xenonkungen.com\/shop\/"},{"@type":"ListItem","position":3,"name":"St\u00e4nkskydd Matt Svart inkl. Skyddsfilm 4-pack Tesla Model X"}]},{"@type":"WebSite","@id":"https:\/\/xenonkungen.com\/#website","url":"https:\/\/xenonkungen.com\/","name":"Xenonkungen","description":"","potentialAction":[{"@type":"SearchAction","target":{"@type":"EntryPoint","urlTemplate":"https:\/\/xenonkungen.com\/?s={search_term_string}"},"query-input":{"@type":"PropertyValueSpecification","valueRequired":true,"valueName":"search_term_string"}}],"inLanguage":"fi"}]}},"taxonomy_info":{"bilmarken":[{"value":290,"label":"Tesla"}],"product_brand":[{"value":2792,"label":"TESLA"}],"product_cat":[{"value":16,"label":"Uncategorized"}]},"featured_image_src_large":["https:\/\/xenonkungen.com\/wp-content\/uploads\/2025\/09\/H52551.webp",493,657,false],"author_info":[],"comment_info":0,"_links":{"self":[{"href":"https:\/\/xenonkungen.com\/fi\/wp-json\/wp\/v2\/product\/13431","targetHints":{"allow":["GET"]}}],"collection":[{"href":"https:\/\/xenonkungen.com\/fi\/wp-json\/wp\/v2\/product"}],"about":[{"href":"https:\/\/xenonkungen.com\/fi\/wp-json\/wp\/v2\/types\/product"}],"replies":[{"embeddable":true,"href":"https:\/\/xenonkungen.com\/fi\/wp-json\/wp\/v2\/comments?post=13431"}],"wp:featuredmedia":[{"embeddable":true,"href":"https:\/\/xenonkungen.com\/fi\/wp-json\/wp\/v2\/media\/13436"}],"wp:attachment":[{"href":"https:\/\/xenonkungen.com\/fi\/wp-json\/wp\/v2\/media?parent=13431"}],"wp:term":[{"taxonomy":"anvandningsomrade","embeddable":true,"href":"https:\/\/xenonkungen.com\/fi\/wp-json\/wp\/v2\/anvandningsomrade?post=13431"},{"taxonomy":"bilmarken","embeddable":true,"href":"https:\/\/xenonkungen.com\/fi\/wp-json\/wp\/v2\/bilmarken?post=13431"},{"taxonomy":"product_brand","embeddable":true,"href":"https:\/\/xenonkungen.com\/fi\/wp-json\/wp\/v2\/product_brand?post=13431"},{"taxonomy":"product_cat","embeddable":true,"href":"https:\/\/xenonkungen.com\/fi\/wp-json\/wp\/v2\/product_cat?post=13431"},{"taxonomy":"product_tag","embeddable":true,"href":"https:\/\/xenonkungen.com\/fi\/wp-json\/wp\/v2\/product_tag?post=13431"}],"curies":[{"name":"wp","href":"https:\/\/api.w.org\/{rel}","templated":true}]}}