{"id":13833,"date":"2025-09-15T13:52:51","date_gmt":"2025-09-15T13:52:51","guid":{"rendered":"https:\/\/xenonkungen.com\/?post_type=product&#038;p=13833"},"modified":"2026-04-10T23:56:58","modified_gmt":"2026-04-10T22:56:58","slug":"varkaudenestoruuvi-tfix-m10-2-kpl","status":"publish","type":"product","link":"https:\/\/xenonkungen.com\/fi\/tuote\/varkaudenestoruuvi-tfix-m10-2-kpl\/","title":{"rendered":"TFix M10 varkaudenesto ruuvimeisseli | 2kpl"},"content":{"rendered":"<div class=\"container\">\n<h1>Yksinkertainen ja edullinen varkaussuojaus lis\u00e4valoille ja LED-rampeille.<\/h1>\n<p>Tutustu optimaaliseen tapaan suojata lis\u00e4valot ja LED-rampit varkauksilta. T\u00e4ll\u00e4 yksinkertaisella ja kustannustehokkaalla varkaudenestoj\u00e4rjestelm\u00e4ll\u00e4 voit nyt turvata valaisinlaitteesi ilman vaivaa. Se on suunniteltu integroitavaksi helposti erityyppisiin lis\u00e4valoihin ja LED-nauhoihin, ja se tarjoaa luotettavan ratkaisun mahdollisia varkausyrityksi\u00e4 vastaan.<\/p>\n<div class=\"features\">\n<h2>Ominaisuudet:<\/h2>\n<ul>\n<li>Helppo asennus, joka ei vaadi erikoisty\u00f6kaluja tai laajaa teknist\u00e4 tiet\u00e4myst\u00e4.<\/li>\n<li>Kustannustehokas ratkaisu ajoneuvon valaistukseen tehtyjen investointien suojaamiseksi.<\/li>\n<li>Vankka rakenne, joka kest\u00e4\u00e4 peukaloinnin ja rikkomisyritykset.<\/li>\n<li>Yhteensopiva monenlaisten lis\u00e4valojen ja LED-ramppien kanssa.<\/li>\n<li>V\u00e4h\u00e4inen vaikutus valaistusyksik\u00f6iden estetiikkaan ja toiminnallisuuteen.<\/li>\n<\/ul>\n<\/div>\n<p>T\u00e4m\u00e4n varkaudenestolaitteen ansiosta sinun ei en\u00e4\u00e4 tarvitse huolehtia lis\u00e4valaisimesi turvallisuudesta. Se on t\u00e4ydellinen ratkaisu kaikille, jotka arvostavat sek\u00e4 turvallisuutta ett\u00e4 kustannustehokkuutta.<\/p>\n<\/div>\n<p>Myyd\u00e4\u00e4n pareittain (=2 kpl)<br \/>\n<strong>Koko:<\/strong> M10 \/ Kierteen pituus 30 mm<\/p>","protected":false},"excerpt":{"rendered":"<p>Tee valaisimien purkamisesta todella vaikeaa tai mahdotonta TFix M10 -varkaudenestoruuvilla.<\/p>","protected":false},"featured_media":13834,"comment_status":"open","ping_status":"closed","template":"","meta":{"_acf_changed":false,"_smort_price_nok":"342","_smort_price_dkk":"217","_smort_price_eur":"29.09","_smort_sale_price_nok":"","_smort_sale_price_dkk":"","_smort_sale_price_eur":"","smort_restorder":"","shipmondo_restorder":"","_kad_blocks_custom_css":"","_kad_blocks_head_custom_js":"","_kad_blocks_body_custom_js":"","_kad_blocks_footer_custom_js":"","smort_custom_pricelist_1":"204.8","smort_custom_pricelist_2":"204.8","smort_custom_pricelist_3":"204.8","smort_custom_pricelist_4":"256","smort_custom_pricelist_5":"204.8"},"anvandningsomrade":[],"bilmarken":[],"product_brand":[],"product_cat":[2841,2828,2547,390],"product_tag":[],"class_list":{"0":"post-13833","1":"product","2":"type-product","3":"status-publish","4":"has-post-thumbnail","6":"product_cat-installation-extraljus","7":"product_cat-installation-led-ramper","8":"product_cat-stoldskydd-installation","9":"product_cat-installation","11":"first","12":"instock","13":"taxable","14":"shipping-taxable","15":"purchasable","16":"product-type-simple"},"bundled_by":[],"bundle_stock_status":"instock","bundle_stock_quantity":15,"bundle_virtual":false,"bundle_layout":"","bundle_add_to_cart_form_location":"","bundle_editable_in_cart":false,"bundle_sold_individually_context":"","bundle_item_grouping":"","bundle_min_size":"","bundle_max_size":"","bundle_price":[],"bundled_items":[],"bundle_sell_ids":[],"acf":[],"yoast_head":"<!-- This site is optimized with the Yoast SEO plugin v27.0 - https:\/\/yoast.com\/product\/yoast-seo-wordpress\/ -->\n<title>St\u00f6ldskyddsSKRUV TFix M10 | 2st - Xenonkungen<\/title>\n<meta name=\"robots\" content=\"index, follow, max-snippet:-1, max-image-preview:large, max-video-preview:-1\" \/>\n<link rel=\"canonical\" href=\"https:\/\/xenonkungen.com\/fi\/tuote\/varkaudenestoruuvi-tfix-m10-2-kpl\/\" \/>\n<meta property=\"og:locale\" content=\"fi_FI\" \/>\n<meta property=\"og:type\" content=\"article\" \/>\n<meta property=\"og:title\" content=\"St\u00f6ldskyddsSKRUV TFix M10 | 2st - Xenonkungen\" \/>\n<meta property=\"og:description\" content=\"G\u00f6r det riktigt sv\u00e5rt eller om\u00f6jligt att demontera din belysning med st\u00f6ldkyddsskruv TFix M10.\" \/>\n<meta property=\"og:url\" content=\"https:\/\/xenonkungen.com\/fi\/tuote\/varkaudenestoruuvi-tfix-m10-2-kpl\/\" \/>\n<meta property=\"og:site_name\" content=\"Xenonkungen\" \/>\n<meta property=\"article:modified_time\" content=\"2026-04-10T22:56:58+00:00\" \/>\n<meta property=\"og:image\" content=\"https:\/\/xenonkungen.com\/wp-content\/uploads\/2025\/09\/LS-M10-2__12205.jpg\" \/>\n\t<meta property=\"og:image:width\" content=\"1280\" \/>\n\t<meta property=\"og:image:height\" content=\"960\" \/>\n\t<meta property=\"og:image:type\" content=\"image\/jpeg\" \/>\n<meta name=\"twitter:card\" content=\"summary_large_image\" \/>\n<meta name=\"twitter:label1\" content=\"Arvioitu lukuaika\" \/>\n\t<meta name=\"twitter:data1\" content=\"1 minuutti\" \/>\n<script type=\"application\/ld+json\" class=\"yoast-schema-graph\">{\"@context\":\"https:\/\/schema.org\",\"@graph\":[{\"@type\":\"WebPage\",\"@id\":\"https:\/\/xenonkungen.com\/fi\/tuote\/stoldskyddsskruv-tfix-m10-2st\/\",\"url\":\"https:\/\/xenonkungen.com\/fi\/tuote\/stoldskyddsskruv-tfix-m10-2st\/\",\"name\":\"St\u00f6ldskyddsSKRUV TFix M10 | 2st - Xenonkungen\",\"isPartOf\":{\"@id\":\"https:\/\/xenonkungen.com\/#website\"},\"primaryImageOfPage\":{\"@id\":\"https:\/\/xenonkungen.com\/fi\/tuote\/stoldskyddsskruv-tfix-m10-2st\/#primaryimage\"},\"image\":{\"@id\":\"https:\/\/xenonkungen.com\/fi\/tuote\/stoldskyddsskruv-tfix-m10-2st\/#primaryimage\"},\"thumbnailUrl\":\"https:\/\/xenonkungen.com\/wp-content\/uploads\/2025\/09\/LS-M10-2__12205.jpg\",\"datePublished\":\"2025-09-15T13:52:51+00:00\",\"dateModified\":\"2026-04-10T22:56:58+00:00\",\"breadcrumb\":{\"@id\":\"https:\/\/xenonkungen.com\/fi\/tuote\/stoldskyddsskruv-tfix-m10-2st\/#breadcrumb\"},\"inLanguage\":\"fi\",\"potentialAction\":[{\"@type\":\"ReadAction\",\"target\":[\"https:\/\/xenonkungen.com\/fi\/tuote\/stoldskyddsskruv-tfix-m10-2st\/\"]}]},{\"@type\":\"ImageObject\",\"inLanguage\":\"fi\",\"@id\":\"https:\/\/xenonkungen.com\/fi\/tuote\/stoldskyddsskruv-tfix-m10-2st\/#primaryimage\",\"url\":\"https:\/\/xenonkungen.com\/wp-content\/uploads\/2025\/09\/LS-M10-2__12205.jpg\",\"contentUrl\":\"https:\/\/xenonkungen.com\/wp-content\/uploads\/2025\/09\/LS-M10-2__12205.jpg\",\"width\":1280,\"height\":960},{\"@type\":\"BreadcrumbList\",\"@id\":\"https:\/\/xenonkungen.com\/fi\/tuote\/stoldskyddsskruv-tfix-m10-2st\/#breadcrumb\",\"itemListElement\":[{\"@type\":\"ListItem\",\"position\":1,\"name\":\"Hem\",\"item\":\"https:\/\/xenonkungen.com\/\"},{\"@type\":\"ListItem\",\"position\":2,\"name\":\"Shop\",\"item\":\"https:\/\/xenonkungen.com\/shop\/\"},{\"@type\":\"ListItem\",\"position\":3,\"name\":\"St\u00f6ldskyddsSKRUV TFix M10 | 2st\"}]},{\"@type\":\"WebSite\",\"@id\":\"https:\/\/xenonkungen.com\/#website\",\"url\":\"https:\/\/xenonkungen.com\/\",\"name\":\"Xenonkungen\",\"description\":\"\",\"potentialAction\":[{\"@type\":\"SearchAction\",\"target\":{\"@type\":\"EntryPoint\",\"urlTemplate\":\"https:\/\/xenonkungen.com\/?s={search_term_string}\"},\"query-input\":{\"@type\":\"PropertyValueSpecification\",\"valueRequired\":true,\"valueName\":\"search_term_string\"}}],\"inLanguage\":\"fi\"}]}<\/script>\n<!-- \/ Yoast SEO plugin. -->","yoast_head_json":{"title":"Varkaudenestoruuvi TFix M10 | 2 kpl - Xenonkungen","robots":{"index":"index","follow":"follow","max-snippet":"max-snippet:-1","max-image-preview":"max-image-preview:large","max-video-preview":"max-video-preview:-1"},"canonical":"https:\/\/xenonkungen.com\/fi\/tuote\/varkaudenestoruuvi-tfix-m10-2-kpl\/","og_locale":"fi_FI","og_type":"article","og_title":"St\u00f6ldskyddsSKRUV TFix M10 | 2st - Xenonkungen","og_description":"G\u00f6r det riktigt sv\u00e5rt eller om\u00f6jligt att demontera din belysning med st\u00f6ldkyddsskruv TFix M10.","og_url":"https:\/\/xenonkungen.com\/fi\/tuote\/varkaudenestoruuvi-tfix-m10-2-kpl\/","og_site_name":"Xenonkungen","article_modified_time":"2026-04-10T22:56:58+00:00","og_image":[{"width":1280,"height":960,"url":"https:\/\/xenonkungen.com\/wp-content\/uploads\/2025\/09\/LS-M10-2__12205.jpg","type":"image\/jpeg"}],"twitter_card":"summary_large_image","twitter_misc":{"Arvioitu lukuaika":"1 minuutti"},"schema":{"@context":"https:\/\/schema.org","@graph":[{"@type":"WebPage","@id":"https:\/\/xenonkungen.com\/fi\/tuote\/stoldskyddsskruv-tfix-m10-2st\/","url":"https:\/\/xenonkungen.com\/fi\/tuote\/stoldskyddsskruv-tfix-m10-2st\/","name":"Varkaudenestoruuvi TFix M10 | 2 kpl - Xenonkungen","isPartOf":{"@id":"https:\/\/xenonkungen.com\/#website"},"primaryImageOfPage":{"@id":"https:\/\/xenonkungen.com\/fi\/tuote\/stoldskyddsskruv-tfix-m10-2st\/#primaryimage"},"image":{"@id":"https:\/\/xenonkungen.com\/fi\/tuote\/stoldskyddsskruv-tfix-m10-2st\/#primaryimage"},"thumbnailUrl":"https:\/\/xenonkungen.com\/wp-content\/uploads\/2025\/09\/LS-M10-2__12205.jpg","datePublished":"2025-09-15T13:52:51+00:00","dateModified":"2026-04-10T22:56:58+00:00","breadcrumb":{"@id":"https:\/\/xenonkungen.com\/fi\/tuote\/stoldskyddsskruv-tfix-m10-2st\/#breadcrumb"},"inLanguage":"fi","potentialAction":[{"@type":"ReadAction","target":["https:\/\/xenonkungen.com\/fi\/tuote\/stoldskyddsskruv-tfix-m10-2st\/"]}]},{"@type":"ImageObject","inLanguage":"fi","@id":"https:\/\/xenonkungen.com\/fi\/tuote\/stoldskyddsskruv-tfix-m10-2st\/#primaryimage","url":"https:\/\/xenonkungen.com\/wp-content\/uploads\/2025\/09\/LS-M10-2__12205.jpg","contentUrl":"https:\/\/xenonkungen.com\/wp-content\/uploads\/2025\/09\/LS-M10-2__12205.jpg","width":1280,"height":960},{"@type":"BreadcrumbList","@id":"https:\/\/xenonkungen.com\/fi\/tuote\/stoldskyddsskruv-tfix-m10-2st\/#breadcrumb","itemListElement":[{"@type":"ListItem","position":1,"name":"Hem","item":"https:\/\/xenonkungen.com\/"},{"@type":"ListItem","position":2,"name":"Shop","item":"https:\/\/xenonkungen.com\/shop\/"},{"@type":"ListItem","position":3,"name":"St\u00f6ldskyddsSKRUV TFix M10 | 2st"}]},{"@type":"WebSite","@id":"https:\/\/xenonkungen.com\/#website","url":"https:\/\/xenonkungen.com\/","name":"Xenonkungen","description":"","potentialAction":[{"@type":"SearchAction","target":{"@type":"EntryPoint","urlTemplate":"https:\/\/xenonkungen.com\/?s={search_term_string}"},"query-input":{"@type":"PropertyValueSpecification","valueRequired":true,"valueName":"search_term_string"}}],"inLanguage":"fi"}]}},"taxonomy_info":{"product_cat":[{"value":2841,"label":"Installation extraljus"},{"value":2828,"label":"Installation LED-ramper"},{"value":2547,"label":"St\u00f6ldskydd"},{"value":390,"label":"Installation"}]},"featured_image_src_large":["https:\/\/xenonkungen.com\/wp-content\/uploads\/2025\/09\/LS-M10-2__12205-1024x768.jpg",1024,768,true],"author_info":[],"comment_info":0,"_links":{"self":[{"href":"https:\/\/xenonkungen.com\/fi\/wp-json\/wp\/v2\/product\/13833","targetHints":{"allow":["GET"]}}],"collection":[{"href":"https:\/\/xenonkungen.com\/fi\/wp-json\/wp\/v2\/product"}],"about":[{"href":"https:\/\/xenonkungen.com\/fi\/wp-json\/wp\/v2\/types\/product"}],"replies":[{"embeddable":true,"href":"https:\/\/xenonkungen.com\/fi\/wp-json\/wp\/v2\/comments?post=13833"}],"wp:featuredmedia":[{"embeddable":true,"href":"https:\/\/xenonkungen.com\/fi\/wp-json\/wp\/v2\/media\/13834"}],"wp:attachment":[{"href":"https:\/\/xenonkungen.com\/fi\/wp-json\/wp\/v2\/media?parent=13833"}],"wp:term":[{"taxonomy":"anvandningsomrade","embeddable":true,"href":"https:\/\/xenonkungen.com\/fi\/wp-json\/wp\/v2\/anvandningsomrade?post=13833"},{"taxonomy":"bilmarken","embeddable":true,"href":"https:\/\/xenonkungen.com\/fi\/wp-json\/wp\/v2\/bilmarken?post=13833"},{"taxonomy":"product_brand","embeddable":true,"href":"https:\/\/xenonkungen.com\/fi\/wp-json\/wp\/v2\/product_brand?post=13833"},{"taxonomy":"product_cat","embeddable":true,"href":"https:\/\/xenonkungen.com\/fi\/wp-json\/wp\/v2\/product_cat?post=13833"},{"taxonomy":"product_tag","embeddable":true,"href":"https:\/\/xenonkungen.com\/fi\/wp-json\/wp\/v2\/product_tag?post=13833"}],"curies":[{"name":"wp","href":"https:\/\/api.w.org\/{rel}","templated":true}]}}