{"id":13947,"date":"2025-09-18T09:59:34","date_gmt":"2025-09-18T09:59:34","guid":{"rendered":"https:\/\/xenonkungen.com\/?post_type=product&#038;p=13947"},"modified":"2026-03-04T16:34:11","modified_gmt":"2026-03-04T15:34:11","slug":"luxtar-vipumutterin-johtoliitin-4-porttinen-lxpct-214","status":"publish","type":"product","link":"https:\/\/xenonkungen.com\/fi\/tuote\/luxtar-vipumutterin-johtoliitin-4-porttinen-lxpct-214\/","title":{"rendered":"Luxtar vipumutteri johdinliitin | 4 portti | LXPCT-214"},"content":{"rendered":"<p>Tutustu Luxtar Lever Nut Wire Connector - pienikokoinen ja avattava pikaliitin, jossa on kaksi liit\u00e4nt\u00e4\u00e4 ja joka sopii kaikentyyppisille johtimille 0,8-4 mm\u00b2. T\u00e4m\u00e4 liitinpuristin on uudelleen sulkeutuva eik\u00e4 se vaadi ty\u00f6kaluja innovatiivisen Lever-Nut-tekniikan ansiosta, joka tunnetaan my\u00f6s nimell\u00e4 Cage Clamp -liit\u00e4nt\u00e4.<\/p>\n<p>T\u00e4m\u00e4 liitinlohko on yhteensopiva kaikkien johdintyyppien kanssa, sek\u00e4 moni- ett\u00e4 yksijohtimisten. Se kest\u00e4\u00e4 nimellisvirtaa jopa 32A ja 400V AC-j\u00e4nnitett\u00e4. Liitosliitin soveltuu kaapeleille, joiden koko on 28-12 AWG, ja siin\u00e4 on seuraavat kaapelikoot:<\/p>\n<ul>\n<li>Hieno lanka: 0,08-4 mm\u00b2<\/li>\n<li>Yksijohtiminen: enint\u00e4\u00e4n 2,5 mm\u00b2.<\/li>\n<\/ul>\n<p>Ihanteellinen sek\u00e4 suur- ett\u00e4 pienj\u00e4nniteasennuksiin.<\/p>\n<p><strong>Ominaisuudet ja edut:<\/strong><\/p>\n<ul>\n<li>Ei tarvita ty\u00f6kaluja - nopea ja helppo asennus<\/li>\n<li>Johtimen pinta-ala (j\u00e4ykk\u00e4): 0,08-2,5 mm\u00b2.<\/li>\n<li>Johtimen pinta-ala (joustava): 0,08-4 mm\u00b2.<\/li>\n<li>Nimellisvirta: 32 A<\/li>\n<li>H\u00e4kkipuristin liit\u00e4nt\u00e4<\/li>\n<li>Nimellisj\u00e4nnite: 400V AC<\/li>\n<li>Kuorintapituus: 9-10 mm<\/li>\n<li>Sopii kaapelille 28-12 AWG<\/li>\n<\/ul>\n<p><strong>Artikkelinumero: :<\/strong> 159046<\/p>\n<p><strong>S\u00e4hk\u00f6asennuksessa k\u00e4ytett\u00e4v\u00e4t yleiset termit:<\/strong><\/p>\n<p>T\u00e4h\u00e4n tuotteeseen viitataan usein nimell\u00e4:<\/p>\n<ul>\n<li>Liit\u00e4nt\u00e4pidike<\/li>\n<li>Kytkent\u00e4kiinnike Joustava<\/li>\n<li>Liitospuristin<\/li>\n<li>WAGO-kytkin<\/li>\n<li>Yl\u00e4kiinnike<\/li>\n<li>Maksan ja p\u00e4hkin\u00e4n yhteys<\/li>\n<\/ul>\n<p>Luxtar-vipumutteriliittimemme ovat ihanteellisia ammattimaisiin s\u00e4hk\u00f6asennuksiin ja DIY-projekteihin, ja ne ovat korkealaatuisia ja helppok\u00e4ytt\u00f6isi\u00e4. Koe sujuvampi ja turvallisempi kaapeliliit\u00e4nt\u00e4 jo t\u00e4n\u00e4\u00e4n!<\/p>","protected":false},"excerpt":{"rendered":"<p>Uppt\u00e4ck Luxtar Lever Nut Wire Connector \u2013 en kompakt och \u00f6ppningsbar snabbkl\u00e4mma med tv\u00e5 anslutningar, anpassad f\u00f6r alla typer av ledare mellan 0,8 och 4 mm\u00b2. Denna anslutningskl\u00e4mma \u00e4r \u00e5terf\u00f6rslutningsbar och kr\u00e4ver inga verktyg tack vare sin innovativa Lever-Nut-teknologi, \u00e4ven k\u00e4nd som Cage Clamp-anslutning. Denna kopplingskl\u00e4mma \u00e4r kompatibel med alla ledartyper, b\u00e5de flertr\u00e5diga och enkeltr\u00e5diga. [&hellip;]<\/p>","protected":false},"featured_media":13949,"comment_status":"open","ping_status":"closed","template":"","meta":{"_acf_changed":false,"_smort_price_nok":"15","_smort_price_dkk":"9","_smort_price_eur":"1.27","_smort_sale_price_nok":"","_smort_sale_price_dkk":"","_smort_sale_price_eur":"","smort_restorder":"","shipmondo_restorder":"","_kad_blocks_custom_css":"","_kad_blocks_head_custom_js":"","_kad_blocks_body_custom_js":"","_kad_blocks_footer_custom_js":"","smort_custom_pricelist_1":"8.96","smort_custom_pricelist_2":"7.84","smort_custom_pricelist_3":"7.28","smort_custom_pricelist_4":"11.2","smort_custom_pricelist_5":"7.84"},"anvandningsomrade":[],"bilmarken":[],"product_brand":[103],"product_cat":[2826,2823,727],"product_tag":[],"class_list":{"0":"post-13947","1":"product","2":"type-product","3":"status-publish","4":"has-post-thumbnail","6":"product_brand-luxtar","7":"product_cat-luxtar","8":"product_cat-luxtar-ovriga-produkter","9":"product_cat-tillbehor","11":"first","12":"instock","13":"taxable","14":"shipping-taxable","15":"purchasable","16":"product-type-simple"},"bundled_by":[],"bundle_stock_status":"instock","bundle_stock_quantity":981,"bundle_virtual":false,"bundle_layout":"","bundle_add_to_cart_form_location":"","bundle_editable_in_cart":false,"bundle_sold_individually_context":"","bundle_item_grouping":"","bundle_min_size":"","bundle_max_size":"","bundle_price":[],"bundled_items":[],"bundle_sell_ids":[],"acf":[],"yoast_head":"<!-- This site is optimized with the Yoast SEO plugin v27.0 - https:\/\/yoast.com\/product\/yoast-seo-wordpress\/ -->\n<title>Luxtar Lever Nut Wire Connector | 4 Port | LXPCT-214 - Xenonkungen<\/title>\n<meta name=\"robots\" content=\"index, follow, max-snippet:-1, max-image-preview:large, max-video-preview:-1\" \/>\n<link rel=\"canonical\" href=\"https:\/\/xenonkungen.com\/fi\/tuote\/luxtar-vipumutterin-johtoliitin-4-porttinen-lxpct-214\/\" \/>\n<meta property=\"og:locale\" content=\"fi_FI\" \/>\n<meta property=\"og:type\" content=\"article\" \/>\n<meta property=\"og:title\" content=\"Luxtar Lever Nut Wire Connector | 4 Port | LXPCT-214 - Xenonkungen\" \/>\n<meta property=\"og:description\" content=\"Uppt\u00e4ck Luxtar Lever Nut Wire Connector \u2013 en kompakt och \u00f6ppningsbar snabbkl\u00e4mma med tv\u00e5 anslutningar, anpassad f\u00f6r alla typer av ledare mellan 0,8 och 4 mm\u00b2. Denna anslutningskl\u00e4mma \u00e4r \u00e5terf\u00f6rslutningsbar och kr\u00e4ver inga verktyg tack vare sin innovativa Lever-Nut-teknologi, \u00e4ven k\u00e4nd som Cage Clamp-anslutning. Denna kopplingskl\u00e4mma \u00e4r kompatibel med alla ledartyper, b\u00e5de flertr\u00e5diga och enkeltr\u00e5diga. [&hellip;]\" \/>\n<meta property=\"og:url\" content=\"https:\/\/xenonkungen.com\/fi\/tuote\/luxtar-vipumutterin-johtoliitin-4-porttinen-lxpct-214\/\" \/>\n<meta property=\"og:site_name\" content=\"Xenonkungen\" \/>\n<meta property=\"article:modified_time\" content=\"2026-03-04T15:34:11+00:00\" \/>\n<meta property=\"og:image\" content=\"https:\/\/xenonkungen.com\/wp-content\/uploads\/2025\/09\/CjV28d_w.png\" \/>\n\t<meta property=\"og:image:width\" content=\"1024\" \/>\n\t<meta property=\"og:image:height\" content=\"1024\" \/>\n\t<meta property=\"og:image:type\" content=\"image\/png\" \/>\n<meta name=\"twitter:card\" content=\"summary_large_image\" \/>\n<meta name=\"twitter:label1\" content=\"Arvioitu lukuaika\" \/>\n\t<meta name=\"twitter:data1\" content=\"2 minuuttia\" \/>\n<script type=\"application\/ld+json\" class=\"yoast-schema-graph\">{\"@context\":\"https:\/\/schema.org\",\"@graph\":[{\"@type\":\"WebPage\",\"@id\":\"https:\/\/xenonkungen.com\/produkt\/luxtar-lever-nut-wire-connector-4-port-lxpct-214\/\",\"url\":\"https:\/\/xenonkungen.com\/produkt\/luxtar-lever-nut-wire-connector-4-port-lxpct-214\/\",\"name\":\"Luxtar Lever Nut Wire Connector | 4 Port | LXPCT-214 - Xenonkungen\",\"isPartOf\":{\"@id\":\"https:\/\/xenonkungen.com\/#website\"},\"primaryImageOfPage\":{\"@id\":\"https:\/\/xenonkungen.com\/produkt\/luxtar-lever-nut-wire-connector-4-port-lxpct-214\/#primaryimage\"},\"image\":{\"@id\":\"https:\/\/xenonkungen.com\/produkt\/luxtar-lever-nut-wire-connector-4-port-lxpct-214\/#primaryimage\"},\"thumbnailUrl\":\"https:\/\/xenonkungen.com\/wp-content\/uploads\/2025\/09\/CjV28d_w.png\",\"datePublished\":\"2025-09-18T09:59:34+00:00\",\"dateModified\":\"2026-03-04T15:34:11+00:00\",\"breadcrumb\":{\"@id\":\"https:\/\/xenonkungen.com\/produkt\/luxtar-lever-nut-wire-connector-4-port-lxpct-214\/#breadcrumb\"},\"inLanguage\":\"fi\",\"potentialAction\":[{\"@type\":\"ReadAction\",\"target\":[\"https:\/\/xenonkungen.com\/produkt\/luxtar-lever-nut-wire-connector-4-port-lxpct-214\/\"]}]},{\"@type\":\"ImageObject\",\"inLanguage\":\"fi\",\"@id\":\"https:\/\/xenonkungen.com\/produkt\/luxtar-lever-nut-wire-connector-4-port-lxpct-214\/#primaryimage\",\"url\":\"https:\/\/xenonkungen.com\/wp-content\/uploads\/2025\/09\/CjV28d_w.png\",\"contentUrl\":\"https:\/\/xenonkungen.com\/wp-content\/uploads\/2025\/09\/CjV28d_w.png\",\"width\":1024,\"height\":1024},{\"@type\":\"BreadcrumbList\",\"@id\":\"https:\/\/xenonkungen.com\/produkt\/luxtar-lever-nut-wire-connector-4-port-lxpct-214\/#breadcrumb\",\"itemListElement\":[{\"@type\":\"ListItem\",\"position\":1,\"name\":\"Hem\",\"item\":\"https:\/\/xenonkungen.com\/\"},{\"@type\":\"ListItem\",\"position\":2,\"name\":\"Shop\",\"item\":\"https:\/\/xenonkungen.com\/shop\/\"},{\"@type\":\"ListItem\",\"position\":3,\"name\":\"Luxtar Lever Nut Wire Connector | 4 Port | LXPCT-214\"}]},{\"@type\":\"WebSite\",\"@id\":\"https:\/\/xenonkungen.com\/#website\",\"url\":\"https:\/\/xenonkungen.com\/\",\"name\":\"Xenonkungen\",\"description\":\"\",\"potentialAction\":[{\"@type\":\"SearchAction\",\"target\":{\"@type\":\"EntryPoint\",\"urlTemplate\":\"https:\/\/xenonkungen.com\/?s={search_term_string}\"},\"query-input\":{\"@type\":\"PropertyValueSpecification\",\"valueRequired\":true,\"valueName\":\"search_term_string\"}}],\"inLanguage\":\"fi\"}]}<\/script>\n<!-- \/ Yoast SEO plugin. -->","yoast_head_json":{"title":"Luxtar-vipumutteriliitin | 4-porttinen | LXPCT-214 - Xenon-kuningas","robots":{"index":"index","follow":"follow","max-snippet":"max-snippet:-1","max-image-preview":"max-image-preview:large","max-video-preview":"max-video-preview:-1"},"canonical":"https:\/\/xenonkungen.com\/fi\/tuote\/luxtar-vipumutterin-johtoliitin-4-porttinen-lxpct-214\/","og_locale":"fi_FI","og_type":"article","og_title":"Luxtar Lever Nut Wire Connector | 4 Port | LXPCT-214 - Xenonkungen","og_description":"Uppt\u00e4ck Luxtar Lever Nut Wire Connector \u2013 en kompakt och \u00f6ppningsbar snabbkl\u00e4mma med tv\u00e5 anslutningar, anpassad f\u00f6r alla typer av ledare mellan 0,8 och 4 mm\u00b2. Denna anslutningskl\u00e4mma \u00e4r \u00e5terf\u00f6rslutningsbar och kr\u00e4ver inga verktyg tack vare sin innovativa Lever-Nut-teknologi, \u00e4ven k\u00e4nd som Cage Clamp-anslutning. Denna kopplingskl\u00e4mma \u00e4r kompatibel med alla ledartyper, b\u00e5de flertr\u00e5diga och enkeltr\u00e5diga. [&hellip;]","og_url":"https:\/\/xenonkungen.com\/fi\/tuote\/luxtar-vipumutterin-johtoliitin-4-porttinen-lxpct-214\/","og_site_name":"Xenonkungen","article_modified_time":"2026-03-04T15:34:11+00:00","og_image":[{"width":1024,"height":1024,"url":"https:\/\/xenonkungen.com\/wp-content\/uploads\/2025\/09\/CjV28d_w.png","type":"image\/png"}],"twitter_card":"summary_large_image","twitter_misc":{"Arvioitu lukuaika":"2 minuuttia"},"schema":{"@context":"https:\/\/schema.org","@graph":[{"@type":"WebPage","@id":"https:\/\/xenonkungen.com\/produkt\/luxtar-lever-nut-wire-connector-4-port-lxpct-214\/","url":"https:\/\/xenonkungen.com\/produkt\/luxtar-lever-nut-wire-connector-4-port-lxpct-214\/","name":"Luxtar-vipumutteriliitin | 4-porttinen | LXPCT-214 - Xenon-kuningas","isPartOf":{"@id":"https:\/\/xenonkungen.com\/#website"},"primaryImageOfPage":{"@id":"https:\/\/xenonkungen.com\/produkt\/luxtar-lever-nut-wire-connector-4-port-lxpct-214\/#primaryimage"},"image":{"@id":"https:\/\/xenonkungen.com\/produkt\/luxtar-lever-nut-wire-connector-4-port-lxpct-214\/#primaryimage"},"thumbnailUrl":"https:\/\/xenonkungen.com\/wp-content\/uploads\/2025\/09\/CjV28d_w.png","datePublished":"2025-09-18T09:59:34+00:00","dateModified":"2026-03-04T15:34:11+00:00","breadcrumb":{"@id":"https:\/\/xenonkungen.com\/produkt\/luxtar-lever-nut-wire-connector-4-port-lxpct-214\/#breadcrumb"},"inLanguage":"fi","potentialAction":[{"@type":"ReadAction","target":["https:\/\/xenonkungen.com\/produkt\/luxtar-lever-nut-wire-connector-4-port-lxpct-214\/"]}]},{"@type":"ImageObject","inLanguage":"fi","@id":"https:\/\/xenonkungen.com\/produkt\/luxtar-lever-nut-wire-connector-4-port-lxpct-214\/#primaryimage","url":"https:\/\/xenonkungen.com\/wp-content\/uploads\/2025\/09\/CjV28d_w.png","contentUrl":"https:\/\/xenonkungen.com\/wp-content\/uploads\/2025\/09\/CjV28d_w.png","width":1024,"height":1024},{"@type":"BreadcrumbList","@id":"https:\/\/xenonkungen.com\/produkt\/luxtar-lever-nut-wire-connector-4-port-lxpct-214\/#breadcrumb","itemListElement":[{"@type":"ListItem","position":1,"name":"Hem","item":"https:\/\/xenonkungen.com\/"},{"@type":"ListItem","position":2,"name":"Shop","item":"https:\/\/xenonkungen.com\/shop\/"},{"@type":"ListItem","position":3,"name":"Luxtar Lever Nut Wire Connector | 4 Port | LXPCT-214"}]},{"@type":"WebSite","@id":"https:\/\/xenonkungen.com\/#website","url":"https:\/\/xenonkungen.com\/","name":"Xenonkungen","description":"","potentialAction":[{"@type":"SearchAction","target":{"@type":"EntryPoint","urlTemplate":"https:\/\/xenonkungen.com\/?s={search_term_string}"},"query-input":{"@type":"PropertyValueSpecification","valueRequired":true,"valueName":"search_term_string"}}],"inLanguage":"fi"}]}},"taxonomy_info":{"product_brand":[{"value":103,"label":"LUXTAR"}],"product_cat":[{"value":2826,"label":"LUXTAR"},{"value":2823,"label":"Luxtar - \u00d6vriga produkter"},{"value":727,"label":"Tillbeh\u00f6r"}]},"featured_image_src_large":["https:\/\/xenonkungen.com\/wp-content\/uploads\/2025\/09\/CjV28d_w.png",1024,1024,false],"author_info":[],"comment_info":0,"_links":{"self":[{"href":"https:\/\/xenonkungen.com\/fi\/wp-json\/wp\/v2\/product\/13947","targetHints":{"allow":["GET"]}}],"collection":[{"href":"https:\/\/xenonkungen.com\/fi\/wp-json\/wp\/v2\/product"}],"about":[{"href":"https:\/\/xenonkungen.com\/fi\/wp-json\/wp\/v2\/types\/product"}],"replies":[{"embeddable":true,"href":"https:\/\/xenonkungen.com\/fi\/wp-json\/wp\/v2\/comments?post=13947"}],"wp:featuredmedia":[{"embeddable":true,"href":"https:\/\/xenonkungen.com\/fi\/wp-json\/wp\/v2\/media\/13949"}],"wp:attachment":[{"href":"https:\/\/xenonkungen.com\/fi\/wp-json\/wp\/v2\/media?parent=13947"}],"wp:term":[{"taxonomy":"anvandningsomrade","embeddable":true,"href":"https:\/\/xenonkungen.com\/fi\/wp-json\/wp\/v2\/anvandningsomrade?post=13947"},{"taxonomy":"bilmarken","embeddable":true,"href":"https:\/\/xenonkungen.com\/fi\/wp-json\/wp\/v2\/bilmarken?post=13947"},{"taxonomy":"product_brand","embeddable":true,"href":"https:\/\/xenonkungen.com\/fi\/wp-json\/wp\/v2\/product_brand?post=13947"},{"taxonomy":"product_cat","embeddable":true,"href":"https:\/\/xenonkungen.com\/fi\/wp-json\/wp\/v2\/product_cat?post=13947"},{"taxonomy":"product_tag","embeddable":true,"href":"https:\/\/xenonkungen.com\/fi\/wp-json\/wp\/v2\/product_tag?post=13947"}],"curies":[{"name":"wp","href":"https:\/\/api.w.org\/{rel}","templated":true}]}}