{"id":13972,"date":"2025-09-18T12:43:11","date_gmt":"2025-09-18T12:43:11","guid":{"rendered":"https:\/\/xenonkungen.com\/?post_type=product&#038;p=13972"},"modified":"2025-12-10T14:53:19","modified_gmt":"2025-12-10T13:53:19","slug":"ledwise-recon-330-ladattava-taskulamppu","status":"publish","type":"product","link":"https:\/\/xenonkungen.com\/fi\/tuote\/ledwise-recon-330-ladattava-taskulamppu\/","title":{"rendered":"Ledwise Recon 330 taskulamppu ladattava"},"content":{"rendered":"<h3 data-start=\"77\" data-end=\"133\">Tehokas taktinen taskulamppu - suunniteltu ammattilaisille<\/h3>\n<p data-start=\"134\" data-end=\"379\">T\u00e4m\u00e4 lamppu on luotu vastaamaan korkeisiin vaatimuksiin, joita asettaa <strong data-start=\"192\" data-end=\"235\">poliisi-, turvallisuus- ja lentoasemahenkil\u00f6st\u00f6<\/strong>. Vankka <strong data-start=\"252\" data-end=\"274\">musta alumiinikotelo<\/strong> ja <strong data-start=\"279\" data-end=\"297\">IPX7-luokitus<\/strong> se on sek\u00e4 kest\u00e4v\u00e4 ett\u00e4 s\u00e4\u00e4nkest\u00e4v\u00e4 - valmis kovaan k\u00e4ytt\u00f6\u00f6n miss\u00e4 tahansa ymp\u00e4rist\u00f6ss\u00e4.<\/p>\n<p data-start=\"381\" data-end=\"630\">Kanssa <strong data-start=\"388\" data-end=\"408\">CREE XP-L HD LED<\/strong> lamppu tuottaa jopa <strong data-start=\"435\" data-end=\"448\">930 lumenia<\/strong> ja vaikuttava <strong data-start=\"468\" data-end=\"493\">kantama 430 metri\u00e4<\/strong>. Suurten painikkeiden ja ergonomisen otteen ansiosta sit\u00e4 on helppo k\u00e4ytt\u00e4\u00e4 my\u00f6s k\u00e4sineet k\u00e4dess\u00e4, mik\u00e4 on t\u00e4rke\u00e4\u00e4 tiukoissa tilanteissa.<\/p>\n<p data-start=\"632\" data-end=\"742\">Liikenteenohjaus- ja turvallisuusty\u00f6t\u00e4 varten <strong data-start=\"680\" data-end=\"704\">220 mm:n oranssi kartio<\/strong>, joka voidaan tarvittaessa koota nopeasti.<\/p>\n<p data-start=\"744\" data-end=\"966\">Valaisin on helppo ladata <strong data-start=\"770\" data-end=\"797\">12V sein\u00e4laturi (mukana)<\/strong> tai suoraan <strong data-start=\"815\" data-end=\"837\">USB akkuun<\/strong>, mik\u00e4 mahdollistaa maksimaalisen joustavuuden. Paino on <strong data-start=\"887\" data-end=\"899\">760 grammaa<\/strong> se tuntuu vakaalta k\u00e4dess\u00e4si ja antaa sinulle mielenrauhan kaikissa tilanteissa.<\/p>\n<p data-start=\"968\" data-end=\"985\"><strong data-start=\"968\" data-end=\"983\">Toiminta-aika:<\/strong><\/p>\n<ul data-start=\"986\" data-end=\"1135\">\n<li data-start=\"986\" data-end=\"1021\">\n<p data-start=\"988\" data-end=\"1021\">Korkea (930 lm): jopa 3 tuntia.<\/p>\n<\/li>\n<li data-start=\"1022\" data-end=\"1060\">\n<p data-start=\"1024\" data-end=\"1060\">Keskikokoinen (470 lm): jopa 7 tuntia.<\/p>\n<\/li>\n<li data-start=\"1061\" data-end=\"1096\">\n<p data-start=\"1063\" data-end=\"1096\">Matala (16 lm): enint\u00e4\u00e4n 16 tuntia.<\/p>\n<\/li>\n<li data-start=\"1097\" data-end=\"1135\">\n<p data-start=\"1099\" data-end=\"1135\">Stroboskooppi (930 lm): jopa 6 tuntia.<\/p>\n<\/li>\n<\/ul>\n<p><strong>Valo, johon voit luottaa - kun tilanne vaatii sit\u00e4.<\/strong><\/p>","protected":false},"excerpt":{"rendered":"<p>Kraftfull taktisk ficklampa \u2013 utvecklad f\u00f6r proffs Den h\u00e4r lampan \u00e4r skapad f\u00f6r att m\u00f6ta de h\u00f6ga kraven fr\u00e5n polis, s\u00e4kerhets- och flygplatspersonal. Med ett robust svart aluminiumhus och IPX7-klassning \u00e4r den b\u00e5de slitstark och v\u00e4dert\u00e5lig \u2013 redo f\u00f6r tuff anv\u00e4ndning i alla milj\u00f6er. Med en CREE XP-L HD LED levererar lampan upp till 930 [&hellip;]<\/p>","protected":false},"featured_media":13983,"comment_status":"open","ping_status":"closed","template":"","meta":{"_acf_changed":false,"_smort_price_nok":"2937","_smort_price_dkk":"1866","_smort_price_eur":"249.99","_smort_sale_price_nok":"","_smort_sale_price_dkk":"","_smort_sale_price_eur":"","smort_restorder":"","shipmondo_restorder":"","_kad_blocks_custom_css":"","_kad_blocks_head_custom_js":"","_kad_blocks_body_custom_js":"","_kad_blocks_footer_custom_js":"","smort_custom_pricelist_1":"1760","smort_custom_pricelist_2":"1540","smort_custom_pricelist_3":"1430","smort_custom_pricelist_4":"2200","smort_custom_pricelist_5":"1540"},"anvandningsomrade":[],"bilmarken":[],"product_brand":[102],"product_cat":[1320],"product_tag":[],"class_list":{"0":"post-13972","1":"product","2":"type-product","3":"status-publish","4":"has-post-thumbnail","6":"product_brand-ledwise","7":"product_cat-ficklampor","9":"first","10":"instock","11":"taxable","12":"shipping-taxable","13":"purchasable","14":"product-type-simple"},"bundled_by":[],"bundle_stock_status":"instock","bundle_stock_quantity":1,"bundle_virtual":false,"bundle_layout":"","bundle_add_to_cart_form_location":"","bundle_editable_in_cart":false,"bundle_sold_individually_context":"","bundle_item_grouping":"","bundle_min_size":"","bundle_max_size":"","bundle_price":[],"bundled_items":[],"bundle_sell_ids":[],"acf":[],"yoast_head":"<!-- This site is optimized with the Yoast SEO plugin v27.0 - https:\/\/yoast.com\/product\/yoast-seo-wordpress\/ -->\n<title>Ledwise Recon 330 Ficklampa laddbar - Xenonkungen<\/title>\n<meta name=\"robots\" content=\"index, follow, max-snippet:-1, max-image-preview:large, max-video-preview:-1\" \/>\n<link rel=\"canonical\" href=\"https:\/\/xenonkungen.com\/fi\/tuote\/ledwise-recon-330-ladattava-taskulamppu\/\" \/>\n<meta property=\"og:locale\" content=\"fi_FI\" \/>\n<meta property=\"og:type\" content=\"article\" \/>\n<meta property=\"og:title\" content=\"Ledwise Recon 330 Ficklampa laddbar - Xenonkungen\" \/>\n<meta property=\"og:description\" content=\"Kraftfull taktisk ficklampa \u2013 utvecklad f\u00f6r proffs Den h\u00e4r lampan \u00e4r skapad f\u00f6r att m\u00f6ta de h\u00f6ga kraven fr\u00e5n polis, s\u00e4kerhets- och flygplatspersonal. Med ett robust svart aluminiumhus och IPX7-klassning \u00e4r den b\u00e5de slitstark och v\u00e4dert\u00e5lig \u2013 redo f\u00f6r tuff anv\u00e4ndning i alla milj\u00f6er. Med en CREE XP-L HD LED levererar lampan upp till 930 [&hellip;]\" \/>\n<meta property=\"og:url\" content=\"https:\/\/xenonkungen.com\/fi\/tuote\/ledwise-recon-330-ladattava-taskulamppu\/\" \/>\n<meta property=\"og:site_name\" content=\"Xenonkungen\" \/>\n<meta property=\"article:modified_time\" content=\"2025-12-10T13:53:19+00:00\" \/>\n<meta property=\"og:image\" content=\"https:\/\/xenonkungen.com\/wp-content\/uploads\/2025\/09\/JOC_1855256_187614609.jpg\" \/>\n\t<meta property=\"og:image:width\" content=\"400\" \/>\n\t<meta property=\"og:image:height\" content=\"300\" \/>\n\t<meta property=\"og:image:type\" content=\"image\/jpeg\" \/>\n<meta name=\"twitter:card\" content=\"summary_large_image\" \/>\n<meta name=\"twitter:label1\" content=\"Arvioitu lukuaika\" \/>\n\t<meta name=\"twitter:data1\" content=\"2 minuuttia\" \/>\n<script type=\"application\/ld+json\" class=\"yoast-schema-graph\">{\"@context\":\"https:\/\/schema.org\",\"@graph\":[{\"@type\":\"WebPage\",\"@id\":\"https:\/\/xenonkungen.com\/produkt\/ledwise-recon-330-ficklampa-laddbar\/\",\"url\":\"https:\/\/xenonkungen.com\/produkt\/ledwise-recon-330-ficklampa-laddbar\/\",\"name\":\"Ledwise Recon 330 Ficklampa laddbar - Xenonkungen\",\"isPartOf\":{\"@id\":\"https:\/\/xenonkungen.com\/#website\"},\"primaryImageOfPage\":{\"@id\":\"https:\/\/xenonkungen.com\/produkt\/ledwise-recon-330-ficklampa-laddbar\/#primaryimage\"},\"image\":{\"@id\":\"https:\/\/xenonkungen.com\/produkt\/ledwise-recon-330-ficklampa-laddbar\/#primaryimage\"},\"thumbnailUrl\":\"https:\/\/xenonkungen.com\/wp-content\/uploads\/2025\/09\/JOC_1855256_187614609.jpg\",\"datePublished\":\"2025-09-18T12:43:11+00:00\",\"dateModified\":\"2025-12-10T13:53:19+00:00\",\"breadcrumb\":{\"@id\":\"https:\/\/xenonkungen.com\/produkt\/ledwise-recon-330-ficklampa-laddbar\/#breadcrumb\"},\"inLanguage\":\"fi\",\"potentialAction\":[{\"@type\":\"ReadAction\",\"target\":[\"https:\/\/xenonkungen.com\/produkt\/ledwise-recon-330-ficklampa-laddbar\/\"]}]},{\"@type\":\"ImageObject\",\"inLanguage\":\"fi\",\"@id\":\"https:\/\/xenonkungen.com\/produkt\/ledwise-recon-330-ficklampa-laddbar\/#primaryimage\",\"url\":\"https:\/\/xenonkungen.com\/wp-content\/uploads\/2025\/09\/JOC_1855256_187614609.jpg\",\"contentUrl\":\"https:\/\/xenonkungen.com\/wp-content\/uploads\/2025\/09\/JOC_1855256_187614609.jpg\",\"width\":400,\"height\":300},{\"@type\":\"BreadcrumbList\",\"@id\":\"https:\/\/xenonkungen.com\/produkt\/ledwise-recon-330-ficklampa-laddbar\/#breadcrumb\",\"itemListElement\":[{\"@type\":\"ListItem\",\"position\":1,\"name\":\"Hem\",\"item\":\"https:\/\/xenonkungen.com\/\"},{\"@type\":\"ListItem\",\"position\":2,\"name\":\"Shop\",\"item\":\"https:\/\/xenonkungen.com\/shop\/\"},{\"@type\":\"ListItem\",\"position\":3,\"name\":\"Ledwise Recon 330 Ficklampa laddbar\"}]},{\"@type\":\"WebSite\",\"@id\":\"https:\/\/xenonkungen.com\/#website\",\"url\":\"https:\/\/xenonkungen.com\/\",\"name\":\"Xenonkungen\",\"description\":\"\",\"potentialAction\":[{\"@type\":\"SearchAction\",\"target\":{\"@type\":\"EntryPoint\",\"urlTemplate\":\"https:\/\/xenonkungen.com\/?s={search_term_string}\"},\"query-input\":{\"@type\":\"PropertyValueSpecification\",\"valueRequired\":true,\"valueName\":\"search_term_string\"}}],\"inLanguage\":\"fi\"}]}<\/script>\n<!-- \/ Yoast SEO plugin. -->","yoast_head_json":{"title":"Ledwise Recon 330 Ladattava Taskulamppu - Xenonkungen","robots":{"index":"index","follow":"follow","max-snippet":"max-snippet:-1","max-image-preview":"max-image-preview:large","max-video-preview":"max-video-preview:-1"},"canonical":"https:\/\/xenonkungen.com\/fi\/tuote\/ledwise-recon-330-ladattava-taskulamppu\/","og_locale":"fi_FI","og_type":"article","og_title":"Ledwise Recon 330 Ficklampa laddbar - Xenonkungen","og_description":"Kraftfull taktisk ficklampa \u2013 utvecklad f\u00f6r proffs Den h\u00e4r lampan \u00e4r skapad f\u00f6r att m\u00f6ta de h\u00f6ga kraven fr\u00e5n polis, s\u00e4kerhets- och flygplatspersonal. Med ett robust svart aluminiumhus och IPX7-klassning \u00e4r den b\u00e5de slitstark och v\u00e4dert\u00e5lig \u2013 redo f\u00f6r tuff anv\u00e4ndning i alla milj\u00f6er. Med en CREE XP-L HD LED levererar lampan upp till 930 [&hellip;]","og_url":"https:\/\/xenonkungen.com\/fi\/tuote\/ledwise-recon-330-ladattava-taskulamppu\/","og_site_name":"Xenonkungen","article_modified_time":"2025-12-10T13:53:19+00:00","og_image":[{"width":400,"height":300,"url":"https:\/\/xenonkungen.com\/wp-content\/uploads\/2025\/09\/JOC_1855256_187614609.jpg","type":"image\/jpeg"}],"twitter_card":"summary_large_image","twitter_misc":{"Arvioitu lukuaika":"2 minuuttia"},"schema":{"@context":"https:\/\/schema.org","@graph":[{"@type":"WebPage","@id":"https:\/\/xenonkungen.com\/produkt\/ledwise-recon-330-ficklampa-laddbar\/","url":"https:\/\/xenonkungen.com\/produkt\/ledwise-recon-330-ficklampa-laddbar\/","name":"Ledwise Recon 330 Ladattava Taskulamppu - Xenonkungen","isPartOf":{"@id":"https:\/\/xenonkungen.com\/#website"},"primaryImageOfPage":{"@id":"https:\/\/xenonkungen.com\/produkt\/ledwise-recon-330-ficklampa-laddbar\/#primaryimage"},"image":{"@id":"https:\/\/xenonkungen.com\/produkt\/ledwise-recon-330-ficklampa-laddbar\/#primaryimage"},"thumbnailUrl":"https:\/\/xenonkungen.com\/wp-content\/uploads\/2025\/09\/JOC_1855256_187614609.jpg","datePublished":"2025-09-18T12:43:11+00:00","dateModified":"2025-12-10T13:53:19+00:00","breadcrumb":{"@id":"https:\/\/xenonkungen.com\/produkt\/ledwise-recon-330-ficklampa-laddbar\/#breadcrumb"},"inLanguage":"fi","potentialAction":[{"@type":"ReadAction","target":["https:\/\/xenonkungen.com\/produkt\/ledwise-recon-330-ficklampa-laddbar\/"]}]},{"@type":"ImageObject","inLanguage":"fi","@id":"https:\/\/xenonkungen.com\/produkt\/ledwise-recon-330-ficklampa-laddbar\/#primaryimage","url":"https:\/\/xenonkungen.com\/wp-content\/uploads\/2025\/09\/JOC_1855256_187614609.jpg","contentUrl":"https:\/\/xenonkungen.com\/wp-content\/uploads\/2025\/09\/JOC_1855256_187614609.jpg","width":400,"height":300},{"@type":"BreadcrumbList","@id":"https:\/\/xenonkungen.com\/produkt\/ledwise-recon-330-ficklampa-laddbar\/#breadcrumb","itemListElement":[{"@type":"ListItem","position":1,"name":"Hem","item":"https:\/\/xenonkungen.com\/"},{"@type":"ListItem","position":2,"name":"Shop","item":"https:\/\/xenonkungen.com\/shop\/"},{"@type":"ListItem","position":3,"name":"Ledwise Recon 330 Ficklampa laddbar"}]},{"@type":"WebSite","@id":"https:\/\/xenonkungen.com\/#website","url":"https:\/\/xenonkungen.com\/","name":"Xenonkungen","description":"","potentialAction":[{"@type":"SearchAction","target":{"@type":"EntryPoint","urlTemplate":"https:\/\/xenonkungen.com\/?s={search_term_string}"},"query-input":{"@type":"PropertyValueSpecification","valueRequired":true,"valueName":"search_term_string"}}],"inLanguage":"fi"}]}},"taxonomy_info":{"product_brand":[{"value":102,"label":"LEDWISE"}],"product_cat":[{"value":1320,"label":"Ficklampor"}]},"featured_image_src_large":["https:\/\/xenonkungen.com\/wp-content\/uploads\/2025\/09\/JOC_1855256_187614609.jpg",400,300,false],"author_info":[],"comment_info":0,"_links":{"self":[{"href":"https:\/\/xenonkungen.com\/fi\/wp-json\/wp\/v2\/product\/13972","targetHints":{"allow":["GET"]}}],"collection":[{"href":"https:\/\/xenonkungen.com\/fi\/wp-json\/wp\/v2\/product"}],"about":[{"href":"https:\/\/xenonkungen.com\/fi\/wp-json\/wp\/v2\/types\/product"}],"replies":[{"embeddable":true,"href":"https:\/\/xenonkungen.com\/fi\/wp-json\/wp\/v2\/comments?post=13972"}],"wp:featuredmedia":[{"embeddable":true,"href":"https:\/\/xenonkungen.com\/fi\/wp-json\/wp\/v2\/media\/13983"}],"wp:attachment":[{"href":"https:\/\/xenonkungen.com\/fi\/wp-json\/wp\/v2\/media?parent=13972"}],"wp:term":[{"taxonomy":"anvandningsomrade","embeddable":true,"href":"https:\/\/xenonkungen.com\/fi\/wp-json\/wp\/v2\/anvandningsomrade?post=13972"},{"taxonomy":"bilmarken","embeddable":true,"href":"https:\/\/xenonkungen.com\/fi\/wp-json\/wp\/v2\/bilmarken?post=13972"},{"taxonomy":"product_brand","embeddable":true,"href":"https:\/\/xenonkungen.com\/fi\/wp-json\/wp\/v2\/product_brand?post=13972"},{"taxonomy":"product_cat","embeddable":true,"href":"https:\/\/xenonkungen.com\/fi\/wp-json\/wp\/v2\/product_cat?post=13972"},{"taxonomy":"product_tag","embeddable":true,"href":"https:\/\/xenonkungen.com\/fi\/wp-json\/wp\/v2\/product_tag?post=13972"}],"curies":[{"name":"wp","href":"https:\/\/api.w.org\/{rel}","templated":true}]}}