{"id":14038,"date":"2025-09-19T13:08:23","date_gmt":"2025-09-19T13:08:23","guid":{"rendered":"https:\/\/xenonkungen.com\/?post_type=product&#038;p=14038"},"modified":"2026-04-24T16:52:02","modified_gmt":"2026-04-24T15:52:02","slug":"microrela-4-nastainen-sulkeutuva-diodi","status":"publish","type":"product","link":"https:\/\/xenonkungen.com\/fi\/tuote\/microrela-4-nastainen-sulkeutuva-diodi\/","title":{"rendered":"Mikrorele, 4-nastainen sulkeutuva diodilla"},"content":{"rendered":"<div class=\"s t wc hc\">\n<p data-start=\"65\" data-end=\"422\"><strong data-start=\"65\" data-end=\"118\">Sulkeutuva mikrorele \u2013 4-napainen diodilla, ilman kiinnikett\u00e4<\/strong><br data-start=\"118\" data-end=\"121\" \/>L\u00f6yd\u00e4 luotettava ja korkealaatuinen mikrorele <strong data-start=\"174\" data-end=\"189\">Maltan ansiot<\/strong>, t\u00e4ydellinen sovelluksiin, joissa luotettavuus ja pitk\u00e4 k\u00e4ytt\u00f6ik\u00e4 ovat ratkaisevan t\u00e4rkeit\u00e4. Kompaktin rakenteen, nelj\u00e4n nastan ja sis\u00e4\u00e4nrakennetun diodin ansiosta saat vakaan ratkaisun, joka suojaa j\u00e4nnitepiikeilt\u00e4 ja edist\u00e4\u00e4 turvallista ja tehokasta asennusta.<\/p>\n<ul data-start=\"424\" data-end=\"575\">\n<li data-start=\"424\" data-end=\"448\">\n<p data-start=\"426\" data-end=\"448\">Korkea luotettavuus<\/p>\n<\/li>\n<li data-start=\"449\" data-end=\"473\">\n<p data-start=\"451\" data-end=\"473\">Kompakti muotoilu<\/p>\n<\/li>\n<li data-start=\"474\" data-end=\"513\">\n<p data-start=\"476\" data-end=\"513\">Sis\u00e4\u00e4nrakennettu diodi ylij\u00e4nnitesuojaukseen<\/p>\n<\/li>\n<li data-start=\"514\" data-end=\"575\">\n<p data-start=\"516\" data-end=\"575\">Valmistaja Merit Malta \u2013 tunnettu laatumerkki<\/p>\n<\/li>\n<\/ul>\n<p data-start=\"577\" data-end=\"678\">Erinomainen valinta niille, jotka tarvitsevat kest\u00e4v\u00e4n releen teollisiin tai teknisiin sovelluksiin.<\/p>\n<\/div>","protected":false},"excerpt":{"rendered":"<p>Slutande mikrorel\u00e4 \u2013 4-stift med diod, utan f\u00e4steUppt\u00e4ck ett p\u00e5litligt mikrorel\u00e4 av h\u00f6g kvalitet fr\u00e5n Merit Malta, perfekt f\u00f6r applikationer d\u00e4r drifts\u00e4kerhet och l\u00e5ng livsl\u00e4ngd \u00e4r avg\u00f6rande. Med kompakt design, 4 stift och inbyggd diod f\u00e5r du en stabil l\u00f6sning som skyddar mot \u00f6versp\u00e4nningar och bidrar till en s\u00e4ker och effektiv installation. H\u00f6g tillf\u00f6rlitlighet Kompakt [&hellip;]<\/p>","protected":false},"featured_media":14035,"comment_status":"open","ping_status":"closed","template":"","meta":{"_acf_changed":false,"_smort_price_nok":"56","_smort_price_dkk":"35","_smort_price_eur":"4.73","_smort_sale_price_nok":"","_smort_sale_price_dkk":"","_smort_sale_price_eur":"","smort_restorder":"","shipmondo_restorder":"","_kad_blocks_custom_css":"","_kad_blocks_head_custom_js":"","_kad_blocks_body_custom_js":"","_kad_blocks_footer_custom_js":"","smort_custom_pricelist_1":"33.28","smort_custom_pricelist_2":"33.28","smort_custom_pricelist_3":"33.28","smort_custom_pricelist_4":"41.6","smort_custom_pricelist_5":"33.28"},"anvandningsomrade":[],"bilmarken":[],"product_brand":[],"product_cat":[2468,727],"product_tag":[2788],"class_list":{"0":"post-14038","1":"product","2":"type-product","3":"status-publish","4":"has-post-thumbnail","6":"product_cat-rela","7":"product_cat-tillbehor","8":"product_tag-black-week-exclude","10":"first","11":"onbackorder","12":"taxable","13":"shipping-taxable","14":"purchasable","15":"product-type-simple"},"bundled_by":[],"bundle_stock_status":"onbackorder","bundle_stock_quantity":0,"bundle_virtual":false,"bundle_layout":"","bundle_add_to_cart_form_location":"","bundle_editable_in_cart":false,"bundle_sold_individually_context":"","bundle_item_grouping":"","bundle_min_size":"","bundle_max_size":"","bundle_price":[],"bundled_items":[],"bundle_sell_ids":[],"acf":[],"yoast_head":"<!-- This site is optimized with the Yoast SEO plugin v27.0 - https:\/\/yoast.com\/product\/yoast-seo-wordpress\/ -->\n<title>Microrel\u00e4 4-stift slutande med diod - Xenonkungen<\/title>\n<meta name=\"robots\" content=\"index, follow, max-snippet:-1, max-image-preview:large, max-video-preview:-1\" \/>\n<link rel=\"canonical\" href=\"https:\/\/xenonkungen.com\/fi\/tuote\/microrela-4-nastainen-sulkeutuva-diodi\/\" \/>\n<meta property=\"og:locale\" content=\"fi_FI\" \/>\n<meta property=\"og:type\" content=\"article\" \/>\n<meta property=\"og:title\" content=\"Microrel\u00e4 4-stift slutande med diod - Xenonkungen\" \/>\n<meta property=\"og:description\" content=\"Slutande mikrorel\u00e4 \u2013 4-stift med diod, utan f\u00e4steUppt\u00e4ck ett p\u00e5litligt mikrorel\u00e4 av h\u00f6g kvalitet fr\u00e5n Merit Malta, perfekt f\u00f6r applikationer d\u00e4r drifts\u00e4kerhet och l\u00e5ng livsl\u00e4ngd \u00e4r avg\u00f6rande. Med kompakt design, 4 stift och inbyggd diod f\u00e5r du en stabil l\u00f6sning som skyddar mot \u00f6versp\u00e4nningar och bidrar till en s\u00e4ker och effektiv installation. H\u00f6g tillf\u00f6rlitlighet Kompakt [&hellip;]\" \/>\n<meta property=\"og:url\" content=\"https:\/\/xenonkungen.com\/fi\/tuote\/microrela-4-nastainen-sulkeutuva-diodi\/\" \/>\n<meta property=\"og:site_name\" content=\"Xenonkungen\" \/>\n<meta property=\"article:modified_time\" content=\"2026-04-24T15:52:02+00:00\" \/>\n<meta property=\"og:image\" content=\"https:\/\/xenonkungen.com\/wp-content\/uploads\/2025\/09\/21858722244.png\" \/>\n\t<meta property=\"og:image:width\" content=\"1034\" \/>\n\t<meta property=\"og:image:height\" content=\"776\" \/>\n\t<meta property=\"og:image:type\" content=\"image\/png\" \/>\n<meta name=\"twitter:card\" content=\"summary_large_image\" \/>\n<meta name=\"twitter:label1\" content=\"Arvioitu lukuaika\" \/>\n\t<meta name=\"twitter:data1\" content=\"1 minuutti\" \/>\n<script type=\"application\/ld+json\" class=\"yoast-schema-graph\">{\"@context\":\"https:\/\/schema.org\",\"@graph\":[{\"@type\":\"WebPage\",\"@id\":\"https:\/\/xenonkungen.com\/en\/product\/microrela-4-pins-closing-with-diode\/\",\"url\":\"https:\/\/xenonkungen.com\/en\/product\/microrela-4-pins-closing-with-diode\/\",\"name\":\"Microrel\u00e4 4-stift slutande med diod - Xenonkungen\",\"isPartOf\":{\"@id\":\"https:\/\/xenonkungen.com\/#website\"},\"primaryImageOfPage\":{\"@id\":\"https:\/\/xenonkungen.com\/en\/product\/microrela-4-pins-closing-with-diode\/#primaryimage\"},\"image\":{\"@id\":\"https:\/\/xenonkungen.com\/en\/product\/microrela-4-pins-closing-with-diode\/#primaryimage\"},\"thumbnailUrl\":\"https:\/\/xenonkungen.com\/wp-content\/uploads\/2025\/09\/21858722244.png\",\"datePublished\":\"2025-09-19T13:08:23+00:00\",\"dateModified\":\"2026-04-24T15:52:02+00:00\",\"breadcrumb\":{\"@id\":\"https:\/\/xenonkungen.com\/en\/product\/microrela-4-pins-closing-with-diode\/#breadcrumb\"},\"inLanguage\":\"fi\",\"potentialAction\":[{\"@type\":\"ReadAction\",\"target\":[\"https:\/\/xenonkungen.com\/en\/product\/microrela-4-pins-closing-with-diode\/\"]}]},{\"@type\":\"ImageObject\",\"inLanguage\":\"fi\",\"@id\":\"https:\/\/xenonkungen.com\/en\/product\/microrela-4-pins-closing-with-diode\/#primaryimage\",\"url\":\"https:\/\/xenonkungen.com\/wp-content\/uploads\/2025\/09\/21858722244.png\",\"contentUrl\":\"https:\/\/xenonkungen.com\/wp-content\/uploads\/2025\/09\/21858722244.png\",\"width\":1034,\"height\":776},{\"@type\":\"BreadcrumbList\",\"@id\":\"https:\/\/xenonkungen.com\/en\/product\/microrela-4-pins-closing-with-diode\/#breadcrumb\",\"itemListElement\":[{\"@type\":\"ListItem\",\"position\":1,\"name\":\"Hem\",\"item\":\"https:\/\/xenonkungen.com\/\"},{\"@type\":\"ListItem\",\"position\":2,\"name\":\"Shop\",\"item\":\"https:\/\/xenonkungen.com\/shop\/\"},{\"@type\":\"ListItem\",\"position\":3,\"name\":\"Microrel\u00e4 4-stift slutande med diod\"}]},{\"@type\":\"WebSite\",\"@id\":\"https:\/\/xenonkungen.com\/#website\",\"url\":\"https:\/\/xenonkungen.com\/\",\"name\":\"Xenonkungen\",\"description\":\"\",\"potentialAction\":[{\"@type\":\"SearchAction\",\"target\":{\"@type\":\"EntryPoint\",\"urlTemplate\":\"https:\/\/xenonkungen.com\/?s={search_term_string}\"},\"query-input\":{\"@type\":\"PropertyValueSpecification\",\"valueRequired\":true,\"valueName\":\"search_term_string\"}}],\"inLanguage\":\"fi\"}]}<\/script>\n<!-- \/ Yoast SEO plugin. -->","yoast_head_json":{"title":"Mikrorele 4-nastainen sulkeutuva diodilla - Xenonkungen","robots":{"index":"index","follow":"follow","max-snippet":"max-snippet:-1","max-image-preview":"max-image-preview:large","max-video-preview":"max-video-preview:-1"},"canonical":"https:\/\/xenonkungen.com\/fi\/tuote\/microrela-4-nastainen-sulkeutuva-diodi\/","og_locale":"fi_FI","og_type":"article","og_title":"Microrel\u00e4 4-stift slutande med diod - Xenonkungen","og_description":"Slutande mikrorel\u00e4 \u2013 4-stift med diod, utan f\u00e4steUppt\u00e4ck ett p\u00e5litligt mikrorel\u00e4 av h\u00f6g kvalitet fr\u00e5n Merit Malta, perfekt f\u00f6r applikationer d\u00e4r drifts\u00e4kerhet och l\u00e5ng livsl\u00e4ngd \u00e4r avg\u00f6rande. Med kompakt design, 4 stift och inbyggd diod f\u00e5r du en stabil l\u00f6sning som skyddar mot \u00f6versp\u00e4nningar och bidrar till en s\u00e4ker och effektiv installation. H\u00f6g tillf\u00f6rlitlighet Kompakt [&hellip;]","og_url":"https:\/\/xenonkungen.com\/fi\/tuote\/microrela-4-nastainen-sulkeutuva-diodi\/","og_site_name":"Xenonkungen","article_modified_time":"2026-04-24T15:52:02+00:00","og_image":[{"width":1034,"height":776,"url":"https:\/\/xenonkungen.com\/wp-content\/uploads\/2025\/09\/21858722244.png","type":"image\/png"}],"twitter_card":"summary_large_image","twitter_misc":{"Arvioitu lukuaika":"1 minuutti"},"schema":{"@context":"https:\/\/schema.org","@graph":[{"@type":"WebPage","@id":"https:\/\/xenonkungen.com\/en\/product\/microrela-4-pins-closing-with-diode\/","url":"https:\/\/xenonkungen.com\/en\/product\/microrela-4-pins-closing-with-diode\/","name":"Mikrorele 4-nastainen sulkeutuva diodilla - Xenonkungen","isPartOf":{"@id":"https:\/\/xenonkungen.com\/#website"},"primaryImageOfPage":{"@id":"https:\/\/xenonkungen.com\/en\/product\/microrela-4-pins-closing-with-diode\/#primaryimage"},"image":{"@id":"https:\/\/xenonkungen.com\/en\/product\/microrela-4-pins-closing-with-diode\/#primaryimage"},"thumbnailUrl":"https:\/\/xenonkungen.com\/wp-content\/uploads\/2025\/09\/21858722244.png","datePublished":"2025-09-19T13:08:23+00:00","dateModified":"2026-04-24T15:52:02+00:00","breadcrumb":{"@id":"https:\/\/xenonkungen.com\/en\/product\/microrela-4-pins-closing-with-diode\/#breadcrumb"},"inLanguage":"fi","potentialAction":[{"@type":"ReadAction","target":["https:\/\/xenonkungen.com\/en\/product\/microrela-4-pins-closing-with-diode\/"]}]},{"@type":"ImageObject","inLanguage":"fi","@id":"https:\/\/xenonkungen.com\/en\/product\/microrela-4-pins-closing-with-diode\/#primaryimage","url":"https:\/\/xenonkungen.com\/wp-content\/uploads\/2025\/09\/21858722244.png","contentUrl":"https:\/\/xenonkungen.com\/wp-content\/uploads\/2025\/09\/21858722244.png","width":1034,"height":776},{"@type":"BreadcrumbList","@id":"https:\/\/xenonkungen.com\/en\/product\/microrela-4-pins-closing-with-diode\/#breadcrumb","itemListElement":[{"@type":"ListItem","position":1,"name":"Hem","item":"https:\/\/xenonkungen.com\/"},{"@type":"ListItem","position":2,"name":"Shop","item":"https:\/\/xenonkungen.com\/shop\/"},{"@type":"ListItem","position":3,"name":"Microrel\u00e4 4-stift slutande med diod"}]},{"@type":"WebSite","@id":"https:\/\/xenonkungen.com\/#website","url":"https:\/\/xenonkungen.com\/","name":"Xenonkungen","description":"","potentialAction":[{"@type":"SearchAction","target":{"@type":"EntryPoint","urlTemplate":"https:\/\/xenonkungen.com\/?s={search_term_string}"},"query-input":{"@type":"PropertyValueSpecification","valueRequired":true,"valueName":"search_term_string"}}],"inLanguage":"fi"}]}},"taxonomy_info":{"product_cat":[{"value":2468,"label":"Rel\u00e4"},{"value":727,"label":"Tillbeh\u00f6r"}],"product_tag":[{"value":2788,"label":"black-week-exclude"}]},"featured_image_src_large":["https:\/\/xenonkungen.com\/wp-content\/uploads\/2025\/09\/21858722244-1024x768.png",1024,768,true],"author_info":[],"comment_info":0,"_links":{"self":[{"href":"https:\/\/xenonkungen.com\/fi\/wp-json\/wp\/v2\/product\/14038","targetHints":{"allow":["GET"]}}],"collection":[{"href":"https:\/\/xenonkungen.com\/fi\/wp-json\/wp\/v2\/product"}],"about":[{"href":"https:\/\/xenonkungen.com\/fi\/wp-json\/wp\/v2\/types\/product"}],"replies":[{"embeddable":true,"href":"https:\/\/xenonkungen.com\/fi\/wp-json\/wp\/v2\/comments?post=14038"}],"wp:featuredmedia":[{"embeddable":true,"href":"https:\/\/xenonkungen.com\/fi\/wp-json\/wp\/v2\/media\/14035"}],"wp:attachment":[{"href":"https:\/\/xenonkungen.com\/fi\/wp-json\/wp\/v2\/media?parent=14038"}],"wp:term":[{"taxonomy":"anvandningsomrade","embeddable":true,"href":"https:\/\/xenonkungen.com\/fi\/wp-json\/wp\/v2\/anvandningsomrade?post=14038"},{"taxonomy":"bilmarken","embeddable":true,"href":"https:\/\/xenonkungen.com\/fi\/wp-json\/wp\/v2\/bilmarken?post=14038"},{"taxonomy":"product_brand","embeddable":true,"href":"https:\/\/xenonkungen.com\/fi\/wp-json\/wp\/v2\/product_brand?post=14038"},{"taxonomy":"product_cat","embeddable":true,"href":"https:\/\/xenonkungen.com\/fi\/wp-json\/wp\/v2\/product_cat?post=14038"},{"taxonomy":"product_tag","embeddable":true,"href":"https:\/\/xenonkungen.com\/fi\/wp-json\/wp\/v2\/product_tag?post=14038"}],"curies":[{"name":"wp","href":"https:\/\/api.w.org\/{rel}","templated":true}]}}