{"id":1438,"date":"2025-04-15T08:04:00","date_gmt":"2025-04-15T08:04:00","guid":{"rendered":"https:\/\/xenonkungen.com\/product\/flc-decoder-universal\/"},"modified":"2026-04-21T16:02:28","modified_gmt":"2026-04-21T15:02:28","slug":"flc-dekooderi-yleismalli","status":"publish","type":"product","link":"https:\/\/xenonkungen.com\/fi\/tuote\/flc-dekooderi-yleismalli\/","title":{"rendered":"FLC-dekooderi Universal"},"content":{"rendered":"<h1>False Loading Canceller<\/h1>\n<p>Markkinoiden paras vaihtoehto toiminnallisten ongelmien ratkaisemiseksi ksenon-muunnoksen tai LED-sumuvalojen muuntamisen j\u00e4lkeen.<\/p>\n<p>T\u00e4m\u00e4 on kaikkien vastusten joukossa &quot;Herkules&quot;, emmek\u00e4 ole koskaan kohdanneet mahdotonta tapausta (olemme myyneet sit\u00e4 vuodesta 2008). Ainoa poikkeus: <strong>Saab<\/strong> ja <strong>Volvo V70 D5<\/strong><\/p>\n<p>Toinen suuri etu on se, ett\u00e4 et ole vaarassa polttaa autoa (on todella tapahtunut!), koska tavalliset suuritehoiset vastukset kuumenevat todella kuumiksi. FLC l\u00e4mpenee parhaimmillaan haaleaksi.<br \/>FLC = False Loading Canceller.<\/p>\n<p>Suunnittelu Universal yhdist\u00e4\u00e4 liit\u00e4nt\u00e4laitteen ja heikkovirtaisen kaapelin 12 V:n j\u00e4nnitteeseen.<\/p>\n<p>LED-sumuvalon valaisimiin on saatavana valmiit kontaktiliit\u00e4nn\u00e4t lampun ja virtapistokkeen v\u00e4lille lampun kantaan H7, H8, H9, H10, H11, 9005 ja 9006.<br \/>Katso my\u00f6s vastaava artikkeli.<\/p>\n<p>\u2013 Muissa lampunjaloissa ja sovelluksissa voidaan k\u00e4ytt\u00e4\u00e4 yleisversiota ja kytke\u00e4 se rinnan, esimerkiksi lampun virtajohdotuksen virtavarkaiden avulla.<\/p>\n<p>(+) = valkoinen kaapeli<br \/>(-) = musta kaapeli<\/p>\n<p>Vain <strong>12V DC<\/strong> (9-16V)<br \/>Sarja 2 kpl.<\/p>","protected":false},"excerpt":{"rendered":"<p>False Loading Canceller Marknadens b\u00e4sta alternativ f\u00f6r att l\u00f6sa funktionsproblem efter xenon konvertering eller LED dimljuslampor. Detta \u00e4r &#8221;Herkules&#8221; bland alla motst\u00e5nd och vi har aldrig st\u00f6tt p\u00e5 ett om\u00f6jligt fall (s\u00e5ld av oss sedan 2008). Enda undantag: Saab och Volvo V70 D5 En annan stark f\u00f6rdel \u00e4r att du inte riskerar att br\u00e4nna ner [&hellip;]<\/p>","protected":false},"featured_media":1439,"comment_status":"closed","ping_status":"open","template":"","meta":{"_acf_changed":false,"_smort_price_nok":"262","_smort_price_dkk":"166","_smort_price_eur":"22.27","_smort_sale_price_nok":"","_smort_sale_price_dkk":"","_smort_sale_price_eur":"","smort_restorder":"","shipmondo_restorder":"","_kad_blocks_custom_css":"","_kad_blocks_head_custom_js":"","_kad_blocks_body_custom_js":"","_kad_blocks_footer_custom_js":"","smort_custom_pricelist_1":"156.8","smort_custom_pricelist_2":"137.2","smort_custom_pricelist_3":"130.34","smort_custom_pricelist_4":"196","smort_custom_pricelist_5":"137.2"},"anvandningsomrade":[],"bilmarken":[],"product_brand":[2793],"product_cat":[2487,390],"product_tag":[],"class_list":{"0":"post-1438","1":"product","2":"type-product","3":"status-publish","4":"has-post-thumbnail","6":"product_brand-ovrigt","7":"product_cat-canbus-installation","8":"product_cat-installation","9":"pa_lampsockel-kontakt-open-wire","10":"pa_volt-v-multivolt-9-12-16","12":"first","13":"instock","14":"taxable","15":"shipping-taxable","16":"purchasable","17":"product-type-simple"},"bundled_by":[],"bundle_stock_status":"instock","bundle_stock_quantity":86,"bundle_virtual":false,"bundle_layout":"","bundle_add_to_cart_form_location":"","bundle_editable_in_cart":false,"bundle_sold_individually_context":"","bundle_item_grouping":"","bundle_min_size":"","bundle_max_size":"","bundle_price":[],"bundled_items":[],"bundle_sell_ids":[],"acf":[],"yoast_head":"<!-- This site is optimized with the Yoast SEO plugin v27.0 - https:\/\/yoast.com\/product\/yoast-seo-wordpress\/ -->\n<title>FLC Decoder Universal - Xenonkungen<\/title>\n<meta name=\"robots\" content=\"index, follow, max-snippet:-1, max-image-preview:large, max-video-preview:-1\" \/>\n<link rel=\"canonical\" href=\"https:\/\/xenonkungen.com\/fi\/tuote\/flc-dekooderi-yleismalli\/\" \/>\n<meta property=\"og:locale\" content=\"fi_FI\" \/>\n<meta property=\"og:type\" content=\"article\" \/>\n<meta property=\"og:title\" content=\"FLC Decoder Universal - Xenonkungen\" \/>\n<meta property=\"og:description\" content=\"False Loading Canceller Marknadens b\u00e4sta alternativ f\u00f6r att l\u00f6sa funktionsproblem efter xenon konvertering eller LED dimljuslampor. Detta \u00e4r &#8221;Herkules&#8221; bland alla motst\u00e5nd och vi har aldrig st\u00f6tt p\u00e5 ett om\u00f6jligt fall (s\u00e5ld av oss sedan 2008). Enda undantag: Saab och Volvo V70 D5 En annan stark f\u00f6rdel \u00e4r att du inte riskerar att br\u00e4nna ner [&hellip;]\" \/>\n<meta property=\"og:url\" content=\"https:\/\/xenonkungen.com\/fi\/tuote\/flc-dekooderi-yleismalli\/\" \/>\n<meta property=\"og:site_name\" content=\"Xenonkungen\" \/>\n<meta property=\"article:modified_time\" content=\"2026-04-21T15:02:28+00:00\" \/>\n<meta property=\"og:image\" content=\"https:\/\/xenonkungen.com\/wp-content\/uploads\/2025\/04\/1026747-origpic-4b6838.png\" \/>\n\t<meta property=\"og:image:width\" content=\"1000\" \/>\n\t<meta property=\"og:image:height\" content=\"1000\" \/>\n\t<meta property=\"og:image:type\" content=\"image\/png\" \/>\n<meta name=\"twitter:card\" content=\"summary_large_image\" \/>\n<meta name=\"twitter:label1\" content=\"Arvioitu lukuaika\" \/>\n\t<meta name=\"twitter:data1\" content=\"1 minuutti\" \/>\n<script type=\"application\/ld+json\" class=\"yoast-schema-graph\">{\"@context\":\"https:\/\/schema.org\",\"@graph\":[{\"@type\":\"WebPage\",\"@id\":\"https:\/\/xenonkungen.com\/produkt\/flc-decoder-universal\/\",\"url\":\"https:\/\/xenonkungen.com\/produkt\/flc-decoder-universal\/\",\"name\":\"FLC Decoder Universal - Xenonkungen\",\"isPartOf\":{\"@id\":\"https:\/\/xenonkungen.com\/#website\"},\"primaryImageOfPage\":{\"@id\":\"https:\/\/xenonkungen.com\/produkt\/flc-decoder-universal\/#primaryimage\"},\"image\":{\"@id\":\"https:\/\/xenonkungen.com\/produkt\/flc-decoder-universal\/#primaryimage\"},\"thumbnailUrl\":\"https:\/\/xenonkungen.com\/wp-content\/uploads\/2025\/04\/1026747-origpic-4b6838.png\",\"datePublished\":\"2025-04-15T08:04:00+00:00\",\"dateModified\":\"2026-04-21T15:02:28+00:00\",\"breadcrumb\":{\"@id\":\"https:\/\/xenonkungen.com\/produkt\/flc-decoder-universal\/#breadcrumb\"},\"inLanguage\":\"fi\",\"potentialAction\":[{\"@type\":\"ReadAction\",\"target\":[\"https:\/\/xenonkungen.com\/produkt\/flc-decoder-universal\/\"]}]},{\"@type\":\"ImageObject\",\"inLanguage\":\"fi\",\"@id\":\"https:\/\/xenonkungen.com\/produkt\/flc-decoder-universal\/#primaryimage\",\"url\":\"https:\/\/xenonkungen.com\/wp-content\/uploads\/2025\/04\/1026747-origpic-4b6838.png\",\"contentUrl\":\"https:\/\/xenonkungen.com\/wp-content\/uploads\/2025\/04\/1026747-origpic-4b6838.png\",\"width\":1000,\"height\":1000},{\"@type\":\"BreadcrumbList\",\"@id\":\"https:\/\/xenonkungen.com\/produkt\/flc-decoder-universal\/#breadcrumb\",\"itemListElement\":[{\"@type\":\"ListItem\",\"position\":1,\"name\":\"Hem\",\"item\":\"https:\/\/xenonkungen.com\/\"},{\"@type\":\"ListItem\",\"position\":2,\"name\":\"Shop\",\"item\":\"https:\/\/xenonkungen.com\/shop\/\"},{\"@type\":\"ListItem\",\"position\":3,\"name\":\"FLC Decoder Universal\"}]},{\"@type\":\"WebSite\",\"@id\":\"https:\/\/xenonkungen.com\/#website\",\"url\":\"https:\/\/xenonkungen.com\/\",\"name\":\"Xenonkungen\",\"description\":\"\",\"potentialAction\":[{\"@type\":\"SearchAction\",\"target\":{\"@type\":\"EntryPoint\",\"urlTemplate\":\"https:\/\/xenonkungen.com\/?s={search_term_string}\"},\"query-input\":{\"@type\":\"PropertyValueSpecification\",\"valueRequired\":true,\"valueName\":\"search_term_string\"}}],\"inLanguage\":\"fi\"}]}<\/script>\n<!-- \/ Yoast SEO plugin. -->","yoast_head_json":{"title":"FLC-dekooderi Universal - Xenon-kuningas","robots":{"index":"index","follow":"follow","max-snippet":"max-snippet:-1","max-image-preview":"max-image-preview:large","max-video-preview":"max-video-preview:-1"},"canonical":"https:\/\/xenonkungen.com\/fi\/tuote\/flc-dekooderi-yleismalli\/","og_locale":"fi_FI","og_type":"article","og_title":"FLC Decoder Universal - Xenonkungen","og_description":"False Loading Canceller Marknadens b\u00e4sta alternativ f\u00f6r att l\u00f6sa funktionsproblem efter xenon konvertering eller LED dimljuslampor. Detta \u00e4r &#8221;Herkules&#8221; bland alla motst\u00e5nd och vi har aldrig st\u00f6tt p\u00e5 ett om\u00f6jligt fall (s\u00e5ld av oss sedan 2008). Enda undantag: Saab och Volvo V70 D5 En annan stark f\u00f6rdel \u00e4r att du inte riskerar att br\u00e4nna ner [&hellip;]","og_url":"https:\/\/xenonkungen.com\/fi\/tuote\/flc-dekooderi-yleismalli\/","og_site_name":"Xenonkungen","article_modified_time":"2026-04-21T15:02:28+00:00","og_image":[{"width":1000,"height":1000,"url":"https:\/\/xenonkungen.com\/wp-content\/uploads\/2025\/04\/1026747-origpic-4b6838.png","type":"image\/png"}],"twitter_card":"summary_large_image","twitter_misc":{"Arvioitu lukuaika":"1 minuutti"},"schema":{"@context":"https:\/\/schema.org","@graph":[{"@type":"WebPage","@id":"https:\/\/xenonkungen.com\/produkt\/flc-decoder-universal\/","url":"https:\/\/xenonkungen.com\/produkt\/flc-decoder-universal\/","name":"FLC-dekooderi Universal - Xenon-kuningas","isPartOf":{"@id":"https:\/\/xenonkungen.com\/#website"},"primaryImageOfPage":{"@id":"https:\/\/xenonkungen.com\/produkt\/flc-decoder-universal\/#primaryimage"},"image":{"@id":"https:\/\/xenonkungen.com\/produkt\/flc-decoder-universal\/#primaryimage"},"thumbnailUrl":"https:\/\/xenonkungen.com\/wp-content\/uploads\/2025\/04\/1026747-origpic-4b6838.png","datePublished":"2025-04-15T08:04:00+00:00","dateModified":"2026-04-21T15:02:28+00:00","breadcrumb":{"@id":"https:\/\/xenonkungen.com\/produkt\/flc-decoder-universal\/#breadcrumb"},"inLanguage":"fi","potentialAction":[{"@type":"ReadAction","target":["https:\/\/xenonkungen.com\/produkt\/flc-decoder-universal\/"]}]},{"@type":"ImageObject","inLanguage":"fi","@id":"https:\/\/xenonkungen.com\/produkt\/flc-decoder-universal\/#primaryimage","url":"https:\/\/xenonkungen.com\/wp-content\/uploads\/2025\/04\/1026747-origpic-4b6838.png","contentUrl":"https:\/\/xenonkungen.com\/wp-content\/uploads\/2025\/04\/1026747-origpic-4b6838.png","width":1000,"height":1000},{"@type":"BreadcrumbList","@id":"https:\/\/xenonkungen.com\/produkt\/flc-decoder-universal\/#breadcrumb","itemListElement":[{"@type":"ListItem","position":1,"name":"Hem","item":"https:\/\/xenonkungen.com\/"},{"@type":"ListItem","position":2,"name":"Shop","item":"https:\/\/xenonkungen.com\/shop\/"},{"@type":"ListItem","position":3,"name":"FLC Decoder Universal"}]},{"@type":"WebSite","@id":"https:\/\/xenonkungen.com\/#website","url":"https:\/\/xenonkungen.com\/","name":"Xenonkungen","description":"","potentialAction":[{"@type":"SearchAction","target":{"@type":"EntryPoint","urlTemplate":"https:\/\/xenonkungen.com\/?s={search_term_string}"},"query-input":{"@type":"PropertyValueSpecification","valueRequired":true,"valueName":"search_term_string"}}],"inLanguage":"fi"}]}},"taxonomy_info":{"product_brand":[{"value":2793,"label":"\u00d6VRIGT"}],"product_cat":[{"value":2487,"label":"Canbus"},{"value":390,"label":"Installation"}],"pa_lampsockel-kontakt":[{"value":324,"label":"Open Wire"}],"pa_volt-v":[{"value":476,"label":"Multivolt, 9, 12, 16"}]},"featured_image_src_large":["https:\/\/xenonkungen.com\/wp-content\/uploads\/2025\/04\/1026747-origpic-4b6838.png",1000,1000,false],"author_info":[],"comment_info":0,"_links":{"self":[{"href":"https:\/\/xenonkungen.com\/fi\/wp-json\/wp\/v2\/product\/1438","targetHints":{"allow":["GET"]}}],"collection":[{"href":"https:\/\/xenonkungen.com\/fi\/wp-json\/wp\/v2\/product"}],"about":[{"href":"https:\/\/xenonkungen.com\/fi\/wp-json\/wp\/v2\/types\/product"}],"replies":[{"embeddable":true,"href":"https:\/\/xenonkungen.com\/fi\/wp-json\/wp\/v2\/comments?post=1438"}],"wp:featuredmedia":[{"embeddable":true,"href":"https:\/\/xenonkungen.com\/fi\/wp-json\/wp\/v2\/media\/1439"}],"wp:attachment":[{"href":"https:\/\/xenonkungen.com\/fi\/wp-json\/wp\/v2\/media?parent=1438"}],"wp:term":[{"taxonomy":"anvandningsomrade","embeddable":true,"href":"https:\/\/xenonkungen.com\/fi\/wp-json\/wp\/v2\/anvandningsomrade?post=1438"},{"taxonomy":"bilmarken","embeddable":true,"href":"https:\/\/xenonkungen.com\/fi\/wp-json\/wp\/v2\/bilmarken?post=1438"},{"taxonomy":"product_brand","embeddable":true,"href":"https:\/\/xenonkungen.com\/fi\/wp-json\/wp\/v2\/product_brand?post=1438"},{"taxonomy":"product_cat","embeddable":true,"href":"https:\/\/xenonkungen.com\/fi\/wp-json\/wp\/v2\/product_cat?post=1438"},{"taxonomy":"product_tag","embeddable":true,"href":"https:\/\/xenonkungen.com\/fi\/wp-json\/wp\/v2\/product_tag?post=1438"}],"curies":[{"name":"wp","href":"https:\/\/api.w.org\/{rel}","templated":true}]}}