{"id":1445,"date":"2025-04-15T08:04:00","date_gmt":"2025-04-15T08:04:00","guid":{"rendered":"https:\/\/xenonkungen.com\/product\/flc-decoder-h8\/"},"modified":"2026-04-15T07:59:22","modified_gmt":"2026-04-15T06:59:22","slug":"flc-dekooderi-h8","status":"publish","type":"product","link":"https:\/\/xenonkungen.com\/fi\/tuote\/flc-dekooderi-h8\/","title":{"rendered":"FLC-dekooderi H8"},"content":{"rendered":"<p>Markkinoiden paras vaihtoehto LED-sumuvalaisimien toiminnallisten ongelmien ratkaisemiseksi lampun kantaan liitett\u00e4vien LED-sumuvalaisimien kanssa <strong>H8<\/strong>, <strong>H9<\/strong> ja <strong>H11<\/strong>.<\/p>\n<p>T\u00e4m\u00e4 on kaikkien vastusten \"Herkules\", ja olemme harvoin kohdanneet mahdottoman tapauksen (myym\u00e4mme vuodesta 2008 l\u00e4htien).<br \/>Tunnetut poikkeukset:<br \/><strong>Audi<\/strong> A4 B7 <br \/><strong>Saab 9-3 2007-<\/strong><\/p>\n<p>Toinen suuri etu on se, ett\u00e4 et ole vaarassa polttaa autoa (on todella tapahtunut!), koska tavalliset suuritehoiset vastukset kuumenevat todella kuumiksi. FLC l\u00e4mpenee parhaimmillaan haaleaksi.<br \/>FLC = False Loading Canceller.<\/p>\n<p><em>Saatavana my\u00f6s valmiit kontaktiliit\u00e4nn\u00e4t lampun ja virtapistokkeen v\u00e4lill\u00e4 lampun kantaan H7, H10, 9005 ja 9006.<br \/>Katso my\u00f6s vastaava artikkeli.<\/em><\/p>\n<p>-Muut valaisinkannat ja sovellukset voivat k\u00e4ytt\u00e4\u00e4 versiota <u>Universal<\/u> ja kytke se rinnakkain esim. lampun virtajohdossa olevien virtapiuhojen avulla.<\/p>\n<p>Vain <strong>12V DC<\/strong> (9-16V)<br \/>Sarja 2 kpl.<\/p>","protected":false},"excerpt":{"rendered":"<p>Marknadens b\u00e4sta alternativ f\u00f6r att l\u00f6sa funktionsproblem med LED dimljuslampor med lampsockel H8, H9 och H11. Detta \u00e4r &#8221;Herkules&#8221; bland alla motst\u00e5nd och vi har s\u00e4llan st\u00f6tt p\u00e5 ett om\u00f6jligt fall (s\u00e5ld av oss sedan 2008).K\u00e4nda undantag:Audi A4 B7 Saab 9-3 2007- En annan stark f\u00f6rdel \u00e4r att du inte riskerar att br\u00e4nna ner bilen [&hellip;]<\/p>","protected":false},"featured_media":1446,"comment_status":"closed","ping_status":"closed","template":"","meta":{"_acf_changed":false,"_smort_price_nok":"262","_smort_price_dkk":"166","_smort_price_eur":"22.27","_smort_sale_price_nok":"","_smort_sale_price_dkk":"","_smort_sale_price_eur":"","smort_restorder":"","shipmondo_restorder":"","_kad_blocks_custom_css":"","_kad_blocks_head_custom_js":"","_kad_blocks_body_custom_js":"","_kad_blocks_footer_custom_js":"","smort_custom_pricelist_1":"156.8","smort_custom_pricelist_2":"137.2","smort_custom_pricelist_3":"130.34","smort_custom_pricelist_4":"196","smort_custom_pricelist_5":"137.2"},"anvandningsomrade":[],"bilmarken":[],"product_brand":[2793],"product_cat":[2487,390],"product_tag":[],"class_list":{"0":"post-1445","1":"product","2":"type-product","3":"status-publish","4":"has-post-thumbnail","6":"product_brand-ovrigt","7":"product_cat-canbus-installation","8":"product_cat-installation","9":"pa_lampsockel-kontakt-h8-h9-h11","10":"pa_volt-v-multivolt-9-12-16","12":"first","13":"instock","14":"taxable","15":"shipping-taxable","16":"purchasable","17":"product-type-simple"},"bundled_by":[],"bundle_stock_status":"instock","bundle_stock_quantity":137,"bundle_virtual":false,"bundle_layout":"","bundle_add_to_cart_form_location":"","bundle_editable_in_cart":false,"bundle_sold_individually_context":"","bundle_item_grouping":"","bundle_min_size":"","bundle_max_size":"","bundle_price":[],"bundled_items":[],"bundle_sell_ids":[],"acf":[],"yoast_head":"<!-- This site is optimized with the Yoast SEO plugin v27.0 - https:\/\/yoast.com\/product\/yoast-seo-wordpress\/ -->\n<title>FLC Decoder H8 - Xenonkungen<\/title>\n<meta name=\"robots\" content=\"index, follow, max-snippet:-1, max-image-preview:large, max-video-preview:-1\" \/>\n<link rel=\"canonical\" href=\"https:\/\/xenonkungen.com\/fi\/tuote\/flc-dekooderi-h8\/\" \/>\n<meta property=\"og:locale\" content=\"fi_FI\" \/>\n<meta property=\"og:type\" content=\"article\" \/>\n<meta property=\"og:title\" content=\"FLC Decoder H8 - Xenonkungen\" \/>\n<meta property=\"og:description\" content=\"Marknadens b\u00e4sta alternativ f\u00f6r att l\u00f6sa funktionsproblem med LED dimljuslampor med lampsockel H8, H9 och H11. Detta \u00e4r &#8221;Herkules&#8221; bland alla motst\u00e5nd och vi har s\u00e4llan st\u00f6tt p\u00e5 ett om\u00f6jligt fall (s\u00e5ld av oss sedan 2008).K\u00e4nda undantag:Audi A4 B7 Saab 9-3 2007- En annan stark f\u00f6rdel \u00e4r att du inte riskerar att br\u00e4nna ner bilen [&hellip;]\" \/>\n<meta property=\"og:url\" content=\"https:\/\/xenonkungen.com\/fi\/tuote\/flc-dekooderi-h8\/\" \/>\n<meta property=\"og:site_name\" content=\"Xenonkungen\" \/>\n<meta property=\"article:modified_time\" content=\"2026-04-15T06:59:22+00:00\" \/>\n<meta property=\"og:image\" content=\"https:\/\/xenonkungen.com\/wp-content\/uploads\/2025\/04\/20409349-origpic-59307d.jpg\" \/>\n\t<meta property=\"og:image:width\" content=\"1000\" \/>\n\t<meta property=\"og:image:height\" content=\"1000\" \/>\n\t<meta property=\"og:image:type\" content=\"image\/jpeg\" \/>\n<meta name=\"twitter:card\" content=\"summary_large_image\" \/>\n<meta name=\"twitter:label1\" content=\"Arvioitu lukuaika\" \/>\n\t<meta name=\"twitter:data1\" content=\"1 minuutti\" \/>\n<script type=\"application\/ld+json\" class=\"yoast-schema-graph\">{\"@context\":\"https:\/\/schema.org\",\"@graph\":[{\"@type\":\"WebPage\",\"@id\":\"https:\/\/xenonkungen.com\/produkt\/flc-decoder-h8\/\",\"url\":\"https:\/\/xenonkungen.com\/produkt\/flc-decoder-h8\/\",\"name\":\"FLC Decoder H8 - Xenonkungen\",\"isPartOf\":{\"@id\":\"https:\/\/xenonkungen.com\/#website\"},\"primaryImageOfPage\":{\"@id\":\"https:\/\/xenonkungen.com\/produkt\/flc-decoder-h8\/#primaryimage\"},\"image\":{\"@id\":\"https:\/\/xenonkungen.com\/produkt\/flc-decoder-h8\/#primaryimage\"},\"thumbnailUrl\":\"https:\/\/xenonkungen.com\/wp-content\/uploads\/2025\/04\/20409349-origpic-59307d.jpg\",\"datePublished\":\"2025-04-15T08:04:00+00:00\",\"dateModified\":\"2026-04-15T06:59:22+00:00\",\"breadcrumb\":{\"@id\":\"https:\/\/xenonkungen.com\/produkt\/flc-decoder-h8\/#breadcrumb\"},\"inLanguage\":\"fi\",\"potentialAction\":[{\"@type\":\"ReadAction\",\"target\":[\"https:\/\/xenonkungen.com\/produkt\/flc-decoder-h8\/\"]}]},{\"@type\":\"ImageObject\",\"inLanguage\":\"fi\",\"@id\":\"https:\/\/xenonkungen.com\/produkt\/flc-decoder-h8\/#primaryimage\",\"url\":\"https:\/\/xenonkungen.com\/wp-content\/uploads\/2025\/04\/20409349-origpic-59307d.jpg\",\"contentUrl\":\"https:\/\/xenonkungen.com\/wp-content\/uploads\/2025\/04\/20409349-origpic-59307d.jpg\",\"width\":1000,\"height\":1000},{\"@type\":\"BreadcrumbList\",\"@id\":\"https:\/\/xenonkungen.com\/produkt\/flc-decoder-h8\/#breadcrumb\",\"itemListElement\":[{\"@type\":\"ListItem\",\"position\":1,\"name\":\"Hem\",\"item\":\"https:\/\/xenonkungen.com\/\"},{\"@type\":\"ListItem\",\"position\":2,\"name\":\"Shop\",\"item\":\"https:\/\/xenonkungen.com\/shop\/\"},{\"@type\":\"ListItem\",\"position\":3,\"name\":\"FLC Decoder H8\"}]},{\"@type\":\"WebSite\",\"@id\":\"https:\/\/xenonkungen.com\/#website\",\"url\":\"https:\/\/xenonkungen.com\/\",\"name\":\"Xenonkungen\",\"description\":\"\",\"potentialAction\":[{\"@type\":\"SearchAction\",\"target\":{\"@type\":\"EntryPoint\",\"urlTemplate\":\"https:\/\/xenonkungen.com\/?s={search_term_string}\"},\"query-input\":{\"@type\":\"PropertyValueSpecification\",\"valueRequired\":true,\"valueName\":\"search_term_string\"}}],\"inLanguage\":\"fi\"}]}<\/script>\n<!-- \/ Yoast SEO plugin. -->","yoast_head_json":{"title":"FLC-dekooderi H8 - Xenon King","robots":{"index":"index","follow":"follow","max-snippet":"max-snippet:-1","max-image-preview":"max-image-preview:large","max-video-preview":"max-video-preview:-1"},"canonical":"https:\/\/xenonkungen.com\/fi\/tuote\/flc-dekooderi-h8\/","og_locale":"fi_FI","og_type":"article","og_title":"FLC Decoder H8 - Xenonkungen","og_description":"Marknadens b\u00e4sta alternativ f\u00f6r att l\u00f6sa funktionsproblem med LED dimljuslampor med lampsockel H8, H9 och H11. Detta \u00e4r &#8221;Herkules&#8221; bland alla motst\u00e5nd och vi har s\u00e4llan st\u00f6tt p\u00e5 ett om\u00f6jligt fall (s\u00e5ld av oss sedan 2008).K\u00e4nda undantag:Audi A4 B7 Saab 9-3 2007- En annan stark f\u00f6rdel \u00e4r att du inte riskerar att br\u00e4nna ner bilen [&hellip;]","og_url":"https:\/\/xenonkungen.com\/fi\/tuote\/flc-dekooderi-h8\/","og_site_name":"Xenonkungen","article_modified_time":"2026-04-15T06:59:22+00:00","og_image":[{"width":1000,"height":1000,"url":"https:\/\/xenonkungen.com\/wp-content\/uploads\/2025\/04\/20409349-origpic-59307d.jpg","type":"image\/jpeg"}],"twitter_card":"summary_large_image","twitter_misc":{"Arvioitu lukuaika":"1 minuutti"},"schema":{"@context":"https:\/\/schema.org","@graph":[{"@type":"WebPage","@id":"https:\/\/xenonkungen.com\/produkt\/flc-decoder-h8\/","url":"https:\/\/xenonkungen.com\/produkt\/flc-decoder-h8\/","name":"FLC-dekooderi H8 - Xenon King","isPartOf":{"@id":"https:\/\/xenonkungen.com\/#website"},"primaryImageOfPage":{"@id":"https:\/\/xenonkungen.com\/produkt\/flc-decoder-h8\/#primaryimage"},"image":{"@id":"https:\/\/xenonkungen.com\/produkt\/flc-decoder-h8\/#primaryimage"},"thumbnailUrl":"https:\/\/xenonkungen.com\/wp-content\/uploads\/2025\/04\/20409349-origpic-59307d.jpg","datePublished":"2025-04-15T08:04:00+00:00","dateModified":"2026-04-15T06:59:22+00:00","breadcrumb":{"@id":"https:\/\/xenonkungen.com\/produkt\/flc-decoder-h8\/#breadcrumb"},"inLanguage":"fi","potentialAction":[{"@type":"ReadAction","target":["https:\/\/xenonkungen.com\/produkt\/flc-decoder-h8\/"]}]},{"@type":"ImageObject","inLanguage":"fi","@id":"https:\/\/xenonkungen.com\/produkt\/flc-decoder-h8\/#primaryimage","url":"https:\/\/xenonkungen.com\/wp-content\/uploads\/2025\/04\/20409349-origpic-59307d.jpg","contentUrl":"https:\/\/xenonkungen.com\/wp-content\/uploads\/2025\/04\/20409349-origpic-59307d.jpg","width":1000,"height":1000},{"@type":"BreadcrumbList","@id":"https:\/\/xenonkungen.com\/produkt\/flc-decoder-h8\/#breadcrumb","itemListElement":[{"@type":"ListItem","position":1,"name":"Hem","item":"https:\/\/xenonkungen.com\/"},{"@type":"ListItem","position":2,"name":"Shop","item":"https:\/\/xenonkungen.com\/shop\/"},{"@type":"ListItem","position":3,"name":"FLC Decoder H8"}]},{"@type":"WebSite","@id":"https:\/\/xenonkungen.com\/#website","url":"https:\/\/xenonkungen.com\/","name":"Xenonkungen","description":"","potentialAction":[{"@type":"SearchAction","target":{"@type":"EntryPoint","urlTemplate":"https:\/\/xenonkungen.com\/?s={search_term_string}"},"query-input":{"@type":"PropertyValueSpecification","valueRequired":true,"valueName":"search_term_string"}}],"inLanguage":"fi"}]}},"taxonomy_info":{"product_brand":[{"value":2793,"label":"\u00d6VRIGT"}],"product_cat":[{"value":2487,"label":"Canbus"},{"value":390,"label":"Installation"}],"pa_lampsockel-kontakt":[{"value":479,"label":"H8, H9, H11"}],"pa_volt-v":[{"value":476,"label":"Multivolt, 9, 12, 16"}]},"featured_image_src_large":["https:\/\/xenonkungen.com\/wp-content\/uploads\/2025\/04\/20409349-origpic-59307d.jpg",1000,1000,false],"author_info":[],"comment_info":0,"_links":{"self":[{"href":"https:\/\/xenonkungen.com\/fi\/wp-json\/wp\/v2\/product\/1445","targetHints":{"allow":["GET"]}}],"collection":[{"href":"https:\/\/xenonkungen.com\/fi\/wp-json\/wp\/v2\/product"}],"about":[{"href":"https:\/\/xenonkungen.com\/fi\/wp-json\/wp\/v2\/types\/product"}],"replies":[{"embeddable":true,"href":"https:\/\/xenonkungen.com\/fi\/wp-json\/wp\/v2\/comments?post=1445"}],"wp:featuredmedia":[{"embeddable":true,"href":"https:\/\/xenonkungen.com\/fi\/wp-json\/wp\/v2\/media\/1446"}],"wp:attachment":[{"href":"https:\/\/xenonkungen.com\/fi\/wp-json\/wp\/v2\/media?parent=1445"}],"wp:term":[{"taxonomy":"anvandningsomrade","embeddable":true,"href":"https:\/\/xenonkungen.com\/fi\/wp-json\/wp\/v2\/anvandningsomrade?post=1445"},{"taxonomy":"bilmarken","embeddable":true,"href":"https:\/\/xenonkungen.com\/fi\/wp-json\/wp\/v2\/bilmarken?post=1445"},{"taxonomy":"product_brand","embeddable":true,"href":"https:\/\/xenonkungen.com\/fi\/wp-json\/wp\/v2\/product_brand?post=1445"},{"taxonomy":"product_cat","embeddable":true,"href":"https:\/\/xenonkungen.com\/fi\/wp-json\/wp\/v2\/product_cat?post=1445"},{"taxonomy":"product_tag","embeddable":true,"href":"https:\/\/xenonkungen.com\/fi\/wp-json\/wp\/v2\/product_tag?post=1445"}],"curies":[{"name":"wp","href":"https:\/\/api.w.org\/{rel}","templated":true}]}}