{"id":14517,"date":"2025-09-30T12:43:02","date_gmt":"2025-09-30T12:43:02","guid":{"rendered":"https:\/\/xenonkungen.com\/?post_type=product&#038;p=14517"},"modified":"2026-04-04T16:16:31","modified_gmt":"2026-04-04T15:16:31","slug":"valopaketti-luxtar-x18-musta-versio","status":"publish","type":"product","link":"https:\/\/xenonkungen.com\/fi\/tuote\/valopaketti-luxtar-x18-musta-versio\/","title":{"rendered":"LUXTAR\u00ae X18 Black Edition -valosarja"},"content":{"rendered":"<h1>T\u00e4ydellinen valmis paketti, jossa on k\u00e4sijohde, kiinnike ja kaapelointi.<\/h1>\n<p>Luxtar\u00ae X-sarjan LED-rampeissa on ainutlaatuinen muotoilu, jossa sivulle asennetut diodilamput parantavat suorituskyky\u00e4. Black Edition on ihanteellinen niille, jotka haluavat parasta molemmista maailmoista: tyyli\u00e4 ja suorituskyky\u00e4.<\/p>\n<p>Yleisesti m\u00e4\u00e4ritetyt arvot ovat teoreettisia arvoja, jotka t\u00e4m\u00e4n led-rampin osalta olisivat 180W | 10 450 lumenia.<\/p>\n<p>Jauhemaalattua metallilevy\u00e4 oleva lis\u00e4valokannatin, joka on valmistettu erityisesti Luxtar X18 LED-ramppia varten. Kiinnitet\u00e4\u00e4n reg-merkin taakse.<\/p>\n<p>Luxtar\u00ae X-sarjan LED-rampeissa on ainutlaatuinen muotoilu, jossa on erottuvat heijastimet, joissa on sivulle asennetut diodilamput, jotka parantavat suorituskyky\u00e4 merkitt\u00e4v\u00e4sti.<\/p>\n<p>Luxtar\u00ae X-sarjaan on saatavana kaksi vaihtoehtoista valokuviota: Driving\/Remote ja Spot.<br \/>\nSpottivalo sopii niille, jotka pit\u00e4v\u00e4t valon kantamaa t\u00e4rke\u00e4n\u00e4 tai suuremmilla nopeuksilla, joissa keskityt\u00e4\u00e4n luonnollisesti pidemmille et\u00e4isyyksille.<br \/>\nAjo | Kaukovalo tarjoaa mukavan laajan valokuvion ja sopii niille, jotka tarvitsevat parempaa n\u00e4kyvyytt\u00e4 teiden varsilla, kuten ojissa. Driving on suosituin valinta.<\/p>\n<p><strong>K\u00e4ytt\u00f6alueet<\/strong><br \/>\nHenkil\u00f6auton | pakettiauton | kuorma-auton lis\u00e4valoihin.<\/p>","protected":false},"excerpt":{"rendered":"<p>Luxtar\u00ae X18 on 51,8 cm pitk\u00e4 ja tuottaa 9 018 todellista lumenia, jota voidaan verrata 6-7 halogeenin lis\u00e4valoihin, joiden arvo on noin 55W | 1000 lumenia (+-200lm).<\/p>","protected":false},"featured_media":14527,"comment_status":"open","ping_status":"closed","template":"","meta":{"_acf_changed":false,"_smort_price_nok":"3199","_smort_price_dkk":"2032","_smort_price_eur":"272.26","_smort_sale_price_nok":"","_smort_sale_price_dkk":"","_smort_sale_price_eur":"","smort_restorder":"","shipmondo_restorder":"","_kad_blocks_custom_css":"","_kad_blocks_head_custom_js":"","_kad_blocks_body_custom_js":"","_kad_blocks_footer_custom_js":"","smort_custom_pricelist_1":"1916.8","smort_custom_pricelist_2":"1677.2","smort_custom_pricelist_3":"1557.4","smort_custom_pricelist_4":"2396","smort_custom_pricelist_5":"1677.2"},"anvandningsomrade":[],"bilmarken":[],"product_brand":[103],"product_cat":[2539,2826,2820,2541,1916],"product_tag":[],"class_list":{"0":"post-14517","1":"product","2":"type-product","3":"status-publish","4":"has-post-thumbnail","6":"product_brand-luxtar","7":"product_cat-ledramper","8":"product_cat-luxtar","9":"product_cat-luxtar-paketlosningar","10":"product_cat-luxtar-x-serie-black-ledramper","11":"product_cat-ledrampspaket","12":"pa_faktisk-effekts-forbrukning-2277","13":"pa_fuktskydd-varde-ipxx-ip68","14":"pa_godkannande-ce-emc-rohs","15":"pa_ljusbild-driving","16":"pa_ljusbild-spot","17":"pa_storlek-mm-518x63x85","18":"pa_stromforbrukning-11a-12v","19":"pa_stromforbrukning-56a-24v","20":"pa_volt-v-multivolt-9-12-16-18-24-28-30-32","22":"first","23":"instock","24":"taxable","25":"shipping-taxable","26":"purchasable","27":"product-type-variable","28":"has-default-attributes"},"bundled_by":[],"bundle_stock_status":"instock","bundle_stock_quantity":8,"bundle_virtual":false,"bundle_layout":"","bundle_add_to_cart_form_location":"","bundle_editable_in_cart":false,"bundle_sold_individually_context":"","bundle_item_grouping":"","bundle_min_size":"","bundle_max_size":"","bundle_price":[],"bundled_items":[],"bundle_sell_ids":[],"acf":[],"yoast_head":"<!-- This site is optimized with the Yoast SEO plugin v27.0 - https:\/\/yoast.com\/product\/yoast-seo-wordpress\/ -->\n<title>Ljuspaket LUXTAR\u00ae X18 Black Edition - Xenonkungen<\/title>\n<meta name=\"robots\" content=\"index, follow, max-snippet:-1, max-image-preview:large, max-video-preview:-1\" \/>\n<link rel=\"canonical\" href=\"https:\/\/xenonkungen.com\/fi\/tuote\/valopaketti-luxtar-x18-musta-versio\/\" \/>\n<meta property=\"og:locale\" content=\"fi_FI\" \/>\n<meta property=\"og:type\" content=\"article\" \/>\n<meta property=\"og:title\" content=\"Ljuspaket LUXTAR\u00ae X18 Black Edition - Xenonkungen\" \/>\n<meta property=\"og:description\" content=\"Luxtar\u00ae X18 \u00e4r 51.8cm och l\u00e4mnar 9 018 faktiska lumen som kan j\u00e4mf\u00f6ras med 6-7st halogen extraljus d\u00e4r v\u00e4rdet ligger kring 55W | 1000 Lumen (+-200lm)\" \/>\n<meta property=\"og:url\" content=\"https:\/\/xenonkungen.com\/fi\/tuote\/valopaketti-luxtar-x18-musta-versio\/\" \/>\n<meta property=\"og:site_name\" content=\"Xenonkungen\" \/>\n<meta property=\"article:modified_time\" content=\"2026-04-04T15:16:31+00:00\" \/>\n<meta property=\"og:image\" content=\"https:\/\/xenonkungen.com\/wp-content\/uploads\/2025\/09\/LUXTAR-X-Series-X18-BLACK-CA191675-PNNG-1000px.png\" \/>\n\t<meta property=\"og:image:width\" content=\"1000\" \/>\n\t<meta property=\"og:image:height\" content=\"712\" \/>\n\t<meta property=\"og:image:type\" content=\"image\/png\" \/>\n<meta name=\"twitter:card\" content=\"summary_large_image\" \/>\n<meta name=\"twitter:label1\" content=\"Arvioitu lukuaika\" \/>\n\t<meta name=\"twitter:data1\" content=\"2 minuuttia\" \/>\n<script type=\"application\/ld+json\" class=\"yoast-schema-graph\">{\"@context\":\"https:\/\/schema.org\",\"@graph\":[{\"@type\":\"WebPage\",\"@id\":\"https:\/\/xenonkungen.com\/produkt\/ljuspaket-luxtar-x18-black-edition\/\",\"url\":\"https:\/\/xenonkungen.com\/produkt\/ljuspaket-luxtar-x18-black-edition\/\",\"name\":\"Ljuspaket LUXTAR\u00ae X18 Black Edition - Xenonkungen\",\"isPartOf\":{\"@id\":\"https:\/\/xenonkungen.com\/#website\"},\"primaryImageOfPage\":{\"@id\":\"https:\/\/xenonkungen.com\/produkt\/ljuspaket-luxtar-x18-black-edition\/#primaryimage\"},\"image\":{\"@id\":\"https:\/\/xenonkungen.com\/produkt\/ljuspaket-luxtar-x18-black-edition\/#primaryimage\"},\"thumbnailUrl\":\"https:\/\/xenonkungen.com\/wp-content\/uploads\/2025\/09\/LUXTAR-X-Series-X18-BLACK-CA191675-PNNG-1000px.png\",\"datePublished\":\"2025-09-30T12:43:02+00:00\",\"dateModified\":\"2026-04-04T15:16:31+00:00\",\"breadcrumb\":{\"@id\":\"https:\/\/xenonkungen.com\/produkt\/ljuspaket-luxtar-x18-black-edition\/#breadcrumb\"},\"inLanguage\":\"fi\",\"potentialAction\":[{\"@type\":\"ReadAction\",\"target\":[\"https:\/\/xenonkungen.com\/produkt\/ljuspaket-luxtar-x18-black-edition\/\"]}]},{\"@type\":\"ImageObject\",\"inLanguage\":\"fi\",\"@id\":\"https:\/\/xenonkungen.com\/produkt\/ljuspaket-luxtar-x18-black-edition\/#primaryimage\",\"url\":\"https:\/\/xenonkungen.com\/wp-content\/uploads\/2025\/09\/LUXTAR-X-Series-X18-BLACK-CA191675-PNNG-1000px.png\",\"contentUrl\":\"https:\/\/xenonkungen.com\/wp-content\/uploads\/2025\/09\/LUXTAR-X-Series-X18-BLACK-CA191675-PNNG-1000px.png\",\"width\":1000,\"height\":712},{\"@type\":\"BreadcrumbList\",\"@id\":\"https:\/\/xenonkungen.com\/produkt\/ljuspaket-luxtar-x18-black-edition\/#breadcrumb\",\"itemListElement\":[{\"@type\":\"ListItem\",\"position\":1,\"name\":\"Hem\",\"item\":\"https:\/\/xenonkungen.com\/\"},{\"@type\":\"ListItem\",\"position\":2,\"name\":\"Shop\",\"item\":\"https:\/\/xenonkungen.com\/shop\/\"},{\"@type\":\"ListItem\",\"position\":3,\"name\":\"Ljuspaket LUXTAR\u00ae X18 Black Edition\"}]},{\"@type\":\"WebSite\",\"@id\":\"https:\/\/xenonkungen.com\/#website\",\"url\":\"https:\/\/xenonkungen.com\/\",\"name\":\"Xenonkungen\",\"description\":\"\",\"potentialAction\":[{\"@type\":\"SearchAction\",\"target\":{\"@type\":\"EntryPoint\",\"urlTemplate\":\"https:\/\/xenonkungen.com\/?s={search_term_string}\"},\"query-input\":{\"@type\":\"PropertyValueSpecification\",\"valueRequired\":true,\"valueName\":\"search_term_string\"}}],\"inLanguage\":\"fi\"}]}<\/script>\n<!-- \/ Yoast SEO plugin. -->","yoast_head_json":{"title":"LUXTAR\u00ae X18 Black Edition -valopaketti - Xenonkungen","robots":{"index":"index","follow":"follow","max-snippet":"max-snippet:-1","max-image-preview":"max-image-preview:large","max-video-preview":"max-video-preview:-1"},"canonical":"https:\/\/xenonkungen.com\/fi\/tuote\/valopaketti-luxtar-x18-musta-versio\/","og_locale":"fi_FI","og_type":"article","og_title":"Ljuspaket LUXTAR\u00ae X18 Black Edition - Xenonkungen","og_description":"Luxtar\u00ae X18 \u00e4r 51.8cm och l\u00e4mnar 9 018 faktiska lumen som kan j\u00e4mf\u00f6ras med 6-7st halogen extraljus d\u00e4r v\u00e4rdet ligger kring 55W | 1000 Lumen (+-200lm)","og_url":"https:\/\/xenonkungen.com\/fi\/tuote\/valopaketti-luxtar-x18-musta-versio\/","og_site_name":"Xenonkungen","article_modified_time":"2026-04-04T15:16:31+00:00","og_image":[{"width":1000,"height":712,"url":"https:\/\/xenonkungen.com\/wp-content\/uploads\/2025\/09\/LUXTAR-X-Series-X18-BLACK-CA191675-PNNG-1000px.png","type":"image\/png"}],"twitter_card":"summary_large_image","twitter_misc":{"Arvioitu lukuaika":"2 minuuttia"},"schema":{"@context":"https:\/\/schema.org","@graph":[{"@type":"WebPage","@id":"https:\/\/xenonkungen.com\/produkt\/ljuspaket-luxtar-x18-black-edition\/","url":"https:\/\/xenonkungen.com\/produkt\/ljuspaket-luxtar-x18-black-edition\/","name":"LUXTAR\u00ae X18 Black Edition -valopaketti - Xenonkungen","isPartOf":{"@id":"https:\/\/xenonkungen.com\/#website"},"primaryImageOfPage":{"@id":"https:\/\/xenonkungen.com\/produkt\/ljuspaket-luxtar-x18-black-edition\/#primaryimage"},"image":{"@id":"https:\/\/xenonkungen.com\/produkt\/ljuspaket-luxtar-x18-black-edition\/#primaryimage"},"thumbnailUrl":"https:\/\/xenonkungen.com\/wp-content\/uploads\/2025\/09\/LUXTAR-X-Series-X18-BLACK-CA191675-PNNG-1000px.png","datePublished":"2025-09-30T12:43:02+00:00","dateModified":"2026-04-04T15:16:31+00:00","breadcrumb":{"@id":"https:\/\/xenonkungen.com\/produkt\/ljuspaket-luxtar-x18-black-edition\/#breadcrumb"},"inLanguage":"fi","potentialAction":[{"@type":"ReadAction","target":["https:\/\/xenonkungen.com\/produkt\/ljuspaket-luxtar-x18-black-edition\/"]}]},{"@type":"ImageObject","inLanguage":"fi","@id":"https:\/\/xenonkungen.com\/produkt\/ljuspaket-luxtar-x18-black-edition\/#primaryimage","url":"https:\/\/xenonkungen.com\/wp-content\/uploads\/2025\/09\/LUXTAR-X-Series-X18-BLACK-CA191675-PNNG-1000px.png","contentUrl":"https:\/\/xenonkungen.com\/wp-content\/uploads\/2025\/09\/LUXTAR-X-Series-X18-BLACK-CA191675-PNNG-1000px.png","width":1000,"height":712},{"@type":"BreadcrumbList","@id":"https:\/\/xenonkungen.com\/produkt\/ljuspaket-luxtar-x18-black-edition\/#breadcrumb","itemListElement":[{"@type":"ListItem","position":1,"name":"Hem","item":"https:\/\/xenonkungen.com\/"},{"@type":"ListItem","position":2,"name":"Shop","item":"https:\/\/xenonkungen.com\/shop\/"},{"@type":"ListItem","position":3,"name":"Ljuspaket LUXTAR\u00ae X18 Black Edition"}]},{"@type":"WebSite","@id":"https:\/\/xenonkungen.com\/#website","url":"https:\/\/xenonkungen.com\/","name":"Xenonkungen","description":"","potentialAction":[{"@type":"SearchAction","target":{"@type":"EntryPoint","urlTemplate":"https:\/\/xenonkungen.com\/?s={search_term_string}"},"query-input":{"@type":"PropertyValueSpecification","valueRequired":true,"valueName":"search_term_string"}}],"inLanguage":"fi"}]}},"taxonomy_info":{"product_brand":[{"value":103,"label":"LUXTAR"}],"product_cat":[{"value":2539,"label":"LEDRAMPER"},{"value":2826,"label":"LUXTAR"},{"value":2820,"label":"Luxtar - Paketl\u00f6sningar"},{"value":2541,"label":"Luxtar X-Serie Black"},{"value":1916,"label":"Ledrampspaket"}],"pa_faktisk-effekts-forbrukning":[{"value":2277,"label":"132"}],"pa_fuktskydd-varde-ipxx":[{"value":177,"label":"IP68"}],"pa_godkannande":[{"value":325,"label":"CE, EMC, RoHS"}],"pa_ljusbild":[{"value":178,"label":"Driving"},{"value":1177,"label":"Spot"}],"pa_storlek-mm":[{"value":2412,"label":"518x63x85"}],"pa_stromforbrukning":[{"value":2278,"label":"11A @12V"},{"value":2279,"label":"5,6A @24V"}],"pa_volt-v":[{"value":521,"label":"Multivolt, 9, 12, 16, 18, 24, 28, 30, 32"}]},"featured_image_src_large":["https:\/\/xenonkungen.com\/wp-content\/uploads\/2025\/09\/LUXTAR-X-Series-X18-BLACK-CA191675-PNNG-1000px.png",1000,712,false],"author_info":[],"comment_info":0,"_links":{"self":[{"href":"https:\/\/xenonkungen.com\/fi\/wp-json\/wp\/v2\/product\/14517","targetHints":{"allow":["GET"]}}],"collection":[{"href":"https:\/\/xenonkungen.com\/fi\/wp-json\/wp\/v2\/product"}],"about":[{"href":"https:\/\/xenonkungen.com\/fi\/wp-json\/wp\/v2\/types\/product"}],"replies":[{"embeddable":true,"href":"https:\/\/xenonkungen.com\/fi\/wp-json\/wp\/v2\/comments?post=14517"}],"wp:featuredmedia":[{"embeddable":true,"href":"https:\/\/xenonkungen.com\/fi\/wp-json\/wp\/v2\/media\/14527"}],"wp:attachment":[{"href":"https:\/\/xenonkungen.com\/fi\/wp-json\/wp\/v2\/media?parent=14517"}],"wp:term":[{"taxonomy":"anvandningsomrade","embeddable":true,"href":"https:\/\/xenonkungen.com\/fi\/wp-json\/wp\/v2\/anvandningsomrade?post=14517"},{"taxonomy":"bilmarken","embeddable":true,"href":"https:\/\/xenonkungen.com\/fi\/wp-json\/wp\/v2\/bilmarken?post=14517"},{"taxonomy":"product_brand","embeddable":true,"href":"https:\/\/xenonkungen.com\/fi\/wp-json\/wp\/v2\/product_brand?post=14517"},{"taxonomy":"product_cat","embeddable":true,"href":"https:\/\/xenonkungen.com\/fi\/wp-json\/wp\/v2\/product_cat?post=14517"},{"taxonomy":"product_tag","embeddable":true,"href":"https:\/\/xenonkungen.com\/fi\/wp-json\/wp\/v2\/product_tag?post=14517"}],"curies":[{"name":"wp","href":"https:\/\/api.w.org\/{rel}","templated":true}]}}