{"id":1459,"date":"2025-04-15T08:04:00","date_gmt":"2025-04-15T08:04:00","guid":{"rendered":"https:\/\/xenonkungen.com\/product\/forlangningskabel-60cm\/"},"modified":"2026-03-27T09:50:32","modified_gmt":"2026-03-27T08:50:32","slug":"jatkojohto-60-cm","status":"publish","type":"product","link":"https:\/\/xenonkungen.com\/fi\/tuote\/jatkojohto-60-cm\/","title":{"rendered":"Jatkojohto 60cm"},"content":{"rendered":"<h1>60cm jatkojohto lis\u00e4valoa varten<\/h1>\n<p>Jatkokaapeli AMP-liittimill\u00e4. Jos asennat ksenon <strong>lis\u00e4valo<\/strong> saatat tarvita n\u00e4it\u00e4 laajennuksia noin <strong>60cm<\/strong> jotta toimilaitteet voidaan asentaa turvallisesti ja suojattuna moottoritilan sis\u00e4lle.<\/p>\n<p><strong>Huom!<\/strong> Valitse aina mahdollisimman lyhyt suurj\u00e4nnitekaapelin jatko liit\u00e4nt\u00e4laitteen ja ksenonlampun v\u00e4lille. Mit\u00e4 pidempi kaapeli, sit\u00e4 korkeampi <em>riski<\/em> komplikaatioiden varalta.<\/p>\n<p>Mittaa tarvitsemasi kaapelin kokonaispituus lis\u00e4valon ja liit\u00e4nt\u00e4laitteen paikan v\u00e4lill\u00e4.<\/p>\n<p>Sy\u00f6tt\u00f6johdon pituus:<br \/>Ksenonvalaisin: n. 40 cm<br \/>Painolasti: n. 40 cm<br \/>Pidennys: mahdollisimman lyhyt<\/p>\n<p><strong>Sopii kaikkiin 35\/50\/60W ksenon-sarjoihimme.<\/strong><\/p>","protected":false},"excerpt":{"rendered":"<p>60cm f\u00f6rl\u00e4ngningskabel till extraljus F\u00f6rl\u00e4ngningskabel med AMP kontakter. Om du ska montera xenon i extraljus kan du beh\u00f6va dessa f\u00f6rl\u00e4ngningar p\u00e5 ca 60cm s\u00e5 att drivdonen s\u00e4kert kan monteras skyddade inne i motorrummet. Obs! V\u00e4lj alltid kortast m\u00f6jliga f\u00f6rl\u00e4ngning av h\u00f6gsp\u00e4nningskabel mellan ballast och xenonlampa. Ju l\u00e4ngre kabel desto h\u00f6gre risk f\u00f6r komplikationer. M\u00e4t upp [&hellip;]<\/p>","protected":false},"featured_media":1460,"comment_status":"closed","ping_status":"open","template":"","meta":{"_acf_changed":false,"_smort_price_nok":"48","_smort_price_dkk":"31","_smort_price_eur":"4.09","_smort_sale_price_nok":"","_smort_sale_price_dkk":"","_smort_sale_price_eur":"","smort_restorder":"","shipmondo_restorder":"","_kad_blocks_custom_css":"","_kad_blocks_head_custom_js":"","_kad_blocks_body_custom_js":"","_kad_blocks_footer_custom_js":"","smort_custom_pricelist_1":"28.8","smort_custom_pricelist_2":"25.2","smort_custom_pricelist_3":"23.94","smort_custom_pricelist_4":"36","smort_custom_pricelist_5":"25.2"},"anvandningsomrade":[],"bilmarken":[],"product_brand":[],"product_cat":[2841,2492,390],"product_tag":[],"class_list":{"0":"post-1459","1":"product","2":"type-product","3":"status-publish","4":"has-post-thumbnail","6":"product_cat-installation-extraljus","7":"product_cat-relasats-installation","8":"product_cat-installation","9":"pa_lampsockel-kontakt-amp","11":"first","12":"instock","13":"taxable","14":"shipping-taxable","15":"purchasable","16":"product-type-simple"},"bundled_by":[],"bundle_stock_status":"instock","bundle_stock_quantity":86,"bundle_virtual":false,"bundle_layout":"","bundle_add_to_cart_form_location":"","bundle_editable_in_cart":false,"bundle_sold_individually_context":"","bundle_item_grouping":"","bundle_min_size":"","bundle_max_size":"","bundle_price":[],"bundled_items":[],"bundle_sell_ids":[],"acf":[],"yoast_head":"<!-- This site is optimized with the Yoast SEO plugin v27.0 - https:\/\/yoast.com\/product\/yoast-seo-wordpress\/ -->\n<title>F\u00f6rl\u00e4ngningskabel 60cm - Xenonkungen<\/title>\n<meta name=\"robots\" content=\"index, follow, max-snippet:-1, max-image-preview:large, max-video-preview:-1\" \/>\n<link rel=\"canonical\" href=\"https:\/\/xenonkungen.com\/fi\/tuote\/jatkojohto-60-cm\/\" \/>\n<meta property=\"og:locale\" content=\"fi_FI\" \/>\n<meta property=\"og:type\" content=\"article\" \/>\n<meta property=\"og:title\" content=\"F\u00f6rl\u00e4ngningskabel 60cm - Xenonkungen\" \/>\n<meta property=\"og:description\" content=\"60cm f\u00f6rl\u00e4ngningskabel till extraljus F\u00f6rl\u00e4ngningskabel med AMP kontakter. Om du ska montera xenon i extraljus kan du beh\u00f6va dessa f\u00f6rl\u00e4ngningar p\u00e5 ca 60cm s\u00e5 att drivdonen s\u00e4kert kan monteras skyddade inne i motorrummet. Obs! V\u00e4lj alltid kortast m\u00f6jliga f\u00f6rl\u00e4ngning av h\u00f6gsp\u00e4nningskabel mellan ballast och xenonlampa. Ju l\u00e4ngre kabel desto h\u00f6gre risk f\u00f6r komplikationer. M\u00e4t upp [&hellip;]\" \/>\n<meta property=\"og:url\" content=\"https:\/\/xenonkungen.com\/fi\/tuote\/jatkojohto-60-cm\/\" \/>\n<meta property=\"og:site_name\" content=\"Xenonkungen\" \/>\n<meta property=\"article:modified_time\" content=\"2026-03-27T08:50:32+00:00\" \/>\n<meta property=\"og:image\" content=\"https:\/\/xenonkungen.com\/wp-content\/uploads\/2025\/04\/1195902-origpic-8f823a.png\" \/>\n\t<meta property=\"og:image:width\" content=\"1000\" \/>\n\t<meta property=\"og:image:height\" content=\"1000\" \/>\n\t<meta property=\"og:image:type\" content=\"image\/png\" \/>\n<meta name=\"twitter:card\" content=\"summary_large_image\" \/>\n<meta name=\"twitter:label1\" content=\"Arvioitu lukuaika\" \/>\n\t<meta name=\"twitter:data1\" content=\"1 minuutti\" \/>\n<script type=\"application\/ld+json\" class=\"yoast-schema-graph\">{\"@context\":\"https:\/\/schema.org\",\"@graph\":[{\"@type\":\"WebPage\",\"@id\":\"https:\/\/xenonkungen.com\/dk\/vare\/forlangningskabel-60cm\/\",\"url\":\"https:\/\/xenonkungen.com\/dk\/vare\/forlangningskabel-60cm\/\",\"name\":\"F\u00f6rl\u00e4ngningskabel 60cm - Xenonkungen\",\"isPartOf\":{\"@id\":\"https:\/\/xenonkungen.com\/#website\"},\"primaryImageOfPage\":{\"@id\":\"https:\/\/xenonkungen.com\/dk\/vare\/forlangningskabel-60cm\/#primaryimage\"},\"image\":{\"@id\":\"https:\/\/xenonkungen.com\/dk\/vare\/forlangningskabel-60cm\/#primaryimage\"},\"thumbnailUrl\":\"https:\/\/xenonkungen.com\/wp-content\/uploads\/2025\/04\/1195902-origpic-8f823a.png\",\"datePublished\":\"2025-04-15T08:04:00+00:00\",\"dateModified\":\"2026-03-27T08:50:32+00:00\",\"breadcrumb\":{\"@id\":\"https:\/\/xenonkungen.com\/dk\/vare\/forlangningskabel-60cm\/#breadcrumb\"},\"inLanguage\":\"fi\",\"potentialAction\":[{\"@type\":\"ReadAction\",\"target\":[\"https:\/\/xenonkungen.com\/dk\/vare\/forlangningskabel-60cm\/\"]}]},{\"@type\":\"ImageObject\",\"inLanguage\":\"fi\",\"@id\":\"https:\/\/xenonkungen.com\/dk\/vare\/forlangningskabel-60cm\/#primaryimage\",\"url\":\"https:\/\/xenonkungen.com\/wp-content\/uploads\/2025\/04\/1195902-origpic-8f823a.png\",\"contentUrl\":\"https:\/\/xenonkungen.com\/wp-content\/uploads\/2025\/04\/1195902-origpic-8f823a.png\",\"width\":1000,\"height\":1000},{\"@type\":\"BreadcrumbList\",\"@id\":\"https:\/\/xenonkungen.com\/dk\/vare\/forlangningskabel-60cm\/#breadcrumb\",\"itemListElement\":[{\"@type\":\"ListItem\",\"position\":1,\"name\":\"Hem\",\"item\":\"https:\/\/xenonkungen.com\/\"},{\"@type\":\"ListItem\",\"position\":2,\"name\":\"Shop\",\"item\":\"https:\/\/xenonkungen.com\/shop\/\"},{\"@type\":\"ListItem\",\"position\":3,\"name\":\"F\u00f6rl\u00e4ngningskabel 60cm\"}]},{\"@type\":\"WebSite\",\"@id\":\"https:\/\/xenonkungen.com\/#website\",\"url\":\"https:\/\/xenonkungen.com\/\",\"name\":\"Xenonkungen\",\"description\":\"\",\"potentialAction\":[{\"@type\":\"SearchAction\",\"target\":{\"@type\":\"EntryPoint\",\"urlTemplate\":\"https:\/\/xenonkungen.com\/?s={search_term_string}\"},\"query-input\":{\"@type\":\"PropertyValueSpecification\",\"valueRequired\":true,\"valueName\":\"search_term_string\"}}],\"inLanguage\":\"fi\"}]}<\/script>\n<!-- \/ Yoast SEO plugin. -->","yoast_head_json":{"title":"Jatkojohto 60 cm - Xenonkungen","robots":{"index":"index","follow":"follow","max-snippet":"max-snippet:-1","max-image-preview":"max-image-preview:large","max-video-preview":"max-video-preview:-1"},"canonical":"https:\/\/xenonkungen.com\/fi\/tuote\/jatkojohto-60-cm\/","og_locale":"fi_FI","og_type":"article","og_title":"F\u00f6rl\u00e4ngningskabel 60cm - Xenonkungen","og_description":"60cm f\u00f6rl\u00e4ngningskabel till extraljus F\u00f6rl\u00e4ngningskabel med AMP kontakter. Om du ska montera xenon i extraljus kan du beh\u00f6va dessa f\u00f6rl\u00e4ngningar p\u00e5 ca 60cm s\u00e5 att drivdonen s\u00e4kert kan monteras skyddade inne i motorrummet. Obs! V\u00e4lj alltid kortast m\u00f6jliga f\u00f6rl\u00e4ngning av h\u00f6gsp\u00e4nningskabel mellan ballast och xenonlampa. Ju l\u00e4ngre kabel desto h\u00f6gre risk f\u00f6r komplikationer. M\u00e4t upp [&hellip;]","og_url":"https:\/\/xenonkungen.com\/fi\/tuote\/jatkojohto-60-cm\/","og_site_name":"Xenonkungen","article_modified_time":"2026-03-27T08:50:32+00:00","og_image":[{"width":1000,"height":1000,"url":"https:\/\/xenonkungen.com\/wp-content\/uploads\/2025\/04\/1195902-origpic-8f823a.png","type":"image\/png"}],"twitter_card":"summary_large_image","twitter_misc":{"Arvioitu lukuaika":"1 minuutti"},"schema":{"@context":"https:\/\/schema.org","@graph":[{"@type":"WebPage","@id":"https:\/\/xenonkungen.com\/dk\/vare\/forlangningskabel-60cm\/","url":"https:\/\/xenonkungen.com\/dk\/vare\/forlangningskabel-60cm\/","name":"Jatkojohto 60 cm - Xenonkungen","isPartOf":{"@id":"https:\/\/xenonkungen.com\/#website"},"primaryImageOfPage":{"@id":"https:\/\/xenonkungen.com\/dk\/vare\/forlangningskabel-60cm\/#primaryimage"},"image":{"@id":"https:\/\/xenonkungen.com\/dk\/vare\/forlangningskabel-60cm\/#primaryimage"},"thumbnailUrl":"https:\/\/xenonkungen.com\/wp-content\/uploads\/2025\/04\/1195902-origpic-8f823a.png","datePublished":"2025-04-15T08:04:00+00:00","dateModified":"2026-03-27T08:50:32+00:00","breadcrumb":{"@id":"https:\/\/xenonkungen.com\/dk\/vare\/forlangningskabel-60cm\/#breadcrumb"},"inLanguage":"fi","potentialAction":[{"@type":"ReadAction","target":["https:\/\/xenonkungen.com\/dk\/vare\/forlangningskabel-60cm\/"]}]},{"@type":"ImageObject","inLanguage":"fi","@id":"https:\/\/xenonkungen.com\/dk\/vare\/forlangningskabel-60cm\/#primaryimage","url":"https:\/\/xenonkungen.com\/wp-content\/uploads\/2025\/04\/1195902-origpic-8f823a.png","contentUrl":"https:\/\/xenonkungen.com\/wp-content\/uploads\/2025\/04\/1195902-origpic-8f823a.png","width":1000,"height":1000},{"@type":"BreadcrumbList","@id":"https:\/\/xenonkungen.com\/dk\/vare\/forlangningskabel-60cm\/#breadcrumb","itemListElement":[{"@type":"ListItem","position":1,"name":"Hem","item":"https:\/\/xenonkungen.com\/"},{"@type":"ListItem","position":2,"name":"Shop","item":"https:\/\/xenonkungen.com\/shop\/"},{"@type":"ListItem","position":3,"name":"F\u00f6rl\u00e4ngningskabel 60cm"}]},{"@type":"WebSite","@id":"https:\/\/xenonkungen.com\/#website","url":"https:\/\/xenonkungen.com\/","name":"Xenonkungen","description":"","potentialAction":[{"@type":"SearchAction","target":{"@type":"EntryPoint","urlTemplate":"https:\/\/xenonkungen.com\/?s={search_term_string}"},"query-input":{"@type":"PropertyValueSpecification","valueRequired":true,"valueName":"search_term_string"}}],"inLanguage":"fi"}]}},"taxonomy_info":{"product_cat":[{"value":2841,"label":"Installation extraljus"},{"value":2492,"label":"Rel\u00e4sats"},{"value":390,"label":"Installation"}],"pa_lampsockel-kontakt":[{"value":478,"label":"AMP"}]},"featured_image_src_large":["https:\/\/xenonkungen.com\/wp-content\/uploads\/2025\/04\/1195902-origpic-8f823a.png",1000,1000,false],"author_info":[],"comment_info":0,"_links":{"self":[{"href":"https:\/\/xenonkungen.com\/fi\/wp-json\/wp\/v2\/product\/1459","targetHints":{"allow":["GET"]}}],"collection":[{"href":"https:\/\/xenonkungen.com\/fi\/wp-json\/wp\/v2\/product"}],"about":[{"href":"https:\/\/xenonkungen.com\/fi\/wp-json\/wp\/v2\/types\/product"}],"replies":[{"embeddable":true,"href":"https:\/\/xenonkungen.com\/fi\/wp-json\/wp\/v2\/comments?post=1459"}],"wp:featuredmedia":[{"embeddable":true,"href":"https:\/\/xenonkungen.com\/fi\/wp-json\/wp\/v2\/media\/1460"}],"wp:attachment":[{"href":"https:\/\/xenonkungen.com\/fi\/wp-json\/wp\/v2\/media?parent=1459"}],"wp:term":[{"taxonomy":"anvandningsomrade","embeddable":true,"href":"https:\/\/xenonkungen.com\/fi\/wp-json\/wp\/v2\/anvandningsomrade?post=1459"},{"taxonomy":"bilmarken","embeddable":true,"href":"https:\/\/xenonkungen.com\/fi\/wp-json\/wp\/v2\/bilmarken?post=1459"},{"taxonomy":"product_brand","embeddable":true,"href":"https:\/\/xenonkungen.com\/fi\/wp-json\/wp\/v2\/product_brand?post=1459"},{"taxonomy":"product_cat","embeddable":true,"href":"https:\/\/xenonkungen.com\/fi\/wp-json\/wp\/v2\/product_cat?post=1459"},{"taxonomy":"product_tag","embeddable":true,"href":"https:\/\/xenonkungen.com\/fi\/wp-json\/wp\/v2\/product_tag?post=1459"}],"curies":[{"name":"wp","href":"https:\/\/api.w.org\/{rel}","templated":true}]}}